{"id":7844,"date":"2024-02-16T11:17:04","date_gmt":"2024-02-16T11:17:04","guid":{"rendered":"https:\/\/sitechecker.pro\/?page_id=7844"},"modified":"2026-01-16T18:54:47","modified_gmt":"2026-01-16T18:54:47","slug":"domain-to-ip","status":"publish","type":"page","link":"https:\/\/sitechecker.pro\/pt\/domain-to-ip\/","title":{"rendered":"Conversor Dom\u00ednio para IP | Converter URL do site em endere\u00e7o IP \u2611"},"content":{"rendered":"<p><\/p>\n<h2 id=\"par1\">O que \u00e9 o conversor de nome de dom\u00ednio para endere\u00e7o IP?<\/h2>\n<p>O Conversor de URL para Endere\u00e7o IP da <a href=\"https:\/\/sitechecker.pro\/\" target=\"_blank\" rel=\"noopener noreferrer\">Sitechecker<\/a> \u00e9 uma ferramenta que identifica o endere\u00e7o IP de qualquer nome de dom\u00ednio. Ao inserir a URL de um dom\u00ednio, a ferramenta resolve o seu IP de hospedagem, ajudando voc\u00ea a entender onde o site est\u00e1 hospedado, como est\u00e1 configurado e permitindo verifica\u00e7\u00f5es t\u00e9cnicas e de seguran\u00e7a mais profundas.<\/p>\n<h3>Como a ferramenta pode ajudar voc\u00ea<\/h3>\n<p><strong>Convers\u00e3o de dom\u00ednio para IP: <\/strong>resolve instantaneamente o endere\u00e7o IP associado a qualquer dom\u00ednio para mostrar onde o site est\u00e1 hospedado.<\/p>\n<p><strong>Confirma\u00e7\u00e3o de propriedade do site: <\/strong>ajuda a verificar se o site pertence a voc\u00ea e direciona para o fluxo correto \u2013 dados detalhados do dom\u00ednio para o seu pr\u00f3prio site ou um relat\u00f3rio de seguran\u00e7a para sites externos.<\/p>\n<p><strong>Verifica\u00e7\u00e3o b\u00e1sica de seguran\u00e7a e configura\u00e7\u00e3o do servidor: <\/strong>identifica problemas na configura\u00e7\u00e3o do servidor, poss\u00edveis vulnerabilidades e fornece acesso a uma <a href=\"https:\/\/sitechecker.pro\/website-safety\/\" target=\"_blank\" rel=\"noopener noreferrer\">an\u00e1lise de seguran\u00e7a<\/a> mais aprofundada.<\/p>\n<h3>Principais recursos da ferramenta<\/h3>\n<p><strong>Painel unificado: <\/strong>oferece um painel centralizado que fornece uma vis\u00e3o completa do desempenho de SEO do seu site. Esse painel agrega dados de v\u00e1rias an\u00e1lises e do <a href=\"https:\/\/sitechecker.pro\/website-monitoring\/\" target=\"_blank\" rel=\"noopener noreferrer\">monitoramento de SEO<\/a>, apresentando tudo de forma clara e f\u00e1cil de entender.<\/p>\n<p><strong>Interface f\u00e1cil de usar: <\/strong>projetada com foco na experi\u00eancia do usu\u00e1rio, com uma interface intuitiva que torna a navega\u00e7\u00e3o e a opera\u00e7\u00e3o simples e fluidas.<\/p>\n<p><strong>Conjunto completo de ferramentas de SEO: <\/strong>fornece uma su\u00edte completa de ferramentas de SEO que cobrem todos os aspectos da otimiza\u00e7\u00e3o de sites.<\/p>\n<h2 id=\"par2\">Como usar a ferramenta<\/h2>\n<p>Depois de acessar a p\u00e1gina do Website IP Checker, voc\u00ea ver\u00e1 um campo onde pode inserir o nome de dom\u00ednio que deseja converter. Digite o nome de dom\u00ednio nesse campo.<\/p>\n<p>Ap\u00f3s inserir o nome de dom\u00ednio, clique em \u201cFind IP\u201d.<\/p>\n<div class=\"content__img-wrap\"><img src=\"https:\/\/sitechecker.pro\/wp-content\/uploads\/2025\/12\/domain-to-ip-converter.png\" alt=\"Domain Name to IP Address converter\" class=\"description-img description-img-zoom\" loading=\"lazy\" ><\/div>\n<p>Em seguida, voc\u00ea ser\u00e1 perguntado se o site pertence a voc\u00ea ou n\u00e3o. Escolha \u201cYes, it\u2019s mine\u201d se quiser uma an\u00e1lise completa de seguran\u00e7a e uma auditoria do site, ou selecione \u201cNo, it\u2019s not\u201d para visualizar o relat\u00f3rio de um site externo.<\/p>\n<div class=\"content__img-wrap\"><img src=\"https:\/\/sitechecker.pro\/wp-content\/uploads\/2025\/12\/is-it-your-own-site.png\" alt=\"Is it your own website?\" class=\"description-img description-img-zoom\" loading=\"lazy\" ><\/div>\n<h2 id=\"par3\">Conversor de dom\u00ednio para IP do seu pr\u00f3prio site<\/h2>\n<h3>Passo 1: Escolha a inspe\u00e7\u00e3o do seu pr\u00f3prio site<\/h3>\n<div class=\"content__img-wrap\"><img src=\"https:\/\/sitechecker.pro\/wp-content\/uploads\/2025\/12\/my-site.png\" alt=\"It is my own website\" class=\"description-img description-img-zoom\" loading=\"lazy\" ><\/div>\n<h3>Passo 2: Obter os resultados<\/h3>\n<p>Depois de selecionar que o site pertence a voc\u00ea, voc\u00ea ser\u00e1 levado \u00e0 visualiza\u00e7\u00e3o de Domain Info dentro do seu primeiro projeto. L\u00e1 voc\u00ea ver\u00e1 dados detalhados de hospedagem, incluindo o endere\u00e7o IP do site, a localiza\u00e7\u00e3o do servidor, o pa\u00eds, a organiza\u00e7\u00e3o e outros par\u00e2metros t\u00e9cnicos em n\u00edvel de dom\u00ednio.<\/p>\n<p>Essas informa\u00e7\u00f5es ajudam voc\u00ea a entender onde o seu site est\u00e1 hospedado e como sua infraestrutura est\u00e1 configurada.<\/p>\n<div class=\"content__img-wrap\"><img src=\"https:\/\/sitechecker.pro\/wp-content\/uploads\/2025\/12\/where-is-site-hosted-ip-adress.png\" alt=\"Where is site hosted, IP adress\" class=\"description-img description-img-zoom\" loading=\"lazy\" ><\/div>\n<div class=\"important-block\">Para receber os resultados e ter acesso aos recursos da Sitechecker por 14 dias, inicie seu teste GRATUITO. O cadastro \u00e9 simples com e-mail, Google ou Facebook. N\u00e3o \u00e9 necess\u00e1rio cart\u00e3o de cr\u00e9dito.<\/div>\n<h3>Recursos adicionais da verifica\u00e7\u00e3o de dom\u00ednio para IP<\/h3>\n<p>Al\u00e9m de identificar o endere\u00e7o IP e a localiza\u00e7\u00e3o de hospedagem do site, a ferramenta oferece acesso a uma vis\u00e3o geral completa dos problemas de seguran\u00e7a dentro do m\u00f3dulo Site Audit. Esta se\u00e7\u00e3o destaca vulnerabilidades relacionadas a HTTPS, configura\u00e7\u00e3o do servidor, conte\u00fado misto, prote\u00e7\u00e3o contra XSS e clickjacking, validade do SSL e outros fatores que podem expor o seu site a riscos.<\/p>\n<div class=\"content__img-wrap\"><img src=\"https:\/\/sitechecker.pro\/wp-content\/uploads\/2025\/12\/site-audit-security-issues.png\" alt=\"Site audit security issues\" class=\"description-img description-img-zoom\" loading=\"lazy\" ><\/div>\n<p>Voc\u00ea pode revisar cada problema em detalhes, entender seu impacto e obter recomenda\u00e7\u00f5es sobre como corrigi-lo para manter seu site seguro e em conformidade.<\/p>\n<h2 id=\"par4\">Conversor de dom\u00ednio para IP de outro site<\/h2>\n<h3>Passo 1: Selecione que voc\u00ea est\u00e1 verificando o site de outra pessoa<\/h3>\n<div class=\"content__img-wrap\"><img src=\"https:\/\/sitechecker.pro\/wp-content\/uploads\/2025\/12\/not-my-site.png\" alt=\"It is not my own website?\" class=\"description-img description-img-zoom\" loading=\"lazy\" ><\/div>\n<h3>Passo 2: Obter os resultados<\/h3>\n<p>Voc\u00ea ser\u00e1 redirecionado para o Relat\u00f3rio de Seguran\u00e7a do Site do dom\u00ednio que est\u00e1 verificando. O relat\u00f3rio mostra o endere\u00e7o IP do site, a localiza\u00e7\u00e3o do servidor (incluindo pa\u00eds, regi\u00e3o e cidade) e a <a href=\"https:\/\/sitechecker.pro\/hosting-checker\/\" target=\"_blank\" rel=\"noopener noreferrer\">organiza\u00e7\u00e3o de hospedagem<\/a>.<\/p>\n<div class=\"content__img-wrap\"><img src=\"https:\/\/sitechecker.pro\/wp-content\/uploads\/2025\/12\/website-safety-report-ip-adress.png\" alt=\"Website safety report, IP adress\" class=\"description-img description-img-zoom\" loading=\"lazy\" ><\/div>\n<p>Cadastre-se para receber os achados de seguran\u00e7a, incluindo <a href=\"https:\/\/sitechecker.pro\/site-audit-issues\/https-http-mixed-content\/\" target=\"_blank\" rel=\"noopener noreferrer\">conte\u00fado misto<\/a>, links HTTP ou a aus\u00eancia de <a href=\"https:\/\/sitechecker.pro\/http-header-checker\/\" target=\"_blank\" rel=\"noopener noreferrer\">cabe\u00e7alhos de prote\u00e7\u00e3o<\/a>.<\/p>\n<h2 id=\"par5\">Ideia final<\/h2>\n<p>O Conversor de Dom\u00ednio para IP \u00e9 uma ferramenta simples, mas poderosa, para descobrir onde qualquer site est\u00e1 hospedado e como sua infraestrutura est\u00e1 configurada. Seja para verificar seu pr\u00f3prio site ou analisar um dom\u00ednio externo, a ferramenta fornece dados de hospedagem precisos, informa\u00e7\u00f5es de IP e insights essenciais de seguran\u00e7a. Para propriet\u00e1rios de sites, ela libera uma auditoria t\u00e9cnica e de SEO mais profunda que ajuda a melhorar o desempenho, a seguran\u00e7a e a confiabilidade.<\/p>\n<p>Para sites externos, ela oferece uma vis\u00e3o r\u00e1pida de seguran\u00e7a com a op\u00e7\u00e3o de explorar os problemas com mais detalhes.<\/p>\n<div id=\"par6\"><\/div>\n<p><div class=\"front__faq-block\"><div class=\"faq__block-title\">FAQ<\/div><div class=\"panel-group\" id=\"faq-accordion\" itemscope itemtype=\"https:\/\/schema.org\/FAQPage\" role=\"tablist\" aria-multiselectable=\"true\"><div class=\"panel\" itemscope itemtype=\"https:\/\/schema.org\/Question\" itemprop=\"mainEntity\">\n                            <div class=\"panel-heading\" id=\"headingFaq-1\">\n                                <div class=\"panel-title\" data-toggle=\"collapse\" aria-expanded=\"false\" href=\"#collapseFaq-1\">\n                                    <h3 itemprop=\"name\">A ferramenta Conversor de Site para IP pode identificar todos os tipos de endere\u00e7os de Protocolo de Internet?<\/h3>\n                                <\/div>\n                            <\/div>\n                            <div id=\"collapseFaq-1\" class=\"panel-collapse collapse\" itemprop=\"acceptedAnswer\" itemscope itemtype=\"http:\/\/schema.org\/Answer\">\n                                <div class=\"panel-body\" itemprop=\"text\">A ferramenta foi projetada para identificar endere\u00e7os IPv4 e IPv6 associados a um site, cobrindo uma ampla variedade de tipos de endere\u00e7os IP.<\/div>\n                            <\/div>\n                        <\/div><div class=\"panel\" itemscope itemtype=\"https:\/\/schema.org\/Question\" itemprop=\"mainEntity\">\n                            <div class=\"panel-heading\" id=\"headingFaq-2\">\n                                <div class=\"panel-title\" data-toggle=\"collapse\" aria-expanded=\"false\" href=\"#collapseFaq-2\">\n                                    <h3 itemprop=\"name\">Qu\u00e3o precisas s\u00e3o as informa\u00e7\u00f5es de geolocaliza\u00e7\u00e3o fornecidas pelo Conversor de Dom\u00ednio para IP?<\/h3>\n                                <\/div>\n                            <\/div>\n                            <div id=\"collapseFaq-2\" class=\"panel-collapse collapse\" itemprop=\"acceptedAnswer\" itemscope itemtype=\"http:\/\/schema.org\/Answer\">\n                                <div class=\"panel-body\" itemprop=\"text\">As informa\u00e7\u00f5es de geolocaliza\u00e7\u00e3o geralmente s\u00e3o precisas, mas podem variar dependendo da exatid\u00e3o do banco de dados de IP utilizado pela ferramenta. Elas fornecem uma boa aproxima\u00e7\u00e3o da localiza\u00e7\u00e3o f\u00edsica do servidor.<\/div>\n                            <\/div>\n                        <\/div><div class=\"panel\" itemscope itemtype=\"https:\/\/schema.org\/Question\" itemprop=\"mainEntity\">\n                            <div class=\"panel-heading\" id=\"headingFaq-3\">\n                                <div class=\"panel-title\" data-toggle=\"collapse\" aria-expanded=\"false\" href=\"#collapseFaq-3\">\n                                    <h3 itemprop=\"name\">Qu\u00e3o atualizados s\u00e3o os dados fornecidos pelo Conversor de Site para IP?<\/h3>\n                                <\/div>\n                            <\/div>\n                            <div id=\"collapseFaq-3\" class=\"panel-collapse collapse\" itemprop=\"acceptedAnswer\" itemscope itemtype=\"http:\/\/schema.org\/Answer\">\n                                <div class=\"panel-body\" itemprop=\"text\">A ferramenta fornece informa\u00e7\u00f5es atualizadas com base nos dados mais recentes dispon\u00edveis. No entanto, a atualidade dos dados depende da frequ\u00eancia de atualiza\u00e7\u00e3o dos bancos de dados de endere\u00e7os IP e de geolocaliza\u00e7\u00e3o utilizados.<\/div>\n                            <\/div>\n                        <\/div><div class=\"panel\" itemscope itemtype=\"https:\/\/schema.org\/Question\" itemprop=\"mainEntity\">\n                            <div class=\"panel-heading\" id=\"headingFaq-4\">\n                                <div class=\"panel-title\" data-toggle=\"collapse\" aria-expanded=\"false\" href=\"#collapseFaq-4\">\n                                    <h3 itemprop=\"name\">Posso usar o Conversor de Dom\u00ednio para IP para fins de an\u00e1lise de seguran\u00e7a?<\/h3>\n                                <\/div>\n                            <\/div>\n                            <div id=\"collapseFaq-4\" class=\"panel-collapse collapse\" itemprop=\"acceptedAnswer\" itemscope itemtype=\"http:\/\/schema.org\/Answer\">\n                                <div class=\"panel-body\" itemprop=\"text\">Sim, a ferramenta pode ser usada para uma an\u00e1lise de seguran\u00e7a preliminar, como identificar a localiza\u00e7\u00e3o geogr\u00e1fica de um servidor, o que pode ajudar a avaliar poss\u00edveis riscos de seguran\u00e7a ou investigar sites suspeitos.<\/div>\n                            <\/div>\n                        <\/div><\/div><\/div><\/p>","protected":false},"excerpt":{"rendered":"O que \u00e9 o conversor de nome de dom\u00ednio para endere\u00e7o IP? O Conversor de URL para Endere\u00e7o IP da Sitechecker \u00e9 uma ferramenta que identifica o endere\u00e7o IP de qualquer nome de dom\u00ednio. Ao inserir a URL de um dom\u00ednio, a ferramenta resolve o seu IP de hospedagem, ajudando voc\u00ea a entender onde o&#8230;","protected":false},"author":10409641,"featured_media":7907,"parent":0,"menu_order":0,"comment_status":"closed","ping_status":"closed","template":"pages-templates\/pages-minitools-3.php","meta":[],"categories":[73],"tags":[],"_links":{"self":[{"href":"https:\/\/sitechecker.pro\/pt\/wp-json\/wp\/v2\/pages\/7844"}],"collection":[{"href":"https:\/\/sitechecker.pro\/pt\/wp-json\/wp\/v2\/pages"}],"about":[{"href":"https:\/\/sitechecker.pro\/pt\/wp-json\/wp\/v2\/types\/page"}],"author":[{"embeddable":true,"href":"https:\/\/sitechecker.pro\/pt\/wp-json\/wp\/v2\/users\/10409641"}],"replies":[{"embeddable":true,"href":"https:\/\/sitechecker.pro\/pt\/wp-json\/wp\/v2\/comments?post=7844"}],"version-history":[{"count":42,"href":"https:\/\/sitechecker.pro\/pt\/wp-json\/wp\/v2\/pages\/7844\/revisions"}],"predecessor-version":[{"id":39196,"href":"https:\/\/sitechecker.pro\/pt\/wp-json\/wp\/v2\/pages\/7844\/revisions\/39196"}],"wp:featuredmedia":[{"embeddable":true,"href":"https:\/\/sitechecker.pro\/pt\/wp-json\/wp\/v2\/media\/7907"}],"wp:attachment":[{"href":"https:\/\/sitechecker.pro\/pt\/wp-json\/wp\/v2\/media?parent=7844"}],"wp:term":[{"taxonomy":"category","embeddable":true,"href":"https:\/\/sitechecker.pro\/pt\/wp-json\/wp\/v2\/categories?post=7844"},{"taxonomy":"post_tag","embeddable":true,"href":"https:\/\/sitechecker.pro\/pt\/wp-json\/wp\/v2\/tags?post=7844"}],"curies":[{"name":"wp","href":"https:\/\/api.w.org\/{rel}","templated":true}]}}