{"id":763,"date":"2017-12-14T16:06:09","date_gmt":"2017-12-14T16:06:09","guid":{"rendered":"https:\/\/sitechecker.pro\/?page_id=763"},"modified":"2026-02-18T15:56:52","modified_gmt":"2026-02-18T15:56:52","slug":"robots-txt-tester-use-online-free-tool-for-seo-sitechecker","status":"publish","type":"page","link":"https:\/\/sitechecker.pro\/pt\/robots-tester\/","title":{"rendered":"Verificador de Robots.txt | Validar Robots para problemas e corrigi-los \u2611"},"content":{"rendered":"<p><\/p>\n<h2 id=\"par1\">O que \u00e9 o Robots.txt Tester?<\/h2>\n<p>A ferramenta Robots.txt Tester do <a href=\"https:\/\/sitechecker.pro\/\" rel=\"noopener noreferrer\" target=\"_blank\">Sitechecker<\/a> foi concebida para validar o ficheiro <a href=\"https:\/\/sitechecker.pro\/meta-robots-tag\/\" rel=\"noopener noreferrer\" bots.txt<\/a> de um site, garantindo que os <a href=\"https:\/\/sitechecker.pro\/google-bot\/\" rel=\"noopener noreferrer\" target=\"_blank\">bots de motores de busca<\/a> compreendem quais as p\u00e1ginas que devem ser indexadas ou ignoradas. Isto facilita a gest\u00e3o eficiente da <a href=\"https:\/\/sitechecker.pro\/what-is-website-visibility\/\" rel=\"noopener noreferrer\" target=\"_blank\">visibilidade<\/a> de um website nos resultados de pesquisa. A ferramenta oferece verifica\u00e7\u00f5es abrangentes do website para identificar problemas de indexa\u00e7\u00e3o e tamb\u00e9m fornece verifica\u00e7\u00f5es espec\u00edficas da p\u00e1gina para determinar se uma p\u00e1gina est\u00e1 <a href=\"https:\/\/sitechecker.pro\/what-is-google-index\/\" rel=\"noopener noreferrer\" target=\"_blank\">indexada<\/a>. Isto aumenta a precis\u00e3o da indexa\u00e7\u00e3o do motor de busca ao identificar e corrigir rapidamente quaisquer erros nas defini\u00e7\u00f5es do ficheiro robots.txt.<\/p>\n<h3>Como \u00e9 que a ferramenta o pode ajudar?<\/h3>\n<p><strong>Valida\u00e7\u00e3o do ficheiro Robots.txt:<\/strong> verifica a exatid\u00e3o do ficheiro robots.txt de um website, garantindo que este direciona com precis\u00e3o os rob\u00f4s dos motores de busca.<\/p>\n<p><strong>Verifica\u00e7\u00f5es espec\u00edficas de p\u00e1gina:<\/strong> oferece a capacidade de verificar se as p\u00e1ginas individuais est\u00e3o indexadas corretamente ou n\u00e3o, permitindo a resolu\u00e7\u00e3o de problemas direcionada.<\/p>\n<p><strong>Identifica\u00e7\u00e3o de problemas de indexa\u00e7\u00e3o:<\/strong> fornece verifica\u00e7\u00f5es abrangentes para detetar quaisquer problemas de indexa\u00e7\u00e3o em todo o website.<\/p>\n<h3>Principais funcionalidades da ferramenta<\/h3>\n<p> <strong>Painel unificado:<\/strong>oferece uma vis\u00e3o geral abrangente das m\u00e9tricas de SEO para uma f\u00e1cil monitoriza\u00e7\u00e3o.<\/p>\n<p><strong>Interface de f\u00e1cil utiliza\u00e7\u00e3o:<\/strong> concebida para uma navega\u00e7\u00e3o intuitiva e facilidade de utiliza\u00e7\u00e3o.<\/p>\n<p><strong>Conjunto completo de ferramentas de SEO:<\/strong> fornece uma vasta gama de ferramentas para otimizar o desempenho do website nos motores de busca.<\/p>\n<h2 id=\"par2\">Como utilizar a ferramenta<\/h2>\n<p>A ferramenta oferece dois tipos de digitaliza\u00e7\u00e3o online: site inteiro e p\u00e1gina individual. Basta selecionar a op\u00e7\u00e3o do seu interesse e iniciar a digitaliza\u00e7\u00e3o.<\/p>\n<div class=\"content__img-wrap\"><img src=\"https:\/\/sitechecker.pro\/wp-content\/uploads\/2024\/08\/choose-audit-option.png\" alt=\"Choose Audit Option\" class=\"description-img description-img-zoom\" loading=\"lazy\" ><\/div>\n<h2 id=\"par3\">Teste do ficheiro Robots.txt do site<\/h2>\n<p>Para verificar as defini\u00e7\u00f5es do rob\u00f4 do seu site e descobrir quaisquer problemas de indexa\u00e7\u00e3o, basta selecionar a op\u00e7\u00e3o de inspe\u00e7\u00e3o do site. Em minutos, receber\u00e1 um relat\u00f3rio completo.<\/p>\n<h3>Passo 1: Escolha a verifica\u00e7\u00e3o do site<\/h3>\n<div class=\"content__img-wrap\"><img src=\"https:\/\/sitechecker.pro\/wp-content\/uploads\/2025\/02\/check-robots-site.png\" alt=\"Verificar robots.txt para Site\" class=\"description-img description-img-zoom\" loading=\"lazy\" ><\/div>\n<div class=\"important-block\">Para receber resultados e aceder \u00e0s funcionalidades do Sitechecker durante 14 dias, inicie o seu teste GRATUITO. \u00c9 f\u00e1cil registar-se com o seu e-mail, conta Google ou Facebook. N\u00e3o \u00e9 necess\u00e1rio cart\u00e3o de cr\u00e9dito.<\/div>\n<h3>Passo 2: Obter os resultados<\/h3>\n<p>O Robots.txt Analyser para avaliar a configura\u00e7\u00e3o do ficheiro de diretivas do servidor, fornece dados valiosos sobre a forma como as diretivas do site influenciam a indexa\u00e7\u00e3o do motor de busca. O relat\u00f3rio inclui a identifica\u00e7\u00e3o de p\u00e1ginas bloqueadas para rastreio, diretivas espec\u00edficas como &#8216;noindex&#8217; e &#8216;nofollow&#8217; e quaisquer atrasos de rastreio definidos para os rob\u00f4s dos motores de busca. Isto ajuda a garantir que o ficheiro de pol\u00edtica de rastreio do website est\u00e1 a facilitar a visibilidade ideal do website e a acessibilidade do motor de busca.<\/p>\n<div class=\"content__img-wrap\"><img src=\"https:\/\/sitechecker.pro\/wp-content\/uploads\/2024\/08\/indexability-issues.png\" alt=\"Problemas de indexabilidade\" class=\"description-img description-img-zoom\" loading=\"lazy\" ><\/div>\n<h3>Recursos adicionais<\/h3>\n<p>O Robots.txt Checker oferece uma an\u00e1lise abrangente da sa\u00fade SEO de um website. Identifica problemas cr\u00edticos, avisos, oportunidades de melhoria e avisos gerais. S\u00e3o fornecidos insights detalhados sobre a relev\u00e2ncia do conte\u00fado, integridade do link, velocidade da p\u00e1gina e indexabilidade. A auditoria categoriza as p\u00e1ginas afetadas, permitindo aos utilizadores priorizar as otimiza\u00e7\u00f5es para uma melhor visibilidade nos motores de busca. Esta funcionalidade complementa o Verificador Robots.txt, garantindo que elementos mais amplos de SEO tamb\u00e9m s\u00e3o abordados.<\/p>\n<div class=\"content__img-wrap\"><img src=\"https:\/\/sitechecker.pro\/wp-content\/uploads\/2024\/08\/site-audit-issues-list.png\" alt=\"Lista de problemas de auditoria do site\" class=\"description-img description-img-zoom\" loading=\"lazy\" ><\/div>\n<h2 id=\"par4\">Teste Robots.txt para uma p\u00e1gina espec\u00edfica<\/h2>\n<h3>Passo 1: iniciar uma verifica\u00e7\u00e3o para uma p\u00e1gina espec\u00edfica<\/h3>\n<div class=\"content__img-wrap\"><img src=\"https:\/\/sitechecker.pro\/wp-content\/uploads\/2025\/02\/check-robots-page.png\" alt=\"Verificar robots.txt para P\u00e1gina\" class=\"description-img description-img-zoom\" loading=\"lazy\" ><\/div>\n<h3>Passo 2: obter os resultados<\/h3>\n<p>O testador Robots.txt para uma p\u00e1gina espec\u00edfica fornece informa\u00e7\u00f5es cr\u00edticas sobre a forma como os motores de busca interpretam as diretivas robots.txt para essa p\u00e1gina. Analisa a meta tag robots e a X-Robots-Tag para confirmar se a p\u00e1gina est\u00e1 aberta para indexa\u00e7\u00e3o. Al\u00e9m disso, verifica se o rastreio \u00e9 permitido pelo ficheiro de pol\u00edtica de rastreio do site e verifica a presen\u00e7a de tags &#8216;noindex&#8217; que podem impedir a indexa\u00e7\u00e3o. Esta avalia\u00e7\u00e3o focada garante que cada p\u00e1gina est\u00e1 configurada corretamente para ser acess\u00edvel aos rob\u00f4s dos motores de busca.<\/p>\n<div class=\"content__img-wrap\"><img src=\"https:\/\/sitechecker.pro\/wp-content\/uploads\/2024\/08\/on-page-seo-checker-indexation.png\" alt=\"Indexa\u00e7\u00e3o do On Page SEO Checker\" class=\"description-img description-img-zoom\" loading=\"lazy\" ><\/div>\n<p>Para obter uma compreens\u00e3o abrangente das diretivas robots.txt do seu website, \u00e9 melhor realizar uma auditoria completa do website. Isto revelar\u00e1 quaisquer problemas de indexa\u00e7\u00e3o no seu site. Para iniciar a auditoria, basta clicar no banner &#8220;Iniciar auditoria completa do site&#8221;. Uma vers\u00e3o de demonstra\u00e7\u00e3o da ferramenta pode ser acedida na sec\u00e7\u00e3o Auditoria do Site, permitindo experimentar as suas funcionalidades.<\/p>\n<div class=\"content__img-wrap\"><img src=\"https:\/\/sitechecker.pro\/wp-content\/uploads\/2024\/08\/run-full-website-audit.png\" alt=\"Executar auditoria completa do site\" class=\"description-img description-img-zoom\" loading=\"lazy\" ><\/div>\n<h3>Recursos adicionais<\/h3>\n<p>Al\u00e9m de testar o ficheiro de diretivas do servidor para uma p\u00e1gina espec\u00edfica, a auditoria t\u00e9cnica fornece informa\u00e7\u00f5es sobre a integridade da p\u00e1gina, como a pontua\u00e7\u00e3o do PageSpeed \u200b\u200bpara dispositivos m\u00f3veis, o c\u00f3digo de estado e o tamanho do HTML. Verifica se os comprimentos do t\u00edtulo e da descri\u00e7\u00e3o cumprem os padr\u00f5es recomendados e oferece uma visualiza\u00e7\u00e3o do Google para garantir que a p\u00e1gina est\u00e1 otimizada para os motores de busca. Esta an\u00e1lise ajuda a melhorar o SEO t\u00e9cnico da p\u00e1gina.<\/p>\n<div class=\"content__img-wrap\"><img src=\"https:\/\/sitechecker.pro\/wp-content\/uploads\/2024\/08\/issues-overview.png\" alt=\"Vis\u00e3o geral dos problemas\" class=\"description-img description-img-zoom\" loading=\"lazy\" ><\/div>\n<h2 id=\"par5\">Ideia final<\/h2>\n<p>O Robots.txt Tester \u00e9 uma ferramenta de diagn\u00f3stico SEO robusta que garante que o ficheiro de diretivas do servidor de um website est\u00e1 a direcionar os rob\u00f4s dos motores de busca corretamente. Oferece varreduras completas do site e de p\u00e1ginas espec\u00edficas, revelando quaisquer barreiras de indexa\u00e7\u00e3o. Os utilizadores beneficiam de uma interface de f\u00e1cil utiliza\u00e7\u00e3o, um amplo conjunto de ferramentas de SEO e um painel unificado para monitoriza\u00e7\u00e3o. As abrangentes capacidades de auditoria da ferramenta permitem a identifica\u00e7\u00e3o de uma vasta gama de problemas t\u00e9cnicos de SEO, incluindo a otimiza\u00e7\u00e3o do conte\u00fado e as m\u00e9tricas de sa\u00fade da p\u00e1gina, garantindo que cada p\u00e1gina est\u00e1 preparada para descoberta e classifica\u00e7\u00e3o nos motores de busca.<\/p>\n<div id=\"par6\"><\/div>\n<p><div class=\"front__faq-block\"><div class=\"faq__block-title\">FAQ<\/div><div class=\"panel-group\" id=\"faq-accordion\" itemscope itemtype=\"https:\/\/schema.org\/FAQPage\" role=\"tablist\" aria-multiselectable=\"true\"><div class=\"panel\" itemscope itemtype=\"https:\/\/schema.org\/Question\" itemprop=\"mainEntity\">\n                            <div class=\"panel-heading\" id=\"headingFaq-1\">\n                                <div class=\"panel-title\" data-toggle=\"collapse\" aria-expanded=\"false\" href=\"#collapseFaq-1\">\n                                    <h3 itemprop=\"name\">Porque \u00e9 que preciso de verificar o meu ficheiro Robots.txt?<\/h3>\n                                <\/div>\n                            <\/div>\n                            <div id=\"collapseFaq-1\" class=\"panel-collapse collapse\" itemprop=\"acceptedAnswer\" itemscope itemtype=\"http:\/\/schema.org\/Answer\">\n                                <div class=\"panel-body\" itemprop=\"text\">Robots.txt mostra aos motores de busca quais os URLs do seu site que podem rastrear e indexar, principalmente para evitar sobrecarregar o seu site com consultas. \u00c9 recomend\u00e1vel verificar se este ficheiro v\u00e1lido funciona corretamente.<\/div>\n                            <\/div>\n                        <\/div><div class=\"panel\" itemscope itemtype=\"https:\/\/schema.org\/Question\" itemprop=\"mainEntity\">\n                            <div class=\"panel-heading\" id=\"headingFaq-2\">\n                                <div class=\"panel-title\" data-toggle=\"collapse\" aria-expanded=\"false\" href=\"#collapseFaq-2\">\n                                    <h3 itemprop=\"name\">Violar um Robot\u2019s.txt \u00e9 ilegal?<\/h3>\n                                <\/div>\n                            <\/div>\n                            <div id=\"collapseFaq-2\" class=\"panel-collapse collapse\" itemprop=\"acceptedAnswer\" itemscope itemtype=\"http:\/\/schema.org\/Answer\">\n                                <div class=\"panel-body\" itemprop=\"text\">Hoje em dia, n\u00e3o existe nenhuma lei que diga que \u00e9 necess\u00e1rio seguir rigorosamente as instru\u00e7\u00f5es do ficheiro. Este n\u00e3o \u00e9 um contrato vinculativo entre motores de busca e sites.<\/div>\n                            <\/div>\n                        <\/div><div class=\"panel\" itemscope itemtype=\"https:\/\/schema.org\/Question\" itemprop=\"mainEntity\">\n                            <div class=\"panel-heading\" id=\"headingFaq-3\">\n                                <div class=\"panel-title\" data-toggle=\"collapse\" aria-expanded=\"false\" href=\"#collapseFaq-3\">\n                                    <h3 itemprop=\"name\">O que faz o Robots.txt?<\/h3>\n                                <\/div>\n                            <\/div>\n                            <div id=\"collapseFaq-3\" class=\"panel-collapse collapse\" itemprop=\"acceptedAnswer\" itemscope itemtype=\"http:\/\/schema.org\/Answer\">\n                                <div class=\"panel-body\" itemprop=\"text\">Robots.txt mostra aos agentes dos motores de busca quais as p\u00e1ginas do seu site que podem ser rastreadas e indexadas e quais as p\u00e1ginas que foram exclu\u00eddas da navega\u00e7\u00e3o. Permitir que os motores de busca rastreiem e indexem algumas p\u00e1ginas do seu site \u00e9 uma oportunidade para controlar a privacidade de algumas p\u00e1ginas. \u00c9 necess\u00e1rio para a otimiza\u00e7\u00e3o do motor de busca do seu site.<\/div>\n                            <\/div>\n                        <\/div><div class=\"panel\" itemscope itemtype=\"https:\/\/schema.org\/Question\" itemprop=\"mainEntity\">\n                            <div class=\"panel-heading\" id=\"headingFaq-4\">\n                                <div class=\"panel-title\" data-toggle=\"collapse\" aria-expanded=\"false\" href=\"#collapseFaq-4\">\n                                    <h3 itemprop=\"name\">O Robot.txt \u00e9 seguro?<\/h3>\n                                <\/div>\n                            <\/div>\n                            <div id=\"collapseFaq-4\" class=\"panel-collapse collapse\" itemprop=\"acceptedAnswer\" itemscope itemtype=\"http:\/\/schema.org\/Answer\">\n                                <div class=\"panel-body\" itemprop=\"text\">Um ficheiro robots.txt n\u00e3o ir\u00e1 comprometer a seguran\u00e7a do seu website, pelo que utiliz\u00e1-lo corretamente pode ser uma \u00f3tima forma de proteger p\u00e1ginas sens\u00edveis no seu website. No entanto, n\u00e3o espere que todos os rastreadores de motores de busca sigam as instru\u00e7\u00f5es deste ficheiro. Os utilizadores invasores poder\u00e3o desativar as instru\u00e7\u00f5es e digitalizar p\u00e1ginas proibidas.<\/div>\n                            <\/div>\n                        <\/div><\/div><\/div><\/p>","protected":false},"excerpt":{"rendered":"O que \u00e9 o Robots.txt Tester? A ferramenta Robots.txt Tester do Sitechecker foi concebida para validar o ficheiro","protected":false},"author":10409641,"featured_media":3355,"parent":0,"menu_order":0,"comment_status":"closed","ping_status":"closed","template":"pages-templates\/pages-minitools-3.php","meta":[],"categories":[73],"tags":[],"_links":{"self":[{"href":"https:\/\/sitechecker.pro\/pt\/wp-json\/wp\/v2\/pages\/763"}],"collection":[{"href":"https:\/\/sitechecker.pro\/pt\/wp-json\/wp\/v2\/pages"}],"about":[{"href":"https:\/\/sitechecker.pro\/pt\/wp-json\/wp\/v2\/types\/page"}],"author":[{"embeddable":true,"href":"https:\/\/sitechecker.pro\/pt\/wp-json\/wp\/v2\/users\/10409641"}],"replies":[{"embeddable":true,"href":"https:\/\/sitechecker.pro\/pt\/wp-json\/wp\/v2\/comments?post=763"}],"version-history":[{"count":132,"href":"https:\/\/sitechecker.pro\/pt\/wp-json\/wp\/v2\/pages\/763\/revisions"}],"predecessor-version":[{"id":39345,"href":"https:\/\/sitechecker.pro\/pt\/wp-json\/wp\/v2\/pages\/763\/revisions\/39345"}],"wp:featuredmedia":[{"embeddable":true,"href":"https:\/\/sitechecker.pro\/pt\/wp-json\/wp\/v2\/media\/3355"}],"wp:attachment":[{"href":"https:\/\/sitechecker.pro\/pt\/wp-json\/wp\/v2\/media?parent=763"}],"wp:term":[{"taxonomy":"category","embeddable":true,"href":"https:\/\/sitechecker.pro\/pt\/wp-json\/wp\/v2\/categories?post=763"},{"taxonomy":"post_tag","embeddable":true,"href":"https:\/\/sitechecker.pro\/pt\/wp-json\/wp\/v2\/tags?post=763"}],"curies":[{"name":"wp","href":"https:\/\/api.w.org\/{rel}","templated":true}]}}