{"id":7349,"date":"2019-06-11T12:48:26","date_gmt":"2019-06-11T12:48:26","guid":{"rendered":"https:\/\/sitechecker.pro\/?page_id=7349"},"modified":"2025-02-03T14:14:51","modified_gmt":"2025-02-03T14:14:51","slug":"website-down","status":"publish","type":"page","link":"https:\/\/sitechecker.pro\/pt\/website-down\/","title":{"rendered":"Fora do Ar? | O site est\u00e1 fora do ar para todos \u1408"},"content":{"rendered":"<p>Voc\u00ea est\u00e1 tentando acessar seu site e recebe a mensagem de que ele n\u00e3o est\u00e1 dispon\u00edvel. Voc\u00ea pode querer entrar em contato com seu provedor de hospedagem da web imediatamente. Mas ent\u00e3o as d\u00favidas come\u00e7am a surgir. Este site est\u00e1 fora do ar? Ou s\u00e3o apenas alguns problemas com o seu provedor de internet? Ou, talvez, algo est\u00e1 errado com seu computador\/smartphone? Existem diferentes raz\u00f5es pelas quais ele pode se tornar inacess\u00edvel para voc\u00ea.<\/p>\n<p>Ent\u00e3o o site est\u00e1 fora do ar de verdade? Uma maneira de descobrir \u00e9 eliminar todas as outras possibilidades, mas pode demorar um pouco. Outra maneira \u00e9 usar uma ferramenta especial, que informa exatamente o que voc\u00ea deseja saber. E n\u00f3s projetamos para voc\u00ea.<\/p>\n<h2 id=\"ik_Check\">Como verificar se um site est\u00e1 fora do ar?<\/h2>\n<p>&#8216;\u00c9 baixo para todos?&#8217; &#8211; essa \u00e9 a pergunta que voc\u00ea faz. Com a ajuda do nosso verificador de status do site, voc\u00ea pode testar sua disponibilidade gratuitamente. Isso \u00e9 muito f\u00e1cil! Insira o URL ou dom\u00ednio em que voc\u00ea est\u00e1 interessado.<\/p>\n<div class=\"content__img-wrap\"><img src=\"https:\/\/sitechecker.pro\/wp-content\/uploads\/2022\/01\/webside_down_1.png\" alt=\"ferramenta de verifica\u00e7\u00e3o de sites online para descobrir se o site est\u00e1 inativo\" class=\"description-img description-img-zoom\" loading=\"lazy\" ><\/div>\n<p>Agora voc\u00ea est\u00e1 pronto para pressionar &#8216;Iniciar teste&#8217;. Em quest\u00e3o de segundos, voc\u00ea receber\u00e1 um relat\u00f3rio com informa\u00e7\u00f5es detalhadas sobre o status do site.<\/p>\n<h2 id=\"ik_Results\">Os resultados que voc\u00ea obter\u00e1 com nosso verificador de status do site<\/h2>\n<p>Nosso servidor na \u00e1rea selecionada verificar\u00e1 se o site est\u00e1 fora do ar, tentando acess\u00e1-lo. A primeira linha do relat\u00f3rio informa se essa tentativa foi bem-sucedida ou n\u00e3o.<\/p>\n<p>Depois de tentar verificar a disponibilidade do site, nos aprofundamos nos detalhes t\u00e9cnicos. Voc\u00ea obt\u00e9m a captura de tela de uma p\u00e1gina de destino com um endere\u00e7o IP. Al\u00e9m disso, voc\u00ea descobre seu tempo de resposta. Se o seu site est\u00e1 ativo, mas demora muito para carregar, pode ser t\u00e3o bom quanto inativo para muitos usu\u00e1rios. Quase metade deles espera que seu site carregue em at\u00e9 2 segundos. Se o tempo de carregamento for de 3 segundos &#8211; 40% dos usu\u00e1rios sair\u00e3o.<\/p>\n<p>O relat\u00f3rio tamb\u00e9m cont\u00e9m o c\u00f3digo de resposta. Os c\u00f3digos de status HTTP, retornados pelos servidores, indicam o status do site. Eles t\u00eam tr\u00eas d\u00edgitos e geralmente come\u00e7am com um dos cinco n\u00fameros, 1 &#8211; 5. Voc\u00ea pode estar familiarizado com o erro 404 (&#8216;P\u00e1gina n\u00e3o encontrada&#8217;) ou 200 (&#8216;OK&#8217;). Mas h\u00e1 muitos outros c\u00f3digos de status que podem ser desconhecidos para voc\u00ea. D\u00ea uma olhada no nosso verificador de status do servidor para saber mais sobre eles.<\/p>\n<p>E a \u00faltima, mas n\u00e3o menos importante, informa\u00e7\u00e3o \u00e9 a data de tempo de inatividade mais recente. &#8216;Meu site est\u00e1 ativo ou inativo agora?&#8217; \u00e9 uma pergunta importante, mas voc\u00ea pode querer saber quando ocorreu o \u00faltimo problema s\u00e9rio. Pode dar-lhe uma ideia sobre a fiabilidade do seu fornecedor.<\/p>\n<div class=\"content__img-wrap\"><img src=\"https:\/\/sitechecker.pro\/wp-content\/uploads\/2022\/01\/webside_down_2.png\" alt=\"teste de status do site atualizado para verificar a exatid\u00e3o do trabalho do site\" class=\"description-img description-img-zoom\" loading=\"lazy\" ><\/div>\n<p>Deseja salvar o relat\u00f3rio do verificador do site ou envi\u00e1-lo para outra pessoa? N\u00e3o h\u00e1 necessidade de captura de tela! Voc\u00ea pode copiar o relat\u00f3rio para uma \u00e1rea de transfer\u00eancia com um clique para col\u00e1-lo em outro lugar neste formato:<\/p>\n<div class=\"article__quote\">\n                    <div class=\"quote-text\">URL do site: https:\/\/copywritely.com<br \/>\n\u2022 Status do servi\u00e7o: Acima<br \/>\n\u2022 Endere\u00e7o IP: 148.251.238.57<br \/>\n\u2022 Tempo de resposta: 3,251 s<br \/>\n\u2022 C\u00f3digo de resposta: 200 OK<\/div><\/div>\n<p>Teste o verificador do site e estude os resultados voc\u00ea mesmo!<\/p>\n<h2 id=\"ik_Uptime\">Por que o tempo de atividade \u00e9 importante?<\/h2>\n<p>O tempo de atividade do site \u00e9 cr\u00edtico. Cada minuto de inatividade custa dinheiro, sem mencionar a reputa\u00e7\u00e3o. E quanto maior o neg\u00f3cio &#8211; mais voc\u00ea perde. Por exemplo, um minuto de inatividade custaria \u00e0 Amazon cerca de US$ 220 mil.<\/p>\n<p>Al\u00e9m disso, pode ser o motivo da perda de posi\u00e7\u00f5es se o seu site estiver inativo por um longo tempo. Confira o que o Google diz sobre isso.<\/p>\n<p><iframe width=\"770\" height=\"350\" src=\"https:\/\/www.youtube.com\/embed\/4eYJuT0yGrI\" title=\"YouTube video player\" frameborder=\"0\" allow=\"accelerometer; autoplay; clipboard- escrever; m\u00eddia criptografada; girosc\u00f3pio; picture-in-picture\" allowfullscreen><\/iframe><\/p>\n<p>Aqui est\u00e3o os principais motivos para testar se um site est\u00e1 fora do ar regularmente:<\/p>\n<table class=\"table-classic table-td-3\">\n<thead>\n<tr>\n<th>Motivo<\/th>\n<th>Explica\u00e7\u00e3o<\/th>\n<\/tr>\n<\/thead>\n<tbody>\n<tr>\n<td><strong>Oferecendo uma melhor experi\u00eancia ao usu\u00e1rio<\/strong><\/td>\n<td>Os usu\u00e1rios odeiam um site indispon\u00edvel. Novos visitantes podem nunca mais voltar enquanto os clientes existentes ficam frustrados. Seus concorrentes ter\u00e3o prazer em ajud\u00e1-los.<\/td>\n<\/tr>\n<tr>\n<td><strong>Manter uma alta classifica\u00e7\u00e3o nos mecanismos de pesquisa<\/strong><\/td>\n<td>O Google classificar\u00e1 os sites lentos ou inacess\u00edveis mais baixos. Se o seu site estiver inativo com frequ\u00eancia suficiente, prepare-se para ser &#8220;punido&#8221;. As classifica\u00e7\u00f5es podem levar muito tempo para se recuperar de tal golpe.<\/td>\n<\/tr>\n<tr>\n<td><strong>Protegendo receitas de publicidade<\/strong><\/td>\n<td>Obviamente, os an\u00fancios n\u00e3o s\u00e3o veiculados quando seu site est\u00e1 inativo. Servi\u00e7os de an\u00fancios tamb\u00e9m o monitorar os tempos de inatividade e n\u00e3o gostar quando seu site n\u00e3o estiver dispon\u00edvel. Muitos deles suspender\u00e3o uma campanha se o site estiver fora do ar, especialmente por um tempo.<\/td>\n<\/tr>\n<tr>\n<td><strong>Detec\u00e7\u00e3o de hackers<\/strong><\/td>\n<td>A interven\u00e7\u00e3o de hackers pode causar tempo de inatividade. Um c\u00f3digo malicioso pode danificar seu site e potencialmente se infiltrar nos dispositivos dos visitantes. Usando um verificador de tempo de atividade do site, voc\u00ea descobrir\u00e1 que o site est\u00e1 indispon\u00edvel e poder\u00e1 agir a tempo de evitar o dano.<\/td>\n<\/tr>\n<\/tbody>\n<\/table>\n<h2 id=\"ik_Availability\"> Como monitorar a disponibilidade do site?<\/h2>\n<p>Voc\u00ea aprendeu como verificar se um site est\u00e1 fora do ar. Mas por causa das raz\u00f5es acima mencionadas, podemos querer faz\u00ea-lo constantemente. Aqui est\u00e3o algumas maneiras de estabelecer o monitoramento:<\/p>\n<ul>\n<li><strong>Use alertas personalizados no Google Analytics.<\/strong> Eles s\u00e3o acionados quando o Google detecta a queda de tr\u00e1fego abaixo de algum valor definido. A notifica\u00e7\u00e3o ser\u00e1 enviada para o seu e-mail;<\/li>\n<li><strong>Desenvolva uma comunidade leal nas m\u00eddias sociais.<\/strong> Os usu\u00e1rios regulares de seu recurso da web notificar\u00e3o voc\u00ea via Facebook ou Twitter se o site estiver inativo;<\/li>\n<li><strong>Configure o monitoramento do Sitecheckerbot.<\/strong> O bot verificar\u00e1 seu site em busca de altera\u00e7\u00f5es cr\u00edticas e informar\u00e1 se houver alguma;<\/li>\n<li><strong>Use nosso verificador de tempo de atividade do site gratuito.<\/strong> Assim que seu site estiver inativo, voc\u00ea receber\u00e1 uma notifica\u00e7\u00e3o.<\/li>\n<\/ul>\n<h2 id=\"ik_Downtime\"> O que causa o tempo de inatividade do site?<\/h2>\n<p>Voc\u00ea usou nosso verificador de sites e tem certeza de que o site est\u00e1 fora do ar para todos. Qual \u00e9 o problema? Vejamos os cen\u00e1rios mais prov\u00e1veis:<\/p>\n<table class=\"table-classic table-td-3\">\n<thead>\n<tr>\n<th>Motivo<\/th>\n<th>Explica\u00e7\u00e3o<\/th>\n<\/tr>\n<\/thead>\n<tbody>\n<tr>\n<td><strong>Problemas com o provedor de hospedagem na Web<\/strong><\/td>\n<td>A m\u00e1 hospedagem \u00e9 um dos principais contribuintes para o tempo de inatividade do site. Existem alguns tempos de inatividade planejados devido \u00e0 manuten\u00e7\u00e3o, mas os n\u00e3o planejados tamb\u00e9m podem acontecer. Que compensa\u00e7\u00e3o voc\u00ea vai receber neste caso? Escolha hosts da Web com as melhores garantias de tempo de atividade para obter o melhor seguro contra tais acidentes;<\/td>\n<\/tr>\n<\/tr>\n<\/tbody>\n<\/table>\n<p>Nesse caso, voc\u00ea pode experimentar uma das 5 Melhores Alternativas de Hospedagem que escolhemos para voc\u00ea agora mesmo na ferramenta. Para obt\u00ea-los, basta executar a ferramenta site down. Al\u00e9m disso, voc\u00ea pode conferir outras alternativas.<\/p>\n<div class=\"content__img-wrap\"><img src=\"https:\/\/sitechecker.pro\/wp-content\/uploads\/2022\/01\/webside_down_3.png\" alt=\"confira o provedor de hospedagem confi\u00e1vel\" class=\"description-img description-img-zoom\" loading=\"lazy\" ><\/div>\n<table class=\"table-classic table-td-3\">\n<thead>\n<tr>\n<th>Motivo<\/th>\n<th>Explica\u00e7\u00e3o<\/th>\n<\/tr>\n<\/thead>\n<tbody>\n<tr>\n<td><strong>DDoS e ataques de hackers<\/strong><\/td>\n<td>Seu site n\u00e3o precisa necessariamente ser atingido diretamente por um ataque DDoS para sofrer com isso. Se voc\u00ea usa hospedagem compartilhada, seu site est\u00e1 no mesmo servidor que v\u00e1rios outros sites, que podem ser v\u00edtimas de invasores. Felizmente, a maioria dos provedores de hospedagem possui servi\u00e7os anti-DDoS avan\u00e7ados. Voc\u00ea tamb\u00e9m pode pensar em usar servidores dedicados para prote\u00e7\u00e3o extra;<\/td>\n<\/tr>\n<tr>\n<td><strong>Problemas com bancos de dados ou software<\/strong><\/td>\n<td>Por exemplo, a instala\u00e7\u00e3o de um plug-in incompat\u00edvel pode derrubar todo o site WordPress. A exclus\u00e3o acidental de alguns arquivos ou erros de codifica\u00e7\u00e3o (erros de digita\u00e7\u00e3o, sintaxe incorreta, loops infinitos) podem resultar em erros do servidor. Conflitos internos, erros de banco de dados tamb\u00e9m podem levar seu site a exibir p\u00e1ginas parcialmente carregadas, p\u00e1ginas em branco ou n\u00e3o carregar;<\/td>\n<\/tr>\n<tr>\n<td><strong>Falhas de hardware<\/strong><\/td>\n<td>Nenhum n\u00famero de n\u00edveis de redund\u00e2ncia, fontes de alimenta\u00e7\u00e3o ou controladores de rede podem garantir 100% de tempo de atividade. Voc\u00ea n\u00e3o pode prever uma queda de energia generalizada ou alguns danos acidentais no cabo;<\/td>\n<\/tr>\n<tr>\n<td><strong>Problemas do servidor de nomes de dom\u00ednio (DNS)<\/strong><\/td>\n<td>\u00c0s vezes \u00e9 apenas propaga\u00e7\u00e3o de DNS. Uma altera\u00e7\u00e3o em um registro DNS geralmente \u00e9 uma quest\u00e3o de horas, mas pode levar at\u00e9 72 horas para se propagar globalmente. A configura\u00e7\u00e3o incorreta tamb\u00e9m pode ser o motivo. Um simples erro de ortografia de um servidor de nomes pode encerrar seu site;<\/td>\n<\/tr>\n<tr>\n<td><strong>O nome de dom\u00ednio n\u00e3o foi renovado<\/strong><\/td>\n<td>Mesmo que voc\u00ea tenha comprado um nome de dom\u00ednio, voc\u00ea n\u00e3o tem o direito de us\u00e1-lo para sempre. Semelhante a um aluguel de apartamento ou carro, o registro de um nome de dom\u00ednio deve ser renovado. Caso contr\u00e1rio, ficar\u00e1 dispon\u00edvel para outro usu\u00e1rio. Pesquise os nomes de dom\u00ednio que voc\u00ea pode comprar com nosso Verificador de Disponibilidade de Dom\u00ednio<\/td>\n<\/tr>\n<\/tbody>\n<\/table>\n<h2 id=\"ik_Tips\">Dicas de solu\u00e7\u00e3o de problemas<\/h2>\n<p>Voc\u00ea tentou acessar um site, mas n\u00e3o conseguiu. O que voc\u00ea deveria fazer? Aqui est\u00e3o algumas recomenda\u00e7\u00f5es para iniciantes:<\/p>\n<ul>\n<li><strong>Verifique o URL.<\/strong> Por mais \u00f3bvio que pare\u00e7a, voc\u00ea pode digitar errado sem perceber;<\/li>\n<li><strong>Sua URL tem &#8216;http&#8217; ou &#8216;https&#8217; no in\u00edcio?<\/strong> N\u00e3o \u00e9 a mesma coisa e alguns sites n\u00e3o funcionam com ambos;<\/li>\n<li><strong>Sua conex\u00e3o com a Internet est\u00e1 boa?<\/strong> Tente visitar alguns sites populares, como Google.com ou Facebook.com;<\/li>\n<li><strong>Voc\u00ea est\u00e1 usando um proxy ou uma VPN?<\/strong> Desligue e tente novamente;<\/li>\n<li><strong>\u00c9 o seu site?<\/strong> Se a resposta for &#8220;sim&#8221;, verifique as configura\u00e7\u00f5es de DNS e entre em contato com seu provedor de hospedagem para verificar o servidor. Se o problema for com a hospedagem e for recorrente, voc\u00ea pode considerar mudar de hospedagem. Encontre uma empresa confi\u00e1vel na lista dos Melhores Provedores de Hospedagem na Web!<\/li>\n<\/ul>\n<p>    <div class=\"blog__conversion blog__conversion-app element__logged_out\">\n        <div class=\"blog__conversion-inner\">\n            <p class=\"title\">Quando um site est\u00e1 fora do ar, \u00e9 ruim, mas h\u00e1 muitos outros problemas que podem prejudicar seu SEO!<\/p>\n            <p class=\"description\">Para detectar n\u00e3o apenas falhas no site, mas outros tipos de problemas t\u00e9cnicos, basta fazer a auditoria completa do site.<\/p>\n            <form id=\"audit__form\"\n                  class=\"article__seo-search audit__form Para detectar n\u00e3o apenas falhas no site, mas outros tipos de problemas t\u00e9cnicos, basta fazer a auditoria completa do site.\"\n                  action=\"\"\n                  method=\"POST\"\n                  autocomplete=\"off\">\n                <span class=\"error\"><\/span>\n                <div class=\"error__limits\">Something went wrong. Please, try again later.<\/div>\n                <input name=\"url\"\n                       type=\"text\"\n                       placeholder=\"Digite seu dom\u00ednio aqui\">\n                                <button type=\"submit\"\n                        class=\"sitechecker__text\">\n                    <span>Iniciar auditoria<\/span>\n                    <img src=\"\/wp-content\/themes\/sitechecker\/out\/img_design\/loading.svg\"\n                         width=\"31\"\n                         height=\"30\"\n                         class=\"loading\">\n                <\/button>\n            <\/form>\n        <\/div>\n    <\/div>\n    <\/p>","protected":false},"excerpt":{"rendered":"Voc\u00ea est\u00e1 tentando acessar seu site e recebe a mensagem de que ele n\u00e3o est\u00e1 dispon\u00edvel. Voc\u00ea pode querer entrar em contato com seu provedor de hospedagem da web imediatamente. Mas ent\u00e3o as d\u00favidas come\u00e7am a surgir. Este site est\u00e1 fora do ar? Ou s\u00e3o apenas alguns problemas com o seu provedor de internet? Ou,&#8230;","protected":false},"author":10409641,"featured_media":7891,"parent":0,"menu_order":0,"comment_status":"closed","ping_status":"closed","template":"pages-templates\/pages-minitools.php","meta":[],"categories":[73],"tags":[],"_links":{"self":[{"href":"https:\/\/sitechecker.pro\/pt\/wp-json\/wp\/v2\/pages\/7349"}],"collection":[{"href":"https:\/\/sitechecker.pro\/pt\/wp-json\/wp\/v2\/pages"}],"about":[{"href":"https:\/\/sitechecker.pro\/pt\/wp-json\/wp\/v2\/types\/page"}],"author":[{"embeddable":true,"href":"https:\/\/sitechecker.pro\/pt\/wp-json\/wp\/v2\/users\/10409641"}],"replies":[{"embeddable":true,"href":"https:\/\/sitechecker.pro\/pt\/wp-json\/wp\/v2\/comments?post=7349"}],"version-history":[{"count":30,"href":"https:\/\/sitechecker.pro\/pt\/wp-json\/wp\/v2\/pages\/7349\/revisions"}],"predecessor-version":[{"id":35279,"href":"https:\/\/sitechecker.pro\/pt\/wp-json\/wp\/v2\/pages\/7349\/revisions\/35279"}],"wp:featuredmedia":[{"embeddable":true,"href":"https:\/\/sitechecker.pro\/pt\/wp-json\/wp\/v2\/media\/7891"}],"wp:attachment":[{"href":"https:\/\/sitechecker.pro\/pt\/wp-json\/wp\/v2\/media?parent=7349"}],"wp:term":[{"taxonomy":"category","embeddable":true,"href":"https:\/\/sitechecker.pro\/pt\/wp-json\/wp\/v2\/categories?post=7349"},{"taxonomy":"post_tag","embeddable":true,"href":"https:\/\/sitechecker.pro\/pt\/wp-json\/wp\/v2\/tags?post=7349"}],"curies":[{"name":"wp","href":"https:\/\/api.w.org\/{rel}","templated":true}]}}