{"id":723,"date":"2020-07-07T10:58:15","date_gmt":"2020-07-07T08:58:15","guid":{"rendered":"https:\/\/sitechecker.pro\/?page_id=723"},"modified":"2026-02-20T14:21:36","modified_gmt":"2026-02-20T14:21:36","slug":"serp","status":"publish","type":"page","link":"https:\/\/sitechecker.pro\/pt\/serp\/","title":{"rendered":"Verificador SERP do Google | Encontre a posi\u00e7\u00e3o do site e os concorrentes \u2611"},"content":{"rendered":"<p><\/p>\n<h2 id=\"par1\">O que \u00e9 a ferramenta Google SERP Checker?<\/h2>\n<p>O Google SERP Checker \u00e9 uma ferramenta que o ajuda a examinar o <a href=\"https:\/\/sitechecker.pro\/google-serp-meaning-features-examples\/\" target=\"_blank\" rel=\"noopener noreferrer\">SERP<\/a> de qualquer palavra-chave em diferentes dispositivos, regi\u00f5es e idiomas para ver os seus concorrentes e o seu lugar no SERP. Al\u00e9m disso, a ferramenta permite-lhe acompanhar a din\u00e2mica da distribui\u00e7\u00e3o da classifica\u00e7\u00e3o &#8211; como as suas posi\u00e7\u00f5es e as dos seus concorrentes mudam ao longo de um per\u00edodo definido.<\/p>\n<h3>O Free SERP Checker oferece v\u00e1rios benef\u00edcios<\/h3>\n<ul>\n<li><strong>Resultados de pesquisa em computador e telem\u00f3vel: <\/strong>Isto permite-lhe ver onde a p\u00e1gina de resultados de pesquisa coloca geograficamente o pesquisador. Destina-se a utilizadores que pretendem ver resultados actualizados de v\u00e1rias regi\u00f5es, incluindo os Estados Unidos, a Europa e a \u00c1sia.<\/li>\n<li><strong>Localiza\u00e7\u00f5es &#8211; pa\u00edses e cidades: <\/strong>Esta funcionalidade melhora a promo\u00e7\u00e3o do seu s\u00edtio nos resultados da pesquisa local, especificando o pa\u00eds e a cidade para os quais pretende acompanhar os resultados da pesquisa org\u00e2nica. Isto \u00e9 particularmente valioso para as empresas que se concentram em territ\u00f3rios espec\u00edficos.<\/li>\n<li><strong>Multi-Languages: <\/strong>A ferramenta fornece resultados mais precisos em diferentes idiomas, o que \u00e9 \u00fatil quando se efectuam pesquisas em idiomas que n\u00e3o o ingl\u00eas.<\/li>\n<li><strong>Instant\u00e2neo dos 100 melhores: <\/strong>Oferece uma representa\u00e7\u00e3o visual dos resultados de pesquisa para uma palavra-chave.<\/li>\n<li><strong>Gr\u00e1fico dos 100 principais: <\/strong>Um gr\u00e1fico que ilustra as altera\u00e7\u00f5es na concorr\u00eancia, permitindo-lhe selecionar resultados e monitorizar as tend\u00eancias ao longo do tempo.<\/li>\n<li><strong>SERP features: <\/strong>Identificam elementos especiais na p\u00e1gina de resultados do motor de busca, tais como Featured Snippets e Rich Snippets, e indicam se a sua palavra-chave alcan\u00e7a essa visibilidade.<\/li>\n<\/ul>\n<h3>As principais caracter\u00edsticas da ferramenta de seguimento SERP<\/h3>\n<ol>\n<li><strong>Painel Unificado: <\/strong>Obtenha uma vis\u00e3o centralizada de v\u00e1rias m\u00e9tricas e pontos de dados de SEO.<\/li>\n<li><strong>Interface amig\u00e1vel: <\/strong>Desfrute da facilidade de utiliza\u00e7\u00e3o que lhe permite navegar e utilizar as suas funcionalidades sem qualquer falha.<\/li>\n<li><strong>Conjunto completo de ferramentas SEO: <\/strong>Empregue um conjunto de ferramentas para cobrir diferentes aspectos de SEO, desde o <a href=\"https:\/\/sitechecker.pro\/rank-tracker\/\" rel=\"noopener noreferrer\" target=\"_blank\">controlo de classifica\u00e7\u00f5es<\/a> at\u00e9 ao desempenho de backlinks e alertas sobre quest\u00f5es cr\u00edticas.<\/li>\n<\/ol>\n<h2 id=\"par2\">Como lidar com o Google SERP Checker &amp; Tracker<\/h2>\n<p>Quando um utilizador introduz uma palavra-chave, a ferramenta online SERP Check fornece-lhe dados sobre a p\u00e1gina de resultados. Esta informa\u00e7\u00e3o ajuda-o a conceber a sua promo\u00e7\u00e3o de forma mais eficaz, porque j\u00e1 sabe o que fazer para melhorar a posi\u00e7\u00e3o do seu s\u00edtio Web.<\/p>\n<h3>Passo 1: Criar um projeto<\/h3>\n<p>Assim, escreva o URL do seu dom\u00ednio na caixa de pesquisa da p\u00e1gina do SERP Checker Online e clique em &#8220;Check SERP&#8221;. Abaixo, mostramos-lhe imagens das etapas.<\/p>\n<div class=\"content__img-wrap\"><img src=\"https:\/\/sitechecker.pro\/wp-content\/uploads\/2023\/11\/google-serp-checker.png\" alt=\"Google SERP Checker\" class=\"description-img description-img-zoom\" loading=\"lazy\" ><\/div>\n<div class=\"important-block\">Para receber resultados e acesso aos recursos do Sitechecker por 14 dias, inicie seu teste GRATUITO. A inscri\u00e7\u00e3o \u00e9 f\u00e1cil com seu e-mail, conta do Google ou Facebook. N\u00e3o \u00e9 necess\u00e1rio cart\u00e3o de cr\u00e9dito.<\/div>\n<h3>Passo 2: Configura\u00e7\u00e3o das palavras-chave<\/h3>\n<p>Escolha e examine sem esfor\u00e7o o posicionamento das consultas de pesquisa atrav\u00e9s de uma de tr\u00eas estrat\u00e9gias: obter recomenda\u00e7\u00f5es, utilizar os dados da Consola de Pesquisa do Google (GSC) ou importar de uma folha de c\u00e1lculo do Excel.<\/p>\n<div class=\"content__img-wrap\"><img src=\"https:\/\/sitechecker.pro\/wp-content\/uploads\/2024\/02\/1-Keywords-Setup-.png\" alt=\"Keywords Setup\" class=\"description-img description-img-zoom\" loading=\"lazy\" ><\/div>\n<p>A ferramenta permite a identifica\u00e7\u00e3o de todas as frases-chave que se sabe estarem associadas \u00e0s classifica\u00e7\u00f5es existentes do seu site. Escolha as que se adequam aos seus objectivos de marketing e monitorize o seu desempenho regularmente.<\/p>\n<div class=\"content__img-wrap\"><img src=\"https:\/\/sitechecker.pro\/wp-content\/uploads\/2024\/02\/2-keyword-suggestion.png\" alt=\"keyword-suggestion\" class=\"description-img description-img-zoom\" loading=\"lazy\" ><\/div>\n<p>Escolha a op\u00e7\u00e3o &#8220;Consola de pesquisa do Google&#8221; para importar frases-chave e avaliar as suas classifica\u00e7\u00f5es para estes termos. Em seguida, ser-lhe-\u00e1 solicitada uma caixa de di\u00e1logo para criar uma liga\u00e7\u00e3o com a Consola de Pesquisa do Google e o Analytics.<\/p>\n<div class=\"content__img-wrap\"><img src=\"https:\/\/sitechecker.pro\/wp-content\/uploads\/2024\/02\/3-connection-with-Google-Search-Console-and-Analytics..png\" alt=\"connection with Google Search Console and Analytics\" class=\"description-img description-img-zoom\" loading=\"lazy\" ><\/div>\n<p>Esta funcionalidade permite que a nossa ferramenta recupere frases-chave da Consola de Pesquisa do Google, incluindo os seus dados de classifica\u00e7\u00e3o actuais, e as adicione sem problemas \u00e0 sua lista de acompanhamento.<\/p>\n<div class=\"content__img-wrap\"><img src=\"https:\/\/sitechecker.pro\/wp-content\/uploads\/2024\/02\/4-key-phrases-from-Google-Search-Console.png\" alt=\"key phrases from Google Search Console\" class=\"description-img description-img-zoom\" loading=\"lazy\" ><\/div>\n<p>Clique no bot\u00e3o &#8220;Ficheiro Excel&#8221; para importar a sua cole\u00e7\u00e3o personalizada de consultas de pesquisa de uma folha de c\u00e1lculo do Excel. A ferramenta fornece um formato f\u00e1cil de utilizar que simplifica o processo de adi\u00e7\u00e3o de v\u00e1rias consultas espec\u00edficas para acompanhamento e an\u00e1lise personalizados.<\/p>\n<div class=\"content__img-wrap\"><img src=\"https:\/\/sitechecker.pro\/wp-content\/uploads\/2024\/02\/5-Import-keywords.png\" alt=\"Import keywords\" class=\"description-img description-img-zoom\" loading=\"lazy\" ><\/div>\n<p>Do mesmo modo, tem a op\u00e7\u00e3o de modificar as configura\u00e7\u00f5es do motor de pesquisa. Esta funcionalidade permite-lhe especificar o seu p\u00fablico-alvo e afinar as prefer\u00eancias do motor de pesquisa, abrangendo aspectos como localiza\u00e7\u00f5es geogr\u00e1ficas, idiomas e tipos de dispositivos, incluindo computadores de secret\u00e1ria e dispositivos m\u00f3veis.<\/p>\n<div class=\"content__img-wrap\"><img src=\"https:\/\/sitechecker.pro\/wp-content\/uploads\/2024\/02\/6-Select-search-engine-.png\" alt=\"Select search engine\" class=\"description-img description-img-zoom\" loading=\"lazy\" ><\/div>\n<p>Depois de configurar as suas prefer\u00eancias, clique em &#8216;Adicionar&#8217;.<\/p>\n<p>De seguida, a funcionalidade &#8216;Gerir palavras-chave&#8217; permite-lhe organizar as suas frases-chave em categorias e sequenci\u00e1-las por p\u00e1ginas, de acordo com a sua abordagem de marketing.<\/p>\n<div class=\"content__img-wrap\"><img src=\"https:\/\/sitechecker.pro\/wp-content\/uploads\/2024\/02\/manage-keywords.png\" alt=\"Manage Keywords\" class=\"description-img description-img-zoom\" loading=\"lazy\" ><\/div>\n<h3>Passo 3: Recolher dados SERP para palavras-chave alvo &amp; URLs<\/h3>\n<p>Uma vez adicionadas as palavras-chave, a ferramenta re\u00fane os dados dos resultados da pesquisa para esses termos e gera uma lista de pedidos rastre\u00e1veis. Nesta altura, pode agrupar palavras-chave relevantes para rastreio, URLs, incluindo o volume de pesquisa e a presen\u00e7a de snippets em destaque, entre outras m\u00e9tricas.<\/p>\n<div class=\"content__img-wrap\"><img src=\"https:\/\/sitechecker.pro\/wp-content\/uploads\/2024\/02\/8-Check-Serp.png\" alt=\"Check Serp\" class=\"description-img description-img-zoom\" loading=\"lazy\" ><\/div>\n<p>Clicar no bot\u00e3o SERP leva-o para um ecr\u00e3 que mostra os resultados da pesquisa para uma palavra-chave espec\u00edfica, a sua classifica\u00e7\u00e3o e op\u00e7\u00f5es para comparar o seu desempenho com o da concorr\u00eancia:<\/p>\n<div class=\"content__img-wrap\"><img src=\"https:\/\/sitechecker.pro\/wp-content\/uploads\/2024\/02\/9-Keyword-SERP-statistics.png\" alt=\"Keyword SERP statistics\" class=\"description-img description-img-zoom\" loading=\"lazy\" ><\/div>\n<h2 id=\"par3\">Funcionalidades adicionais do verificador de posi\u00e7\u00e3o SERP<\/h2>\n<p>O nosso <a href=\"https:\/\/sitechecker.pro\/rank-tracker\/\" target=\"_blank\" rel=\"noopener noreferrer\">Google SERP tracker<\/a> mostra as tend\u00eancias de classifica\u00e7\u00e3o de palavras-chave no TOP-100 do Google. Filtre por posi\u00e7\u00e3o, volume ou grupos personalizados para obter informa\u00e7\u00f5es sobre o desempenho.<\/p>\n<div class=\"content__img-wrap\"><img src=\"https:\/\/sitechecker.pro\/wp-content\/uploads\/2023\/11\/google-serp-additional-features.png\" alt=\"Google SERP Additional Features\" class=\"description-img description-img-zoom\" loading=\"lazy\" ><\/div>\n<p>O gr\u00e1fico acompanha a classifica\u00e7\u00e3o di\u00e1ria, semanal ou mensal do seu site e marca as adi\u00e7\u00f5es de palavras-chave. Al\u00e9m disso, pode ver as classifica\u00e7\u00f5es gerais do seu site, a visibilidade e as p\u00e1ginas no \u00edndice do Google e notas sobre as actualiza\u00e7\u00f5es do Google.<\/p>\n<p>Pode acompanhar as altera\u00e7\u00f5es por palavras-chave, posi\u00e7\u00f5es e p\u00e1ginas.<\/p>\n<div class=\"content__img-wrap\"><img src=\"https:\/\/sitechecker.pro\/wp-content\/uploads\/2023\/11\/google-serp-track-changes.png\" alt=\"Google SERP Track Changes\" class=\"description-img description-img-zoom\" loading=\"lazy\" ><\/div>\n<p>Al\u00e9m disso, analise os dados de palavras-chave individuais para ver as flutua\u00e7\u00f5es dos resultados de pesquisa, o comportamento dos concorrentes e as altera\u00e7\u00f5es nas suas classifica\u00e7\u00f5es durante o per\u00edodo escolhido.<\/p>\n<h2 id=\"par4\">Ideia Final<\/h2>\n<p>A ferramenta de an\u00e1lise SERP da <a href=\"http:\/\/sitechecker.pro\" target=\"_blank\" rel=\"noopener noreferrer\">Sitechecker<\/a> foi concebida para ajudar a acompanhar a classifica\u00e7\u00e3o de um s\u00edtio Web nas p\u00e1ginas de resultados dos motores de busca. Possui um painel de controlo unificado com uma interface de f\u00e1cil utiliza\u00e7\u00e3o e um conjunto completo de ferramentas de SEO. A sua funcionalidade inclui o acompanhamento das classifica\u00e7\u00f5es em computadores e dispositivos m\u00f3veis, em v\u00e1rios locais e idiomas, e o fornecimento de dados visuais atrav\u00e9s de instant\u00e2neos e gr\u00e1ficos dos 100 principais resultados. Simplifica o processo de monitoriza\u00e7\u00e3o das posi\u00e7\u00f5es das palavras-chave, analisando as altera\u00e7\u00f5es dos resultados de pesquisa e comparando com a concorr\u00eancia, com filtros adicionais para obter informa\u00e7\u00f5es detalhadas e a capacidade de acompanhar a visibilidade do s\u00edtio e as tend\u00eancias de classifica\u00e7\u00e3o ao longo do tempo.<\/p>\n<div id=\"par5\"><\/div>\n<p><div class=\"front__faq-block\"><div class=\"faq__block-title\">FAQ<\/div><div class=\"panel-group\" id=\"faq-accordion\" itemscope itemtype=\"https:\/\/schema.org\/FAQPage\" role=\"tablist\" aria-multiselectable=\"true\"><div class=\"panel\" itemscope itemtype=\"https:\/\/schema.org\/Question\" itemprop=\"mainEntity\">\n                            <div class=\"panel-heading\" id=\"headingFaq-1\">\n                                <div class=\"panel-title\" data-toggle=\"collapse\" aria-expanded=\"false\" href=\"#collapseFaq-1\">\n                                    <h3 itemprop=\"name\">Como verifico minha classifica\u00e7\u00e3o SERP?<\/h3>\n                                <\/div>\n                            <\/div>\n                            <div id=\"collapseFaq-1\" class=\"panel-collapse collapse\" itemprop=\"acceptedAnswer\" itemscope itemtype=\"http:\/\/schema.org\/Answer\">\n                                <div class=\"panel-body\" itemprop=\"text\">Para verificar sua classifica\u00e7\u00e3o SERP em <a href=\"http:\/\/sitechecker.pro\" target=\"_blank\" rel=\"noopener noreferrer\">Sitechecker.pro<\/a>, crie um projeto, integre sua conta do Google , adicione suas palavras-chave e use o SERP Analyzer para visualizar suas posi\u00e7\u00f5es.<\/div>\n                            <\/div>\n                        <\/div><div class=\"panel\" itemscope itemtype=\"https:\/\/schema.org\/Question\" itemprop=\"mainEntity\">\n                            <div class=\"panel-heading\" id=\"headingFaq-2\">\n                                <div class=\"panel-title\" data-toggle=\"collapse\" aria-expanded=\"false\" href=\"#collapseFaq-2\">\n                                    <h3 itemprop=\"name\">A ferramenta SERP Checker \u00e9 gratuita?<\/h3>\n                                <\/div>\n                            <\/div>\n                            <div id=\"collapseFaq-2\" class=\"panel-collapse collapse\" itemprop=\"acceptedAnswer\" itemscope itemtype=\"http:\/\/schema.org\/Answer\">\n                                <div class=\"panel-body\" itemprop=\"text\"><a href=\"http:\/\/sitechecker.pro\" target=\"_blank\" rel=\"noopener noreferrer\">Sitechecker.pro<\/a> oferece um teste gratuito para sua ferramenta SERP Checker, com acesso adicional possivelmente exigindo uma assinatura ap\u00f3s o per\u00edodo de teste.<\/div>\n                            <\/div>\n                        <\/div><div class=\"panel\" itemscope itemtype=\"https:\/\/schema.org\/Question\" itemprop=\"mainEntity\">\n                            <div class=\"panel-heading\" id=\"headingFaq-3\">\n                                <div class=\"panel-title\" data-toggle=\"collapse\" aria-expanded=\"false\" href=\"#collapseFaq-3\">\n                                    <h3 itemprop=\"name\">Como fa\u00e7o para monitorar SERP?<\/h3>\n                                <\/div>\n                            <\/div>\n                            <div id=\"collapseFaq-3\" class=\"panel-collapse collapse\" itemprop=\"acceptedAnswer\" itemscope itemtype=\"http:\/\/schema.org\/Answer\">\n                                <div class=\"panel-body\" itemprop=\"text\">Monitore os resultados da pesquisa usando regularmente a ferramenta de an\u00e1lise SERP para rastrear suas palavras-chave posi\u00e7\u00f5es, comparar com concorrentes e analisar tend\u00eancias de classifica\u00e7\u00e3o ao longo do tempo.<\/div>\n                            <\/div>\n                        <\/div><\/div><\/div><\/p>","protected":false},"excerpt":{"rendered":"O que \u00e9 a ferramenta Google SERP Checker? O Google SERP Checker \u00e9 uma ferramenta que o ajuda a examinar o SERP de qualquer palavra-chave em diferentes dispositivos, regi\u00f5es e idiomas para ver os seus concorrentes e o seu lugar no SERP. Al\u00e9m disso, a ferramenta permite-lhe acompanhar a din\u00e2mica da distribui\u00e7\u00e3o da classifica\u00e7\u00e3o &#8211;&#8230;","protected":false},"author":10409641,"featured_media":3416,"parent":0,"menu_order":0,"comment_status":"closed","ping_status":"closed","template":"pages-templates\/pages-minitools.php","meta":[],"categories":[75],"tags":[],"_links":{"self":[{"href":"https:\/\/sitechecker.pro\/pt\/wp-json\/wp\/v2\/pages\/723"}],"collection":[{"href":"https:\/\/sitechecker.pro\/pt\/wp-json\/wp\/v2\/pages"}],"about":[{"href":"https:\/\/sitechecker.pro\/pt\/wp-json\/wp\/v2\/types\/page"}],"author":[{"embeddable":true,"href":"https:\/\/sitechecker.pro\/pt\/wp-json\/wp\/v2\/users\/10409641"}],"replies":[{"embeddable":true,"href":"https:\/\/sitechecker.pro\/pt\/wp-json\/wp\/v2\/comments?post=723"}],"version-history":[{"count":140,"href":"https:\/\/sitechecker.pro\/pt\/wp-json\/wp\/v2\/pages\/723\/revisions"}],"predecessor-version":[{"id":39440,"href":"https:\/\/sitechecker.pro\/pt\/wp-json\/wp\/v2\/pages\/723\/revisions\/39440"}],"wp:featuredmedia":[{"embeddable":true,"href":"https:\/\/sitechecker.pro\/pt\/wp-json\/wp\/v2\/media\/3416"}],"wp:attachment":[{"href":"https:\/\/sitechecker.pro\/pt\/wp-json\/wp\/v2\/media?parent=723"}],"wp:term":[{"taxonomy":"category","embeddable":true,"href":"https:\/\/sitechecker.pro\/pt\/wp-json\/wp\/v2\/categories?post=723"},{"taxonomy":"post_tag","embeddable":true,"href":"https:\/\/sitechecker.pro\/pt\/wp-json\/wp\/v2\/tags?post=723"}],"curies":[{"name":"wp","href":"https:\/\/api.w.org\/{rel}","templated":true}]}}