{"id":7190,"date":"2019-06-04T10:11:38","date_gmt":"2019-06-04T10:11:38","guid":{"rendered":"https:\/\/sitechecker.pro\/?page_id=7190"},"modified":"2025-01-13T21:39:38","modified_gmt":"2025-01-13T21:39:38","slug":"dns-checker","status":"publish","type":"page","link":"https:\/\/sitechecker.pro\/pt\/dns-checker\/","title":{"rendered":"Verificador de DNS: Procurar registos DNS para um site espec\u00edfico"},"content":{"rendered":"<p>Uma <b>verifica\u00e7\u00e3o <\/b> de DNS \u00e9 \u00fatil para detetar e resolver <b>problemas<\/b>de funcionalidade e capacidade de pesquisa ao criar um novo <b>website<\/b>. Al\u00e9m de ser \u00fatil para configurar novos sites, o DNS adequado \u00e9 tamb\u00e9m essencial para atualizar <b>registos <\/b>de sites existentes, bem como para rever as defini\u00e7\u00f5es de um <b>servidor<\/b> de e-mail, como uma rede de direct mail interna da empresa.<\/p>\n<h2 id=\"ik_What_DNS\">O que \u00e9 uma pesquisa DNS?<\/h2>\n<p>O Sistema de <b>Dom\u00ednio<\/b> <b>Nome <\/b> (DNS) \u00e9 um sistema de nomenclatura utilizado para identificar computadores e outros recursos acess\u00edveis <b>online<\/b>. O DNS faz isto associando nomes de <b>dom\u00ednios<\/b> a outras formas de <b>informa\u00e7\u00e3o<\/b>. Ao mapear nomes de <b>dom\u00ednios<\/b> para <b>endere\u00e7os IP num\u00e9ricos,<\/b> os computadores podem ent\u00e3o <b>procurar<\/b> servi\u00e7os e dispositivos.<\/p>\n<p>Para mais informa\u00e7\u00f5es sobre o que \u00e9 o DNS, veja o v\u00eddeo da <a href=\"https:\/\/www.youtube.com\/c\/GoDaddy\" rel=\"noopener noreferrer\" target=\"_blank\">equipa Techquickie<\/a >.<\/p>\n<p><iframe title=\"Player de v\u00eddeo do YouTube\" src=\"https:\/\/www.youtube.com\/embed\/Rck3BALhI5c\" width=\"770\" height=\"350\" frameborder=\"0\" allowfullscreen=\"allowfullscreen\"><\/iframe><\/p>\n<p>Simplificando, \u00e9 a lista telef\u00f3nica da Internet, mas em vez de utilizar n\u00fameros de telefone e nomes, utiliza <b>endere\u00e7os IP<\/b>e dom\u00ednios.<\/p>\n<p><b>As informa\u00e7\u00f5es de dom\u00ednio <\/b>s\u00e3o mantidas nos <b>servidores<\/b> DNS, e os <b>registos de recursos <\/b>s\u00e3o utilizados para adicionar estas <b>informa\u00e7\u00f5es <\/b>ao sistema. Um <b>servidor<\/b> pode comunicar <b>informa\u00e7\u00f5es de dom\u00ednio <\/b>com outros <b>servidores<\/b>atrav\u00e9s da utiliza\u00e7\u00e3o de <b>registos<\/b> de recursos.<\/p>\n<p>Na verdade, a depend\u00eancia do DNS dos <b>registos<\/b> de recursos significa que n\u00e3o pode <b>encontrar<\/b> dom\u00ednios com <b>registos<\/b> de recursos n\u00e3o registados. Quando isto acontece, as opera\u00e7\u00f5es do <b>website<\/b>tornam-se imposs\u00edveis.<\/p>\n<p>No entanto, deve primeiro delegar o <b>dom\u00ednio<\/b> \u2014 ou seja, registar os seus <b>servidores <\/b> antes de especificar os <b>registos<\/b> de recursos. Existem alguns tipos principais de <b>registo<\/b> de recursos: A, CNAME, MX, TXT e SPF.<\/p>\n<h2 id=\"ik_Using\">Como utilizar a ferramenta DNS Checker<\/h2>\n<h3>Passo 1: introduza o seu URL<\/h3>\n<p>Introduza um <b>nome de dom\u00ednio <\/b> e prima \u201cIniciar\u201d. Para obter os <b>melhores<\/b> resultados, introduza o <b>nome de dom\u00ednio<\/b> completo<\/b>. Idealmente, a sua pesquisa deve incluir \u201chttps:\/\/www\u201d. precedendo o <b>nome<\/b> do dom\u00ednio; por exemplo, introduza \u201chttps:\/\/sitechecker.pro\/\u201d em vez de apenas \u201csitechecker.pro\u201d.<\/p>\n<div class=\"content__img-wrap\"><img src=\"https:\/\/sitechecker.pro\/wp-content\/uploads\/2022\/04\/dns-lookup-3-1.jpg\" alt=\"Como introduzir um nome de dom\u00ednio para uma pesquisa DNS\" class=\"description-img description-img-zoom\" loading=\"lazy\" ><\/div>\n<h3>Passo 2: an\u00e1lise dos resultados da pesquisa DNS<\/h3>\n<p>Des\u00e7a a p\u00e1gina para <b>inspecionar<\/b> a funcionalidade <b>visualizador de registos <\/b>para as <b>verifica\u00e7\u00f5es do site<\/b>. Poder\u00e1 ver algo como o seguinte, embora nem todos os sites na <b>web<\/b> tenham tantos <b>registos <\/b>para <b>visualizar<\/b>:<\/p>\n<div class=\"content__img-wrap\"><img src=\"https:\/\/sitechecker.pro\/wp-content\/uploads\/2022\/04\/dns-lookup-4-1.jpg\" alt=\"Exemplo de informa\u00e7\u00e3o de registo com ferramenta de pesquisa DNS\" class=\"description-img description-img-zoom\" loading=\"lazy\" ><\/div>\n<p>Depois de obter pesquisas de registos <b>gratuitas<\/b> para o seu <b>site<\/b>, deve ent\u00e3o <a href=\"https:\/\/sitechecker.pro\/ip-checker\/\"><b >verificar os endere\u00e7os IP <\/b><\/a><b> <\/b>do seu <b>site<\/b> e do <b>fornecedor de alojamento<\/b> do seu <b>site<\/b> b>. Vale tamb\u00e9m a pena consultar os sites dos seus concorrentes, bem como os seus <b>fornecedores de alojamento<\/b>.<\/p>\n<h2 id=\"ik_Types\">Explica\u00e7\u00e3o dos tipos comuns de registos DNS<\/h2>\n<p><b>A<\/b><\/p>\n<p>A entrada A (endere\u00e7o) \u00e9 um <b>registo<\/b> chave necess\u00e1rio para ligar o <b>dom\u00ednio <\/b>com o endere\u00e7o <b>IP do servidor<\/b>. O registo <b>A<\/b> \u00e9 utilizado para decidir a partir de que <b>servidor <\/b>abrir o seu <b>site<\/b> quando introduz o nome do <b>site<\/b> <b >nome <\/b>na barra de endere\u00e7o do seu browser. O seu <b>site<\/b>n\u00e3o funcionar\u00e1 at\u00e9 que o A-<b>record<\/b> seja registado.<\/p>\n<h3>CNAME<\/h3>\n<p>O principal objetivo do CNAME (<b>nome<\/b> can\u00f3nico) \u00e9 duplicar os registos de recursos de <b>dom\u00ednio<\/b><\/b>(A, MX e TXT) para diferentes subdom\u00ednios. O <b>registo <\/b>CNAME \u00e9 tamb\u00e9m respons\u00e1vel pela liga\u00e7\u00e3o de subdom\u00ednios (por exemplo, app.sitechecker.pro) a nomes de <b>dom\u00ednios <\/b>can\u00f3nicos (por exemplo, sitechecker.pro) ou outros <b >dom\u00ednio<\/b>.<\/p>\n<h3>MX<\/h3>\n<p>Os <b>registos MX<\/b>s\u00e3o essenciais para a entrega de correio do <b>servidor<\/b>. Gra\u00e7as aos <b>registos<\/b> MX, a parte remetente compreende para que <b>servidor <\/b> enviar e-mails para o seu <b>dom\u00ednio<\/b>.<\/p>\n<h3>TXT<\/h3>\n<p>TXT (Text string) \u00e9 um <b>registo de dom\u00ednio <\/b>que transporta qualquer <b>informa\u00e7\u00e3o<\/b> de texto. Pode registar um n\u00famero infinito de <b>registos<\/b> TXT, desde que n\u00e3o se contradigam. Os <b>registos TXT <\/b>tamb\u00e9m podem ser utilizados para diversas coisas, incluindo:<\/p>\n<ul>\n<li style=\"peso da fonte: 400;\" aria-level=\"1\">Para <b>mostrar<\/b> prova de propriedade do <b>dom\u00ednio <\/b><\/li>\n<li style=\"peso da fonte: 400;\" aria-level=\"1\">Para seguran\u00e7a de e-mail<\/li>\n<li style=\"peso da fonte: 400;\" aria-level=\"1\">Para confirma\u00e7\u00e3o de um certificado SSL<\/li>\n<\/ul>\n<h3>FPS<\/h3>\n<p>O <b>registo <\/b>SPF (Sender Policy Framework) \u00e9 armazenado nos <b>registos<\/b> TXT do <b>dom\u00ednio<\/b>. Cont\u00e9m <b>informa\u00e7\u00f5es <\/b>sobre a <b>lista <\/b>de <b>servidores <\/b>autorizados a entregar mensagens em nome de um determinado <b>dom\u00ednio<\/b>.<\/p>\n<h3>NS<\/h3>\n<p>O <b>registo NS <\/b>(<b>servidor de nomes<\/b> autoritativo) refere-se aos <b>servidores <\/b>que s\u00e3o respons\u00e1veis \u200b\u200bpor manter o restante <b>dom\u00ednio<\/b> <b>registos<\/b> de recursos e \u00e9 fundamental para o DNS. O n\u00famero de <b>registos NS <\/b>deve corresponder exatamente ao n\u00famero de <b>servidores <\/b>que os fornecem.<\/p>\n<h3>SOA<\/h3>\n<p>Outro <b>recorde<\/b>importante \u00e9 o SOA (Start of Authority). \u00c9 o primeiro item da zona e especifica em que servidor \u00e9 mantida a <b>informa\u00e7\u00e3o<\/b>de refer\u00eancia do <b>nome de dom\u00ednio<\/b>.<\/p>\n<h2 id=\"ik_Casos\">Casos em que \u00e9 necess\u00e1ria uma verifica\u00e7\u00e3o de DNS<\/h2>\n<h3>Criar um site<\/h3>\n<p>Configurar <b>registos<\/b>DNS \u00e9 uma das tarefas que ter\u00e1 de realizar ao criar um novo <b>website<\/b>. Os <b>servidores <\/b>Os DNS dedicados est\u00e3o dispon\u00edveis em quase todos os fornecedores de alojamento <b>web<\/b>, que pode utilizar para configurar os <b>registos<\/b>DNS do seu <b>site <\/b>. Se pretender utilizar <b>servidores<\/b>DNS de outra empresa, ter\u00e1 de apontar os <b>registos NS<\/b>do <b>fornecedor<\/b> de alojamento para l\u00e1.<\/p>\n<h3>Atualizar registos DNS<\/h3>\n<p>Ao alterar <b>registos<\/b> DNS, determinados <b>servidores<\/b>DNS podem <b>armazenar em cache<\/b>a vers\u00e3o anterior dos seus <b>registos<\/b>. Assim, se modificou recentemente os seus <b>registos<\/b> DNS, deve utilizar um <b>testador<\/b> DNS para ver se os <b>servidores<\/b>est\u00e3o a entregar <b>registos<\/b>. A maioria dos <b>servidores<\/b>acabar\u00e1 por eliminar a vers\u00e3o desatualizada, mas a propaga\u00e7\u00e3o pode demorar algum tempo.<\/p>\n<h3>Configura\u00e7\u00e3o de servidores de e-mail<\/h3>\n<p>O correio electr\u00f3nico \u00e9 uma rede descentralizada composta por v\u00e1rios <b>servidores<\/b> de correio separados. Os <b>registos MX<\/b>especificam qual o <b>servidor<\/b> que a parte remetente deve reencaminhar para um e-mail de um <b>dom\u00ednio<\/b> espec\u00edfico. Da mesma forma, para reduzir o spam, os <b>dados<\/b>SPF s\u00e3o armazenados em <b>registos<\/b> TXT.<\/p>\n<p>O Gmail e o Yahoo Mail, por exemplo, podem atualizar os seus <b>servidores de e-mail <\/b>em separado; portanto, o DNS \u00e9 necess\u00e1rio para enviar estas altera\u00e7\u00f5es. Pode utilizar um <b>verificador DNS<\/b> para <b>inspecionar <\/b>estas defini\u00e7\u00f5es.<\/p>\n    <div class=\"blog__conversion blog__conversion-app element__logged_out\">\n        <div class=\"blog__conversion-inner\">\n            <p class=\"title\">Detete n\u00e3o s\u00f3 problemas de DNS, mas tamb\u00e9m outros tipos de problemas t\u00e9cnicos no seu site!<\/p>\n            <p class=\"description\">Rastreie o seu site e descubra todos os tipos de problemas que podem prejudicar os seus utilizadores ou o SEO do seu site.<\/p>\n            <form id=\"audit__form\"\n                  class=\"article__seo-search audit__form Rastreie o seu site e descubra todos os tipos de problemas que podem prejudicar os seus utilizadores ou o SEO do seu site.\"\n                  action=\"\"\n                  method=\"POST\"\n                  autocomplete=\"off\">\n                <span class=\"error\"><\/span>\n                <div class=\"error__limits\">Something went wrong. Please, try again later.<\/div>\n                <input name=\"url\"\n                       type=\"text\"\n                       placeholder=\"Insira aqui o seu dom\u00ednio\">\n                                <button type=\"submit\"\n                        class=\"sitechecker__text\">\n                    <span>Auditoria de lan\u00e7amento<\/span>\n                    <img src=\"\/wp-content\/themes\/sitechecker\/out\/img_design\/loading.svg\"\n                         width=\"31\"\n                         height=\"30\"\n                         class=\"loading\">\n                <\/button>\n            <\/form>\n        <\/div>\n    <\/div>\n    \n<p><div class=\"front__faq-block\"><div class=\"faq__block-title\">FAQ<\/div><div class=\"panel-group\" id=\"faq-accordion\" itemscope itemtype=\"https:\/\/schema.org\/FAQPage\" role=\"tablist\" aria-multiselectable=\"true\"><div class=\"panel\" itemscope itemtype=\"https:\/\/schema.org\/Question\" itemprop=\"mainEntity\">\n                            <div class=\"panel-heading\" id=\"headingFaq-1\">\n                                <div class=\"panel-title\" data-toggle=\"collapse\" aria-expanded=\"false\" href=\"#collapseFaq-1\">\n                                    <h3 itemprop=\"name\">Quais s\u00e3o as outras formas de verificar os registos DNS?<\/h3>\n                                <\/div>\n                            <\/div>\n                            <div id=\"collapseFaq-1\" class=\"panel-collapse collapse\" itemprop=\"acceptedAnswer\" itemscope itemtype=\"http:\/\/schema.org\/Answer\">\n                                <div class=\"panel-body\" itemprop=\"text\">Se utilizar o Cloud DNS, pode examinar os seus registos DNS no Painel de Controlo da Nuvem. Al\u00e9m disso, o Microsoft Windows tem o nslookup, uma ferramenta de linha de comandos integrada para verificar os registos DNS. Para aceder ao nslookup, abra uma janela de linha de comandos abrindo o menu Iniciar do Windows ou premindo a tecla Windows no teclado. Depois, basta escrever 'nslookup' enquanto o menu Iniciar estiver aberto.<\/div>\n                            <\/div>\n                        <\/div><div class=\"panel\" itemscope itemtype=\"https:\/\/schema.org\/Question\" itemprop=\"mainEntity\">\n                            <div class=\"panel-heading\" id=\"headingFaq-2\">\n                                <div class=\"panel-title\" data-toggle=\"collapse\" aria-expanded=\"false\" href=\"#collapseFaq-2\">\n                                    <h3 itemprop=\"name\">Como funciona uma verifica\u00e7\u00e3o de DNS?<\/h3>\n                                <\/div>\n                            <\/div>\n                            <div id=\"collapseFaq-2\" class=\"panel-collapse collapse\" itemprop=\"acceptedAnswer\" itemscope itemtype=\"http:\/\/schema.org\/Answer\">\n                                <div class=\"panel-body\" itemprop=\"text\">Uma pesquisa ou consulta recursiva ou n\u00e3o recursiva pode ser utilizada quando um cliente ou servidor DNS consulta outro servidor DNS para recuperar um nome de dom\u00ednio. Os clientes utilizam frequentemente consultas recursivas, enquanto os servidores DNS utilizam consultas n\u00e3o recursivas ou iterativas, o que efetivamente solicite ao outro servidor DNS que entregue uma resposta ou o URL de outro servidor DNS localizador que possa ter a resposta.<\/div>\n                            <\/div>\n                        <\/div><div class=\"panel\" itemscope itemtype=\"https:\/\/schema.org\/Question\" itemprop=\"mainEntity\">\n                            <div class=\"panel-heading\" id=\"headingFaq-3\">\n                                <div class=\"panel-title\" data-toggle=\"collapse\" aria-expanded=\"false\" href=\"#collapseFaq-3\">\n                                    <h3 itemprop=\"name\">Como encontrar um servidor DNS?<\/h3>\n                                <\/div>\n                            <\/div>\n                            <div id=\"collapseFaq-3\" class=\"panel-collapse collapse\" itemprop=\"acceptedAnswer\" itemscope itemtype=\"http:\/\/schema.org\/Answer\">\n                                <div class=\"panel-body\" itemprop=\"text\">1) Aceda ao prompt de comando no menu Iniciar escrevendo cmd com o menu iniciar aberto. 2) Digite ipconfig\/all no prompt de comando e prima Enter. 3) Procure duas sequ\u00eancias de n\u00fameros marcadas em Servidores DNS; a primeira n\u00famero \u00e9 o servidor DNS prim\u00e1rio, enquanto o segundo n\u00famero \u00e9 o servidor secund\u00e1rio.<\/div>\n                            <\/div>\n                        <\/div><div class=\"panel\" itemscope itemtype=\"https:\/\/schema.org\/Question\" itemprop=\"mainEntity\">\n                            <div class=\"panel-heading\" id=\"headingFaq-4\">\n                                <div class=\"panel-title\" data-toggle=\"collapse\" aria-expanded=\"false\" href=\"#collapseFaq-4\">\n                                    <h3 itemprop=\"name\">O que \u00e9 a propaga\u00e7\u00e3o DNS?<\/h3>\n                                <\/div>\n                            <\/div>\n                            <div id=\"collapseFaq-4\" class=\"panel-collapse collapse\" itemprop=\"acceptedAnswer\" itemscope itemtype=\"http:\/\/schema.org\/Answer\">\n                                <div class=\"panel-body\" itemprop=\"text\">A propaga\u00e7\u00e3o do DNS \u00e9 o tempo que demora para que as altera\u00e7\u00f5es nos registos afetem todos os servidores da Internet. Como os servidores de nomes armazenam em cache as informa\u00e7\u00f5es dos registos do dom\u00ednio durante um determinado tempo antes da atualiza\u00e7\u00e3o, as atualiza\u00e7\u00f5es n\u00e3o s\u00e3o imediatas. A propaga\u00e7\u00e3o do DNS demora geralmente algumas horas, mas pode demorar at\u00e9 72 horas. e os valores TTL das suas entradas DNS.<\/div>\n                            <\/div>\n                        <\/div><\/div><\/div><\/p>","protected":false},"excerpt":{"rendered":"Uma verifica\u00e7\u00e3o de DNS \u00e9 \u00fatil para detetar e resolver problemasde funcionalidade e capacidade de pesquisa ao criar um novo website. Al\u00e9m de ser \u00fatil para configurar novos sites, o DNS adequado \u00e9 tamb\u00e9m essencial para atualizar registos de sites existentes, bem como para rever as defini\u00e7\u00f5es de um servidor de e-mail, como uma rede&#8230;","protected":false},"author":10409641,"featured_media":7897,"parent":0,"menu_order":0,"comment_status":"closed","ping_status":"closed","template":"pages.php","meta":[],"categories":[73],"tags":[],"_links":{"self":[{"href":"https:\/\/sitechecker.pro\/pt\/wp-json\/wp\/v2\/pages\/7190"}],"collection":[{"href":"https:\/\/sitechecker.pro\/pt\/wp-json\/wp\/v2\/pages"}],"about":[{"href":"https:\/\/sitechecker.pro\/pt\/wp-json\/wp\/v2\/types\/page"}],"author":[{"embeddable":true,"href":"https:\/\/sitechecker.pro\/pt\/wp-json\/wp\/v2\/users\/10409641"}],"replies":[{"embeddable":true,"href":"https:\/\/sitechecker.pro\/pt\/wp-json\/wp\/v2\/comments?post=7190"}],"version-history":[{"count":19,"href":"https:\/\/sitechecker.pro\/pt\/wp-json\/wp\/v2\/pages\/7190\/revisions"}],"predecessor-version":[{"id":34887,"href":"https:\/\/sitechecker.pro\/pt\/wp-json\/wp\/v2\/pages\/7190\/revisions\/34887"}],"wp:featuredmedia":[{"embeddable":true,"href":"https:\/\/sitechecker.pro\/pt\/wp-json\/wp\/v2\/media\/7897"}],"wp:attachment":[{"href":"https:\/\/sitechecker.pro\/pt\/wp-json\/wp\/v2\/media?parent=7190"}],"wp:term":[{"taxonomy":"category","embeddable":true,"href":"https:\/\/sitechecker.pro\/pt\/wp-json\/wp\/v2\/categories?post=7190"},{"taxonomy":"post_tag","embeddable":true,"href":"https:\/\/sitechecker.pro\/pt\/wp-json\/wp\/v2\/tags?post=7190"}],"curies":[{"name":"wp","href":"https:\/\/api.w.org\/{rel}","templated":true}]}}