{"id":7001,"date":"2019-05-28T07:48:33","date_gmt":"2019-05-28T07:48:33","guid":{"rendered":"https:\/\/sitechecker.pro\/?page_id=7001"},"modified":"2025-01-13T21:39:38","modified_gmt":"2025-01-13T21:39:38","slug":"domain-availability","status":"publish","type":"page","link":"https:\/\/sitechecker.pro\/pt\/domain-availability\/","title":{"rendered":""},"content":{"rendered":"<p class=\"qtranxs-available-languages-message qtranxs-available-languages-message-pt\">Desculpe, este conte\u00fado s\u00f3 est\u00e1 dispon\u00edvel em <a href=\"https:\/\/sitechecker.pro\/en\/wp-json\/wp\/v2\/pages\/7001\" class=\"qtranxs-available-language-link qtranxs-available-language-link-en\" title=\"English\">English<\/a>, <a href=\"https:\/\/sitechecker.pro\/ru\/wp-json\/wp\/v2\/pages\/7001\" class=\"qtranxs-available-language-link qtranxs-available-language-link-ru\" title=\"\u0420\u0443\u0441\u0441\u043a\u0438\u0439\">\u0420\u0443\u0441\u0441\u043a\u0438\u0439<\/a>, <a href=\"https:\/\/sitechecker.pro\/de\/wp-json\/wp\/v2\/pages\/7001\" class=\"qtranxs-available-language-link qtranxs-available-language-link-de\" title=\"Deutsch\">Deutsch<\/a>, <a href=\"https:\/\/sitechecker.pro\/fr\/wp-json\/wp\/v2\/pages\/7001\" class=\"qtranxs-available-language-link qtranxs-available-language-link-fr\" title=\"Fran\u00e7ais\">Fran\u00e7ais<\/a>, <a href=\"https:\/\/sitechecker.pro\/it\/wp-json\/wp\/v2\/pages\/7001\" class=\"qtranxs-available-language-link qtranxs-available-language-link-it\" title=\"Italiano\">Italiano<\/a>, <a href=\"https:\/\/sitechecker.pro\/nl\/wp-json\/wp\/v2\/pages\/7001\" class=\"qtranxs-available-language-link qtranxs-available-language-link-nl\" title=\"Nederlands\">Nederlands<\/a>, <a href=\"https:\/\/sitechecker.pro\/es\/wp-json\/wp\/v2\/pages\/7001\" class=\"qtranxs-available-language-link qtranxs-available-language-link-es\" title=\"Espa\u00f1ol\">Espa\u00f1ol<\/a> e <a href=\"https:\/\/sitechecker.pro\/pl\/wp-json\/wp\/v2\/pages\/7001\" class=\"qtranxs-available-language-link qtranxs-available-language-link-pl\" title=\"Polski\">Polski<\/a>.<\/p>","protected":false},"excerpt":{"rendered":"Desculpe, este conte\u00fado s\u00f3 est\u00e1 dispon\u00edvel em English, \u0420\u0443\u0441\u0441\u043a\u0438\u0439, Deutsch, Fran\u00e7ais, Italiano, Nederlands, Espa\u00f1ol e Polski.","protected":false},"author":10409641,"featured_media":6982,"parent":0,"menu_order":0,"comment_status":"closed","ping_status":"closed","template":"pages.php","meta":[],"categories":[73],"tags":[],"_links":{"self":[{"href":"https:\/\/sitechecker.pro\/pt\/wp-json\/wp\/v2\/pages\/7001"}],"collection":[{"href":"https:\/\/sitechecker.pro\/pt\/wp-json\/wp\/v2\/pages"}],"about":[{"href":"https:\/\/sitechecker.pro\/pt\/wp-json\/wp\/v2\/types\/page"}],"author":[{"embeddable":true,"href":"https:\/\/sitechecker.pro\/pt\/wp-json\/wp\/v2\/users\/10409641"}],"replies":[{"embeddable":true,"href":"https:\/\/sitechecker.pro\/pt\/wp-json\/wp\/v2\/comments?post=7001"}],"version-history":[{"count":1,"href":"https:\/\/sitechecker.pro\/pt\/wp-json\/wp\/v2\/pages\/7001\/revisions"}],"predecessor-version":[{"id":7002,"href":"https:\/\/sitechecker.pro\/pt\/wp-json\/wp\/v2\/pages\/7001\/revisions\/7002"}],"wp:featuredmedia":[{"embeddable":true,"href":"https:\/\/sitechecker.pro\/pt\/wp-json\/wp\/v2\/media\/6982"}],"wp:attachment":[{"href":"https:\/\/sitechecker.pro\/pt\/wp-json\/wp\/v2\/media?parent=7001"}],"wp:term":[{"taxonomy":"category","embeddable":true,"href":"https:\/\/sitechecker.pro\/pt\/wp-json\/wp\/v2\/categories?post=7001"},{"taxonomy":"post_tag","embeddable":true,"href":"https:\/\/sitechecker.pro\/pt\/wp-json\/wp\/v2\/tags?post=7001"}],"curies":[{"name":"wp","href":"https:\/\/api.w.org\/{rel}","templated":true}]}}