{"id":6997,"date":"2019-05-27T15:25:15","date_gmt":"2019-05-27T15:25:15","guid":{"rendered":"https:\/\/sitechecker.pro\/?page_id=6997"},"modified":"2025-02-06T09:20:26","modified_gmt":"2025-02-06T09:20:26","slug":"gzip-test","status":"publish","type":"page","link":"https:\/\/sitechecker.pro\/pt\/gzip-test\/","title":{"rendered":"Teste GZIP: verifique se a compacta\u00e7\u00e3o GZIP est\u00e1 habilitada em uma p\u00e1gina espec\u00edfica \u1408"},"content":{"rendered":"<p><\/p>\n<h2 id=\"par1\">O que \u00e9 um verificador GZIP?<\/h2>\n<p>O Verificador de Compress\u00e3o GZIP \u00e9 uma ferramenta online concebida para melhorar o desempenho do s\u00edtio Web, verificando a compacta\u00e7\u00e3o de dados. Com a sua ajuda, os propriet\u00e1rios e programadores de s\u00edtios Web identificam se as suas p\u00e1ginas Web est\u00e3o comprimidas de forma eficiente. Podem resolver problemas relacionados com tempos de carregamento lentos e grandes tamanhos de transfer\u00eancia de dados, melhorando a experi\u00eancia do utilizador atrav\u00e9s de um acesso mais r\u00e1pido ao s\u00edtio Web.<\/p>\n<h3>Como \u00e9 que a ferramenta de compress\u00e3o GZIP o pode beneficiar<\/h3>\n<p><strong>Verifica\u00e7\u00e3o da compacta\u00e7\u00e3o de dados: <\/strong>Assegura que a funcionalidade de compacta\u00e7\u00e3o de dados est\u00e1 ativa e dispon\u00edvel no seu Web site.<\/p>\n<p><strong>Monitoramento do site: <\/strong>Permite identificar erros de velocidade do site em tempo real, entender suas causas e acompanhar sua din\u00e2mica.<\/p>\n<p><strong>Alertas personalizados: <\/strong>Disponibiliza notifica\u00e7\u00f5es sobre erros relacionados a problemas de velocidade de download para mant\u00ea-lo informado e proativo.<\/p>\n<p><strong>Auditoria do site: <\/strong>Identifica rapidamente problemas de velocidade de carregamento de p\u00e1ginas da Web e o desempenho geral do site.<\/p>\n<p><strong>Recomenda\u00e7\u00f5es de resolu\u00e7\u00e3o de erros: <\/strong>Fornece conselhos pr\u00e1ticos sobre como corrigir esses problemas.<\/p>\n<h3>Principais Caracter\u00edsticas do Testador de Compress\u00e3o GZIP<\/h3>\n<p><strong>Dashboard unificado: <\/strong>Uma plataforma centralizada para gerenciamento e monitoramento cont\u00ednuos das m\u00e9tricas de desempenho do seu site.<\/p>\n<p><strong>Interface amig\u00e1vel ao usu\u00e1rio: <\/strong>Assegura uma experi\u00eancia suave e facilidade de uso, mesmo para aqueles com conhecimentos t\u00e9cnicos m\u00ednimos.<\/p>\n<p><strong>Conjunto completo de ferramentas de SEO: <\/strong>Um conjunto abrangente de ferramentas de SEO que fornece tudo o que voc\u00ea precisa para otimizar o ranking do mecanismo de pesquisa do seu site.<\/p>\n<h2 id=\"par2\">Como usar o verificador de compacta\u00e7\u00e3o GZIP<\/h2>\n<h3>Passo 1: Insira o seu dom\u00ednio<\/h3>\n<p>O nosso Verificador GZIP verifica se a compacta\u00e7\u00e3o de dados est\u00e1 activada no servidor Web que aloja o seu site. A ferramenta liga-se ao seu servidor e mostra se a compacta\u00e7\u00e3o de dados est\u00e1 ativa e a funcionar.<\/p>\n<div class=\"content__img-wrap\"><img src=\"https:\/\/sitechecker.pro\/wp-content\/uploads\/2023\/11\/check-gzip-compression.png\" alt=\"Verificar compacta\u00e7\u00e3o GZIP\" class=\"description-img description-img-zoom\" loading=\"lazy\" ><\/div>\n<h3>Passo 2: Interpretando os resultados do verificador de compacta\u00e7\u00e3o GZIP<\/h3>\n<p>Abaixo da \u00e1rea de entrada, uma caixa de resultados confirma a ativa\u00e7\u00e3o bem sucedida do algoritmo de compress\u00e3o. Ela mostra uma diminui\u00e7\u00e3o not\u00e1vel no tamanho da p\u00e1gina, o que ressalta a efici\u00eancia da otimiza\u00e7\u00e3o em melhorar o desempenho do site, minimizando a transfer\u00eancia de dados.<\/p>\n<div class=\"content__img-wrap\"><img src=\"https:\/\/sitechecker.pro\/wp-content\/uploads\/2023\/11\/gzip-compression-results.png\" alt=\"Resultados da compress\u00e3o GZIP\" class=\"description-img description-img-zoom\" loading=\"lazy\" ><\/div>\n<p>Para uma gest\u00e3o sustentada do estado de compacta\u00e7\u00e3o de dados do seu Web site, considere um servi\u00e7o de monitoriza\u00e7\u00e3o que ofere\u00e7a capacidades de supervis\u00e3o cont\u00ednuas, 24 horas por dia, 7 dias por semana. Inicie o seu teste gratuito para aceder a mais dados e maximizar a efic\u00e1cia do SiteChecker. A ferramenta reunir\u00e1 os dados essenciais para monitorizar os principais indicadores de sa\u00fade do seu site.<\/p>\n<p><strong>Verificar a compress\u00e3o do site e a monitoriza\u00e7\u00e3o integrada<\/strong><\/p>\n<p>Melhore o desempenho do site usando o GZIP Test Online, apoiado por um painel de monitoramento intuitivo:<\/p>\n<ul>\n<li><strong>Alertas instant\u00e2neos: <\/strong>Acompanhe as atualiza\u00e7\u00f5es cruciais, como otimiza\u00e7\u00f5es para reduzir a largura do DOM, afetando diretamente as velocidades de carregamento.<\/li>\n<li><strong>Insights de auditoria: <\/strong>Acesse gr\u00e1ficos visuais que exibem a trilha de auditoria do seu site, desde a dete\u00e7\u00e3o de problemas at\u00e9 a resolu\u00e7\u00e3o, refletida em uma pontua\u00e7\u00e3o abrangente do site.<\/li>\n<li><strong>Foco direcionado: <\/strong>Use filtros para aprimorar as melhorias na velocidade da p\u00e1gina.<\/li>\n<\/ul>\n<p>Aproveite a nossa ferramenta para uma presen\u00e7a on-line perfeita, r\u00e1pida e mais pesquis\u00e1vel.<\/p>\n<div class=\"content__img-wrap\"><img src=\"https:\/\/sitechecker.pro\/wp-content\/uploads\/2023\/11\/site-monitoring.png\" alt=\"Monitoramento do site\" class=\"description-img description-img-zoom\" loading=\"lazy\" ><\/div>\n<h2 id=\"par3\">Caracter\u00edsticas adicionais do Teste GZIP<\/h2>\n<p>A se\u00e7\u00e3o &#8220;Auditoria do site&#8221; de uma plataforma de otimiza\u00e7\u00e3o da web destaca os problemas de velocidade da p\u00e1gina que afetam o desempenho do site e as taxas de convers\u00e3o. Detecta problemas com a otimiza\u00e7\u00e3o de imagens, efici\u00eancia de c\u00f3digo e tamanhos de ficheiros que requerem a sua aten\u00e7\u00e3o. As pontua\u00e7\u00f5es de velocidade da p\u00e1gina inicial do Mobile e Desktop PageSpeed Insights servem de refer\u00eancia.<\/p>\n<p>A auditoria tamb\u00e9m confirma as \u00e1reas sem problemas e apresenta um gr\u00e1fico de barras das percentagens de p\u00e1ginas afectadas. Oferece uma vis\u00e3o completa do desempenho da Web para otimizar o carregamento e os tempos das p\u00e1ginas atrav\u00e9s da integra\u00e7\u00e3o da compress\u00e3o de dados GZIP de teste.<\/p>\n<div class=\"content__img-wrap\"><img src=\"https:\/\/sitechecker.pro\/wp-content\/uploads\/2023\/11\/additional-features-gzip-test.png\" alt=\"Recursos adicionais Teste GZIP\" class=\"description-img description-img-zoom\" loading=\"lazy\" ><\/div>\n<p>Por exemplo, ao selecionar &#8220;View issue&#8221; para o problema Defer Offscreen Images, aceder\u00e1 a uma lista de todas as p\u00e1ginas do site com este problema. Este recurso examina o erro espec\u00edfico no c\u00f3digo da p\u00e1gina e fornece recomenda\u00e7\u00f5es sobre como resolver o desafio.<\/p>\n<div class=\"content__img-wrap\"><img src=\"https:\/\/sitechecker.pro\/wp-content\/uploads\/2023\/11\/defer-offscreen-images.png\" alt=\"Adiar imagens fora do ecr\u00e3\" class=\"description-img description-img-zoom\" loading=\"lazy\" ><\/div>\n<h2 id=\"par4\">Ideia final<\/h2>\n<p>O teste GZIP \u00e9 vital para melhorar os tempos de carregamento do site, comprimindo arquivos da Web, permitindo um acesso mais r\u00e1pido do usu\u00e1rio. Verifica a compacta\u00e7\u00e3o de dados utilizada em p\u00e1ginas espec\u00edficas, identificando rapidamente e oferecendo solu\u00e7\u00f5es para problemas de desempenho. O painel de instrumentos unificado da ferramenta, a interface de f\u00e1cil utiliza\u00e7\u00e3o e o conjunto de ferramentas de SEO, juntamente com alertas instant\u00e2neos e informa\u00e7\u00f5es de auditoria, apoiam a otimiza\u00e7\u00e3o proactiva do s\u00edtio. O seu sistema de monitoriza\u00e7\u00e3o proporciona uma supervis\u00e3o cont\u00ednua. O Teste GZIP \u00e9 uma solu\u00e7\u00e3o abrangente para manter uma presen\u00e7a online eficiente e optimizada para SEO.<\/p>\n<div id=\"par5\"><\/div>\n<p><div class=\"front__faq-block\"><div class=\"faq__block-title\">FAQ<\/div><div class=\"panel-group\" id=\"faq-accordion\" itemscope itemtype=\"https:\/\/schema.org\/FAQPage\" role=\"tablist\" aria-multiselectable=\"true\"><div class=\"panel\" itemscope itemtype=\"https:\/\/schema.org\/Question\" itemprop=\"mainEntity\">\n                            <div class=\"panel-heading\" id=\"headingFaq-1\">\n                                <div class=\"panel-title\" data-toggle=\"collapse\" aria-expanded=\"false\" href=\"#collapseFaq-1\">\n                                    <h3 itemprop=\"name\">A ferramenta de compacta\u00e7\u00e3o GZIP pode ajudar a reduzir o tempo de resposta do servidor?<\/h3>\n                                <\/div>\n                            <\/div>\n                            <div id=\"collapseFaq-1\" class=\"panel-collapse collapse\" itemprop=\"acceptedAnswer\" itemscope itemtype=\"http:\/\/schema.org\/Answer\">\n                                <div class=\"panel-body\" itemprop=\"text\">Sim, ao compactar arquivos web, o site check GZIP reduz a quantidade de dados transferidos entre o servidor e o cliente. Tamb\u00e9m diminui o consumo de largura de banda, o que afeta o tempo de resposta do servidor.<\/div>\n                            <\/div>\n                        <\/div><div class=\"panel\" itemscope itemtype=\"https:\/\/schema.org\/Question\" itemprop=\"mainEntity\">\n                            <div class=\"panel-heading\" id=\"headingFaq-2\">\n                                <div class=\"panel-title\" data-toggle=\"collapse\" aria-expanded=\"false\" href=\"#collapseFaq-2\">\n                                    <h3 itemprop=\"name\">A ferramenta de compress\u00e3o GZIP suporta todos os tipos de formatos de arquivo e arquivos da web?<\/h3>\n                                <\/div>\n                            <\/div>\n                            <div id=\"collapseFaq-2\" class=\"panel-collapse collapse\" itemprop=\"acceptedAnswer\" itemscope itemtype=\"http:\/\/schema.org\/Answer\">\n                                <div class=\"panel-body\" itemprop=\"text\">A ferramenta de compacta\u00e7\u00e3o de dados suporta principalmente a compacta\u00e7\u00e3o de dados nos formatos HTML, CSS e JavaScript. Esses arquivos normalmente apresentam redu\u00e7\u00e3o de tamanho e melhoria de desempenho mais significativas.<\/div>\n                            <\/div>\n                        <\/div><div class=\"panel\" itemscope itemtype=\"https:\/\/schema.org\/Question\" itemprop=\"mainEntity\">\n                            <div class=\"panel-heading\" id=\"headingFaq-3\">\n                                <div class=\"panel-title\" data-toggle=\"collapse\" aria-expanded=\"false\" href=\"#collapseFaq-3\">\n                                    <h3 itemprop=\"name\">A ativa\u00e7\u00e3o da compacta\u00e7\u00e3o de dados GZIP afetar\u00e1 a qualidade do conte\u00fado do meu site?<\/h3>\n                                <\/div>\n                            <\/div>\n                            <div id=\"collapseFaq-3\" class=\"panel-collapse collapse\" itemprop=\"acceptedAnswer\" itemscope itemtype=\"http:\/\/schema.org\/Answer\">\n                                <div class=\"panel-body\" itemprop=\"text\">N\u00e3o, a compacta\u00e7\u00e3o de dados \u00e9 uma opera\u00e7\u00e3o sem perdas. A ferramenta reduz o tamanho do arquivo compactado sem afetar a qualidade do conte\u00fado.<\/div>\n                            <\/div>\n                        <\/div><div class=\"panel\" itemscope itemtype=\"https:\/\/schema.org\/Question\" itemprop=\"mainEntity\">\n                            <div class=\"panel-heading\" id=\"headingFaq-4\">\n                                <div class=\"panel-title\" data-toggle=\"collapse\" aria-expanded=\"false\" href=\"#collapseFaq-4\">\n                                    <h3 itemprop=\"name\">Como ativar a compacta\u00e7\u00e3o GZIP?<\/h3>\n                                <\/div>\n                            <\/div>\n                            <div id=\"collapseFaq-4\" class=\"panel-collapse collapse\" itemprop=\"acceptedAnswer\" itemscope itemtype=\"http:\/\/schema.org\/Answer\">\n                                <div class=\"panel-body\" itemprop=\"text\">Para ativar a compacta\u00e7\u00e3o de dados, defina as configura\u00e7\u00f5es do seu servidor web. Dessa forma, voc\u00ea compacta os arquivos do site antes de envi\u00e1-los ao navegador. Geralmente envolve a edi\u00e7\u00e3o do seu arquivo .htaccess (para servidores Apache) ou do arquivo de configura\u00e7\u00e3o apropriado para outros servidores web como Nginx ou IIS. Para alguns sistemas de gerenciamento de conte\u00fado, voc\u00ea pode usar plug-ins ou configura\u00e7\u00f5es padr\u00e3o integradas para ativar a compacta\u00e7\u00e3o de dados GZIP.<\/div>\n                            <\/div>\n                        <\/div><div class=\"panel\" itemscope itemtype=\"https:\/\/schema.org\/Question\" itemprop=\"mainEntity\">\n                            <div class=\"panel-heading\" id=\"headingFaq-5\">\n                                <div class=\"panel-title\" data-toggle=\"collapse\" aria-expanded=\"false\" href=\"#collapseFaq-5\">\n                                    <h3 itemprop=\"name\">Como o Verificador de Compress\u00e3o GZIP interage com o cache do navegador?<\/h3>\n                                <\/div>\n                            <\/div>\n                            <div id=\"collapseFaq-5\" class=\"panel-collapse collapse\" itemprop=\"acceptedAnswer\" itemscope itemtype=\"http:\/\/schema.org\/Answer\">\n                                <div class=\"panel-body\" itemprop=\"text\">O Verificador de compacta\u00e7\u00e3o GZIP funciona junto com o cache do navegador, reduzindo o tamanho dos arquivos antes que as vers\u00f5es completas compactadas dos arquivos sejam armazenadas no cache. Aumenta a velocidade de recupera\u00e7\u00e3o para visitas repetidas.<\/div>\n                            <\/div>\n                        <\/div><\/div><\/div><\/p>","protected":false},"excerpt":{"rendered":"O que \u00e9 um verificador GZIP? O Verificador de Compress\u00e3o GZIP \u00e9 uma ferramenta online concebida para melhorar o desempenho do s\u00edtio Web, verificando a compacta\u00e7\u00e3o de dados. Com a sua ajuda, os propriet\u00e1rios e programadores de s\u00edtios Web identificam se as suas p\u00e1ginas Web est\u00e3o comprimidas de forma eficiente. Podem resolver problemas relacionados com&#8230;","protected":false},"author":10409641,"featured_media":6977,"parent":0,"menu_order":0,"comment_status":"closed","ping_status":"closed","template":"pages-templates\/pages-minitools.php","meta":[],"categories":[74],"tags":[],"_links":{"self":[{"href":"https:\/\/sitechecker.pro\/pt\/wp-json\/wp\/v2\/pages\/6997"}],"collection":[{"href":"https:\/\/sitechecker.pro\/pt\/wp-json\/wp\/v2\/pages"}],"about":[{"href":"https:\/\/sitechecker.pro\/pt\/wp-json\/wp\/v2\/types\/page"}],"author":[{"embeddable":true,"href":"https:\/\/sitechecker.pro\/pt\/wp-json\/wp\/v2\/users\/10409641"}],"replies":[{"embeddable":true,"href":"https:\/\/sitechecker.pro\/pt\/wp-json\/wp\/v2\/comments?post=6997"}],"version-history":[{"count":40,"href":"https:\/\/sitechecker.pro\/pt\/wp-json\/wp\/v2\/pages\/6997\/revisions"}],"predecessor-version":[{"id":35340,"href":"https:\/\/sitechecker.pro\/pt\/wp-json\/wp\/v2\/pages\/6997\/revisions\/35340"}],"wp:featuredmedia":[{"embeddable":true,"href":"https:\/\/sitechecker.pro\/pt\/wp-json\/wp\/v2\/media\/6977"}],"wp:attachment":[{"href":"https:\/\/sitechecker.pro\/pt\/wp-json\/wp\/v2\/media?parent=6997"}],"wp:term":[{"taxonomy":"category","embeddable":true,"href":"https:\/\/sitechecker.pro\/pt\/wp-json\/wp\/v2\/categories?post=6997"},{"taxonomy":"post_tag","embeddable":true,"href":"https:\/\/sitechecker.pro\/pt\/wp-json\/wp\/v2\/tags?post=6997"}],"curies":[{"name":"wp","href":"https:\/\/api.w.org\/{rel}","templated":true}]}}