{"id":6992,"date":"2019-05-27T14:19:09","date_gmt":"2019-05-27T14:19:09","guid":{"rendered":"https:\/\/sitechecker.pro\/?page_id=6992"},"modified":"2025-03-18T08:21:22","modified_gmt":"2025-03-18T08:21:22","slug":"website-safety","status":"publish","type":"page","link":"https:\/\/sitechecker.pro\/pt\/website-safety\/","title":{"rendered":"Verificador de seguran\u00e7a do site | Teste de seguran\u00e7a do site GRATUITO \u2611"},"content":{"rendered":"<p><\/p>\n<h2 id=\"par1\">O que \u00e9 um verificador de seguran\u00e7a de sites?<\/h2>\n<p>O Verificador de Seguran\u00e7a de Sites do <a href=\"https:\/\/sitechecker.pro\/\" target=\"_blank\" rel=\"noopener noreferrer\">Sitechecker<\/a> foi desenvolvido para avaliar a seguran\u00e7a do seu site. Utiliza o Verificador de Navega\u00e7\u00e3o Segura da Google para fornecer detalhes abrangentes sobre o dom\u00ednio, avalia se o site aparece em alguma <a href=\"https:\/\/sitechecker.pro\/what-is-url-blacklist\/\" target=\"_blank\" rel=\"noopener noreferrer\">lista negra<\/a> e oferece uma op\u00e7\u00e3o para descarregar os resultados como um PDF. Al\u00e9m disso, a ferramenta pode realizar uma auditoria para identificar e corrigir erros t\u00e9cnicos que possam prejudicar o seu website, garantindo uma an\u00e1lise completa para manter a sua seguran\u00e7a e integridade.<\/p>\n<h3>A ferramenta pode ajud\u00e1-lo<\/h3>\n<ul>\n<li><strong>Integra\u00e7\u00e3o com o Google Safe Browsing Checker<\/strong> &#8211; Para detetar potenciais amea\u00e7as.<\/li>\n<li><strong>Verifica\u00e7\u00e3o de lista negra<\/strong> &#8211; Verifica se o recurso web est\u00e1 listado em alguma lista negra.<\/li>\n<li><strong>Testes t\u00e9cnicos de seguran\u00e7a<\/strong> &#8211; Identifica e corrige erros t\u00e9cnicos que afetam a seguran\u00e7a do site.<\/li>\n<\/ul>\n<h3>Principais caracter\u00edsticas da ferramenta<\/h3>\n<p><strong>Painel unificado<\/strong> &#8211; Fornece uma vis\u00e3o geral abrangente das m\u00e9tricas do website.<br \/>\n<strong>Interface amig\u00e1vel<\/strong> &#8211; Garante uma f\u00e1cil navega\u00e7\u00e3o e usabilidade para utilizadores de todos os n\u00edveis de experi\u00eancia.<br \/>\n<strong>Conjunto completo de ferramentas de SEO<\/strong> &#8211; Oferece uma vasta gama de ferramentas de SEO para pesquisa de palavras-chave, <a href=\"https:\/\/sitechecker.pro\/on-page-seo-checker\/\" target=\"_blank\" rel=\"noopener noreferrer\">auditorias de sites<\/a> e muito mais, com o objectivo de melhorar o desempenho do site e a visibilidade nos motores de busca.<\/p>\n<h2 id=\"par2\">Como utilizar a ferramenta<\/h2>\n<h3>Passo 1: Para iniciar a verifica\u00e7\u00e3o de seguran\u00e7a do website, basta introduzir o URL do seu dom\u00ednio e clicar no bot\u00e3o &#8220;Verificar seguran\u00e7a&#8221;<\/h3>\n<div class=\"content__img-wrap\"><img src=\"https:\/\/sitechecker.pro\/wp-content\/uploads\/2024\/02\/website-safety-checker.png\" alt=\"Verificador de seguran\u00e7a de sites\" class=\"description-img description-img-zoom\" loading=\"lazy\" ><\/div>\n<h3>Passo 2: Obter o resultado<\/h3>\n<p>O Website Safety Checker \u00e9 uma ferramenta robusta concebida para avaliar a seguran\u00e7a dos websites. Os utilizadores podem introduzir o URL de um website na interface para realizar uma verifica\u00e7\u00e3o de seguran\u00e7a, que revelar\u00e1 se o website est\u00e1 na lista negra ou \u00e9 seguro para utiliza\u00e7\u00e3o, com base nos dados do Google Safe Browsing. A ferramenta tamb\u00e9m fornece detalhes importantes, como o estado do registo de dom\u00ednio, o endere\u00e7o IP e a localiza\u00e7\u00e3o geogr\u00e1fica, com op\u00e7\u00f5es para descarregar o relat\u00f3rio ou copiar os seus detalhes.<\/p>\n<div class=\"content__img-wrap\"><img src=\"https:\/\/sitechecker.pro\/wp-content\/uploads\/2024\/02\/safety-checker-results.png\" alt=\"Resultados do Safety Checker\" class=\"description-img description-img-zoom\" loading=\"lazy\" ><\/div>\n<h2 id=\"par3\">Caracter\u00edsticas adicionais<\/h2>\n<p>A ferramenta fornece uma avalia\u00e7\u00e3o detalhada das caracter\u00edsticas de seguran\u00e7a do seu website. Para uma experi\u00eancia pr\u00e1tica, pode iniciar um teste gratuito selecionando o bot\u00e3o apropriado localizado no canto inferior esquerdo da interface de resultados.<\/p>\n<p>O Verificador de seguran\u00e7a de sites da Google apresenta um painel organizado com v\u00e1rias sec\u00e7\u00f5es, como &#8220;Lista de problemas&#8221; e &#8220;P\u00e1ginas afetadas por categoria&#8221;, fornecendo uma an\u00e1lise detalhada do desempenho e da seguran\u00e7a do site. Isto inclui o n\u00famero de problemas cr\u00edticos, avisos e oportunidades de melhoria.<\/p>\n<p>A sec\u00e7\u00e3o \u201cSeguran\u00e7a\u201d destaca vulnerabilidades espec\u00edficas, como p\u00e1ginas com links internos para HTTP ou defesas em falta contra ataques comuns na web. Para uma an\u00e1lise mais profunda da estrutura de diret\u00f3rios do seu website, a funcionalidade <a href=\"https:\/\/sitechecker.pro\/directory-scanner\/\"> Directory Scanner<\/a> pode ser utilizada para examinar todos os diret\u00f3rios e ficheiros em busca de potenciais riscos de seguran\u00e7a ou protocolos desatualizados.<\/p>\n<p>A incorpora\u00e7\u00e3o do <a href=\"https:\/\/sitechecker.pro\/website-defacement-monitoring\/\">Monitoriza\u00e7\u00e3o de Desfigura\u00e7\u00e3o<\/a> deteta rapidamente altera\u00e7\u00f5es n\u00e3o autorizadas no seu website, ajudando-o a lidar com amea\u00e7as de seguran\u00e7a e a manter a integridade, o desempenho e a confian\u00e7a do utilizador do website.<\/p>\n<div class=\"content__img-wrap\"><img src=\"https:\/\/sitechecker.pro\/wp-content\/uploads\/2024\/02\/site-audit-dashboard.png\" alt=\"Painel de auditoria do site\" class=\"description-img description-img-zoom\" loading=\"lazy\" ><\/div>\n<p>Al\u00e9m disso, para garantir que o seu website est\u00e1 a funcionar de forma eficiente, a utiliza\u00e7\u00e3o de um <a href=\"https:\/\/sitechecker.pro\/speed-test\/\">Teste de velocidade do website<\/a> ir\u00e1 ajud\u00e1-lo a avaliar os tempos de carregamento e a identificar \u00e1reas para melhorias. Existe tamb\u00e9m uma representa\u00e7\u00e3o visual da pontua\u00e7\u00e3o do website e uma categoriza\u00e7\u00e3o de problemas que afetam diferentes aspetos da sa\u00fade do website, como a relev\u00e2ncia do conte\u00fado, a velocidade da p\u00e1gina e a seguran\u00e7a.<\/p>\n<h2 id=\"par4\">Ideia Final<\/h2>\n<p>O Website Safety Checker da Sitechecker \u00e9 uma ferramenta multifacetada que garante a seguran\u00e7a do website atrav\u00e9s de verifica\u00e7\u00f5es do Google Safe Browsing, verifica\u00e7\u00e3o de listas negras e uma auditoria detalhada de vulnerabilidades t\u00e9cnicas. Apresenta uma interface de f\u00e1cil utiliza\u00e7\u00e3o com um painel unificado e um kit de ferramentas de SEO abrangente para melhorar o desempenho do website. Para complementar isto, a utiliza\u00e7\u00e3o de um <a href=\"https:\/\/sitechecker.pro\/googlebot-simulator\/\">Simulador Googlebot<\/a> pode fornecer informa\u00e7\u00f5es sobre a forma como o rastreador do Google navega no seu website, garantindo que n\u00e3o existem problemas ocultos que possam afetar o rastreio ou a indexa\u00e7\u00e3o. Em conjunto, estas ferramentas oferecem uma solu\u00e7\u00e3o completa para otimizar e proteger o desempenho do seu website.<\/p>\n<div id=\"par5\"><\/div>\n<p><div class=\"front__faq-block\"><div class=\"faq__block-title\">FAQ<\/div><div class=\"panel-group\" id=\"faq-accordion\" itemscope itemtype=\"https:\/\/schema.org\/FAQPage\" role=\"tablist\" aria-multiselectable=\"true\"><div class=\"panel\" itemscope itemtype=\"https:\/\/schema.org\/Question\" itemprop=\"mainEntity\">\n                            <div class=\"panel-heading\" id=\"headingFaq-1\">\n                                <div class=\"panel-title\" data-toggle=\"collapse\" aria-expanded=\"false\" href=\"#collapseFaq-1\">\n                                    <h3 itemprop=\"name\">O Online Website Safety Checker pode analisar v\u00e1rios sites ao mesmo tempo?<\/h3>\n                                <\/div>\n                            <\/div>\n                            <div id=\"collapseFaq-1\" class=\"panel-collapse collapse\" itemprop=\"acceptedAnswer\" itemscope itemtype=\"http:\/\/schema.org\/Answer\">\n                                <div class=\"panel-body\" itemprop=\"text\">A ferramenta concentra-se principalmente em entradas de URL individuais para verifica\u00e7\u00f5es de seguran\u00e7a, mas para m\u00e9tricas e desempenho de SEO, pode monitorizar v\u00e1rios sites atrav\u00e9s da funcionalidade Painel de SEO.<\/div>\n                            <\/div>\n                        <\/div><div class=\"panel\" itemscope itemtype=\"https:\/\/schema.org\/Question\" itemprop=\"mainEntity\">\n                            <div class=\"panel-heading\" id=\"headingFaq-2\">\n                                <div class=\"panel-title\" data-toggle=\"collapse\" aria-expanded=\"false\" href=\"#collapseFaq-2\">\n                                    <h3 itemprop=\"name\">A ferramenta Free Website Safety Checker tamb\u00e9m avalia a sa\u00fade do SEO do website?<\/h3>\n                                <\/div>\n                            <\/div>\n                            <div id=\"collapseFaq-2\" class=\"panel-collapse collapse\" itemprop=\"acceptedAnswer\" itemscope itemtype=\"http:\/\/schema.org\/Answer\">\n                                <div class=\"panel-body\" itemprop=\"text\">Sim, oferece um conjunto completo de ferramentas de SEO que avalia v\u00e1rios aspetos, como a pesquisa de palavras-chave e auditorias de websites para melhorar o desempenho do website e a classifica\u00e7\u00e3o nos motores de busca.<\/div>\n                            <\/div>\n                        <\/div><div class=\"panel\" itemscope itemtype=\"https:\/\/schema.org\/Question\" itemprop=\"mainEntity\">\n                            <div class=\"panel-heading\" id=\"headingFaq-3\">\n                                <div class=\"panel-title\" data-toggle=\"collapse\" aria-expanded=\"false\" href=\"#collapseFaq-3\">\n                                    <h3 itemprop=\"name\">Existe uma funcionalidade para acompanhar o progresso de uma verifica\u00e7\u00e3o de site seguro ou n\u00e3o ao longo do tempo?<\/h3>\n                                <\/div>\n                            <\/div>\n                            <div id=\"collapseFaq-3\" class=\"panel-collapse collapse\" itemprop=\"acceptedAnswer\" itemscope itemtype=\"http:\/\/schema.org\/Answer\">\n                                <div class=\"panel-body\" itemprop=\"text\">A ferramenta fornece uma pontua\u00e7\u00e3o do website e o rastreio de problemas, que podem ser utilizados para monitorizar altera\u00e7\u00f5es e melhorias no estado de seguran\u00e7a de um website ao longo do tempo.<\/div>\n                            <\/div>\n                        <\/div><\/div><\/div><\/p>","protected":false},"excerpt":{"rendered":"O que \u00e9 um verificador de seguran\u00e7a de sites? O Verificador de Seguran\u00e7a de Sites do Sitechecker foi desenvolvido para avaliar a seguran\u00e7a do seu site. Utiliza o Verificador de Navega\u00e7\u00e3o Segura da Google para fornecer detalhes abrangentes sobre o dom\u00ednio, avalia se o site aparece em alguma lista negra e oferece uma op\u00e7\u00e3o para&#8230;","protected":false},"author":10409641,"featured_media":6976,"parent":0,"menu_order":0,"comment_status":"closed","ping_status":"closed","template":"pages-templates\/pages-minitools.php","meta":[],"categories":[73],"tags":[],"_links":{"self":[{"href":"https:\/\/sitechecker.pro\/pt\/wp-json\/wp\/v2\/pages\/6992"}],"collection":[{"href":"https:\/\/sitechecker.pro\/pt\/wp-json\/wp\/v2\/pages"}],"about":[{"href":"https:\/\/sitechecker.pro\/pt\/wp-json\/wp\/v2\/types\/page"}],"author":[{"embeddable":true,"href":"https:\/\/sitechecker.pro\/pt\/wp-json\/wp\/v2\/users\/10409641"}],"replies":[{"embeddable":true,"href":"https:\/\/sitechecker.pro\/pt\/wp-json\/wp\/v2\/comments?post=6992"}],"version-history":[{"count":67,"href":"https:\/\/sitechecker.pro\/pt\/wp-json\/wp\/v2\/pages\/6992\/revisions"}],"predecessor-version":[{"id":36024,"href":"https:\/\/sitechecker.pro\/pt\/wp-json\/wp\/v2\/pages\/6992\/revisions\/36024"}],"wp:featuredmedia":[{"embeddable":true,"href":"https:\/\/sitechecker.pro\/pt\/wp-json\/wp\/v2\/media\/6976"}],"wp:attachment":[{"href":"https:\/\/sitechecker.pro\/pt\/wp-json\/wp\/v2\/media?parent=6992"}],"wp:term":[{"taxonomy":"category","embeddable":true,"href":"https:\/\/sitechecker.pro\/pt\/wp-json\/wp\/v2\/categories?post=6992"},{"taxonomy":"post_tag","embeddable":true,"href":"https:\/\/sitechecker.pro\/pt\/wp-json\/wp\/v2\/tags?post=6992"}],"curies":[{"name":"wp","href":"https:\/\/api.w.org\/{rel}","templated":true}]}}