{"id":6802,"date":"2019-05-16T09:03:06","date_gmt":"2019-05-16T09:03:06","guid":{"rendered":"https:\/\/sitechecker.pro\/?page_id=6802"},"modified":"2025-02-10T15:22:21","modified_gmt":"2025-02-10T15:22:21","slug":"cookie-checker","status":"publish","type":"page","link":"https:\/\/sitechecker.pro\/pt\/cookie-checker\/","title":{"rendered":"Scanner de cookies | Verificar que cookies \u00e9 que o site usa \u2611"},"content":{"rendered":"<p><\/p>\n<h2 id=\"par1\">O que \u00e9 o Verificador de Cookies do Website?<\/h2>\n<p>O testador de cookies do site <a href=\"https:\/\/sitechecker.pro\/\" target=\"_blank\" rel=\"noopener noreferrer\">Sitechecker<\/a> analisa os cookies do site, destacando a sua seguran\u00e7a (HttpOnly, Secure) , tipo (sess\u00e3o ou persistente), \u00e2mbito (dom\u00ednio\/caminho), expira\u00e7\u00e3o e pares nome-valor. Ajuda a detetar e a lidar com cookies inseguros ou mal configurados para melhorar a seguran\u00e7a e a conformidade.<\/p>\n<h3>Como \u00e9 que a ferramenta o pode ajudar<\/h3>\n<p><strong>Informa\u00e7\u00f5es detalhadas sobre cookies:<\/strong> fornece dados sobre o tipo de cookie (sess\u00e3o ou persistente), \u00e2mbito do dom\u00ednio\/caminho, datas de expira\u00e7\u00e3o e pares nome-valor.<\/p>\n<p><strong>An\u00e1lise de seguran\u00e7a de cookies:<\/strong> identifica se os tokens de dados HTTP s\u00e3o HttpOnly, seguros e configurados corretamente para evitar vulnerabilidades como ataques XSS.<\/p>\n<p><strong>Conformidade e otimiza\u00e7\u00e3o:<\/strong> ajuda a garantir que os cookies cumprem as normas e regulamentos de seguran\u00e7a, melhorando <a href=\"https:\/\/sitechecker.pro\/website-safety\/\" target=\"_blank\" rel=\"noopener noreferrer\">seguran\u00e7a do site<\/a> e prote\u00e7\u00e3o de dados do utilizador.<\/p>\n<h3>Principais caracter\u00edsticas da ferramenta<\/h3>\n<p><strong>Painel unificado:<\/strong> fornece uma plataforma centralizada para monitorizar e gerir todas as atividades de SEO, facilitando o acompanhamento do desempenho do website e a identifica\u00e7\u00e3o de problemas.<\/p>\n<p><strong>Interface amig\u00e1vel:<\/strong> concebida para uma utiliza\u00e7\u00e3o f\u00e1cil, permitindo que utilizadores de todos os n\u00edveis de habilidade naveguem pelas ferramentas e acedam a insights sem esfor\u00e7o.<\/p>\n<p><strong>Conjunto completo de ferramentas de SEO:<\/strong> oferece um conjunto abrangente de ferramentas, incluindo auditorias de websites, <a href=\"https:\/\/sitechecker.pro\/rank-tracker\/\" target=\"_blank\" rel=\"noopener noreferrer\">rastreio de classifica\u00e7\u00e3o<\/a>, pesquisa de palavras-chave e monitoriza\u00e7\u00e3o de desempenho para otimizar a visibilidade e o tr\u00e1fego do website.<\/p>\n<h2 id=\"par2\">Como utilizar a ferramenta<\/h2>\n<h3>Passo 1: Introduza o URL do nome de dom\u00ednio e clique no bot\u00e3o \u201cVerificar cookies\u201d<\/h3>\n<div class=\"content__img-wrap\"><img src=\"https:\/\/sitechecker.pro\/wp-content\/uploads\/2025\/01\/website-cookie-checker.png\" alt=\"Verificador de cookies do site\" class=\"description-img description-img-zoom\" loading=\"lazy\" ><\/div>\n<h3>Passo 2: Obten\u00e7\u00e3o dos resultados<\/h3>\n<p>O Cookie Checker fornece informa\u00e7\u00f5es detalhadas sobre os tokens de dados HTTP de um website, incluindo os seus atributos de seguran\u00e7a (HttpOnly, Secure), tipo (sess\u00e3o ou persistente), datas de expira\u00e7\u00e3o, dom\u00ednios\/caminhos e pares nome-valor associados.<\/p>\n<div class=\"content__img-wrap\"><img src=\"https:\/\/sitechecker.pro\/wp-content\/uploads\/2025\/01\/cookie-checker-report.png\" alt=\"Relat\u00f3rio do Verificador de Cookies\" class=\"description-img description-img-zoom\" loading=\"lazy\" ><\/div>\n<p>Ao clicar no bot\u00e3o &#8216;Teste de seguran\u00e7a de cookies&#8217;, receber\u00e1 informa\u00e7\u00f5es detalhadas sobre as vulnerabilidades do seu website.<\/p>\n<div class=\"content__img-wrap\"><img src=\"https:\/\/sitechecker.pro\/wp-content\/uploads\/2025\/01\/test-cookies-security.png\" alt=\"Testar a seguran\u00e7a dos cookies\" class=\"description-img description-img-zoom\" loading=\"lazy\" ><\/div>\n<div class=\"important-block\">Para receber resultados e acesso \u00e0s funcionalidades do Sitechecker durante 14 dias, inicie o seu teste GRATUITO. \u00c9 f\u00e1cil registar-se com o seu e-mail, conta Google ou Facebook. N\u00e3o \u00e9 necess\u00e1rio cart\u00e3o de cr\u00e9dito.<\/div>\n<p>Poder\u00e1 descobrir quaisquer erros associados \u00e0 seguran\u00e7a do seu website, juntamente com a implementa\u00e7\u00e3o de defesas contra o acesso n\u00e3o autorizado a cookies atrav\u00e9s de JavaScript. Clique em qualquer problema para ver as p\u00e1ginas afetadas, os separadores de corre\u00e7\u00e3o e os avisos no c\u00f3digo.<\/p>\n<div class=\"content__img-wrap\"><img src=\"https:\/\/sitechecker.pro\/wp-content\/uploads\/2025\/01\/inspect-site-security.png\" alt=\"Inspecionar seguran\u00e7a do site\" class=\"description-img description-img-zoom\" loading=\"lazy\" ><\/div>\n<h2 id=\"par3\">Caracter\u00edsticas adicionais<\/h2>\n<p>A ferramenta tamb\u00e9m categoriza as p\u00e1ginas afetadas com base em problemas espec\u00edficos, fornecendo uma an\u00e1lise clara das vulnerabilidades por categoria, como seguran\u00e7a, links, indexabilidade, relev\u00e2ncia do conte\u00fado, velocidade da p\u00e1gina e muito mais. Cada categoria destaca a percentagem de p\u00e1ginas afetadas, permitindo aos utilizadores priorizar as corre\u00e7\u00f5es. A ferramenta oferece informa\u00e7\u00f5es acion\u00e1veis, incluindo descri\u00e7\u00f5es detalhadas de problemas e orienta\u00e7\u00e3o passo a passo, para resolver problemas como cookies inseguros, redirecionamentos em falta e mecanismos de defesa inadequados. Esta categoriza\u00e7\u00e3o ajuda a simplificar a otimiza\u00e7\u00e3o do website e a melhorar o desempenho geral e a conformidade do website.<\/p>\n<div class=\"content__img-wrap\"><img src=\"https:\/\/sitechecker.pro\/wp-content\/uploads\/2025\/01\/inspect-site-security.png\" alt=\"Inspecionar seguran\u00e7a do site\" class=\"description-img description-img-zoom\" loading=\"lazy\" ><\/div>\n<h2 id=\"par4\">Ideia Final<\/h2>\n<p>O Website Cookie Checker analisa os itens de armazenamento do browser do website, oferecendo insights sobre seguran\u00e7a (HttpOnly, Secure), tipo (sess\u00e3o ou persistente), expira\u00e7\u00e3o, dom\u00ednios\/caminhos e conformidade. Identifica vulnerabilidades como riscos XSS e configura\u00e7\u00f5es inseguras, auxiliando na melhoria da seguran\u00e7a e otimiza\u00e7\u00e3o. A ferramenta fornece uma interface de f\u00e1cil utiliza\u00e7\u00e3o, um painel centralizado e um conjunto completo de ferramentas de SEO, categorizando problemas como a seguran\u00e7a, os links e a velocidade da p\u00e1gina para corre\u00e7\u00f5es priorizadas. Com orienta\u00e7\u00e3o pr\u00e1tica e resultados detalhados, os utilizadores podem facilmente melhorar o desempenho, a seguran\u00e7a e a conformidade do seu website.<\/p>\n<div id=\"par5\"><\/div>\n<p><div class=\"front__faq-block\"><div class=\"faq__block-title\">FAQ<\/div><div class=\"panel-group\" id=\"faq-accordion\" itemscope itemtype=\"https:\/\/schema.org\/FAQPage\" role=\"tablist\" aria-multiselectable=\"true\"><div class=\"panel\" itemscope itemtype=\"https:\/\/schema.org\/Question\" itemprop=\"mainEntity\">\n                            <div class=\"panel-heading\" id=\"headingFaq-1\">\n                                <div class=\"panel-title\" data-toggle=\"collapse\" aria-expanded=\"false\" href=\"#collapseFaq-1\">\n                                    <h3 itemprop=\"name\">O Verificador de Cookies do Website pode identificar cookies de terceiros?<\/h3>\n                                <\/div>\n                            <\/div>\n                            <div id=\"collapseFaq-1\" class=\"panel-collapse collapse\" itemprop=\"acceptedAnswer\" itemscope itemtype=\"http:\/\/schema.org\/Answer\">\n                                <div class=\"panel-body\" itemprop=\"text\">Sim, a ferramenta fornece informa\u00e7\u00f5es sobre todos os tokens de dados HTTP, incluindo os de dom\u00ednios de terceiros, juntamente com os seus atributos de seguran\u00e7a e defini\u00e7\u00f5es.<\/div>\n                            <\/div>\n                        <\/div><div class=\"panel\" itemscope itemtype=\"https:\/\/schema.org\/Question\" itemprop=\"mainEntity\">\n                            <div class=\"panel-heading\" id=\"headingFaq-2\">\n                                <div class=\"panel-title\" data-toggle=\"collapse\" aria-expanded=\"false\" href=\"#collapseFaq-2\">\n                                    <h3 itemprop=\"name\">O Cookie Tester fornece orienta\u00e7\u00f5es sobre como corrigir problemas?<\/h3>\n                                <\/div>\n                            <\/div>\n                            <div id=\"collapseFaq-2\" class=\"panel-collapse collapse\" itemprop=\"acceptedAnswer\" itemscope itemtype=\"http:\/\/schema.org\/Answer\">\n                                <div class=\"panel-body\" itemprop=\"text\">Sim, oferece orienta\u00e7\u00e3o passo a passo e prompts no c\u00f3digo para ajudar a resolver vulnerabilidades e configura\u00e7\u00f5es incorretas relacionadas com cookies.<\/div>\n                            <\/div>\n                        <\/div><div class=\"panel\" itemscope itemtype=\"https:\/\/schema.org\/Question\" itemprop=\"mainEntity\">\n                            <div class=\"panel-heading\" id=\"headingFaq-3\">\n                                <div class=\"panel-title\" data-toggle=\"collapse\" aria-expanded=\"false\" href=\"#collapseFaq-3\">\n                                    <h3 itemprop=\"name\">O que torna o Cookie Checker adequado para efeitos de conformidade?<\/h3>\n                                <\/div>\n                            <\/div>\n                            <div id=\"collapseFaq-3\" class=\"panel-collapse collapse\" itemprop=\"acceptedAnswer\" itemscope itemtype=\"http:\/\/schema.org\/Answer\">\n                                <div class=\"panel-body\" itemprop=\"text\">A ferramenta garante que os tokens de dados HTTP cumprem as normas de seguran\u00e7a e os requisitos regulamentares, destacando configura\u00e7\u00f5es inseguras e fornecendo recomenda\u00e7\u00f5es acion\u00e1veis.<\/div>\n                            <\/div>\n                        <\/div><div class=\"panel\" itemscope itemtype=\"https:\/\/schema.org\/Question\" itemprop=\"mainEntity\">\n                            <div class=\"panel-heading\" id=\"headingFaq-4\">\n                                <div class=\"panel-title\" data-toggle=\"collapse\" aria-expanded=\"false\" href=\"#collapseFaq-4\">\n                                    <h3 itemprop=\"name\">Posso acompanhar o progresso depois de corrigir problemas identificados pela ferramenta?<\/h3>\n                                <\/div>\n                            <\/div>\n                            <div id=\"collapseFaq-4\" class=\"panel-collapse collapse\" itemprop=\"acceptedAnswer\" itemscope itemtype=\"http:\/\/schema.org\/Answer\">\n                                <div class=\"panel-body\" itemprop=\"text\">Sim, a ferramenta permite voltar a rastrear o seu site para verificar se as corre\u00e7\u00f5es foram implementadas com sucesso.<\/div>\n                            <\/div>\n                        <\/div><\/div><\/div><\/p>","protected":false},"excerpt":{"rendered":"O que \u00e9 o Verificador de Cookies do Website? O testador de cookies do site Sitechecker analisa os cookies do site, destacando a sua seguran\u00e7a (HttpOnly, Secure) , tipo (sess\u00e3o ou persistente), \u00e2mbito (dom\u00ednio\/caminho), expira\u00e7\u00e3o e pares nome-valor. Ajuda a detetar e a lidar com cookies inseguros ou mal configurados para melhorar a seguran\u00e7a e&#8230;","protected":false},"author":10409641,"featured_media":6979,"parent":0,"menu_order":0,"comment_status":"closed","ping_status":"closed","template":"pages-templates\/pages-minitools-3.php","meta":[],"categories":[73],"tags":[],"_links":{"self":[{"href":"https:\/\/sitechecker.pro\/pt\/wp-json\/wp\/v2\/pages\/6802"}],"collection":[{"href":"https:\/\/sitechecker.pro\/pt\/wp-json\/wp\/v2\/pages"}],"about":[{"href":"https:\/\/sitechecker.pro\/pt\/wp-json\/wp\/v2\/types\/page"}],"author":[{"embeddable":true,"href":"https:\/\/sitechecker.pro\/pt\/wp-json\/wp\/v2\/users\/10409641"}],"replies":[{"embeddable":true,"href":"https:\/\/sitechecker.pro\/pt\/wp-json\/wp\/v2\/comments?post=6802"}],"version-history":[{"count":34,"href":"https:\/\/sitechecker.pro\/pt\/wp-json\/wp\/v2\/pages\/6802\/revisions"}],"predecessor-version":[{"id":35365,"href":"https:\/\/sitechecker.pro\/pt\/wp-json\/wp\/v2\/pages\/6802\/revisions\/35365"}],"wp:featuredmedia":[{"embeddable":true,"href":"https:\/\/sitechecker.pro\/pt\/wp-json\/wp\/v2\/media\/6979"}],"wp:attachment":[{"href":"https:\/\/sitechecker.pro\/pt\/wp-json\/wp\/v2\/media?parent=6802"}],"wp:term":[{"taxonomy":"category","embeddable":true,"href":"https:\/\/sitechecker.pro\/pt\/wp-json\/wp\/v2\/categories?post=6802"},{"taxonomy":"post_tag","embeddable":true,"href":"https:\/\/sitechecker.pro\/pt\/wp-json\/wp\/v2\/tags?post=6802"}],"curies":[{"name":"wp","href":"https:\/\/api.w.org\/{rel}","templated":true}]}}