{"id":654,"date":"2017-12-12T09:36:45","date_gmt":"2017-12-12T09:36:45","guid":{"rendered":"https:\/\/sitechecker.pro\/?page_id=654"},"modified":"2026-02-16T16:59:38","modified_gmt":"2026-02-16T16:59:38","slug":"canonical-url","status":"publish","type":"page","link":"https:\/\/sitechecker.pro\/pt\/canonical-url\/","title":{"rendered":"Verificador de etiqueta can\u00f3nica | Testar se o URL \u00e9 can\u00f3nico e corrigi-lo \u2611"},"content":{"rendered":"<p><\/p>\n<h2 id=\"par1\">O que \u00e9 o Canonical Tester?<\/h2>\n<p>O Canonical URL Checker do <a href=\"https:\/\/sitechecker.pro\/\" target=\"_blank\" rel=\"noopener noreferrer\">Sitechecker<\/a> verifica e analisa <a href=\"https:\/\/sitechecker.pro\/what-is-canonical-url\/\" target=\"_blank\" rel=\"noopener noreferrer\">vers\u00f5es preferenciais<\/a> de p\u00e1ginas web para evitar problemas de <a href=\"https:\/\/sitechecker.pro\/du plicate-content\/\" target=\"_blank\" rel=\"noopener noreferrer\">conte\u00fado duplicado<\/a> e garantir a correta indexa\u00e7\u00e3o pelos motores de busca. Oferece uma auditoria em todo o site para detetar tags can\u00f3nicas em falta ou incorretas e uma verifica\u00e7\u00e3o r\u00e1pida de uma \u00fanica p\u00e1gina para valida\u00e7\u00e3o instant\u00e2nea de tags.<\/p>\n<h3>Como \u00e9 que a ferramenta o pode ajudar<\/h3>\n<p><strong>Verifica\u00e7\u00e3o de URL preferencial:<\/strong> verifica se uma p\u00e1gina tem uma vers\u00e3o preferencial de uma p\u00e1gina web implementada corretamente para evitar problemas de conte\u00fado duplicado.<\/p>\n<p><strong>Dete\u00e7\u00e3o de problemas:<\/strong> verifica todas as p\u00e1ginas para identificar etiquetas em falta, incorretas ou conflituantes para <a href=\"https:\/\/sitechecker.pro\/google-index\/\" target=\"_blank\" rel=\"noopener noreferrer\">indexa\u00e7\u00e3o<\/a> adequada.<\/p>\n<p><strong>Monitoriza\u00e7\u00e3o de etiquetas can\u00f3nicas:<\/strong> rastreia as etiquetas URL preferenciais em todo o website para detetar altera\u00e7\u00f5es, erros ou inconsist\u00eancias que possam afetar o SEO.<\/p>\n<h3>Principais caracter\u00edsticas da ferramenta<\/h3>\n<p><strong>Painel unificado:<\/strong> fornece uma vis\u00e3o centralizada de todos os insights de SEO, integridade do website e recomenda\u00e7\u00f5es de otimiza\u00e7\u00e3o.<\/p>\n<p><strong>Interface amig\u00e1vel:<\/strong> simplifica a an\u00e1lise SEO com um design intuitivo, facilitando a monitoriza\u00e7\u00e3o e a corre\u00e7\u00e3o de problemas sem necessidade de conhecimentos t\u00e9cnicos.<\/p>\n<p><strong>Conjunto completo de ferramentas de SEO:<\/strong> oferece um conjunto abrangente de ferramentas, auditorias de websites e rastreio de palavras-chave para uma otimiza\u00e7\u00e3o completa do website.<\/p>\n<h2 id=\"par2\">Como utilizar a ferramenta<\/h2>\n<p>Para utilizar o Canonical URL Tester, selecione uma op\u00e7\u00e3o de auditoria com base nas suas necessidades. Selecione &#8220;Verificar can\u00f3nicos em todas as p\u00e1ginas&#8221; para uma auditoria completa do website ou &#8220;Verificar can\u00f3nicos na p\u00e1gina&#8221; para uma verifica\u00e7\u00e3o instant\u00e2nea de uma \u00fanica p\u00e1gina. Depois de selecionado, clique em &#8220;Iniciar auditoria&#8221; para analisar as etiquetas can\u00f3nicas e garantir a indexa\u00e7\u00e3o adequada.<\/p>\n<h2 id=\"par3\">Testar Canonicals para todas as p\u00e1ginas<\/h2>\n<h3>Passo 1: Escolha as primeiras op\u00e7\u00f5es do selector<\/h3>\n<div class=\"content__img-wrap\"><img src=\"https:\/\/sitechecker.pro\/wp-content\/uploads\/2025\/02\/check-canonicals-all-pages.png\" alt=\"Verificar todas as p\u00e1ginas da Canonicals\" class=\"description-img description-img-zoom\" loading=\"lazy\" ><\/div>\n<div class=\"important-block\">Para receber resultados e acesso \u00e0s funcionalidades do Sitechecker durante 14 dias, inicie o seu teste GRATUITO. \u00c9 f\u00e1cil registar-se com o seu e-mail, conta Google ou Facebook. N\u00e3o \u00e9 necess\u00e1rio cart\u00e3o de cr\u00e9dito.<\/div>\n<h3>Passo 2: Obter resultados<\/h3>\n<p>Identifique as etiquetas de URL preferenciais em falta, incorretas ou conflituantes que afetam a indexa\u00e7\u00e3o. Obtenha relat\u00f3rios detalhados de problemas, p\u00e1ginas afetadas e recomenda\u00e7\u00f5es pr\u00e1ticas para garantir o reconhecimento adequado do motor de pesquisa e evitar problemas de conte\u00fado duplicado.<\/p>\n<div class=\"content__img-wrap\"><img src=\"https:\/\/sitechecker.pro\/wp-content\/uploads\/2025\/02\/canonical-issues.png\" alt=\"Problemas can\u00f3nicos\" class=\"description-img description-img-zoom\" loading=\"lazy\" ><\/div>\n<h3>Caracter\u00edsticas adicionais da ferramenta<\/h3>\n<p>Obtenha uma auditoria completa do website com relat\u00f3rios detalhados sobre problemas de tags de URL preferenciais, indexabilidade, conte\u00fado duplicado e fatores t\u00e9cnicos de SEO. Identifique erros cr\u00edticos, avisos e oportunidades de otimiza\u00e7\u00e3o para melhorar a visibilidade do motor de busca e o desempenho do website.<\/p>\n<div class=\"content__img-wrap\"><img src=\"https:\/\/sitechecker.pro\/wp-content\/uploads\/2025\/02\/site-audit-issues-3.png\" alt=\"Problemas de auditoria do site\" class=\"description-img description-img-zoom\" loading=\"lazy\" ><\/div>\n<h2 id=\"par4\">Teste a etiqueta can\u00f3nica na p\u00e1gina<\/h2>\n<h3>Passo 1: Escolha uma op\u00e7\u00e3o de auditoria de p\u00e1gina e inicie a verifica\u00e7\u00e3o<\/h3>\n<div class=\"content__img-wrap\"><img src=\"https:\/\/sitechecker.pro\/wp-content\/uploads\/2025\/02\/check-canonical-page.png\" alt=\"Verificar p\u00e1gina can\u00f3nica\" class=\"description-img description-img-zoom\" loading=\"lazy\" ><\/div>\n<h3>Passo 2: Obtenha os resultados<\/h3>\n<p>Verifique instantaneamente se uma p\u00e1gina web tem uma vers\u00e3o preferencial implementada corretamente, verifique o seu c\u00f3digo de estado e garanta a indexa\u00e7\u00e3o correta para evitar problemas de conte\u00fado duplicado.<\/p>\n<div class=\"content__img-wrap\"><img src=\"https:\/\/sitechecker.pro\/wp-content\/uploads\/2025\/02\/canonical-link-check.png\" alt=\"Verifica\u00e7\u00e3o de liga\u00e7\u00e3o can\u00f3nica\" class=\"description-img description-img-zoom\" loading=\"lazy\" ><\/div>\n<p>Maximize as funcionalidades da ferramenta na sec\u00e7\u00e3o Auditoria do Site. Explore a demonstra\u00e7\u00e3o para descobrir problemas cr\u00edticos de SEO, melhorar o desempenho do website e simplificar a otimiza\u00e7\u00e3o t\u00e9cnica do seu website.<\/p>\n<div class=\"content__img-wrap\"><img src=\"https:\/\/sitechecker.pro\/wp-content\/uploads\/2025\/02\/site-audit-3.png\" alt=\"Auditoria do Site\" class=\"description-img description-img-zoom\" loading=\"lazy\" ><\/div>\n<h3>Recursos adicionais do teste de etiquetas can\u00f3nicas<\/h3>\n<p>Al\u00e9m da vers\u00e3o preferida de valida\u00e7\u00e3o de uma p\u00e1gina web, obtenha uma vis\u00e3o geral detalhada dos problemas cr\u00edticos e de aviso, desempenho do PageSpeed, indexabilidade e otimiza\u00e7\u00e3o de conte\u00fados. Identifique problemas t\u00e9cnicos de SEO e receba recomenda\u00e7\u00f5es pr\u00e1ticas para melhorar a visibilidade de pesquisa da sua p\u00e1gina web.<\/p>\n<div class=\"content__img-wrap\"><img src=\"https:\/\/sitechecker.pro\/wp-content\/uploads\/2025\/02\/issues-overview-3.png\" alt=\"Vis\u00e3o geral dos problemas\" class=\"description-img description-img-zoom\" loading=\"lazy\" ><\/div>\n<p>Se for detetada uma <a href=\"https:\/\/sitechecker.pro\/site-audit-issues\/canonical-is-missing\/\" target=\"_blank\" rel=\"noopener noreferrer\">URL can\u00f3nica em falta<\/a>, iremos fornecer um guia detalhado e abrangente sobre como corrigir o problema. Tamb\u00e9m pode assistir \u00e0 vers\u00e3o em v\u00eddeo do guia aqui.<\/p>\n<p><iframe width=\"700\" height=\"350\" src=\"https:\/\/www.youtube.com\/embed\/o_uOGuM3pjs?si=Xybk6A8ngsKd9j9B\" title=\"YouTube video player\" frameborder=\"0\" allow=\"accelerometer; autoplay; clipboard-write; encrypted-media; gyroscope; picture-in-picture; web-share\" referrerpolicy=\"strict-origin-when-cross-origin\" allowfullscreen><\/iframe><\/p>\n<h2 id=\"par5\">Ideia Final<\/h2>\n<p>O Canonical Tag Checker ajuda a garantir a indexa\u00e7\u00e3o correta, verificando, detetando e monitorizando as etiquetas can\u00f3nicas no seu website. Oferece auditorias em todo o site para identificar tags em falta ou incorretas e verifica\u00e7\u00f5es instant\u00e2neas de uma \u00fanica p\u00e1gina para uma valida\u00e7\u00e3o r\u00e1pida. Com uma interface de f\u00e1cil utiliza\u00e7\u00e3o, painel unificado e um conjunto completo de ferramentas de SEO, simplifica a an\u00e1lise e a otimiza\u00e7\u00e3o de SEO. Os utilizadores podem descobrir problemas cr\u00edticos de SEO, melhorar o desempenho do website e evitar problemas de conte\u00fado duplicado.<\/p>\n<div id=\"par6\"><\/div>\n<p><div class=\"front__faq-block\"><div class=\"faq__block-title\">FAQ<\/div><div class=\"panel-group\" id=\"faq-accordion\" itemscope itemtype=\"https:\/\/schema.org\/FAQPage\" role=\"tablist\" aria-multiselectable=\"true\"><div class=\"panel\" itemscope itemtype=\"https:\/\/schema.org\/Question\" itemprop=\"mainEntity\">\n                            <div class=\"panel-heading\" id=\"headingFaq-1\">\n                                <div class=\"panel-title\" data-toggle=\"collapse\" aria-expanded=\"false\" href=\"#collapseFaq-1\">\n                                    <h3 itemprop=\"name\">Como \u00e9 que a ferramenta Canonicalization Checker ajuda a evitar problemas de conte\u00fado duplicado?<\/h3>\n                                <\/div>\n                            <\/div>\n                            <div id=\"collapseFaq-1\" class=\"panel-collapse collapse\" itemprop=\"acceptedAnswer\" itemscope itemtype=\"http:\/\/schema.org\/Answer\">\n                                <div class=\"panel-body\" itemprop=\"text\">Deteta tags can\u00f3nicas incorretas ou em falta, garantindo que os motores de busca reconhecem a vers\u00e3o correta do URL e evitando penaliza\u00e7\u00f5es por conte\u00fado duplicado.<\/div>\n                            <\/div>\n                        <\/div><div class=\"panel\" itemscope itemtype=\"https:\/\/schema.org\/Question\" itemprop=\"mainEntity\">\n                            <div class=\"panel-heading\" id=\"headingFaq-2\">\n                                <div class=\"panel-title\" data-toggle=\"collapse\" aria-expanded=\"false\" href=\"#collapseFaq-2\">\n                                    <h3 itemprop=\"name\">A ferramenta pode acompanhar as altera\u00e7\u00f5es na vers\u00e3o preferida de uma p\u00e1gina web ao longo do tempo?<\/h3>\n                                <\/div>\n                            <\/div>\n                            <div id=\"collapseFaq-2\" class=\"panel-collapse collapse\" itemprop=\"acceptedAnswer\" itemscope itemtype=\"http:\/\/schema.org\/Answer\">\n                                <div class=\"panel-body\" itemprop=\"text\">Sim, oferece monitoriza\u00e7\u00e3o de tags can\u00f3nicas, rastreando continuamente altera\u00e7\u00f5es, erros e inconsist\u00eancias num site.<\/div>\n                            <\/div>\n                        <\/div><div class=\"panel\" itemscope itemtype=\"https:\/\/schema.org\/Question\" itemprop=\"mainEntity\">\n                            <div class=\"panel-heading\" id=\"headingFaq-3\">\n                                <div class=\"panel-title\" data-toggle=\"collapse\" aria-expanded=\"false\" href=\"#collapseFaq-3\">\n                                    <h3 itemprop=\"name\">O Canonical Tag Tester fornece recomenda\u00e7\u00f5es para corrigir problemas?<\/h3>\n                                <\/div>\n                            <\/div>\n                            <div id=\"collapseFaq-3\" class=\"panel-collapse collapse\" itemprop=\"acceptedAnswer\" itemscope itemtype=\"http:\/\/schema.org\/Answer\">\n                                <div class=\"panel-body\" itemprop=\"text\">Sim, gera relat\u00f3rios de problemas detalhados com explica\u00e7\u00f5es e recomenda\u00e7\u00f5es pr\u00e1ticas para resolver problemas de etiquetas can\u00f3nicas.<\/div>\n                            <\/div>\n                        <\/div><\/div><\/div><\/p>","protected":false},"excerpt":{"rendered":"O que \u00e9 o Canonical Tester? O Canonical URL Checker do Sitechecker verifica e analisa vers\u00f5es preferenciais de p\u00e1ginas web para evitar problemas de conte\u00fado duplicado e garantir a correta indexa\u00e7\u00e3o pelos motores de busca. Oferece uma auditoria em todo o site para detetar tags can\u00f3nicas em falta ou incorretas e uma verifica\u00e7\u00e3o r\u00e1pida de&#8230;","protected":false},"author":10409641,"featured_media":3352,"parent":0,"menu_order":0,"comment_status":"closed","ping_status":"closed","template":"pages-templates\/pages-minitools-3.php","meta":[],"categories":[74],"tags":[],"_links":{"self":[{"href":"https:\/\/sitechecker.pro\/pt\/wp-json\/wp\/v2\/pages\/654"}],"collection":[{"href":"https:\/\/sitechecker.pro\/pt\/wp-json\/wp\/v2\/pages"}],"about":[{"href":"https:\/\/sitechecker.pro\/pt\/wp-json\/wp\/v2\/types\/page"}],"author":[{"embeddable":true,"href":"https:\/\/sitechecker.pro\/pt\/wp-json\/wp\/v2\/users\/10409641"}],"replies":[{"embeddable":true,"href":"https:\/\/sitechecker.pro\/pt\/wp-json\/wp\/v2\/comments?post=654"}],"version-history":[{"count":161,"href":"https:\/\/sitechecker.pro\/pt\/wp-json\/wp\/v2\/pages\/654\/revisions"}],"predecessor-version":[{"id":39294,"href":"https:\/\/sitechecker.pro\/pt\/wp-json\/wp\/v2\/pages\/654\/revisions\/39294"}],"wp:featuredmedia":[{"embeddable":true,"href":"https:\/\/sitechecker.pro\/pt\/wp-json\/wp\/v2\/media\/3352"}],"wp:attachment":[{"href":"https:\/\/sitechecker.pro\/pt\/wp-json\/wp\/v2\/media?parent=654"}],"wp:term":[{"taxonomy":"category","embeddable":true,"href":"https:\/\/sitechecker.pro\/pt\/wp-json\/wp\/v2\/categories?post=654"},{"taxonomy":"post_tag","embeddable":true,"href":"https:\/\/sitechecker.pro\/pt\/wp-json\/wp\/v2\/tags?post=654"}],"curies":[{"name":"wp","href":"https:\/\/api.w.org\/{rel}","templated":true}]}}