{"id":645,"date":"2017-12-11T09:48:13","date_gmt":"2017-12-11T09:48:13","guid":{"rendered":"https:\/\/sitechecker.pro\/?page_id=645"},"modified":"2026-02-13T17:39:36","modified_gmt":"2026-02-13T17:39:36","slug":"alt-tags","status":"publish","type":"page","link":"https:\/\/sitechecker.pro\/pt\/alt-tags\/","title":{"rendered":"Verificador de etiquetas alt de imagens: Teste se as etiquetas alt existem e se os textos est\u00e3o corretos \u2611"},"content":{"rendered":"<p><\/p>\n<h2 id=\"par1\">O que \u00e9 o Image Alt Tag Checker?<\/h2>\n<p>O Image Alt Tag Checker do <a href=\"https:\/\/sitechecker.pro\/\" target=\"_blank\" rel=\"noopener noreferrer\">Sitechecker<\/a> \u00e9 uma ferramenta para encontrar todas as tags alt e detectar as que est\u00e3o em falta no site. A ferramenta audita todas as imagens num dom\u00ednio ou numa p\u00e1gina espec\u00edfica, identificando problemas com atributos alternativos, como a utiliza\u00e7\u00e3o em falta ou impr\u00f3pria, e fornecendo solu\u00e7\u00f5es para cada problema identificado.<\/p>\n<h3>Como \u00e9 que a ferramenta o pode ajudar?<\/h3>\n<p><strong>Auditoria Alt Tag:<\/strong>A ferramenta audita as descri\u00e7\u00f5es das imagens para problemas como tags em falta, utiliza\u00e7\u00e3o indevida ou descri\u00e7\u00f5es insuficientes.<\/p>\n<p><strong>Relat\u00f3rios detalhados:<\/strong> fornece relat\u00f3rios detalhados sobre as alt tags de cada imagem e problemas.<\/p>\n<p><strong>Melhoria da acessibilidade:<\/strong> identificar melhorias nas descri\u00e7\u00f5es de imagens ajuda a tornar os sites mais acess\u00edveis para utilizadores com defici\u00eancia visual.<\/p>\n<h3>Principais caracter\u00edsticas da ferramenta<\/h3>\n<p><strong>Painel unificado:<\/strong>Fornece um painel central que integra v\u00e1rias ferramentas e an\u00e1lises de SEO, oferecendo uma vis\u00e3o geral abrangente do desempenho de SEO do seu website.<\/p>\n<p><strong>Interface amig\u00e1vel:<\/strong> A ferramenta foi concebida com uma interface amig\u00e1vel, tornando-a acess\u00edvel e f\u00e1cil de navegar para utilizadores de todos os n\u00edveis de habilidade.<\/p>\n<p><strong>Conjunto completo de ferramentas de SEO:<\/strong> O Sitechecker oferece um conjunto completo de ferramentas de SEO, abrangendo aspetos como auditoria de websites, rastreio de classifica\u00e7\u00e3o, verifica\u00e7\u00e3o de backlinks e muito mais, para o ajudar a otimizar os seus websites de forma eficaz para os motores de busca.<\/p>\n<h3>Como utilizar a ferramenta<\/h3>\n<p>Existem duas formas de utilizar o Image Alt Checker \u2013 verificando um dom\u00ednio ou p\u00e1gina espec\u00edfica. Basta escolher a variante que precisa, colar um URL e clicar em \u201cVerificar tags alt\u201d. Ap\u00f3s alguns instantes, a verifica\u00e7\u00e3o ser\u00e1 iniciada e poder\u00e1 ver os resultados. Abaixo pode ver como iniciar o processo de digitaliza\u00e7\u00e3o.<\/p>\n<div class=\"content__img-wrap\"><img src=\"https:\/\/sitechecker.pro\/wp-content\/uploads\/2024\/08\/1-Alt-Text-Selector-min.png\" alt=\"Image Alt Tag Checker\" class=\"description-img description-img-zoom\" loading=\"lazy\" ><\/div>\n<h2 id=\"par2\">Como verificar as Alt Tags num site<\/h2>\n<h3>Passo 1: Introduza o seu dom\u00ednio<\/h3>\n<div class=\"content__img-wrap\"><img src=\"https:\/\/sitechecker.pro\/wp-content\/uploads\/2024\/08\/2-Alt-Text-Website-Check-min.png\" alt=\"Alt Tag Check Domain\" class=\"description-img description-img-zoom\" loading=\"lazy\" ><\/div>\n<div class=\"important-block\">Para receber resultados e acesso aos recursos do Sitechecker durante 14 dias, inicie o seu teste GRATUITO. \u00c9 f\u00e1cil registar-se com o seu e-mail, conta Google ou Facebook. N\u00e3o \u00e9 necess\u00e1rio cart\u00e3o de cr\u00e9dito.<\/div>\n<h3>Passo 2: Interpretar os resultados do verificador de etiquetas Alt atrav\u00e9s da verifica\u00e7\u00e3o de dom\u00ednio<\/h3>\n<p>A verifica\u00e7\u00e3o que realizar ir\u00e1 gerar uma auditoria do conte\u00fado do seu website para o dom\u00ednio introduzido. Em \u201cRelev\u00e2ncia do conte\u00fado\u201d, podem ser encontrados problemas com atributos alternativos: utiliza\u00e7\u00e3o em falta ou impr\u00f3pria e\/ou descri\u00e7\u00f5es de uma palavra, o que pode levar os visitantes a esperar mais informa\u00e7\u00e3o dessas p\u00e1ginas quando clicam nelas. Clicar em qualquer \u00e1rea problem\u00e1tica apresenta as p\u00e1ginas afetadas e as instru\u00e7\u00f5es de corre\u00e7\u00e3o, se necess\u00e1rio, facilitando a resolu\u00e7\u00e3o de todos os problemas!<\/p>\n<div class=\"content__img-wrap\"><img src=\"https:\/\/sitechecker.pro\/wp-content\/uploads\/2024\/01\/missing-alt-text-issue.png\" alt=\"Problema de texto alternativo em falta\" class=\"description-img description-img-zoom\" loading=\"lazy\" ><\/div>\n<div class=\"content__img-wrap\"><img src=\"https:\/\/sitechecker.pro\/wp-content\/uploads\/2024\/01\/missing-alt-text-list.png\" alt=\"Lista de texto alternativo em falta\" class=\"description-img description-img-zoom\" loading=\"lazy\" ><\/div>\n<h3>Recursos adicionais do Image Alt SEO Checker<\/h3>\n<p>Pode receber um relat\u00f3rio completo de auditoria do website ap\u00f3s selecionar a op\u00e7\u00e3o Verificar dom\u00ednio. As informa\u00e7\u00f5es neste documento ir\u00e3o ajud\u00e1-lo a identificar diferentes tipos de problemas no seu website e como corrigi-los!<\/p>\n<div class=\"content__img-wrap\"><img src=\"https:\/\/sitechecker.pro\/wp-content\/uploads\/2024\/01\/issues-list.png\" alt=\"Lista de problemas\" class=\"description-img description-img-zoom\" loading=\"lazy\" ><\/div>\n<h2 id=\"par3\">Verifica\u00e7\u00e3o de p\u00e1gina<\/h2>\n<h3>Passo 1: introduza o seu URL e prima &#8220;Verificar tags alt&#8221;<\/h3>\n<div class=\"content__img-wrap\"><img src=\"https:\/\/sitechecker.pro\/wp-content\/uploads\/2024\/08\/3-Page-Alt-Texts-Check-min.png\" alt=\"Alt Tag Check Page\" class=\"description-img description-img-zoom\" loading=\"lazy\" ><\/div>\n<h3>Passo 2: interpretar os resultados do testador de tags alt atrav\u00e9s da verifica\u00e7\u00e3o de p\u00e1ginas<\/h3>\n<p><strong>Verificador de texto alt<\/strong> mostra uma verifica\u00e7\u00e3o bem-sucedida de uma p\u00e1gina Web. A parte superior do ecr\u00e3 revela uma pontua\u00e7\u00e3o de p\u00e1gina com alguns pequenos avisos a abordar.<\/p>\n<p>A ferramenta identifica um conjunto de <a href=\"https:\/\/sitechecker.pro\/broken-image-checker\/\" data-wpil-monitor-id=\"230\">imagens<\/a>, destacando descri\u00e7\u00f5es de imagens em falta. Ver\u00e1 os resultados visuais, onde s\u00e3o apresentados insights acion\u00e1veis, como atributos de t\u00edtulo em falta e tamanhos de imagem, permitindo-lhe tomar decis\u00f5es informadas para otimizar a sua p\u00e1gina web de forma eficaz.<\/p>\n<div class=\"content__img-wrap\"><img src=\"https:\/\/sitechecker.pro\/wp-content\/uploads\/2024\/01\/alt-text-checker-results.png\" alt=\"Resultados do Alt Text Checker\" class=\"description-img description-img-zoom\" loading=\"lazy\" ><\/div>\n<p>Para conduzir uma auditoria de todo o seu site em vez de apenas uma \u00fanica p\u00e1gina, selecione &#8220;Executar uma auditoria completa do site&#8221; ou consulte a primeira sec\u00e7\u00e3o deste manual para verifica\u00e7\u00e3o de dom\u00ednio.<\/p>\n<p>A ferramenta apresenta um projeto de demonstra\u00e7\u00e3o que mostra as suas caracter\u00edsticas. Ao escolher &#8220;Auditoria do Website&#8221;, pode explorar as funcionalidades e compreender como a ferramenta pode melhorar o SEO do seu website.<\/p>\n<div class=\"content__img-wrap\"><img src=\"https:\/\/sitechecker.pro\/wp-content\/uploads\/2024\/01\/run-full-site-audit.png\" alt=\"Executar auditoria completa do site\" class=\"description-img description-img-zoom\" loading=\"lazy\" ><\/div>\n<h3>Recursos adicionais do verificador de tags alt de p\u00e1gina<\/h3>\n<p>O Image Alt Tag Checker apresenta uma interface expandida que melhora a an\u00e1lise SEO do seu website. Na sec\u00e7\u00e3o &#8220;Vis\u00e3o geral dos problemas&#8221;, s\u00e3o detalhados os problemas cr\u00edticos e os avisos.<\/p>\n<p>A sec\u00e7\u00e3o &#8216;Otimiza\u00e7\u00e3o de Conte\u00fado&#8217; melhora ainda mais a utilidade da ferramenta ao avaliar indicadores gerais de integridade da p\u00e1gina, como o c\u00f3digo de estado e o tamanho do HTML. Tamb\u00e9m avalia o comprimento do t\u00edtulo e da descri\u00e7\u00e3o para obter o melhor desempenho de SEO. Apresenta tamb\u00e9m dados sobre conte\u00fado estruturado e SEO, juntamente com uma lista abrangente de links de p\u00e1ginas. Esta integra\u00e7\u00e3o de caracter\u00edsticas adicionais no Alt Tag Checker facilita uma extensa <a href=\"https:\/\/sitechecker.pro\/on-page-seo-checker\/\" target=\"_blank\" rel=\"noopener noreferrer\">avalia\u00e7\u00e3o de SEO na p\u00e1gina<\/a>, transcendendo as etiquetas de imagem para fornecer uma avalia\u00e7\u00e3o abrangente da p\u00e1gina web.<\/p>\n<div class=\"content__img-wrap\"><img src=\"https:\/\/sitechecker.pro\/wp-content\/uploads\/2024\/01\/issues-overview.png\" alt=\"Vis\u00e3o geral dos problemas\" class=\"description-img description-img-zoom\" loading=\"lazy\" ><\/div>\n<p>Para complementar esta funcionalidade, o <a href=\"https:\/\/sitechecker.pro\/website-image-crawler\/\">Website Image Crawler<\/a> pode digitalizar regularmente o seu website em busca de imagens n\u00e3o otimizadas e tags alt em falta, garantindo que todo o conte\u00fado visual \u00e9 adequadamente otimizado para SEO.<\/p>\n<h2 id=\"par4\">Observa\u00e7\u00f5es conclusivas<\/h2>\n<p>O <strong>Image Alt Text Checker<\/strong> \u00e9 uma ferramenta vital para melhorar o SEO e a acessibilidade do website atrav\u00e9s de auditorias abrangentes de alt-tags. Oferece uma interface de f\u00e1cil utiliza\u00e7\u00e3o com um painel unificado, simplificando o processo de identifica\u00e7\u00e3o e resolu\u00e7\u00e3o de problemas de tags alt em todo o site ou em p\u00e1ginas espec\u00edficas. Os seus relat\u00f3rios detalhados sobre as etiquetas alt, incluindo problemas e recomenda\u00e7\u00f5es, ajudam a tornar o conte\u00fado da web acess\u00edvel a todos os utilizadores, incluindo aqueles com defici\u00eancia visual. Com recursos adicionais para a otimiza\u00e7\u00e3o de SEO em todo o website, a ferramenta \u00e9 um recurso valioso para qualquer pessoa que queira melhorar a presen\u00e7a online e a experi\u00eancia do utilizador do seu website.<\/p>\n<div id=\"par5\"><\/div>\n<p><div class=\"front__faq-block\"><div class=\"faq__block-title\">FAQ<\/div><div class=\"panel-group\" id=\"faq-accordion\" itemscope itemtype=\"https:\/\/schema.org\/FAQPage\" role=\"tablist\" aria-multiselectable=\"true\"><div class=\"panel\" itemscope itemtype=\"https:\/\/schema.org\/Question\" itemprop=\"mainEntity\">\n                            <div class=\"panel-heading\" id=\"headingFaq-1\">\n                                <div class=\"panel-title\" data-toggle=\"collapse\" aria-expanded=\"false\" href=\"#collapseFaq-1\">\n                                    <h3 itemprop=\"name\">Posso utilizar o Alt Text Tester sem conhecimentos t\u00e9cnicos de SEO?<\/h3>\n                                <\/div>\n                            <\/div>\n                            <div id=\"collapseFaq-1\" class=\"panel-collapse collapse\" itemprop=\"acceptedAnswer\" itemscope itemtype=\"http:\/\/schema.org\/Answer\">\n                                <div class=\"panel-body\" itemprop=\"text\">Sim, a ferramenta foi concebida com uma interface de f\u00e1cil utiliza\u00e7\u00e3o que permite que indiv\u00edduos de todos os n\u00edveis de habilidade naveguem facilmente e utilizem os seus recursos para a otimiza\u00e7\u00e3o SEO.<\/div>\n                            <\/div>\n                        <\/div><div class=\"panel\" itemscope itemtype=\"https:\/\/schema.org\/Question\" itemprop=\"mainEntity\">\n                            <div class=\"panel-heading\" id=\"headingFaq-2\">\n                                <div class=\"panel-title\" data-toggle=\"collapse\" aria-expanded=\"false\" href=\"#collapseFaq-2\">\n                                    <h3 itemprop=\"name\">O Image Alt Tag Checker suporta processamento em batch para v\u00e1rias p\u00e1ginas?<\/h3>\n                                <\/div>\n                            <\/div>\n                            <div id=\"collapseFaq-2\" class=\"panel-collapse collapse\" itemprop=\"acceptedAnswer\" itemscope itemtype=\"http:\/\/schema.org\/Answer\">\n                                <div class=\"panel-body\" itemprop=\"text\">A ferramenta permite verificar descri\u00e7\u00f5es de imagens num dom\u00ednio inteiro, processando eficazmente v\u00e1rias p\u00e1ginas em lote.<\/div>\n                            <\/div>\n                        <\/div><div class=\"panel\" itemscope itemtype=\"https:\/\/schema.org\/Question\" itemprop=\"mainEntity\">\n                            <div class=\"panel-heading\" id=\"headingFaq-3\">\n                                <div class=\"panel-title\" data-toggle=\"collapse\" aria-expanded=\"false\" href=\"#collapseFaq-3\">\n                                    <h3 itemprop=\"name\">Existe um limite para o n\u00famero de imagens que a ferramenta pode verificar num site?<\/h3>\n                                <\/div>\n                            <\/div>\n                            <div id=\"collapseFaq-3\" class=\"panel-collapse collapse\" itemprop=\"acceptedAnswer\" itemscope itemtype=\"http:\/\/schema.org\/Answer\">\n                                <div class=\"panel-body\" itemprop=\"text\">A ferramenta n\u00e3o declara explicitamente um limite; pode auditar todas as imagens encontradas no dom\u00ednio ou p\u00e1gina especificados.<\/div>\n                            <\/div>\n                        <\/div><div class=\"panel\" itemscope itemtype=\"https:\/\/schema.org\/Question\" itemprop=\"mainEntity\">\n                            <div class=\"panel-heading\" id=\"headingFaq-4\">\n                                <div class=\"panel-title\" data-toggle=\"collapse\" aria-expanded=\"false\" href=\"#collapseFaq-4\">\n                                    <h3 itemprop=\"name\">Quanto tempo demora a executar uma verifica\u00e7\u00e3o de alt tag numa p\u00e1gina?<\/h3>\n                                <\/div>\n                            <\/div>\n                            <div id=\"collapseFaq-4\" class=\"panel-collapse collapse\" itemprop=\"acceptedAnswer\" itemscope itemtype=\"http:\/\/schema.org\/Answer\">\n                                <div class=\"panel-body\" itemprop=\"text\">O processo de digitaliza\u00e7\u00e3o come\u00e7a logo ap\u00f3s introduzir um URL e iniciar uma verifica\u00e7\u00e3o. A dura\u00e7\u00e3o pode variar consoante o n\u00famero de imagens e o tamanho da p\u00e1gina.<\/div>\n                            <\/div>\n                        <\/div><div class=\"panel\" itemscope itemtype=\"https:\/\/schema.org\/Question\" itemprop=\"mainEntity\">\n                            <div class=\"panel-heading\" id=\"headingFaq-5\">\n                                <div class=\"panel-title\" data-toggle=\"collapse\" aria-expanded=\"false\" href=\"#collapseFaq-5\">\n                                    <h3 itemprop=\"name\">O Image Alt Tags Checker fornece explica\u00e7\u00f5es para os seus avisos de SEO?<\/h3>\n                                <\/div>\n                            <\/div>\n                            <div id=\"collapseFaq-5\" class=\"panel-collapse collapse\" itemprop=\"acceptedAnswer\" itemscope itemtype=\"http:\/\/schema.org\/Answer\">\n                                <div class=\"panel-body\" itemprop=\"text\">Sim, a ferramenta oferece relat\u00f3rios detalhados com explica\u00e7\u00f5es para quaisquer problemas encontrados, incluindo corre\u00e7\u00f5es sugeridas para otimizar as descri\u00e7\u00f5es das imagens.<\/div>\n                            <\/div>\n                        <\/div><\/div><\/div><\/p>","protected":false},"excerpt":{"rendered":"O que \u00e9 o Image Alt Tag Checker? O Image Alt Tag Checker do Sitechecker \u00e9 uma ferramenta para encontrar todas as tags alt e detectar as que est\u00e3o em falta no site. A ferramenta audita todas as imagens num dom\u00ednio ou numa p\u00e1gina espec\u00edfica, identificando problemas com atributos alternativos, como a utiliza\u00e7\u00e3o em falta&#8230;","protected":false},"author":10504980,"featured_media":3419,"parent":0,"menu_order":0,"comment_status":"closed","ping_status":"closed","template":"pages-templates\/pages-minitools-3.php","meta":[],"categories":[74],"tags":[],"_links":{"self":[{"href":"https:\/\/sitechecker.pro\/pt\/wp-json\/wp\/v2\/pages\/645"}],"collection":[{"href":"https:\/\/sitechecker.pro\/pt\/wp-json\/wp\/v2\/pages"}],"about":[{"href":"https:\/\/sitechecker.pro\/pt\/wp-json\/wp\/v2\/types\/page"}],"author":[{"embeddable":true,"href":"https:\/\/sitechecker.pro\/pt\/wp-json\/wp\/v2\/users\/10504980"}],"replies":[{"embeddable":true,"href":"https:\/\/sitechecker.pro\/pt\/wp-json\/wp\/v2\/comments?post=645"}],"version-history":[{"count":78,"href":"https:\/\/sitechecker.pro\/pt\/wp-json\/wp\/v2\/pages\/645\/revisions"}],"predecessor-version":[{"id":39277,"href":"https:\/\/sitechecker.pro\/pt\/wp-json\/wp\/v2\/pages\/645\/revisions\/39277"}],"wp:featuredmedia":[{"embeddable":true,"href":"https:\/\/sitechecker.pro\/pt\/wp-json\/wp\/v2\/media\/3419"}],"wp:attachment":[{"href":"https:\/\/sitechecker.pro\/pt\/wp-json\/wp\/v2\/media?parent=645"}],"wp:term":[{"taxonomy":"category","embeddable":true,"href":"https:\/\/sitechecker.pro\/pt\/wp-json\/wp\/v2\/categories?post=645"},{"taxonomy":"post_tag","embeddable":true,"href":"https:\/\/sitechecker.pro\/pt\/wp-json\/wp\/v2\/tags?post=645"}],"curies":[{"name":"wp","href":"https:\/\/api.w.org\/{rel}","templated":true}]}}