{"id":6406,"date":"2019-04-18T11:20:27","date_gmt":"2019-04-18T11:20:27","guid":{"rendered":"https:\/\/sitechecker.pro\/?page_id=6406"},"modified":"2026-02-20T14:20:11","modified_gmt":"2026-02-20T14:20:11","slug":"rank-checker","status":"publish","type":"page","link":"https:\/\/sitechecker.pro\/pt\/rank-checker\/","title":{"rendered":"Ferramenta gratuita para verificar a classifica\u00e7\u00e3o de palavras-chave"},"content":{"rendered":"<p><\/p>\n<h2 id=\"par1\">O que \u00e9 um verificador de classifica\u00e7\u00e3o de sites?<\/h2>\n<p>A ferramenta Google Rank Checker permite-lhe avaliar as posi\u00e7\u00f5es das palavras-chave do seu website no Google, oferecendo dados de classifica\u00e7\u00e3o atuais e hist\u00f3ricos para pesquisas em computadores e dispositivos m\u00f3veis nos 100 principais resultados do Google em 155 pa\u00edses. Esta ferramenta mostra a visibilidade geral do seu website e URLs espec\u00edficos, volume de pesquisa para palavras-chave classificadas, informa\u00e7\u00f5es sobre snippets em destaque e concorr\u00eancia no SERP.<\/p>\n<h3>O verificador de classifica\u00e7\u00e3o de palavras-chave pode ajud\u00e1-lo de v\u00e1rias formas<\/h3>\n<ul>\n<li><strong>Verifica\u00e7\u00e3o da posi\u00e7\u00e3o atual:<\/strong>Encontre a classifica\u00e7\u00e3o da consulta de pesquisa onde se encontra agora e onde est\u00e3o os seus concorrentes agora. Isto permitir-lhe-\u00e1 desenvolver uma estrat\u00e9gia de SEO bem-sucedida para atingir os seus objetivos de promo\u00e7\u00e3o.\n<\/li>\n<li><strong>Carregamento de uma lista de palavras-chave alvo:<\/strong> Utilize o Rank Analyser para as consultas que planeia classificar. O Tracker ir\u00e1 mostrar estat\u00edsticas de palavras-chave, mesmo que n\u00e3o as tenha na sua Search Console.<\/li>\n<li><strong>Sugest\u00f5es de palavras-chave:<\/strong>O Google Rank Finder n\u00e3o s\u00f3 verifica as classifica\u00e7\u00f5es das frases-chave, como tamb\u00e9m sugere palavras-chave relacionadas e o seu volume de pesquisa que podem ser valiosas para o seu website.<\/li>\n<li><strong>SEO local:<\/strong>Para empresas que dependem de clientes locais, a ferramenta oferece capacidades de geolocaliza\u00e7\u00e3o. Isto significa que pode verificar a classifica\u00e7\u00e3o do website e qu\u00e3o bem est\u00e1 a avaliar palavras-alvo em cidades ou regi\u00f5es espec\u00edficas.<\/li>\n<li><strong>Telem\u00f3vel vs. Desktop:<\/strong>\u00c0 medida que a pesquisa m\u00f3vel se torna mais predominante, a ferramenta fornece dados separados para pesquisas m\u00f3veis e de desktop.<\/li>\n<li><strong>Frequ\u00eancia:<\/strong> A ferramenta SEO Ranker do website permite verifica\u00e7\u00f5es peri\u00f3dicas (1 dia, 7 dias, 30 dias, 90 dias e sempre). Isto ajuda a manter o controlo do desempenho e a compreender a volatilidade nas classifica\u00e7\u00f5es.<\/li>\n<li><strong>Visibilidade do website e visibilidade da p\u00e1gina:<\/strong>Fornece uma pontua\u00e7\u00e3o agregada do desempenho de um website nos motores de busca com base em classifica\u00e7\u00f5es coletivas de palavras-chave. Mostra como cada p\u00e1gina contribui para a visibilidade geral do website, ajudando a identificar p\u00e1ginas de alto ou baixo desempenho.<\/li>\n<li><strong>Verifica\u00e7\u00e3o de palavras-chave do concorrente:<\/strong>Verifique outros sites, como um concorrente, e saiba como est\u00e1 a progredir a sua posi\u00e7\u00e3o nos resultados de pesquisa.<\/li>\n<li><strong>Verifique as estat\u00edsticas detalhadas do SEPR:<\/strong>Para al\u00e9m de ver os dados sobre as posi\u00e7\u00f5es de qualquer palavra-chave, pode analis\u00e1-la mais a fundo. Se clicar no gr\u00e1fico junto \u00e0s frases-chave, ver\u00e1 um gr\u00e1fico mais detalhado das mudan\u00e7as de posi\u00e7\u00e3o.<\/li>\n<\/ul>\n<h3>Principais funcionalidades do Keyword Ranking Positions Finder<\/h3>\n<ul>\n<li><strong>Painel unificado. <\/strong>Este elemento oferece um centro \u00fanico onde pode supervisionar todos os dados e feedback cruciais sobre as posi\u00e7\u00f5es do seu website. Pode mostrar detalhes detalhados sobre as suas palavras-alvo, resumos de erros, representa\u00e7\u00f5es gr\u00e1ficas e afins. Um painel de controlo consolidado agiliza e simplifica a gest\u00e3o.<\/li>\n<li><strong>Interface amig\u00e1vel. <\/strong>Isto garante que a ferramenta continua a ser f\u00e1cil de utilizar, mesmo para pessoas sem conhecimentos t\u00e9cnicos. Este design abrange uma navega\u00e7\u00e3o simples, etiquetas inequ\u00edvocas, dicas pop-up informativas, entre outras funcionalidades. Um design intuitivo acelera o processo de descoberta e emprego das funcionalidades que procura.<\/li>\n<li><strong>Conjunto SEO completo. <\/strong>Al\u00e9m de verificar as classifica\u00e7\u00f5es de consultas, este conjunto de SEO abrangente pode incorporar utilit\u00e1rios para avalia\u00e7\u00f5es de SEO no local, monitoriza\u00e7\u00e3o, an\u00e1lise de links, verifica\u00e7\u00f5es de websites e muito mais. Estas fun\u00e7\u00f5es visam aumentar a proemin\u00eancia do seu website nas listas dos motores de busca, atraindo assim visitantes org\u00e2nicos para a sua plataforma.<\/li>\n<li><strong>Exportar dados em relat\u00f3rios. <\/strong>Op\u00e7\u00e3o para descarregar relat\u00f3rios . csv e . pdf para partilhar com os membros da sua equipa ou com o seu cliente.<\/li>\n<\/ul>\n<h2 id=\"par2\">Como utilizar o verificador de classifica\u00e7\u00e3o de sites do Google<\/h2>\n<h3>Passo 1: introduza o seu dom\u00ednio, regi\u00e3o de destino e idioma e clique no bot\u00e3o &#8220;Verificar classifica\u00e7\u00e3o&#8221;.<\/h3>\n<div class=\"content__img-wrap\"><img src=\"https:\/\/sitechecker.pro\/wp-content\/uploads\/2024\/06\/website-ranking-checker.png\" alt=\"Verificador de classifica\u00e7\u00e3o de palavras-chave\" class=\"description-img description-img-zoom\" loading=\"lazy\" ><\/div>\n<h3>Passo 2: Obter o resultado<\/h3>\n<p>Ap\u00f3s concluir a verifica\u00e7\u00e3o de classifica\u00e7\u00e3o do website, descobrir\u00e1 as principais consultas para as quais o seu website est\u00e1 classificado. A ferramenta fornece uma vis\u00e3o geral abrangente do tr\u00e1fego, mostrando o tr\u00e1fego estimado e a distribui\u00e7\u00e3o de palavras-chave nas 10, 11-20 e 21-100 primeiras posi\u00e7\u00f5es no SERP. Lista as principais palavras-chave juntamente com os seus URLs, posi\u00e7\u00f5es de pesquisa, volume e dados de tr\u00e1fego.<\/p>\n<div class=\"content__img-wrap\"><img src=\"https:\/\/sitechecker.pro\/wp-content\/uploads\/2024\/11\/TOP-50-in-SERP-image-min.png\" alt=\"Resultados do verificador de classifica\u00e7\u00e3o de palavras-chave\" class=\"description-img description-img-zoom\" loading=\"lazy\" ><\/div>\n<p>Os insights competitivos incluem a concorr\u00eancia de palavras-chave, o custo por clique (CPC) e o custo de tr\u00e1fego, permitindo avaliar a competitividade de mercado e as despesas com publicidade. As m\u00e9tricas detalhadas para cada palavra-chave, incluindo posi\u00e7\u00f5es exatas de classifica\u00e7\u00e3o e volume de pesquisa, ajudam a identificar palavras-chave de alto e baixo desempenho de forma eficaz.<\/p>\n<p>Inicie um teste gratuito para aceder \u00e0s suas classifica\u00e7\u00f5es completas de palavras-chave e dados SERP dos concorrentes.<\/p>\n<div class=\"content__img-wrap\"><img src=\"https:\/\/sitechecker.pro\/wp-content\/uploads\/2024\/11\/Outrack-your-competitors-min.png\" alt=\"Iniciar teste gratuito pop-up\" class=\"description-img description-img-zoom\" loading=\"lazy\" ><\/div>\n<div class=\"important-block\">Para receber resultados e acesso \u00e0s funcionalidades do Sitechecker durante 14 dias, inicie o seu teste GRATUITO. \u00c9 f\u00e1cil registar-se com o seu e-mail, conta Google ou Facebook. N\u00e3o \u00e9 necess\u00e1rio cart\u00e3o de cr\u00e9dito.<\/div>\n<h2 id=\"par3\">Caracter\u00edsticas adicionais do verificador de classifica\u00e7\u00e3o de palavras-chave<\/h2>\n<p>Al\u00e9m disso, pode n\u00e3o s\u00f3 verificar as posi\u00e7\u00f5es das palavras-chave, mas tamb\u00e9m utilizar o nosso software de verifica\u00e7\u00e3o de classifica\u00e7\u00e3o. Ajuda-o a monitorizar as classifica\u00e7\u00f5es de SEO do seu website regularmente e a descobrir quais as a\u00e7\u00f5es que levaram ao crescimento, al\u00e9m de ser o primeiro a saber quando acontecem v\u00e1rios eventos cr\u00edticos. Pode facilmente monitorizar como a corre\u00e7\u00e3o de <a href=\"https:\/\/sitechecker.pro\/website-defacement-monitoring\/\" data-wpil-monitor-id=\"98\">problemas no seu website<\/a> melhora a sua posi\u00e7\u00e3o na web e testar novas estrat\u00e9gias.<\/p>\n<p>Para tal, basta clicar em \u201cIniciar rastreio\u201d na p\u00e1gina de resultados do analisador de posi\u00e7\u00e3o.<\/p>\n<div class=\"content__img-wrap\"><img src=\"https:\/\/sitechecker.pro\/wp-content\/uploads\/2024\/11\/Start-tracking-min.png\" alt=\"Iniciar rastreio\" class=\"description-img description-img-zoom\" loading=\"lazy\" ><\/div>\n<p>Ap\u00f3s clicar no bot\u00e3o \u201cIniciar rastreio\u201d, as consultas encontradas ser\u00e3o adicionadas \u00e0 p\u00e1gina de configura\u00e7\u00e3o do rastreador:<\/p>\n<p>[url da imagem=&#8221;https:\/\/sitechecker.pro\/wp-content\/uploads\/2024\/06\/image6-min.png&#8221; alt=&#8221;configura\u00e7\u00e3o do rastreador de classifica\u00e7\u00e3o&#8221;]<\/p>\n<p>Escolha as principais consultas que pretende rastrear, ajuste os par\u00e2metros de pesquisa para as mesmas (dispositivos, pa\u00eds, SEO local) e, se necess\u00e1rio, agrupe as principais consultas de um cluster (t\u00f3pico) em grupos diferentes.<\/p>\n<p>Agrupe as palavras-chave por categorias e p\u00e1ginas para acompanhar facilmente o progresso de cada grupo de palavras-chave. Clique em \u201cGuardar\u201d.<\/p>\n<div class=\"content__img-wrap\"><img src=\"https:\/\/sitechecker.pro\/wp-content\/uploads\/2024\/06\/image1-min.png\" alt=\"Grupos de palavras-chave\" class=\"description-img description-img-zoom\" loading=\"lazy\" ><\/div>\n<p>Depois de configurar as suas frases-chave de rastreio, ter\u00e1 acesso a uma grande variedade de recursos que lhe fornecem insights e an\u00e1lises aprofundados. D\u00ea algum tempo para que a ferramenta recolha mais dados para resultados ideais \u2013 com esta informa\u00e7\u00e3o em m\u00e3os, as tend\u00eancias nas suas classifica\u00e7\u00f5es podem ser identificadas e monitorizadas ao vivo.<\/p>\n<h3>Analise a classifica\u00e7\u00e3o e a visibilidade do seu website na pesquisa Google<\/h3>\n<p>Para visualizar as classifica\u00e7\u00f5es de consulta de pesquisa do seu website, clique no separador &#8220;Palavras-chave&#8221;. Isto ir\u00e1 exibir todos os termos para os quais o seu site est\u00e1 classificado nos resultados de pesquisa:<\/p>\n<div class=\"content__img-wrap\"><img src=\"https:\/\/sitechecker.pro\/wp-content\/uploads\/2024\/06\/image9-min.png\" alt=\"Classifica\u00e7\u00f5es de palavras-chave\" class=\"description-img description-img-zoom\" loading=\"lazy\" ><\/div>\n<p>Nesta sec\u00e7\u00e3o, pode visualizar as tend\u00eancias de classifica\u00e7\u00e3o de palavras-chave na pesquisa TOP-100 do Google. Filtre facilmente frases-chave por posi\u00e7\u00e3o, volume de pesquisa ou agrupamentos, categorizando-as com base nas suas ofertas de produtos ou servi\u00e7os para monitorizar a din\u00e2mica de desempenho.<\/p>\n<p>Utilizando o gr\u00e1fico, pode avaliar visualmente a posi\u00e7\u00e3o do seu website em per\u00edodos di\u00e1rios, semanais ou mensais. Tamb\u00e9m pode identificar quando foram adicionadas palavras-chave para monitoriza\u00e7\u00e3o, fazer anota\u00e7\u00f5es e at\u00e9 mesmo rastrear atualiza\u00e7\u00f5es do Google.<\/p>\n<p>A taxa de visibilidade mede o potencial de obter mais tr\u00e1fego de palavras-chave classificadas. A visibilidade \u00e9 calculada atrav\u00e9s de um \u00edndice baseado nas posi\u00e7\u00f5es das frases-chave.<\/p>\n<div class=\"content__img-wrap\"><img src=\"https:\/\/sitechecker.pro\/wp-content\/uploads\/2024\/06\/image5-min.png\" alt=\"Visibilidade das palavras-chave\" class=\"description-img description-img-zoom\" loading=\"lazy\" ><\/div>\n<p>O gr\u00e1fico permite monitorizar como as atualiza\u00e7\u00f5es do Google afetam a visibilidade do seu website nos resultados de pesquisa.<\/p>\n<p>A funcionalidade An\u00e1lise de Concorrentes no Verificador de Classifica\u00e7\u00e3o de Sites permite-lhe acompanhar e comparar o desempenho do SERP entre dom\u00ednios concorrentes.<\/p>\n<div class=\"content__img-wrap\"><img src=\"https:\/\/sitechecker.pro\/wp-content\/uploads\/2024\/11\/Competitor-Analysis.png\" alt=\"An\u00e1lise do Concorrente\" class=\"description-img description-img-zoom\" loading=\"lazy\" ><\/div>\n<p>Pode acompanhar as altera\u00e7\u00f5es de cada concorrente e compar\u00e1-las diretamente com o desempenho do seu website.<\/p>\n<p>O Rank Tracker fornece insights abrangentes sobre o desempenho do seu website, mostrando as classifica\u00e7\u00f5es de palavras-chave, a visibilidade e a an\u00e1lise da concorr\u00eancia. Categoriza as posi\u00e7\u00f5es das palavras-chave do top 1 ao top 100 e acompanha a percentagem geral de visibilidade. A ferramenta tamb\u00e9m compara o desempenho do seu website com o dos concorrentes e permite ajustar par\u00e2metros de pesquisa como dispositivos, pa\u00edses e SEO local para um rastreio personalizado.<\/p>\n<div class=\"content__img-wrap\"><img src=\"https:\/\/sitechecker.pro\/wp-content\/uploads\/2024\/06\/image4-min.png\" alt=\"Classifica\u00e7\u00f5es de palavras-chave dos concorrentes\" class=\"description-img description-img-zoom\" loading=\"lazy\" ><\/div>\n<p>A tabela abaixo exibe palavras-chave juntamente com as suas posi\u00e7\u00f5es e as p\u00e1ginas correspondentes.<\/p>\n<div class=\"content__img-wrap\"><img src=\"https:\/\/sitechecker.pro\/wp-content\/uploads\/2024\/06\/image11-min.png\" alt=\"palavras-chave com as suas classifica\u00e7\u00f5es\" class=\"description-img description-img-zoom\" loading=\"lazy\" ><\/div>\n<p>Pode filtrar as altera\u00e7\u00f5es de classifica\u00e7\u00e3o por dia, agrupar as posi\u00e7\u00f5es por TOPs e escolher grupos de palavras-chave espec\u00edficos. Descubra as caracter\u00edsticas SERP para cada palavra-chave, o URL classificado e as tend\u00eancias de posi\u00e7\u00e3o da frase-chave. A funcionalidade de exporta\u00e7\u00e3o \u00e9 crucial para an\u00e1lises de dados aprofundadas e para partilha com clientes ou colegas.<\/p>\n<p>Al\u00e9m disso, ao selecionar \u201cAn\u00e1lise SERP de palavras-chave\u201d, pode visualizar os seus concorrentes para uma palavra-chave espec\u00edfica e comparar a sua posi\u00e7\u00e3o na pesquisa com a deles.<\/p>\n<div class=\"content__img-wrap\"><img src=\"https:\/\/sitechecker.pro\/wp-content\/uploads\/2024\/06\/image10-min.png\" alt=\"SERP\" class=\"description-img description-img-zoom\" loading=\"lazy\" ><\/div>\n<p>Com os <a href=\"https:\/\/sitechecker.pro\/serp-alerts\/\">Alertas SERP<\/a>, receber\u00e1 notifica\u00e7\u00f5es sobre quaisquer altera\u00e7\u00f5es significativas na classifica\u00e7\u00e3o, garantindo que se mant\u00e9m \u00e0 frente dos seus concorrentes e pode ajustar a sua estrat\u00e9gia de SEO.<\/p>\n<h2 id=\"par4\">Resumo<\/h2>\n<p>O SEO Ranking Checker \u00e9 uma ferramenta de SEO robusta que avalia a classifica\u00e7\u00e3o de palavras-chave e URLs nas pesquisas do Google em 155 pa\u00edses, essencial tanto para desktops como para dispositivos m\u00f3veis. Apresenta a visibilidade geral do website, a posi\u00e7\u00e3o da p\u00e1gina nos resultados de pesquisa, o volume de pesquisa por palavra-chave, os detalhes dos snippets e a concorr\u00eancia SERP. Com um painel centrado no utilizador, capacidades de geolocaliza\u00e7\u00e3o e monitoriza\u00e7\u00e3o regular, simplifica a cria\u00e7\u00e3o de estrat\u00e9gias. O Keyword Ranking Checker suporta a exporta\u00e7\u00e3o de dados, fornece insights sobre o potencial de tr\u00e1fego atrav\u00e9s da taxa de visibilidade e destaca o conte\u00fado que gera snippets. Tamb\u00e9m oferece insights sobre a din\u00e2mica de classifica\u00e7\u00e3o de URL e os impactos das atualiza\u00e7\u00f5es do Google, o que o torna uma ferramenta essencial em SEO.<\/p>\n<div id=\"par5\"><\/div>\n<p><div class=\"front__faq-block\"><div class=\"faq__block-title\">FAQ<\/div><div class=\"panel-group\" id=\"faq-accordion\" itemscope itemtype=\"https:\/\/schema.org\/FAQPage\" role=\"tablist\" aria-multiselectable=\"true\"><div class=\"panel\" itemscope itemtype=\"https:\/\/schema.org\/Question\" itemprop=\"mainEntity\">\n                            <div class=\"panel-heading\" id=\"headingFaq-1\">\n                                <div class=\"panel-title\" data-toggle=\"collapse\" aria-expanded=\"false\" href=\"#collapseFaq-1\">\n                                    <h3 itemprop=\"name\">Como posso verificar a posi\u00e7\u00e3o da minha consulta de pesquisa gratuitamente?<\/h3>\n                                <\/div>\n                            <\/div>\n                            <div id=\"collapseFaq-1\" class=\"panel-collapse collapse\" itemprop=\"acceptedAnswer\" itemscope itemtype=\"http:\/\/schema.org\/Answer\">\n                                <div class=\"panel-body\" itemprop=\"text\">Utilize o Verificador de Classifica\u00e7\u00e3o de Palavras-chave SEO. Basta introduzir o seu dom\u00ednio para visualizar a classifica\u00e7\u00e3o da sua consulta.<\/div>\n                            <\/div>\n                        <\/div><div class=\"panel\" itemscope itemtype=\"https:\/\/schema.org\/Question\" itemprop=\"mainEntity\">\n                            <div class=\"panel-heading\" id=\"headingFaq-2\">\n                                <div class=\"panel-title\" data-toggle=\"collapse\" aria-expanded=\"false\" href=\"#collapseFaq-2\">\n                                    <h3 itemprop=\"name\">Quantas palavras-chave devo utilizar para SEO?<\/h3>\n                                <\/div>\n                            <\/div>\n                            <div id=\"collapseFaq-2\" class=\"panel-collapse collapse\" itemprop=\"acceptedAnswer\" itemscope itemtype=\"http:\/\/schema.org\/Answer\">\n                                <div class=\"panel-body\" itemprop=\"text\">N\u00e3o existe um n\u00famero fixo. Foco principalmente na qualidade e relev\u00e2ncia. Garanta uma mistura de frases-chave prim\u00e1rias e de cauda longa com base no seu conte\u00fado.<\/div>\n                            <\/div>\n                        <\/div><div class=\"panel\" itemscope itemtype=\"https:\/\/schema.org\/Question\" itemprop=\"mainEntity\">\n                            <div class=\"panel-heading\" id=\"headingFaq-3\">\n                                <div class=\"panel-title\" data-toggle=\"collapse\" aria-expanded=\"false\" href=\"#collapseFaq-3\">\n                                    <h3 itemprop=\"name\">Posso acompanhar as classifica\u00e7\u00f5es locais num Rastreador de Classifica\u00e7\u00e3o?<\/h3>\n                                <\/div>\n                            <\/div>\n                            <div id=\"collapseFaq-3\" class=\"panel-collapse collapse\" itemprop=\"acceptedAnswer\" itemscope itemtype=\"http:\/\/schema.org\/Answer\">\n                                <div class=\"panel-body\" itemprop=\"text\">Sim, o Verificador de posi\u00e7\u00e3o de palavras-chave online oferece capacidades de geolocaliza\u00e7\u00e3o, permitindo acompanhar n\u00e3o s\u00f3 posi\u00e7\u00f5es globais, mas tamb\u00e9m cidades ou regi\u00f5es espec\u00edficas.<\/div>\n                            <\/div>\n                        <\/div><\/div><\/div><\/p>","protected":false},"excerpt":{"rendered":"O que \u00e9 um verificador de classifica\u00e7\u00e3o de sites? A ferramenta Google Rank Checker permite-lhe avaliar as posi\u00e7\u00f5es das palavras-chave do seu website no Google, oferecendo dados de classifica\u00e7\u00e3o atuais e hist\u00f3ricos para pesquisas em computadores e dispositivos m\u00f3veis nos 100 principais resultados do Google em 155 pa\u00edses. Esta ferramenta mostra a visibilidade geral do&#8230;","protected":false},"author":10409641,"featured_media":6422,"parent":0,"menu_order":0,"comment_status":"closed","ping_status":"closed","template":"pages-templates\/pages-minitools-3.php","meta":[],"categories":[75],"tags":[],"_links":{"self":[{"href":"https:\/\/sitechecker.pro\/pt\/wp-json\/wp\/v2\/pages\/6406"}],"collection":[{"href":"https:\/\/sitechecker.pro\/pt\/wp-json\/wp\/v2\/pages"}],"about":[{"href":"https:\/\/sitechecker.pro\/pt\/wp-json\/wp\/v2\/types\/page"}],"author":[{"embeddable":true,"href":"https:\/\/sitechecker.pro\/pt\/wp-json\/wp\/v2\/users\/10409641"}],"replies":[{"embeddable":true,"href":"https:\/\/sitechecker.pro\/pt\/wp-json\/wp\/v2\/comments?post=6406"}],"version-history":[{"count":131,"href":"https:\/\/sitechecker.pro\/pt\/wp-json\/wp\/v2\/pages\/6406\/revisions"}],"predecessor-version":[{"id":39439,"href":"https:\/\/sitechecker.pro\/pt\/wp-json\/wp\/v2\/pages\/6406\/revisions\/39439"}],"wp:featuredmedia":[{"embeddable":true,"href":"https:\/\/sitechecker.pro\/pt\/wp-json\/wp\/v2\/media\/6422"}],"wp:attachment":[{"href":"https:\/\/sitechecker.pro\/pt\/wp-json\/wp\/v2\/media?parent=6406"}],"wp:term":[{"taxonomy":"category","embeddable":true,"href":"https:\/\/sitechecker.pro\/pt\/wp-json\/wp\/v2\/categories?post=6406"},{"taxonomy":"post_tag","embeddable":true,"href":"https:\/\/sitechecker.pro\/pt\/wp-json\/wp\/v2\/tags?post=6406"}],"curies":[{"name":"wp","href":"https:\/\/api.w.org\/{rel}","templated":true}]}}