{"id":6404,"date":"2020-07-18T11:19:35","date_gmt":"2020-07-18T09:19:35","guid":{"rendered":"https:\/\/sitechecker.pro\/?page_id=6404"},"modified":"2026-02-19T14:46:56","modified_gmt":"2026-02-19T14:46:56","slug":"traffic-checker","status":"publish","type":"page","link":"https:\/\/sitechecker.pro\/pt\/traffic-checker\/","title":{"rendered":"Verificador de Tr\u00e1fego de Sites: An\u00e1lise as Estat\u00edsticas de Views dum Site \u1408"},"content":{"rendered":"<p><\/p>\n<h2 id=\"ik_traff_esimator\">O que \u00e9 um Estimador de tr\u00e1fego de website?<\/h2>\n<p>\u00c9 uma ferramenta essencial para qualquer propriet\u00e1rio de site ou profissional de marketing que busca otimizar sua presen\u00e7a online. Nosso verificador de <a href=\"https:\/\/sitechecker.pro\/what-is-website-traffic\/\" rel=\"noopener noreferrer\" target=\"_blank\">tr\u00e1fego do site<\/a> \u00e9 uma ferramenta de an\u00e1lise de dados vers\u00e1til e poderosa projetado para ajud\u00e1-lo a rastrear, analisar e otimizar o desempenho do seu site.<\/p>\n<h3>Principais recursos do verificador de tr\u00e1fego de dom\u00ednio:<\/h3>\n<ul>\n<li><strong>Painel All-in-One: <\/strong>Acesse dados abrangentes do Google Analytics, Google Search Console e SERP em um local conveniente, economizando tempo e esfor\u00e7o.<\/li>\n<li><strong>Interface f\u00e1cil de usar: <\/strong>com pain\u00e9is f\u00e1ceis de usar, nossa pesquisa de tr\u00e1fego na web torna mais f\u00e1cil do que nunca navegar entre as m\u00e9tricas do seu site sem problemas e descobrir oportunidades de crescimento.<\/li>\n<li><strong>An\u00e1lise da concorr\u00eancia: <\/strong>mantenha-se \u00e0 frente da concorr\u00eancia analisando <a href=\"https:\/\/sitechecker.pro\/what-is-organic-traffic\/\" rel=\"noopener noreferrer\" target=\"_blank\">dados de tr\u00e1fego org\u00e2nico<\/a>, visibilidade SERP e principais palavras-chave geradoras de tr\u00e1fego de seus concorrentes. Aproveite esses insights para otimizar seu site e superar seus rivais.<\/li>\n<li><strong>Recursos da plataforma global de SEO:<\/strong>Nossa plataforma global de SEO oferece muito mais do que apenas an\u00e1lise de dados de tr\u00e1fego. O <a href=\"https:\/\/sitechecker.pro\/pt\/\" rel=\"noopener noreferrer\" target=\"_blank\">Sitechecker<\/a> inclui uma variedade de funcionalidades, como auditorias de SEO (na p\u00e1gina e fora da p\u00e1gina), <a href=\"https:\/\/sitechecker.pro\/rank-tracker\/\" rel=\"noopener noreferrer\" target=\"_blank\">rastreamento de classifica\u00e7\u00e3o<\/a>, monitoramento de sites e muito mais. Com essa an\u00e1lise de dados \u00fatil, voc\u00ea pode facilmente eliminar amea\u00e7as e prever oportunidades.<\/li>\n<\/ul>\n<h2 id=\"ik_Importance\">Import\u00e2ncia da an\u00e1lise e monitoramento do tr\u00e1fego da Web<\/h2>\n<p>Analisar os dados de tr\u00e1fego do seu site \u00e9 crucial para promover a presen\u00e7a on-line e aumentar as vendas e os visitantes da pesquisa org\u00e2nica. Independentemente do tamanho do seu site ou do n\u00famero de usu\u00e1rios, o usu\u00e1rio regular <a href=\"https:\/\/sitechecker.pro\/pages-per-session-metric\/\" rel=\"noopener noreferrer\" target=\"_blank\">sess\u00e3o <\/a> auditorias s\u00e3o essenciais.<\/p>\n<p>Nossa ferramenta fornece informa\u00e7\u00f5es valiosas sobre os visitantes do seu site, incluindo suas fontes (org\u00e2nicas, <a href=\"https:\/\/sitechecker.pro\/what-is-direct-traffic\/\" rel=\"noopener noreferrer\" target=\"_blank\"> direto<\/a>, <a href=\"https:\/\/sitechecker.pro\/what-is-paid-traffic\/\" rel=\"noopener noreferrer\" target=\"_blank\">pago<\/a>, <a href=\"https:\/\/sitechecker.pro\/what-is-social-traffic\/\" rel=\"noopener noreferrer\" target=\"_blank\">social<\/a>, <a href=\"https:\/\/sitechecker.pro\/what -is-referral-traffic\/\" rel=\"noopener noreferrer\" target=\"_blank\">refer\u00eancia<\/a>, e-mail etc.) e comportamento, al\u00e9m de oferecer insights para otimizar seu site identificando \u00e1reas que precisam ser melhoradas. Quanto mais dados detalhados voc\u00ea processar, melhores e mais precisos resultados voc\u00ea obter\u00e1.<\/p>\n<p>Se voc\u00ea n\u00e3o est\u00e1 monitorando o desempenho e a classifica\u00e7\u00e3o do seu site, est\u00e1 perdendo visitantes em potencial e novos usu\u00e1rios constantemente. Todos os dias, h\u00e1 novas m\u00e9tricas de engajamento para medir o sucesso de um site, mas os fundamentos das verifica\u00e7\u00f5es de tr\u00e1fego do site permanecem vitais.<\/p>\n<p>Criamos um guia em v\u00eddeo para ajud\u00e1-lo a se aprofundar na estimativa de tr\u00e1fego e utilizar todos os recursos que nosso localizador de tr\u00e1fego oferece.<\/p>\n<p><iframe title=\"YouTube video player\" src=\"https:\/\/www.youtube-nocookie.com\/embed\/AWQ_s7QLjsE\" width=\"700\" height=\"350\" frameborder=\"0\" allowfullscreen=\"allowfullscreen\">< span data-mce-type=\"bookmark\" style=\"display: inline-block; width: 0px; overflow: hidden; line-height: 0;\" class=\"mce_SELRES_start\">\ufeff<\/span><\/iframe><\/p>\n<h2 id=\"ik_how_to\">Como usar a ferramenta?<\/h2>\n<h3>Etapa 1: insira o dom\u00ednio para o qual deseja verificar o tr\u00e1fego e clique no bot\u00e3o &#8220;Verificar tr\u00e1fego&#8221;<\/h3>\n<div class=\"content__img-wrap\"><img src=\"https:\/\/sitechecker.pro\/wp-content\/uploads\/2023\/06\/traffic_checker_start.png\" alt=\"Como usar o verificador de tr\u00e1fego da web passo 1\" class=\"description-img description-img-zoom\" loading=\"lazy\" ><\/div>\n<div class=\"important-block\">Observa\u00e7\u00e3o: para receber os resultados e acessar os recursos do Sitechecker por 14 dias, inicie sua avalia\u00e7\u00e3o GRATUITA. A inscri\u00e7\u00e3o \u00e9 f\u00e1cil com seu e-mail, Google ou conta do Facebook. N\u00c3O \u00e9 necess\u00e1rio cart\u00e3o de cr\u00e9dito.<\/div>\n<h3>Etapa 2: Especifique o site para o qual voc\u00ea gostaria de acessar os dados de tr\u00e1fego<\/h3>\n<p>Nossa poderosa ferramenta fornece acesso f\u00e1cil aos dados de tr\u00e1fego para seu pr\u00f3prio site e seus concorrentes. Tamb\u00e9m inclu\u00edmos uma variedade de recursos valiosos para ajud\u00e1-lo a obter insights mais profundos em ambos os cen\u00e1rios. O uso desses recursos fornece uma melhor compreens\u00e3o de seu desempenho on-line e uma vantagem competitiva em seu setor. Ao responder se \u00e9 o seu site ou n\u00e3o, voc\u00ea nos ajuda a preparar o painel certo para as suas necessidades.<\/p>\n<div class=\"content__img-wrap\"><img src=\"https:\/\/sitechecker.pro\/wp-content\/uploads\/2023\/03\/traffic_checker_site_choose.png\" alt=\"Como usar o verificador de tr\u00e1fego da web passo 2 - especifique o site\" class=\"description-img description-img-zoom\" loading=\"lazy\" ><\/div>\n<h3>Etapa 3: acesse seus resultados e aproveite nossos recursos avan\u00e7ados<\/h3>\n<h3 id=\"ik_own_website\">Para seu pr\u00f3prio site<\/h3>\n<p>Para acessar os dados do seu pr\u00f3prio site, basta selecionar <strong>&#8216;Sim, \u00e9 meu&#8217;<\/strong> e conectar suas contas GA e GSC. Esse recurso fant\u00e1stico pode realmente ser \u00fatil para administradores de sites, SEOs e profissionais de marketing. Ele permite que voc\u00ea monitore o tr\u00e1fego do site das duas melhores plataformas de an\u00e1lise, tudo em um s\u00f3 lugar. Tamb\u00e9m criamos pain\u00e9is personalizados com informa\u00e7\u00f5es valiosas.<\/p>\n<div class=\"content__img-wrap\"><img src=\"https:\/\/sitechecker.pro\/wp-content\/uploads\/2023\/03\/traffic_checker_own_site.png\" alt=\"Traffic checker - conecte GA e GSC\" class=\"description-img description-img-zoom\" loading=\"lazy\" ><\/div>\n<p>D\u00ea uma olhada em nossos pain\u00e9is gerais de tr\u00e1fego que fornecem informa\u00e7\u00f5es sobre todos os visitantes e tr\u00e1fego org\u00e2nico do Google Analytics. Os dados representados na visibilidade s\u00e3o baseados em suas palavras-chave de classifica\u00e7\u00e3o superior, enquanto outros, como impress\u00f5es, cliques, taxas de cliques (CTR), posi\u00e7\u00f5es e palavras-chave de classifica\u00e7\u00e3o, s\u00e3o baseados nas principais m\u00e9tricas do Google Search Console.<\/p>\n<div class=\"content__img-wrap\"><img src=\"https:\/\/sitechecker.pro\/wp-content\/uploads\/2023\/05\/traffic_step_3-1.png\" alt=\"Verificador de tr\u00e1fego - use os pain\u00e9is de tr\u00e1fego\" class=\"description-img description-img-zoom\" loading=\"lazy\" ><\/div>\n<p>Para acompanhar a din\u00e2mica do seu site sem problemas, nossos pain\u00e9is tamb\u00e9m possuem muitos outros insights aprofundados com uma interface amig\u00e1vel. Por exemplo, se voc\u00ea tiver dados de com\u00e9rcio eletr\u00f4nico no Google Analytics, poder\u00e1 acessar dados de vendas e correla\u00e7\u00f5es com o tr\u00e1fego. Isso fornece uma vis\u00e3o completa do desempenho da receita do seu site. Al\u00e9m disso, \u00e9 f\u00e1cil verificar os dados de um intervalo de tempo espec\u00edfico, seja di\u00e1rio, semanal ou mensal.<\/p>\n<div class=\"content__img-wrap\"><img src=\"https:\/\/sitechecker.pro\/wp-content\/uploads\/2023\/05\/traffic_step_3-2.png\" alt=\"Traffic checker - GA data\" class=\"description-img description-img-zoom\" loading=\"lazy\" ><\/div>\n<p>Se voc\u00ea estiver interessado em informa\u00e7\u00f5es do GSC, confira o quadro que inclui desempenho, posi\u00e7\u00f5es, visibilidade, 100 principais palavras-chave e 100 principais p\u00e1ginas de destino.<\/p>\n<div class=\"content__img-wrap\"><img src=\"https:\/\/sitechecker.pro\/wp-content\/uploads\/2023\/05\/traffic_step_3-3.png\" alt=\"Verificador de tr\u00e1fego - dados GSC\" class=\"description-img description-img-zoom\" loading=\"lazy\" ><\/div>\n<p>Um quadro semelhante \u00e9 para as palavras-chave do rastreador de classifica\u00e7\u00e3o.<\/p>\n<div class=\"content__img-wrap\"><img src=\"https:\/\/sitechecker.pro\/wp-content\/uploads\/2023\/05\/traffic_step_3-4.png\" alt=\"Traffic checker - Rank Tracker data\" class=\"description-img description-img-zoom\" loading=\"lazy\" ><\/div>\n<p>Se voc\u00ea possui v\u00e1rios sites, trabalha para uma ag\u00eancia de SEO ou gerencia um grande site empresarial, nossa ferramenta possui um recurso espec\u00edfico que voc\u00ea apreciar\u00e1. O painel do projeto permite rastrear o tr\u00e1fego e outras m\u00e9tricas de desempenho para uma grande quantidade de sites que voc\u00ea ou seus clientes possuem. Como alternativa, voc\u00ea pode separar um grande projeto em partes ou idiomas espec\u00edficos, por exemplo, e acompanh\u00e1-los individualmente.<\/p>\n<div class=\"content__img-wrap\"><img src=\"https:\/\/sitechecker.pro\/wp-content\/uploads\/2023\/05\/traffic_step_3-5.png\" alt=\"Verificador de tr\u00e1fego - projetos diferentes\" class=\"description-img description-img-zoom\" loading=\"lazy\" ><\/div>\n<p>Se voc\u00ea precisa fazer relat\u00f3rios para seus clientes, n\u00f3s o cobrimos. N\u00f3s j\u00e1 os criamos para voc\u00ea, ent\u00e3o tudo que voc\u00ea precisa fazer \u00e9 baix\u00e1-los ou compartilh\u00e1-los.<\/p>\n<div class=\"content__img-wrap\"><img src=\"https:\/\/sitechecker.pro\/wp-content\/uploads\/2023\/05\/traffic_step_3-6.png\" alt=\"Verificador de tr\u00e1fego - relat\u00f3rios\" class=\"description-img description-img-zoom\" loading=\"lazy\" ><\/div>\n<h3 id=\"ik_competitors_website\">Para an\u00e1lise de sites concorrentes<\/h3>\n<p>Em primeiro lugar, recomendamos selecionar uma regi\u00e3o espec\u00edfica para garantir que os dados sejam claros, atualizados e forne\u00e7am informa\u00e7\u00f5es sobre a situa\u00e7\u00e3o do mercado local para an\u00e1lise.<\/p>\n<div class=\"content__img-wrap\"><img src=\"https:\/\/sitechecker.pro\/wp-content\/uploads\/2023\/05\/traffic_checker_competitor.png\" alt=\"Teste do concorrente verificador de tr\u00e1fego\" class=\"description-img description-img-zoom\" loading=\"lazy\" ><\/div>\n<p>Vamos dar uma olhada nos principais elementos de um estimador de tr\u00e1fego do site e considerar como eles ajudam voc\u00ea a avaliar seus concorrentes.<\/p>\n<div class=\"content__img-wrap\"><img src=\"https:\/\/sitechecker.pro\/wp-content\/uploads\/2023\/05\/traffic_checker_competitor_results.png\" alt=\"Resultados do concorrente verificador de tr\u00e1fego\" class=\"description-img description-img-zoom\" loading=\"lazy\" ><\/div>\n<p><strong>Tr\u00e1fego org\u00e2nico:<\/strong> \u00e9 gerado a partir da taxa de cliques (CTR) e do volume de pesquisa associado a cada palavra-chave para a qual o dom\u00ednio \u00e9 classificado.<\/p>\n<p><strong>Valor do tr\u00e1fego:<\/strong> representa a despesa associada ao direcionamento do volume de tr\u00e1fego org\u00e2nico mensal estimado por meio de publicidade paga por clique (PPC) na Pesquisa do Google. Isso fornece uma compreens\u00e3o do valor financeiro potencial do tr\u00e1fego.<\/p>\n<p><strong>Posi\u00e7\u00f5es da p\u00e1gina de resultados do mecanismo de pesquisa org\u00e2nico (SERP):<\/strong> essa m\u00e9trica exibe o n\u00famero de palavras-chave para as quais um concorrente classifica em v\u00e1rias posi\u00e7\u00f5es da SERP: top 1, 2-3, 4-10, 11-20, 21 -30, 31-50, 51-70 e 71-100. Ele oferece informa\u00e7\u00f5es sobre a visibilidade geral do concorrente nos resultados de pesquisa.<\/p>\n<p>Al\u00e9m disso, a estimativa de tr\u00e1fego de nosso concorrente inclui um recurso adicional, Principais palavras-chave. Esse recurso permite que voc\u00ea examine as 30+ principais palavras-chave para as quais o site classifica. Cada palavra-chave \u00e9 acompanhada por seu URL relevante na SERP, posi\u00e7\u00e3o nos resultados de pesquisa, volume m\u00e9dio de pesquisa mensal, custo por clique (CPC) do Google Ads e as principais localiza\u00e7\u00f5es geogr\u00e1ficas onde o site classifica para a palavra-chave.<\/p>\n<div class=\"content__img-wrap\"><img src=\"https:\/\/sitechecker.pro\/wp-content\/uploads\/2023\/05\/traffic_checker_competitor_keywords.png\" alt=\"Palavras-chave do concorrente verificador de tr\u00e1fego\" class=\"description-img description-img-zoom\" loading=\"lazy\" ><\/div>\n<p>Se voc\u00ea estiver interessado n\u00e3o apenas em calcular os visitantes do site da concorr\u00eancia, mas tamb\u00e9m em avaliar seu desempenho t\u00e9cnico de SEO, aproveite nosso recurso de auditoria de SEO.<\/p>\n<div class=\"content__img-wrap\"><img src=\"https:\/\/sitechecker.pro\/wp-content\/uploads\/2023\/05\/traffic_checker_competitor_audit.png\" alt=\"Recurso de auditoria do concorrente verificador de tr\u00e1fego\" class=\"description-img description-img-zoom\" loading=\"lazy\" ><\/div>\n    <div class=\"blog__conversion blog__conversion-app element__logged_out\">\n        <div class=\"blog__conversion-inner\">\n            <p class=\"title\">Desbloqueie o poder do desempenho do seu site com nossa ferramenta Verificador de Tr\u00e1fego!<\/p>\n            <p class=\"description\">Mergulhe fundo no desempenho do seu site e fique \u00e0 frente de seus concorrentes com nossa ferramenta avan\u00e7ada de verifica\u00e7\u00e3o de tr\u00e1fego.<\/p>\n            <form id=\"audit__form\"\n                  class=\"article__seo-search audit__form Mergulhe fundo no desempenho do seu site e fique \u00e0 frente de seus concorrentes com nossa ferramenta avan\u00e7ada de verifica\u00e7\u00e3o de tr\u00e1fego.\"\n                  action=\"\"\n                  method=\"POST\"\n                  autocomplete=\"off\">\n                <span class=\"error\"><\/span>\n                <div class=\"error__limits\">Something went wrong. Please, try again later.<\/div>\n                <input name=\"url\"\n                       type=\"text\"\n                       placeholder=\"\">\n                <input name=\"register_url\" type=\"hidden\" value=\"traffic-checker\">                <button type=\"submit\"\n                        class=\"sitechecker__text\">\n                    <span>Verifique o tr\u00e1fego<\/span>\n                    <img src=\"\/wp-content\/themes\/sitechecker\/out\/img_design\/loading.svg\"\n                         width=\"31\"\n                         height=\"30\"\n                         class=\"loading\">\n                <\/button>\n            <\/form>\n        <\/div>\n    <\/div>\n    \n<h2 id=\"ik_Final\">Considera\u00e7\u00f5es finais sobre o verificador de visitantes do site<\/h2>\n<p>Nossa ferramenta \u00e9 uma solu\u00e7\u00e3o universal para v\u00e1rias necessidades de an\u00e1lise de visitantes. Voc\u00ea pode us\u00e1-lo para agregar dados de GA, GSC e SERP em um s\u00f3 lugar. Com pain\u00e9is de configura\u00e7\u00e3o totalmente autom\u00e1ticos, voc\u00ea pode obter informa\u00e7\u00f5es \u00fateis e se concentrar nos dados que lhe dar\u00e3o os melhores resultados. Al\u00e9m disso, voc\u00ea pode us\u00e1-lo para an\u00e1lises de mercado e verifica\u00e7\u00f5es de concorrentes, incluindo estimativa de tr\u00e1fego org\u00e2nico e avalia\u00e7\u00e3o de pre\u00e7os. Descubra quais palavras-chave d\u00e3o a seus rivais a melhor visibilidade e resultados de tr\u00e1fego para melhorar seu pr\u00f3prio desempenho. Pode ser uma \u00f3tima solu\u00e7\u00e3o para controlar e analisar o tr\u00e1fego em um s\u00f3 lugar.<\/p>\n<div id=\"FAQ\"><\/div>\n<p><div class=\"front__faq-block\"><div class=\"faq__block-title\">FAQ<\/div><div class=\"panel-group\" id=\"faq-accordion\" itemscope itemtype=\"https:\/\/schema.org\/FAQPage\" role=\"tablist\" aria-multiselectable=\"true\"><div class=\"panel\" itemscope itemtype=\"https:\/\/schema.org\/Question\" itemprop=\"mainEntity\">\n                            <div class=\"panel-heading\" id=\"headingFaq-1\">\n                                <div class=\"panel-title\" data-toggle=\"collapse\" aria-expanded=\"false\" href=\"#collapseFaq-1\">\n                                    <h3 itemprop=\"name\">Posso verificar o tr\u00e1fego do site gratuitamente?<\/h3>\n                                <\/div>\n                            <\/div>\n                            <div id=\"collapseFaq-1\" class=\"panel-collapse collapse\" itemprop=\"acceptedAnswer\" itemscope itemtype=\"http:\/\/schema.org\/Answer\">\n                                <div class=\"panel-body\" itemprop=\"text\">Sim! Com nosso analisador de tr\u00e1fego do site, voc\u00ea pode iniciar um teste gratuito por 14 dias e obter acesso total aos recursos de nossa ferramenta. No entanto, ap\u00f3s o t\u00e9rmino do per\u00edodo de teste, se voc\u00ea quiser continuar monitorando seus dados e acessar recursos adicionais, como auditoria e monitoramento do site, etc. Voc\u00ea precisar\u00e1 atualizar para um plano pago.<\/div>\n                            <\/div>\n                        <\/div><div class=\"panel\" itemscope itemtype=\"https:\/\/schema.org\/Question\" itemprop=\"mainEntity\">\n                            <div class=\"panel-heading\" id=\"headingFaq-2\">\n                                <div class=\"panel-title\" data-toggle=\"collapse\" aria-expanded=\"false\" href=\"#collapseFaq-2\">\n                                    <h3 itemprop=\"name\">Como verificar o tr\u00e1fego do meu site?<\/h3>\n                                <\/div>\n                            <\/div>\n                            <div id=\"collapseFaq-2\" class=\"panel-collapse collapse\" itemprop=\"acceptedAnswer\" itemscope itemtype=\"http:\/\/schema.org\/Answer\">\n                                <div class=\"panel-body\" itemprop=\"text\">Basta inserir o nome de dom\u00ednio do seu site e iniciar o teste gratuito. Em seguida, escolha a op\u00e7\u00e3o de verificar seu pr\u00f3prio site. Voc\u00ea receber\u00e1 o pacote completo de dados de GSC, GA e SERP.<\/div>\n                            <\/div>\n                        <\/div><div class=\"panel\" itemscope itemtype=\"https:\/\/schema.org\/Question\" itemprop=\"mainEntity\">\n                            <div class=\"panel-heading\" id=\"headingFaq-3\">\n                                <div class=\"panel-title\" data-toggle=\"collapse\" aria-expanded=\"false\" href=\"#collapseFaq-3\">\n                                    <h3 itemprop=\"name\">Como encontrar tr\u00e1fego para o site de um concorrente?<\/h3>\n                                <\/div>\n                            <\/div>\n                            <div id=\"collapseFaq-3\" class=\"panel-collapse collapse\" itemprop=\"acceptedAnswer\" itemscope itemtype=\"http:\/\/schema.org\/Answer\">\n                                <div class=\"panel-body\" itemprop=\"text\">Basta inserir o nome de dom\u00ednio do seu concorrente e iniciar o teste gratuito. Em seguida, selecione a op\u00e7\u00e3o para verificar os sites do concorrente. Em quest\u00e3o de segundos, voc\u00ea receber\u00e1 os dados de tr\u00e1fego org\u00e2nico do concorrente, valor do tr\u00e1fego, posi\u00e7\u00f5es org\u00e2nicas da SERP e principais palavras-chave geradoras de visitantes.<\/div>\n                            <\/div>\n                        <\/div><div class=\"panel\" itemscope itemtype=\"https:\/\/schema.org\/Question\" itemprop=\"mainEntity\">\n                            <div class=\"panel-heading\" id=\"headingFaq-4\">\n                                <div class=\"panel-title\" data-toggle=\"collapse\" aria-expanded=\"false\" href=\"#collapseFaq-4\">\n                                    <h3 itemprop=\"name\">Posso ver o hist\u00f3rico de tr\u00e1fego do site usando a ferramenta?<\/h3>\n                                <\/div>\n                            <\/div>\n                            <div id=\"collapseFaq-4\" class=\"panel-collapse collapse\" itemprop=\"acceptedAnswer\" itemscope itemtype=\"http:\/\/schema.org\/Answer\">\n                                <div class=\"panel-body\" itemprop=\"text\">Ao conectar suas contas do Google Analytics e do Google Search Console com o Sitechecker, voc\u00ea poder\u00e1 acessar os dados hist\u00f3ricos do seu site.<\/div>\n                            <\/div>\n                        <\/div><div class=\"panel\" itemscope itemtype=\"https:\/\/schema.org\/Question\" itemprop=\"mainEntity\">\n                            <div class=\"panel-heading\" id=\"headingFaq-5\">\n                                <div class=\"panel-title\" data-toggle=\"collapse\" aria-expanded=\"false\" href=\"#collapseFaq-5\">\n                                    <h3 itemprop=\"name\">O que \u00e9 an\u00e1lise de tr\u00e1fego do site?<\/h3>\n                                <\/div>\n                            <\/div>\n                            <div id=\"collapseFaq-5\" class=\"panel-collapse collapse\" itemprop=\"acceptedAnswer\" itemscope itemtype=\"http:\/\/schema.org\/Answer\">\n                                <div class=\"panel-body\" itemprop=\"text\">A an\u00e1lise de tr\u00e1fego do site envolve coletar e interpretar (analisar) dados sobre os visitantes do seu site para entender seu comportamento.<\/div>\n                            <\/div>\n                        <\/div><div class=\"panel\" itemscope itemtype=\"https:\/\/schema.org\/Question\" itemprop=\"mainEntity\">\n                            <div class=\"panel-heading\" id=\"headingFaq-6\">\n                                <div class=\"panel-title\" data-toggle=\"collapse\" aria-expanded=\"false\" href=\"#collapseFaq-6\">\n                                    <h3 itemprop=\"name\">Posso rastrear o tr\u00e1fego do site?<\/h3>\n                                <\/div>\n                            <\/div>\n                            <div id=\"collapseFaq-6\" class=\"panel-collapse collapse\" itemprop=\"acceptedAnswer\" itemscope itemtype=\"http:\/\/schema.org\/Answer\">\n                                <div class=\"panel-body\" itemprop=\"text\">Com nossa ferramenta, voc\u00ea pode coletar e rastrear com facilidade e regular estat\u00edsticas de tr\u00e1fego do site do Google Search Console, Google Analytics e p\u00e1ginas de resultados de mecanismos de pesquisa (SERP).<\/div>\n                            <\/div>\n                        <\/div><\/div><\/div><\/p>","protected":false},"excerpt":{"rendered":"O que \u00e9 um Estimador de tr\u00e1fego de website? \u00c9 uma ferramenta essencial para qualquer propriet\u00e1rio de site ou profissional de marketing que busca otimizar sua presen\u00e7a online. Nosso verificador de tr\u00e1fego do site \u00e9 uma ferramenta de an\u00e1lise de dados vers\u00e1til e poderosa projetado para ajud\u00e1-lo a rastrear, analisar e otimizar o desempenho do&#8230;","protected":false},"author":10504980,"featured_media":6981,"parent":0,"menu_order":0,"comment_status":"closed","ping_status":"closed","template":"pages-templates\/pages-minitools-3.php","meta":[],"categories":[75],"tags":[],"_links":{"self":[{"href":"https:\/\/sitechecker.pro\/pt\/wp-json\/wp\/v2\/pages\/6404"}],"collection":[{"href":"https:\/\/sitechecker.pro\/pt\/wp-json\/wp\/v2\/pages"}],"about":[{"href":"https:\/\/sitechecker.pro\/pt\/wp-json\/wp\/v2\/types\/page"}],"author":[{"embeddable":true,"href":"https:\/\/sitechecker.pro\/pt\/wp-json\/wp\/v2\/users\/10504980"}],"replies":[{"embeddable":true,"href":"https:\/\/sitechecker.pro\/pt\/wp-json\/wp\/v2\/comments?post=6404"}],"version-history":[{"count":225,"href":"https:\/\/sitechecker.pro\/pt\/wp-json\/wp\/v2\/pages\/6404\/revisions"}],"predecessor-version":[{"id":39361,"href":"https:\/\/sitechecker.pro\/pt\/wp-json\/wp\/v2\/pages\/6404\/revisions\/39361"}],"wp:featuredmedia":[{"embeddable":true,"href":"https:\/\/sitechecker.pro\/pt\/wp-json\/wp\/v2\/media\/6981"}],"wp:attachment":[{"href":"https:\/\/sitechecker.pro\/pt\/wp-json\/wp\/v2\/media?parent=6404"}],"wp:term":[{"taxonomy":"category","embeddable":true,"href":"https:\/\/sitechecker.pro\/pt\/wp-json\/wp\/v2\/categories?post=6404"},{"taxonomy":"post_tag","embeddable":true,"href":"https:\/\/sitechecker.pro\/pt\/wp-json\/wp\/v2\/tags?post=6404"}],"curies":[{"name":"wp","href":"https:\/\/api.w.org\/{rel}","templated":true}]}}