{"id":6401,"date":"2019-04-18T07:15:55","date_gmt":"2019-04-18T07:15:55","guid":{"rendered":"https:\/\/sitechecker.pro\/?page_id=6401"},"modified":"2025-01-28T12:06:51","modified_gmt":"2025-01-28T12:06:51","slug":"white-label","status":"publish","type":"page","link":"https:\/\/sitechecker.pro\/pt\/white-label\/","title":{"rendered":""},"content":{"rendered":"<p class=\"qtranxs-available-languages-message qtranxs-available-languages-message-pt\">Desculpe, este conte\u00fado s\u00f3 est\u00e1 dispon\u00edvel em <a href=\"https:\/\/sitechecker.pro\/en\/wp-json\/wp\/v2\/pages\/6401\" class=\"qtranxs-available-language-link qtranxs-available-language-link-en\" title=\"English\">English<\/a>.<\/p>","protected":false},"excerpt":{"rendered":"Desculpe, este conte\u00fado s\u00f3 est\u00e1 dispon\u00edvel em English.","protected":false},"author":10718706,"featured_media":0,"parent":0,"menu_order":0,"comment_status":"closed","ping_status":"closed","template":"design\/white-label.php","meta":[],"categories":[],"tags":[],"_links":{"self":[{"href":"https:\/\/sitechecker.pro\/pt\/wp-json\/wp\/v2\/pages\/6401"}],"collection":[{"href":"https:\/\/sitechecker.pro\/pt\/wp-json\/wp\/v2\/pages"}],"about":[{"href":"https:\/\/sitechecker.pro\/pt\/wp-json\/wp\/v2\/types\/page"}],"author":[{"embeddable":true,"href":"https:\/\/sitechecker.pro\/pt\/wp-json\/wp\/v2\/users\/10718706"}],"replies":[{"embeddable":true,"href":"https:\/\/sitechecker.pro\/pt\/wp-json\/wp\/v2\/comments?post=6401"}],"version-history":[{"count":6,"href":"https:\/\/sitechecker.pro\/pt\/wp-json\/wp\/v2\/pages\/6401\/revisions"}],"predecessor-version":[{"id":8678,"href":"https:\/\/sitechecker.pro\/pt\/wp-json\/wp\/v2\/pages\/6401\/revisions\/8678"}],"wp:attachment":[{"href":"https:\/\/sitechecker.pro\/pt\/wp-json\/wp\/v2\/media?parent=6401"}],"wp:term":[{"taxonomy":"category","embeddable":true,"href":"https:\/\/sitechecker.pro\/pt\/wp-json\/wp\/v2\/categories?post=6401"},{"taxonomy":"post_tag","embeddable":true,"href":"https:\/\/sitechecker.pro\/pt\/wp-json\/wp\/v2\/tags?post=6401"}],"curies":[{"name":"wp","href":"https:\/\/api.w.org\/{rel}","templated":true}]}}