{"id":622,"date":"2020-06-25T08:38:54","date_gmt":"2020-06-25T06:38:54","guid":{"rendered":"https:\/\/sitechecker.pro\/?page_id=622"},"modified":"2024-09-25T10:51:37","modified_gmt":"2024-09-25T10:51:37","slug":"what-is-url","status":"publish","type":"page","link":"https:\/\/sitechecker.pro\/pt\/what-is-url\/","title":{"rendered":"Verificador de comprimento de URL: limite m\u00e1ximo de comprimento de URL"},"content":{"rendered":"<p>Uma das melhores pr\u00e1ticas no desenvolvimento web \u00e9 manter suas URLs curtas e concisas. Isso torna mais f\u00e1cil lembrar onde determinado conte\u00fado est\u00e1 em seu site e faz com que suas p\u00e1ginas sejam carregadas mais rapidamente porque voc\u00ea est\u00e1 enviando menos dados pela Internet. Uma <strong>ferramenta de verifica\u00e7\u00e3o de comprimento de URL<\/strong> medir\u00e1 o comprimento de qualquer URL e determinar\u00e1 se ele atende aos requisitos do Google, Yahoo, Bing e outros mecanismos de pesquisa, bem como de sites de m\u00eddia social como Facebook e Twitter.<\/p>\n<h2 id=\"what_is\">O que \u00e9 um verificador de comprimento de URL?<\/h2>\n<p>Um verificador de comprimento de URL \u00e9 uma ferramenta que permite visualizar o n\u00famero de caracteres em um URL. Ao fazer isso, voc\u00ea pode ver se ele atende ao limite de comprimento de URL dos mecanismos de pesquisa e fazer as altera\u00e7\u00f5es necess\u00e1rias para uma melhor otimiza\u00e7\u00e3o do site. A maioria dos mecanismos de pesquisa permite um comprimento m\u00e1ximo de texto de URL de 2.000 a 2.500 caracteres. No entanto, URLs longos tamb\u00e9m tendem a ser cheios de h\u00edfens e sublinhados, o que pode torn\u00e1-los dif\u00edceis de ler e menos propensos a aparecer em uma p\u00e1gina de resultados de pesquisa do que alternativas mais curtas.<\/p>\n<p>Voc\u00ea pode precisar dividir URLs longos em v\u00e1rias partes (por exemplo, transformar \/about-us\/ em \/about\/, \/history\/ e \/requests\/), ou voc\u00ea pode descobrir que usar uma \u00e2ncora em vez de um caminho (por exemplo, #top) funciona melhor para exibir informa\u00e7\u00f5es longas em uma \u00fanica p\u00e1gina da web. Portanto, a estrutura de URL \u00e9 importante.<\/p>\n<p>Certifique-se de testar a apar\u00eancia do seu URL em diferentes navegadores em diferentes sistemas operacionais e a apar\u00eancia para usu\u00e1rios de dispositivos m\u00f3veis. Por exemplo, o Mozilla Firefox tem um limite de 65.583 caracteres de URL, muito mais do que qualquer mecanismo de pesquisa, o que significa que seu URL pode ter uma classifica\u00e7\u00e3o diferente.<\/p>\n<h2 id=\"how_to\">Como usar o verificador de comprimento de URL?<\/h2>\n<p>O Sitechecker permite que voc\u00ea acompanhe a dura\u00e7\u00e3o de seus URLs para que voc\u00ea esteja em boas condi\u00e7\u00f5es com o Google. Embora n\u00e3o haja um n\u00famero espec\u00edfico ap\u00f3s o qual voc\u00ea possa sofrer uma penalidade do Google, \u00e9 melhor errar com cautela. Veja como verificar o comprimento do URL por meio do Sitechecker:<\/p>\n<h3>Etapa 1: insira seu URL<\/h3>\n<div class=\"content__img-wrap\"><img src=\"https:\/\/sitechecker.pro\/wp-content\/uploads\/2022\/02\/url_lenght_checker_1.png\" alt=\"URL http or https length checker\" class=\"description-img description-img-zoom\" loading=\"lazy\" ><\/div>\n<p>Voc\u00ea pode digitar qualquer URL nesta barra de localiza\u00e7\u00e3o de URL e clicar na seta para gerar resultados.<\/p>\n<h3>Etapa 2: obtenha o resultado<\/h3>\n<div class=\"content__img-wrap\"><img src=\"https:\/\/sitechecker.pro\/wp-content\/uploads\/2022\/02\/url_lenght_checker_2.png\" alt=\"Resultados do verificador de URL - crie URLs amig\u00e1veis para SEO para rob\u00f4s de mecanismos de pesquisa\" class=\"description-img description-img-zoom\" loading=\"lazy\" ><\/div>\n<h2 id=\"URL_max\">Limites de comprimento m\u00e1ximo de URL<\/h2>\n<p>A maioria dos mecanismos de pesquisa tem um <strong>limite de caracteres de URL<\/strong> de 2.000 a 2.500 caracteres. Limites de URL longos s\u00e3o bastante comuns para muitos servi\u00e7os da web (especialmente sites de m\u00eddia social), mas ainda s\u00e3o uma dor. O limite pode ser especialmente ruim se voc\u00ea for um fot\u00f3grafo ou quiser compartilhar links em lugares como Reddit e Imgur, onde URLs longos simplesmente n\u00e3o funcionam bem.<\/p>\n<h2 id=\"seo_friendly\">O tamanho do URL torna SEO amig\u00e1vel?<\/h2>\n<h3>O que o Google diz?<\/h3>\n<div class=\"article__testimonial\">\n<p><em>A resposta direta \u00e9 n\u00e3o. O comprimento do URL n\u00e3o importa. Usamos URLs como identificadores, n\u00e3o importa quanto tempo eles sejam. Pessoalmente, tento mant\u00ea-los com menos de 1.000 caracteres, mas isso \u00e9 apenas para facilitar o monitoramento. O n\u00famero de barras tamb\u00e9m n\u00e3o importa.<\/em><\/p>\n<p><em><strong>John Mueller, advogado de pesquisa do Google<\/strong><\/em><\/p>\n<\/div>\n<p>Al\u00e9m disso, temos um guia detalhado: &#8220;<a href=\"https:\/\/sitechecker.pro\/pt\/what-is-seo-friendly-url\/\" target=\"_blank\" rel=\"noopener noreferrer\">O que \u00e9 um URL: defini\u00e7\u00e3o, estrutura e exemplos e como torn\u00e1-lo amig\u00e1vel para SEO?<\/a>&#8221; basta conferir.<\/p>\n<h3>O que \u00e9 realmente importante no URL para o Google?<\/h3>\n<p>O Google Chrome aconselha que todos os sites utilizem https:\/\/. O nome do host \u00e9 o endere\u00e7o do seu site, que geralmente \u00e9 o mesmo que seu endere\u00e7o de e-mail. O Google distingue entre as vers\u00f5es www e n\u00e3o www de um site (por exemplo, www.example.com ou apenas example.com). Os especialistas recomendam adicionar as vers\u00f5es http:\/\/ e https:\/\/ do seu site ao Search Console, bem como as variantes www e n\u00e3o www.<\/p>\n<p>O caminho, o nome do arquivo e a string de consulta determinam qual material pode ser acessado de seu servidor web. Como esses tr\u00eas elementos diferenciam mai\u00fasculas de min\u00fasculas, a URL de TITLE ser\u00e1 diferente da URL do t\u00edtulo. O nome do host e o protocolo n\u00e3o diferenciam mai\u00fasculas de min\u00fasculas; portanto, a capitaliza\u00e7\u00e3o n\u00e3o importa.<\/p>\n<p>Um fragmento, por exemplo, #info, indica para onde o navegador rolar\u00e1 na p\u00e1gina. Como o material geralmente \u00e9 o mesmo, independentemente do fragmento usado, os mecanismos de pesquisa normalmente o ignoram. Uma barra final ap\u00f3s o nome do host \u00e9 opcional ao vincular \u00e0 p\u00e1gina inicial porque leva ao mesmo conte\u00fado (https:\/\/example.com\/ \u00e9 o mesmo que https:\/\/example.com). Uma barra final no caminho e no nome do arquivo \u00e9 interpretada como uma URL distinta (indicando um arquivo ou um diret\u00f3rio); portanto, https:\/\/example.com\/fish n\u00e3o \u00e9 o mesmo que https:\/\/example.com\/fish\/.<\/p>\n    <div class=\"blog__conversion blog__conversion-app element__logged_out\">\n        <div class=\"blog__conversion-inner\">\n            <p class=\"title\">Detectar n\u00e3o apenas o problema de limite de comprimento de URL, mas todos os tipos de problemas de URL!<\/p>\n            <p class=\"description\">Rastreie seu site e descubra todos os URLs com problemas que podem prejudicar seus usu\u00e1rios ou o SEO do seu site.<\/p>\n            <form id=\"audit__form\"\n                  class=\"article__seo-search audit__form Rastreie seu site e descubra todos os URLs com problemas que podem prejudicar seus usu\u00e1rios ou o SEO do seu site.\"\n                  action=\"\"\n                  method=\"POST\"\n                  autocomplete=\"off\">\n                <span class=\"error\"><\/span>\n                <div class=\"error__limits\">Something went wrong. Please, try again later.<\/div>\n                <input name=\"url\"\n                       type=\"text\"\n                       placeholder=\"Cole seu nome de dom\u00ednio aqui\">\n                                <button type=\"submit\"\n                        class=\"sitechecker__text\">\n                    <span>Iniciar auditoria<\/span>\n                    <img src=\"\/wp-content\/themes\/sitechecker\/out\/img_design\/loading.svg\"\n                         width=\"31\"\n                         height=\"30\"\n                         class=\"loading\">\n                <\/button>\n            <\/form>\n        <\/div>\n    <\/div>\n    \n<h3 id=\"experts\">O que dizem os especialistas em SEO?<\/h3>\n<p>O comprimento de um URL \u00e9 um fator importante para determinar o qu\u00e3o f\u00e1cil e leg\u00edvel ele \u00e9, especialmente nas m\u00eddias sociais. No caso de otimiza\u00e7\u00e3o de mecanismos de pesquisa, uma URL longa pode ter algumas vantagens de SEO, como o preenchimento de palavras-chave na URL, elas ser\u00e3o destacadas e podem fornecer relev\u00e2ncia adicional. Al\u00e9m disso, pode afetar a taxa de cliques. Mas no geral, n\u00e3o \u00e9 o fator principal e pode prejudicar a usabilidade do seu site, ent\u00e3o voc\u00ea deve manter o equil\u00edbrio. Neste v\u00eddeo, voc\u00ea ter\u00e1 uma explica\u00e7\u00e3o abrangente das melhores pr\u00e1ticas de SEO em rela\u00e7\u00e3o ao tamanho do URL:<\/p>\n<p><iframe width=\"770\" height=\"350\" src=\"https:\/\/www.youtube.com\/embed\/7wB_7O1049c\" title=\"YouTube video player\" frameborder=\"0\" allow=\"accelerometer; autoplay; clipboard-write; encrypted-media; gyroscope; picture-in-picture\" allowfullscreen><\/iframe><\/p>\n<p>A maioria dos especialistas concorda que, no contexto do tamanho do URL, voc\u00ea deve <strong>manter o foco em:<\/strong><\/p>\n<h4>Taxa de cliques<\/h4>\n<p>A taxa de cliques, ou CTR, \u00e9 extremamente importante em SEO. CTR refere-se \u00e0 porcentagem de pessoas que clicaram em seu snippet na SERP. Uma CTR baixa pode indicar a m\u00e1 relev\u00e2ncia do seu snippet para as palavras-chave e ser o motivo do rebaixamento da posi\u00e7\u00e3o.<\/p>\n<p>A melhoria do CTR \u00e9 uma das t\u00e9cnicas infal\u00edveis para melhorar seu ranking de SEO. Investir nele pode resultar em uma ampla gama de benef\u00edcios, incluindo classifica\u00e7\u00f5es SERP mais altas, mais tr\u00e1fego e mais convers\u00f5es. URLs mais curtos podem levar a altas taxas de cliques.<\/p>\n<h4>Exibi\u00e7\u00e3o de m\u00eddia social<\/h4>\n<p>Conhecer a contagem de caracteres de m\u00eddia social ajuda a obter mais alcance e envolver os visitantes nas postagens. No entanto, cada plataforma de m\u00eddia social tem seus pr\u00f3prios requisitos. Por exemplo, o Facebook permite um limite de 63.206 caracteres em postagens regulares, enquanto o Instagram permite apenas 2.200 caracteres. Mesmo assim, postagens mais curtas s\u00e3o sempre mais envolventes, e muitos especialistas concordam que as postagens do Facebook devem ter menos de 50 caracteres.<\/p>\n<p>Mas fazer os experimentos \u00e9 a \u00fanica maneira correta de validar as informa\u00e7\u00f5es e obter seus pr\u00f3prios resultados.<\/p>","protected":false},"excerpt":{"rendered":"Uma das melhores pr\u00e1ticas no desenvolvimento web \u00e9 manter suas URLs curtas e concisas. Isso torna mais f\u00e1cil lembrar onde determinado conte\u00fado est\u00e1 em seu site e faz com que suas p\u00e1ginas sejam carregadas mais rapidamente porque voc\u00ea est\u00e1 enviando menos dados pela Internet. Uma ferramenta de verifica\u00e7\u00e3o de comprimento de URL medir\u00e1 o comprimento&#8230;","protected":false},"author":10409641,"featured_media":3347,"parent":0,"menu_order":0,"comment_status":"closed","ping_status":"closed","template":"pages.php","meta":[],"categories":[74],"tags":[],"_links":{"self":[{"href":"https:\/\/sitechecker.pro\/pt\/wp-json\/wp\/v2\/pages\/622"}],"collection":[{"href":"https:\/\/sitechecker.pro\/pt\/wp-json\/wp\/v2\/pages"}],"about":[{"href":"https:\/\/sitechecker.pro\/pt\/wp-json\/wp\/v2\/types\/page"}],"author":[{"embeddable":true,"href":"https:\/\/sitechecker.pro\/pt\/wp-json\/wp\/v2\/users\/10409641"}],"replies":[{"embeddable":true,"href":"https:\/\/sitechecker.pro\/pt\/wp-json\/wp\/v2\/comments?post=622"}],"version-history":[{"count":146,"href":"https:\/\/sitechecker.pro\/pt\/wp-json\/wp\/v2\/pages\/622\/revisions"}],"predecessor-version":[{"id":33591,"href":"https:\/\/sitechecker.pro\/pt\/wp-json\/wp\/v2\/pages\/622\/revisions\/33591"}],"wp:featuredmedia":[{"embeddable":true,"href":"https:\/\/sitechecker.pro\/pt\/wp-json\/wp\/v2\/media\/3347"}],"wp:attachment":[{"href":"https:\/\/sitechecker.pro\/pt\/wp-json\/wp\/v2\/media?parent=622"}],"wp:term":[{"taxonomy":"category","embeddable":true,"href":"https:\/\/sitechecker.pro\/pt\/wp-json\/wp\/v2\/categories?post=622"},{"taxonomy":"post_tag","embeddable":true,"href":"https:\/\/sitechecker.pro\/pt\/wp-json\/wp\/v2\/tags?post=622"}],"curies":[{"name":"wp","href":"https:\/\/api.w.org\/{rel}","templated":true}]}}