{"id":6066,"date":"2019-03-26T09:30:04","date_gmt":"2019-03-26T09:30:04","guid":{"rendered":"https:\/\/sitechecker.pro\/?page_id=6066"},"modified":"2025-03-18T08:17:15","modified_gmt":"2025-03-18T08:17:15","slug":"backlinks-generator","status":"publish","type":"page","link":"https:\/\/sitechecker.pro\/pt\/backlinks-generator\/","title":{"rendered":"Gerador de Backlink Gr\u00e1tis: Crie Links F\u00e1cil | Verificador de sites \u1408"},"content":{"rendered":"<p><\/p>\n<h2 id=\"par1\">O que \u00e9 um gerador de backlinks gratuito?<\/h2>\n<p>Um gerador de backlinks \u00e9 uma ferramenta online que permite adicionar links exclusivos e amig\u00e1veis para SEO ao seu conte\u00fado, obtendo-os automaticamente de outros sites. A mec\u00e2nica deste processo \u00e9 bastante simples.<\/p>\n<p>A Internet est\u00e1 repleta de software que avalia os s\u00edtios Web com base em v\u00e1rios crit\u00e9rios, incluindo a quantidade de tr\u00e1fego, o anfitri\u00e3o Web, o endere\u00e7o IP, a idade do dom\u00ednio, etc. Al\u00e9m disso, algumas destas tecnologias arquivam e indexam todos os relat\u00f3rios gerados atrav\u00e9s da sua utiliza\u00e7\u00e3o. A ferramenta Sitechecker backlinks builder tira partido desta carater\u00edstica. Gera automaticamente estes relat\u00f3rios em tais s\u00edtios Web e facilita a obten\u00e7\u00e3o de rela\u00e7\u00f5es p\u00fablicas gratuitas para o seu s\u00edtio Web.<\/p>\n<h3>Caracter\u00edsticas principais do criador de backlinks<\/h3>\n<p>Aqui est\u00e3o as caracter\u00edsticas mais significativas de um criador de backlinks gratuito.<\/p>\n<ul>\n<li><strong>Acesso gratuito. <\/strong>N\u00e3o cobramos aos utilizadores pela gera\u00e7\u00e3o de links. Embora os links fornecidos sejam bastante b\u00e1sicos, eles podem servir como um excelente ponto de partida para uma implementa\u00e7\u00e3o eficiente da estrat\u00e9gia de SEO.<\/li>\n<li><strong>Disponibilidade do dom\u00ednio. <\/strong>Voc\u00ea receber\u00e1 links de entrada de 17 dom\u00ednios confi\u00e1veis diferentes.<\/li>\n<li><strong>Backlink tracker. <\/strong>Nossa plataforma incorpora uma poderosa <a href=\"https:\/\/sitechecker.pro\/backlinks-checker\/\" rel=\"noopener noreferrer\" target=\"_blank\">ferramenta de rastreamento de backlink<\/a>. Monitoriza os links de entrada gerados e adiciona os novos que constr\u00f3i para o seu site. Esta funcionalidade tamb\u00e9m o alerta quando perde algum link.<\/li>\n<li><strong>Auditoria. <\/strong>O nosso <a href=\"https:\/\/sitechecker.pro\/\" target=\"_blank\" rel=\"noopener noreferrer\">SEO checker<\/a> \u00e9 mais do que apenas um gerador de backlinks. N\u00f3s capacitamos voc\u00ea a utilizar um recurso abrangente de auditoria de SEO, rastreador de classifica\u00e7\u00e3o, monitoramento de sites e muito mais.<\/li>\n<\/ul>\n<h2 id=\"par2\">Por que devo usar a ferramenta?<\/h2>\n<p>Nossa ferramenta oferece uma abordagem gratuita e direta que impulsiona seu SEO e ajuda seu novo site a indexar mais rapidamente. Isso \u00e9 poss\u00edvel gra\u00e7as aos links de p\u00e1ginas indexadas em sites altamente confi\u00e1veis. Al\u00e9m disso, com o gerador, obt\u00e9m visibilidade na p\u00e1gina de resultados do motor de busca (SERP) ao aparecer em 17 dom\u00ednios respeit\u00e1veis.<\/p>\n<h2 id=\"par3\">Como usar o gerador de backlinks gratuito?<\/h2>\n<h3>Passo 1: Introduza o dom\u00ednio para o qual pretende gerar backlinks e, em seguida, clique no bot\u00e3o &#8220;Iniciar gera\u00e7\u00e3o&#8221;<\/h3>\n<div class=\"content__img-wrap\"><img src=\"https:\/\/sitechecker.pro\/wp-content\/uploads\/2023\/06\/backlinks_generator_start.png\" alt=\"In\u00edcio do Gerador de Backlinks\" class=\"description-img description-img-zoom\" loading=\"lazy\" ><\/div>\n<div class=\"important-block\">Nota: Para receber resultados e aceder \u00e0s funcionalidades do Sitechecker durante 14 dias, inicie o seu teste GRATUITO. O registo \u00e9 f\u00e1cil com a sua conta de e-mail, Google ou Facebook. N\u00e3o \u00e9 necess\u00e1rio cart\u00e3o de cr\u00e9dito.<\/div>\n<h3>Passo 2: Interpretar os resultados do gerador de backlinks<\/h3>\n<p>A ferramenta ir\u00e1 gerar links de entrada para si. Tamb\u00e9m fornecer\u00e1 uma lista desses links com os respectivos c\u00f3digos de estado.<\/p>\n<div class=\"content__img-wrap\"><img src=\"https:\/\/sitechecker.pro\/wp-content\/uploads\/2023\/05\/backlink-generator-results.png\" alt=\"Resultados do gerador de backlinks\" class=\"description-img description-img-zoom\" loading=\"lazy\" ><\/div>\n<p>Clique em qualquer um desses links para ver onde eles levam e obter mais informa\u00e7\u00f5es sobre seu desempenho.<\/p>\n<p>Al\u00e9m disso, pode utilizar a op\u00e7\u00e3o &#8220;Start Tracking&#8221; para monitorizar e analisar todos os backlinks que descobriu ou construiu para o seu site.<\/p>\n<div class=\"content__img-wrap\"><img src=\"https:\/\/sitechecker.pro\/wp-content\/uploads\/2023\/05\/backlink-generator-start-tracking.png\" alt=\"Backlink Generator Start Tracking\" class=\"description-img description-img-zoom\" loading=\"lazy\" ><\/div>\n<p>Depois de clicar no bot\u00e3o, a ferramenta adicionar\u00e1 automaticamente os seus links de entrada rec\u00e9m-gerados ao rastreador de backlinks. A ferramenta mostrar\u00e1 informa\u00e7\u00f5es detalhadas sobre os links. Inclui o doador, o URL aceitador, a \u00e2ncora, o estado na p\u00e1gina, o estado do \u00edndice, o estado da cache e muito mais.<\/p>\n<div class=\"content__img-wrap\"><img src=\"https:\/\/sitechecker.pro\/wp-content\/uploads\/2023\/05\/backlink-tracker-1.png\" alt=\"Backlink Tracker\" class=\"description-img description-img-zoom\" loading=\"lazy\" ><\/div>\n<p>Para al\u00e9m disso, existe uma fun\u00e7\u00e3o flex\u00edvel de gest\u00e3o de backlinks. Pode adicionar manualmente outros links, import\u00e1-los de um ficheiro ou explorar a nossa funcionalidade de verifica\u00e7\u00e3o de links de entrada.<\/p>\n<div class=\"content__img-wrap\"><img src=\"https:\/\/sitechecker.pro\/wp-content\/uploads\/2023\/05\/add-import-backlinks.png\" alt=\"Adicionar Backlinks de Importa\u00e7\u00e3o\" class=\"description-img description-img-zoom\" loading=\"lazy\" ><\/div>\n<p>Para mais informa\u00e7\u00f5es, consulte o nosso guia em v\u00eddeo do YouTube sobre como utilizar corretamente a ferramenta:<\/p>\n<p><iframe width=\"700\" height=\"350\" src=\"https:\/\/www.youtube.com\/embed\/tOu8FmRXcRI?start=30\" title=\"YouTube video player\" frameborder=\"0\" allow=\"accelerometer; autoplay; clipboard-write; encrypted-media; gyroscope; picture-in-picture; web-share\" allowfullscreen><\/iframe><\/p>\n<h3>Passo 3. Usar recursos adicionais do gerador de backlinks<\/h3>\n<p>Al\u00e9m de gerar backlinks, a ferramenta fornece um relat\u00f3rio abrangente de auditoria do site para identificar poss\u00edveis problemas. Este relat\u00f3rio destacar\u00e1 esses problemas e oferecer\u00e1 sugest\u00f5es para resolv\u00ea-los. Al\u00e9m disso, pode dividir a auditoria por tipo ou categoria de problema para uma segmenta\u00e7\u00e3o e resolu\u00e7\u00e3o eficientes de desafios cruciais que afectam o sucesso do seu site.<\/p>\n<div class=\"content__img-wrap\"><img src=\"https:\/\/sitechecker.pro\/wp-content\/uploads\/2023\/05\/backlink-generator-additional-features.png\" alt=\"Recursos adicionais do gerador de backlinks\" class=\"description-img description-img-zoom\" loading=\"lazy\" ><\/div>\n<h2 id=\"par4\">Observa\u00e7\u00f5es finais<\/h2>\n<p>O gerador de backlinks Sitechecker \u00e9 uma ferramenta poderosa que oferece backlinks gratuitos de dom\u00ednios confi\u00e1veis e uma s\u00e9rie de recursos de SEO. A sua interface e funcionalidade de f\u00e1cil utiliza\u00e7\u00e3o permitem-lhe gerar e gerir liga\u00e7\u00f5es de entrada de forma simples e eficiente. A ferramenta tamb\u00e9m fornece um relat\u00f3rio detalhado de auditoria do s\u00edtio Web para identificar e resolver potenciais problemas. Como resultado, assegura uma estrat\u00e9gia de SEO melhorada e aumenta o desempenho do seu s\u00edtio Web.<\/p>\n<div id=\"par5\"><\/div>\n<p><div class=\"front__faq-block\"><div class=\"faq__block-title\">FAQ<\/div><div class=\"panel-group\" id=\"faq-accordion\" itemscope itemtype=\"https:\/\/schema.org\/FAQPage\" role=\"tablist\" aria-multiselectable=\"true\"><div class=\"panel\" itemscope itemtype=\"https:\/\/schema.org\/Question\" itemprop=\"mainEntity\">\n                            <div class=\"panel-heading\" id=\"headingFaq-1\">\n                                <div class=\"panel-title\" data-toggle=\"collapse\" aria-expanded=\"false\" href=\"#collapseFaq-1\">\n                                    <h3 itemprop=\"name\">Onde posso criar backlinks gratuitos?<\/h3>\n                                <\/div>\n                            <\/div>\n                            <div id=\"collapseFaq-1\" class=\"panel-collapse collapse\" itemprop=\"acceptedAnswer\" itemscope itemtype=\"http:\/\/schema.org\/Answer\">\n                                <div class=\"panel-body\" itemprop=\"text\">Para gerar links de entrada gratuitos, introduza o URL do seu site na ferramenta de gera\u00e7\u00e3o de backlinks do Sitechecker e inicie a sua avalia\u00e7\u00e3o gratuita. A ferramenta gera automaticamente backlinks a partir de 17 dom\u00ednios de confian\u00e7a.<\/div>\n                            <\/div>\n                        <\/div><div class=\"panel\" itemscope itemtype=\"https:\/\/schema.org\/Question\" itemprop=\"mainEntity\">\n                            <div class=\"panel-heading\" id=\"headingFaq-2\">\n                                <div class=\"panel-title\" data-toggle=\"collapse\" aria-expanded=\"false\" href=\"#collapseFaq-2\">\n                                    <h3 itemprop=\"name\">O que faz um gerador de backlinks?<\/h3>\n                                <\/div>\n                            <\/div>\n                            <div id=\"collapseFaq-2\" class=\"panel-collapse collapse\" itemprop=\"acceptedAnswer\" itemscope itemtype=\"http:\/\/schema.org\/Answer\">\n                                <div class=\"panel-body\" itemprop=\"text\">Um gerador de backlinks utiliza v\u00e1rios softwares para criar links e avaliar sites com base em v\u00e1rios crit\u00e9rios. Em particular, inclui a quantidade de tr\u00e1fego, o anfitri\u00e3o web, o endere\u00e7o IP e a idade do dom\u00ednio.<\/div>\n                            <\/div>\n                        <\/div><div class=\"panel\" itemscope itemtype=\"https:\/\/schema.org\/Question\" itemprop=\"mainEntity\">\n                            <div class=\"panel-heading\" id=\"headingFaq-3\">\n                                <div class=\"panel-title\" data-toggle=\"collapse\" aria-expanded=\"false\" href=\"#collapseFaq-3\">\n                                    <h3 itemprop=\"name\">O que \u00e9 um bom exemplo de backlinks?<\/h3>\n                                <\/div>\n                            <\/div>\n                            <div id=\"collapseFaq-3\" class=\"panel-collapse collapse\" itemprop=\"acceptedAnswer\" itemscope itemtype=\"http:\/\/schema.org\/Answer\">\n                                <div class=\"panel-body\" itemprop=\"text\">Um backlink ocorre quando um website faz refer\u00eancia a outras p\u00e1ginas web utilizando texto \u00e2ncora para criar um link. Pode encontrar um exemplo de uma liga\u00e7\u00e3o de entrada em qualquer artigo ou publica\u00e7\u00e3o de blogue que forne\u00e7a uma hiperliga\u00e7\u00e3o para uma fonte ou s\u00edtio Web alternativo.<\/div>\n                            <\/div>\n                        <\/div><\/div><\/div><\/p>","protected":false},"excerpt":{"rendered":"O que \u00e9 um gerador de backlinks gratuito? Um gerador de backlinks \u00e9 uma ferramenta online que permite adicionar links exclusivos e amig\u00e1veis para SEO ao seu conte\u00fado, obtendo-os automaticamente de outros sites. A mec\u00e2nica deste processo \u00e9 bastante simples. A Internet est\u00e1 repleta de software que avalia os s\u00edtios Web com base em v\u00e1rios&#8230;","protected":false},"author":10409641,"featured_media":6123,"parent":0,"menu_order":0,"comment_status":"closed","ping_status":"closed","template":"pages-templates\/pages-minitools.php","meta":[],"categories":[72],"tags":[],"_links":{"self":[{"href":"https:\/\/sitechecker.pro\/pt\/wp-json\/wp\/v2\/pages\/6066"}],"collection":[{"href":"https:\/\/sitechecker.pro\/pt\/wp-json\/wp\/v2\/pages"}],"about":[{"href":"https:\/\/sitechecker.pro\/pt\/wp-json\/wp\/v2\/types\/page"}],"author":[{"embeddable":true,"href":"https:\/\/sitechecker.pro\/pt\/wp-json\/wp\/v2\/users\/10409641"}],"replies":[{"embeddable":true,"href":"https:\/\/sitechecker.pro\/pt\/wp-json\/wp\/v2\/comments?post=6066"}],"version-history":[{"count":72,"href":"https:\/\/sitechecker.pro\/pt\/wp-json\/wp\/v2\/pages\/6066\/revisions"}],"predecessor-version":[{"id":36021,"href":"https:\/\/sitechecker.pro\/pt\/wp-json\/wp\/v2\/pages\/6066\/revisions\/36021"}],"wp:featuredmedia":[{"embeddable":true,"href":"https:\/\/sitechecker.pro\/pt\/wp-json\/wp\/v2\/media\/6123"}],"wp:attachment":[{"href":"https:\/\/sitechecker.pro\/pt\/wp-json\/wp\/v2\/media?parent=6066"}],"wp:term":[{"taxonomy":"category","embeddable":true,"href":"https:\/\/sitechecker.pro\/pt\/wp-json\/wp\/v2\/categories?post=6066"},{"taxonomy":"post_tag","embeddable":true,"href":"https:\/\/sitechecker.pro\/pt\/wp-json\/wp\/v2\/tags?post=6066"}],"curies":[{"name":"wp","href":"https:\/\/api.w.org\/{rel}","templated":true}]}}