{"id":596,"date":"2017-12-08T10:16:27","date_gmt":"2017-12-08T10:16:27","guid":{"rendered":"https:\/\/sitechecker.pro\/?page_id=596"},"modified":"2025-06-02T14:47:35","modified_gmt":"2025-06-02T14:47:35","slug":"301-redirect","status":"publish","type":"page","link":"https:\/\/sitechecker.pro\/pt\/301-redirect\/","title":{"rendered":"Redirecionamento 301: Defini\u00e7\u00e3o, Tipos, M\u00e9todos e como configur\u00e1-lo para qualquer site"},"content":{"rendered":"<p><\/p>\n<h2 id=\"types\">O que \u00e9 um Redirecionamento?<\/h2>\n<p>&nbsp;<\/p>\n<p>\u00c9 uma forma de redirecionar os usu\u00e1rios do site e os <a href=\"https:\/\/sitechecker.pro\/pt\/search-engines\/\">mecanismos de pesquisa<\/a> para um <a href=\"https:\/\/sitechecker.pro\/pt\/what-is-url\/\">URL<\/a> diferente do que eles solicitaram originalmente. Abaixo est\u00e3o as descri\u00e7\u00f5es dos tipos de redirecionamentos mais utilizados.<\/p>\n<p>&nbsp;<\/p>\n<h3 id=\"301\">301 Movido Permanentemente<\/h3>\n<p>O redirecionamento 301 \u00e9 um redirecionamento permanente, que transfere cerca de 90-99% do link juice. Esse redirecionamento indica que a p\u00e1gina foi movida para um novo endere\u00e7o e o URL antigo deve ser considerado desatualizado.<\/p>\n<p>&nbsp;<\/p>\n<h3 id=\"302\">302 Encontrado (HTTP 1.1) \/ Movido temporariamente (HTTP 1.0)<\/h3>\n<p>Redirecionamento 302 &#8211; redirecionamento tempor\u00e1rio. Este redirecionamento transmite 0% do link juice e, na maioria dos casos, n\u00e3o deve ser usado. No momento, a internet funciona sob o protocolo HTTP, que determina como gerenciar URLs. Em duas vers\u00f5es deste protocolo, esta resposta do servidor tem um status de resposta diferente:<\/p>\n<ul>\n<li>HTTP 1.0: 302 a resposta do servidor \u00e9 \u201cMovido Temporariamente\u201d &#8211; o documento atual \u00e9 movido para um URL diferente.<\/li>\n<li>HTTP 1.1: houve uma altera\u00e7\u00e3o na resposta do servidor para \u201cEncontrado\u201d &#8211; o documento atual foi encontrado.<\/li>\n<\/ul>\n<p>&nbsp;<\/p>\n<h3 id=\"307\">307 Movido Temporariamente (apenas HTTP 1.1)<\/h3>\n<p>O redirecionamento 307 no protocolo HTTP 1.1 tornou-se o destinat\u00e1rio do redirecionamento 302. Embora os principais bots de pesquisa o considerem um an\u00e1logo-302, na maioria dos casos, \u00e9 melhor usar o 301. A exce\u00e7\u00e3o a essa regra \u00e9 quando o conte\u00fado foi movido apenas temporariamente (por exemplo, durante a manuten\u00e7\u00e3o t\u00e9cnica) e os mecanismos de buscas j\u00e1 entender\u00e3o que o seu servidor \u00e9 compat\u00edvel com o HTTP 1.1. No entanto, uma vez que \u00e9 dif\u00edcil determinar se os mecanismos de busca realmente entenderam que seu servidor \u00e9 compat\u00edvel com o novo protocolo, \u00e9 melhor usar um redirecionamento 302 para o conte\u00fado que foi movido temporariamente.<\/p>\n<p>&nbsp;<\/p>\n<h3 id=\"others\">Outros tipos de redirecionamentos<\/h3>\n<p>H\u00e1 tamb\u00e9m outros tipos de redirecionamento: usando Meta Refresh ou JavaScript &#8211; que s\u00e3o executados no n\u00edvel da p\u00e1gina e n\u00e3o no n\u00edvel do servidor. Aqui est\u00e1 como deve parecer um redirecionamento t\u00edpico do Meta Refresh:<\/p>\n<p>No entanto, esses redirecionamentos s\u00e3o desej\u00e1veis por serem extremamente raros, pois podem ser usados por spammers ou doorways. Al\u00e9m disso, ao usar esse redirecionamento, o link juice quase n\u00e3o \u00e9 transmitido.<\/p>\n<p>Exemplos de utiliza\u00e7\u00e3o est\u00e3o abaixo.<\/p>\n<p>&nbsp;<\/p>\n<h2 id=\"canonization\">Canoniza\u00e7\u00e3o do dom\u00ednio de um site ou como colar um dom\u00ednio em conjunto?<\/h2>\n<p>&nbsp;<\/p>\n<p>Para colar um dom\u00ednio de www para sem www:<\/p>\n<div class=\"code\"><code>RewriteCond %{HTTP_HOST} ^www.site\\.com$ [NC]<br \/>\nRewriteRule ^(.*)$ Http:\/\/site.com\/$1 [R=301,L]<br \/>\n<\/code><\/div>\n<p>Para colar junto com sem www em www:<\/p>\n<div class=\"code\"><code>RewriteCond %{HTTP_HOST} ^site\\.com$ [NC]<br \/>\nRewriteRule ^(.*)$ Http:\/\/www.site.com\/$1 [R=301,L]<br \/>\n<\/code><\/div>\n<p>para escolher corretamente sobre qual op\u00e7\u00e3o para cola, \u00e9 aconselh\u00e1vel levar em considera\u00e7\u00e3o:<\/p>\n<ul>\n<li>Quais as op\u00e7\u00f5es est\u00e3o mais relevantes<\/li>\n<li>Quais as op\u00e7\u00f5es levam a mais p\u00e1ginas no \u00edndice<\/li>\n<\/ul>\n<p>&nbsp;<\/p>\n<h3 id=\"slashes\">Canoniza\u00e7\u00e3o de barra no final do URL<\/h3>\n<p>Ao projetar um site, \u00e9 importante decidir sobre o formato usando a barra no final do URL, uma vez que, para os mecanismos de busca, existem 2 URLs do formul\u00e1rio:<\/p>\n<ul>\n<li>http:\/\/www.site.com\/cat1\/<\/li>\n<li>http:\/\/www.site.com\/cat1<\/li>\n<\/ul>\n<p>Eles s\u00e3o diferentes. Portanto, depois de ter decidido, voc\u00ea deve prescrever os seguintes redirecionamentos<\/p>\n<p>Para remover uma barra no final:<\/p>\n<div class=\"code\"><code>RewriteCond %{HTTP_HOST} (.*)<br \/>\nRewriteCond %{REQUEST_URI} \/$ [NC]<br \/>\nRewriteRule ^(.*)(\/)$ $ 1 [L,R =301]<br \/>\n<\/code><\/div>\n<p>Para adicionar uma barra no final da barra de endere\u00e7os:<\/p>\n<div class=\"code\"><code>RewriteCond %{REQUEST_FILENAME} !-f<br \/>\nRewriteCond %{REQUEST_URI} !(.*)\/$<br \/>\nRewriteRule ^(.*[^\/])$ $1\/ [L,R=301]<br \/>\n<\/code><\/div>\n<p>Redirecionamento de uma p\u00e1gina para outra p\u00e1gina:<\/p>\n<div class=\"code\"><code>Redirect 301 \/oldpage.html http:\/\/www.site.com\/newpage.html<br \/>\n<\/code><\/div>\n<p>Redirecionar para as duplicatas da p\u00e1gina principal<\/p>\n<p>Este c\u00f3digo garante que qualquer endere\u00e7o de homepage, isso inclui v\u00e1rias vers\u00f5es de links diretos para o nome da p\u00e1gina, por exemplo, default.htm ou index.html, seja direcionado para a p\u00e1gina inicial can\u00f4nica, htttp:\/\/www.site.com:<\/p>\n<div class=\"code\"><code>RewriteCond %{THE_REQUEST} ^[A-Z]{3,9}\\ \/([^\/]+\/)*(default|index|main)\\.(html|php|htm)\\ HTTP\/ [NC]<br \/>\nRewriteRule ^(([^\/]+\/)*)(default|main|index)\\.(html|php|htm)$ http:\/\/www.site.com\/$1 [L,R=301]<br \/>\n<\/code><\/div>\n<p>&nbsp;<\/p>\n<h3 id=\"directories\">Diret\u00f3rio de Redirecionamento<\/h3>\n<p>Se a estrutura do cat\u00e1logo exibida no URL, ent\u00e3o, se voc\u00ea fizer o redirecionamento, voc\u00ea tamb\u00e9m precisar\u00e1 alterar o URL adequadamente. Nesse caso, voc\u00ea precisa redigir o seguinte redirecionamento:<\/p>\n<div class=\"code\"><code><br \/>\nRewriteRule ^(.*)\/old-catalog\/(.*)$ $1\/new-catalog\/$2 [R=301,L]<br \/>\n<\/code><\/div>\n<p>Mas se o URL do cat\u00e1logo antigo come\u00e7ar imediatamente ap\u00f3s o dom\u00ednio: www.site.com\/old-catalog\/, ent\u00e3o voc\u00ea precisa usar o seguinte c\u00f3digo:<\/p>\n<div class=\"code\"><code>RewriteRule old-catalog \/(.*) \/ old-catalog \/$1 [R=301,L]<br \/>\n<\/code><\/div>\n<p>&nbsp;<\/p>\n<h3 id=\"fileextensions\">Redirecionar ao alterar extens\u00f5es do arquivo<\/h3>\n<p>Se voc\u00ea repentinamente mudar para outra plataforma CMS e, ao mesmo tempo, a extens\u00e3o de URL mudou sozinha, ent\u00e3o, nesse caso, voc\u00ea precisa usar esse redirecionamento:<\/p>\n<div class=\"code\"><code>RedirectMatch 301 (.*)\\.php$ http:\/\/www.site.com$1.html<br \/>\n<\/code><\/div>\n<p>Exemplos de uso para proteger o site de m\u00faltiplas p\u00e1ginas duplicadas<\/p>\n<p>&nbsp;<\/p>\n<h3 id=\"differentdomains\">Redirecionar de diferentes dom\u00ednios e subdom\u00ednios<\/h3>\n<p>Se voc\u00ea comprou v\u00e1rios dom\u00ednios de diferentes \u00e1reas de dom\u00ednio ou desenvolveu um novo site, e ao anex\u00e1-lo em um subdom\u00ednio, e esqueceu de fechar este dom\u00ednio da indexa\u00e7\u00e3o, voc\u00ea deve direcionar para o dom\u00ednio principal:<\/p>\n<div class=\"code\"><code>RewriteCond %{HTTP_HOST} !^www\\.site\\.com<br \/>\nRewriteRule ^(.*)$ http:\/\/www.site.com\/$1 [R=301,L]<br \/>\n<\/code><\/div>\n<p>Assim, todos os dom\u00ednios, como www.site.net, test.site.com ser\u00e3o redirecionados para o site www.site.com. ser\u00e3o redirecionados para www.site.com.<\/p>\n<h3 id=\"multiplyslashes\">Como remover m\u00faltiplas barras \/ tra\u00e7os em um URL<\/h3>\n<p>\u00c0s vezes, \u201cpor acaso\u201d o URL pode incluir v\u00e1rias barras, por exemplo, www.site.com\/catalog\/\/\/page-1.html. Aqui \u00e9 necess\u00e1rio fazer o redirecionamento 301 por p\u00e1gina com um slasher www.site.com\/catalog\/page-1.html:<\/p>\n<div class=\"code\"><code>RewriteCond %{REQUEST_URI} ^(.*)\/\/(.*)$<br \/>\nRewriteRule . %1\/%2 [R=301,L]<br \/>\n<\/code><\/div>\n<p>Da mesma forma, voc\u00ea pode juntar v\u00e1rios tra\u00e7os em um no URL: de www.site.com\/catalog\/page-1.html para www.site.com\/catalog\/page-1.html:<\/p>\n<div class=\"code\"><code>RewriteCond %{REQUEST_URI} ^(.*)--(.*)$<br \/>\nRewriteRule . %1-%2 [R=301,L]<br \/>\n<\/code><\/div>\n<p>&nbsp;<\/p>\n<h3 id=\"lowercase\">Como fazer um redirecionamento de qualquer URL para URL, mas apenas em min\u00fasculas?<\/h3>\n<p>Uma vez que as min\u00fasculas s\u00e3o levadas em considera\u00e7\u00e3o pelos mecanismos de busca, ao criar um site \u00e9 melhor utilizar todos os URLs em min\u00fasculas. No entanto, se voc\u00ea inicialmente esqueceu esse ponto, \u00e9 melhor usar o seguinte c\u00f3digo de redirecionamento no n\u00edvel do script php:<\/p>\n<div class=\"code\"><code>$lowerURI=strtolower($_SERVER['REQUEST_URI']);<br \/>\nif($_SERVER['REQUEST_URI']!=$lowerURI)<br \/>\n{<br \/>\nheader(\"HTTP\/1.1 301 Moved Permanently\");<br \/>\nheader(\"Location: http:\/\/\" . $_SERVER['HTTP_HOST'] . $lowerURI);<br \/>\nexit();<br \/>\n}<br \/>\n<\/code><\/div>\n<p>&nbsp;<\/p>\n<h2 id=\"optimalstrategy\">Como se mudar para um novo dom\u00ednio? A estrat\u00e9gia ideal para redirecionamentos 301<\/h2>\n<p>&nbsp;<\/p>\n<p>A estrat\u00e9gia mais favor\u00e1vel para se mudar para um novo dom\u00ednio, tendo em conta as condi\u00e7\u00f5es dos dois principais motores de busca &#8211; Runet Yandex e Google:<\/p>\n<ul>\n<li>Redirecionamento 301 do site antigo para o site novo;<\/li>\n<li>Enquanto n\u00e3o fazemos um redirecionamento do para o arquivo robots.txt, n\u00f3s atribu\u00edmos a diretiva Host ao novo dom\u00ednio.<\/li>\n<\/ul>\n<p>Em seguida, o c\u00f3digo para configurar um redirecionamento no site antigo pode ser assim:<\/p>\n<div class=\"code\"><code>RewriteCond %{REQUEST_FILENAME} robots.txt$ [NC]<br \/>\nRewriteRule ^([^\/]+) $1 [L]<br \/>\nRewriteCond %{HTTP_HOST} !^www\\.site\\.com<br \/>\nRewriteRule ^(.*)$ http:\/\/www.site.com\/$1 [R=301,L]<br \/>\n<\/code><\/div>\n<p>e o arquivo robots,txt para o site antigo:<\/p>\n<div class=\"code\"><code>User-agent: Google<br \/>\nDisallow:<br \/>\nHost: newsite.com<br \/>\n<\/code><\/div>\n<p>&nbsp;<\/p>\n<h3 id=\"generation301\">Gera\u00e7\u00e3o de redirecionamentos 301<\/h3>\n<p>Se voc\u00ea n\u00e3o \u00e9 um t\u00e9cnico experiente, ent\u00e3o pode usar os servi\u00e7os de gera\u00e7\u00e3o de redirecionamentos b\u00e1sicos:<\/p>\n<ul>\n<li>http:\/\/www.webconfs.com\/htaccess-redirect-generator.php<\/li>\n<li>http:\/\/www.rapidtables.com\/web\/tools\/redirect-generator.htm<\/li>\n<\/ul>\n<p>Em tais servi\u00e7os, voc\u00ea s\u00f3 precisa substituir os pr\u00f3prios dados e ir\u00e1 obter imediatamente o c\u00f3digo pronto para redirecionamentos entre dom\u00ednios, diret\u00f3rios ou URLs.<\/p>\n<p>&nbsp;<\/p>\n<h3 id=\"checking301\">Como verificar um redirecionamento 301?<\/h3>\n<p>Ap\u00f3s cada altera\u00e7\u00e3o l\u00f3gica do trabalho de redirecionamento 301, \u00e9 necess\u00e1rio verificar a operacionalidade do site:<\/p>\n<ul>\n<li>O site realmente funciona? &#8211; v\u00e1 para a p\u00e1gina principal<\/li>\n<li>percorra as principais p\u00e1ginas e se\u00e7\u00f5es do site<\/li>\n<\/ul>\n<p>Al\u00e9m disso, para testes mais completos de redirecionamentos, voc\u00ea pode usar os seguintes servi\u00e7os:<\/p>\n<ul>\n<li>http:\/\/bertal.ru &#8211; tanto quanto poss\u00edvel ter\u00e1 informa\u00e7\u00f5es detalhadas sobre as respostas do servidor<\/li>\n<li>http:\/\/www.internetmarketingninjas.com\/header-checker\/.<\/li>\n<\/ul>\n<p>&nbsp;<\/p>\n<h2 id=\"redirectorcanonical\">Como e quando usar o redirecionamento 301 vs can\u00f4nico?<\/h2>\n<p>&nbsp;<\/p>\n<p>Embora existam algumas nuances, o Google fornece algumas regras claras, para que ele entenda exatamente o que queremos dizer. Em palavras simples, veja como os mecanismos de busca entendem estas instru\u00e7\u00f5es:<\/p>\n<p>301 &#8211; Ei, mecanismos de busca: minha p\u00e1gina n\u00e3o est\u00e1 mais aqui e foi movida para uma nova p\u00e1gina. Por favor elimine a p\u00e1gina anterior do \u00edndice e transfira o link para a p\u00e1gina nova.<\/p>\n<p><a href=\"https:\/\/sitechecker.pro\/pt\/canonical-url\/\">Can\u00f4nico<\/a> &#8211; Ei, mecanismos de busca (para a maioria dos mecanismos de busca): eu tenho v\u00e1rias vers\u00f5es desta p\u00e1gina (ou conte\u00fado), por favor, indexe apenas a vers\u00e3o da p\u00e1gina can\u00f4nica. Vou manter as outras p\u00e1ginas acess\u00edveis \u00e0s pessoas para que possam v\u00ea-las, mas, Mecanismo de Busca, n\u00e3o as inclua no \u00edndice e transfira o juice link para minha p\u00e1gina preferida.<\/p>\n<p>&nbsp;<\/p>\n<h3 id=\"when301better\">Quando \u00e9 melhor usar o redirecionamento 301?<\/h3>\n<ul>\n<li>Por padr\u00e3o &#8211; \u00e9 o m\u00e9todo preferido<\/li>\n<li>Para p\u00e1ginas &#8211; se a p\u00e1gina se mudou permanentemente ou foi substitu\u00edda por um novo endere\u00e7o<\/li>\n<li>Para dom\u00ednios &#8211; se a p\u00e1gina se mudou para um novo dom\u00ednio (venda do site, rebranding, etc.)<\/li>\n<li>Para P\u00e1ginas <a href=\"https:\/\/sitechecker.pro\/pt\/404-error\/\">404 p\u00e1ginas<\/a> e conte\u00fados que perderam a relev\u00e2ncia (sujeito a conte\u00fado apropriado). Por exemplo, se voc\u00ea remover um produto de um diret\u00f3rio espec\u00edfico, voc\u00ea pode redirecionar para um produto similar ou para a categoria de URL a que esse produto pertence.<\/li>\n<\/ul>\n<p>&nbsp;<\/p>\n<h3 id=\"whencanonicalbetter\">Quando \u00e9 melhor usar rel=&#8221;Can\u00f4nico&#8221;?<\/h3>\n<ul>\n<li>Quando o redirecionamento 303 n\u00e3o pode ser executado, ou sua implementa\u00e7\u00e3o demorar\u00e1 muito tempo<\/li>\n<li>Em caso de conte\u00fado duplicado, mas voc\u00ea deseja manter as duas p\u00e1ginas para pessoas (por exemplo, mostrar roupas diferentes em URLs diferentes)<\/li>\n<li>P\u00e1ginas com v\u00e1rios URLs diferentes, em ess\u00eancia, uma p\u00e1gina (por exemplo, classifica\u00e7\u00e3o do cat\u00e1logo, rastreamento de links de parceiros, etc.)<\/li>\n<li>Cross-domains: quando ambos os sites s\u00e3o semelhantes, mas um conte\u00fado semelhante dever\u00e1 ser adicionado em cada um dos dom\u00ednios.<\/li>\n<\/ul>\n<p><b>Total<\/b><\/p>\n<p>Em geral, ambas as op\u00e7\u00f5es permitem manter o link juice e ser\u00e3o interpretadas de maneira semelhante pelo Google. No entanto, em geral, o redirecionamento 301 \u00e9 o m\u00e9todo preferido.<\/p>\n<p>&nbsp;<\/p>\n<h2 id=\"mistakes\">Erros ao usar redirecionamentos<\/h2>\n<p>&nbsp;<\/p>\n<p><strong>Qualquer redirecionamento de v\u00e1rias etapas<\/strong>. Se poss\u00edvel, \u00e9 aconselh\u00e1vel n\u00e3o permitir redirecionamentos de v\u00e1rias etapas, para que ele funcione mais rapidamente e com um m\u00e1ximo de link juice transmitido.<\/p>\n<p><strong>Usando o tipo de redirecionamento incorreto<\/strong>. Ao escolher o tipo de redirecionamento, \u00e9 necess\u00e1rio levar em considera\u00e7\u00e3o as nuances de cada um deles.<\/p>\n<p><strong>Implementa\u00e7\u00e3o de redirecionamentos internos sem alterar os links para novos endere\u00e7os<\/strong>. Depois de executar todos os redirecionamentos em seu site, voc\u00ea precisa verificar se todas as p\u00e1ginas do seu site j\u00e1 se referem a uma nova, e n\u00e3o adicionam links para as p\u00e1ginas das quais o redirecionamento do site ocorre.<\/p>\n<p><strong>Redirecionamento para P\u00e1ginas irrelevantes \/ conte\u00fado<\/strong>. O redirecionamento sempre deve direcionar para a p\u00e1gina mais relevante: para uma p\u00e1gina similar ou um ramo do cat\u00e1logo \/ se\u00e7\u00e3o a que esta p\u00e1gina pertencia.<\/p>\n<p><strong>Escolha errada<\/strong> do uso de rel = redirecionamento can\u00f4nico versus 301. veja acima.<\/p>\n<p><strong>Redirecionamento, cujo o ponto final n\u00e3o \u00e9 a p\u00e1gina 200<\/strong>. O redirecionamento deve levar a uma p\u00e1gina corretamente ativa com 200 respostas do servidor. Caso contr\u00e1rio, \u00e9 aconselh\u00e1vel n\u00e3o confundir os rob\u00f4s de busca e dar uma resposta 404.<\/p>\n<p><strong>Redirecione o arquivo <a href=\"https:\/\/sitechecker.pro\/pt\/robots-tester\/\">robots.txt<\/a><\/strong>. Como, por exemplo, voc\u00ea precisa registrar a diretiva Host para Yandex quando houver um dom\u00ednio de ades\u00e3o.<\/p>\n<p>Esperamos que esse guia se transforme em uma fonte de dicas e um \u00f3timo assistente para usar o redirecionamento 301 em seu site.<\/p>","protected":false},"excerpt":{"rendered":"O que \u00e9 um Redirecionamento? &nbsp; \u00c9 uma forma de redirecionar os usu\u00e1rios do site e os mecanismos de pesquisa para um URL diferente do que eles solicitaram originalmente. Abaixo est\u00e3o as descri\u00e7\u00f5es dos tipos de redirecionamentos mais utilizados. &nbsp; 301 Movido Permanentemente O redirecionamento 301 \u00e9 um redirecionamento permanente, que transfere cerca de 90-99%&#8230;","protected":false},"author":11474150,"featured_media":26193,"parent":0,"menu_order":0,"comment_status":"closed","ping_status":"closed","template":"pages-templates\/pages-v2.php","meta":[],"categories":[28],"tags":[],"_links":{"self":[{"href":"https:\/\/sitechecker.pro\/pt\/wp-json\/wp\/v2\/pages\/596"}],"collection":[{"href":"https:\/\/sitechecker.pro\/pt\/wp-json\/wp\/v2\/pages"}],"about":[{"href":"https:\/\/sitechecker.pro\/pt\/wp-json\/wp\/v2\/types\/page"}],"author":[{"embeddable":true,"href":"https:\/\/sitechecker.pro\/pt\/wp-json\/wp\/v2\/users\/11474150"}],"replies":[{"embeddable":true,"href":"https:\/\/sitechecker.pro\/pt\/wp-json\/wp\/v2\/comments?post=596"}],"version-history":[{"count":91,"href":"https:\/\/sitechecker.pro\/pt\/wp-json\/wp\/v2\/pages\/596\/revisions"}],"predecessor-version":[{"id":37275,"href":"https:\/\/sitechecker.pro\/pt\/wp-json\/wp\/v2\/pages\/596\/revisions\/37275"}],"wp:featuredmedia":[{"embeddable":true,"href":"https:\/\/sitechecker.pro\/pt\/wp-json\/wp\/v2\/media\/26193"}],"wp:attachment":[{"href":"https:\/\/sitechecker.pro\/pt\/wp-json\/wp\/v2\/media?parent=596"}],"wp:term":[{"taxonomy":"category","embeddable":true,"href":"https:\/\/sitechecker.pro\/pt\/wp-json\/wp\/v2\/categories?post=596"},{"taxonomy":"post_tag","embeddable":true,"href":"https:\/\/sitechecker.pro\/pt\/wp-json\/wp\/v2\/tags?post=596"}],"curies":[{"name":"wp","href":"https:\/\/api.w.org\/{rel}","templated":true}]}}