{"id":573,"date":"2017-12-07T16:00:45","date_gmt":"2017-12-07T16:00:45","guid":{"rendered":"https:\/\/sitechecker.pro\/?page_id=573"},"modified":"2025-01-27T16:23:26","modified_gmt":"2025-01-27T16:23:26","slug":"http-vs-https","status":"publish","type":"page","link":"https:\/\/sitechecker.pro\/pt\/http-vs-https\/","title":{"rendered":"Verificador de redireccionamento de HTTP para HTTPS | Testar se os redireccionamentos funcionam \u2611"},"content":{"rendered":"<p><\/p>\n<h2 id=\"par1\">O que \u00e9 o Redirect HTTP to HTTPS Checker?<\/h2>\n<p>O verificador HTTP para HTTPS do <a href=\"https:\/\/sitechecker.pro\/\" target=\"_blank\" rel=\"noopener noreferrer\">Sitechecker<\/a> testa se um site ou p\u00e1ginas espec\u00edficas redirecionam corretamente de HTTP para HTTPS , <a href=\"https:\/\/sitechecker.pro\/ssl-checker\/\" target=\"_blank\" rel=\"noopener noreferrer\">valida os certificados SSL<\/a>, identifica problemas de seguran\u00e7a e garante a conformidade com as normas de seguran\u00e7a, ajudando a melhorar a seguran\u00e7a do site e a confian\u00e7a do utilizador.<\/p>\n<h3>Como \u00e9 que a ferramenta o pode ajudar<\/h3>\n<p><strong>Teste de redireccionamento:<\/strong> verifica se o tr\u00e1fego HTTP \u00e9 redireccionado correctamente para HTTPS para sites ou p\u00e1ginas individuais.<\/p>\n<p><strong>Valida\u00e7\u00e3o de Certificados SSL:<\/strong> verifica a validade e a implementa\u00e7\u00e3o adequada dos certificados SSL.<\/p>\n<p><strong>Monitoriza\u00e7\u00e3o de seguran\u00e7a:<\/strong> identifica e acompanha poss\u00edveis problemas de seguran\u00e7a para garantir a conformidade cont\u00ednua.<\/p>\n<h3>Principais caracter\u00edsticas da ferramenta<\/h3>\n<p><strong>Painel unificado:<\/strong> plataforma centralizada para gerir e monitorizar todas as m\u00e9tricas de desempenho do website.<\/p>\n<p><strong>Interface amig\u00e1vel:<\/strong> Design intuitivo adequado para utilizadores de todos os n\u00edveis de habilidade.<\/p>\n<p><strong>Conjunto completo de ferramentas de SEO:<\/strong> Ferramentas abrangentes para auditorias de SEO, rastreio de classifica\u00e7\u00e3o, an\u00e1lise de backlinks e otimiza\u00e7\u00e3o.<\/p>\n<h2 id=\"par2\">Como utilizar a ferramenta<\/h2>\n<p>Para come\u00e7ar a utilizar esta ferramenta, basta escolher uma das op\u00e7\u00f5es de auditoria abaixo com base nas suas necessidades.<\/p>\n<div class=\"content__img-wrap\"><img src=\"https:\/\/sitechecker.pro\/wp-content\/uploads\/2025\/01\/choose-audit-option-1.png\" alt=\"Escolha a op\u00e7\u00e3o de auditoria\" class=\"description-img description-img-zoom\" loading=\"lazy\" ><\/div>\n<h2 id=\"par3\">Teste de site<\/h2>\n<p>Para avaliar a seguran\u00e7a e o desempenho do seu website, selecione a op\u00e7\u00e3o de auditoria mais adequada abaixo.<\/p>\n<h3>Passo 1: Escolha o teste do site em si<\/h3>\n<div class=\"content__img-wrap\"><img src=\"https:\/\/sitechecker.pro\/wp-content\/uploads\/2025\/01\/own-site-test.png\" alt=\"Teste do pr\u00f3prio site\" class=\"description-img description-img-zoom\" loading=\"lazy\" ><\/div>\n<div class=\"important-block\">Para receber resultados e acesso \u00e0s funcionalidades do Sitechecker durante 14 dias, inicie o seu teste GRATUITO. \u00c9 f\u00e1cil registar-se com o seu e-mail, conta Google ou Facebook. N\u00e3o \u00e9 necess\u00e1rio cart\u00e3o de cr\u00e9dito.<\/div>\n<h3>Passo 2: Obtenha os resultados<\/h3>\n<p>A verifica\u00e7\u00e3o de redireccionamento de HTTP para HTTPS fornece informa\u00e7\u00f5es detalhadas sobre a seguran\u00e7a do seu website e a configura\u00e7\u00e3o de redireccionamento, identificando vulnerabilidades como conte\u00fado misto, cabe\u00e7alhos em falta ou implementa\u00e7\u00e3o inadequada de HTTPS.<\/p>\n<div class=\"content__img-wrap\"><img src=\"https:\/\/sitechecker.pro\/wp-content\/uploads\/2025\/01\/http-https-redirection.png\" alt=\"Redireccionamento de HTTP para HTTPS\" class=\"description-img description-img-zoom\" loading=\"lazy\" ><\/div>\n<p>Identifique e corrija quaisquer vulnerabilidades de seguran\u00e7a e obtenha sugest\u00f5es no c\u00f3digo com um simples clique.<\/p>\n<h3>Caracter\u00edsticas adicionais do teste de dom\u00ednio<\/h3>\n<p>A ferramenta fornece uma vis\u00e3o geral abrangente dos problemas cr\u00edticos, de aviso e informativos relacionados com o redirecionamento HTTPS do seu website, incluindo uma an\u00e1lise detalhada das p\u00e1ginas afetadas por categoria (por exemplo, seguran\u00e7a, links, indexabilidade). Destaca problemas espec\u00edficos, a sua gravidade e insights acion\u00e1veis \u200b\u200bpara otimiza\u00e7\u00e3o.<\/p>\n<div class=\"content__img-wrap\"><img src=\"https:\/\/sitechecker.pro\/wp-content\/uploads\/2025\/01\/site-audit-issues-list.png\" alt=\"Lista de problemas de auditoria do site\" class=\"description-img description-img-zoom\" loading=\"lazy\" ><\/div>\n<h2 id=\"par5\">Teste de p\u00e1gina<\/h2>\n<h3>Passo 1: Escolha a op\u00e7\u00e3o para testar uma p\u00e1gina<\/h3>\n<div class=\"content__img-wrap\"><img src=\"https:\/\/sitechecker.pro\/wp-content\/uploads\/2025\/01\/test-page.png\" alt=\"P\u00e1gina de teste\" class=\"description-img description-img-zoom\" loading=\"lazy\" ><\/div>\n<h3>Passo 2: Obtenha os resultados<\/h3>\n<p>A verifica\u00e7\u00e3o de redireccionamento de HTTP para HTTPS avalia se o protocolo HTTP foi redirecionado corretamente para HTTPS, garantindo a transmiss\u00e3o segura de dados. Fornece insights sobre a funcionalidade do protocolo, vulnerabilidades na estrutura de URL e recomenda\u00e7\u00f5es para a conformidade com as normas de seguran\u00e7a.<\/p>\n<div class=\"content__img-wrap\"><img src=\"https:\/\/sitechecker.pro\/wp-content\/uploads\/2025\/01\/http-protocol-doesnt-work.png\" alt=\"O protocolo HTTP n\u00e3o funciona\" class=\"description-img description-img-zoom\" loading=\"lazy\" ><\/div>\n<p>Navegue at\u00e9 \u00e0 sec\u00e7\u00e3o de auditoria do website para explorar uma demonstra\u00e7\u00e3o que mostra todas as caracter\u00edsticas da ferramenta. Este fornece orienta\u00e7\u00f5es claras sobre como melhorar a sa\u00fade t\u00e9cnica do seu website e gerir poss\u00edveis problemas de forma eficaz.<\/p>\n<div class=\"content__img-wrap\"><img src=\"https:\/\/sitechecker.pro\/wp-content\/uploads\/2025\/01\/site-audit-1.png\" alt=\"Auditoria do Site\" class=\"description-img description-img-zoom\" loading=\"lazy\" ><\/div>\n<h3>Recursos adicionais para testar um dom\u00ednio que n\u00e3o \u00e9 o seu<\/h3>\n<p>A verifica\u00e7\u00e3o de redireccionamento de HTTP para HTTPS n\u00e3o s\u00f3 verifica a funcionalidade de redireccionamento, como tamb\u00e9m fornece informa\u00e7\u00f5es adicionais, incluindo pontua\u00e7\u00e3o de p\u00e1gina, problemas cr\u00edticos e de aviso, c\u00f3digo de estado, indexabilidade e tamanho de p\u00e1gina. Oferece op\u00e7\u00f5es de navega\u00e7\u00e3o detalhadas para otimiza\u00e7\u00e3o, como dados estruturados, conte\u00fado, imagens e insights do PageSpeed, garantindo uma avalia\u00e7\u00e3o abrangente do desempenho e da seguran\u00e7a do seu website.<\/p>\n<div class=\"content__img-wrap\"><img src=\"https:\/\/sitechecker.pro\/wp-content\/uploads\/2025\/01\/on-page-seo-checker.png\" alt=\"Verificador SEO na p\u00e1gina\" class=\"description-img description-img-zoom\" loading=\"lazy\" ><\/div>\n<h2 id=\"par7\">Ideia Final<\/h2>\n<p>O HTTP to HTTPS Redirect Checker garante o redireccionamento adequado, valida os certificados SSL e identifica problemas de seguran\u00e7a para aumentar a seguran\u00e7a do website. Fornece insights acion\u00e1veis, pontua\u00e7\u00f5es de p\u00e1gina e m\u00e9tricas de otimiza\u00e7\u00e3o atrav\u00e9s de um painel de f\u00e1cil utiliza\u00e7\u00e3o.<\/p>\n<div id=\"par8\"><\/div>\n<p><div class=\"front__faq-block\"><div class=\"faq__block-title\">FAQ<\/div><div class=\"panel-group\" id=\"faq-accordion\" itemscope itemtype=\"https:\/\/schema.org\/FAQPage\" role=\"tablist\" aria-multiselectable=\"true\"><div class=\"panel\" itemscope itemtype=\"https:\/\/schema.org\/Question\" itemprop=\"mainEntity\">\n                            <div class=\"panel-heading\" id=\"headingFaq-1\">\n                                <div class=\"panel-title\" data-toggle=\"collapse\" aria-expanded=\"false\" href=\"#collapseFaq-1\">\n                                    <h3 itemprop=\"name\">Qual \u00e9 o objectivo do Verificador de Redireccionamento de HTTP para HTTPS?<\/h3>\n                                <\/div>\n                            <\/div>\n                            <div id=\"collapseFaq-1\" class=\"panel-collapse collapse\" itemprop=\"acceptedAnswer\" itemscope itemtype=\"http:\/\/schema.org\/Answer\">\n                                <div class=\"panel-body\" itemprop=\"text\">A ferramenta testa se os sites ou p\u00e1ginas redirecionam corretamente de HTTP para HTTPS, garantindo a transmiss\u00e3o segura de dados e melhorando a confian\u00e7a do utilizador.<\/div>\n                            <\/div>\n                        <\/div><div class=\"panel\" itemscope itemtype=\"https:\/\/schema.org\/Question\" itemprop=\"mainEntity\">\n                            <div class=\"panel-heading\" id=\"headingFaq-2\">\n                                <div class=\"panel-title\" data-toggle=\"collapse\" aria-expanded=\"false\" href=\"#collapseFaq-2\">\n                                    <h3 itemprop=\"name\">A ferramenta oferece insights adicionais para al\u00e9m da verifica\u00e7\u00e3o de redireccionamento?<\/h3>\n                                <\/div>\n                            <\/div>\n                            <div id=\"collapseFaq-2\" class=\"panel-collapse collapse\" itemprop=\"acceptedAnswer\" itemscope itemtype=\"http:\/\/schema.org\/Answer\">\n                                <div class=\"panel-body\" itemprop=\"text\">Sim, fornece insights como pontua\u00e7\u00f5es de p\u00e1gina, problemas cr\u00edticos e de aviso, indexabilidade, tamanho de p\u00e1gina e recomenda\u00e7\u00f5es de conformidade de seguran\u00e7a.<\/div>\n                            <\/div>\n                        <\/div><div class=\"panel\" itemscope itemtype=\"https:\/\/schema.org\/Question\" itemprop=\"mainEntity\">\n                            <div class=\"panel-heading\" id=\"headingFaq-3\">\n                                <div class=\"panel-title\" data-toggle=\"collapse\" aria-expanded=\"false\" href=\"#collapseFaq-3\">\n                                    <h3 itemprop=\"name\">Posso utilizar a ferramenta para testar dom\u00ednios que n\u00e3o possuo?<\/h3>\n                                <\/div>\n                            <\/div>\n                            <div id=\"collapseFaq-3\" class=\"panel-collapse collapse\" itemprop=\"acceptedAnswer\" itemscope itemtype=\"http:\/\/schema.org\/Answer\">\n                                <div class=\"panel-body\" itemprop=\"text\">Sim, pode testar outros dom\u00ednios para verificar a sua configura\u00e7\u00e3o de redireccionamento e conformidade de seguran\u00e7a sem exigir propriedade.<\/div>\n                            <\/div>\n                        <\/div><\/div><\/div><\/p>","protected":false},"excerpt":{"rendered":"O que \u00e9 o Redirect HTTP to HTTPS Checker? O verificador HTTP para HTTPS do Sitechecker testa se um site ou p\u00e1ginas espec\u00edficas redirecionam corretamente de HTTP para HTTPS , valida os certificados SSL, identifica problemas de seguran\u00e7a e garante a conformidade com as normas de seguran\u00e7a, ajudando a melhorar a seguran\u00e7a do site e&#8230;","protected":false},"author":10409641,"featured_media":3356,"parent":0,"menu_order":0,"comment_status":"closed","ping_status":"closed","template":"pages-templates\/pages-minitools-3.php","meta":[],"categories":[73],"tags":[],"_links":{"self":[{"href":"https:\/\/sitechecker.pro\/pt\/wp-json\/wp\/v2\/pages\/573"}],"collection":[{"href":"https:\/\/sitechecker.pro\/pt\/wp-json\/wp\/v2\/pages"}],"about":[{"href":"https:\/\/sitechecker.pro\/pt\/wp-json\/wp\/v2\/types\/page"}],"author":[{"embeddable":true,"href":"https:\/\/sitechecker.pro\/pt\/wp-json\/wp\/v2\/users\/10409641"}],"replies":[{"embeddable":true,"href":"https:\/\/sitechecker.pro\/pt\/wp-json\/wp\/v2\/comments?post=573"}],"version-history":[{"count":10,"href":"https:\/\/sitechecker.pro\/pt\/wp-json\/wp\/v2\/pages\/573\/revisions"}],"predecessor-version":[{"id":35166,"href":"https:\/\/sitechecker.pro\/pt\/wp-json\/wp\/v2\/pages\/573\/revisions\/35166"}],"wp:featuredmedia":[{"embeddable":true,"href":"https:\/\/sitechecker.pro\/pt\/wp-json\/wp\/v2\/media\/3356"}],"wp:attachment":[{"href":"https:\/\/sitechecker.pro\/pt\/wp-json\/wp\/v2\/media?parent=573"}],"wp:term":[{"taxonomy":"category","embeddable":true,"href":"https:\/\/sitechecker.pro\/pt\/wp-json\/wp\/v2\/categories?post=573"},{"taxonomy":"post_tag","embeddable":true,"href":"https:\/\/sitechecker.pro\/pt\/wp-json\/wp\/v2\/tags?post=573"}],"curies":[{"name":"wp","href":"https:\/\/api.w.org\/{rel}","templated":true}]}}