{"id":554,"date":"2023-12-07T12:15:10","date_gmt":"2023-12-07T12:15:10","guid":{"rendered":"https:\/\/sitechecker.pro\/?page_id=554"},"modified":"2025-05-21T13:13:20","modified_gmt":"2025-05-21T13:13:20","slug":"meta-tags","status":"publish","type":"page","link":"https:\/\/sitechecker.pro\/pt\/meta-tags\/","title":{"rendered":"Meta Tags: Sua Import\u00e2ncia para o SEO, Exemplos e Dicas para Uso Correto"},"content":{"rendered":"<p><\/p>\n<h2>O que s\u00e3o meta Tags?<\/h2>\n<p>&nbsp;<\/p>\n<p>Voc\u00ea est\u00e1 familiarizado com as outras SEO Meta Tags, al\u00e9m da conhecida descri\u00e7\u00e3o e palavras-chaves? Aqui voc\u00ea pode encontrar uma lista de alguns deles, divididos em tr\u00eas categorias: os que s\u00e3o bons, ruins e indiferentes (cabe a voc\u00ea us\u00e1-los). Al\u00e9m disso, depois de ler esse artigo at\u00e9 o final, voc\u00ea descobrir\u00e1 que o n\u00famero de itens ruins \u00e9 muito maior do que o restante. Claro, \u00e9 imposs\u00edvel fazer uma lista completa de meta tags HTML, portanto, se voc\u00ea precisar de mais, voc\u00ea sempre pode encontrar usando esta fonte extra de meta tags.<\/p>\n<div class=\"box\">O conselho mais \u00fatil que posso dar agora \u00e9 n\u00e3o adicionar a elementos Meta extra, apenas para preencher o espa\u00e7o se n\u00e3o houver necessidade. Como voc\u00ea sabe, quantidade n\u00e3o \u00e9 qualidade, portanto, voc\u00ea sempre deve tratar o processo de qualifica\u00e7\u00e3o em termos de como isso ser\u00e1 refletido seu navegador e como ele pode ajudar a obter o que quiser na web.<\/div>\n<p>&nbsp;<\/p>\n<h2>Ruim<\/h2>\n<p>&nbsp;<\/p>\n<p>N\u00e3o podemos dizer eles podem influenciar negativamente seu site, mas s\u00e3o apenas um desperd\u00edcio de espa\u00e7o na sua codifica\u00e7\u00e3o.<\/p>\n<ul>\n<li><strong>Author Tag<\/strong> &#8211; especifica quem \u00e9 o autor da p\u00e1gina. Voc\u00ea realmente precisa mencionar isso?<\/li>\n<li><strong>Generator Tag<\/strong> &#8211; \u00e9 usada para esclarecer qual programa gerou sua p\u00e1gina. No entanto, na minha opini\u00e3o, isso n\u00e3o vale a pena ser usado.<\/li>\n<li><strong>Resource Type Tag<\/strong> &#8211; espec\u00edfica que tipo de fonte \u00e9 utilizada em sua p\u00e1gina, mas, para economizar tempo, DTD pode ser usada.<\/li>\n<li><strong>Revisit After Tag<\/strong> &#8211; d\u00e1 uma resposta aos bots de pesquisa ao retornar \u00e0 \u00a0p\u00e1gina, mas a maioria dos mecanismos de pesquisa famosos n\u00e3o a suportam.<\/li>\n<li><strong>Rating Tag<\/strong> &#8211; ajuda adicionar restri\u00e7\u00e3o de idade ao seu conte\u00fado, mas ainda achamos que a melhor maneira de lidar com imagens adultas \u00e9 coloc\u00e1-las em um diret\u00f3rio isolado, longe das imagens comuns usadas no site e notificar o Google sobre elas.<\/li>\n<li><strong>Distribution Tag<\/strong> &#8211; \u00c9 usado quando voc\u00ea precisar alterar a acessibilidade do documento. E, na maioria dos casos, ele tem um modo \u201cnormal\u201c por padr\u00e3o, portanto, sua p\u00e1gina estiver aberta, significa que ela est\u00e1 aberta para todo mundo.<\/li>\n<li><strong>Abstract Tag<\/strong> &#8211; \u00c9 usada quando voc\u00ea precisa adicionar apenas um resumo de um texto.<\/li>\n<li><strong>Date\/ Expiration Tag<\/strong> &#8211; Tags de data s\u00e3o usadas para especificar uma data exata em que a p\u00e1gina foi criada e quando ela ir\u00e1 expirar. N\u00e3o entanto, \u00e9 muito mais \u00fatil remover as p\u00e1ginas quando elas expiram por conta pr\u00f3pria e atualizar seu <a href=\"https:\/\/sitechecker.pro\/pt\/xml-sitemap\/\">sitemap XML <\/a>constantemente.<\/li>\n<li><strong>Copyright Tag<\/strong> &#8211; \u00a0se voc\u00ea j\u00e1 a tiver na sess\u00e3o de rodap\u00e9, por que us\u00e1-la novamente?<\/li>\n<li><strong>Cache Control Tag<\/strong> &#8211; ajuda voc\u00ea a controlar o per\u00edodo em que uma p\u00e1gina est\u00e1 sendo armazenada em cache em um navegador, mas \u00e9 prefer\u00edvel fazer isso no cabe\u00e7alho HTTP.<\/li>\n<\/ul>\n<h2>Bom<\/h2>\n<p>&nbsp;<\/p>\n<p>As boas Meta Tags devem ser usadas em todas as p\u00e1ginas. Claro, isso n\u00e3o \u00e9 uma lista completa, mas voc\u00ea deve usar pelo menos estas:<\/p>\n<ul>\n<li><a href=\"https:\/\/sitechecker.pro\/pt\/meta-title\/\"><strong>Meta Title<\/strong> <\/a>&#8211; este \u00e9 um elemento muito importante de qualquer otimiza\u00e7\u00e3o SEO, pois \u00e9 colocado na se\u00e7\u00e3o de cabe\u00e7alho e cont\u00e9m os dados mais importantes. A \u00fanica regra que voc\u00ea deve seguir aqui \u00e9 criar um t\u00edtulo exclusivo para cada p\u00e1gina.<\/li>\n<li><a href=\"https:\/\/sitechecker.pro\/pt\/meta-tag-description\/\"><strong>Meta description<\/strong><\/a> &#8211; \u00a0este elemento Meta serve como uma descri\u00e7\u00e3o da p\u00e1gina para v\u00e1rios <a href=\"https:\/\/sitechecker.pro\/pt\/serp\/\">SERPs<\/a>. Embora isso n\u00e3o influencie na classifica\u00e7\u00e3o de um site diretamente, ele ainda \u00e9 muito importante, pois visa for\u00e7ar o usu\u00e1rio a visitar seu site. Para escrever uma descri\u00e7\u00e3o ideal, voc\u00ea deve seguir v\u00e1rias regras: deve ter cerca de 160 caracteres e al\u00e9m do mais deve ser cativante.<\/li>\n<li><strong>Meta Content Type Tag<\/strong>&#8211; deve ser usado em todas as p\u00e1ginas, pois mostra o conjunto de caracteres da p\u00e1gina e sua omiss\u00e3o pode influenciar a renderiza\u00e7\u00e3o de uma p\u00e1gina do navegador. Aqui est\u00e3o suas variantes, mas um web designer experiente pode escolher a melhor op\u00e7\u00e3o para o site.\n<div class=\"code\"><code>&lt;meta http-equiv=\"Content-Type\" content=\"text\/html; charset=utf-8\" \/&gt;<br \/>\n&lt;meta http-equiv=\"Content-Type\" content=\"text\/html; charset=ISO-8859-1\"&gt;<\/code><\/div>\n<\/li>\n<li><strong>Viewport<\/strong> &#8211; em nossa era tecnol\u00f3gica, esse \u00e9 um elemento realmente importante se voc\u00ea deseja que seu site transa um bom UX m\u00f3vel. Voc\u00ea pode usar programas como a ferramenta Google PageSpeed Insights para obter informa\u00e7\u00f5es mais detalhadas. Caso contr\u00e1rio, a Tagpadr\u00e3o est\u00e1 aqui:\n<div class=\"code\"><code>&lt;meta name=viewport content=\"width=device-width, initial-scale=1\"&gt;<\/code><\/div>\n<\/li>\n<\/ul>\n<h2>Indiferente<\/h2>\n<p>&nbsp;<\/p>\n<ul>\n<li><strong>Social Meta Tags<\/strong> &#8211; as informa\u00e7\u00f5es do Twitter e <a href=\"https:\/\/sitechecker.pro\/pt\/open-graph\/\">OpenGraph<\/a> na maioria dos casos s\u00e3o importantes, mas n\u00e3o obrigat\u00f3rias.<\/li>\n<li><strong>Language Tag<\/strong>&#8211; voc\u00ea pode us\u00e1-lo se precisar indicar um idioma definido na p\u00e1gina. Por exemplo, se voc\u00ea estiver mudando para outro pa\u00eds.<\/li>\n<li><strong>Specific Bots Tag<\/strong>&#8211; serve para dar instru\u00e7\u00f5es aos bots como noodp (dizendo a eles que os dados de listagem do DOMZ n\u00e3o podem ser usados) e noydir (bastante semelhante, mas aqui est\u00e3o as informa\u00e7\u00f5es de listagem do diret\u00f3rio do Yahoo). Francamente, os <a href=\"https:\/\/sitechecker.pro\/pt\/search-engines\/\">mecanismos de busca<\/a> podem fazer isso sozinhos, mas se voc\u00ea realmente acha que isso \u00e9 necess\u00e1rio, ent\u00e3o fa\u00e7a.<\/li>\n<li><strong>Robots<\/strong> &#8211; alguns especialistas realmente acham que essa \u00e9 uma meta tag obrigat\u00f3ria. No entanto, vamos descobrir. Em termos de indexa\u00e7\u00e3o de p\u00e1ginas, se voc\u00ea n\u00e3o adicionar rob\u00f4s Meta Tags, os bots ir\u00e3o l\u00ea-lo como est\u00e1 no \u00edndice. Se voc\u00ea realmente precisa alterar esse comando, poder\u00e1 usar essas Tags de rob\u00f4. No caso de desejar que o noindex siga os links da p\u00e1gina, ent\u00e3o voc\u00ea precisa usar este elemento com noindex.\n<div class=\"code\"><code>&lt;meta name=\"robots\" content=\"noindex\" \/&gt;<\/code><\/div>\n<\/li>\n<li><strong>Refresh Tag<\/strong>&#8211; \u00c9 uma varia\u00e7\u00e3o do redirecionamento que voc\u00ea deve evitar sempre. A melhor variante \u00e9 o bom e velho <a href=\"https:\/\/sitechecker.pro\/pt\/301-redirect\/\">redirecionamento 301<\/a>, mesmo se voc\u00ea precisar que os passos sejam seguidas o mais r\u00e1pido poss\u00edvel.<\/li>\n<li><a href=\"https:\/\/sitechecker.pro\/pt\/meta-keywords\/\"><strong>Keywords Tag<\/strong><\/a>&#8211; devido a muitas estrat\u00e9gias de SEO, n\u00e3o \u00e9 recomendado us\u00e1-los por que h\u00e1 uma possibilidade muito baixa do que isso ajude de alguma forma. Assim, se ele foi usado automaticamente ao criar um site, deixe, mas se n\u00e3o for, n\u00e3o adicione.<\/li>\n<li><strong>GEO Tag<\/strong>&#8211; \u00c9 tratado para ser suportado apenas pelo mecanismo de pesquisa Bing. Al\u00e9m disso, \u00e9 dividido em tr\u00eas tipos: region, position e placename.\n<div class=\"code\"><code>&lt;META NAME=\"geo.position\" CONTENT=\"latitude; longitude\"&gt;<br \/>\n&lt;META NAME=\"geo.region\" CONTENT=\"Country Subdivision Code\"&gt;<br \/>\n&lt;META NAME=\"geo.placename\" CONTENT=\"Place Name\"&gt;<\/code><\/div>\n<\/li>\n<li><strong>Site Verification Tag<\/strong> &#8211; \u00e0s vezes, \u00e9 obrigat\u00f3rio usar para autorizar o Google para um site. Voc\u00ea tamb\u00e9m pode usar arquivos externos, DNS ou apenas vincular ao perfil do Google Analytics. Bing, Meta Tag e verifica\u00e7\u00e3o de arquivos XML s\u00e3o poss\u00edveis, mas o XML sempre \u00e9 prefer\u00edvel.<\/li>\n<\/ul>\n<p><\/p>","protected":false},"excerpt":{"rendered":"O que s\u00e3o meta Tags? &nbsp; Voc\u00ea est\u00e1 familiarizado com as outras SEO Meta Tags, al\u00e9m da conhecida descri\u00e7\u00e3o e palavras-chaves? Aqui voc\u00ea pode encontrar uma lista de alguns deles, divididos em tr\u00eas categorias: os que s\u00e3o bons, ruins e indiferentes (cabe a voc\u00ea us\u00e1-los). Al\u00e9m disso, depois de ler esse artigo at\u00e9 o final,&#8230;","protected":false},"author":11474150,"featured_media":3431,"parent":0,"menu_order":0,"comment_status":"closed","ping_status":"closed","template":"pages-templates\/pages-v2.php","meta":[],"categories":[27],"tags":[],"_links":{"self":[{"href":"https:\/\/sitechecker.pro\/pt\/wp-json\/wp\/v2\/pages\/554"}],"collection":[{"href":"https:\/\/sitechecker.pro\/pt\/wp-json\/wp\/v2\/pages"}],"about":[{"href":"https:\/\/sitechecker.pro\/pt\/wp-json\/wp\/v2\/types\/page"}],"author":[{"embeddable":true,"href":"https:\/\/sitechecker.pro\/pt\/wp-json\/wp\/v2\/users\/11474150"}],"replies":[{"embeddable":true,"href":"https:\/\/sitechecker.pro\/pt\/wp-json\/wp\/v2\/comments?post=554"}],"version-history":[{"count":59,"href":"https:\/\/sitechecker.pro\/pt\/wp-json\/wp\/v2\/pages\/554\/revisions"}],"predecessor-version":[{"id":37110,"href":"https:\/\/sitechecker.pro\/pt\/wp-json\/wp\/v2\/pages\/554\/revisions\/37110"}],"wp:featuredmedia":[{"embeddable":true,"href":"https:\/\/sitechecker.pro\/pt\/wp-json\/wp\/v2\/media\/3431"}],"wp:attachment":[{"href":"https:\/\/sitechecker.pro\/pt\/wp-json\/wp\/v2\/media?parent=554"}],"wp:term":[{"taxonomy":"category","embeddable":true,"href":"https:\/\/sitechecker.pro\/pt\/wp-json\/wp\/v2\/categories?post=554"},{"taxonomy":"post_tag","embeddable":true,"href":"https:\/\/sitechecker.pro\/pt\/wp-json\/wp\/v2\/tags?post=554"}],"curies":[{"name":"wp","href":"https:\/\/api.w.org\/{rel}","templated":true}]}}