{"id":543,"date":"2020-07-20T12:39:04","date_gmt":"2020-07-20T10:39:04","guid":{"rendered":"https:\/\/sitechecker.pro\/?page_id=543"},"modified":"2026-02-13T17:47:15","modified_gmt":"2026-02-13T17:47:15","slug":"meta-title","status":"publish","type":"page","link":"https:\/\/sitechecker.pro\/pt\/meta-title\/","title":{"rendered":"Meta Title Checker | Verifica a Corect\u00eancia, Comprimento e Texto da Tag"},"content":{"rendered":"<p><\/p>\n<h2 id=\"par1\">O que \u00e9 o Meta Title Tag Checker?<\/h2>\n<p>O Website Title Checker do <a href=\"https:\/\/sitechecker.pro\/\" rel=\"noopener noreferrer\" target=\"_blank\">Sitechecker<\/a> \u00e9 uma ferramenta desenvolvida para avaliar a efic\u00e1cia SEO de <a href=\"https:\/\/sitechecker.pro\/what-is-website-title-tag\/\" rel=\"noopener noreferrer\" target=\"_blank\">meta tags de t\u00edtulo<\/a> em p\u00e1ginas web. Analisa os t\u00edtulos quanto ao comprimento, relev\u00e2ncia e <a href=\"https:\/\/sitechecker.pro\/keyword-research\/\" rel=\"noopener noreferrer\" target=\"_blank\">otimiza\u00e7\u00e3o de palavras-chave<\/a>, identifica problemas e sugere melhorias para aumentar a visibilidade nos motores de busca. A ferramenta tamb\u00e9m monitoriza as altera\u00e7\u00f5es nos metat\u00edtulos ao longo do tempo, ajudando os utilizadores a manter a estrat\u00e9gia de SEO do website atualizada.<\/p>\n<h3>Principais caracter\u00edsticas da ferramenta<\/h3>\n<p><strong>An\u00e1lise de meta-tags de t\u00edtulo:<\/strong> examina todas as p\u00e1ginas do seu website, verificando a contagem, o conte\u00fado e o comprimento das tags de t\u00edtulo, garantindo que est\u00e3o otimizadas com palavras-chave relevantes e dentro do limite de caracteres recomendado.<\/p>\n<p><strong>Identifica\u00e7\u00e3o de problemas e orienta\u00e7\u00e3o:<\/strong> al\u00e9m de identificar problemas com as tags de t\u00edtulo, fornece solu\u00e7\u00f5es, listando URLs problem\u00e1ticos e oferecendo conselhos sobre corre\u00e7\u00f5es, servindo como um roteiro para melhorar o SEO do seu website.<\/p>\n<p><strong>Rastreio de altera\u00e7\u00f5es:<\/strong> monitoriza quaisquer modifica\u00e7\u00f5es nas metatags do seu website, alertando-o para altera\u00e7\u00f5es significativas e pequenos ajustes, ajudando a manter a sa\u00fade do SEO do seu website.<\/p>\n<h3>Principais caracter\u00edsticas da ferramenta<\/h3>\n<p><strong>Painel unificado:<\/strong> oferece uma vis\u00e3o consolidada de todas as m\u00e9tricas e insights de SEO.<\/p>\n<p><strong>Interface de f\u00e1cil utiliza\u00e7\u00e3o:<\/strong> concebida para uma navega\u00e7\u00e3o intuitiva e facilidade de utiliza\u00e7\u00e3o.<\/p>\n<p><strong>Conjunto completo de ferramentas de SEO:<\/strong> fornece um conjunto abrangente de ferramentas para uma an\u00e1lise e otimiza\u00e7\u00e3o aprofundadas de SEO.<\/p>\n<h2 id=\"par2\">Como verificar a meta tag de t\u00edtulo de um website com a nossa ferramenta de teste?<\/h2>\n<p>Escolha o dom\u00ednio ou a p\u00e1gina a verificar, adicione o URL no espa\u00e7o indicado e prima o bot\u00e3o para iniciar.<\/p>\n<div class=\"content__img-wrap\"><img src=\"https:\/\/sitechecker.pro\/wp-content\/uploads\/2024\/08\/choose-audit-option-1.png\" alt=\"Escolha a op\u00e7\u00e3o de auditoria\" class=\"description-img description-img-zoom\" loading=\"lazy\" ><\/div>\n<h2 id=\"par3\">Verifica\u00e7\u00e3o de dom\u00ednios<\/h2>\n<h3>Passo 1: Introduza o nome de dom\u00ednio e escolha a inspe\u00e7\u00e3o do site<\/h3>\n<div class=\"content__img-wrap\"><img src=\"https:\/\/sitechecker.pro\/wp-content\/uploads\/2024\/08\/check-titles-for-site.png\" alt=\"Verificar t\u00edtulos do site\" class=\"description-img description-img-zoom\" loading=\"lazy\" ><\/div>\n<div class=\"important-block\">Para receber resultados e acesso \u00e0s funcionalidades do Sitechecker durante 14 dias, inicie o seu teste GRATUITO. \u00c9 f\u00e1cil registar-se com o seu e-mail, conta Google ou Facebook. N\u00e3o \u00e9 necess\u00e1rio cart\u00e3o de cr\u00e9dito.<\/div>\n<h3>Passo 2: Obter o resultado do localizador de t\u00edtulos de sites<\/h3>\n<p>Uma verifica\u00e7\u00e3o de dom\u00ednio com o Sitechecker vem com uma auditoria completa gratuita do site que listar\u00e1 todos os URLs com problemas de tag de t\u00edtulo. Ajuda a corrigir o problema em todo o seu site e evita novos problemas. Clique num problema e obtenha uma lista de p\u00e1ginas danificadas, juntamente com instru\u00e7\u00f5es sobre como corrigi-las. Isto torna o Sitechecker uma ferramenta eficaz para a verifica\u00e7\u00e3o de tags de t\u00edtulos em massa.<\/p>\n<div class=\"content__img-wrap\"><img src=\"https:\/\/sitechecker.pro\/wp-content\/uploads\/2024\/08\/content-relevance-issues.png\" alt=\"Problemas de relev\u00e2ncia de conte\u00fado\" class=\"description-img description-img-zoom\" loading=\"lazy\" ><\/div>\n<div class=\"content__img-wrap\"><img src=\"https:\/\/sitechecker.pro\/wp-content\/uploads\/2024\/08\/title-too-long-issue.png\" alt=\"T\u00edtulo demasiado longo do problema\" class=\"description-img description-img-zoom\" loading=\"lazy\" ><\/div>\n<p>Para examinar o t\u00edtulo de qualquer p\u00e1gina, clique em &#8220;Ver todas as p\u00e1ginas&#8221;.<\/p>\n<p>O Sitechecker n\u00e3o examina apenas uma \u00fanica p\u00e1gina web; investiga todo o seu site, recolhendo dados de qualquer URL. Para recolher detalhes de meta tags de t\u00edtulo SEO para diversas p\u00e1ginas do seu website, basta utilizar o filtro Todas as p\u00e1ginas HTML para localizar o URL que desperta o seu interesse.<\/p>\n<div class=\"content__img-wrap\"><img src=\"https:\/\/sitechecker.pro\/wp-content\/uploads\/2024\/08\/all-html-pages-filter.png\" alt=\"Filtro de todas as p\u00e1ginas HTML\" class=\"description-img description-img-zoom\" loading=\"lazy\" ><\/div>\n<p>Al\u00e9m disso, pode utilizar a fun\u00e7\u00e3o Pesquisar por categoria para identificar problemas relacionados com o t\u00edtulo que afetam v\u00e1rias p\u00e1ginas do seu website. Selecione o separador categoria e coloque o problema espec\u00edfico que pretende corrigir, por exemplo, \u201ct\u00edtulo\u201d. A pesquisa identificar\u00e1 ent\u00e3o quest\u00f5es relevantes no seu website.<\/p>\n<div class=\"content__img-wrap\"><img src=\"https:\/\/sitechecker.pro\/wp-content\/uploads\/2024\/08\/filter-by-category.png\" alt=\"Filtrar por categoria\" class=\"description-img description-img-zoom\" loading=\"lazy\" ><\/div>\n<p>Selecionar uma quest\u00e3o espec\u00edfica direciona-o para uma p\u00e1gina dedicada. Apresenta um estado indicado por cores: o vermelho representa um problema cr\u00edtico, o laranja representa um aviso e o azul \u2013 um aviso. Esta p\u00e1gina apresenta instru\u00e7\u00f5es sobre como corrigir o problema, uma lista extensa de URLs afetados e o bot\u00e3o para inspecionar o c\u00f3digo da p\u00e1gina ou fazer uma auditoria completa \u00e0 p\u00e1gina. Pode utilizar ferramentas como o <a href=\"https:\/\/sitechecker.pro\/duplicate-content\/\" data-wpil-monitor-id=\"31\">verificador de t\u00edtulos duplicados<\/a> para identificar quaisquer problemas relacionados com as etiquetas de t\u00edtulo.<\/p>\n<div class=\"content__img-wrap\"><img src=\"https:\/\/sitechecker.pro\/wp-content\/uploads\/2024\/08\/title-duplicates-issue.png\" alt=\"Problema com duplicados de t\u00edtulos\" class=\"description-img description-img-zoom\" loading=\"lazy\" ><\/div>\n<p>Concluindo, pode descarregar um relat\u00f3rio abrangente com a descri\u00e7\u00e3o dos problemas e URLs afetados. Esta funcionalidade ser\u00e1 \u00fatil para freelancers de SEO (profissionais de ag\u00eancia) que precisam de mostrar dados aos seus clientes ou especialistas internos que desejam distribuir dados aos membros da equipa.Tamb\u00e9m pode exportar dados para desenvolvedores. Basta colocar os dados exportados na tarefa t\u00e9cnica (TT), permitindo-lhes resolver os problemas.<\/p>\n<div class=\"content__img-wrap\"><img src=\"https:\/\/sitechecker.pro\/wp-content\/uploads\/2024\/08\/export-data.png\" alt=\"Exportar dados\" class=\"description-img description-img-zoom\" loading=\"lazy\" ><\/div>\n<p>Alguns dos outros recursos que acompanham o scanner de etiquetas de t\u00edtulo de dom\u00ednio\/site<\/p>\n<p>Na p\u00e1gina Resumo da auditoria do website, tamb\u00e9m encontrar\u00e1 uma lista abrangente de problemas internos no seu website.<\/p>\n<p>Pode filtrar os problemas por tipo, como Cr\u00edticos, Avisos, Oportunidades e Avisos. Em alternativa, pode classific\u00e1-los de acordo com categorias, por exemplo, Links, Indexabilidade ou Relev\u00e2ncia do conte\u00fado. Isto torna muito mais simples focar-se na repara\u00e7\u00e3o dos problemas que mais impactar\u00e3o o sucesso do seu website.<\/p>\n<div class=\"content__img-wrap\"><img src=\"https:\/\/sitechecker.pro\/wp-content\/uploads\/2024\/08\/issues-list_66c774ec55522.png\" alt=\"Lista de problemas\" class=\"description-img description-img-zoom\" loading=\"lazy\" ><\/div>\n<h2 id=\"par4\">Verificador do t\u00edtulo da p\u00e1gina<\/h2>\n<h3>Passo 1: Clique em verificar a verifica\u00e7\u00e3o da p\u00e1gina para iniciar a an\u00e1lise<\/h3>\n<div class=\"content__img-wrap\"><img src=\"https:\/\/sitechecker.pro\/wp-content\/uploads\/2024\/08\/check-title-for-page.png\" alt=\"Verificar t\u00edtulo da p\u00e1gina\" class=\"description-img description-img-zoom\" loading=\"lazy\" ><\/div>\n<h3>Passo 2: Analisar os resultados<\/h3>\n<p>O URL que introduziu na nossa ferramenta ser\u00e1 rastreado para obter dados. O processo demora alguns instantes. Depois disso, descobrir\u00e1 a etiqueta de t\u00edtulo, o n\u00famero de etiquetas de t\u00edtulo presentes na p\u00e1gina, o comprimento do cabe\u00e7alho e se o t\u00edtulo \u00e9 igual a H1.<\/p>\n<div class=\"content__img-wrap\"><img src=\"https:\/\/sitechecker.pro\/wp-content\/uploads\/2024\/08\/review-results.png\" alt=\"Resultados da revis\u00e3o\" class=\"description-img description-img-zoom\" loading=\"lazy\" ><\/div>\n<p>Para rever todos os metat\u00edtulos do seu website, utilize o bot\u00e3o &#8220;Executar uma auditoria completa do website&#8221; apresentado no banner para uma an\u00e1lise abrangente.<\/p>\n<p>Explore a funcionalidade da ferramenta atrav\u00e9s de um projeto de demonstra\u00e7\u00e3o clicando em &#8220;Auditoria do site&#8221; e selecionando a op\u00e7\u00e3o de demonstra\u00e7\u00e3o.<\/p>\n<div class=\"content__img-wrap\"><img src=\"https:\/\/sitechecker.pro\/wp-content\/uploads\/2024\/08\/run-full-audit.png\" alt=\"Executar auditoria completa do site\" class=\"description-img description-img-zoom\" loading=\"lazy\" ><\/div>\n<h2 id=\"par5\">Caracter\u00edsticas adicionais<\/h2>\n<p>O Title Checker, otimizado para SEO, oferece uma an\u00e1lise abrangente que confirma o estado HTTP bem-sucedido e mede o tamanho do conte\u00fado HTML. Garante que os metat\u00edtulos e <a href=\"https:\/\/sitechecker.pro\/meta-tag-description\/\" target=\"_blank\" rel=\"noopener noreferrer\">descri\u00e7\u00f5es<\/a> t\u00eam o comprimento ideal de acordo com os padr\u00f5es dos motores de busca e avalia os tempos de carregamento das p\u00e1ginas para melhorar a experi\u00eancia do utilizador em dispositivos m\u00f3veis e desktops atrav\u00e9s do PageSpeed \u200b\u200b\u200b\u200bInsights. Esta ferramenta \u00e9 fundamental para otimizar o SEO ao analisar elementos cruciais da p\u00e1gina web para aumentar o desempenho e a visibilidade.<\/p>\n<div class=\"content__img-wrap\"><img src=\"https:\/\/sitechecker.pro\/wp-content\/uploads\/2024\/08\/issues-overview-1.png\" alt=\"Vis\u00e3o geral dos problemas\" class=\"description-img description-img-zoom\" loading=\"lazy\" ><\/div>\n<h2 id=\"par6\">Observa\u00e7\u00f5es finais<\/h2>\n<p>Para resumir, o Website Meta Title Checker \u00e9 crucial no panorama digital competitivo moderno. As suas fun\u00e7\u00f5es v\u00e3o al\u00e9m de simplesmente verificar a presen\u00e7a e a qualidade das meta tags de t\u00edtulo. Como uma ferramenta essencial para a sa\u00fade SEO do seu website, deteta potenciais problemas e fornece insights acion\u00e1veis \u200b\u200bpara melhorar a classifica\u00e7\u00e3o do motor de busca, a taxa de cliques e a experi\u00eancia do utilizador do seu website.<\/p>\n<div id=\"par7\"><\/div>\n<p><div class=\"front__faq-block\"><div class=\"faq__block-title\">FAQ<\/div><div class=\"panel-group\" id=\"faq-accordion\" itemscope itemtype=\"https:\/\/schema.org\/FAQPage\" role=\"tablist\" aria-multiselectable=\"true\"><div class=\"panel\" itemscope itemtype=\"https:\/\/schema.org\/Question\" itemprop=\"mainEntity\">\n                            <div class=\"panel-heading\" id=\"headingFaq-1\">\n                                <div class=\"panel-title\" data-toggle=\"collapse\" aria-expanded=\"false\" href=\"#collapseFaq-1\">\n                                    <h3 itemprop=\"name\">Como encontro uma tag de t\u00edtulo?<\/h3>\n                                <\/div>\n                            <\/div>\n                            <div id=\"collapseFaq-1\" class=\"panel-collapse collapse\" itemprop=\"acceptedAnswer\" itemscope itemtype=\"http:\/\/schema.org\/Answer\">\n                                <div class=\"panel-body\" itemprop=\"text\">Para utilizar a ferramenta de verifica\u00e7\u00e3o de t\u00edtulo SEO, basta escolher digitalizar uma p\u00e1gina espec\u00edfica ou um dom\u00ednio inteiro; introduza o seu URL no campo fornecido. A ferramenta analisar\u00e1 completamente a meta tag de t\u00edtulo do URL selecionado, fornecendo-lhe um relat\u00f3rio detalhado que inclui quaisquer problemas identificados e insights relevantes.<\/div>\n                            <\/div>\n                        <\/div><div class=\"panel\" itemscope itemtype=\"https:\/\/schema.org\/Question\" itemprop=\"mainEntity\">\n                            <div class=\"panel-heading\" id=\"headingFaq-2\">\n                                <div class=\"panel-title\" data-toggle=\"collapse\" aria-expanded=\"false\" href=\"#collapseFaq-2\">\n                                    <h3 itemprop=\"name\">Quantos caracteres (pix\u00e9is) tem uma etiqueta de t\u00edtulo?<\/h3>\n                                <\/div>\n                            <\/div>\n                            <div id=\"collapseFaq-2\" class=\"panel-collapse collapse\" itemprop=\"acceptedAnswer\" itemscope itemtype=\"http:\/\/schema.org\/Answer\">\n                                <div class=\"panel-body\" itemprop=\"text\">De acordo com as pr\u00e1ticas padr\u00e3o de SEO, uma etiqueta de t\u00edtulo \u00e9 normalmente aconselhada a ter entre 50-60 caracteres ou aproximadamente 600 pixels de comprimento. Isto pode ser facilmente verificado utilizando o nosso verificador de comprimento de t\u00edtulo SEO.<\/div>\n                            <\/div>\n                        <\/div><div class=\"panel\" itemscope itemtype=\"https:\/\/schema.org\/Question\" itemprop=\"mainEntity\">\n                            <div class=\"panel-heading\" id=\"headingFaq-3\">\n                                <div class=\"panel-title\" data-toggle=\"collapse\" aria-expanded=\"false\" href=\"#collapseFaq-3\">\n                                    <h3 itemprop=\"name\">Qual a utilidade de um teste de metat\u00edtulo?<\/h3>\n                                <\/div>\n                            <\/div>\n                            <div id=\"collapseFaq-3\" class=\"panel-collapse collapse\" itemprop=\"acceptedAnswer\" itemscope itemtype=\"http:\/\/schema.org\/Answer\">\n                                <div class=\"panel-body\" itemprop=\"text\">O Sitechecker analisa a presen\u00e7a de meta tags, o seu n\u00famero, conte\u00fado e comprimento em todo o seu website. Desempenha um papel crucial na melhoria da sa\u00fade SEO do seu website, verificando palavras-chave relevantes, confirmando a conformidade do t\u00edtulo com o comprimento de caracteres recomendado e identificando quaisquer problemas relacionados com as etiquetas de t\u00edtulo. O objetivo final \u00e9 melhorar a classifica\u00e7\u00e3o do motor de busca do seu website, aumentar a taxa de cliques e melhorar a experi\u00eancia geral do utilizador.<\/div>\n                            <\/div>\n                        <\/div><div class=\"panel\" itemscope itemtype=\"https:\/\/schema.org\/Question\" itemprop=\"mainEntity\">\n                            <div class=\"panel-heading\" id=\"headingFaq-4\">\n                                <div class=\"panel-title\" data-toggle=\"collapse\" aria-expanded=\"false\" href=\"#collapseFaq-4\">\n                                    <h3 itemprop=\"name\">A ferramenta acompanha as altera\u00e7\u00f5es nas minhas meta tags?<\/h3>\n                                <\/div>\n                            <\/div>\n                            <div id=\"collapseFaq-4\" class=\"panel-collapse collapse\" itemprop=\"acceptedAnswer\" itemscope itemtype=\"http:\/\/schema.org\/Answer\">\n                                <div class=\"panel-body\" itemprop=\"text\">Absolutamente, o verificador de tags de t\u00edtulo foi concebido para monitorizar quaisquer modifica\u00e7\u00f5es efetuadas nas meta tags nas suas p\u00e1ginas web. Esta funcionalidade de rastreio de altera\u00e7\u00f5es garante que se mant\u00e9m atualizado com a natureza din\u00e2mica do conte\u00fado do seu website e o seu impacto no desempenho de SEO.<\/div>\n                            <\/div>\n                        <\/div><div class=\"panel\" itemscope itemtype=\"https:\/\/schema.org\/Question\" itemprop=\"mainEntity\">\n                            <div class=\"panel-heading\" id=\"headingFaq-5\">\n                                <div class=\"panel-title\" data-toggle=\"collapse\" aria-expanded=\"false\" href=\"#collapseFaq-5\">\n                                    <h3 itemprop=\"name\">Com que outras ferramentas de SEO se integra o verificador de t\u00edtulos?<\/h3>\n                                <\/div>\n                            <\/div>\n                            <div id=\"collapseFaq-5\" class=\"panel-collapse collapse\" itemprop=\"acceptedAnswer\" itemscope itemtype=\"http:\/\/schema.org\/Answer\">\n                                <div class=\"panel-body\" itemprop=\"text\">A nossa ferramenta faz parte de um conjunto mais vasto de ferramentas de SEO do Sitechecker. Estas ferramentas oferecem uma vasta gama de funcionalidades, incluindo uma auditoria detalhada do website, rastreio de classifica\u00e7\u00f5es, monitoriza\u00e7\u00e3o de backlinks e muito mais. Este vasto conjunto de funcionalidades fornece uma solu\u00e7\u00e3o abrangente para as suas necessidades de SEO.<\/div>\n                            <\/div>\n                        <\/div><\/div><\/div><\/p>","protected":false},"excerpt":{"rendered":"O que \u00e9 o Meta Title Tag Checker? O Website Title Checker do Sitechecker \u00e9 uma ferramenta desenvolvida para avaliar a efic\u00e1cia SEO de meta tags de t\u00edtulo em p\u00e1ginas web. Analisa os t\u00edtulos quanto ao comprimento, relev\u00e2ncia e otimiza\u00e7\u00e3o de palavras-chave, identifica problemas e sugere melhorias para aumentar a visibilidade nos motores de busca&#8230;.","protected":false},"author":10409641,"featured_media":3432,"parent":0,"menu_order":0,"comment_status":"closed","ping_status":"closed","template":"pages-templates\/pages-minitools-3.php","meta":[],"categories":[70],"tags":[],"_links":{"self":[{"href":"https:\/\/sitechecker.pro\/pt\/wp-json\/wp\/v2\/pages\/543"}],"collection":[{"href":"https:\/\/sitechecker.pro\/pt\/wp-json\/wp\/v2\/pages"}],"about":[{"href":"https:\/\/sitechecker.pro\/pt\/wp-json\/wp\/v2\/types\/page"}],"author":[{"embeddable":true,"href":"https:\/\/sitechecker.pro\/pt\/wp-json\/wp\/v2\/users\/10409641"}],"replies":[{"embeddable":true,"href":"https:\/\/sitechecker.pro\/pt\/wp-json\/wp\/v2\/comments?post=543"}],"version-history":[{"count":124,"href":"https:\/\/sitechecker.pro\/pt\/wp-json\/wp\/v2\/pages\/543\/revisions"}],"predecessor-version":[{"id":39279,"href":"https:\/\/sitechecker.pro\/pt\/wp-json\/wp\/v2\/pages\/543\/revisions\/39279"}],"wp:featuredmedia":[{"embeddable":true,"href":"https:\/\/sitechecker.pro\/pt\/wp-json\/wp\/v2\/media\/3432"}],"wp:attachment":[{"href":"https:\/\/sitechecker.pro\/pt\/wp-json\/wp\/v2\/media?parent=543"}],"wp:term":[{"taxonomy":"category","embeddable":true,"href":"https:\/\/sitechecker.pro\/pt\/wp-json\/wp\/v2\/categories?post=543"},{"taxonomy":"post_tag","embeddable":true,"href":"https:\/\/sitechecker.pro\/pt\/wp-json\/wp\/v2\/tags?post=543"}],"curies":[{"name":"wp","href":"https:\/\/api.w.org\/{rel}","templated":true}]}}