{"id":5313,"date":"2019-02-08T12:18:57","date_gmt":"2019-02-08T12:18:57","guid":{"rendered":"https:\/\/sitechecker.pro\/?page_id=5313"},"modified":"2025-02-27T15:18:49","modified_gmt":"2025-02-27T15:18:49","slug":"redirect-checker","status":"publish","type":"page","link":"https:\/\/sitechecker.pro\/pt\/redirect-checker\/","title":{"rendered":"Verificador de Redireccionamento | Teste de Redireccionamento para URL ou Todo o Website \u2611"},"content":{"rendered":"<p><\/p>\n<h2 id=\"par1\">O que \u00e9 o Redirect Checker?<\/h2>\n<p>Um URL Redirect Checker \u00e9 uma ferramenta utilizada para identificar e analisar o caminho completo para onde um URL redireccionado conduz. Examina os c\u00f3digos de estado HTTP, como 301 ou 302, para determinar o tipo de redireccionamento (permanente ou tempor\u00e1rio) e ajuda a identificar <a href=\"https:\/\/sitechecker.pro\/what-are-3xx-status-codes\/\" target=\"_blank\" rel=\"noopener noreferrer\">cadeias 3xx<\/a> de redireccionamento.<\/p>\n<p>A ferramenta permite analisar todos os URLs de sites ou URLs separados.<\/p>\n<h3>Um Redirect Chain Checker pode ajud\u00e1-lo de v\u00e1rias formas:<\/h3>\n<ul>\n<li><strong>Garanta o redireccionamento adequado. <\/strong>Alguns, como o 301 ou o 302, indicam uma altera\u00e7\u00e3o no URL de uma p\u00e1gina Web. Esta ferramenta verifica os c\u00f3digos de estado e identifica o tipo exato de redireccionamento, garantindo que os URLs antigos levam adequadamente aos novos para reter o tr\u00e1fego.<\/li>\n<li><strong>Detetar e resolver problemas de redireccionamento. <\/strong>Pode utilizar esta ferramenta para diagnosticar e solucionar problemas como loops de mudan\u00e7a de caminho ou cadeias muito longas, que podem ter um impacto negativo na experi\u00eancia do utilizador e no SEO.<\/li>\n<li><strong>An\u00e1lise de links de terceiros. <\/strong>Se estiver a criar um link para um site externo, pode utilizar esta ferramenta para ver onde esse URL realmente leva. Por vezes, um URL pode passar por v\u00e1rios endere\u00e7os antes de chegar \u00e0 p\u00e1gina final, e essa p\u00e1gina pode ser diferente do que esperava.<\/li>\n<li><strong>Previna os riscos de seguran\u00e7a. <\/strong>Pode utilizar esta ferramenta para garantir que o seu site n\u00e3o \u00e9 alterado para sites maliciosos, o que pode acontecer se o seu site for pirateado.<\/li>\n<li><strong>Redireccionamento de HTTP para HTTPS. <\/strong>Pode confirmar que todo o tr\u00e1fego HTTP est\u00e1 a ser redirecionado corretamente para HTTPS. Isto \u00e9 essencial para proteger os dados do utilizador e construir a confian\u00e7a do utilizador.<\/li>\n<li><strong>An\u00e1lise de redireccionamento abrangente. <\/strong>Esta ferramenta pode auditar completamente todos os links internos e externos no seu website. Ao digitalizar cada liga\u00e7\u00e3o, garante que todos os redireccionamentos est\u00e3o a funcionar de forma correta e eficiente, ajudando a otimizar o desempenho geral do website.<\/li>\n<\/ul>\n<h3>Principais caracter\u00edsticas do verificador de redireccionamento de URL:<\/h3>\n<ol>\n<li><strong>Painel unificado. <\/strong>Esta funcionalidade fornece um local central onde pode monitorizar todos os dados e insights importantes sobre os redirecionamentos do seu website. Pode incluir informa\u00e7\u00f5es detalhadas sobre os seus readdresses, relat\u00f3rios de erros, visualiza\u00e7\u00f5es de dados, etc. Isto garante que a ferramenta \u00e9 f\u00e1cil de utilizar, mesmo para pessoas sem conhecimentos t\u00e9cnicos. Isto pode envolver uma navega\u00e7\u00e3o intuitiva, uma rotulagem clara, dicas de ferramentas \u00fateis e muito mais. Uma interface de f\u00e1cil utiliza\u00e7\u00e3o torna mais f\u00e1cil encontrar e utilizar os recursos de que necessita.<\/li>\n<li><strong>Apresenta o caminho de redireccionamento completo,<\/strong> ilustrando a jornada completa de um utilizador ou de um bot de motor de busca. Al\u00e9m disso, identificar o tipo de realoca\u00e7\u00e3o, seja HTTP, JavaScript ou Meta Refresh, \u00e9 tamb\u00e9m vital devido aos seus diferentes impactos. Al\u00e9m disso, a inclus\u00e3o de informa\u00e7\u00f5es IP do servidor pode ajudar a identificar e resolver problemas ao n\u00edvel do servidor.<\/li>\n<li><strong>Conjunto completo de ferramentas de SEO. <\/strong>Para al\u00e9m da verifica\u00e7\u00e3o de redireccionamentos, um conjunto abrangente de ferramentas de SEO pode incluir recursos para pesquisa de palavras-chave, an\u00e1lise de backlinks, <a href=\"https:\/\/sitechecker.pro\/on-page-seo-checker\/\" target=\"_blank\" rel=\"noopener noreferrer\">an\u00e1lise de SEO na p\u00e1gina<\/a>, <a href=\"https:\/\/sitechecker.pro\/rank-tracker\/\" target=\"_blank\" rel=\"noopener noreferrer\">, <a href=\"https:\/\/sitechecker.pro\/\" target=\"_blank\" rel=\"noopener noreferrer\">auditorias de sites<\/a> e muito mais. Estas caracter\u00edsticas podem ajudar a melhorar a visibilidade do seu website nos resultados dos motores de busca, direcionando mais <a href=\"https:\/\/sitechecker.pro\/what-is-organic-traffic\/\" target=\"_blank\" rel=\"noopener noreferrer\">tr\u00e1fego org\u00e2nico<\/a> para o seu website.<\/li>\n<\/ol>\n<h2 id=\"par2\">Como utilizar o Redirection Checker<\/h2>\n<p>O verificador de redireccionamento 301 fornece a capacidade de examinar URLs espec\u00edficas e todo o site para altera\u00e7\u00f5es de percurso e redireccionamentos. A verifica\u00e7\u00e3o demorar\u00e1 apenas alguns segundos a ser conclu\u00edda. Depois de conclu\u00eddo, ter\u00e1 a oportunidade de ver e rastrear quaisquer problemas detetados, oferecendo uma vis\u00e3o abrangente dos URLs individuais e do website como um todo.<\/p>\n<div class=\"content__img-wrap\"><img src=\"https:\/\/sitechecker.pro\/wp-content\/uploads\/2024\/08\/Selector-General-min.png\" alt=\"URL Redirect Checker Domain\" class=\"description-img description-img-zoom\" loading=\"lazy\" ><\/div>\n<h2 id=\"par3\">Verifica\u00e7\u00e3o de dom\u00ednio<\/h2>\n<h3>Passo 1: introduza o seu dom\u00ednio na barra de pesquisa<\/h3>\n<p>Para verificar um dom\u00ednio, prima o bot\u00e3o &#8220;verificar dom\u00ednio&#8221;, introduza o nome de dom\u00ednio e prima o bot\u00e3o &#8220;Verificar redireccionamento&#8221;: <\/p>\n<div class=\"content__img-wrap\"><img src=\"https:\/\/sitechecker.pro\/wp-content\/uploads\/2024\/08\/2-Websire-redirect-Check-min.png\" alt=\"URL Redirect Checker\" class=\"description-img description-img-zoom\" loading=\"lazy\" ><\/div>\n<div class=\"important-block\">Inicie o seu teste GRATUITO para obter resultados e ter acesso aos recursos do Sitechecker durante 14 dias. Registe-se facilmente utilizando o seu e-mail, conta Google ou Facebook. N\u00e3o \u00e9 necess\u00e1rio cart\u00e3o de cr\u00e9dito.<\/div>\n<h3>Passo 2: Interpretar os resultados do verificador de redireccionamento de dom\u00ednios<\/h3>\n<p>A verifica\u00e7\u00e3o realizada gerar\u00e1 uma auditoria do site para o dom\u00ednio inserido, revelando v\u00e1rios problemas, como 301, HTTPS para HTTP, 302 altera\u00e7\u00f5es de caminho, etc.<\/p>\n<div class=\"content__img-wrap\"><img src=\"https:\/\/sitechecker.pro\/wp-content\/uploads\/2023\/08\/site-audit-redirects.png\" alt=\"Redireccionamentos de auditoria do site\" class=\"description-img description-img-zoom\" loading=\"lazy\" ><\/div>\n<p>Basta clicar em &#8220;A p\u00e1gina tem links internos para p\u00e1ginas 3xx&#8221; e ter\u00e1 a possibilidade de ver a lista:<\/p>\n<div class=\"content__img-wrap\"><img src=\"https:\/\/sitechecker.pro\/wp-content\/uploads\/2023\/08\/internal-3xx-links.png\" alt=\"Internal 3xx Links\" class=\"description-img description-img-zoom\" loading=\"lazy\" ><\/div>\n<p>Depois disso, clique no bot\u00e3o \u201cVer liga\u00e7\u00f5es internas\u201d para abrir uma lista de p\u00e1ginas do s\u00edtio com c\u00f3digos de estado:<\/p>\n<div class=\"content__img-wrap\"><img src=\"https:\/\/sitechecker.pro\/wp-content\/uploads\/2023\/08\/internal-links-status-code.png\" alt=\"Internal Links Status Code\" class=\"description-img description-img-zoom\" loading=\"lazy\" ><\/div>\n<h3>Carater\u00edsticas adicionais do verificador de redireccionamento de sites<\/h3>\n<p>Depois de verificar o dom\u00ednio, receber\u00e1 um relat\u00f3rio completo de auditoria do site que ajudar\u00e1 a identificar diferentes tipos de problemas. O relat\u00f3rio tamb\u00e9m fornecer\u00e1 instru\u00e7\u00f5es sobre como corrigir os problemas identificados. Al\u00e9m disso, pode observar os problemas por tipo ou categoria de problema, o que lhe permite identificar e resolver rapidamente os problemas mais importantes para o sucesso do seu Web site.<\/p>\n<div class=\"content__img-wrap\"><img src=\"https:\/\/sitechecker.pro\/wp-content\/uploads\/2023\/08\/issues-list.png\" alt=\"Lista de problemas\" class=\"description-img description-img-zoom\" loading=\"lazy\" ><\/div>\n<p>Um Verificador de Loop de Redireccionamento avan\u00e7ado vem com um conjunto de funcionalidades adicionais que facilitam uma auditoria abrangente dos endere\u00e7os de redireccionamento do seu s\u00edtio Web. <\/p>\n<p>Quando seleciona a op\u00e7\u00e3o \u201cVer todas as p\u00e1ginas afectadas\u201d:<\/p>\n<div class=\"content__img-wrap\"><img src=\"https:\/\/sitechecker.pro\/wp-content\/uploads\/2023\/08\/all-affected-pages.png\" alt=\"All Affected Pages\" class=\"description-img description-img-zoom\" loading=\"lazy\" ><\/div>\n<p>A ferramenta apresenta uma lista detalhada de todos os URLs do s\u00edtio Web, juntamente com quaisquer problemas associados.<\/p>\n<div class=\"content__img-wrap\"><img src=\"https:\/\/sitechecker.pro\/wp-content\/uploads\/2023\/08\/all-html-pages_64d265269e204.png\" alt=\"Todas as p\u00e1ginas HTML\" class=\"description-img description-img-zoom\" loading=\"lazy\" ><\/div>\n<p>Pode detetar todas as informa\u00e7\u00f5es sobre liga\u00e7\u00f5es (internas e externas), relev\u00e2ncia do conte\u00fado, velocidade da p\u00e1gina, indexabilidade, redireccionamentos, tr\u00e1fego de pesquisa, etc.<\/p>\n<p>Os problemas tamb\u00e9m s\u00e3o classificados em tipos como Cr\u00edticos, Avisos, Oportunidades e Avisos. Esta classifica\u00e7\u00e3o ajuda-o a identificar rapidamente a gravidade de cada problema e a afetar os seus recursos de forma eficaz. Os cr\u00edticos podem ser problemas urgentes de redireccionamento que precisam de ser resolvidos imediatamente, enquanto as oportunidades podem ser \u00e1reas em que a sua estrat\u00e9gia de redireccionamento pode ser melhorada.<\/p>\n<div class=\"content__img-wrap\"><img src=\"https:\/\/sitechecker.pro\/wp-content\/uploads\/2023\/08\/all-html-pages-issue-type.png\" alt=\"Tipo de problema de todas as p\u00e1ginas HTML\" class=\"description-img description-img-zoom\" loading=\"lazy\" ><\/div>\n<p>Esta vis\u00e3o geral estruturada e a classifica\u00e7\u00e3o dos problemas tornam mais simples concentrar-se na resolu\u00e7\u00e3o dos problemas com maior impacto no desempenho do seu Web site.<\/p>\n<p>Tem a capacidade de afinar a sua intera\u00e7\u00e3o com os URLs, aplicando filtros ou integrando dados adicionais para p\u00e1ginas individuais para ajudar no seu processo de trabalho.<\/p>\n<div class=\"content__img-wrap\"><img src=\"https:\/\/sitechecker.pro\/wp-content\/uploads\/2023\/08\/all-html-pages-manage-columns.png\" alt=\"Todas as p\u00e1ginas HTML gerem colunas\" class=\"description-img description-img-zoom\" loading=\"lazy\" ><\/div>\n<p>Al\u00e9m disso, a ferramenta oferece-lhe a flexibilidade de capturar e transferir os resultados do rastreador, descarregando-os para os formatos PDF ou CSV, transferindo-os para o Google Sheets ou copiando-os sem esfor\u00e7o de acordo com as suas necessidades.<\/p>\n<div class=\"content__img-wrap\"><img src=\"https:\/\/sitechecker.pro\/wp-content\/uploads\/2023\/08\/export-data.png\" alt=\"Exportar dados\" class=\"description-img description-img-zoom\" loading=\"lazy\" ><\/div>\n<p>A capacidade de descarregar e exportar resultados de rastreio em v\u00e1rios formatos revela-se vantajosa para freelancers e gestores de SEO, fornecendo dados adapt\u00e1veis para revis\u00e3o e ajuste.<\/p>\n<p>Esta carater\u00edstica ajuda na cria\u00e7\u00e3o de relat\u00f3rios detalhados para clientes ou actores-chave, aumentando a transpar\u00eancia das descobertas e dos planos futuros.<\/p>\n<h2 id=\"par4\">Verifica\u00e7\u00e3o de p\u00e1gina<\/h2>\n<h3>Passo 1: Introduza o seu URL e inicie o &#8220;Verificar redireccionamento&#8221;<\/h3>\n<p>Para selecionar uma p\u00e1gina para inspe\u00e7\u00e3o, clique no bot\u00e3o correspondente no seletor e inicie a auditoria.<\/p>\n<div class=\"content__img-wrap\"><img src=\"https:\/\/sitechecker.pro\/wp-content\/uploads\/2024\/08\/2-Check-Page-Redirect-min.png\" alt=\"URL Redirect Checker Page\" class=\"description-img description-img-zoom\" loading=\"lazy\" ><\/div>\n<h3>Passo 2: Interpretar os resultados do verificador de p\u00e1ginas<\/h3>\n<p>A ferramenta fornece feedback imediato sobre o c\u00f3digo de estado HTTP de uma p\u00e1gina especificada, confirmando a sua recupera\u00e7\u00e3o bem-sucedida com um estado de redireccionamento ou mensagem &#8220;200 OK&#8221;.<\/p>\n<div class=\"content__img-wrap\"><img src=\"https:\/\/sitechecker.pro\/wp-content\/uploads\/2024\/08\/Redirect-Page-Result.png\" alt=\"Vis\u00e3o geral dos detalhes da p\u00e1gina\" class=\"description-img description-img-zoom\" loading=\"lazy\" ><\/div>\n<p>Se o estado retornar como <a href=\"https:\/\/sitechecker.pro\/what-are-2xx-status-codes\/\" target=\"_blank\" rel=\"noopener noreferrer\">200<\/a> em vez de um c\u00f3digo 3xx, inspecionar links internos e externos continua a ser essencial. Isto garante que n\u00e3o existem liga\u00e7\u00f5es n\u00e3o intencionais com redireccionamentos noutros sites ou na estrutura interna do seu pr\u00f3prio site.<\/p>\n<h3>Caracter\u00edsticas adicionais do Redirect Checker online<\/h3>\n<p>O Redirect Checker fornece um painel de controlo SEO para an\u00e1lise e otimiza\u00e7\u00e3o de links. Avalia links internos e externos, identifica problemas de SEO e sugere melhorias de conte\u00fado para um melhor envolvimento do utilizador e relev\u00e2ncia na pesquisa. A ferramenta tamb\u00e9m otimiza o conte\u00fado visual e estrutura os dados para melhorar a interpreta\u00e7\u00e3o dos motores de busca.<\/p>\n<p>Com o PageSpeed \u200b\u200b\u200b\u200bInsights, avalia o desempenho do website, crucial para a experi\u00eancia do utilizador e classifica\u00e7\u00e3o.<\/p>\n<div class=\"content__img-wrap\"><img src=\"https:\/\/sitechecker.pro\/wp-content\/uploads\/2024\/08\/Issue-overview-min.png\" alt=\"Detalhes da p\u00e1gina\" class=\"description-img description-img-zoom\" loading=\"lazy\" ><\/div>\n<p>Este conjunto oferece coletivamente uma auditoria SEO profunda com insights acion\u00e1veis \u200b\u200bpara impulsionar a presen\u00e7a na pesquisa.<\/p>\n<h2 id=\"par5\">Extens\u00e3o do Chrome Sitechecker para detetar redireccionamentos<\/h2>\n<p>A <a href=\"https:\/\/chrome.google.com\/webstore\/detail\/website-seo-checker-free\/nljcdkjpjnhlilgepggmmagnmebhadnk\" target=\"_blank\" rel=\"nofollow noopener noreferrer\">extens\u00e3o do Chrome Sitechecker<\/a> oferece uma funcionalidade concebida especificamente para detectar liga\u00e7\u00f5es de redireccionamento directamente no seu navegador. Ao ativar esta funcionalidade, pode analisar rapidamente qualquer p\u00e1gina web, concentrando-se no estado dos links e, especialmente, identificando os links com c\u00f3digos de estado <a href=\"https:\/\/sitechecker.pro\/301-redirect\/\" target=\"_blank\" rel=\"noopener noreferrer\">301 (Movido Permanentemente)<\/a> e 302 (Encontrado).<\/p>\n<p>Esta funcionalidade \u00e9 excelente para detetar e corrigir redireccionamentos <a href=\"https:\/\/sitechecker.pro\/broken-links\/\" target=\"_blank\" rel=\"noopener noreferrer\">avariados<\/a> ou inv\u00e1lidos no seu website. Uma vez ativado no seu navegador Chrome, pode facilmente digitalizar qualquer p\u00e1gina web, avaliando todos os links quanto ao seu estado e validade.<\/p>\n<p><div class=\"content__img-wrap\"><img src=\"https:\/\/sitechecker.pro\/wp-content\/uploads\/2023\/08\/sitechecker-extension.png\" alt=\"Sitechecker Extension\" class=\"description-img description-img-zoom\" loading=\"lazy\" ><\/div> Isto pode ser incrivelmente ben\u00e9fico para manter a experi\u00eancia de utilizador ideal e pr\u00e1ticas de SEO eficazes, uma vez que permite identificar e resolver rapidamente problemas que podem ter impacto no desempenho ou nas classifica\u00e7\u00f5es do seu website.<\/p>\n<h2 id=\"par6\">Ideia final<\/h2>\n<p>O Domain Redirect Checker \u00e9 uma ferramenta crucial para os web developers e especialistas em SEO, permitindo o exame de readdress de URL, incluindo os c\u00f3digos de estado 301 e 302. Ajuda a garantir a mudan\u00e7a adequada de caminho, a diagnosticar problemas, a verificar links de terceiros e a manter a seguran\u00e7a. As principais caracter\u00edsticas incluem um painel unificado, uma interface de f\u00e1cil utiliza\u00e7\u00e3o, um conjunto completo de ferramentas de SEO e a capacidade de conduzir auditorias detalhadas.<\/p>\n<p>Funcionalidades adicionais, como a extens\u00e3o Sitechecker para Chrome, oferecem uma dete\u00e7\u00e3o e retifica\u00e7\u00e3o melhoradas de liga\u00e7\u00f5es de redireccionamento.<\/p>\n<div id=\"par7\"><\/div>\n<p><div class=\"front__faq-block\"><div class=\"faq__block-title\">FAQ<\/div><div class=\"panel-group\" id=\"faq-accordion\" itemscope itemtype=\"https:\/\/schema.org\/FAQPage\" role=\"tablist\" aria-multiselectable=\"true\"><div class=\"panel\" itemscope itemtype=\"https:\/\/schema.org\/Question\" itemprop=\"mainEntity\">\n                            <div class=\"panel-heading\" id=\"headingFaq-1\">\n                                <div class=\"panel-title\" data-toggle=\"collapse\" aria-expanded=\"false\" href=\"#collapseFaq-1\">\n                                    <h3 itemprop=\"name\">Como \u00e9 que o verificador de redireccionamento HTTPS ajuda com o redireccionamento HTTPS?<\/h3>\n                                <\/div>\n                            <\/div>\n                            <div id=\"collapseFaq-1\" class=\"panel-collapse collapse\" itemprop=\"acceptedAnswer\" itemscope itemtype=\"http:\/\/schema.org\/Answer\">\n                                <div class=\"panel-body\" itemprop=\"text\">A ferramenta pode confirmar que todo o tr\u00e1fego HTTP \u00e9 redirecionado corretamente para HTTPS, o que \u00e9 vital para proteger os dados do utilizador e construir confian\u00e7a.<\/div>\n                            <\/div>\n                        <\/div><div class=\"panel\" itemscope itemtype=\"https:\/\/schema.org\/Question\" itemprop=\"mainEntity\">\n                            <div class=\"panel-heading\" id=\"headingFaq-2\">\n                                <div class=\"panel-title\" data-toggle=\"collapse\" aria-expanded=\"false\" href=\"#collapseFaq-2\">\n                                    <h3 itemprop=\"name\">Que tipos de redireccionamentos pode o Verificador de Redireccionamento de URL identificar?<\/h3>\n                                <\/div>\n                            <\/div>\n                            <div id=\"collapseFaq-2\" class=\"panel-collapse collapse\" itemprop=\"acceptedAnswer\" itemscope itemtype=\"http:\/\/schema.org\/Answer\">\n                                <div class=\"panel-body\" itemprop=\"text\">A ferramenta pode identificar v\u00e1rios redireccionamentos, incluindo HTTP, JavaScript, Meta Refresh e c\u00f3digos de estado como 301 (Movido Permanentemente), 302 (Encontrado), 307 (Redireccionamento Tempor\u00e1rio) etc.<\/div>\n                            <\/div>\n                        <\/div><div class=\"panel\" itemscope itemtype=\"https:\/\/schema.org\/Question\" itemprop=\"mainEntity\">\n                            <div class=\"panel-heading\" id=\"headingFaq-3\">\n                                <div class=\"panel-title\" data-toggle=\"collapse\" aria-expanded=\"false\" href=\"#collapseFaq-3\">\n                                    <h3 itemprop=\"name\">Como verificar o redireccionamento do site?<\/h3>\n                                <\/div>\n                            <\/div>\n                            <div id=\"collapseFaq-3\" class=\"panel-collapse collapse\" itemprop=\"acceptedAnswer\" itemscope itemtype=\"http:\/\/schema.org\/Answer\">\n                                <div class=\"panel-body\" itemprop=\"text\">Para verificar se existem redireccionamentos 301-302 no site, pode utilizar um Verificador de Redireccionamento de Site. Basta introduzir o URL que pretende verificar na ferramenta, e esta seguir\u00e1 o caminho dos redireccionamentos, exibindo informa\u00e7\u00f5es como o tipo de c\u00f3digos de estado de readdress e o destino final do URL. Algumas ferramentas tamb\u00e9m oferecem extens\u00f5es de navegador para an\u00e1lise r\u00e1pida diretamente do seu navegador.<\/div>\n                            <\/div>\n                        <\/div><\/div><\/div><\/p>","protected":false},"excerpt":{"rendered":"O que \u00e9 o Redirect Checker? Um URL Redirect Checker \u00e9 uma ferramenta utilizada para identificar e analisar o caminho completo para onde um URL redireccionado conduz. Examina os c\u00f3digos de estado HTTP, como 301 ou 302, para determinar o tipo de redireccionamento (permanente ou tempor\u00e1rio) e ajuda a identificar cadeias 3xx de redireccionamento. A&#8230;","protected":false},"author":10504980,"featured_media":5325,"parent":0,"menu_order":0,"comment_status":"closed","ping_status":"closed","template":"pages-templates\/pages-minitools-3.php","meta":[],"categories":[72],"tags":[],"_links":{"self":[{"href":"https:\/\/sitechecker.pro\/pt\/wp-json\/wp\/v2\/pages\/5313"}],"collection":[{"href":"https:\/\/sitechecker.pro\/pt\/wp-json\/wp\/v2\/pages"}],"about":[{"href":"https:\/\/sitechecker.pro\/pt\/wp-json\/wp\/v2\/types\/page"}],"author":[{"embeddable":true,"href":"https:\/\/sitechecker.pro\/pt\/wp-json\/wp\/v2\/users\/10504980"}],"replies":[{"embeddable":true,"href":"https:\/\/sitechecker.pro\/pt\/wp-json\/wp\/v2\/comments?post=5313"}],"version-history":[{"count":30,"href":"https:\/\/sitechecker.pro\/pt\/wp-json\/wp\/v2\/pages\/5313\/revisions"}],"predecessor-version":[{"id":35765,"href":"https:\/\/sitechecker.pro\/pt\/wp-json\/wp\/v2\/pages\/5313\/revisions\/35765"}],"wp:featuredmedia":[{"embeddable":true,"href":"https:\/\/sitechecker.pro\/pt\/wp-json\/wp\/v2\/media\/5325"}],"wp:attachment":[{"href":"https:\/\/sitechecker.pro\/pt\/wp-json\/wp\/v2\/media?parent=5313"}],"wp:term":[{"taxonomy":"category","embeddable":true,"href":"https:\/\/sitechecker.pro\/pt\/wp-json\/wp\/v2\/categories?post=5313"},{"taxonomy":"post_tag","embeddable":true,"href":"https:\/\/sitechecker.pro\/pt\/wp-json\/wp\/v2\/tags?post=5313"}],"curies":[{"name":"wp","href":"https:\/\/api.w.org\/{rel}","templated":true}]}}