{"id":5229,"date":"2019-02-05T11:44:32","date_gmt":"2019-02-05T11:44:32","guid":{"rendered":"https:\/\/sitechecker.pro\/?page_id=5229"},"modified":"2025-03-18T08:22:43","modified_gmt":"2025-03-18T08:22:43","slug":"what-is-cms","status":"publish","type":"page","link":"https:\/\/sitechecker.pro\/pt\/what-is-cms\/","title":{"rendered":"Detector de CMS | Descubra qual CMS um site est\u00e1 a usar"},"content":{"rendered":"<p><\/p>\n<h2 id=\"par1\">O que \u00e9 a ferramenta CMS Detector de sites?<\/h2>\n<p>O Detector CMS identifica os <a href=\"https:\/\/sitechecker.pro\/cms-functions-and-definition\/\" target=\"_blank\" rel=\"noopener noreferrer\">Sistemas de gerenciamento de conte\u00fado<\/a> que um site usa. Voc\u00ea pode simplesmente inserir o dom\u00ednio do site e a ferramenta detectar\u00e1 o CMS. Ele agiliza o processo, pois voc\u00ea n\u00e3o precisa de inscri\u00e7\u00f5es ou pagamentos complexos.<\/p>\n<h3>Como a ferramenta pode ajudar seu site?<\/h3>\n<ul>\n<li><strong>Identificar o CMS do site: <\/strong>determinar qual sistema de gerenciamento de conte\u00fado um site executa.<\/li>\n<li><strong>Verifica o site em busca de problemas t\u00e9cnicos comuns, <\/strong>como links quebrados, tempos lentos de carregamento da p\u00e1gina e conte\u00fado duplicado, que podem ent\u00e3o ser resolvidos para melhorar o desempenho geral do site e a experi\u00eancia do usu\u00e1rio.<\/li>\n<li><strong>Ofere\u00e7a insights sobre aspectos de SEO <\/strong>, como meta tags, qualidade do conte\u00fado, compatibilidade com dispositivos m\u00f3veis e outros <a href=\"https:\/\/sitechecker.pro\/on-page-seo-checker\/\" rel=\"noopener noreferrer\" target=\"_blank\">elementos na p\u00e1gina<\/a> que afetam a classifica\u00e7\u00e3o de pesquisa, ajudando a priorizar estrat\u00e9gias de SEO.<\/li>\n<\/ul>\n<h3>Principais recursos do detector CMS<\/h3>\n<p><strong>Painel Unificado: <\/strong>um painel centralizado que exibe todas as informa\u00e7\u00f5es t\u00e9cnicas de auditoria. Este painel simplifica o monitoramento e a an\u00e1lise, fornecendo uma vis\u00e3o abrangente em um s\u00f3 lugar.<\/p>\n<p><strong>Interface amig\u00e1vel: <\/strong>projetada para ser intuitiva e f\u00e1cil de navegar, torna a ferramenta acess\u00edvel mesmo para quem n\u00e3o tem conhecimentos t\u00e9cnicos avan\u00e7ados. Isso garante uma experi\u00eancia de usu\u00e1rio tranquila.<\/p>\n<p><strong>Conjunto completo de ferramentas de SEO: <\/strong>a ferramenta inclui recursos ou integra\u00e7\u00f5es com mecanismos de pesquisa que oferecem insights e recomenda\u00e7\u00f5es para SEO. Isso pode incluir auditoria de problemas de SEO, sugest\u00e3o de melhorias e uso de outras ferramentas anal\u00edticas para fornecer uma vis\u00e3o hol\u00edstica do status de otimiza\u00e7\u00e3o do mecanismo de pesquisa do site.<\/p>\n<h2 id=\"par2\">Como fa\u00e7o para usar um detector de CMS de site?<\/h2>\n<h3>Etapa 1: Insira seu dom\u00ednio<\/h3>\n<p>Come\u00e7ar a detectar CMS \u00e9 simples e r\u00e1pido! Basta inserir seu dom\u00ednio abaixo e, com apenas um clique no bot\u00e3o, voc\u00ea definir\u00e1 o que significa CMS neste site:<\/p>\n<div class=\"content__img-wrap\"><img src=\"https:\/\/sitechecker.pro\/wp-content\/uploads\/2023\/12\/cms-detector.png\" alt=\"Detector CMS\" class=\"description-img description-img-zoom\" loading=\"lazy\" ><\/div>\n<h3>Etapa 2: resultados de detec\u00e7\u00e3o do CMS<\/h3>\n<p>Acesse os insights sobre o CMS utilizado no recurso web.<\/p>\n<div class=\"content__img-wrap\"><img src=\"https:\/\/sitechecker.pro\/wp-content\/uploads\/2023\/12\/cms-checker-results.png\" alt=\"Resultados do verificador CMS\" class=\"description-img description-img-zoom\" loading=\"lazy\" ><\/div>\n<h2 id=\"par3\">Recursos adicionais da ferramenta de pesquisa CMS<\/h2>\n<p>Ao selecionar o bot\u00e3o &#8216;Iniciar monitoramento&#8217; e iniciar seu teste gratuito, voc\u00ea obter\u00e1 acesso completo ao conjunto completo de ferramentas para uma inspe\u00e7\u00e3o t\u00e9cnica do seu site.<\/p>\n<p>A Auditoria do Site fornece uma vis\u00e3o geral da integridade do site com se\u00e7\u00f5es para &#8216;Cr\u00edticos&#8217;, &#8216;Avisos&#8217; e &#8216;Oportunidades&#8217;, junto com uma &#8216;Pontua\u00e7\u00e3o do Site&#8217;. Uma &#8216;lista de problemas&#8217; detalhada divide o conte\u00fado do site em \u00e1reas espec\u00edficas como &#8216;Links&#8217; e &#8216;Relev\u00e2ncia do conte\u00fado&#8217;, indicando a velocidade do site e o n\u00famero de problemas identificados para orientar os esfor\u00e7os de otimiza\u00e7\u00e3o do site.<\/p>\n<div class=\"content__img-wrap\"><img src=\"https:\/\/sitechecker.pro\/wp-content\/uploads\/2023\/12\/cms-checker-additional-features.png\" alt=\"Recursos adicionais do verificador CMS\" class=\"description-img description-img-zoom\" loading=\"lazy\" ><\/div>\n<h2 id=\"par4\">Conclus\u00e3o<\/h2>\n<p>O Free CMS Finder \u00e9 uma ferramenta gratuita que identifica qual sistema de gerenciamento de conte\u00fado est\u00e1 em um site, oferecendo uma interface amig\u00e1vel, um painel unificado para auditoria, todas as informa\u00e7\u00f5es relevantes e um conjunto completo de ferramentas de SEO. Ajuda os propriet\u00e1rios de sites e gerentes de SEO a detectar com precis\u00e3o o sistema de gerenciamento de conte\u00fado usado, identificar problemas t\u00e9cnicos e otimizar estrat\u00e9gias de SEO. O uso \u00e9 simples: insira um dom\u00ednio para come\u00e7ar e acessar insights sobre o sistema CMS utilizado. O recurso Auditoria do Site fornece vis\u00f5es gerais de integridade e informa\u00e7\u00f5es detalhadas com detalhamentos de problemas para melhorar o desempenho do site.<\/p>\n<div id=\"par5\"><\/div>\n<p><div class=\"front__faq-block\"><div class=\"faq__block-title\">FAQ<\/div><div class=\"panel-group\" id=\"faq-accordion\" itemscope itemtype=\"https:\/\/schema.org\/FAQPage\" role=\"tablist\" aria-multiselectable=\"true\"><div class=\"panel\" itemscope itemtype=\"https:\/\/schema.org\/Question\" itemprop=\"mainEntity\">\n                            <div class=\"panel-heading\" id=\"headingFaq-1\">\n                                <div class=\"panel-title\" data-toggle=\"collapse\" aria-expanded=\"false\" href=\"#collapseFaq-1\">\n                                    <h3 itemprop=\"name\">O CMS Analyzer consegue identificar todos os tipos populares de CMS?<\/h3>\n                                <\/div>\n                            <\/div>\n                            <div id=\"collapseFaq-1\" class=\"panel-collapse collapse\" itemprop=\"acceptedAnswer\" itemscope itemtype=\"http:\/\/schema.org\/Answer\">\n                                <div class=\"panel-body\" itemprop=\"text\">A ferramenta foi projetada para detec\u00e7\u00e3o de CMS e funciona com uma ampla variedade de sistemas populares de gerenciamento de conte\u00fado. Abrange os CMSs mais populares (WordPress, Drupal, Jumla, Shopify e assim por diante). No entanto, pode haver alguns CMSs menos conhecidos ou personalizados que um determinado site est\u00e1 usando e que n\u00e3o consegue detectar.<\/div>\n                            <\/div>\n                        <\/div><div class=\"panel\" itemscope itemtype=\"https:\/\/schema.org\/Question\" itemprop=\"mainEntity\">\n                            <div class=\"panel-heading\" id=\"headingFaq-2\">\n                                <div class=\"panel-title\" data-toggle=\"collapse\" aria-expanded=\"false\" href=\"#collapseFaq-2\">\n                                    <h3 itemprop=\"name\">Existe um limite para o n\u00famero de p\u00e1ginas web de sites ou sites que posso verificar com o Detector CMS?<\/h3>\n                                <\/div>\n                            <\/div>\n                            <div id=\"collapseFaq-2\" class=\"panel-collapse collapse\" itemprop=\"acceptedAnswer\" itemscope itemtype=\"http:\/\/schema.org\/Answer\">\n                                <div class=\"panel-body\" itemprop=\"text\">A ferramenta pode ter limites de utiliza\u00e7\u00e3o, especialmente para testes gratuitos. Para acesso ilimitado, pode ser necess\u00e1ria uma assinatura.<\/div>\n                            <\/div>\n                        <\/div><div class=\"panel\" itemscope itemtype=\"https:\/\/schema.org\/Question\" itemprop=\"mainEntity\">\n                            <div class=\"panel-heading\" id=\"headingFaq-3\">\n                                <div class=\"panel-title\" data-toggle=\"collapse\" aria-expanded=\"false\" href=\"#collapseFaq-3\">\n                                    <h3 itemprop=\"name\">Os insights de SEO fornecidos pela ferramenta CMS Detector s\u00e3o acion\u00e1veis?<\/h3>\n                                <\/div>\n                            <\/div>\n                            <div id=\"collapseFaq-3\" class=\"panel-collapse collapse\" itemprop=\"acceptedAnswer\" itemscope itemtype=\"http:\/\/schema.org\/Answer\">\n                                <div class=\"panel-body\" itemprop=\"text\">Sim, os insights de SEO pretendem ser acion\u00e1veis, com recomenda\u00e7\u00f5es claras para melhorar a otimiza\u00e7\u00e3o do mecanismo de pesquisa do seu site.<\/div>\n                            <\/div>\n                        <\/div><\/div><\/div><\/p>","protected":false},"excerpt":{"rendered":"O que \u00e9 a ferramenta CMS Detector de sites? O Detector CMS identifica os Sistemas de gerenciamento de conte\u00fado que um site usa. Voc\u00ea pode simplesmente inserir o dom\u00ednio do site e a ferramenta detectar\u00e1 o CMS. Ele agiliza o processo, pois voc\u00ea n\u00e3o precisa de inscri\u00e7\u00f5es ou pagamentos complexos. Como a ferramenta pode ajudar&#8230;","protected":false},"author":10409641,"featured_media":5438,"parent":0,"menu_order":0,"comment_status":"closed","ping_status":"closed","template":"pages-templates\/pages-minitools.php","meta":[],"categories":[73],"tags":[],"_links":{"self":[{"href":"https:\/\/sitechecker.pro\/pt\/wp-json\/wp\/v2\/pages\/5229"}],"collection":[{"href":"https:\/\/sitechecker.pro\/pt\/wp-json\/wp\/v2\/pages"}],"about":[{"href":"https:\/\/sitechecker.pro\/pt\/wp-json\/wp\/v2\/types\/page"}],"author":[{"embeddable":true,"href":"https:\/\/sitechecker.pro\/pt\/wp-json\/wp\/v2\/users\/10409641"}],"replies":[{"embeddable":true,"href":"https:\/\/sitechecker.pro\/pt\/wp-json\/wp\/v2\/comments?post=5229"}],"version-history":[{"count":25,"href":"https:\/\/sitechecker.pro\/pt\/wp-json\/wp\/v2\/pages\/5229\/revisions"}],"predecessor-version":[{"id":36025,"href":"https:\/\/sitechecker.pro\/pt\/wp-json\/wp\/v2\/pages\/5229\/revisions\/36025"}],"wp:featuredmedia":[{"embeddable":true,"href":"https:\/\/sitechecker.pro\/pt\/wp-json\/wp\/v2\/media\/5438"}],"wp:attachment":[{"href":"https:\/\/sitechecker.pro\/pt\/wp-json\/wp\/v2\/media?parent=5229"}],"wp:term":[{"taxonomy":"category","embeddable":true,"href":"https:\/\/sitechecker.pro\/pt\/wp-json\/wp\/v2\/categories?post=5229"},{"taxonomy":"post_tag","embeddable":true,"href":"https:\/\/sitechecker.pro\/pt\/wp-json\/wp\/v2\/tags?post=5229"}],"curies":[{"name":"wp","href":"https:\/\/api.w.org\/{rel}","templated":true}]}}