{"id":4179,"date":"2020-07-21T09:42:03","date_gmt":"2020-07-21T07:42:03","guid":{"rendered":"https:\/\/sitechecker.pro\/?page_id=4179"},"modified":"2025-03-20T09:17:08","modified_gmt":"2025-03-20T09:17:08","slug":"google-cache","status":"publish","type":"page","link":"https:\/\/sitechecker.pro\/pt\/google-cache\/","title":{"rendered":"Google Cache Checker: ferramenta online para verificar p\u00e1ginas em cache do site \u1408"},"content":{"rendered":"<p>Ao retrabalhar, melhorar ou criar uma estrat\u00e9gia de SEO, \u00e9 crucial considerar o cache do Google. No entanto, as raz\u00f5es para isso podem n\u00e3o ser muito claras. Como exatamente o cache do Google pode influenciar o SEO do site? Como funciona o cache para o site? Precisamos verificar o cache de um site regularmente ou devemos confiar apenas nos algoritmos dos mecanismos de pesquisa? Al\u00e9m disso, \u00e9 importante saber como ver os cookies de um site para garantir que as pr\u00e1ticas de privacidade estejam em conformidade.<\/p>\n<p>Para responder a todas essas perguntas, primeiro, vamos esclarecer o significado do cache do Google.<\/p>\n<p>O cache do Google \u00e9 um <b>instant\u00e2neo de uma p\u00e1gina da web <\/b> que \u00e9 armazenada em backup nos servidores. As informa\u00e7\u00f5es s\u00e3o salvas quando os mecanismos de pesquisa visitam um site para indexa\u00e7\u00e3o. Esses instant\u00e2neos atuam como backups usados \u200b\u200bpara corresponder \u00e0s consultas do usu\u00e1rio da Internet. \u00c9 mais f\u00e1cil para os mecanismos de pesquisa acessarem c\u00f3pias em cache do que sites.<\/p>\n<p><a href=\"https:\/\/sitechecker.pro\/website-crawler\/\">Rastreadores da Web<\/a> s\u00e3o usados \u200b\u200bpara realizar <b>arquivamento da Web<\/b>. Quando um rastreador visita seu site, ele o encontra por meio de hiperlinks. Em seguida, o rastreador copia o conte\u00fado. Ao pesquisar uma palavra-chave na internet, voc\u00ea obt\u00e9m links que podem direcionar voc\u00ea para a vers\u00e3o original do site.<br \/>\n<div class=\"content__img-wrap\"><img src=\"https:\/\/sitechecker.pro\/wp-content\/uploads\/2022\/01\/Google-Cache-Checker-1.jpg\" alt=\"Resultado do instant\u00e2neo dos arquivos da web do Google\" class=\"description-img description-img-zoom\" loading=\"lazy\" ><\/div><\/p>\n<p>Basicamente, todos os sites armazenados em cache s\u00e3o<b> indexados e classificados em indexadores<\/b>. Mas a indexa\u00e7\u00e3o n\u00e3o acontece automaticamente quando a p\u00e1gina da Web ou o site s\u00e3o lan\u00e7ados ou ficam dispon\u00edveis para os usu\u00e1rios. O processo leva algum tempo. Um visualizador pode obter informa\u00e7\u00f5es mais antigas. Assim, \u00e9 preciso agilizar a indexa\u00e7\u00e3o para que o novo conte\u00fado possa ser acessado facilmente na internet.<\/p>\n<p>Mesmo que a p\u00e1gina da Web esteja online h\u00e1 algum tempo e voc\u00ea tenha alterado algumas informa\u00e7\u00f5es, ela ainda precisa ser reindexada. Assim, uma nova c\u00f3pia \u00e9 criada. Os resultados da pesquisa exibir\u00e3o informa\u00e7\u00f5es atualizadas.Se voc\u00ea precisar remover um URL do webcache do Google, use o Google Search Console. Ao <a href=\"https:\/\/support.google.com\/webmasters\/answer\/9689846?hl=en\">seguir as instru\u00e7\u00f5es<\/a>, voc\u00ea pode enviar uma solicita\u00e7\u00e3o.<\/p>\n<h2 id=\"ik_Guide\">Uso do Google Cache Checker: um guia passo a passo<\/h2>\n<p>O <b>Google Cache Checker<\/b> \u00e9 uma ferramenta eficaz que ajuda a determinar a hora e a data em que a p\u00e1gina foi modificada pela \u00faltima vez e salva no cache. Essas ferramentas de verifica\u00e7\u00e3o devem ser f\u00e1ceis de usar, pois podem ser usadas para diferentes neg\u00f3cios.<\/p>\n<h3>Etapa 1: insira seu URL<\/h3>\n<p>Comece digitando o URL da p\u00e1gina em que est\u00e1 interessado. Voc\u00ea pode verificar uma p\u00e1gina por solicita\u00e7\u00e3o. Escolhemos o dom\u00ednio <a href=\"https:\/\/sitechecker.pro\/\">https:\/\/sitechecker.pro\/<\/a> como exemplo para mostrar como ele funciona:<\/p>\n<div class=\"content__img-wrap\"><img src=\"https:\/\/sitechecker.pro\/wp-content\/uploads\/2022\/01\/Google-Cache-Checker-2.jpg\" alt=\"Insira o URL do site para verificar o cache dos mecanismos do seu site\" class=\"description-img description-img-zoom\" loading=\"lazy\" ><\/div>\n<h3>Etapa 2: interpretando os resultados do Google Cache Checker<\/h3>\n<p>Ap\u00f3s a an\u00e1lise, voc\u00ea obt\u00e9m todas as informa\u00e7\u00f5es b\u00e1sicas sobre a p\u00e1gina da Web mantidas no Google Cache. Essas informa\u00e7\u00f5es incluem o URL da p\u00e1gina em cache, seu<b> status<\/b> e a<b> hora e data em que foi modificada. <\/b><\/p>\n<div class=\"content__img-wrap\"><img src=\"https:\/\/sitechecker.pro\/wp-content\/uploads\/2022\/01\/Google-Cache-Checker-3.jpg\" alt=\"Voc\u00ea obter\u00e1 o resultado com o status do URL do site, o hora e a data das \u00faltimas modifica\u00e7\u00f5es indexadas\" class=\"description-img description-img-zoom\" loading=\"lazy\" ><\/div>\n<h2 id=\"ik_Cases\">Casos em que a ferramenta Google Cache Checker \u00e9 necess\u00e1ria<\/h2>\n<p>O <b>cache do site<\/b> ajuda seu site a carregar mais rapidamente. Os visitantes ver\u00e3o todas as informa\u00e7\u00f5es assim que clicarem em um link.<br \/>\n<div class=\"content__img-wrap\"><img src=\"https:\/\/sitechecker.pro\/wp-content\/uploads\/2022\/01\/Google-Cache-Checker-4.jpg\" alt=\"Alternative way to check if the site is cashed\" class=\"description-img description-img-zoom\" loading=\"lazy\" ><\/div><\/p>\n<p>O que significa cache na pesquisa do Google? Isso significa que o bot do Google rastreou sua p\u00e1gina e detectou todas as informa\u00e7\u00f5es necess\u00e1rias que podem afetar a classifica\u00e7\u00e3o.<\/p>\n<p>No entanto, as vers\u00f5es atuais dos sites podem estar indispon\u00edveis por v\u00e1rios motivos. Assim, o armazenamento em cache de vers\u00f5es mais antigas se torna \u00fatil. Assim, o armazenamento em cache de vers\u00f5es mais antigas se torna \u00fatil. Por exemplo:<\/p>\n<ol>\n<li>O propriet\u00e1rio exclui um site. Imagine que voc\u00ea precisa verificar o conte\u00fado do site, mas ele foi exclu\u00eddo recentemente. Sua c\u00f3pia salva est\u00e1 localizada em um servidor com um URL HTTPS e pode ser fornecida a voc\u00ea rapidamente.<\/li>\n<li>Congestionamento do tr\u00e1fego da Internet. Assim, o backup dos pacotes de dados \u00e9 solicitado para agilizar os processos.<\/li>\n<li>Quando voc\u00ea precisa ver a \u00faltima vez que um localizador de rastreador visitou o site. \u00c9 f\u00e1cil ver quando os bots do Google rastrearam seu site pela \u00faltima vez. A hora e a data exatas aparecer\u00e3o na parte superior da p\u00e1gina.<\/li>\n<li>O carregamento do site est\u00e1 lento. Se voc\u00ea reduzir o tempo entre a solicita\u00e7\u00e3o do usu\u00e1rio e o servidor, reduz o tempo que leva para carregar a p\u00e1gina do site. Assim, a velocidade do site est\u00e1 aumentando. Para verificar, use a ferramenta <a href=\"https:\/\/sitechecker.pro\/speed-test\/\">teste de velocidade do site<\/a>.<\/li>\n<li>Quando voc\u00ea deseja acessar conte\u00fado com bloqueio geogr\u00e1fico.<\/li>\n<\/ol>\n<p>A ferramenta <b> Google Cache Checker<\/b> ajuda a evitar todas as consequ\u00eancias negativas, pois voc\u00ea sempre saber\u00e1 se sua p\u00e1gina da web est\u00e1 dispon\u00edvel on-line.<br \/>\n    <div class=\"blog__conversion blog__conversion-app element__logged_out\">\n        <div class=\"blog__conversion-inner\">\n            <p class=\"title\">Verificar o Google Cache \u00e9 importante, mas n\u00e3o o suficiente para classificar bem o suficiente!<\/p>\n            <p class=\"description\">Agora que voc\u00ea conhece o IP do seu dom\u00ednio, rastreie seu site e descubra todos os tipos de problemas que podem prejudicar seus usu\u00e1rios ou o SEO do seu site.<\/p>\n            <form id=\"audit__form\"\n                  class=\"article__seo-search audit__form Agora que voc\u00ea conhece o IP do seu dom\u00ednio, rastreie seu site e descubra todos os tipos de problemas que podem prejudicar seus usu\u00e1rios ou o SEO do seu site.\"\n                  action=\"\"\n                  method=\"POST\"\n                  autocomplete=\"off\">\n                <span class=\"error\"><\/span>\n                <div class=\"error__limits\">Something went wrong. Please, try again later.<\/div>\n                <input name=\"url\"\n                       type=\"text\"\n                       placeholder=\"Digite seu dom\u00ednio aqui\">\n                                <button type=\"submit\"\n                        class=\"sitechecker__text\">\n                    <span>Iniciar auditoria<\/span>\n                    <img src=\"\/wp-content\/themes\/sitechecker\/out\/img_design\/loading.svg\"\n                         width=\"31\"\n                         height=\"30\"\n                         class=\"loading\">\n                <\/button>\n            <\/form>\n        <\/div>\n    <\/div>\n    <\/p>\n<h2>Outras formas de visualizar o Google Cache<\/h2>\n<p>H\u00e1 mais algumas maneiras de ver <b>p\u00e1ginas da Web em cache<\/b>. Essas formas s\u00e3o simples e f\u00e1ceis de fazer.<\/p>\n<h3>1. Barra de endere\u00e7o do Chrome<\/h3>\n<p>\u00c9 simplesmente o que voc\u00ea est\u00e1 digitando em uma linha de pesquisa. Ao usar a barra de endere\u00e7o do Chrome, voc\u00ea deve:<\/p>\n<ol>\n<li>Abra o navegador Chrome.<\/li>\n<li>Digite &#8220;cache&#8221; na barra de endere\u00e7o, digite &#8220;cache&#8221; seguido de seu endere\u00e7o da web de destino.<\/li>\n<li>Os resultados ser\u00e3o semelhantes aos resultados de pesquisa do Google.<\/li>\n<\/ol>\n<div class=\"content__img-wrap\"><img src=\"https:\/\/sitechecker.pro\/wp-content\/uploads\/2022\/01\/Google-Cache-Checker-5.jpg\" alt=\"Como verificar o arquivo no Google Chrome\" class=\"description-img description-img-zoom\" loading=\"lazy\" ><\/div>\n<h3>2. Arquivo da Web<\/h3>\n<p>H\u00e1 mais uma maneira de pesquisar o cache para Yandex, Bing ou mecanismo de pesquisa <a href=\"https:\/\/sitechecker.pro\/search-engines\/\">google alternativo<\/a>. Exceto pela ajuda do Google, voc\u00ea tamb\u00e9m pode ver a apar\u00eancia das p\u00e1ginas da web em um per\u00edodo espec\u00edfico. O Web Archive \u00e9 uma organiza\u00e7\u00e3o sem fins lucrativos que coleta c\u00f3pias salvas de sites, diferentes imagens, v\u00eddeos, etc. O objetivo principal \u00e9 <b>fornecer arquivamento de longo prazo <\/b> coletado em acesso gratuito para todos os usu\u00e1rios da Internet. Ele salva todas as c\u00f3pias antigas dos sites. Mesmo que a <a href=\"https:\/\/sitechecker.pro\/domain-age\/\">idade do dom\u00ednio<\/a> seja superior a 20 anos. Para us\u00e1-lo, voc\u00ea deve:<\/p>\n<ol>\n<li>Abra o <a href=\"https:\/\/archive.org\/\">arquivo da web<\/a> usando um navegador.<\/li>\n<li>Digite o endere\u00e7o da Web que voc\u00ea deseja acessar e clique em &#8220;Ir&#8221;.<\/li>\n<li>Em uma agenda, voc\u00ea ver\u00e1 v\u00e1rias vers\u00f5es salvas da p\u00e1gina da Web.<\/li>\n<li>Procure a op\u00e7\u00e3o mais relevante.<\/li>\n<li>Se a p\u00e1gina n\u00e3o tiver hist\u00f3rico arquivado, o Wayback Machine informar\u00e1 que ela n\u00e3o existe.<\/li>\n<\/ol>\n<h3>3. Verificador de cache do Google<\/h3>\n<p>O <b>Verificador de cache<\/b> \u00e9 uma ferramenta especializada usada para descobrir se o Google indexa seu site. Isso ajuda a entender quando os bots de pesquisa visitaram seu site pela \u00faltima vez. Devido \u00e0s informa\u00e7\u00f5es recebidas, especialistas em SEO e mestres de sites podem concluir a rapidez com que as p\u00e1ginas da Web e para dispositivos m\u00f3veis est\u00e3o indexando, se o site precisa de mais <a href=\"https:\/\/sitechecker.pro\/backlinks\/\">backlinks<\/a>, e o que fazer para acelerar o processo.<\/p>\n<p><div class=\"front__faq-block\"><div class=\"faq__block-title\">FAQ<\/div><div class=\"panel-group\" id=\"faq-accordion\" itemscope itemtype=\"https:\/\/schema.org\/FAQPage\" role=\"tablist\" aria-multiselectable=\"true\"><div class=\"panel\" itemscope itemtype=\"https:\/\/schema.org\/Question\" itemprop=\"mainEntity\">\n                            <div class=\"panel-heading\" id=\"headingFaq-1\">\n                                <div class=\"panel-title\" data-toggle=\"collapse\" aria-expanded=\"false\" href=\"#collapseFaq-1\">\n                                    <h3 itemprop=\"name\">O que \u00e9 o Google Cache?<\/h3>\n                                <\/div>\n                            <\/div>\n                            <div id=\"collapseFaq-1\" class=\"panel-collapse collapse\" itemprop=\"acceptedAnswer\" itemscope itemtype=\"http:\/\/schema.org\/Answer\">\n                                <div class=\"panel-body\" itemprop=\"text\">Google Cache \u00e9 um espa\u00e7o on-line onde todas as informa\u00e7\u00f5es sobre seu site s\u00e3o armazenadas. Essas informa\u00e7\u00f5es cont\u00eam um instant\u00e2neo de HTML bruto que o navegador renderizar\u00e1 para demonstrar essas informa\u00e7\u00f5es ao usu\u00e1rio.<\/div>\n                            <\/div>\n                        <\/div><div class=\"panel\" itemscope itemtype=\"https:\/\/schema.org\/Question\" itemprop=\"mainEntity\">\n                            <div class=\"panel-heading\" id=\"headingFaq-2\">\n                                <div class=\"panel-title\" data-toggle=\"collapse\" aria-expanded=\"false\" href=\"#collapseFaq-2\">\n                                    <h3 itemprop=\"name\">Qual \u00e9 o prop\u00f3sito do cache?<\/h3>\n                                <\/div>\n                            <\/div>\n                            <div id=\"collapseFaq-2\" class=\"panel-collapse collapse\" itemprop=\"acceptedAnswer\" itemscope itemtype=\"http:\/\/schema.org\/Answer\">\n                                <div class=\"panel-body\" itemprop=\"text\">Caching cria uma c\u00f3pia de todas as informa\u00e7\u00f5es em um site ou p\u00e1gina da web. Isso significa que se o site ou p\u00e1gina estiver inativo ou ausente, o usu\u00e1rio ainda poder\u00e1 acessar uma p\u00e1gina de arquivo.<\/div>\n                            <\/div>\n                        <\/div><div class=\"panel\" itemscope itemtype=\"https:\/\/schema.org\/Question\" itemprop=\"mainEntity\">\n                            <div class=\"panel-heading\" id=\"headingFaq-3\">\n                                <div class=\"panel-title\" data-toggle=\"collapse\" aria-expanded=\"false\" href=\"#collapseFaq-3\">\n                                    <h3 itemprop=\"name\">Por que o Google verifica alguns sites com mais frequ\u00eancia?<\/h3>\n                                <\/div>\n                            <\/div>\n                            <div id=\"collapseFaq-3\" class=\"panel-collapse collapse\" itemprop=\"acceptedAnswer\" itemscope itemtype=\"http:\/\/schema.org\/Answer\">\n                                <div class=\"panel-body\" itemprop=\"text\">Alguns sites e p\u00e1ginas s\u00e3o verificados com mais frequ\u00eancia porque os propriet\u00e1rios de sites enviam para cache seus URLs manualmente para o Google.<\/div>\n                            <\/div>\n                        <\/div><div class=\"panel\" itemscope itemtype=\"https:\/\/schema.org\/Question\" itemprop=\"mainEntity\">\n                            <div class=\"panel-heading\" id=\"headingFaq-4\">\n                                <div class=\"panel-title\" data-toggle=\"collapse\" aria-expanded=\"false\" href=\"#collapseFaq-4\">\n                                    <h3 itemprop=\"name\">Como expandir o tamanho do cache no navegador Google Chrome?<\/h3>\n                                <\/div>\n                            <\/div>\n                            <div id=\"collapseFaq-4\" class=\"panel-collapse collapse\" itemprop=\"acceptedAnswer\" itemscope itemtype=\"http:\/\/schema.org\/Answer\">\n                                <div class=\"panel-body\" itemprop=\"text\">A maneira mais r\u00e1pida de expandir o tamanho do cache \u00e9 <b>substituir a CPU atual<\/b> por uma de maior capacidade.<\/div>\n                            <\/div>\n                        <\/div><\/div><\/div><\/p>","protected":false},"excerpt":{"rendered":"Ao retrabalhar, melhorar ou criar uma estrat\u00e9gia de SEO, \u00e9 crucial considerar o cache do Google. No entanto, as raz\u00f5es para isso podem n\u00e3o ser muito claras. Como exatamente o cache do Google pode influenciar o SEO do site? Como funciona o cache para o site? Precisamos verificar o cache de um site regularmente ou&#8230;","protected":false},"author":10409641,"featured_media":4227,"parent":0,"menu_order":0,"comment_status":"closed","ping_status":"closed","template":"pages-templates\/pages-minitools.php","meta":[],"categories":[73],"tags":[],"_links":{"self":[{"href":"https:\/\/sitechecker.pro\/pt\/wp-json\/wp\/v2\/pages\/4179"}],"collection":[{"href":"https:\/\/sitechecker.pro\/pt\/wp-json\/wp\/v2\/pages"}],"about":[{"href":"https:\/\/sitechecker.pro\/pt\/wp-json\/wp\/v2\/types\/page"}],"author":[{"embeddable":true,"href":"https:\/\/sitechecker.pro\/pt\/wp-json\/wp\/v2\/users\/10409641"}],"replies":[{"embeddable":true,"href":"https:\/\/sitechecker.pro\/pt\/wp-json\/wp\/v2\/comments?post=4179"}],"version-history":[{"count":11,"href":"https:\/\/sitechecker.pro\/pt\/wp-json\/wp\/v2\/pages\/4179\/revisions"}],"predecessor-version":[{"id":36074,"href":"https:\/\/sitechecker.pro\/pt\/wp-json\/wp\/v2\/pages\/4179\/revisions\/36074"}],"wp:featuredmedia":[{"embeddable":true,"href":"https:\/\/sitechecker.pro\/pt\/wp-json\/wp\/v2\/media\/4227"}],"wp:attachment":[{"href":"https:\/\/sitechecker.pro\/pt\/wp-json\/wp\/v2\/media?parent=4179"}],"wp:term":[{"taxonomy":"category","embeddable":true,"href":"https:\/\/sitechecker.pro\/pt\/wp-json\/wp\/v2\/categories?post=4179"},{"taxonomy":"post_tag","embeddable":true,"href":"https:\/\/sitechecker.pro\/pt\/wp-json\/wp\/v2\/tags?post=4179"}],"curies":[{"name":"wp","href":"https:\/\/api.w.org\/{rel}","templated":true}]}}