{"id":37680,"date":"2025-07-02T10:53:33","date_gmt":"2025-07-02T10:53:33","guid":{"rendered":"https:\/\/sitechecker.pro\/?page_id=37680"},"modified":"2026-03-04T18:00:11","modified_gmt":"2026-03-04T18:00:11","slug":"free-looker-studio-template-analyze-traffic-ai-chats","status":"publish","type":"page","link":"https:\/\/sitechecker.pro\/pt\/looker-studio-template-analyze-traffic-ai-chats\/","title":{"rendered":"Modelo gratuito do Looker Studio para analisar o tr\u00e1fego de chats de IA"},"content":{"rendered":"<p>N\u00e3o \u00e9 t\u00e3o dif\u00edcil criar um relat\u00f3rio simples no GA4 com uma regra regex para ver quanto tr\u00e1fego e convers\u00f5es os chats de IA trazem para voc\u00ea.<\/p>\n<p>No entanto, se voc\u00ea quiser ir mais fundo e analisar mais de 1 site, e fazer isso rapidamente, voc\u00ea tem que experimentar meu modelo gratuito baseado em dados do GA4. Tenho certeza de que voc\u00ea vai adorar.<\/p>\n<p><strong><a href=\"https:\/\/lookerstudio.google.com\/reporting\/c7a2624d-65e8-428b-9a9f-5cf9a4c7f79d\" rel=\"\">Aqui est\u00e1 o link para o modelo &gt;&gt;<\/a><\/strong><\/p>\n<div class=\"content__img-wrap\"><img src=\"https:\/\/sitechecker.pro\/wp-content\/uploads\/2025\/07\/1.png\" alt=\"como usar o relat\u00f3rio de tr\u00e1fego de IA\" class=\"description-img description-img-zoom\" loading=\"lazy\" ><\/div>\n<h2 class=\"header-anchor-post\">Como usar o modelo de an\u00e1lise de tr\u00e1fego de chats de IA<\/h2>\n<p>Assista a um v\u00eddeo r\u00e1pido ou leia as instru\u00e7\u00f5es de texto abaixo.<\/p>\n<p><iframe title=\"YouTube video player\" src=\"https:\/\/www.youtube.com\/embed\/vDHI9OqJMqU?si=jAM7qhJP3U_vDpGK\" width=\"860\" height=\"315\" frameborder=\"0\" allowfullscreen=\"allowfullscreen\"><\/iframe><\/p>\n<h4 class=\"header-anchor-post\">A primeira p\u00e1gina (IA vs pesquisa vs social)<\/h4>\n<p>Esta p\u00e1gina foi criada com um objetivo: comparar o tr\u00e1fego dos chats de IA com o tr\u00e1fego de outros canais org\u00e2nicos como pesquisa org\u00e2nica e social org\u00e2nico.<\/p>\n<p style=\"background-color: #ffcccc; display: inline;\">Considerando a rapidez com que cresce a ado\u00e7\u00e3o de chats de IA, faz sentido.<\/p>\n<p>Para criar este relat\u00f3rio, criei uma dimens\u00e3o personalizada com a seguinte f\u00f3rmula.<\/p>\n<div class=\"content__img-wrap\"><img src=\"https:\/\/sitechecker.pro\/wp-content\/uploads\/2025\/07\/2.png\" alt=\"como usar o relat\u00f3rio de tr\u00e1fego de IA\" class=\"description-img description-img-zoom\" loading=\"lazy\" ><\/div>\n<p>Por padr\u00e3o, uso a m\u00e9trica <strong>Sess\u00f5es<\/strong> nos gr\u00e1ficos e tabelas din\u00e2micas, mas voc\u00ea pode alter\u00e1-la para Eventos-chave ou Novos usu\u00e1rios, ou adicionar suas m\u00e9tricas opcionais ap\u00f3s copiar.<\/p>\n<div class=\"content__img-wrap\"><img src=\"https:\/\/sitechecker.pro\/wp-content\/uploads\/2025\/07\/3.png\" alt=\"como usar o relat\u00f3rio de tr\u00e1fego de IA\" class=\"description-img description-img-zoom\" loading=\"lazy\" ><\/div>\n<p>Ap\u00f3s esta tela, voc\u00ea encontrar\u00e1 a divis\u00e3o por fontes para os 3 canais org\u00e2nicos. Voc\u00ea tamb\u00e9m pode alterar as m\u00e9tricas nos gr\u00e1ficos de pizza de <strong>Sess\u00f5es<\/strong> para <strong>Eventos-chave.<\/strong><\/p>\n<div class=\"content__img-wrap\"><img src=\"https:\/\/sitechecker.pro\/wp-content\/uploads\/2025\/07\/4.png\" alt=\"como usar o relat\u00f3rio de tr\u00e1fego de IA\" class=\"description-img description-img-zoom\" loading=\"lazy\" ><\/div>\n<p>Depois disso, voc\u00ea encontrar\u00e1 a tabela que mais gosto nesta p\u00e1gina: uma compara\u00e7\u00e3o f\u00e1cil de sess\u00f5es dos 3 canais org\u00e2nicos por p\u00e1ginas de destino.<\/p>\n<div class=\"content__img-wrap\"><img src=\"https:\/\/sitechecker.pro\/wp-content\/uploads\/2025\/07\/5.png\" alt=\"como usar o relat\u00f3rio de tr\u00e1fego de IA\" class=\"description-img description-img-zoom\" loading=\"lazy\" ><\/div>\n<div class=\"important-block\">Voc\u00ea pode se surpreender que os chats de IA podem enviar a mesma quantidade de tr\u00e1fego que os mecanismos de pesquisa org\u00e2nicos para algumas p\u00e1ginas, e \u00e0s vezes at\u00e9 mais! Vale a pena analisar.<\/div>\n<h4 class=\"header-anchor-post\">A segunda p\u00e1gina (fontes)<\/h4>\n<p>Aqui voc\u00ea pode visualizar o desempenho detalhado por fonte espec\u00edfica.<\/p>\n<div class=\"content__img-wrap\"><img src=\"https:\/\/sitechecker.pro\/wp-content\/uploads\/2025\/07\/6.png\" alt=\"como usar o relat\u00f3rio de tr\u00e1fego de IA\" class=\"description-img description-img-zoom\" loading=\"lazy\" ><\/div>\n<p>Incluindo desempenho em din\u00e2mica.<\/p>\n<div class=\"content__img-wrap\"><img src=\"https:\/\/sitechecker.pro\/wp-content\/uploads\/2025\/07\/7.jpg\" alt=\"como usar o relat\u00f3rio de tr\u00e1fego de IA\" class=\"description-img description-img-zoom\" loading=\"lazy\" ><\/div>\n<h4 class=\"header-anchor-post\">A terceira p\u00e1gina (p\u00e1ginas de destino)<\/h4>\n<p>Tem os mesmos gr\u00e1ficos e tabelas da p\u00e1gina anterior, mas tamb\u00e9m uma valiosa tabela din\u00e2mica onde voc\u00ea pode comparar o tr\u00e1fego de diferentes chats de IA para cada p\u00e1gina de destino.<\/p>\n<div class=\"content__img-wrap\"><img src=\"https:\/\/sitechecker.pro\/wp-content\/uploads\/2025\/07\/8.png\" alt=\"como usar o relat\u00f3rio de tr\u00e1fego de IA\" class=\"description-img description-img-zoom\" loading=\"lazy\" ><\/div>\n<p>A 4\u00aa p\u00e1gina tem os mesmos gr\u00e1ficos da 3\u00aa p\u00e1gina, mas para pa\u00edses.<\/p>\n<h4 class=\"header-anchor-post\">A quinta p\u00e1gina (segmentos de p\u00e1gina)<\/h4>\n<p>Esta p\u00e1gina \u00e9 para usu\u00e1rios avan\u00e7ados que trabalham em grandes sites onde a segmenta\u00e7\u00e3o de p\u00e1ginas \u00e9 essencial.<\/p>\n<p>Por padr\u00e3o, uso uma dimens\u00e3o de <strong>Grupo de Conte\u00fado<\/strong> do GA4, que configurei atrav\u00e9s do Google Tag Manager para meu site. Voc\u00ea pode usar meu m\u00e9todo, ou pode criar uma dimens\u00e3o personalizada no Looker Studio ap\u00f3s copiar o modelo.<\/p>\n<div class=\"content__img-wrap\"><img src=\"https:\/\/sitechecker.pro\/wp-content\/uploads\/2025\/07\/new1.jpg\" alt=\"como usar o relat\u00f3rio de tr\u00e1fego de IA\" class=\"description-img description-img-zoom\" loading=\"lazy\" ><\/div>\n<div class=\"content__img-wrap\"><img src=\"https:\/\/sitechecker.pro\/wp-content\/uploads\/2025\/07\/new2.jpg\" alt=\"como usar o relat\u00f3rio de tr\u00e1fego de IA\" class=\"description-img description-img-zoom\" loading=\"lazy\" ><\/div>\n<p>O problema com um Grupo de Conte\u00fado \u00e9 que ele n\u00e3o \u00e9 aplicado aos dados hist\u00f3ricos, enquanto uma dimens\u00e3o personalizada no Looker Studio \u00e9 aplicada aos dados hist\u00f3ricos.<\/p>\n<p>Se voc\u00ea criar uma dimens\u00e3o personalizada no Looker Studio, deve substituir todos os gr\u00e1ficos em um <strong>Grupo de Conte\u00fado<\/strong> pelo nome da sua dimens\u00e3o personalizada.<\/p>\n<div class=\"content__img-wrap\"><img src=\"https:\/\/sitechecker.pro\/wp-content\/uploads\/2025\/07\/10.png\" alt=\"como usar o relat\u00f3rio de tr\u00e1fego de IA\" class=\"description-img description-img-zoom\" loading=\"lazy\" ><\/div>\n<p>Aqui est\u00e1 meu guia detalhado sobre por que recomendo usar <a href=\"https:\/\/medium.com\/@ivanpalii\/3-reasons-why-page-segmentation-in-seo-is-a-must-how-to-do-it-properly-b9ecd99f31e9\" rel=\"\">segmenta\u00e7\u00e3o de p\u00e1ginas para relat\u00f3rios<\/a> e como faz\u00ea-lo corretamente.<\/p>\n<h2 class=\"header-anchor-post\">Como copiar o modelo<\/h2>\n<p style=\"background-color: #ffcccc; display: inline;\">Infelizmente, voc\u00ea n\u00e3o pode copiar um modelo em 1 clique sem problemas.<\/p>\n<p>Isso ocorre porque a dimens\u00e3o personalizada <strong>Canais org\u00e2nicos<\/strong> \u00e9 criada no n\u00edvel do conector de dados e n\u00e3o pode ser copiada quando voc\u00ea copia o modelo.<\/p>\n<p>Al\u00e9m disso, todos os filtros no modelo funcionam com base nesta dimens\u00e3o personalizada.<\/p>\n<p><div class=\"content__img-wrap\"><img src=\"https:\/\/sitechecker.pro\/wp-content\/uploads\/2025\/07\/11.png\" alt=\"como usar o relat\u00f3rio de tr\u00e1fego de IA\" class=\"description-img description-img-zoom\" loading=\"lazy\" ><\/div><br \/>\nVoc\u00ea tem 2 op\u00e7\u00f5es aqui:<\/p>\n<ol>\n<li>Continuar usando meu modelo sem copi\u00e1-lo. Ser\u00e1 suficiente para voc\u00ea na maioria dos casos.<\/li>\n<li>Se voc\u00ea quiser copiar o modelo para possu\u00ed-lo e personaliz\u00e1-lo para seus pr\u00f3prios prop\u00f3sitos, <a href=\"https:\/\/youtu.be\/vDHI9OqJMqU?si=VoK4fI1RFNfF3g-v&amp;t=209\" rel=\"\">assista meu v\u00eddeo a partir deste momento<\/a>.<\/li>\n<\/ol>\n<p><\/p>","protected":false},"excerpt":{"rendered":"N\u00e3o \u00e9 t\u00e3o dif\u00edcil criar um relat\u00f3rio simples no GA4 com uma regra regex para ver quanto tr\u00e1fego e convers\u00f5es os chats de IA trazem para voc\u00ea. No entanto, se voc\u00ea quiser ir mais fundo e analisar mais de 1 site, e fazer isso rapidamente, voc\u00ea tem que experimentar meu modelo gratuito baseado em dados&#8230;","protected":false},"author":10409641,"featured_media":37693,"parent":0,"menu_order":0,"comment_status":"closed","ping_status":"closed","template":"pages-templates\/pages-v2.php","meta":[],"categories":[31],"tags":[],"_links":{"self":[{"href":"https:\/\/sitechecker.pro\/pt\/wp-json\/wp\/v2\/pages\/37680"}],"collection":[{"href":"https:\/\/sitechecker.pro\/pt\/wp-json\/wp\/v2\/pages"}],"about":[{"href":"https:\/\/sitechecker.pro\/pt\/wp-json\/wp\/v2\/types\/page"}],"author":[{"embeddable":true,"href":"https:\/\/sitechecker.pro\/pt\/wp-json\/wp\/v2\/users\/10409641"}],"replies":[{"embeddable":true,"href":"https:\/\/sitechecker.pro\/pt\/wp-json\/wp\/v2\/comments?post=37680"}],"version-history":[{"count":10,"href":"https:\/\/sitechecker.pro\/pt\/wp-json\/wp\/v2\/pages\/37680\/revisions"}],"predecessor-version":[{"id":39548,"href":"https:\/\/sitechecker.pro\/pt\/wp-json\/wp\/v2\/pages\/37680\/revisions\/39548"}],"wp:featuredmedia":[{"embeddable":true,"href":"https:\/\/sitechecker.pro\/pt\/wp-json\/wp\/v2\/media\/37693"}],"wp:attachment":[{"href":"https:\/\/sitechecker.pro\/pt\/wp-json\/wp\/v2\/media?parent=37680"}],"wp:term":[{"taxonomy":"category","embeddable":true,"href":"https:\/\/sitechecker.pro\/pt\/wp-json\/wp\/v2\/categories?post=37680"},{"taxonomy":"post_tag","embeddable":true,"href":"https:\/\/sitechecker.pro\/pt\/wp-json\/wp\/v2\/tags?post=37680"}],"curies":[{"name":"wp","href":"https:\/\/api.w.org\/{rel}","templated":true}]}}