{"id":3560,"date":"2018-07-20T10:45:11","date_gmt":"2018-07-20T10:45:11","guid":{"rendered":"https:\/\/sitechecker.pro\/?page_id=3560"},"modified":"2026-02-19T15:15:47","modified_gmt":"2026-02-19T15:15:47","slug":"duplicate-content","status":"publish","type":"page","link":"https:\/\/sitechecker.pro\/pt\/duplicate-content\/","title":{"rendered":"Detectar Duplicidade de Conte\u00fado: maneira f\u00e1cil de detectar conte\u00fado duplicado"},"content":{"rendered":"<p><\/p>\n<h2 id=\"par1\">O que \u00e9 um verificador de conte\u00fado duplicado?<\/h2>\n<p>O Website Duplicate Checker da <a href=\"https:\/\/sitechecker.pro\/\" target=\"_blank\" rel=\"noopener noreferrer\">Sitechecker<\/a> \u00e9 uma ferramenta gratuita que identifica <a href=\"https:\/ \/sitechecker.pro\/what-is-duplicate-content-in-seo\/\" target=\"_blank\" rel=\"noopener noreferrer\">conte\u00fado duplicado<\/a> em sites. Ele rastreia seu site, encontra problemas duplicados em t\u00edtulos, cabe\u00e7alhos e descri\u00e7\u00f5es e fornece um relat\u00f3rio de auditoria detalhado. Com ele, voc\u00ea pode categorizar problemas duplicados e obter solu\u00e7\u00f5es, como usar URLs can\u00f4nicos para resolver esses problemas.<\/p>\n<h3>Como a ferramenta pode ajudar voc\u00ea?<\/h3>\n<ul>\n<li><strong>Encontrar conte\u00fado duplicado: <\/strong>A ferramenta verifica p\u00e1ginas da web com efic\u00e1cia para identificar quaisquer dados clonados (por exemplo, t\u00edtulos repetidos, cabe\u00e7alhos e meta descri\u00e7\u00f5es). \u00c9 crucial para manter a exclusividade e a qualidade dos dados do site.<\/li>\n<li><strong>Detectar v\u00e1rios problemas de conte\u00fado em sites: <\/strong>al\u00e9m de dados id\u00eanticos, ele tamb\u00e9m detecta uma s\u00e9rie de outros problemas de conte\u00fado, como atributos alt ausentes ou propor\u00e7\u00f5es baixas de texto para HTML, auxiliando na otimiza\u00e7\u00e3o e qualidade geral dos dados aprimoramento.<\/li>\n<li><strong>Avaliar par\u00e2metros gerais de SEO: <\/strong>A ferramenta avalia de forma abrangente os principais par\u00e2metros de SEO, como velocidade do site, capacidade de resposta em dispositivos m\u00f3veis e precis\u00e3o de metatags. Voc\u00ea ter\u00e1 uma vis\u00e3o hol\u00edstica da sa\u00fade do SEO do site e insights pr\u00e1ticos para melhorias.<\/li>\n<\/ul>\n<h3>Recursos gerais do verificador interno de conte\u00fado duplicado<\/h3>\n<ul>\n<li><strong>Painel unificado: <\/strong>a ferramenta fornece um painel centralizado que agrega todas as descobertas e relat\u00f3rios, facilitando o acesso e a interpreta\u00e7\u00e3o dos dados pelos usu\u00e1rios em seu site.<\/li>\n<li><strong>Interface amig\u00e1vel: <\/strong>projetada pensando na usabilidade, a ferramenta oferece uma interface intuitiva, simplificando o processo de digitaliza\u00e7\u00e3o e tornando-o acess\u00edvel mesmo para aqueles com conhecimento t\u00e9cnico limitado de SEO.<\/li>\n<li><strong>Conjunto completo de ferramentas de SEO: <\/strong>Al\u00e9m de apenas identificar dados id\u00eanticos, a ferramenta faz parte de um kit de ferramentas de SEO mais amplo oferecido pelo Sitechecker, que inclui v\u00e1rios recursos para otimizar o desempenho do site nos motores de busca, abrangendo uma ampla gama de Aspectos de SEO.<\/li>\n<\/ul>\n<h2 id=\"par2\">Como usar o SEO Duplicate Content Finder?<\/h2>\n<p>O Google e outros motores de busca consideram os dados \u00fanicos o principal fator de classifica\u00e7\u00e3o. \u00c9 f\u00e1cil usar um verificador de conte\u00fado duplicado de p\u00e1gina para identificar duplicatas internas de um site inteiro.<\/p>\n<h3>Etapa 1: insira seu URL<\/h3>\n<p>Basta adicionar seu dom\u00ednio e clicar no bot\u00e3o.<\/p>\n<div class=\"content__img-wrap\"><img src=\"https:\/\/sitechecker.pro\/wp-content\/uploads\/2023\/12\/duplicate-content-checker.png\" alt=\"Verificador de conte\u00fado duplicado\" class=\"description-img description-img-zoom\" loading=\"lazy\" ><\/div>\n<div class=\"important-block\">Para receber resultados e acesso aos recursos do Sitechecker por 14 dias, inicie seu teste GRATUITO. A inscri\u00e7\u00e3o \u00e9 f\u00e1cil com seu e-mail, conta do Google ou Facebook. N\u00e3o \u00e9 necess\u00e1rio cart\u00e3o de cr\u00e9dito.<\/div>\n<h3>Etapa 2: Obtenha o resultado<\/h3>\n<p>Rastrearemos seu site e encontraremos problemas de conte\u00fado duplicado: p\u00e1ginas duplicadas sem can\u00f4nico, t\u00edtulo, h1 e descri\u00e7\u00e3o duplicados. Todos esses tipos de problemas voc\u00ea ver\u00e1 na categoria \u201cConte\u00fado duplicado\u201d nos resultados da auditoria no local.<\/p>\n<p>Uma se\u00e7\u00e3o dedicada destaca quest\u00f5es relacionadas a dados id\u00eanticos, listando problemas espec\u00edficos como t\u00edtulos duplicados, t\u00edtulos id\u00eanticos e tags em v\u00e1rias p\u00e1ginas.<\/p>\n<div class=\"content__img-wrap\"><img src=\"https:\/\/sitechecker.pro\/wp-content\/uploads\/2023\/12\/duplicate-content-issues.png\" alt=\"Problemas de conte\u00fado duplicado\" class=\"description-img description-img-zoom\" loading=\"lazy\" ><\/div>\n<p>Os usu\u00e1rios podem visualizar convenientemente os detalhes de cada problema, indicando uma interface interativa e f\u00e1cil de usar. Isso faz parte de um kit de ferramentas de SEO completo projetado para diagnosticar e orientar melhorias na otimiza\u00e7\u00e3o de sites.<\/p>\n<p>O Duplicate Content Tester fornece uma interface din\u00e2mica para identificar e resolver problemas de SEO. Ele destaca \u00e1reas cr\u00edticas, como t\u00edtulos id\u00eanticos nas p\u00e1ginas de um site, e oferece solu\u00e7\u00f5es pr\u00e1ticas. Com recursos como \u2018Visualizar problema no c\u00f3digo\u2019, a ferramenta direciona os usu\u00e1rios diretamente para os elementos em quest\u00e3o no c\u00f3digo do site.<\/p>\n<div class=\"content__img-wrap\"><img src=\"https:\/\/sitechecker.pro\/wp-content\/uploads\/2023\/12\/page-has-identical-headings.png\" alt=\"A p\u00e1gina tem t\u00edtulos id\u00eanticos\" class=\"description-img description-img-zoom\" loading=\"lazy\" ><\/div>\n<p>Al\u00e9m disso, o &#8216;Guia de como consertar&#8217; oferece um recurso abrangente, incluindo instru\u00e7\u00f5es detalhadas e recursos visuais. Ele auxilia os usu\u00e1rios a corrigir os problemas identificados com o conte\u00fado existente em sua p\u00e1gina web, melhorando a sa\u00fade geral de SEO do site.<\/p>\n<h2 id=\"par3\">Recursos adicionais do identificador de conte\u00fado duplicado<\/h2>\n<p>Ao revisitar a guia Auditoria do Site, voc\u00ea ter\u00e1 uma vis\u00e3o geral dos indicadores de integridade do seu site e identificar\u00e1 quaisquer problemas t\u00e9cnicos presentes em qualquer p\u00e1gina da web.<\/p>\n<div class=\"content__img-wrap\"><img src=\"https:\/\/sitechecker.pro\/wp-content\/uploads\/2023\/12\/site-audit-issues-list.png\" alt=\"Lista de problemas de auditoria do site\" class=\"description-img description-img-zoom\" loading=\"lazy\" ><\/div>\n<p>A ferramenta de conte\u00fado duplicado oferece uma avalia\u00e7\u00e3o abrangente de SEO, identificando problemas al\u00e9m da duplica\u00e7\u00e3o para incluir a relev\u00e2ncia dos dados. Ele detecta de forma inteligente uma s\u00e9rie de melhorias potenciais, desde atributos alt ausentes at\u00e9 estruturas de t\u00edtulos abaixo do ideal, cada uma quantificada e acion\u00e1vel por meio da interface.<\/p>\n<div class=\"content__img-wrap\"><img src=\"https:\/\/sitechecker.pro\/wp-content\/uploads\/2023\/12\/content-relevance-issues.png\" alt=\"Problemas de relev\u00e2ncia de conte\u00fado\" class=\"description-img description-img-zoom\" loading=\"lazy\" ><\/div>\n<p>O Google Duplicate Content Detector ressalta a import\u00e2ncia de ajustar todos os aspectos do conte\u00fado para alinh\u00e1-los com a inten\u00e7\u00e3o de pesquisa, contribuindo diretamente para o desempenho de SEO do site.<\/p>\n<h2 id=\"par4\">Conclus\u00e3o<\/h2>\n<p>O Website Content Checker \u00e9 uma ferramenta de SEO abrangente que oferece uma interface amig\u00e1vel e um painel unificado para webmasters identificarem e retificarem facilmente dados clonados em seus sites. Ele verifica duplicatas em t\u00edtulos, cabe\u00e7alhos e descri\u00e7\u00f5es e sugere melhorias de SEO, como a implementa\u00e7\u00e3o de URLs can\u00f4nicos. Esta ferramenta gratuita, parte do kit de ferramentas de SEO mais amplo do Sitechecker, tamb\u00e9m fornece relat\u00f3rios de auditoria detalhados com resultados precisos, o que ajuda nos par\u00e2metros gerais de SEO. Al\u00e9m disso, ao contr\u00e1rio de muitas outras ferramentas, inclui um &#8216;guia pr\u00e1tico&#8217; para resolver problemas. A ferramenta melhora o desempenho do site e a sa\u00fade do SEO, garantindo a exclusividade dos dados, um fator cr\u00edtico nas classifica\u00e7\u00f5es dos mecanismos de pesquisa.<\/p>\n<div id=\"par5\"><\/div>\n<p><div class=\"front__faq-block\"><div class=\"faq__block-title\">FAQ<\/div><div class=\"panel-group\" id=\"faq-accordion\" itemscope itemtype=\"https:\/\/schema.org\/FAQPage\" role=\"tablist\" aria-multiselectable=\"true\"><div class=\"panel\" itemscope itemtype=\"https:\/\/schema.org\/Question\" itemprop=\"mainEntity\">\n                            <div class=\"panel-heading\" id=\"headingFaq-1\">\n                                <div class=\"panel-title\" data-toggle=\"collapse\" aria-expanded=\"false\" href=\"#collapseFaq-1\">\n                                    <h3 itemprop=\"name\">\u00c9 poss\u00edvel automatizar verifica\u00e7\u00f5es regulares de conte\u00fado duplicado?<\/h3>\n                                <\/div>\n                            <\/div>\n                            <div id=\"collapseFaq-1\" class=\"panel-collapse collapse\" itemprop=\"acceptedAnswer\" itemscope itemtype=\"http:\/\/schema.org\/Answer\">\n                                <div class=\"panel-body\" itemprop=\"text\">A ferramenta oferece recursos como rastreamento autom\u00e1tico, que pode ser programado para verificar automaticamente problemas de repeti\u00e7\u00e3o de dados em intervalos regulares.<\/div>\n                            <\/div>\n                        <\/div><div class=\"panel\" itemscope itemtype=\"https:\/\/schema.org\/Question\" itemprop=\"mainEntity\">\n                            <div class=\"panel-heading\" id=\"headingFaq-2\">\n                                <div class=\"panel-title\" data-toggle=\"collapse\" aria-expanded=\"false\" href=\"#collapseFaq-2\">\n                                    <h3 itemprop=\"name\">Como o Verificador de Conte\u00fado Duplicado Online ajuda no SEO?<\/h3>\n                                <\/div>\n                            <\/div>\n                            <div id=\"collapseFaq-2\" class=\"panel-collapse collapse\" itemprop=\"acceptedAnswer\" itemscope itemtype=\"http:\/\/schema.org\/Answer\">\n                                <div class=\"panel-body\" itemprop=\"text\">Ao identificar e permitir a corre\u00e7\u00e3o da repeti\u00e7\u00e3o de dados, a ferramenta ajuda a melhorar o SEO de um site, pois o conte\u00fado exclusivo \u00e9 um fator de classifica\u00e7\u00e3o significativo para os motores de busca.<\/div>\n                            <\/div>\n                        <\/div><div class=\"panel\" itemscope itemtype=\"https:\/\/schema.org\/Question\" itemprop=\"mainEntity\">\n                            <div class=\"panel-heading\" id=\"headingFaq-3\">\n                                <div class=\"panel-title\" data-toggle=\"collapse\" aria-expanded=\"false\" href=\"#collapseFaq-3\">\n                                    <h3 itemprop=\"name\">A ferramenta fornece orienta\u00e7\u00e3o sobre como resolver problemas de SEO detectados?<\/h3>\n                                <\/div>\n                            <\/div>\n                            <div id=\"collapseFaq-3\" class=\"panel-collapse collapse\" itemprop=\"acceptedAnswer\" itemscope itemtype=\"http:\/\/schema.org\/Answer\">\n                                <div class=\"panel-body\" itemprop=\"text\">Sim, o Verificador de Conte\u00fado Duplicado inclui um \"Guia de como corrigir\" com instru\u00e7\u00f5es detalhadas, exemplos e, \u00e0s vezes, v\u00eddeos para ajudar a resolver problemas identificados.<\/div>\n                            <\/div>\n                        <\/div><\/div><\/div><\/p>","protected":false},"excerpt":{"rendered":"O que \u00e9 um verificador de conte\u00fado duplicado? O Website Duplicate Checker da Sitechecker \u00e9 uma ferramenta gratuita que identifica conte\u00fado duplicado em sites. Ele rastreia seu site, encontra problemas duplicados em t\u00edtulos, cabe\u00e7alhos e descri\u00e7\u00f5es e fornece um relat\u00f3rio de auditoria detalhado. Com ele, voc\u00ea pode categorizar problemas duplicados e obter solu\u00e7\u00f5es, como usar&#8230;","protected":false},"author":10409641,"featured_media":3774,"parent":0,"menu_order":0,"comment_status":"closed","ping_status":"closed","template":"pages-templates\/pages-minitools.php","meta":[],"categories":[70],"tags":[],"_links":{"self":[{"href":"https:\/\/sitechecker.pro\/pt\/wp-json\/wp\/v2\/pages\/3560"}],"collection":[{"href":"https:\/\/sitechecker.pro\/pt\/wp-json\/wp\/v2\/pages"}],"about":[{"href":"https:\/\/sitechecker.pro\/pt\/wp-json\/wp\/v2\/types\/page"}],"author":[{"embeddable":true,"href":"https:\/\/sitechecker.pro\/pt\/wp-json\/wp\/v2\/users\/10409641"}],"replies":[{"embeddable":true,"href":"https:\/\/sitechecker.pro\/pt\/wp-json\/wp\/v2\/comments?post=3560"}],"version-history":[{"count":16,"href":"https:\/\/sitechecker.pro\/pt\/wp-json\/wp\/v2\/pages\/3560\/revisions"}],"predecessor-version":[{"id":39380,"href":"https:\/\/sitechecker.pro\/pt\/wp-json\/wp\/v2\/pages\/3560\/revisions\/39380"}],"wp:featuredmedia":[{"embeddable":true,"href":"https:\/\/sitechecker.pro\/pt\/wp-json\/wp\/v2\/media\/3774"}],"wp:attachment":[{"href":"https:\/\/sitechecker.pro\/pt\/wp-json\/wp\/v2\/media?parent=3560"}],"wp:term":[{"taxonomy":"category","embeddable":true,"href":"https:\/\/sitechecker.pro\/pt\/wp-json\/wp\/v2\/categories?post=3560"},{"taxonomy":"post_tag","embeddable":true,"href":"https:\/\/sitechecker.pro\/pt\/wp-json\/wp\/v2\/tags?post=3560"}],"curies":[{"name":"wp","href":"https:\/\/api.w.org\/{rel}","templated":true}]}}