{"id":349,"date":"2017-11-20T12:28:18","date_gmt":"2017-11-20T12:28:18","guid":{"rendered":"https:\/\/sitechecker.pro\/?page_id=349"},"modified":"2026-02-18T14:52:40","modified_gmt":"2026-02-18T14:52:40","slug":"h1-tag","status":"publish","type":"page","link":"https:\/\/sitechecker.pro\/pt\/h1-tag\/","title":{"rendered":"H1 Tag Checker | Encontrar H1 na p\u00e1gina ou em todo o site \u2611"},"content":{"rendered":"<p><\/p>\n<h2 id=\"par1\">O que \u00e9 o H1 Tag Checker?<\/h2>\n<p>O H1 Tag Checker do <a href=\"https:\/\/sitechecker.pro\/\" target=\"_blank\" rel=\"noopener noreferrer\">Sitechecker<\/a> \u00e9 uma ferramenta online concebida para analisar p\u00e1ginas espec\u00edficas e sites inteiros quanto \u00e0 presen\u00e7a do atributo <a href=\"https:\/\/sitechecker.pro\/h1-tag-requirements-writing-properly\/\" target=\"_blank\" rel=\"noopener noreferrer\">cabe\u00e7alho da p\u00e1gina<\/a> . Ajuda a verificar se as suas p\u00e1ginas web t\u00eam uma etiqueta H1 definida e problemas relacionados com a relev\u00e2ncia do conte\u00fado.<\/p>\n<h3>Como \u00e9 que a ferramenta o pode ajudar?<\/h3>\n<p><strong>Verifica\u00e7\u00e3o de etiquetas H1 espec\u00edficas da p\u00e1gina:<\/strong> analisa p\u00e1ginas web individuais para detetar a presen\u00e7a e os atributos do t\u00edtulo principal, ajudando os utilizadores a garantir que os seus cabe\u00e7alhos prim\u00e1rios est\u00e3o definidos corretamente para a otimiza\u00e7\u00e3o SEO.<\/p>\n<p><strong>Insights sobre os atributos das etiquetas:<\/strong> fornece informa\u00e7\u00f5es detalhadas sobre os principais cabe\u00e7alhos encontrados, incluindo a sua contagem e comprimento, e destaca quaisquer potenciais problemas que possam afetar o desempenho do SEO.<\/p>\n<p><strong>An\u00e1lise de dom\u00ednio completo:<\/strong> digitalize um website inteiro para identificar a utiliza\u00e7\u00e3o da etiqueta H1 em todas as p\u00e1ginas, facilitando uma <a href=\"https:\/\/sitechecker.pro\/on-page-seo-checker\/\" target=\"_blank\" rel=\"noopener noreferrer\">auditoria SEO<\/a> abrangente.<\/p>\n<h3>Principais caracter\u00edsticas da ferramenta<\/h3>\n<p><strong>Painel unificado:<\/strong> fornece uma vis\u00e3o geral abrangente do desempenho do SEO, incluindo a integridade do website, estat\u00edsticas de tr\u00e1fego e an\u00e1lise de backlinks, permitindo uma f\u00e1cil monitoriza\u00e7\u00e3o e tomada de decis\u00f5es.<\/p>\n<p><strong>Interface amig\u00e1vel:<\/strong> concebida para uma navega\u00e7\u00e3o intuitiva, tornando-a acess\u00edvel tanto para principiantes como para especialistas para gerir e implementar estrat\u00e9gias de SEO de forma eficaz.<\/p>\n<p><strong>Conjunto completo de ferramentas de SEO:<\/strong> oferece uma ampla variedade de ferramentas que abrangem a pesquisa de palavras-chave, auditorias de websites, an\u00e1lise de backlinks e monitoriza\u00e7\u00e3o de desempenho para abordar todos os aspetos da otimiza\u00e7\u00e3o de SEO de forma abrangente.<\/p>\n<h2 id=\"par2\">Como utilizar o H1 Finder<\/h2>\n<p>A ferramenta disponibiliza dois tipos de verifica\u00e7\u00f5es: uma para p\u00e1ginas individuais e outra para todo o dom\u00ednio. Fornece informa\u00e7\u00f5es sobre a presen\u00e7a, contagem e comprimento dos t\u00edtulos principais, bem como outras quest\u00f5es relacionadas. Selecione a op\u00e7\u00e3o pretendida para come\u00e7ar.<\/p>\n<div class=\"content__img-wrap\"><img src=\"https:\/\/sitechecker.pro\/wp-content\/uploads\/2024\/07\/check-h1-audit-option.png\" alt=\"Verificar op\u00e7\u00e3o de auditoria H1\" class=\"description-img description-img-zoom\" loading=\"lazy\" ><\/div>\n<h3>Verifica\u00e7\u00e3o de dom\u00ednio<\/h3>\n<h4>Passo 1: Introduza o seu dom\u00ednio<\/h4>\n<p>Para verificar um dom\u00ednio, basta premir o bot\u00e3o \u201cverificar dom\u00ednio\u201d e introduzir o URL pretendido.<\/p>\n<div class=\"content__img-wrap\"><img src=\"https:\/\/sitechecker.pro\/wp-content\/uploads\/2024\/07\/check-h1-all-pages.png\" alt=\"Verificar H1 Todas as P\u00e1ginas\" class=\"description-img description-img-zoom\" loading=\"lazy\" ><\/div>\n<div class=\"important-block\">Para receber resultados e acesso \u00e0s funcionalidades do Sitechecker durante 14 dias, inicie o seu teste GRATUITO. \u00c9 f\u00e1cil registar-se com o seu e-mail, conta Google ou Facebook. N\u00e3o \u00e9 necess\u00e1rio cart\u00e3o de cr\u00e9dito.<\/div>\n<h4>Passo 2: Interpretar os resultados do verificador de etiquetas H1 atrav\u00e9s da verifica\u00e7\u00e3o de dom\u00ednio<\/h4>\n<p>A verifica\u00e7\u00e3o que realizar ir\u00e1 gerar uma auditoria para o dom\u00ednio, revelando v\u00e1rios problemas com o conte\u00fado, como H1, T\u00edtulo e Descri\u00e7\u00e3o. Ao clicar em qualquer \u00e1rea problem\u00e1tica \u2013 por exemplo, uma etiqueta T\u00edtulo 1 que n\u00e3o esteja corretamente formatada \u2013 pode ver quais as p\u00e1ginas afetadas; desta forma facilitamos a identifica\u00e7\u00e3o de erros sem ter de vasculhar milhares de p\u00e1ginas web!<\/p>\n<div class=\"content__img-wrap\"><img src=\"https:\/\/sitechecker.pro\/wp-content\/uploads\/2024\/07\/h1-tag-issues.png\" alt=\"Problemas com a etiqueta H1\" class=\"description-img description-img-zoom\" loading=\"lazy\" ><\/div>\n<h4>Caracter\u00edsticas adicionais do verificador H1 de dom\u00ednio\/site<\/h4>\n<p>Ao verificar o seu dom\u00ednio, receber\u00e1 um relat\u00f3rio de auditoria completo do website. Este relat\u00f3rio ir\u00e1 ajud\u00e1-lo a identificar diferentes tipos de problemas no seu website e fornecer-lhe-\u00e1 instru\u00e7\u00f5es sobre como corrigi-los.<\/p>\n<p>Pode visualizar os problemas por tipo, como Cr\u00edticos, Avisos, Oportunidades ou Avisos. Tamb\u00e9m pode visualiz\u00e1-los por categoria, como Links, Indexabilidade, Relev\u00e2ncia do conte\u00fado, etc. Isto permite-lhe <a href=\"https:\/\/sitechecker.pro\/website-defacement-monitoring\/\" data-wpil-monitor-id=\"99\">segmentar e resolver os problemas mais importantes para o sucesso do seu website<\/a>.<\/p>\n<div class=\"content__img-wrap\"><img src=\"https:\/\/sitechecker.pro\/wp-content\/uploads\/2024\/07\/issues-list.png\" alt=\"Lista de problemas\" class=\"description-img description-img-zoom\" loading=\"lazy\" ><\/div>\n<p>N\u00e3o perca a oportunidade de descarregar a extens\u00e3o do browser Chrome que conta com as funcionalidades de verifica\u00e7\u00e3o de tags. Adicione-o ao seu painel de extens\u00f5es enquanto o seu site \u00e9 digitalizado.<\/p>\n<h3>Verifica\u00e7\u00e3o de p\u00e1gina<\/h3>\n<h4>Passo 1: Introduza o seu URL<\/h4>\n<p>Se pretender verificar uma p\u00e1gina espec\u00edfica, pode utilizar a op\u00e7\u00e3o verificar p\u00e1gina no seletor. Introduza o URL da p\u00e1gina que pretende analisar e inicie a digitaliza\u00e7\u00e3o.<\/p>\n<div class=\"content__img-wrap\"><img src=\"https:\/\/sitechecker.pro\/wp-content\/uploads\/2024\/07\/check-h1-page.png\" alt=\"Verificar p\u00e1gina H1\" class=\"description-img description-img-zoom\" loading=\"lazy\" ><\/div>\n<h4>Passo 2: Interpretar os resultados do testador de etiquetas H1 atrav\u00e9s da verifica\u00e7\u00e3o de p\u00e1gina<\/h4>\n<p>A ferramenta H1 Checker ir\u00e1 fornecer uma auditoria do URL inserido, com um bloco aberto de informa\u00e7\u00e3o sobre o conte\u00fado. A\u00ed, poder\u00e1 descobrir H1, a sua contagem, comprimento e se H1=T\u00edtulo.<\/p>\n<div class=\"content__img-wrap\"><img src=\"https:\/\/sitechecker.pro\/wp-content\/uploads\/2024\/07\/on-page-seo-checker-h1.png\" alt=\"Verificador SEO na p\u00e1gina H1\" class=\"description-img description-img-zoom\" loading=\"lazy\" ><\/div>\n<p>Rever apenas uma p\u00e1gina n\u00e3o oferece uma imagem completa da configura\u00e7\u00e3o do cabe\u00e7alho principal no seu website. Consulte a sec\u00e7\u00e3o inicial deste guia para saber como uma verifica\u00e7\u00e3o de dom\u00ednio o pode ajudar a identificar todas as etiquetas H1 no seu website e a localizar quaisquer erros de relev\u00e2ncia de conte\u00fado.<\/p>\n<p>Est\u00e1 tamb\u00e9m convidado a explorar o nosso projeto de demonstra\u00e7\u00e3o; basta navegar at\u00e9 ao separador de auditoria do site para descobrir as funcionalidades da ferramenta. Inicie uma auditoria abrangente do website imediatamente clicando no bot\u00e3o &#8220;Auditoria completa do website&#8221; no pop-up.<\/p>\n<h4>Caracter\u00edsticas adicionais<\/h4>\n<p>O painel de navega\u00e7\u00e3o de ferramentas de um verificador de etiquetas de p\u00e1gina H1 com v\u00e1rias caracter\u00edsticas para melhorar o desempenho de pesquisa de um website. A fun\u00e7\u00e3o &#8220;Links&#8221; examina a estrutura de links internos e externos do site. Uma &#8220;Vis\u00e3o geral de problemas&#8221; compila uma lista categorizada de problemas que afetam a otimiza\u00e7\u00e3o do website. A &#8220;Otimiza\u00e7\u00e3o de Conte\u00fado&#8221; oferece estrat\u00e9gias para refinar o conte\u00fado da web para aumentar a relev\u00e2ncia e o envolvimento.<\/p>\n<p>A sec\u00e7\u00e3o &#8220;Dados Estruturados&#8221; gere dados que ajudam os motores de busca a compreender e exibir melhor o conte\u00fado. As &#8220;imagens&#8221; podem analisar elementos visuais para garantir que est\u00e3o otimizados para os motores de busca. A &#8220;Otimiza\u00e7\u00e3o de Pesquisa&#8221; abrange uma gama mais ampla de t\u00e1ticas de SEO.<\/p>\n<p>Por fim, o &#8220;PageSpeed \u200b\u200b\u200b\u200bInsights&#8221; mede m\u00e9tricas de desempenho do website, essenciais para a experi\u00eancia do utilizador e classifica\u00e7\u00e3o SEO. Este painel reflete um conjunto robusto de ferramentas destinadas a fornecer uma auditoria SEO detalhada e acion\u00e1vel.<\/p>\n<div class=\"content__img-wrap\"><img src=\"https:\/\/sitechecker.pro\/wp-content\/uploads\/2024\/07\/issues-overview.png\" alt=\"Vis\u00e3o geral dos problemas\" class=\"description-img description-img-zoom\" loading=\"lazy\" ><\/div>\n<h2 id=\"par3\">Ideia Final<\/h2>\n<p>O H1 Tag Checker \u00e9 uma ferramenta online especializada para analisar tags H1 em p\u00e1ginas web e em sites inteiros. Oferece um processo simples para verificar se as p\u00e1ginas web implementaram corretamente as tags H1, que s\u00e3o cruciais para a otimiza\u00e7\u00e3o SEO. A ferramenta fornece insights sobre a presen\u00e7a da etiqueta H1, atributos e poss\u00edveis problemas que afetam o SEO. Al\u00e9m disso, apresenta uma interface de f\u00e1cil utiliza\u00e7\u00e3o e um painel unificado para um conjunto de ferramentas de SEO abrangente. Os utilizadores podem realizar uma verifica\u00e7\u00e3o de dom\u00ednio para uma auditoria SEO ampla ou uma verifica\u00e7\u00e3o de p\u00e1gina para an\u00e1lise direcionada, com a op\u00e7\u00e3o de explorar recursos adicionais para uma melhoria completa do desempenho de pesquisa.<\/p>\n<div id=\"par4\"><\/div>\n<p><div class=\"front__faq-block\"><div class=\"faq__block-title\">FAQ<\/div><div class=\"panel-group\" id=\"faq-accordion\" itemscope itemtype=\"https:\/\/schema.org\/FAQPage\" role=\"tablist\" aria-multiselectable=\"true\"><div class=\"panel\" itemscope itemtype=\"https:\/\/schema.org\/Question\" itemprop=\"mainEntity\">\n                            <div class=\"panel-heading\" id=\"headingFaq-1\">\n                                <div class=\"panel-title\" data-toggle=\"collapse\" aria-expanded=\"false\" href=\"#collapseFaq-1\">\n                                    <h3 itemprop=\"name\">Posso analisar o cabe\u00e7alho principal de uma p\u00e1gina web espec\u00edfica com o H1 Tag Analyser?<\/h3>\n                                <\/div>\n                            <\/div>\n                            <div id=\"collapseFaq-1\" class=\"panel-collapse collapse\" itemprop=\"acceptedAnswer\" itemscope itemtype=\"http:\/\/schema.org\/Answer\">\n                                <div class=\"panel-body\" itemprop=\"text\">Sim, o H1 Tag Checker permite a an\u00e1lise de p\u00e1ginas web espec\u00edficas, inserindo o URL e verificando o cabe\u00e7alho principal.<\/div>\n                            <\/div>\n                        <\/div><div class=\"panel\" itemscope itemtype=\"https:\/\/schema.org\/Question\" itemprop=\"mainEntity\">\n                            <div class=\"panel-heading\" id=\"headingFaq-2\">\n                                <div class=\"panel-title\" data-toggle=\"collapse\" aria-expanded=\"false\" href=\"#collapseFaq-2\">\n                                    <h3 itemprop=\"name\">\u00c9 necess\u00e1ria uma conta para utilizar o Verificador de comprimento H1 para p\u00e1ginas individuais?<\/h3>\n                                <\/div>\n                            <\/div>\n                            <div id=\"collapseFaq-2\" class=\"panel-collapse collapse\" itemprop=\"acceptedAnswer\" itemscope itemtype=\"http:\/\/schema.org\/Answer\">\n                                <div class=\"panel-body\" itemprop=\"text\">N\u00e3o, pode obter um relat\u00f3rio instant\u00e2neo para uma \u00fanica p\u00e1gina web sem precisar de uma conta.<\/div>\n                            <\/div>\n                        <\/div><div class=\"panel\" itemscope itemtype=\"https:\/\/schema.org\/Question\" itemprop=\"mainEntity\">\n                            <div class=\"panel-heading\" id=\"headingFaq-3\">\n                                <div class=\"panel-title\" data-toggle=\"collapse\" aria-expanded=\"false\" href=\"#collapseFaq-3\">\n                                    <h3 itemprop=\"name\">Como \u00e9 que o Heading Tag Checker melhora o SEO?<\/h3>\n                                <\/div>\n                            <\/div>\n                            <div id=\"collapseFaq-3\" class=\"panel-collapse collapse\" itemprop=\"acceptedAnswer\" itemscope itemtype=\"http:\/\/schema.org\/Answer\">\n                                <div class=\"panel-body\" itemprop=\"text\">A ferramenta verifica a implementa\u00e7\u00e3o adequada das tags H1, que s\u00e3o essenciais para o SEO, analisando a sua presen\u00e7a, atributos e quaisquer problemas que possam afetar as classifica\u00e7\u00f5es dos motores de busca.<\/div>\n                            <\/div>\n                        <\/div><div class=\"panel\" itemscope itemtype=\"https:\/\/schema.org\/Question\" itemprop=\"mainEntity\">\n                            <div class=\"panel-heading\" id=\"headingFaq-4\">\n                                <div class=\"panel-title\" data-toggle=\"collapse\" aria-expanded=\"false\" href=\"#collapseFaq-4\">\n                                    <h3 itemprop=\"name\">O Heading Finder oferece uma auditoria abrangente do website?<\/h3>\n                                <\/div>\n                            <\/div>\n                            <div id=\"collapseFaq-4\" class=\"panel-collapse collapse\" itemprop=\"acceptedAnswer\" itemscope itemtype=\"http:\/\/schema.org\/Answer\">\n                                <div class=\"panel-body\" itemprop=\"text\">Sim, a ferramenta pode digitalizar um dom\u00ednio inteiro para fornecer uma auditoria completa do website, identificando a utiliza\u00e7\u00e3o da etiqueta H1 e outros problemas de conte\u00fado relacionados em todas as p\u00e1ginas.<\/div>\n                            <\/div>\n                        <\/div><div class=\"panel\" itemscope itemtype=\"https:\/\/schema.org\/Question\" itemprop=\"mainEntity\">\n                            <div class=\"panel-heading\" id=\"headingFaq-5\">\n                                <div class=\"panel-title\" data-toggle=\"collapse\" aria-expanded=\"false\" href=\"#collapseFaq-5\">\n                                    <h3 itemprop=\"name\">Pode o SEO Heading Checker ajudar a corrigir os problemas de SEO detectados?<\/h3>\n                                <\/div>\n                            <\/div>\n                            <div id=\"collapseFaq-5\" class=\"panel-collapse collapse\" itemprop=\"acceptedAnswer\" itemscope itemtype=\"http:\/\/schema.org\/Answer\">\n                                <div class=\"panel-body\" itemprop=\"text\">A ferramenta n\u00e3o s\u00f3 identifica problemas de SEO, como tamb\u00e9m fornece instru\u00e7\u00f5es e estrat\u00e9gias sobre como corrigi-los para melhorar o desempenho do seu website.<\/div>\n                            <\/div>\n                        <\/div><\/div><\/div><\/p>","protected":false},"excerpt":{"rendered":"O que \u00e9 o H1 Tag Checker? O H1 Tag Checker do Sitechecker \u00e9 uma ferramenta online concebida para analisar p\u00e1ginas espec\u00edficas e sites inteiros quanto \u00e0 presen\u00e7a do atributo cabe\u00e7alho da p\u00e1gina . Ajuda a verificar se as suas p\u00e1ginas web t\u00eam uma etiqueta H1 definida e problemas relacionados com a relev\u00e2ncia do conte\u00fado&#8230;.","protected":false},"author":11474150,"featured_media":3427,"parent":0,"menu_order":0,"comment_status":"closed","ping_status":"closed","template":"pages-templates\/pages-minitools-3.php","meta":[],"categories":[70],"tags":[],"_links":{"self":[{"href":"https:\/\/sitechecker.pro\/pt\/wp-json\/wp\/v2\/pages\/349"}],"collection":[{"href":"https:\/\/sitechecker.pro\/pt\/wp-json\/wp\/v2\/pages"}],"about":[{"href":"https:\/\/sitechecker.pro\/pt\/wp-json\/wp\/v2\/types\/page"}],"author":[{"embeddable":true,"href":"https:\/\/sitechecker.pro\/pt\/wp-json\/wp\/v2\/users\/11474150"}],"replies":[{"embeddable":true,"href":"https:\/\/sitechecker.pro\/pt\/wp-json\/wp\/v2\/comments?post=349"}],"version-history":[{"count":92,"href":"https:\/\/sitechecker.pro\/pt\/wp-json\/wp\/v2\/pages\/349\/revisions"}],"predecessor-version":[{"id":39341,"href":"https:\/\/sitechecker.pro\/pt\/wp-json\/wp\/v2\/pages\/349\/revisions\/39341"}],"wp:featuredmedia":[{"embeddable":true,"href":"https:\/\/sitechecker.pro\/pt\/wp-json\/wp\/v2\/media\/3427"}],"wp:attachment":[{"href":"https:\/\/sitechecker.pro\/pt\/wp-json\/wp\/v2\/media?parent=349"}],"wp:term":[{"taxonomy":"category","embeddable":true,"href":"https:\/\/sitechecker.pro\/pt\/wp-json\/wp\/v2\/categories?post=349"},{"taxonomy":"post_tag","embeddable":true,"href":"https:\/\/sitechecker.pro\/pt\/wp-json\/wp\/v2\/tags?post=349"}],"curies":[{"name":"wp","href":"https:\/\/api.w.org\/{rel}","templated":true}]}}