{"id":30462,"date":"2024-02-12T13:39:47","date_gmt":"2024-02-12T13:39:47","guid":{"rendered":"https:\/\/sitechecker.pro\/?page_id=30462"},"modified":"2025-04-28T16:22:19","modified_gmt":"2025-04-28T16:22:19","slug":"html-source-code-viewer-inspect-code-identify-issues","status":"publish","type":"page","link":"https:\/\/sitechecker.pro\/pt\/html-source-code-viewer\/","title":{"rendered":"Visualizador de C\u00f3digo Fonte HTML | Inspecionar o seu c\u00f3digo e identificar problemas"},"content":{"rendered":"<p><\/p>\n<h2 id=\"par1\">O que \u00e9 o Visualizador de c\u00f3digo-fonte HTML?<\/h2>\n<p>O Visualizador de C\u00f3digo-fonte HTML do <a href=\"https:\/\/sitechecker.pro\/\" target=\"_blank\" rel=\"noopener noreferrer\">Sitechecker<\/a> \u00e9 uma ferramenta concebida para inspecionar e analisar o <a href=\"https:\/\/sitechecker.pro\/what-is-html\/\" target=\"_blank\" rel=\"noopener noreferrer\">c\u00f3digo HTML<\/a> de um website, incluindo p\u00e1ginas espec\u00edficas, para identificar problemas de valida\u00e7\u00e3o de c\u00f3digo. Auxilia na compreens\u00e3o das estruturas das p\u00e1ginas web, valida problemas e melhora o desempenho do website, examinando o c\u00f3digo-fonte que os navegadores utilizam para exibir os websites.<\/p>\n<h3>Como \u00e9 que o Verificador de c\u00f3digo-fonte HTML o pode ajudar?<\/h3>\n<p><strong>Inspecionar c\u00f3digo HTML:<\/strong> implica observar a estrutura, a sintaxe e o conte\u00fado HTML de qualquer p\u00e1gina do website. Possibilidade de copiar o c\u00f3digo e encontrar elementos espec\u00edficos.<\/p>\n<p><strong>Identifica\u00e7\u00e3o de problemas:<\/strong> examine o HTML do seu website para localizar erros ou \u00e1reas que necessitem de melhorias.<\/p>\n<p><strong>Valida\u00e7\u00e3o regular da integridade do c\u00f3digo HTML:<\/strong> facilita a dete\u00e7\u00e3o consistente de erros no c\u00f3digo, gera relat\u00f3rios de valida\u00e7\u00e3o e prioriza erros para resolu\u00e7\u00e3o subsequente.<\/p>\n<h3>Principais caracter\u00edsticas da ferramenta<\/h3>\n<p><strong>Painel unificado:<\/strong> fornece uma vis\u00e3o geral abrangente da sa\u00fade de SEO e das m\u00e9tricas de desempenho do seu website num local central. Permite a f\u00e1cil monitoriza\u00e7\u00e3o de indicadores-chave, como a an\u00e1lise de tr\u00e1fego, a qualidade dos backlinks e a velocidade do website, facilitando avalia\u00e7\u00f5es e decis\u00f5es r\u00e1pidas.<\/p>\n<p><strong>Interface amig\u00e1vel:<\/strong> concebida com uma interface simples e intuitiva, tornando-a acess\u00edvel a utilizadores de todos os n\u00edveis de habilidade. Esta facilidade de utiliza\u00e7\u00e3o garante que a navega\u00e7\u00e3o pelos v\u00e1rios recursos e ferramentas \u00e9 simples, melhorando a experi\u00eancia geral do utilizador.<\/p>\n<p><strong>Conjunto completo de ferramentas de SEO:<\/strong> oferece um amplo conjunto de ferramentas de SEO, abrangendo desde a pesquisa de palavras-chave e <a href=\"https:\/\/sitechecker.pro\/on-page-seo-checker\/\" target=\"_blank\" rel=\"noopener noreferrer\">an\u00e1lise de SEO on-page<\/a> at\u00e9 ao rastreio de backlinks e auditorias de websites. Este conjunto de ferramentas abrangente permite abordar todos os aspetos de SEO a partir de uma \u00fanica plataforma, simplificando o processo de otimiza\u00e7\u00e3o para melhores classifica\u00e7\u00f5es e visibilidade nos motores de busca.<\/p>\n<h2 id=\"par2\">Como utilizar a ferramenta<\/h2>\n<p>Para realizar uma verifica\u00e7\u00e3o, selecione a op\u00e7\u00e3o pretendida: verificar todo o site ou uma p\u00e1gina espec\u00edfica. A verifica\u00e7\u00e3o de todo o site permite identificar erros comuns de c\u00f3digo HTML, observar as tend\u00eancias desses erros no seu site e receber recomenda\u00e7\u00f5es para a sua resolu\u00e7\u00e3o. A valida\u00e7\u00e3o de uma \u00fanica p\u00e1gina proporciona uma avalia\u00e7\u00e3o imediata da estrutura HTML.<\/p>\n<div class=\"content__img-wrap\"><img src=\"https:\/\/sitechecker.pro\/wp-content\/uploads\/2024\/08\/1-HTML-selector-min-1.png\" alt=\"Escolher funil\" class=\"description-img description-img-zoom\" loading=\"lazy\" ><\/div>\n<h2 id=\"par3\">Verifica\u00e7\u00e3o de dom\u00ednios<\/h2>\n<h3>Passo 1: Para iniciar a verifica\u00e7\u00e3o do dom\u00ednio, clique no bot\u00e3o relevante para iniciar o processo<\/h3>\n<div class=\"content__img-wrap\"><img src=\"https:\/\/sitechecker.pro\/wp-content\/uploads\/2024\/08\/2-HTML-code-website-check-min-1.png\" alt=\"Verifica\u00e7\u00e3o do funil de dom\u00ednio\" class=\"description-img description-img-zoom\" loading=\"lazy\" ><\/div>\n<h3>Passo 2: Obter resultados<\/h3>\n<p>O software online HTML Source Code Viewer \u00e9 uma ferramenta abrangente que exibe v\u00e1rios aspetos da sa\u00fade do website.<\/p>\n<p>A ferramenta \u00e9 dedicada a uma lista de problemas, que detalha problemas HTML espec\u00edficos que afetam o website, desde problemas de dados estruturados a atributos duplicados, e mostra o n\u00famero de p\u00e1ginas impactadas. Esta sec\u00e7\u00e3o \u00e9 complementada por uma \u00e1rea que confirma quais as verifica\u00e7\u00f5es que o site passou, indicando um atestado de sa\u00fade em determinados aspetos.<\/p>\n<p>Na parte superior, pode encontrar op\u00e7\u00f5es para a\u00e7\u00f5es imediatas, como iniciar um novo rastreio, descarregar um relat\u00f3rio PDF ou exportar as conclus\u00f5es para an\u00e1lise posterior. Um resumo das m\u00e9tricas fornece um instant\u00e2neo r\u00e1pido do estado do website, indicando o n\u00famero de problemas cr\u00edticos, avisos e notifica\u00e7\u00f5es, juntamente com uma pontua\u00e7\u00e3o din\u00e2mica do website que avalia a sa\u00fade geral numa escala de 0 a 100.<\/p>\n<div class=\"content__img-wrap\"><img src=\"https:\/\/sitechecker.pro\/wp-content\/uploads\/2024\/02\/code-validation-issues.png\" alt=\"Problemas de valida\u00e7\u00e3o de c\u00f3digo\" class=\"description-img description-img-zoom\" loading=\"lazy\" ><\/div>\n<h3>Recursos adicionais<\/h3>\n<p>Clicar no bot\u00e3o &#8220;Ver todas as p\u00e1ginas&#8221; leva-o para um ecr\u00e3 que exibe uma lista das p\u00e1ginas do seu website, juntamente com op\u00e7\u00f5es de filtragem para localizar rapidamente o que precisa. Ao selecionar qualquer p\u00e1gina, ver\u00e1 detalhes do seu estado t\u00e9cnico e ter\u00e1 a op\u00e7\u00e3o de examinar os dados HTML, copi\u00e1-los ou encontrar elementos espec\u00edficos.<\/p>\n<div class=\"content__img-wrap\"><img src=\"https:\/\/sitechecker.pro\/wp-content\/uploads\/2024\/02\/html-source-code.png\" alt=\"C\u00f3digo fonte HTML\" class=\"description-img description-img-zoom\" loading=\"lazy\" ><\/div>\n<h2 id=\"par4\">Inspecionar o c\u00f3digo HTML de uma p\u00e1gina espec\u00edfica<\/h2>\n<h3>Passo 1: Escolha a op\u00e7\u00e3o de auditoria de p\u00e1gina<\/h3>\n<div class=\"content__img-wrap\"><img src=\"https:\/\/sitechecker.pro\/wp-content\/uploads\/2024\/08\/3-Get-Page-HTML-code-min-1.png\" alt=\"Verifica\u00e7\u00e3o do funil da p\u00e1gina\" class=\"description-img description-img-zoom\" loading=\"lazy\" ><\/div>\n<h3>Passo 2: Obter resultados<\/h3>\n<p>\u00c0 direita, a ferramenta apresenta uma vista dividida. Um dos lados exibe o c\u00f3digo HTML da p\u00e1gina verificada, permitindo inspecionar a fonte diretamente na ferramenta. A sec\u00e7\u00e3o de dados HTML inclui a declara\u00e7\u00e3o doctype, o atributo language, o meta charset e uma s\u00e9rie de tags de liga\u00e7\u00e3o alternativas para diferentes vers\u00f5es de language, indicando uma configura\u00e7\u00e3o de site multilingue. O outro lado da visualiza\u00e7\u00e3o dividida destina-se \u00e0 informa\u00e7\u00e3o do cabe\u00e7alho HTTP, que seria essencial para diagnosticar problemas relacionados com as respostas do servidor e a acessibilidade da p\u00e1gina.<\/p>\n<div class=\"content__img-wrap\"><img src=\"https:\/\/sitechecker.pro\/wp-content\/uploads\/2024\/02\/page-html.png\" alt=\"HTML da p\u00e1gina\" class=\"description-img description-img-zoom\" loading=\"lazy\" ><\/div>\n<p>Para uma compreens\u00e3o abrangente das caracter\u00edsticas da ferramenta para al\u00e9m da an\u00e1lise do c\u00f3digo HTML de uma \u00fanica p\u00e1gina, consulte os ecr\u00e3s de verifica\u00e7\u00e3o de dom\u00ednio detalhados na sec\u00e7\u00e3o de abertura do guia sobre como executar uma verifica\u00e7\u00e3o de dom\u00ednio.<\/p>\n<div class=\"content__img-wrap\"><img src=\"https:\/\/sitechecker.pro\/wp-content\/uploads\/2024\/02\/run-full-website-audit_65ca1cb6765ae.png\" alt=\"Executar auditoria completa do site\" class=\"description-img description-img-zoom\" loading=\"lazy\" ><\/div>\n<p>Em alternativa, pode selecionar &#8220;Auditoria do Site&#8221; para explorar toda a gama de funcionalidades oferecidas pela ferramenta. Esta explora\u00e7\u00e3o permite-lhe compreender como a ferramenta pode ser aplicada para melhorar o desempenho do seu website.<\/p>\n<h3>Recursos adicionais<\/h3>\n<p>A ferramenta HTML Code Checker fornece uma an\u00e1lise abrangente da sa\u00fade SEO de uma p\u00e1gina web. Apresenta um sistema de pontua\u00e7\u00e3o, aqui exibindo at\u00e9 100, que reflete o n\u00edvel de otimiza\u00e7\u00e3o da p\u00e1gina.<\/p>\n<p>Os problemas cr\u00edticos e os avisos s\u00e3o resumidos para uma r\u00e1pida identifica\u00e7\u00e3o e detalhados no painel de navega\u00e7\u00e3o, que inclui v\u00e1rios aspetos de SEO, como a an\u00e1lise de links, a relev\u00e2ncia do conte\u00fado, as imagens, os insights do PageSpeed \u200b\u200betc.<\/p>\n<div class=\"content__img-wrap\"><img src=\"https:\/\/sitechecker.pro\/wp-content\/uploads\/2024\/02\/on-page-seo-checker.png\" alt=\"Verificador SEO na p\u00e1gina\" class=\"description-img description-img-zoom\" loading=\"lazy\" ><\/div>\n<p>A ferramenta apresenta ainda uma sec\u00e7\u00e3o para revis\u00e3o de liga\u00e7\u00f5es, indicando a integridade e a relev\u00e2ncia das liga\u00e7\u00f5es de sa\u00edda e de entrada. Esta funcionalidade \u00e9 essencial para ajustar os atributos de SEO da p\u00e1gina e melhorar o desempenho do website.<\/p>\n<h2 id=\"par5\">Ideia Final<\/h2>\n<p>A ferramenta Page Inspector \u00e9 uma ferramenta online para analisar e validar c\u00f3digo HTML para p\u00e1ginas web. Ajuda a identificar problemas, a compreender as estruturas das p\u00e1ginas e a melhorar o desempenho do site. As principais caracter\u00edsticas incluem um painel unificado para uma vis\u00e3o geral da sa\u00fade do SEO, uma interface de f\u00e1cil utiliza\u00e7\u00e3o e um conjunto completo de ferramentas de SEO para tarefas de otimiza\u00e7\u00e3o abrangentes. Os utilizadores podem realizar verifica\u00e7\u00f5es em todo o site ou concentrar-se em p\u00e1ginas espec\u00edficas para detetar erros e receber recomenda\u00e7\u00f5es. A ferramenta tamb\u00e9m fornece relat\u00f3rios detalhados, recupera\u00e7\u00e3o instant\u00e2nea de c\u00f3digo e a capacidade de inspecionar, copiar e solucionar problemas de HTML e <a href=\"https:\/\/sitechecker.pro\/http-header-checker\/\" data-wpil-monitor-id=\"237\">cabe\u00e7alhos HTTP<\/a>, atendendo tanto a an\u00e1lises detalhadas como a verifica\u00e7\u00f5es r\u00e1pidas.<\/p>\n<div id=\"par6\"><\/div>\n<p><div class=\"front__faq-block\"><div class=\"faq__block-title\">FAQ<\/div><div class=\"panel-group\" id=\"faq-accordion\" itemscope itemtype=\"https:\/\/schema.org\/FAQPage\" role=\"tablist\" aria-multiselectable=\"true\"><div class=\"panel\" itemscope itemtype=\"https:\/\/schema.org\/Question\" itemprop=\"mainEntity\">\n                            <div class=\"panel-heading\" id=\"headingFaq-1\">\n                                <div class=\"panel-title\" data-toggle=\"collapse\" aria-expanded=\"false\" href=\"#collapseFaq-1\">\n                                    <h3 itemprop=\"name\">Qual \u00e9 o principal objectivo do HTML Source Code Scanner?<\/h3>\n                                <\/div>\n                            <\/div>\n                            <div id=\"collapseFaq-1\" class=\"panel-collapse collapse\" itemprop=\"acceptedAnswer\" itemscope itemtype=\"http:\/\/schema.org\/Answer\">\n                                <div class=\"panel-body\" itemprop=\"text\">O seu principal objetivo \u00e9 analisar o HTML das p\u00e1ginas web para identificar erros, garantir a integridade do c\u00f3digo e melhorar o desempenho e o SEO de um website.<\/div>\n                            <\/div>\n                        <\/div><div class=\"panel\" itemscope itemtype=\"https:\/\/schema.org\/Question\" itemprop=\"mainEntity\">\n                            <div class=\"panel-heading\" id=\"headingFaq-2\">\n                                <div class=\"panel-title\" data-toggle=\"collapse\" aria-expanded=\"false\" href=\"#collapseFaq-2\">\n                                    <h3 itemprop=\"name\">Existem recursos para monitorizar as altera\u00e7\u00f5es na sa\u00fade SEO de um website ao longo do tempo?<\/h3>\n                                <\/div>\n                            <\/div>\n                            <div id=\"collapseFaq-2\" class=\"panel-collapse collapse\" itemprop=\"acceptedAnswer\" itemscope itemtype=\"http:\/\/schema.org\/Answer\">\n                                <div class=\"panel-body\" itemprop=\"text\">Sim, a ferramenta inclui recursos para rastrear tend\u00eancias de erros de HTML e outros problemas de SEO, ajudando a monitorizar a sa\u00fade de um website de forma din\u00e2mica.<\/div>\n                            <\/div>\n                        <\/div><div class=\"panel\" itemscope itemtype=\"https:\/\/schema.org\/Question\" itemprop=\"mainEntity\">\n                            <div class=\"panel-heading\" id=\"headingFaq-3\">\n                                <div class=\"panel-title\" data-toggle=\"collapse\" aria-expanded=\"false\" href=\"#collapseFaq-3\">\n                                    <h3 itemprop=\"name\">Qu\u00e3o f\u00e1cil de utilizar \u00e9 o HTML Source Code Analyser para utilizadores n\u00e3o t\u00e9cnicos?<\/h3>\n                                <\/div>\n                            <\/div>\n                            <div id=\"collapseFaq-3\" class=\"panel-collapse collapse\" itemprop=\"acceptedAnswer\" itemscope itemtype=\"http:\/\/schema.org\/Answer\">\n                                <div class=\"panel-body\" itemprop=\"text\">A ferramenta foi concebida com uma interface simples e intuitiva, tornando-a acess\u00edvel e f\u00e1cil de utilizar para utilizadores de todos os n\u00edveis de habilidade.<\/div>\n                            <\/div>\n                        <\/div><div class=\"panel\" itemscope itemtype=\"https:\/\/schema.org\/Question\" itemprop=\"mainEntity\">\n                            <div class=\"panel-heading\" id=\"headingFaq-4\">\n                                <div class=\"panel-title\" data-toggle=\"collapse\" aria-expanded=\"false\" href=\"#collapseFaq-4\">\n                                    <h3 itemprop=\"name\">Existe suporte para sites multilingues na funcionalidade do Verificador de c\u00f3digo-fonte HTML?<\/h3>\n                                <\/div>\n                            <\/div>\n                            <div id=\"collapseFaq-4\" class=\"panel-collapse collapse\" itemprop=\"acceptedAnswer\" itemscope itemtype=\"http:\/\/schema.org\/Answer\">\n                                <div class=\"panel-body\" itemprop=\"text\">Sim, a ferramenta pode identificar e manipular tags de links alternativos para vers\u00f5es de diferentes idiomas, o que \u00e9 essencial para configura\u00e7\u00f5es de sites multilingues.<\/div>\n                            <\/div>\n                        <\/div><\/div><\/div><\/p>","protected":false},"excerpt":{"rendered":"O que \u00e9 o Visualizador de c\u00f3digo-fonte HTML? O Visualizador de C\u00f3digo-fonte HTML do Sitechecker \u00e9 uma ferramenta concebida para inspecionar e analisar o c\u00f3digo HTML de um website, incluindo p\u00e1ginas espec\u00edficas, para identificar problemas de valida\u00e7\u00e3o de c\u00f3digo. Auxilia na compreens\u00e3o das estruturas das p\u00e1ginas web, valida problemas e melhora o desempenho do website,&#8230;","protected":false},"author":10409641,"featured_media":0,"parent":0,"menu_order":0,"comment_status":"closed","ping_status":"closed","template":"pages-templates\/pages-minitools-3.php","meta":[],"categories":[74],"tags":[],"_links":{"self":[{"href":"https:\/\/sitechecker.pro\/pt\/wp-json\/wp\/v2\/pages\/30462"}],"collection":[{"href":"https:\/\/sitechecker.pro\/pt\/wp-json\/wp\/v2\/pages"}],"about":[{"href":"https:\/\/sitechecker.pro\/pt\/wp-json\/wp\/v2\/types\/page"}],"author":[{"embeddable":true,"href":"https:\/\/sitechecker.pro\/pt\/wp-json\/wp\/v2\/users\/10409641"}],"replies":[{"embeddable":true,"href":"https:\/\/sitechecker.pro\/pt\/wp-json\/wp\/v2\/comments?post=30462"}],"version-history":[{"count":9,"href":"https:\/\/sitechecker.pro\/pt\/wp-json\/wp\/v2\/pages\/30462\/revisions"}],"predecessor-version":[{"id":38160,"href":"https:\/\/sitechecker.pro\/pt\/wp-json\/wp\/v2\/pages\/30462\/revisions\/38160"}],"wp:attachment":[{"href":"https:\/\/sitechecker.pro\/pt\/wp-json\/wp\/v2\/media?parent=30462"}],"wp:term":[{"taxonomy":"category","embeddable":true,"href":"https:\/\/sitechecker.pro\/pt\/wp-json\/wp\/v2\/categories?post=30462"},{"taxonomy":"post_tag","embeddable":true,"href":"https:\/\/sitechecker.pro\/pt\/wp-json\/wp\/v2\/tags?post=30462"}],"curies":[{"name":"wp","href":"https:\/\/api.w.org\/{rel}","templated":true}]}}