{"id":30166,"date":"2024-02-01T12:49:09","date_gmt":"2024-02-01T12:49:09","guid":{"rendered":"https:\/\/sitechecker.pro\/?page_id=30166"},"modified":"2026-02-13T16:49:09","modified_gmt":"2026-02-13T16:49:09","slug":"anchor-text-checker-accurate-detection-anchors-webpages","status":"publish","type":"page","link":"https:\/\/sitechecker.pro\/pt\/anchor-text-checker\/","title":{"rendered":"Verificador de texto \u00e2ncora"},"content":{"rendered":"<p><\/p>\n<h2 id=\"par1\">O que \u00e9 o Anchor Text Checker?<\/h2>\n<p>O Anchor Text Checker do <a href=\"https:\/\/sitechecker.pro\/\" target=\"_blank\" rel=\"noopener noreferrer\">Sitechecker<\/a> \u00e9 uma ferramenta de SEO que analisa o texto clic\u00e1vel em hiperliga\u00e7\u00f5es que apontam para um website. Ajuda a identificar a diversidade e a relev\u00e2ncia destes textos de links, garantindo que est\u00e3o alinhados com as melhores pr\u00e1ticas de SEO. Esta ferramenta \u00e9 crucial para detetar a otimiza\u00e7\u00e3o excessiva e para melhorar o <a href=\"https:\/\/sitechecker.pro\/what-is-backlink\/\" target=\"_blank\" rel=\"noopener noreferrer\">perfil de backlink<\/a> de um website, o que \u00e9 importante para uma melhor classifica\u00e7\u00e3o nos motores de busca.<\/p>\n<h3>A ferramenta pode ajud\u00e1-lo de v\u00e1rias formas<\/h3>\n<p><strong>An\u00e1lise de texto \u00e2ncora:<\/strong> destaca-se na an\u00e1lise da diversidade e relev\u00e2ncia dos textos \u00e2ncora num website, permitindo <a href=\"https:\/\/sitechecker.pro\/link-extractor\/\" target=\"_blank\" rel=\"noopener noreferrer\">inspecionar todos os links<\/a> no seu website ou analisar p\u00e1ginas espec\u00edficas para obter insights detalhados.<\/p>\n<p><strong>Dete\u00e7\u00e3o de problemas de \u00e2ncoras:<\/strong> destaca eficazmente \u00e1reas cr\u00edticas na utiliza\u00e7\u00e3o de texto \u00e2ncora, como a repeti\u00e7\u00e3o excessiva ou a falta de diversidade, que s\u00e3o cruciais para manter um perfil SEO saud\u00e1vel e evitar penaliza\u00e7\u00f5es nos motores de busca.<\/p>\n<p><strong>Insights para a melhoria da \u00e2ncora: <\/strong>forne\u00e7a insights detalhados sobre a forma como os textos de liga\u00e7\u00e3o s\u00e3o utilizados num website, o Verificador de texto de hiperliga\u00e7\u00f5es ajuda-o a otimizar as suas pr\u00e1ticas de liga\u00e7\u00e3o <a href=\"https:\/\/sitechecker.pro\/what-is-internal-link\/\" target=\"_blank\" rel=\"noopener noreferrer\">interna<\/a> e <a href=\"https:\/\/sitechecker.pro\/what- are-external-links\/\" target=\"_blank\" rel=\"noopener noreferrer\">externa<\/a>.<\/p>\n<h3>Principais caracter\u00edsticas da ferramenta<\/h3>\n<p><strong>Painel unificado:<\/strong> fornece um local centralizado onde todos os dados e m\u00e9tricas relacionados com SEO s\u00e3o apresentados. Permite aos utilizadores facilmente <a href=\"https:\/\/sitechecker.pro\/website-monitoring\/\" target=\"_blank\" rel=\"noopener noreferrer\">monitorizar o desempenho do site<\/a>, acompanhar classifica\u00e7\u00f5es, visualizar perfis de backlinks e analisar a sa\u00fade do site, tudo num \u00fanico painel.<\/p>\n<p><strong>Interface de f\u00e1cil utiliza\u00e7\u00e3o:<\/strong> concebida com foco na usabilidade. A sua interface \u00e9 intuitiva, o que a torna acess\u00edvel tanto para principiantes como para profissionais de SEO experientes.<\/p>\n<p><strong>Conjunto completo de ferramentas de SEO:<\/strong> oferece um conjunto abrangente de ferramentas de SEO que abrangem todos os aspetos da otimiza\u00e7\u00e3o de websites. Isto inclui auditorias de SEO on-page, rastreio de palavras-chave, an\u00e1lise de backlinks, rastreio de classifica\u00e7\u00e3o de sites e muito mais.<\/p>\n<h2 id=\"par2\">Como utilizar a ferramenta<\/h2>\n<p>Para a extra\u00e7\u00e3o de \u00e2ncoras, escolha o m\u00e9todo de dom\u00ednio para analisar todos os links de um website ou selecione o m\u00e9todo de p\u00e1gina \u00fanica para obter informa\u00e7\u00f5es detalhadas sobre uma p\u00e1gina espec\u00edfica. Introduza o seu dom\u00ednio ou URL e clique em \u201cObter todas as \u00e2ncoras\u201d para come\u00e7ar. Uma vez pronta, a ferramenta come\u00e7a a analisar os dados do site.<\/p>\n<div class=\"content__img-wrap\"><img src=\"https:\/\/sitechecker.pro\/wp-content\/uploads\/2024\/08\/1-Anchors-Selector-min.png\" alt=\"P\u00e1gina do verificador de texto \u00e2ncora\" class=\"description-img description-img-zoom\" loading=\"lazy\" ><\/div>\n<h2 id=\"par3\">Verifica\u00e7\u00e3o de dom\u00ednios<\/h2>\n<h3>Passo 1: Escolha a op\u00e7\u00e3o de dom\u00ednio, introduza o dom\u00ednio que pretende analisar e clique no bot\u00e3o \u201cObter todas as \u00e2ncoras\u201d<\/h3>\n<div class=\"content__img-wrap\"><img src=\"https:\/\/sitechecker.pro\/wp-content\/uploads\/2024\/08\/1-Website-Anchors-Check-min.png\" alt=\"Dom\u00ednio do Verificador de Texto \u00c2ncora\" class=\"description-img description-img-zoom\" loading=\"lazy\" ><\/div>\n<div class=\"important-block\">Para receber resultados e acesso \u00e0s funcionalidades do Sitechecker durante 14 dias, inicie o seu teste GRATUITO. \u00c9 f\u00e1cil registar-se com o seu e-mail, conta Google ou Facebook. N\u00e3o \u00e9 necess\u00e1rio cart\u00e3o de cr\u00e9dito.<\/div>\n<h3>Passo 2: Obter resultados<\/h3>\n<p>A \u00e1rea principal da ferramenta mostra uma lista de problemas, onde os problemas s\u00e3o categorizados como &#8220;Todos os problemas&#8221;, &#8220;Cr\u00edticos&#8221;, &#8220;Avisos&#8221;, &#8220;Oportunidades&#8221;, &#8220;Avisos&#8221; e &#8220;Zero problemas&#8221;.<\/p>\n<p>Nesta lista, s\u00e3o destacados problemas espec\u00edficos relacionados com links, como links internos para p\u00e1ginas 3xx, p\u00e1ginas com apenas um URL de link interno seguido, etc.<\/p>\n<p>Um aviso de \u00e2ncora indica que existem v\u00e1rias p\u00e1ginas com liga\u00e7\u00f5es internas de sa\u00edda utilizando um texto de liga\u00e7\u00e3o de uma palavra. Isto pode sugerir uma falta de diversidade de palavras-chave, o que n\u00e3o \u00e9 ideal para SEO, uma vez que pode ser necess\u00e1rio fornecer mais contexto aos motores de busca sobre o conte\u00fado ligado.<\/p>\n<p>Al\u00e9m disso, o Internal Anchor Text Checker indica p\u00e1ginas com mais de dois links para uma p\u00e1gina interna utilizando o mesmo texto \u00e2ncora, o que pode ser sinalizado como uma otimiza\u00e7\u00e3o excessiva pelos motores de busca e pode ter um impacto negativo no desempenho SEO do website.<\/p>\n<div class=\"content__img-wrap\"><img src=\"https:\/\/sitechecker.pro\/wp-content\/uploads\/2024\/02\/site-audit-results.png\" alt=\"Resultados da auditoria do site\" class=\"description-img description-img-zoom\" loading=\"lazy\" ><\/div>\n<p>O Backlink Anchor Text Checker realizou preventivamente um rastreio abrangente, identificando e categorizando os textos de links utilizados nos links internos e externos do seu website. Pode aceder a estes dados, que lhe oferecer\u00e3o insights valiosos para refinar a sua distribui\u00e7\u00e3o de texto \u00e2ncora, clicando em \u201cVer todas as p\u00e1ginas\u201d e selecionando uma p\u00e1gina espec\u00edfica.<\/p>\n<div class=\"content__img-wrap\"><img src=\"https:\/\/sitechecker.pro\/wp-content\/uploads\/2024\/02\/page-details-anchors.png\" alt=\"\u00c2ncoras de detalhes da p\u00e1gina\" class=\"description-img description-img-zoom\" loading=\"lazy\" ><\/div>\n<h3>Caracter\u00edsticas adicionais<\/h3>\n<p>O Anchor Text Detector fornece uma vis\u00e3o geral diagn\u00f3stica abrangente de problemas relacionados com SEO, destacando a percentagem de p\u00e1ginas impactadas por desafios espec\u00edficos. Identifica as p\u00e1ginas que necessitam de melhorias no SEO relacionado com links, relev\u00e2ncia do conte\u00fado e velocidade da p\u00e1gina, entre outros fatores.<\/p>\n<p>Al\u00e9m disso, a ferramenta fornece insights sobre indexabilidade, redireccionamentos e preocupa\u00e7\u00f5es com mapas de websites para garantir a m\u00e1xima visibilidade nos motores de busca e melhorar a experi\u00eancia do utilizador. A an\u00e1lise foi concebida para ajudar os utilizadores a priorizar eficazmente as suas estrat\u00e9gias de SEO.<\/p>\n<div class=\"content__img-wrap\"><img src=\"https:\/\/sitechecker.pro\/wp-content\/uploads\/2024\/02\/affected-pages-by-category.png\" alt=\"P\u00e1ginas afetadas por categoria\" class=\"description-img description-img-zoom\" loading=\"lazy\" ><\/div>\n<h2 id=\"par4\">Verificador de texto \u00e2ncora de p\u00e1gina<\/h2>\n<p>O Verificador de Texto \u00c2ncora \u00e9 um recurso essencial para analisar o perfil de links do seu website, fornecendo uma vis\u00e3o aprofundada dos textos de links associados aos seus links externos, internos e de subdom\u00ednio. Esta ferramenta ajuda a identificar como cada link est\u00e1 ancorado, garantindo que est\u00e3o alinhados com as suas estrat\u00e9gias de SEO. Tamb\u00e9m verifica os c\u00f3digos de resposta HTTP para confirmar a integridade e a acessibilidade das p\u00e1ginas ligadas. Seja para monitorizar a forma como os sites externos fazem refer\u00eancia ao seu site ou para compreender a sua estrutura de links internos, o Anchor Text Checker fornece os insights necess\u00e1rios para fazer otimiza\u00e7\u00f5es informadas na estrat\u00e9gia de links do seu site.<\/p>\n<div class=\"content__img-wrap\"><img src=\"https:\/\/sitechecker.pro\/wp-content\/uploads\/2024\/08\/3-Page-Anchors-Check-min.png\" alt=\"Links de subdom\u00ednio interno externo\" class=\"description-img description-img-zoom\" loading=\"lazy\" ><\/div>\n<p>Compreender o impacto dos textos de liga\u00e7\u00e3o no seu website requer mais do que uma an\u00e1lise p\u00e1gina a p\u00e1gina. Para uma avalia\u00e7\u00e3o hol\u00edstica, inicie uma revis\u00e3o abrangente do website clicando no bot\u00e3o &#8220;Executar uma auditoria completa do website&#8221;.<\/p>\n<p>Para mais informa\u00e7\u00f5es sobre o que a ferramenta pode oferecer ap\u00f3s a an\u00e1lise de dom\u00ednio, consulte a sec\u00e7\u00e3o de verifica\u00e7\u00e3o de dom\u00ednio no in\u00edcio deste guia. Al\u00e9m disso, para experimentar os benef\u00edcios da ferramenta em primeira m\u00e3o, interaja com o projeto de demonstra\u00e7\u00e3o fornecido. Explore todo o potencial da ferramenta selecionando o &#8220;bot\u00e3o Auditoria do site&#8221;.<\/p>\n<div class=\"content__img-wrap\"><img src=\"https:\/\/sitechecker.pro\/wp-content\/uploads\/2024\/02\/run-full-website-audit.png\" alt=\"Executar auditoria completa do site\" class=\"description-img description-img-zoom\" loading=\"lazy\" ><\/div>\n<h3>Caracter\u00edsticas adicionais do Page Anchor Checker<\/h3>\n<p>O Anchor Text Checker melhora o SEO do seu website oferecendo um conjunto integrado de funcionalidades. Come\u00e7a com uma vis\u00e3o geral de todos os problemas de SEO, orientando-o para as \u00e1reas que precisam de melhorias.<\/p>\n<p>A otimiza\u00e7\u00e3o de conte\u00fado garante que o seu texto est\u00e1 alinhado com as melhores pr\u00e1ticas de SEO, enquanto o recurso de dados estruturados verifica se os motores de busca conseguem compreender o contexto do seu conte\u00fado.<\/p>\n<p>A otimiza\u00e7\u00e3o de imagens avalia o impacto SEO dos recursos visuais e a otimiza\u00e7\u00e3o de pesquisa mais ampla avalia a visibilidade do seu website nos resultados de pesquisa.<\/p>\n<p>O PageSpeed \u200b\u200b\u200b\u200bInsights analisa os tempos de carregamento, o que \u00e9 crucial tanto para a experi\u00eancia do utilizador como para as classifica\u00e7\u00f5es de pesquisa. Estas ferramentas trabalham em conjunto para uma abordagem simplificada e eficaz de SEO.<\/p>\n<div class=\"content__img-wrap\"><img src=\"https:\/\/sitechecker.pro\/wp-content\/uploads\/2024\/02\/issues-overview.png\" alt=\"Vis\u00e3o geral dos problemas\" class=\"description-img description-img-zoom\" loading=\"lazy\" ><\/div>\n<h2 id=\"par5\">Ideia Final<\/h2>\n<p>O Anchor Text Checker \u00e9 uma ferramenta essencial de SEO que deteta todos os textos \u00e2ncora no seu website e aqueles que direcionam para o mesmo. Com uma interface de f\u00e1cil utiliza\u00e7\u00e3o e um conjunto robusto de funcionalidades, oferece uma an\u00e1lise abrangente dos textos dos links e da sa\u00fade geral do website. Esta ferramenta \u00e9 perfeita para propriet\u00e1rios de websites e especialistas em SEO, identificando \u00e1reas para melhorias e fornecendo insights valiosos para impulsionar as classifica\u00e7\u00f5es de pesquisa e a experi\u00eancia do utilizador. Com funcionalidades adicionais para otimiza\u00e7\u00e3o de conte\u00fados, imagem e pesquisa, bem como insights de velocidade, serve como uma solu\u00e7\u00e3o abrangente para fortalecer a sua presen\u00e7a online.<\/p>\n<div id=\"par6\"><\/div>\n<p><div class=\"front__faq-block\"><div class=\"faq__block-title\">FAQ<\/div><div class=\"panel-group\" id=\"faq-accordion\" itemscope itemtype=\"https:\/\/schema.org\/FAQPage\" role=\"tablist\" aria-multiselectable=\"true\"><div class=\"panel\" itemscope itemtype=\"https:\/\/schema.org\/Question\" itemprop=\"mainEntity\">\n                            <div class=\"panel-heading\" id=\"headingFaq-1\">\n                                <div class=\"panel-title\" data-toggle=\"collapse\" aria-expanded=\"false\" href=\"#collapseFaq-1\">\n                                    <h3 itemprop=\"name\">O Verificador de Texto \u00c2ncora pode ajudar com SEO fora da p\u00e1gina?<\/h3>\n                                <\/div>\n                            <\/div>\n                            <div id=\"collapseFaq-1\" class=\"panel-collapse collapse\" itemprop=\"acceptedAnswer\" itemscope itemtype=\"http:\/\/schema.org\/Answer\">\n                                <div class=\"panel-body\" itemprop=\"text\">Sim, consegue analisar backlinks textos de links, ajudando-o a compreender e melhorar a sua estrat\u00e9gia de SEO off-page.<\/div>\n                            <\/div>\n                        <\/div><div class=\"panel\" itemscope itemtype=\"https:\/\/schema.org\/Question\" itemprop=\"mainEntity\">\n                            <div class=\"panel-heading\" id=\"headingFaq-2\">\n                                <div class=\"panel-title\" data-toggle=\"collapse\" aria-expanded=\"false\" href=\"#collapseFaq-2\">\n                                    <h3 itemprop=\"name\">Os iniciados podem utilizar o Verificador de texto \u00e2ncora de forma eficaz?<\/h3>\n                                <\/div>\n                            <\/div>\n                            <div id=\"collapseFaq-2\" class=\"panel-collapse collapse\" itemprop=\"acceptedAnswer\" itemscope itemtype=\"http:\/\/schema.org\/Answer\">\n                                <div class=\"panel-body\" itemprop=\"text\">Sim, a ferramenta tem uma interface de f\u00e1cil utiliza\u00e7\u00e3o, concebida tanto para principiantes como para profissionais de SEO.<\/div>\n                            <\/div>\n                        <\/div><div class=\"panel\" itemscope itemtype=\"https:\/\/schema.org\/Question\" itemprop=\"mainEntity\">\n                            <div class=\"panel-heading\" id=\"headingFaq-3\">\n                                <div class=\"panel-title\" data-toggle=\"collapse\" aria-expanded=\"false\" href=\"#collapseFaq-3\">\n                                    <h3 itemprop=\"name\">A ferramenta fornece atualiza\u00e7\u00f5es em tempo real sobre o desempenho da \u00e2ncora?<\/h3>\n                                <\/div>\n                            <\/div>\n                            <div id=\"collapseFaq-3\" class=\"panel-collapse collapse\" itemprop=\"acceptedAnswer\" itemscope itemtype=\"http:\/\/schema.org\/Answer\">\n                                <div class=\"panel-body\" itemprop=\"text\">A ferramenta provavelmente oferece uma funcionalidade para rastrear o desempenho da \u00e2ncora e atualiza\u00e7\u00f5es sobre a integridade dos backlinks, que podem ser quase em tempo real, dependendo da frequ\u00eancia de rastreio da ferramenta.<\/div>\n                            <\/div>\n                        <\/div><\/div><\/div><\/p>","protected":false},"excerpt":{"rendered":"O que \u00e9 o Anchor Text Checker? O Anchor Text Checker do Sitechecker \u00e9 uma ferramenta de SEO que analisa o texto clic\u00e1vel em hiperliga\u00e7\u00f5es que apontam para um website. Ajuda a identificar a diversidade e a relev\u00e2ncia destes textos de links, garantindo que est\u00e3o alinhados com as melhores pr\u00e1ticas de SEO. Esta ferramenta \u00e9&#8230;","protected":false},"author":10409641,"featured_media":0,"parent":0,"menu_order":0,"comment_status":"closed","ping_status":"closed","template":"pages-templates\/pages-minitools-3.php","meta":[],"categories":[72],"tags":[],"_links":{"self":[{"href":"https:\/\/sitechecker.pro\/pt\/wp-json\/wp\/v2\/pages\/30166"}],"collection":[{"href":"https:\/\/sitechecker.pro\/pt\/wp-json\/wp\/v2\/pages"}],"about":[{"href":"https:\/\/sitechecker.pro\/pt\/wp-json\/wp\/v2\/types\/page"}],"author":[{"embeddable":true,"href":"https:\/\/sitechecker.pro\/pt\/wp-json\/wp\/v2\/users\/10409641"}],"replies":[{"embeddable":true,"href":"https:\/\/sitechecker.pro\/pt\/wp-json\/wp\/v2\/comments?post=30166"}],"version-history":[{"count":21,"href":"https:\/\/sitechecker.pro\/pt\/wp-json\/wp\/v2\/pages\/30166\/revisions"}],"predecessor-version":[{"id":39265,"href":"https:\/\/sitechecker.pro\/pt\/wp-json\/wp\/v2\/pages\/30166\/revisions\/39265"}],"wp:attachment":[{"href":"https:\/\/sitechecker.pro\/pt\/wp-json\/wp\/v2\/media?parent=30166"}],"wp:term":[{"taxonomy":"category","embeddable":true,"href":"https:\/\/sitechecker.pro\/pt\/wp-json\/wp\/v2\/categories?post=30166"},{"taxonomy":"post_tag","embeddable":true,"href":"https:\/\/sitechecker.pro\/pt\/wp-json\/wp\/v2\/tags?post=30166"}],"curies":[{"name":"wp","href":"https:\/\/api.w.org\/{rel}","templated":true}]}}