{"id":29818,"date":"2024-01-22T16:09:06","date_gmt":"2024-01-22T16:09:06","guid":{"rendered":"https:\/\/sitechecker.pro\/?page_id=29818"},"modified":"2026-02-18T15:58:04","modified_gmt":"2026-02-18T15:58:04","slug":"nofollow-link-checker-detect-nofollow-attributes-website","status":"publish","type":"page","link":"https:\/\/sitechecker.pro\/pt\/nofollow-link-checker\/","title":{"rendered":"Verificador de links nofollow | Detecte atributos nofollow em sites"},"content":{"rendered":"<p><\/p>\n<h2 id=\"par1\">O que \u00e9 uma ferramenta Nofollow Link Checker?<\/h2>\n<p>O Nofollow Link Checker \u00e9 uma ferramenta que analisa uma p\u00e1gina da web e identifica o atributo rel=&#8221;nofollow&#8221; de todos os links e as diretivas de indexa\u00e7\u00e3o. Ele detecta configura\u00e7\u00f5es de Robots meta e <a href=\"https:\/\/sitechecker.pro\/meta-robots-tag\/\" target=\"_blank\" rel=\"noopener noreferrer\">X-Robots-Tag<\/a>, verifica <a href=\"https:\/\/sitechecker.pro\/link-attributes\/\" target=\"_blank\" rel=\"noopener noreferrer\">atributos nofollow<\/a>, mostra links internos e externos dofollow\/nofollow, fornece uma lista completa de \u00e2ncoras e retorna os <a href=\"https:\/\/sitechecker.pro\/http-status-codes-list\/\" target=\"_blank\" rel=\"noopener noreferrer\">c\u00f3digos de status<\/a> de cada URL.<\/p>\n<h3>Como a ferramenta pode ajudar voc\u00ea<\/h3>\n<p><strong>Identifica\u00e7\u00e3o de regras de Robots e X-Robots-Tag: <\/strong>verifica se a p\u00e1gina cont\u00e9m diretivas de Robots meta ou X-Robots-Tag, ajudando a identificar noindex, nofollow ou outras regras que podem limitar o <a href=\"https:\/\/sitechecker.pro\/website-crawler\/\" target=\"_blank\" rel=\"noopener noreferrer\">rastreamento<\/a> ou a <a href=\"https:\/\/sitechecker.pro\/google-index\/\" target=\"_blank\" rel=\"noopener noreferrer\">indexa\u00e7\u00e3o<\/a>.<\/p>\n<p><strong>Detec\u00e7\u00e3o de links nofollow internos e externos: <\/strong>identifica todos os atributos dofollow e nofollow em links internos e externos, oferecendo total visibilidade sobre como a autoridade de links flui pela p\u00e1gina.<\/p>\n<p><strong>Relat\u00f3rio completo de \u00e2ncoras e status de links: <\/strong>fornece uma lista estruturada de todas as \u00e2ncoras e verifica os c\u00f3digos de status de cada URL, permitindo identificar <a href=\"https:\/\/sitechecker.pro\/broken-links\/\" target=\"_blank\" rel=\"noopener noreferrer\">links quebrados<\/a>, <a href=\"https:\/\/sitechecker.pro\/redirect-checker\/\" target=\"_blank\" rel=\"noopener noreferrer\">redirecionamentos<\/a> e outros problemas que podem impactar o desempenho em SEO.<\/p>\n<h3>Principais recursos da ferramenta<\/h3>\n<p><strong>Painel unificado: <\/strong>oferece um painel centralizado que apresenta uma vis\u00e3o completa de v\u00e1rias m\u00e9tricas de SEO e indicadores de desempenho do site.<\/p>\n<p><strong>Interface amig\u00e1vel: <\/strong>desenvolvida com foco na experi\u00eancia do usu\u00e1rio, garantindo uma navega\u00e7\u00e3o intuitiva e simples.<\/p>\n<p><strong>Conjunto completo de ferramentas de SEO: <\/strong>inclui uma su\u00edte completa de ferramentas de SEO, com recursos para pesquisa de palavras-chave, otimiza\u00e7\u00e3o de <a href=\"https:\/\/sitechecker.pro\/on-page-seo-checker\/\" target=\"_blank\" rel=\"noopener noreferrer\">SEO on-page<\/a>, <a href=\"https:\/\/sitechecker.pro\/seo-site-audit\/\" target=\"_blank\" rel=\"noopener noreferrer\">auditorias de site<\/a> e muito mais.<\/p>\n<h2 id=\"par2\">Como usar o Nofollow Links Checker<\/h2>\n<p>Voc\u00ea pode testar se a p\u00e1gina cont\u00e9m diretivas de Robots ou X-Robots-Tag, ou analisar todos os status follow\/nofollow dos links na p\u00e1gina. Selecione a op\u00e7\u00e3o que melhor atende ao seu objetivo e inicie a auditoria para receber um relat\u00f3rio instant\u00e2neo.<\/p>\n<div class=\"content__img-wrap\"><img src=\"https:\/\/sitechecker.pro\/wp-content\/uploads\/2025\/11\/choose-an-audit-option.png\" alt=\"Choose an audit option\" class=\"description-img description-img-zoom\" loading=\"lazy\" ><\/div>\n<h2 id=\"par3\">Verificar o atributo nofollow no Robots meta e X-Robots-Tag<\/h2>\n<h3>Passo 1: Escolher a inspe\u00e7\u00e3o<\/h3>\n<div class=\"content__img-wrap\"><img src=\"https:\/\/sitechecker.pro\/wp-content\/uploads\/2025\/11\/test-robots-meta-x-robots-tag.png\" alt=\"Test Robots meta and X-Robots-tag\" class=\"description-img description-img-zoom\" loading=\"lazy\" ><\/div>\n<h3>Passo 2: Obter os resultados<\/h3>\n<p>Nos resultados, voc\u00ea pode ver como a p\u00e1gina se comporta em termos de indexa\u00e7\u00e3o com base em v\u00e1rios sinais:<\/p>\n<p><strong>Tag Robots meta<\/strong> \u2013 se cont\u00e9m diretivas como index, noindex, follow ou nofollow.<\/p>\n<p><strong>X-Robots-Tag<\/strong> \u2013 regras de indexa\u00e7\u00e3o em n\u00edvel de servidor retornadas nos cabe\u00e7alhos HTTP.<\/p>\n<p><strong>Arquivo <a href=\"https:\/\/sitechecker.pro\/robots-tester\/\" target=\"_blank\" rel=\"noopener noreferrer\">robots.txt<\/a><\/strong> \u2013 indica se o rastreamento \u00e9 permitido ou restrito para esta URL.<\/p>\n<p><strong>Tag noindex<\/strong> \u2013 se existem diretivas noindex dentro do conte\u00fado da p\u00e1gina.<\/p>\n<p>Essa auditoria ajuda voc\u00ea a entender rapidamente como os mecanismos de busca s\u00e3o instru\u00eddos a rastrear e indexar a p\u00e1gina.<\/p>\n<div class=\"content__img-wrap\"><img src=\"https:\/\/sitechecker.pro\/wp-content\/uploads\/2025\/11\/on-page-seo-checker-indexation.png\" alt=\"On-page SEO Checker indexation\" class=\"description-img description-img-zoom\" loading=\"lazy\" ><\/div>\n<h3>Recursos adicionais da verifica\u00e7\u00e3o de Robots meta e X-Robots-Tag<\/h3>\n<p>Al\u00e9m de verificar atributos nofollow e regras de indexa\u00e7\u00e3o, a ferramenta tamb\u00e9m fornece uma vis\u00e3o r\u00e1pida de outros problemas on-page. \u00c9 poss\u00edvel identificar problemas cr\u00edticos, avisos e sinais t\u00e9cnicos, como quest\u00f5es de <a href=\"https:\/\/sitechecker.pro\/speed-test\/\" target=\"_blank\" rel=\"noopener noreferrer\">velocidade da p\u00e1gina<\/a>, erros 404, c\u00f3digos de status, tamanho do HTML e qualidade dos metadados.<\/p>\n<p>Isso permite revisar atributos de links e diagnosticar problemas gerais de SEO na mesma p\u00e1gina em uma \u00fanica an\u00e1lise.<\/p>\n<div class=\"content__img-wrap\"><img src=\"https:\/\/sitechecker.pro\/wp-content\/uploads\/2025\/11\/issues-overview.png\" alt=\"Issues overview\" class=\"description-img description-img-zoom\" loading=\"lazy\" ><\/div>\n<h2 id=\"par4\">Verificar os status follow dos links na p\u00e1gina<\/h2>\n<h3>Passo 1: Selecionar a op\u00e7\u00e3o \u201cLinks follow statuses on the page\u201d<\/h3>\n<div class=\"content__img-wrap\"><img src=\"https:\/\/sitechecker.pro\/wp-content\/uploads\/2025\/11\/links-follow-statuses-on-the-page.png\" alt=\"Links follow statuses on the page\" class=\"description-img description-img-zoom\" loading=\"lazy\" ><\/div>\n<h3>Passo 2: Obter os resultados<\/h3>\n<p>Como resultado dessa auditoria, voc\u00ea pode revisar todos os links internos e externos encontrados na p\u00e1gina. O relat\u00f3rio mostra cada URL para a qual a p\u00e1gina aponta, tanto dentro do seu site quanto fora dele. Para cada link, \u00e9 poss\u00edvel verificar o c\u00f3digo de status HTTP, o atributo follow\/nofollow e o texto \u00e2ncora.<\/p>\n<p>Voc\u00ea pode filtrar e ordenar esses dados conforme necess\u00e1rio, export\u00e1-los para an\u00e1lises adicionais ou baixar o relat\u00f3rio completo.<\/p>\n<div class=\"content__img-wrap\"><img src=\"https:\/\/sitechecker.pro\/wp-content\/uploads\/2025\/11\/on-page-audit-internal-links.png\" alt=\"On-page audit internal links\" class=\"description-img description-img-zoom\" loading=\"lazy\" ><\/div>\n<h3>Recursos adicionais<\/h3>\n<p>Em n\u00edvel de site, voc\u00ea tamb\u00e9m pode detectar problemas relacionados a links nofollow, como p\u00e1ginas que usam nofollow de forma incorreta, que possuem apenas links internos nofollow ou que cont\u00eam uma mistura de atributos follow\/nofollow.<\/p>\n<div class=\"content__img-wrap\"><img src=\"https:\/\/sitechecker.pro\/wp-content\/uploads\/2025\/11\/site-audit-nofollow-issues.png\" alt=\"Site audit nofollow issues\" class=\"description-img description-img-zoom\" loading=\"lazy\" ><\/div>\n<div class=\"important-block\">Para receber os resultados e ter acesso aos recursos do Sitechecker por 14 dias, inicie sua avalia\u00e7\u00e3o GRATUITA. O cadastro \u00e9 simples com e-mail, conta do Google ou do Facebook. N\u00e3o \u00e9 necess\u00e1rio cart\u00e3o de cr\u00e9dito.<\/div>\n<h2 id=\"par5\">Ideia final<\/h2>\n<p>O Nofollow Link Checker ajuda voc\u00ea a entender rapidamente como uma p\u00e1gina lida com atributos nofollow, regras de indexa\u00e7\u00e3o e comportamento de links. A ferramenta exibe diretivas de Robots meta e X-Robots-Tag, links internos e externos follow\/nofollow, textos \u00e2ncora e c\u00f3digos de status em um \u00fanico relat\u00f3rio claro. Voc\u00ea tamb\u00e9m pode detectar problemas on-page adicionais e quest\u00f5es de nofollow em todo o site, garantindo que sua p\u00e1gina seja rastreada e indexada conforme o esperado.<\/p>\n<div id=\"par6\"><\/div>\n<p><div class=\"front__faq-block\"><div class=\"faq__block-title\">FAQ<\/div><div class=\"panel-group\" id=\"faq-accordion\" itemscope itemtype=\"https:\/\/schema.org\/FAQPage\" role=\"tablist\" aria-multiselectable=\"true\"><div class=\"panel\" itemscope itemtype=\"https:\/\/schema.org\/Question\" itemprop=\"mainEntity\">\n                            <div class=\"panel-heading\" id=\"headingFaq-1\">\n                                <div class=\"panel-title\" data-toggle=\"collapse\" aria-expanded=\"false\" href=\"#collapseFaq-1\">\n                                    <h3 itemprop=\"name\">Quando devo usar um link nofollow no meu site?<\/h3>\n                                <\/div>\n                            <\/div>\n                            <div id=\"collapseFaq-1\" class=\"panel-collapse collapse\" itemprop=\"acceptedAnswer\" itemscope itemtype=\"http:\/\/schema.org\/Answer\">\n                                <div class=\"panel-body\" itemprop=\"text\">Use nofollow ao criar links para fontes n\u00e3o confi\u00e1veis, conte\u00fado gerado por usu\u00e1rios, espa\u00e7os pagos ou p\u00e1ginas que voc\u00ea n\u00e3o deseja endossar com autoridade de link.<\/div>\n                            <\/div>\n                        <\/div><div class=\"panel\" itemscope itemtype=\"https:\/\/schema.org\/Question\" itemprop=\"mainEntity\">\n                            <div class=\"panel-heading\" id=\"headingFaq-2\">\n                                <div class=\"panel-title\" data-toggle=\"collapse\" aria-expanded=\"false\" href=\"#collapseFaq-2\">\n                                    <h3 itemprop=\"name\">Links nofollow podem afetar meus rankings?<\/h3>\n                                <\/div>\n                            <\/div>\n                            <div id=\"collapseFaq-2\" class=\"panel-collapse collapse\" itemprop=\"acceptedAnswer\" itemscope itemtype=\"http:\/\/schema.org\/Answer\">\n                                <div class=\"panel-body\" itemprop=\"text\">Eles n\u00e3o transmitem PageRank, mas ainda ajudam os mecanismos de busca a entender o contexto, descobrir novas URLs e manter um perfil de links natural.<\/div>\n                            <\/div>\n                        <\/div><div class=\"panel\" itemscope itemtype=\"https:\/\/schema.org\/Question\" itemprop=\"mainEntity\">\n                            <div class=\"panel-heading\" id=\"headingFaq-3\">\n                                <div class=\"panel-title\" data-toggle=\"collapse\" aria-expanded=\"false\" href=\"#collapseFaq-3\">\n                                    <h3 itemprop=\"name\">Links internos devem ser nofollow alguma vez?<\/h3>\n                                <\/div>\n                            <\/div>\n                            <div id=\"collapseFaq-3\" class=\"panel-collapse collapse\" itemprop=\"acceptedAnswer\" itemscope itemtype=\"http:\/\/schema.org\/Answer\">\n                                <div class=\"panel-body\" itemprop=\"text\">Na maioria dos casos, n\u00e3o. Links internos nofollow podem quebrar caminhos de rastreamento e reduzir a efici\u00eancia da indexa\u00e7\u00e3o, a menos que voc\u00ea queira bloquear intencionalmente certas se\u00e7\u00f5es.<\/div>\n                            <\/div>\n                        <\/div><div class=\"panel\" itemscope itemtype=\"https:\/\/schema.org\/Question\" itemprop=\"mainEntity\">\n                            <div class=\"panel-heading\" id=\"headingFaq-4\">\n                                <div class=\"panel-title\" data-toggle=\"collapse\" aria-expanded=\"false\" href=\"#collapseFaq-4\">\n                                    <h3 itemprop=\"name\">O Google sempre respeita os atributos nofollow?<\/h3>\n                                <\/div>\n                            <\/div>\n                            <div id=\"collapseFaq-4\" class=\"panel-collapse collapse\" itemprop=\"acceptedAnswer\" itemscope itemtype=\"http:\/\/schema.org\/Answer\">\n                                <div class=\"panel-body\" itemprop=\"text\">O Google trata nofollow como um sinal, n\u00e3o como uma diretiva r\u00edgida. Ele ainda pode rastrear ou indexar uma URL se a considerar importante.<\/div>\n                            <\/div>\n                        <\/div><div class=\"panel\" itemscope itemtype=\"https:\/\/schema.org\/Question\" itemprop=\"mainEntity\">\n                            <div class=\"panel-heading\" id=\"headingFaq-5\">\n                                <div class=\"panel-title\" data-toggle=\"collapse\" aria-expanded=\"false\" href=\"#collapseFaq-5\">\n                                    <h3 itemprop=\"name\">Com que frequ\u00eancia devo auditar minhas p\u00e1ginas em busca de problemas de nofollow?<\/h3>\n                                <\/div>\n                            <\/div>\n                            <div id=\"collapseFaq-5\" class=\"panel-collapse collapse\" itemprop=\"acceptedAnswer\" itemscope itemtype=\"http:\/\/schema.org\/Answer\">\n                                <div class=\"panel-body\" itemprop=\"text\">Ap\u00f3s atualiza\u00e7\u00f5es de conte\u00fado, reformula\u00e7\u00f5es, mudan\u00e7as no CMS, migra\u00e7\u00f5es ou quando o tr\u00e1fego cai repentinamente \u2014 esses s\u00e3o momentos comuns em que surgem erros de nofollow.<\/div>\n                            <\/div>\n                        <\/div><\/div><\/div><\/p>","protected":false},"excerpt":{"rendered":"O que \u00e9 uma ferramenta Nofollow Link Checker? O Nofollow Link Checker \u00e9 uma ferramenta que analisa uma p\u00e1gina da web e identifica o atributo rel=&#8221;nofollow&#8221; de todos os links e as diretivas de indexa\u00e7\u00e3o. Ele detecta configura\u00e7\u00f5es de Robots meta e X-Robots-Tag, verifica atributos nofollow, mostra links internos e externos dofollow\/nofollow, fornece uma lista&#8230;","protected":false},"author":10409641,"featured_media":0,"parent":0,"menu_order":0,"comment_status":"closed","ping_status":"closed","template":"pages-templates\/pages-minitools-3.php","meta":[],"categories":[72],"tags":[],"_links":{"self":[{"href":"https:\/\/sitechecker.pro\/pt\/wp-json\/wp\/v2\/pages\/29818"}],"collection":[{"href":"https:\/\/sitechecker.pro\/pt\/wp-json\/wp\/v2\/pages"}],"about":[{"href":"https:\/\/sitechecker.pro\/pt\/wp-json\/wp\/v2\/types\/page"}],"author":[{"embeddable":true,"href":"https:\/\/sitechecker.pro\/pt\/wp-json\/wp\/v2\/users\/10409641"}],"replies":[{"embeddable":true,"href":"https:\/\/sitechecker.pro\/pt\/wp-json\/wp\/v2\/comments?post=29818"}],"version-history":[{"count":8,"href":"https:\/\/sitechecker.pro\/pt\/wp-json\/wp\/v2\/pages\/29818\/revisions"}],"predecessor-version":[{"id":39346,"href":"https:\/\/sitechecker.pro\/pt\/wp-json\/wp\/v2\/pages\/29818\/revisions\/39346"}],"wp:attachment":[{"href":"https:\/\/sitechecker.pro\/pt\/wp-json\/wp\/v2\/media?parent=29818"}],"wp:term":[{"taxonomy":"category","embeddable":true,"href":"https:\/\/sitechecker.pro\/pt\/wp-json\/wp\/v2\/categories?post=29818"},{"taxonomy":"post_tag","embeddable":true,"href":"https:\/\/sitechecker.pro\/pt\/wp-json\/wp\/v2\/tags?post=29818"}],"curies":[{"name":"wp","href":"https:\/\/api.w.org\/{rel}","templated":true}]}}