{"id":29810,"date":"2024-01-22T15:46:39","date_gmt":"2024-01-22T15:46:39","guid":{"rendered":"https:\/\/sitechecker.pro\/?page_id=29810"},"modified":"2026-02-19T15:12:39","modified_gmt":"2026-02-19T15:12:39","slug":"dofollow-link-checker-detect-follow-links-link-errors","status":"publish","type":"page","link":"https:\/\/sitechecker.pro\/pt\/dofollow-link-checker\/","title":{"rendered":"Verificador de links dofollow | Detete links dofollow e erros de links"},"content":{"rendered":"<p><\/p>\n<h2 id=\"par1\">O que \u00e9 um Dofollow Link Checker?<\/h2>\n<p> Um Dofollow Link Detector da <a href=\"https:\/\/sitechecker.pro\/\" target=\"_blank\" rel=\"noopener noreferrer\">Sitechecker<\/a> \u00e9 uma ferramenta para identificar e analisar links <a href=\"https:\/\/sitechecker.pro\/what-is-dofollow-link\/\" target=\"_blank\" rel=\"noopener noreferrer\">dofollow<\/a> em um site ou em uma p\u00e1gina espec\u00edfica.<\/p>\n<p>Essa ferramenta tamb\u00e9m facilita a verifica\u00e7\u00e3o dos c\u00f3digos de status das URLs internas e a an\u00e1lise de seus textos \u00e2ncora. Al\u00e9m disso, ela realiza uma auditoria t\u00e9cnica do seu site, identificando e relatando quaisquer problemas relacionados \u00e0s p\u00e1ginas. Isso inclui a avalia\u00e7\u00e3o do impacto e da qualidade das p\u00e1ginas.<\/p>\n<h3>A ferramenta pode ajudar voc\u00ea de v\u00e1rias formas<\/h3>\n<p> <strong>Identifica\u00e7\u00e3o de links Dofollow: <\/strong>projetada para detectar e listar todas as URLs de uma p\u00e1gina que n\u00e3o possuem o atributo rel=&#8221;<a href=\"https:\/\/sitechecker.pro\/nofollow-link-checker\/\" target=\"_blank\" rel=\"noopener noreferrer\">nofollow<\/a>&#8220;. Isso permite identificar quais URLs est\u00e3o potencialmente transmitindo autoridade de p\u00e1gina para fins de SEO.<\/p>\n<p><strong>Verifica\u00e7\u00e3o de c\u00f3digos de status para URLs internas Dofollow: <\/strong>verifique os c\u00f3digos de status HTTP das URLs internas do seu site que est\u00e3o marcadas como dofollow.<\/p>\n<p><strong>Identifica\u00e7\u00e3o e relat\u00f3rio de erros ou problemas relacionados a links Follow: <\/strong>voltada para identificar e relatar erros ou problemas especificamente associados aos atributos follow. Isso inclui URLs quebradas, estruturas incorretas e outros erros relacionados.<\/p>\n<h3>Principais recursos da ferramenta<\/h3>\n<p> <strong>Painel unificado: <\/strong>esse recurso permite monitorar todas as m\u00e9tricas importantes em um \u00fanico painel f\u00e1cil de navegar. Essa centraliza\u00e7\u00e3o simplifica a an\u00e1lise e o teste de novas hip\u00f3teses de SEO, oferecendo uma vis\u00e3o completa do desempenho do seu site.<\/p>\n<p><strong>Interface amig\u00e1vel: <\/strong>a ferramenta \u00e9 projetada com foco na experi\u00eancia do usu\u00e1rio, garantindo que mesmo pessoas sem amplo conhecimento em SEO consigam navegar e utilizar seus recursos de forma eficaz. Isso inclui uma apresenta\u00e7\u00e3o clara dos dados e guias passo a passo para resolver os problemas identificados.<\/p>\n<p><strong>Conjunto completo de ferramentas de SEO: <\/strong>oferece uma su\u00edte robusta de ferramentas de SEO, reunidas em dois recursos principais: o Rank Tracker, que importa e atualiza palavras-chave de posicionamento, oferece suporte a v\u00e1rios mecanismos de busca e fornece insights sobre as p\u00e1ginas com melhor desempenho; e o recurso de Site Monitoring, que escaneia sites em busca de atualiza\u00e7\u00f5es como mudan\u00e7as de conte\u00fado e URLs quebradas, essencial para acompanhar modifica\u00e7\u00f5es relacionadas a CMS, temas e plugins, etc.<\/p>\n<h2 id=\"par2\">Como usar a ferramenta<\/h2>\n<h3>Passo 1: Para iniciar a an\u00e1lise, basta inserir o nome do dom\u00ednio ou a URL de uma p\u00e1gina espec\u00edfica e aguardar o resultado<\/h3>\n<div class=\"content__img-wrap\"><img src=\"https:\/\/sitechecker.pro\/wp-content\/uploads\/2024\/01\/dofollow-link-checker.png\" alt=\"Dofollow Link Checker\" class=\"description-img description-img-zoom\" loading=\"lazy\" ><\/div>\n<h3>Passo 2: Obter resultados<\/h3>\n<p> O Dofollow Link Finder oferece uma an\u00e1lise detalhada dos links internos e externos de um site. Ele mostra cada URL e seu c\u00f3digo de status HTTP, identificando redirecionamentos ou URLs quebradas. A ferramenta tamb\u00e9m diferencia links \u201cdofollow\u201d e \u201cnofollow\u201d, ajudando a preservar a autoridade de SEO. Al\u00e9m disso, ela analisa os textos \u00e2ncora para garantir que fortale\u00e7am o SEO, o que \u00e9 vital para melhorar o posicionamento do site nos mecanismos de busca.<\/p>\n<div class=\"content__img-wrap\"><img src=\"https:\/\/sitechecker.pro\/wp-content\/uploads\/2024\/01\/page-details-dofollow.png\" alt=\"Page Details Dofollow\" class=\"description-img description-img-zoom\" loading=\"lazy\" ><\/div>\n<h2 id=\"par3\">Recursos adicionais<\/h2>\n<p> A se\u00e7\u00e3o Site Audit fornece uma vis\u00e3o geral abrangente da sa\u00fade de SEO de um site, mostrando m\u00e9tricas importantes como o n\u00famero de problemas cr\u00edticos, avisos, oportunidades de melhoria e notifica\u00e7\u00f5es. O Website Score oferece uma representa\u00e7\u00e3o visual r\u00e1pida do desempenho atual de SEO do site.<\/p>\n<p>A ferramenta identifica URLs n\u00e3o indexadas que foram marcadas incorretamente como \u201cfollow\u201d, evitando assim um rastreamento direcionado de forma inadequada pelos mecanismos de busca. Ela tamb\u00e9m detecta p\u00e1ginas que recebem sinais mistos de \u201cfollow\u201d e \u201cnofollow\u201d, esclarecendo a autoridade da p\u00e1gina para os motores de busca. Destaca p\u00e1ginas com poucas URLs internas \u201cfollow\u201d, o que pode limitar seu potencial de ranqueamento. Al\u00e9m disso, o checker garante que os textos \u00e2ncora dos atributos \u201cfollow\u201d sejam descritivos, ajudando os mecanismos de busca a compreender melhor o contexto do conte\u00fado vinculado. Com esses insights, os webmasters podem ajustar a estrat\u00e9gia do site para obter melhores resultados de SEO.<\/p>\n<div class=\"content__img-wrap\"><img src=\"https:\/\/sitechecker.pro\/wp-content\/uploads\/2024\/01\/follow-links-issues.png\" alt=\"Follow Links Issues\" class=\"description-img description-img-zoom\" loading=\"lazy\" ><\/div>\n<h2 id=\"par4\">Ideia final<\/h2>\n<p> O Dofollow Link Analyzer \u00e9 uma ferramenta completa projetada para identificar atributos \u201cdofollow\u201d que influenciam a autoridade de SEO. Ele simplifica a auditoria do site ao oferecer um painel unificado para o monitoramento f\u00e1cil das m\u00e9tricas de SEO e fornece uma interface amig\u00e1vel, adequada at\u00e9 mesmo para usu\u00e1rios com experi\u00eancia limitada em SEO. Seu amplo conjunto de ferramentas de SEO, incluindo Rank Tracker e Site Monitoring, ajuda a otimizar a estrat\u00e9gia de links de um site e melhora os rankings nos mecanismos de busca ao resolver problemas como URLs \u201cfollow\u201d n\u00e3o indexadas e sinais mistos de \u201cfollow\u201d e \u201cnofollow\u201d. O Dofollow Link Checker \u00e9 essencial para webmasters que desejam melhorar de forma eficaz o desempenho de SEO de seus sites. <\/p>\n<div id=\"par5\"><\/div>\n<p> <div class=\"front__faq-block\"><div class=\"faq__block-title\">FAQ<\/div><div class=\"panel-group\" id=\"faq-accordion\" itemscope itemtype=\"https:\/\/schema.org\/FAQPage\" role=\"tablist\" aria-multiselectable=\"true\"><div class=\"panel\" itemscope itemtype=\"https:\/\/schema.org\/Question\" itemprop=\"mainEntity\">\n                            <div class=\"panel-heading\" id=\"headingFaq-1\">\n                                <div class=\"panel-title\" data-toggle=\"collapse\" aria-expanded=\"false\" href=\"#collapseFaq-1\">\n                                    <h3 itemprop=\"name\">Que tipos de links o Dofollow Link Checker pode analisar?<\/h3>\n                                <\/div>\n                            <\/div>\n                            <div id=\"collapseFaq-1\" class=\"panel-collapse collapse\" itemprop=\"acceptedAnswer\" itemscope itemtype=\"http:\/\/schema.org\/Answer\">\n                                <div class=\"panel-body\" itemprop=\"text\">O Dofollow URL Checker pode analisar tanto p\u00e1ginas \u201cdofollow\u201d internas quanto externas de um site, incluindo seus c\u00f3digos de status HTTP e textos \u00e2ncora.<\/div>\n                            <\/div>\n                        <\/div><div class=\"panel\" itemscope itemtype=\"https:\/\/schema.org\/Question\" itemprop=\"mainEntity\">\n                            <div class=\"panel-heading\" id=\"headingFaq-2\">\n                                <div class=\"panel-title\" data-toggle=\"collapse\" aria-expanded=\"false\" href=\"#collapseFaq-2\">\n                                    <h3 itemprop=\"name\">A ferramenta online Dofollow Link Checker pode detectar links quebrados?<\/h3>\n                                <\/div>\n                            <\/div>\n                            <div id=\"collapseFaq-2\" class=\"panel-collapse collapse\" itemprop=\"acceptedAnswer\" itemscope itemtype=\"http:\/\/schema.org\/Answer\">\n                                <div class=\"panel-body\" itemprop=\"text\">Sim, ela pode identificar URLs quebradas verificando os c\u00f3digos de status HTTP das URLs marcadas como \u201cdofollow\u201d.<\/div>\n                            <\/div>\n                        <\/div><div class=\"panel\" itemscope itemtype=\"https:\/\/schema.org\/Question\" itemprop=\"mainEntity\">\n                            <div class=\"panel-heading\" id=\"headingFaq-3\">\n                                <div class=\"panel-title\" data-toggle=\"collapse\" aria-expanded=\"false\" href=\"#collapseFaq-3\">\n                                    <h3 itemprop=\"name\">Com que frequ\u00eancia um site deve ser auditado com o Dofollow Link Checker?<\/h3>\n                                <\/div>\n                            <\/div>\n                            <div id=\"collapseFaq-3\" class=\"panel-collapse collapse\" itemprop=\"acceptedAnswer\" itemscope itemtype=\"http:\/\/schema.org\/Answer\">\n                                <div class=\"panel-body\" itemprop=\"text\">Auditorias regulares s\u00e3o recomendadas, especialmente ap\u00f3s grandes atualiza\u00e7\u00f5es de conte\u00fado, reestrutura\u00e7\u00f5es ou quando forem observadas mudan\u00e7as no tr\u00e1fego do site. Alguns preferem agendar auditorias mensais ou trimestrais, dependendo do tamanho e da din\u00e2mica do site.<\/div>\n                            <\/div>\n                        <\/div><\/div><\/div><\/p>","protected":false},"excerpt":{"rendered":"O que \u00e9 um Dofollow Link Checker? Um Dofollow Link Detector da Sitechecker \u00e9 uma ferramenta para identificar e analisar links dofollow em um site ou em uma p\u00e1gina espec\u00edfica. Essa ferramenta tamb\u00e9m facilita a verifica\u00e7\u00e3o dos c\u00f3digos de status das URLs internas e a an\u00e1lise de seus textos \u00e2ncora. Al\u00e9m disso, ela realiza uma&#8230;","protected":false},"author":10409641,"featured_media":0,"parent":0,"menu_order":0,"comment_status":"closed","ping_status":"closed","template":"pages-templates\/pages-minitools-3.php","meta":[],"categories":[72],"tags":[],"_links":{"self":[{"href":"https:\/\/sitechecker.pro\/pt\/wp-json\/wp\/v2\/pages\/29810"}],"collection":[{"href":"https:\/\/sitechecker.pro\/pt\/wp-json\/wp\/v2\/pages"}],"about":[{"href":"https:\/\/sitechecker.pro\/pt\/wp-json\/wp\/v2\/types\/page"}],"author":[{"embeddable":true,"href":"https:\/\/sitechecker.pro\/pt\/wp-json\/wp\/v2\/users\/10409641"}],"replies":[{"embeddable":true,"href":"https:\/\/sitechecker.pro\/pt\/wp-json\/wp\/v2\/comments?post=29810"}],"version-history":[{"count":11,"href":"https:\/\/sitechecker.pro\/pt\/wp-json\/wp\/v2\/pages\/29810\/revisions"}],"predecessor-version":[{"id":39378,"href":"https:\/\/sitechecker.pro\/pt\/wp-json\/wp\/v2\/pages\/29810\/revisions\/39378"}],"wp:attachment":[{"href":"https:\/\/sitechecker.pro\/pt\/wp-json\/wp\/v2\/media?parent=29810"}],"wp:term":[{"taxonomy":"category","embeddable":true,"href":"https:\/\/sitechecker.pro\/pt\/wp-json\/wp\/v2\/categories?post=29810"},{"taxonomy":"post_tag","embeddable":true,"href":"https:\/\/sitechecker.pro\/pt\/wp-json\/wp\/v2\/tags?post=29810"}],"curies":[{"name":"wp","href":"https:\/\/api.w.org\/{rel}","templated":true}]}}