{"id":29734,"date":"2024-01-18T17:13:05","date_gmt":"2024-01-18T17:13:05","guid":{"rendered":"https:\/\/sitechecker.pro\/?page_id=29734"},"modified":"2025-04-14T08:35:16","modified_gmt":"2025-04-14T08:35:16","slug":"website-link-counter-url-count-link-analysis-error-detection","status":"publish","type":"page","link":"https:\/\/sitechecker.pro\/pt\/website-link-counter\/","title":{"rendered":"Contador de Links de Sites | Contagem de URLs, An\u00e1lise de Links e Dete\u00e7\u00e3o de Erros"},"content":{"rendered":"<p><\/p>\n<h2 id=\"par1\">O que \u00e9 o contador de liga\u00e7\u00f5es?<\/h2>\n<p>O Contador de Links Internos de Sites do <a href=\"https:\/\/sitechecker.pro\/\" target=\"_blank\" rel=\"noopener noreferrer\">Sitechecker<\/a> \u00e9 uma ferramenta desenvolvida para determinar o n\u00famero total de <a href=\"https:\/\/sitechecker.pro\/what-is-internal-link\/\" target=\"_blank\" rel=\"noopener noreferrer\">URLs num site<\/a> ou p\u00e1gina e oferece uma variedade de recursos para an\u00e1lise de URLs. \u00c9 ben\u00e9fico para identificar quais URLs do seu XML <a href=\"https:\/\/sitechecker.pro\/what-is-sitemap\/\" target=\"_blank\" rel=\"noopener noreferrer\">Sitemap<\/a> s\u00e3o <a href=\"https:\/\/sitechecker.pro\/what-is-google-index\/\" target=\"_blank\" rel=\"noopener noreferrer\">indexados pelos mecanismos de busca do Google<\/a> e detectar quaisquer erros nos hiperlinks do seu site.<\/p>\n<h3>A ferramenta pode ajud\u00e1-lo<\/h3>\n<p><strong>Contagem total de URLs:<\/strong> Calcula o n\u00famero total de URLs no seu website (links internos, externos, nofollow e dofollow)<\/p>\n<p><strong>An\u00e1lise de links:<\/strong> identifica URLs internos e externos no seu website e p\u00e1gina que s\u00e3o indexados pelos motores de busca Google.<\/p>\n<p><strong>Dete\u00e7\u00e3o de erros:<\/strong> deteta quaisquer erros presentes nas hiperliga\u00e7\u00f5es do seu website.<\/p>\n<h3>Principais caracter\u00edsticas da ferramenta<\/h3>\n<p><strong>Painel unificado:<\/strong> fornece uma vis\u00e3o central e abrangente do desempenho e das m\u00e9tricas de SEO do seu website, facilitando a monitoriza\u00e7\u00e3o e a an\u00e1lise de dados.<\/p>\n<p><strong>Interface de f\u00e1cil utiliza\u00e7\u00e3o:<\/strong> Concebida para facilitar a utiliza\u00e7\u00e3o, garantindo que mesmo os utilizadores com conhecimentos t\u00e9cnicos limitados podem navegar e utilizar a ferramenta de forma eficaz.<\/p>\n<p><strong>Conjunto completo de ferramentas de SEO:<\/strong> Oferece uma vasta gama de ferramentas de SEO, abrangendo v\u00e1rios aspetos, tais como an\u00e1lise, pesquisa de palavras-chave, auditorias de websites e monitoriza\u00e7\u00e3o de desempenho, tornando-se uma solu\u00e7\u00e3o vers\u00e1til para as necessidades de SEO.<\/p>\n<h2 id=\"par2\">Como utilizar a ferramenta Contador de liga\u00e7\u00f5es<\/h2>\n<p>Existem duas abordagens para contar links de um site: utilizando o m\u00e9todo de dom\u00ednio ou verificando uma p\u00e1gina espec\u00edfica. Opte pelo m\u00e9todo de dom\u00ednio para contar todos os endere\u00e7os URL de um site e verificar se existem problemas com os endere\u00e7os URL. Em alternativa, o m\u00e9todo URL \u00e9 ideal para analisar uma p\u00e1gina espec\u00edfica, capturando todos os seus endere\u00e7os URL e dados relacionados, como c\u00f3digos de estado. Basta selecionar o m\u00e9todo que se adequa \u00e0s suas necessidades, introduzir o dom\u00ednio ou URL e clicar em \u201c<a href=\"https:\/\/sitechecker.pro\/link-extractor\/\"> Obter todos os links<\/a>\u201d<\/p>\n<div class=\"content__img-wrap\"><img src=\"https:\/\/sitechecker.pro\/wp-content\/uploads\/2024\/04\/1-choose-an-audit.png\" alt=\"Contador de links\" class=\"description-img description-img-zoom\" loading=\"lazy\" ><\/div>\n<h2 id=\"par3\">Verifica\u00e7\u00e3o de dom\u00ednios<\/h2>\n<h3>Passo 1: Selecione a op\u00e7\u00e3o de dom\u00ednio, introduza o dom\u00ednio que pretende analisar e pressione o bot\u00e3o \u201cObter todos os links\u201d<\/h3>\n<div class=\"content__img-wrap\"><img src=\"https:\/\/sitechecker.pro\/wp-content\/uploads\/2024\/04\/2-get-all-link-from-a-website.png\" alt=\"Contador de links Verificar dom\u00ednio\" class=\"description-img description-img-zoom\" loading=\"lazy\" ><\/div>\n<div class=\"important-block\">Para receber resultados e acesso \u00e0s funcionalidades do Sitechecker durante 14 dias, inicie o seu teste GRATUITO. \u00c9 f\u00e1cil registar-se com o seu e-mail, conta Google ou Facebook. N\u00e3o \u00e9 necess\u00e1rio cart\u00e3o de cr\u00e9dito.<\/div>\n<h3>Passo 2. Resultados<\/h3>\n<p>O Contador de Links \u00e9 especialista na identifica\u00e7\u00e3o de v\u00e1rios problemas de hiperliga\u00e7\u00f5es, como URLs internos \u00f3rf\u00e3os e inadequados. Quantifica problemas cr\u00edticos e fornece uma contagem clara de avisos e oportunidades de melhoria. Ao categorizar as p\u00e1ginas afetadas, pode priorizar as corre\u00e7\u00f5es relacionadas com SEO, melhorando a estrutura de endere\u00e7os URL do seu website e a visibilidade nos motores de busca.<\/p>\n<div class=\"content__img-wrap\"><img src=\"https:\/\/sitechecker.pro\/wp-content\/uploads\/2024\/01\/site-audit-links-issues.png\" alt=\"Problemas com links de auditoria do site\" class=\"description-img description-img-zoom\" loading=\"lazy\" ><\/div>\n<p>No ecr\u00e3 Todas as p\u00e1ginas, encontrar\u00e1 a <a href=\"https:\/\/sitechecker.pro\/page-counter\/\" data-wpil-monitor-id=\"143\">contagem total de p\u00e1ginas do seu site<\/a>, uma lista com todas as p\u00e1ginas, os seus c\u00f3digos de resposta e valores de peso da p\u00e1gina.<\/p>\n<p>Na ferramenta Contador de liga\u00e7\u00f5es, a funcionalidade &#8220;Todas as p\u00e1ginas HTML&#8221; apresenta uma lista abrangente de todas as p\u00e1ginas do seu website que foram rastreadas.<\/p>\n<p>Para cada p\u00e1gina, a ferramenta fornece m\u00e9tricas detalhadas, como a contagem de hiperliga\u00e7\u00f5es externas, de entrada e internas. Isto permite-lhe avaliar sistematicamente a estrutura de endere\u00e7os de hiperliga\u00e7\u00f5es do seu website e tomar decis\u00f5es informadas para SEO e manuten\u00e7\u00e3o da sa\u00fade do website.<\/p>\n<div class=\"content__img-wrap\"><img src=\"https:\/\/sitechecker.pro\/wp-content\/uploads\/2024\/01\/all-html-pages-1.png\" alt=\"Todas as p\u00e1ginas HTML\" class=\"description-img description-img-zoom\" loading=\"lazy\" ><\/div>\n<h3>Caracter\u00edsticas adicionais da verifica\u00e7\u00e3o de dom\u00ednio<\/h3>\n<p>A funcionalidade &#8220;Detalhes da p\u00e1gina&#8221; da ferramenta Contador de links fornece uma an\u00e1lise aprofundada dos URLs internos de uma p\u00e1gina espec\u00edfica no seu website. Lista cada link interno encontrado na p\u00e1gina selecionada, juntamente com o seu c\u00f3digo de estado e se est\u00e1 marcado como &#8220;dofollow&#8221; ou &#8220;nofollow&#8221; para os rastreadores de motores de busca. Esta sec\u00e7\u00e3o permite monitorizar a conectividade e a compatibilidade com SEO da estrutura de endere\u00e7os da sua p\u00e1gina interna, garantindo que as p\u00e1ginas importantes est\u00e3o acess\u00edveis e que o valor da p\u00e1gina est\u00e1 a ser transmitido eficazmente por todo o seu website.<\/p>\n<div class=\"content__img-wrap\"><img src=\"https:\/\/sitechecker.pro\/wp-content\/uploads\/2024\/01\/page-details-links.png\" alt=\"Links de detalhes da p\u00e1gina\" class=\"description-img description-img-zoom\" loading=\"lazy\" ><\/div>\n<h2 id=\"par4\">Verifica\u00e7\u00e3o de p\u00e1gina<\/h2>\n<p>Clique no bot\u00e3o \u201cVerificar p\u00e1gina\u201d para inicializar a an\u00e1lise de uma p\u00e1gina<\/p>\n<div class=\"content__img-wrap\"><img src=\"https:\/\/sitechecker.pro\/wp-content\/uploads\/2024\/04\/3-Get-all-links-from-a-page.png\" alt=\"P\u00e1gina de verifica\u00e7\u00e3o do contador de links\" class=\"description-img description-img-zoom\" loading=\"lazy\" ><\/div>\n<p>A ferramenta Contador de liga\u00e7\u00f5es de p\u00e1ginas apresenta uma vis\u00e3o geral estruturada de um URL espec\u00edfico. Identifica endere\u00e7os URL externos, que s\u00e3o aqueles que levam a outros sites, juntamente com os seus respetivos URLs, textos \u00e2ncora e c\u00f3digos de resposta HTTP, garantindo que pode verificar se esses endere\u00e7os de p\u00e1gina levam a p\u00e1ginas ativas e relevantes.<\/p>\n<p>Entretanto, tamb\u00e9m detalha URLs internos, abrangendo todos os elementos de navega\u00e7\u00e3o do seu website. Isto inclui os URLs e os textos utilizados para ligar, juntamente com os seus c\u00f3digos de estado para confirmar a sua integridade operacional.<\/p>\n<p>Al\u00e9m disso, a ferramenta destaca URLs de subdom\u00ednios, fornecendo informa\u00e7\u00f5es sobre como os subdom\u00ednios do seu dom\u00ednio principal est\u00e3o interligados. Exibe o URL e o texto \u00e2ncora descritivo para cada endere\u00e7o de p\u00e1gina, bem como os seus c\u00f3digos de resposta, dando uma imagem clara da sa\u00fade e estrutura da sua rede de sites mais ampla.<\/p>\n<div class=\"content__img-wrap\"><img src=\"https:\/\/sitechecker.pro\/wp-content\/uploads\/2024\/01\/external-internal-subdomain-links.png\" alt=\"Links de subdom\u00ednio interno externo\" class=\"description-img description-img-zoom\" loading=\"lazy\" ><\/div>\n<p>Lembre-se que auditar uma \u00fanica p\u00e1gina pode n\u00e3o melhorar muito o SEO do seu website. Para uma avalia\u00e7\u00e3o abrangente, selecione &#8220;Executar uma auditoria completa do website&#8221;. Esta op\u00e7\u00e3o \u00e9 detalhada na parte inicial do nosso manual, explicando os dados que receber\u00e1 de uma inspe\u00e7\u00e3o completa do local.<\/p>\n<p>Al\u00e9m disso, visite a sec\u00e7\u00e3o &#8220;Auditoria do Website&#8221; para iniciar o nosso projeto de demonstra\u00e7\u00e3o. Isto permitir-lhe-\u00e1 experimentar todos os recursos da ferramenta e obter insights essenciais sobre o desempenho do seu website.<\/p>\n<div class=\"content__img-wrap\"><img src=\"https:\/\/sitechecker.pro\/wp-content\/uploads\/2024\/01\/run-full-website-audit-3.png\" alt=\"Executar auditoria completa do site\" class=\"description-img description-img-zoom\" loading=\"lazy\" ><\/div>\n<p><iframe width=\"700\" height=\"350\" src=\"https:\/\/www.youtube.com\/embed\/-cexaqBe4KQ?si=PhGWgldVUcxNCsqq&amp;start=213\" title=\"Player de v\u00eddeo do YouTube\" frameborder=\"0\" allow=\"aceler\u00f3metro; reprodu\u00e7\u00e3o autom\u00e1tica; grava\u00e7\u00e3o na \u00e1rea de transfer\u00eancia; media encriptada; girosc\u00f3pio; imagem na imagem; partilha na web\" ><\/iframe><\/p>\n<h3>Recursos adicionais de verifica\u00e7\u00e3o do contador de liga\u00e7\u00f5es de p\u00e1ginas<\/h3>\n<p>A funcionalidade \u201cDetalhes da p\u00e1gina\u201d da ferramenta Contador de links fornece uma an\u00e1lise aprofundada dos URLs internos para uma p\u00e1gina espec\u00edfica no seu website. Lista cada link interno encontrado na p\u00e1gina selecionada, juntamente com o seu c\u00f3digo de estado e se est\u00e1 marcado como \u201cdofollow\u201d ou \u201cnofollow\u201d para os rastreadores de motores de busca. Esta sec\u00e7\u00e3o permite monitorizar a conectividade e a compatibilidade com SEO da estrutura de endere\u00e7os da sua p\u00e1gina interna, garantindo que as p\u00e1ginas importantes est\u00e3o acess\u00edveis e que o valor da p\u00e1gina est\u00e1 a ser transmitido eficazmente por todo o seu website. Al\u00e9m disso, utilizando a ferramenta <a href=\"https:\/\/sitechecker.pro\/directory-scanner\/\"> Contador de p\u00e1ginas<\/a>, pode controlar o n\u00famero total de p\u00e1ginas no seu website, ajudando a manter uma estrutura bem organizada e garantindo que todas as p\u00e1ginas s\u00e3o indexadas e otimizadas corretamente para os motores de busca.<\/p>\n<div class=\"content__img-wrap\"><img src=\"https:\/\/sitechecker.pro\/wp-content\/uploads\/2024\/01\/issues-overview-5.png\" alt=\"Vis\u00e3o geral dos problemas\" class=\"description-img description-img-zoom\" loading=\"lazy\" ><\/div>\n<h2 id=\"par5\">Ideia Final<\/h2>\n<p>O Website Link Counter Checker surge como uma ferramenta indispens\u00e1vel para qualquer webmaster que pretenda melhorar o SEO do seu website. Ao oferecer uma an\u00e1lise completa de URLs, incluindo a contagem total de URLs, an\u00e1lise de links e dete\u00e7\u00e3o de erros, fornece uma plataforma robusta para otimizar a estrutura de links do seu website. A sua interface de f\u00e1cil utiliza\u00e7\u00e3o, painel unificado e conjunto completo de ferramentas de SEO permitem aos utilizadores conduzir auditorias abrangentes do website, monitorizar o desempenho e tomar decis\u00f5es informadas.<\/p>\n<div id=\"par6\"><\/div>\n<p><div class=\"front__faq-block\"><div class=\"faq__block-title\">FAQ<\/div><div class=\"panel-group\" id=\"faq-accordion\" itemscope itemtype=\"https:\/\/schema.org\/FAQPage\" role=\"tablist\" aria-multiselectable=\"true\"><div class=\"panel\" itemscope itemtype=\"https:\/\/schema.org\/Question\" itemprop=\"mainEntity\">\n                            <div class=\"panel-heading\" id=\"headingFaq-1\">\n                                <div class=\"panel-title\" data-toggle=\"collapse\" aria-expanded=\"false\" href=\"#collapseFaq-1\">\n                                    <h3 itemprop=\"name\">Que tipo de liga\u00e7\u00f5es analisa a ferramenta Contador de Links?<\/h3>\n                                <\/div>\n                            <\/div>\n                            <div id=\"collapseFaq-1\" class=\"panel-collapse collapse\" itemprop=\"acceptedAnswer\" itemscope itemtype=\"http:\/\/schema.org\/Answer\">\n                                <div class=\"panel-body\" itemprop=\"text\">A ferramenta Contador de endere\u00e7os URL analisa links internos, externos, dofollow e nofollow dentro de um site.<\/div>\n                            <\/div>\n                        <\/div><div class=\"panel\" itemscope itemtype=\"https:\/\/schema.org\/Question\" itemprop=\"mainEntity\">\n                            <div class=\"panel-heading\" id=\"headingFaq-2\">\n                                <div class=\"panel-title\" data-toggle=\"collapse\" aria-expanded=\"false\" href=\"#collapseFaq-2\">\n                                    <h3 itemprop=\"name\">O Link Count Analyser pode identificar problemas de SEO relacionados com hiperliga\u00e7\u00f5es?<\/h3>\n                                <\/div>\n                            <\/div>\n                            <div id=\"collapseFaq-2\" class=\"panel-collapse collapse\" itemprop=\"acceptedAnswer\" itemscope itemtype=\"http:\/\/schema.org\/Answer\">\n                                <div class=\"panel-body\" itemprop=\"text\">Sim, pode detetar URLs \u00f3rf\u00e3os e endere\u00e7os de p\u00e1ginas internas inadequados e fornecer uma contagem de avisos e oportunidades para a melhoria do SEO.<\/div>\n                            <\/div>\n                        <\/div><div class=\"panel\" itemscope itemtype=\"https:\/\/schema.org\/Question\" itemprop=\"mainEntity\">\n                            <div class=\"panel-heading\" id=\"headingFaq-3\">\n                                <div class=\"panel-title\" data-toggle=\"collapse\" aria-expanded=\"false\" href=\"#collapseFaq-3\">\n                                    <h3 itemprop=\"name\">O Identificador de Contagem de Links \u00e9 adequado para utilizadores n\u00e3o t\u00e9cnicos?<\/h3>\n                                <\/div>\n                            <\/div>\n                            <div id=\"collapseFaq-3\" class=\"panel-collapse collapse\" itemprop=\"acceptedAnswer\" itemscope itemtype=\"http:\/\/schema.org\/Answer\">\n                                <div class=\"panel-body\" itemprop=\"text\">Com certeza, foi concebido com uma interface amig\u00e1vel que permite que aqueles com conhecimentos t\u00e9cnicos limitados naveguem e utilizem a ferramenta facilmente.<\/div>\n                            <\/div>\n                        <\/div><div class=\"panel\" itemscope itemtype=\"https:\/\/schema.org\/Question\" itemprop=\"mainEntity\">\n                            <div class=\"panel-heading\" id=\"headingFaq-4\">\n                                <div class=\"panel-title\" data-toggle=\"collapse\" aria-expanded=\"false\" href=\"#collapseFaq-4\">\n                                    <h3 itemprop=\"name\">O que envolve uma auditoria completa de website em compara\u00e7\u00e3o com uma auditoria de p\u00e1gina \u00fanica?<\/h3>\n                                <\/div>\n                            <\/div>\n                            <div id=\"collapseFaq-4\" class=\"panel-collapse collapse\" itemprop=\"acceptedAnswer\" itemscope itemtype=\"http:\/\/schema.org\/Answer\">\n                                <div class=\"panel-body\" itemprop=\"text\">Uma auditoria completa do website fornece uma vis\u00e3o abrangente da sa\u00fade geral do website, incluindo todas as p\u00e1ginas, enquanto uma auditoria de p\u00e1gina \u00fanica se concentra nos endere\u00e7os URL e nos elementos de SEO de uma p\u00e1gina.<\/div>\n                            <\/div>\n                        <\/div><\/div><\/div><\/p>","protected":false},"excerpt":{"rendered":"O que \u00e9 o contador de liga\u00e7\u00f5es? O Contador de Links Internos de Sites do Sitechecker \u00e9 uma ferramenta desenvolvida para determinar o n\u00famero total de URLs num site ou p\u00e1gina e oferece uma variedade de recursos para an\u00e1lise de URLs. \u00c9 ben\u00e9fico para identificar quais URLs do seu XML Sitemap s\u00e3o indexados pelos mecanismos&#8230;","protected":false},"author":10409641,"featured_media":0,"parent":0,"menu_order":0,"comment_status":"closed","ping_status":"closed","template":"pages-templates\/pages-minitools-3.php","meta":[],"categories":[72],"tags":[],"_links":{"self":[{"href":"https:\/\/sitechecker.pro\/pt\/wp-json\/wp\/v2\/pages\/29734"}],"collection":[{"href":"https:\/\/sitechecker.pro\/pt\/wp-json\/wp\/v2\/pages"}],"about":[{"href":"https:\/\/sitechecker.pro\/pt\/wp-json\/wp\/v2\/types\/page"}],"author":[{"embeddable":true,"href":"https:\/\/sitechecker.pro\/pt\/wp-json\/wp\/v2\/users\/10409641"}],"replies":[{"embeddable":true,"href":"https:\/\/sitechecker.pro\/pt\/wp-json\/wp\/v2\/comments?post=29734"}],"version-history":[{"count":5,"href":"https:\/\/sitechecker.pro\/pt\/wp-json\/wp\/v2\/pages\/29734\/revisions"}],"predecessor-version":[{"id":36586,"href":"https:\/\/sitechecker.pro\/pt\/wp-json\/wp\/v2\/pages\/29734\/revisions\/36586"}],"wp:attachment":[{"href":"https:\/\/sitechecker.pro\/pt\/wp-json\/wp\/v2\/media?parent=29734"}],"wp:term":[{"taxonomy":"category","embeddable":true,"href":"https:\/\/sitechecker.pro\/pt\/wp-json\/wp\/v2\/categories?post=29734"},{"taxonomy":"post_tag","embeddable":true,"href":"https:\/\/sitechecker.pro\/pt\/wp-json\/wp\/v2\/tags?post=29734"}],"curies":[{"name":"wp","href":"https:\/\/api.w.org\/{rel}","templated":true}]}}