{"id":29720,"date":"2024-01-18T16:07:02","date_gmt":"2024-01-18T16:07:02","guid":{"rendered":"https:\/\/sitechecker.pro\/?page_id=29720"},"modified":"2025-05-02T12:58:21","modified_gmt":"2025-05-02T12:58:21","slug":"http-header-checker-tool-detect-fix-server-header-issues","status":"publish","type":"page","link":"https:\/\/sitechecker.pro\/pt\/http-header-checker\/","title":{"rendered":"Verificando o cabe\u00e7alho HTTP"},"content":{"rendered":"<p><\/p>\n<h2 id=\"par1\">O que \u00e9 o HTTP Header Checker?<\/h2>\n<p>O HTTP Header Checker do <a href=\"https:\/\/sitechecker.pro\/\" target=\"_blank\" rel=\"noopener noreferrer\">Sitechecker<\/a> \u00e9 uma ferramenta de diagn\u00f3stico que examina os cabe\u00e7alhos HTTP enviados por um servidor web em resposta a pedidos de clientes. Fornece uma an\u00e1lise abrangente dos cabe\u00e7alhos de cada p\u00e1gina de um website, detetando problemas comuns, como incompatibilidades nas tags can\u00f3nicas, discrep\u00e2ncias nas diretivas nofollow e noindex e implementa\u00e7\u00f5es incorretas de redireccionamento HTTPS. A ferramenta avalia ainda a utiliza\u00e7\u00e3o de tags can\u00f3nicas nos cabe\u00e7alhos HTML e HTTP, oferecendo solu\u00e7\u00f5es detalhadas para corrigir eventuais problemas identificados.<\/p>\n<h3>Como \u00e9 que a ferramenta o pode ajudar?<\/h3>\n<p><strong>Exibi\u00e7\u00e3o de cabe\u00e7alhos de resposta:<\/strong> apresenta cabe\u00e7alhos de resposta HTTP enviados pelo servidor, fornecendo informa\u00e7\u00f5es como o tipo de conte\u00fado, o tipo de servidor, as pol\u00edticas de cache, a codifica\u00e7\u00e3o de conte\u00fado e os c\u00f3digos de estado.<\/p>\n<p><strong><a href=\"https:\/\/sitechecker.pro\/http-monitoring\/\" target=\"_blank\" rel=\"noopener noreferrer\">Monitorizar problemas de cabe\u00e7alhos HTTP<\/a>: <\/strong>identifica problemas nos seus cabe\u00e7alhos HTTP, como tags e directivas incompat\u00edveis ou em falta. Isto inclui problemas como incompatibilidades de tags can\u00f3nicas, inconsist\u00eancias nas diretivas nofollow e noindex e redireccionamentos HTTPS impr\u00f3prios.<\/p>\n<p><strong>Forne\u00e7a dados abrangentes sobre como corrigir problemas:<\/strong> oferece orienta\u00e7\u00f5es detalhadas sobre como resolver problemas identificados de cabe\u00e7alho HTTP. Isto inclui instru\u00e7\u00f5es passo a passo para corrigir incompatibilidades, implementar marca\u00e7\u00f5es e diretivas adequadas e garantir a configura\u00e7\u00e3o ideal do cabe\u00e7alho para SEO.<\/p>\n<h3>Principais caracter\u00edsticas do verificador de cabe\u00e7alho HTTP<\/h3>\n<p><strong>Painel unificado:<\/strong> centraliza todos os dados e m\u00e9tricas de SEO para uma f\u00e1cil monitoriza\u00e7\u00e3o e an\u00e1lise, simplificando a gest\u00e3o de campanhas de SEO.<\/p>\n<p><strong>Interface de f\u00e1cil utiliza\u00e7\u00e3o:<\/strong> Concebida para ser f\u00e1cil de utilizar, tornando as ferramentas de SEO acess\u00edveis a utilizadores de todos os n\u00edveis de compet\u00eancias, incluindo principiantes.<\/p>\n<p><strong>Conjunto completo de ferramentas de SEO:<\/strong> oferece um conjunto abrangente de ferramentas que abrangem todos os aspetos de SEO, incluindo pesquisa de palavras-chave, auditorias de websites e an\u00e1lise de backlinks.<\/p>\n<h2 id=\"par2\">Como utilizar a ferramenta<\/h2>\n<p>O HTTP Header Checker da Sitechecker \u00e9 uma ferramenta f\u00e1cil de utilizar, concebida para analisar cabe\u00e7alhos HTTP de p\u00e1ginas individuais e dom\u00ednios inteiros. Permite avaliar e corrigir facilmente problemas comuns de cabe\u00e7alho, garantindo o desempenho ideal do website e a efici\u00eancia de SEO. Basta selecionar um dom\u00ednio ou uma \u00fanica p\u00e1gina para iniciar a verifica\u00e7\u00e3o.<\/p>\n<div class=\"content__img-wrap\"><img src=\"https:\/\/sitechecker.pro\/wp-content\/uploads\/2024\/08\/1-Selector-HTTP-min.png\" alt=\"Verificador de Cabe\u00e7alho HTTP\" class=\"description-img description-img-zoom\" loading=\"lazy\" ><\/div>\n<h2 id=\"par3\">Verifica\u00e7\u00e3o de dom\u00ednios<\/h2>\n<h3>Passo 1: Para verificar um dom\u00ednio, clique no bot\u00e3o designado para iniciar o processo de digitaliza\u00e7\u00e3o<\/h3>\n<div class=\"content__img-wrap\"><img src=\"https:\/\/sitechecker.pro\/wp-content\/uploads\/2024\/08\/2-HTTP-Headers-Domain-Check-min.png\" alt=\"Dom\u00ednio do Verificador de Cabe\u00e7alho HTTP\" class=\"description-img description-img-zoom\" loading=\"lazy\" ><\/div>\n<div class=\"important-block\">Para receber resultados e acesso \u00e0s funcionalidades do Sitechecker durante 14 dias, inicie o seu teste GRATUITO. \u00c9 f\u00e1cil registar-se com o seu e-mail, conta Google ou Facebook. N\u00e3o \u00e9 necess\u00e1rio cart\u00e3o de cr\u00e9dito.<\/div>\n<h3>Etapa 2: Resultados<\/h3>\n<p>O HTTP Header Checker verifica meticulosamente inconsist\u00eancias espec\u00edficas no cabe\u00e7alho HTTP, vitais para o SEO e funcionalidade, como tags can\u00f3nicas incompat\u00edveis que podem enganar os motores de busca ao determinar a vers\u00e3o autorizada de uma p\u00e1gina. Identifica erros de alinhamento entre as diretivas nofollow e noindex nos cabe\u00e7alhos HTML e HTTP, afetando a forma como os motores de busca rastreiam e indexam o conte\u00fado.<\/p>\n<p>Al\u00e9m disso, a ferramenta verifica a precis\u00e3o dos redirecionamentos HTTP e HTTPS nos cabe\u00e7alhos de resposta \u2014 essenciais para a seguran\u00e7a e SEO \u2014 e verifica se as tags can\u00f3nicas s\u00e3o apresentadas de forma consistente nos cabe\u00e7alhos HTML e HTTP para evitar problemas de conte\u00fado duplicado, garantindo assim clareza para os algoritmos dos motores de busca.<\/p>\n<div class=\"content__img-wrap\"><img src=\"https:\/\/sitechecker.pro\/wp-content\/uploads\/2024\/01\/site-audit-header-issues.png\" alt=\"Problemas de cabe\u00e7alho de auditoria do site\" class=\"description-img description-img-zoom\" loading=\"lazy\" ><\/div>\n<p>Para configurar alertas autom\u00e1ticos para altera\u00e7\u00f5es nos cabe\u00e7alhos HTTP, navegue at\u00e9 \u00e0s defini\u00e7\u00f5es do projeto na parte superior do ecr\u00e3. De seguida, na sec\u00e7\u00e3o Alertas e relat\u00f3rios, selecione &#8220;Enviar-me um alerta quando os cabe\u00e7alhos HTTP forem alterados&#8221;. Receber\u00e1 automaticamente notifica\u00e7\u00f5es por e-mail sobre quaisquer altera\u00e7\u00f5es.<\/p>\n<div class=\"content__img-wrap\"><img src=\"https:\/\/sitechecker.pro\/wp-content\/uploads\/2024\/04\/Send-me-an-alert-when-HTTP-headers-changed.png\" alt=\"Envie-me um alerta quando os cabe\u00e7alhos HTTP forem alterados\" class=\"description-img description-img-zoom\" loading=\"lazy\" ><\/div>\n<h3>Caracter\u00edsticas adicionais da ferramenta<\/h3>\n<p>Clique no separador &#8220;Ver todas as p\u00e1ginas&#8221; para exibir todos os URLs do seu website, juntamente com as suas defini\u00e7\u00f5es. Para visualizar os detalhes de uma p\u00e1gina espec\u00edfica, basta clicar na p\u00e1gina pretendida e ser\u00e1 apresentada uma descri\u00e7\u00e3o do seu cabe\u00e7alho HTTP.<\/p>\n<p>A ferramenta apresenta cabe\u00e7alhos de resposta HTTP do servidor, detalhando elementos como a data e hora da resposta, o tipo de conte\u00fado, o estado da liga\u00e7\u00e3o do servidor e os protocolos de seguran\u00e7a.<\/p>\n<p>Cabe\u00e7alhos-chave vis\u00edveis, incluindo &#8216;Content-Type&#8217; e &#8216;Strict-Transport-Security&#8217;, juntamente com detalhes do servidor como &#8216;X-Powered-By&#8217; e &#8216;Server&#8217;, s\u00e3o essenciais para SEO, seguran\u00e7a e funcionalidade do website.<\/p>\n<div class=\"content__img-wrap\"><img src=\"https:\/\/sitechecker.pro\/wp-content\/uploads\/2024\/01\/page-details-http-headers.png\" alt=\"Cabe\u00e7alhos HTTP de detalhes da p\u00e1gina\" class=\"description-img description-img-zoom\" loading=\"lazy\" ><\/div>\n<p>Por exemplo, o cabe\u00e7alho \u2018Strict-Transport-Security\u2019 garante que os browsers estabelecem liga\u00e7\u00f5es exclusivamente atrav\u00e9s de HTTPS, o que significa uma liga\u00e7\u00e3o segura. O acesso a esta informa\u00e7\u00e3o \u00e9 crucial para solucionar problemas de sites relacionados com o cabe\u00e7alho HTTP e verificar se o servidor web est\u00e1 configurado para o m\u00e1ximo desempenho e conformidade com as normas de seguran\u00e7a.<\/p>\n<h2 id=\"par4\">Verifica\u00e7\u00e3o de p\u00e1gina<\/h2>\n<h3>Passo 1: Introduza o seu URL espec\u00edfico<\/h3>\n<div class=\"content__img-wrap\"><img src=\"https:\/\/sitechecker.pro\/wp-content\/uploads\/2024\/08\/3-Page-Check-HTTP-Check-min.png\" alt=\"P\u00e1gina do verificador de cabe\u00e7alho HTTP\" class=\"description-img description-img-zoom\" loading=\"lazy\" ><\/div>\n<h3>Passo 2: Obter resultados<\/h3>\n<p>A ferramenta de verifica\u00e7\u00e3o de cabe\u00e7alhos HTTP examina os cabe\u00e7alhos HTTP devolvidos por um servidor web em resposta a um pedido de um URL espec\u00edfico.<\/p>\n<p>Esta ferramenta verifica se a X-Robots-Tag est\u00e1 presente no cabe\u00e7alho HTTP, que \u00e9 uma diretiva que os motores de busca utilizam para determinar como indexar e seguir o conte\u00fado da p\u00e1gina web.<\/p>\n<p>No contexto desta ferramenta, a X-Robots-Tag \u00e9 um elemento importante porque permite controlar a indexa\u00e7\u00e3o de uma p\u00e1gina web mesmo quando outras tags de n\u00edvel HTML podem n\u00e3o estar presentes. \u00c9 particularmente \u00fatil para ficheiros n\u00e3o HTML, como imagens ou PDFs, onde a meta tag robots normal n\u00e3o pode ser utilizada.<\/p>\n<div class=\"content__img-wrap\"><img src=\"https:\/\/sitechecker.pro\/wp-content\/uploads\/2024\/01\/indexation-check.png\" alt=\"Verifica\u00e7\u00e3o de indexa\u00e7\u00e3o\" class=\"description-img description-img-zoom\" loading=\"lazy\" ><\/div>\n<p>Para compreender completamente a funcionalidade dos cabe\u00e7alhos HTTP no seu website, pode ser insuficiente examinar apenas uma \u00fanica p\u00e1gina. Uma revis\u00e3o mais ampla \u00e9 recomendada para uma compreens\u00e3o completa. Para tal, abra o bot\u00e3o &#8220;Executar uma auditoria completa do site&#8221;.<\/p>\n<p>Para uma compreens\u00e3o mais profunda das caracter\u00edsticas da ferramenta ap\u00f3s a an\u00e1lise do seu dom\u00ednio, consulte os ecr\u00e3s de verifica\u00e7\u00e3o de dom\u00ednio localizados na parte inicial deste manual. Al\u00e9m disso, pode participar no projeto de demonstra\u00e7\u00e3o interativo, que oferece uma ilustra\u00e7\u00e3o pr\u00e1tica das vantagens que a ferramenta oferece. Clique no bot\u00e3o \u201cAuditoria do site\u201d para saber mais.<\/p>\n<div class=\"content__img-wrap\"><img src=\"https:\/\/sitechecker.pro\/wp-content\/uploads\/2024\/01\/run-full-website-audit.png\" alt=\"Executar auditoria completa do site\" class=\"description-img description-img-zoom\" loading=\"lazy\" ><\/div>\n<h3>Caracter\u00edsticas adicionais da ferramenta de verifica\u00e7\u00e3o do cabe\u00e7alho HTTP da p\u00e1gina<\/h3>\n<p>Examine as sec\u00e7\u00f5es de navega\u00e7\u00e3o da p\u00e1gina para identificar quaisquer \u00e1reas que possam indicar problemas ou revelar outras oportunidades para uma auditoria t\u00e9cnica da p\u00e1gina. A ferramenta auxilia em aspetos essenciais do refinamento de conte\u00fado atrav\u00e9s da an\u00e1lise de t\u00edtulos e metadados, verificando a implementa\u00e7\u00e3o de dados estruturados e avaliando configura\u00e7\u00f5es precisas do \u00edndice de pesquisa. Al\u00e9m disso, avalia a velocidade do site para dispositivos m\u00f3veis para melhorar a experi\u00eancia do utilizador.<\/p>\n<div class=\"content__img-wrap\"><img src=\"https:\/\/sitechecker.pro\/wp-content\/uploads\/2024\/01\/on-page-seo-checker-page-navigation.png\" alt=\"Navega\u00e7\u00e3o de p\u00e1ginas do On Page Seo Checker\" class=\"description-img description-img-zoom\" loading=\"lazy\" ><\/div>\n<h2 id=\"par5\">Observa\u00e7\u00f5es finais<\/h2>\n<p>O HTTP Header Checker \u00e9 uma ferramenta abrangente para diagnosticar e corrigir problemas de cabe\u00e7alho HTTP para otimizar o SEO e a funcionalidade do website. Analisa os cabe\u00e7alhos de resposta do servidor, identifica problemas relacionados com SEO e fornece solu\u00e7\u00f5es para problemas como incompatibilidades de tags e redireccionamentos incorretos. Com uma interface de f\u00e1cil utiliza\u00e7\u00e3o e um conjunto de ferramentas de SEO, foi concebido tanto para principiantes como para especialistas. A ferramenta facilita a varredura completa de dom\u00ednios ou de p\u00e1ginas individuais e oferece uma auditoria expandida para uma avalia\u00e7\u00e3o detalhada, melhorando o conte\u00fado, a estrutura de dados e a experi\u00eancia do utilizador m\u00f3vel.<\/p>\n<div id=\"par6\"><\/div>\n<p><div class=\"front__faq-block\"><div class=\"faq__block-title\">FAQ<\/div><div class=\"panel-group\" id=\"faq-accordion\" itemscope itemtype=\"https:\/\/schema.org\/FAQPage\" role=\"tablist\" aria-multiselectable=\"true\"><div class=\"panel\" itemscope itemtype=\"https:\/\/schema.org\/Question\" itemprop=\"mainEntity\">\n                            <div class=\"panel-heading\" id=\"headingFaq-1\">\n                                <div class=\"panel-title\" data-toggle=\"collapse\" aria-expanded=\"false\" href=\"#collapseFaq-1\">\n                                    <h3 itemprop=\"name\">Que tipos de problemas de cabe\u00e7alho HTTP consegue o Verificador de Cabe\u00e7alho HTTP identificar?<\/h3>\n                                <\/div>\n                            <\/div>\n                            <div id=\"collapseFaq-1\" class=\"panel-collapse collapse\" itemprop=\"acceptedAnswer\" itemscope itemtype=\"http:\/\/schema.org\/Answer\">\n                                <div class=\"panel-body\" itemprop=\"text\">A ferramenta pode identificar v\u00e1rios problemas de cabe\u00e7alho HTTP, incluindo incompatibilidades nas tags can\u00f3nicas, discrep\u00e2ncias nas diretivas nofollow e noindex e implementa\u00e7\u00f5es incorretas de redireccionamento HTTPS.<\/div>\n                            <\/div>\n                        <\/div><div class=\"panel\" itemscope itemtype=\"https:\/\/schema.org\/Question\" itemprop=\"mainEntity\">\n                            <div class=\"panel-heading\" id=\"headingFaq-2\">\n                                <div class=\"panel-title\" data-toggle=\"collapse\" aria-expanded=\"false\" href=\"#collapseFaq-2\">\n                                    <h3 itemprop=\"name\">A ferramenta HTTP Header Checker pode analisar cabe\u00e7alhos de ficheiros n\u00e3o HTML?<\/h3>\n                                <\/div>\n                            <\/div>\n                            <div id=\"collapseFaq-2\" class=\"panel-collapse collapse\" itemprop=\"acceptedAnswer\" itemscope itemtype=\"http:\/\/schema.org\/Answer\">\n                                <div class=\"panel-body\" itemprop=\"text\">Sim, pode analisar cabe\u00e7alhos de ficheiros n\u00e3o HTML, como imagens e PDFs, verificando diretivas como X-Robots-Tag no cabe\u00e7alho HTTP.<\/div>\n                            <\/div>\n                        <\/div><div class=\"panel\" itemscope itemtype=\"https:\/\/schema.org\/Question\" itemprop=\"mainEntity\">\n                            <div class=\"panel-heading\" id=\"headingFaq-3\">\n                                <div class=\"panel-title\" data-toggle=\"collapse\" aria-expanded=\"false\" href=\"#collapseFaq-3\">\n                                    <h3 itemprop=\"name\">O Verificador de Cabe\u00e7alho HTTP oferece orienta\u00e7\u00e3o sobre como corrigir problemas?<\/h3>\n                                <\/div>\n                            <\/div>\n                            <div id=\"collapseFaq-3\" class=\"panel-collapse collapse\" itemprop=\"acceptedAnswer\" itemscope itemtype=\"http:\/\/schema.org\/Answer\">\n                                <div class=\"panel-body\" itemprop=\"text\">Sim, fornece dados abrangentes e instru\u00e7\u00f5es passo a passo sobre como corrigir todos os problemas de cabe\u00e7alho HTTP identificados.<\/div>\n                            <\/div>\n                        <\/div><div class=\"panel\" itemscope itemtype=\"https:\/\/schema.org\/Question\" itemprop=\"mainEntity\">\n                            <div class=\"panel-heading\" id=\"headingFaq-4\">\n                                <div class=\"panel-title\" data-toggle=\"collapse\" aria-expanded=\"false\" href=\"#collapseFaq-4\">\n                                    <h3 itemprop=\"name\">Que caracter\u00edsticas adicionais inclui a ferramenta Verificador de Cabe\u00e7alho HTTP?<\/h3>\n                                <\/div>\n                            <\/div>\n                            <div id=\"collapseFaq-4\" class=\"panel-collapse collapse\" itemprop=\"acceptedAnswer\" itemscope itemtype=\"http:\/\/schema.org\/Answer\">\n                                <div class=\"panel-body\" itemprop=\"text\">Inclui um painel unificado para dados de SEO, uma interface de f\u00e1cil utiliza\u00e7\u00e3o e um conjunto completo de ferramentas de SEO para pesquisa de palavras-chave, auditorias de websites e an\u00e1lise de backlinks.<\/div>\n                            <\/div>\n                        <\/div><div class=\"panel\" itemscope itemtype=\"https:\/\/schema.org\/Question\" itemprop=\"mainEntity\">\n                            <div class=\"panel-heading\" id=\"headingFaq-5\">\n                                <div class=\"panel-title\" data-toggle=\"collapse\" aria-expanded=\"false\" href=\"#collapseFaq-5\">\n                                    <h3 itemprop=\"name\">A ferramenta HTTP Header Checker pode lidar com auditorias completas de sites?<\/h3>\n                                <\/div>\n                            <\/div>\n                            <div id=\"collapseFaq-5\" class=\"panel-collapse collapse\" itemprop=\"acceptedAnswer\" itemscope itemtype=\"http:\/\/schema.org\/Answer\">\n                                <div class=\"panel-body\" itemprop=\"text\">Sim, a ferramenta tem um recurso para executar uma auditoria completa do site para um exame minucioso para al\u00e9m da an\u00e1lise de uma \u00fanica p\u00e1gina.<\/div>\n                            <\/div>\n                        <\/div><div class=\"panel\" itemscope itemtype=\"https:\/\/schema.org\/Question\" itemprop=\"mainEntity\">\n                            <div class=\"panel-heading\" id=\"headingFaq-6\">\n                                <div class=\"panel-title\" data-toggle=\"collapse\" aria-expanded=\"false\" href=\"#collapseFaq-6\">\n                                    <h3 itemprop=\"name\">Como come\u00e7ar a utilizar a ferramenta Verificador de Cabe\u00e7alho HTTP?<\/h3>\n                                <\/div>\n                            <\/div>\n                            <div id=\"collapseFaq-6\" class=\"panel-collapse collapse\" itemprop=\"acceptedAnswer\" itemscope itemtype=\"http:\/\/schema.org\/Answer\">\n                                <div class=\"panel-body\" itemprop=\"text\">Pode come\u00e7ar a utilizar a ferramenta selecionando um dom\u00ednio ou uma \u00fanica p\u00e1gina para digitalizar e, para acesso total \u00e0s funcionalidades do Sitechecker, est\u00e1 dispon\u00edvel um teste gratuito sem a necessidade de um cart\u00e3o de cr\u00e9dito.<\/div>\n                            <\/div>\n                        <\/div><\/div><\/div><\/p>","protected":false},"excerpt":{"rendered":"O que \u00e9 o HTTP Header Checker? O HTTP Header Checker do Sitechecker \u00e9 uma ferramenta de diagn\u00f3stico que examina os cabe\u00e7alhos HTTP enviados por um servidor web em resposta a pedidos de clientes. Fornece uma an\u00e1lise abrangente dos cabe\u00e7alhos de cada p\u00e1gina de um website, detetando problemas comuns, como incompatibilidades nas tags can\u00f3nicas, discrep\u00e2ncias&#8230;","protected":false},"author":10409641,"featured_media":0,"parent":0,"menu_order":0,"comment_status":"closed","ping_status":"closed","template":"pages-templates\/pages-minitools-3.php","meta":[],"categories":[74],"tags":[],"_links":{"self":[{"href":"https:\/\/sitechecker.pro\/pt\/wp-json\/wp\/v2\/pages\/29720"}],"collection":[{"href":"https:\/\/sitechecker.pro\/pt\/wp-json\/wp\/v2\/pages"}],"about":[{"href":"https:\/\/sitechecker.pro\/pt\/wp-json\/wp\/v2\/types\/page"}],"author":[{"embeddable":true,"href":"https:\/\/sitechecker.pro\/pt\/wp-json\/wp\/v2\/users\/10409641"}],"replies":[{"embeddable":true,"href":"https:\/\/sitechecker.pro\/pt\/wp-json\/wp\/v2\/comments?post=29720"}],"version-history":[{"count":11,"href":"https:\/\/sitechecker.pro\/pt\/wp-json\/wp\/v2\/pages\/29720\/revisions"}],"predecessor-version":[{"id":36864,"href":"https:\/\/sitechecker.pro\/pt\/wp-json\/wp\/v2\/pages\/29720\/revisions\/36864"}],"wp:attachment":[{"href":"https:\/\/sitechecker.pro\/pt\/wp-json\/wp\/v2\/media?parent=29720"}],"wp:term":[{"taxonomy":"category","embeddable":true,"href":"https:\/\/sitechecker.pro\/pt\/wp-json\/wp\/v2\/categories?post=29720"},{"taxonomy":"post_tag","embeddable":true,"href":"https:\/\/sitechecker.pro\/pt\/wp-json\/wp\/v2\/tags?post=29720"}],"curies":[{"name":"wp","href":"https:\/\/api.w.org\/{rel}","templated":true}]}}