{"id":29711,"date":"2024-01-18T14:51:57","date_gmt":"2024-01-18T14:51:57","guid":{"rendered":"https:\/\/sitechecker.pro\/?page_id=29711"},"modified":"2025-04-28T15:41:49","modified_gmt":"2025-04-28T15:41:49","slug":"broken-image-checker-online-detector-broken-images","status":"publish","type":"page","link":"https:\/\/sitechecker.pro\/pt\/broken-image-checker\/","title":{"rendered":"Verificador de imagens quebradas \u2611"},"content":{"rendered":"<p><\/p>\n<h2 id=\"par1\">O que \u00e9 um Broken Image Checker?<\/h2>\n<p>Um verificador de imagens quebradas do <a href=\"https:\/\/sitechecker.pro\/\" target=\"_blank\" rel=\"noopener noreferrer\">Sitechecker<\/a> \u00e9 uma ferramenta que ajuda a identificar imagens quebradas num website que n\u00e3o est\u00e3o a ser apresentadas corretamente. A ferramenta identifica todos os c\u00f3digos de estado das imagens no seu website, al\u00e9m de fornecer informa\u00e7\u00f5es sobre o URL da imagem, t\u00edtulo, tag alt, tamanho e deteta quaisquer erros relacionados com as imagens.<\/p>\n<h3>A ferramenta pode ajud\u00e1-lo de v\u00e1rias formas<\/h3>\n<p><strong>Dete\u00e7\u00e3o de imagens quebradas:<\/strong> A ferramenta verifica as p\u00e1ginas Web para detetar ilustra\u00e7\u00f5es que n\u00e3o carregam. Isto pode ocorrer por v\u00e1rios motivos, como URLs de imagem incorretos, ficheiros de imagem eliminados ou movidos ou erros de servidor.<\/p>\n<p><strong>Descubra <a href=\"https:\/\/sitechecker.pro\/website-image-crawler\/\" data-wpil-monitor-id=\"106\">dados abrangentes sobre todas as imagens do site<\/a>: <\/strong>inclui uma lista de c\u00f3digos de estado para cada imagem, juntamente com detalhes como o URL da imagem, t\u00edtulo, tag alt, tamanho e an\u00e1lise de quaisquer erros relacionados com as imagens.<\/p>\n<p><strong>Identificar erros e avisos:<\/strong> Procure erros comuns relacionados com imagens, como <a href=\"https:\/\/sitechecker.pro\/alt-tags\/\" data-wpil-monitor-id=\"225\">alt tags<\/a> em falta (importantes para SEO e acessibilidade) e imagens demasiado grandes (que podem tornar o carregamento da p\u00e1gina mais lento).<\/p>\n<p><strong>Automa\u00e7\u00e3o:<\/strong> inclua a verifica\u00e7\u00e3o automatizada de elementos visuais como parte das rotinas regulares de manuten\u00e7\u00e3o do seu website.<\/p>\n<h3>Principais caracter\u00edsticas da ferramenta<\/h3>\n<p><strong>Painel unificado:<\/strong> oferece uma vis\u00e3o centralizada para monitorizar as m\u00e9tricas de SEO e a sa\u00fade do website, com dados em tempo real e visualiza\u00e7\u00f5es personaliz\u00e1veis \u200b\u200bpara indicadores-chave de desempenho.<\/p>\n<p><strong>Interface de f\u00e1cil utiliza\u00e7\u00e3o:<\/strong> Concebida para facilitar a utiliza\u00e7\u00e3o com um layout intuitivo, representa\u00e7\u00f5es visuais claras de dados e a\u00e7\u00f5es guiadas para melhorias de SEO.<\/p>\n<p><strong>Conjunto completo de ferramentas de SEO:<\/strong> abrange a auditoria de websites, o rastreio e an\u00e1lise de palavras-chave, a an\u00e1lise de backlinks, a otimiza\u00e7\u00e3o on-page, a an\u00e1lise de concorrentes e a gera\u00e7\u00e3o de relat\u00f3rios de desempenho detalhados.<\/p>\n<h2 id=\"par2\">Como utilizar a ferramenta<\/h2>\n<h3>Passo 1: Introduza o URL da p\u00e1gina que pretende verificar em busca de imagens quebradas<\/h3>\n<div class=\"content__img-wrap\"><img src=\"https:\/\/sitechecker.pro\/wp-content\/uploads\/2024\/01\/broken-image-checker.png\" alt=\"Verificador de imagens quebradas\" class=\"description-img description-img-zoom\" loading=\"lazy\" ><\/div>\n<h3>Passo 2: Obter resultados<\/h3>\n<p>O nosso Broken Image Checker permite filtrar e identificar imagens pelos seus c\u00f3digos de estado HTTP. Isto significa que pode identificar e corrigir rapidamente quaisquer elementos visuais que estejam a devolver erros de cliente ou servidor, o que \u00e9 crucial para uma experi\u00eancia de utilizador tranquila.<\/p>\n<p>O painel tamb\u00e9m exibe o tamanho de cada imagem, ajudando-o a manter um olho nos tempos de carregamento, que podem ter um impacto significativo no desempenho do website e na satisfa\u00e7\u00e3o do utilizador. Al\u00e9m disso, a ferramenta verifica a presen\u00e7a de &#8216;atributos alt&#8217; em cada imagem, garantindo que o seu website est\u00e1 de acordo com as melhores pr\u00e1ticas de SEO e se mant\u00e9m acess\u00edvel a todos os utilizadores.<\/p>\n<p>A ferramenta fornece insights sobre os atributos de t\u00edtulo otimizados para SEO das suas imagens e confirma a sua visibilidade de acordo com o seu ficheiro robots.txt.<\/p>\n<div class=\"content__img-wrap\"><img src=\"https:\/\/sitechecker.pro\/wp-content\/uploads\/2024\/01\/page-details-images.png\" alt=\"Imagens de detalhes da p\u00e1gina\" class=\"description-img description-img-zoom\" loading=\"lazy\" ><\/div>\n<h2 id=\"par3\">Caracter\u00edsticas adicionais<\/h2>\n<p>A ferramenta realiza uma auditoria abrangente do seu website. Navegue at\u00e9 ao separador &#8220;Auditoria do Site&#8221; para prosseguir.<\/p>\n<p>A ferramenta divide os problemas em categorias: Cr\u00edticos, Avisos, Oportunidades e Avisos, juntamente com uma Pontua\u00e7\u00e3o do Site. Detalha o n\u00famero de p\u00e1ginas rastreadas e indica quantas s\u00e3o index\u00e1veis.<\/p>\n<p>No contexto de um &#8220;verificador de imagens quebradas&#8221;, esta ferramenta poderia sinalizar problemas relacionados com imagens em sec\u00e7\u00f5es como &#8220;Links de p\u00e1gina HTTPS para imagem HTTP&#8221; e &#8220;Imagens&#8221;, com uma contagem de ocorr\u00eancias. Por exemplo, se existirem problemas relacionados com a imagem, estes ser\u00e3o listados com uma descri\u00e7\u00e3o espec\u00edfica, como &#8220;Adicionar dimens\u00f5es \u00e0s imagens&#8221; ou &#8220;Ver imagens em formatos de \u00faltima gera\u00e7\u00e3o&#8221;, o que ajuda a identificar e corrigir problemas com a apresenta\u00e7\u00e3o ou otimiza\u00e7\u00e3o de imagens.<\/p>\n<p>Al\u00e9m disso, a ferramenta segmenta os problemas pelo seu impacto em diferentes aspetos do website, como a velocidade da p\u00e1gina, a indexabilidade e a relev\u00e2ncia do conte\u00fado, oferecendo uma vis\u00e3o geral abrangente da sa\u00fade de um website e destacando \u00e1reas que necessitam de aten\u00e7\u00e3o, incluindo imagens quebradas. Isto \u00e9 essencial para manter uma presen\u00e7a otimizada na web e garantir uma experi\u00eancia de qualidade ao utilizador.<\/p>\n<div class=\"content__img-wrap\"><img src=\"https:\/\/sitechecker.pro\/wp-content\/uploads\/2024\/01\/site-audit-images-issues.png\" alt=\"Problemas com imagens de auditoria do site\" class=\"description-img description-img-zoom\" loading=\"lazy\" ><\/div>\n<h2 id=\"par4\">Ideia Final<\/h2>\n<p>O Broken Image Checker \u00e9 uma ferramenta essencial para identificar e resolver eficientemente ilustra\u00e7\u00f5es quebradas, agilizando o processo de manuten\u00e7\u00e3o da sa\u00fade do website e otimizando o SEO. Fornece um painel robusto para uma f\u00e1cil gest\u00e3o, relat\u00f3rios detalhados sobre problemas de elementos visuais e um conjunto de ferramentas de SEO para melhorar o desempenho do website. Esta ferramenta \u00e9 crucial para garantir que o aspeto e a funcionalidade do seu website s\u00e3o de primeira qualidade, melhorando assim a experi\u00eancia do utilizador e a visibilidade nos motores de busca.<\/p>\n<div id=\"par5\"><\/div>\n<p><div class=\"front__faq-block\"><div class=\"faq__block-title\">FAQ<\/div><div class=\"panel-group\" id=\"faq-accordion\" itemscope itemtype=\"https:\/\/schema.org\/FAQPage\" role=\"tablist\" aria-multiselectable=\"true\"><div class=\"panel\" itemscope itemtype=\"https:\/\/schema.org\/Question\" itemprop=\"mainEntity\">\n                            <div class=\"panel-heading\" id=\"headingFaq-1\">\n                                <div class=\"panel-title\" data-toggle=\"collapse\" aria-expanded=\"false\" href=\"#collapseFaq-1\">\n                                    <h3 itemprop=\"name\">Pode o Broken Image Finder ajudar a melhorar o tempo de carregamento do meu site?<\/h3>\n                                <\/div>\n                            <\/div>\n                            <div id=\"collapseFaq-1\" class=\"panel-collapse collapse\" itemprop=\"acceptedAnswer\" itemscope itemtype=\"http:\/\/schema.org\/Answer\">\n                                <div class=\"panel-body\" itemprop=\"text\">Sim, ao detetar e permitir corrigir ou remover imagens danificadas, a nossa ferramenta pode reduzir os tempos de carregamento desnecess\u00e1rios, melhorando a velocidade e o desempenho geral do seu website.<\/div>\n                            <\/div>\n                        <\/div><div class=\"panel\" itemscope itemtype=\"https:\/\/schema.org\/Question\" itemprop=\"mainEntity\">\n                            <div class=\"panel-heading\" id=\"headingFaq-2\">\n                                <div class=\"panel-title\" data-toggle=\"collapse\" aria-expanded=\"false\" href=\"#collapseFaq-2\">\n                                    <h3 itemprop=\"name\">O Detector de Imagens Quebradas suporta a digitaliza\u00e7\u00e3o automatizada para verifica\u00e7\u00f5es de rotina?<\/h3>\n                                <\/div>\n                            <\/div>\n                            <div id=\"collapseFaq-2\" class=\"panel-collapse collapse\" itemprop=\"acceptedAnswer\" itemscope itemtype=\"http:\/\/schema.org\/Answer\">\n                                <div class=\"panel-body\" itemprop=\"text\">Sim, a ferramenta inclui uma funcionalidade de automatiza\u00e7\u00e3o que pode ser integrada nas rotinas regulares de manuten\u00e7\u00e3o do site, garantindo a monitoriza\u00e7\u00e3o e manuten\u00e7\u00e3o cont\u00ednua das imagens do seu site.<\/div>\n                            <\/div>\n                        <\/div><div class=\"panel\" itemscope itemtype=\"https:\/\/schema.org\/Question\" itemprop=\"mainEntity\">\n                            <div class=\"panel-heading\" id=\"headingFaq-3\">\n                                <div class=\"panel-title\" data-toggle=\"collapse\" aria-expanded=\"false\" href=\"#collapseFaq-3\">\n                                    <h3 itemprop=\"name\">O Broken Image Checker pode analisar o impacto SEO das minhas imagens?<\/h3>\n                                <\/div>\n                            <\/div>\n                            <div id=\"collapseFaq-3\" class=\"panel-collapse collapse\" itemprop=\"acceptedAnswer\" itemscope itemtype=\"http:\/\/schema.org\/Answer\">\n                                <div class=\"panel-body\" itemprop=\"text\">Com certeza, a ferramenta n\u00e3o s\u00f3 verifica as imagens danificadas, como tamb\u00e9m avalia os \"atributos alt\" e os atributos de t\u00edtulo SEO amig\u00e1veis, contribuindo para a efic\u00e1cia SEO do seu website.<\/div>\n                            <\/div>\n                        <\/div><div class=\"panel\" itemscope itemtype=\"https:\/\/schema.org\/Question\" itemprop=\"mainEntity\">\n                            <div class=\"panel-heading\" id=\"headingFaq-4\">\n                                <div class=\"panel-title\" data-toggle=\"collapse\" aria-expanded=\"false\" href=\"#collapseFaq-4\">\n                                    <h3 itemprop=\"name\">O Broken Image Checker resolve problemas com elementos visuais responsivos para dispositivos m\u00f3veis?<\/h3>\n                                <\/div>\n                            <\/div>\n                            <div id=\"collapseFaq-4\" class=\"panel-collapse collapse\" itemprop=\"acceptedAnswer\" itemscope itemtype=\"http:\/\/schema.org\/Answer\">\n                                <div class=\"panel-body\" itemprop=\"text\">A ferramenta verifica as defini\u00e7\u00f5es da meta viewport, que s\u00e3o cruciais para o design responsivo, ajudando a garantir que as imagens s\u00e3o apresentadas corretamente em todos os dispositivos.<\/div>\n                            <\/div>\n                        <\/div><\/div><\/div><\/p>","protected":false},"excerpt":{"rendered":"O que \u00e9 um Broken Image Checker? Um verificador de imagens quebradas do Sitechecker \u00e9 uma ferramenta que ajuda a identificar imagens quebradas num website que n\u00e3o est\u00e3o a ser apresentadas corretamente. A ferramenta identifica todos os c\u00f3digos de estado das imagens no seu website, al\u00e9m de fornecer informa\u00e7\u00f5es sobre o URL da imagem, t\u00edtulo,&#8230;","protected":false},"author":10409641,"featured_media":0,"parent":0,"menu_order":0,"comment_status":"closed","ping_status":"closed","template":"pages-templates\/pages-minitools-3.php","meta":[],"categories":[74],"tags":[],"_links":{"self":[{"href":"https:\/\/sitechecker.pro\/pt\/wp-json\/wp\/v2\/pages\/29711"}],"collection":[{"href":"https:\/\/sitechecker.pro\/pt\/wp-json\/wp\/v2\/pages"}],"about":[{"href":"https:\/\/sitechecker.pro\/pt\/wp-json\/wp\/v2\/types\/page"}],"author":[{"embeddable":true,"href":"https:\/\/sitechecker.pro\/pt\/wp-json\/wp\/v2\/users\/10409641"}],"replies":[{"embeddable":true,"href":"https:\/\/sitechecker.pro\/pt\/wp-json\/wp\/v2\/comments?post=29711"}],"version-history":[{"count":9,"href":"https:\/\/sitechecker.pro\/pt\/wp-json\/wp\/v2\/pages\/29711\/revisions"}],"predecessor-version":[{"id":38165,"href":"https:\/\/sitechecker.pro\/pt\/wp-json\/wp\/v2\/pages\/29711\/revisions\/38165"}],"wp:attachment":[{"href":"https:\/\/sitechecker.pro\/pt\/wp-json\/wp\/v2\/media?parent=29711"}],"wp:term":[{"taxonomy":"category","embeddable":true,"href":"https:\/\/sitechecker.pro\/pt\/wp-json\/wp\/v2\/categories?post=29711"},{"taxonomy":"post_tag","embeddable":true,"href":"https:\/\/sitechecker.pro\/pt\/wp-json\/wp\/v2\/tags?post=29711"}],"curies":[{"name":"wp","href":"https:\/\/api.w.org\/{rel}","templated":true}]}}