{"id":29615,"date":"2024-01-15T14:37:48","date_gmt":"2024-01-15T14:37:48","guid":{"rendered":"https:\/\/sitechecker.pro\/?page_id=29615"},"modified":"2026-01-30T17:32:15","modified_gmt":"2026-01-30T17:32:15","slug":"keyword-cannibalization-checker-detect-pages-compete-search-query","status":"publish","type":"page","link":"https:\/\/sitechecker.pro\/pt\/keyword-cannibalization-checker\/","title":{"rendered":"Verificador de canibaliza\u00e7\u00e3o de palavras-chave | Detete p\u00e1ginas canibalizadas"},"content":{"rendered":"<p><\/p>\n<h2 id=\"par1\">O que \u00e9 a ferramenta Keyword Cannibalization Checker?<\/h2>\n<p>A ferramenta de canibaliza\u00e7\u00e3o de palavras-chave da <a href=\"https:\/\/sitechecker.pro\/\" target=\"_blank\" rel=\"noopener noreferrer\">Sitechecker<\/a> mostra, com base nos <a href=\"https:\/\/sitechecker.pro\/google-search-console-dashboard\/\" target=\"_blank\" rel=\"noopener noreferrer\">dados do Google Search Console<\/a>, quando v\u00e1rias p\u00e1ginas est\u00e3o ranqueando para a mesma palavra-chave e como as impress\u00f5es, cliques e posi\u00e7\u00f5es s\u00e3o distribu\u00eddos entre elas. Ela ajuda a identificar casos em que o Google n\u00e3o consegue determinar uma p\u00e1gina principal, o que leva \u00e0 dilui\u00e7\u00e3o da visibilidade. A ferramenta destaca palavras-chave e URLs concorrentes com base em desempenho real de busca, n\u00e3o em estimativas.<\/p>\n<h3>Como a ferramenta pode ajudar voc\u00ea<\/h3>\n<p><strong><a href=\"https:\/\/sitechecker.pro\/what-is-keyword-cannibalization\/\" target=\"_blank\" rel=\"noopener noreferrer\">Vis\u00e3o geral de palavras-chave canibalizadas<\/a>: <\/strong>veja as palavras-chave ordenadas pelo n\u00famero de p\u00e1ginas que ranqueiam para elas, para identificar instantaneamente consultas com sobreposi\u00e7\u00e3o excessiva de URLs.<\/p>\n<p><strong>Detalhamento de desempenho em n\u00edvel de p\u00e1gina: <\/strong>abra qualquer palavra-chave para ver todas as URLs concorrentes com impress\u00f5es, cliques, CTR, posi\u00e7\u00e3o m\u00e9dia e porcentagem de impress\u00f5es da p\u00e1gina principal, mostrando como a visibilidade \u00e9 dividida.<\/p>\n<p><strong>An\u00e1lise r\u00e1pida com filtragem por pa\u00eds: <\/strong>clique em qualquer p\u00e1gina para ver todas as suas palavras-chave ranqueadas sem recarregar e use filtros por pa\u00eds para separar a canibaliza\u00e7\u00e3o real de rankings internacionais normais.<\/p>\n<h3>Principais recursos da ferramenta<\/h3>\n<p><strong>Painel unificado: <\/strong>uma plataforma centralizada que exibe todas as m\u00e9tricas de SEO em uma \u00fanica vis\u00e3o integrada.<\/p>\n<p><strong>Interface amig\u00e1vel: <\/strong>um design intuitivo e f\u00e1cil de usar que torna tarefas complexas de SEO acess\u00edveis at\u00e9 mesmo para n\u00e3o especialistas.<\/p>\n<p><strong>Conjunto completo de ferramentas de SEO: <\/strong>um pacote completo de ferramentas de SEO que cobre desde pesquisa de palavras-chave e an\u00e1lise on-page at\u00e9 rastreamento de backlinks e monitoramento do site.<\/p>\n<h2 id=\"par2\">Como usar a ferramenta<\/h2>\n<h3>Passo 1: Insira o seu dom\u00ednio<\/h3>\n<div class=\"content__img-wrap\"><img src=\"https:\/\/sitechecker.pro\/wp-content\/uploads\/2026\/01\/keyword-cannibalization-checker.png\" alt=\"Keyword Cannibalization Checker\" class=\"description-img description-img-zoom\" loading=\"lazy\" ><\/div>\n<div class=\"important-block\">Para receber os resultados e ter acesso aos recursos da Sitechecker por 14 dias, inicie seu teste GRATUITO. O cadastro \u00e9 simples usando seu e-mail, conta do Google ou Facebook. N\u00e3o \u00e9 necess\u00e1rio cart\u00e3o de cr\u00e9dito.<\/div>\n<h3>Passo 2: Conecte a propriedade do GSC<\/h3>\n<div class=\"content__img-wrap\"><img src=\"https:\/\/sitechecker.pro\/wp-content\/uploads\/2026\/01\/connect-gsc-sitechecker.png\" alt=\"Connect GSC Sitechecker\" class=\"description-img description-img-zoom\" loading=\"lazy\" ><\/div>\n<h3>Passo 3: Obtenha os resultados<\/h3>\n<p>Obtenha uma lista completa das p\u00e1ginas que est\u00e3o ranqueando para a mesma palavra-chave com base nos dados do Google Search Console. Cada p\u00e1gina \u00e9 exibida com impress\u00f5es, cliques, CTR, posi\u00e7\u00e3o m\u00e9dia e participa\u00e7\u00e3o de impress\u00f5es em uma \u00fanica vis\u00e3o clara. Isso facilita ver quando a visibilidade est\u00e1 dividida entre v\u00e1rias URLs. Voc\u00ea pode identificar rapidamente as p\u00e1ginas concorrentes e entender onde a for\u00e7a de ranqueamento est\u00e1 sendo dilu\u00edda.<\/p>\n<div class=\"content__img-wrap\"><img src=\"https:\/\/sitechecker.pro\/wp-content\/uploads\/2026\/01\/competing-urls.png\" alt=\"Competing URLs\" class=\"description-img description-img-zoom\" loading=\"lazy\" ><\/div>\n<h2 id=\"par3\">Relat\u00f3rios adicionais baseados em dados do GSC<\/h2>\n<p>A ferramenta de canibaliza\u00e7\u00e3o de palavras-chave faz parte do Google Search Console Insights na Sitechecker. Ela oferece uma vis\u00e3o clara de palavras-chave, p\u00e1ginas concorrentes, impress\u00f5es, cliques, CTR, posi\u00e7\u00e3o m\u00e9dia e participa\u00e7\u00e3o de impress\u00f5es em um s\u00f3 lugar. Isso ajuda voc\u00ea a identificar rapidamente casos em que v\u00e1rias p\u00e1ginas ranqueiam para a mesma palavra-chave e a visibilidade \u00e9 dividida.<\/p>\n<p>Outros relat\u00f3rios do GSC Insights ajudam a analisar o desempenho de busca sob diferentes perspectivas, incluindo tend\u00eancias de <a href=\"https:\/\/sitechecker.pro\/branded-vs-non-branded-traffic\/\" target=\"_blank\" rel=\"noopener noreferrer\">tr\u00e1fego de marca e n\u00e3o marca<\/a>, p\u00e1ginas vencedoras e perdedoras, novas e antigas palavras-chave, e a concorr\u00eancia de palavras-chave entre p\u00e1ginas.<\/p>\n<div class=\"content__img-wrap\"><img src=\"https:\/\/sitechecker.pro\/wp-content\/uploads\/2026\/01\/gsc-insights.png\" alt=\"GSC insights\" class=\"description-img description-img-zoom\" loading=\"lazy\" ><\/div>\n<h2 id=\"par4\">Ideia final<\/h2>\n<p>A ferramenta de canibaliza\u00e7\u00e3o de palavras-chave ajuda voc\u00ea a identificar p\u00e1ginas que competem pelas mesmas palavras-chave usando dados reais do Google Search Console. Ela mostra como impress\u00f5es, cliques, CTR, posi\u00e7\u00f5es e participa\u00e7\u00e3o de impress\u00f5es s\u00e3o distribu\u00eddos entre as URLs, facilitando a identifica\u00e7\u00e3o de visibilidade dilu\u00edda. Voc\u00ea pode ver rapidamente quais palavras-chave acionam v\u00e1rias p\u00e1ginas ranqueadas, abrir o desempenho detalhado no n\u00edvel de URL e entender se o Google reconhece uma p\u00e1gina principal clara. A ferramenta faz parte do GSC Insights na Sitechecker e funciona com dados completos do Search Console, intervalos de datas flex\u00edveis e at\u00e9 36 meses de hist\u00f3rico, permitindo analisar a canibaliza\u00e7\u00e3o com precis\u00e3o e em escala.<\/p>\n<div id=\"par5\"><\/div>\n<p><div class=\"front__faq-block\"><div class=\"faq__block-title\">FAQ<\/div><div class=\"panel-group\" id=\"faq-accordion\" itemscope itemtype=\"https:\/\/schema.org\/FAQPage\" role=\"tablist\" aria-multiselectable=\"true\"><div class=\"panel\" itemscope itemtype=\"https:\/\/schema.org\/Question\" itemprop=\"mainEntity\">\n                            <div class=\"panel-heading\" id=\"headingFaq-1\">\n                                <div class=\"panel-title\" data-toggle=\"collapse\" aria-expanded=\"false\" href=\"#collapseFaq-1\">\n                                    <h3 itemprop=\"name\">A canibaliza\u00e7\u00e3o de palavras-chave \u00e9 sempre prejudicial para os rankings?<\/h3>\n                                <\/div>\n                            <\/div>\n                            <div id=\"collapseFaq-1\" class=\"panel-collapse collapse\" itemprop=\"acceptedAnswer\" itemscope itemtype=\"http:\/\/schema.org\/Answer\">\n                                <div class=\"panel-body\" itemprop=\"text\">N\u00e3o. A canibaliza\u00e7\u00e3o s\u00f3 se torna um problema quando o Google n\u00e3o consegue identificar claramente a p\u00e1gina principal e divide as impress\u00f5es entre v\u00e1rias URLs, reduzindo a visibilidade geral.<\/div>\n                            <\/div>\n                        <\/div><div class=\"panel\" itemscope itemtype=\"https:\/\/schema.org\/Question\" itemprop=\"mainEntity\">\n                            <div class=\"panel-heading\" id=\"headingFaq-2\">\n                                <div class=\"panel-title\" data-toggle=\"collapse\" aria-expanded=\"false\" href=\"#collapseFaq-2\">\n                                    <h3 itemprop=\"name\">Como diferenciar a canibaliza\u00e7\u00e3o real de uma sobreposi\u00e7\u00e3o normal de palavras-chave?<\/h3>\n                                <\/div>\n                            <\/div>\n                            <div id=\"collapseFaq-2\" class=\"panel-collapse collapse\" itemprop=\"acceptedAnswer\" itemscope itemtype=\"http:\/\/schema.org\/Answer\">\n                                <div class=\"panel-body\" itemprop=\"text\">A canibaliza\u00e7\u00e3o real geralmente apresenta participa\u00e7\u00e3o de impress\u00f5es fragmentada, rankings inst\u00e1veis e trocas frequentes de URL para a mesma consulta.<\/div>\n                            <\/div>\n                        <\/div><div class=\"panel\" itemscope itemtype=\"https:\/\/schema.org\/Question\" itemprop=\"mainEntity\">\n                            <div class=\"panel-heading\" id=\"headingFaq-3\">\n                                <div class=\"panel-title\" data-toggle=\"collapse\" aria-expanded=\"false\" href=\"#collapseFaq-3\">\n                                    <h3 itemprop=\"name\">Por que o Google ranqueia v\u00e1rias p\u00e1ginas para uma palavra-chave?<\/h3>\n                                <\/div>\n                            <\/div>\n                            <div id=\"collapseFaq-3\" class=\"panel-collapse collapse\" itemprop=\"acceptedAnswer\" itemscope itemtype=\"http:\/\/schema.org\/Answer\">\n                                <div class=\"panel-body\" itemprop=\"text\">Isso costuma acontecer quando as p\u00e1ginas t\u00eam inten\u00e7\u00e3o semelhante, conte\u00fado sobreposto ou uma estrutura de links internos pouco clara que n\u00e3o sinaliza uma p\u00e1gina principal.<\/div>\n                            <\/div>\n                        <\/div><div class=\"panel\" itemscope itemtype=\"https:\/\/schema.org\/Question\" itemprop=\"mainEntity\">\n                            <div class=\"panel-heading\" id=\"headingFaq-4\">\n                                <div class=\"panel-title\" data-toggle=\"collapse\" aria-expanded=\"false\" href=\"#collapseFaq-4\">\n                                    <h3 itemprop=\"name\">A canibaliza\u00e7\u00e3o de palavras-chave pode limitar o crescimento do tr\u00e1fego?<\/h3>\n                                <\/div>\n                            <\/div>\n                            <div id=\"collapseFaq-4\" class=\"panel-collapse collapse\" itemprop=\"acceptedAnswer\" itemscope itemtype=\"http:\/\/schema.org\/Answer\">\n                                <div class=\"panel-body\" itemprop=\"text\">Sim. Mesmo que v\u00e1rias p\u00e1ginas ranqueiem, nenhuma atinge seu potencial m\u00e1ximo porque os sinais de ranqueamento s\u00e3o divididos em vez de consolidados.<\/div>\n                            <\/div>\n                        <\/div><div class=\"panel\" itemscope itemtype=\"https:\/\/schema.org\/Question\" itemprop=\"mainEntity\">\n                            <div class=\"panel-heading\" id=\"headingFaq-5\">\n                                <div class=\"panel-title\" data-toggle=\"collapse\" aria-expanded=\"false\" href=\"#collapseFaq-5\">\n                                    <h3 itemprop=\"name\">Quando a canibaliza\u00e7\u00e3o deve ser corrigida?<\/h3>\n                                <\/div>\n                            <\/div>\n                            <div id=\"collapseFaq-5\" class=\"panel-collapse collapse\" itemprop=\"acceptedAnswer\" itemscope itemtype=\"http:\/\/schema.org\/Answer\">\n                                <div class=\"panel-body\" itemprop=\"text\">Ela deve ser corrigida quando uma p\u00e1gina deveria ranquear, mas perde visibilidade devido a p\u00e1ginas internas concorrentes com a mesma inten\u00e7\u00e3o de busca.<\/div>\n                            <\/div>\n                        <\/div><\/div><\/div><br \/>\n<\/p>","protected":false},"excerpt":{"rendered":"O que \u00e9 a ferramenta Keyword Cannibalization Checker? A ferramenta de canibaliza\u00e7\u00e3o de palavras-chave da Sitechecker mostra, com base nos dados do Google Search Console, quando v\u00e1rias p\u00e1ginas est\u00e3o ranqueando para a mesma palavra-chave e como as impress\u00f5es, cliques e posi\u00e7\u00f5es s\u00e3o distribu\u00eddos entre elas. Ela ajuda a identificar casos em que o Google n\u00e3o&#8230;","protected":false},"author":10409641,"featured_media":0,"parent":0,"menu_order":0,"comment_status":"closed","ping_status":"closed","template":"pages-templates\/pages-minitools-3.php","meta":[],"categories":[71],"tags":[],"_links":{"self":[{"href":"https:\/\/sitechecker.pro\/pt\/wp-json\/wp\/v2\/pages\/29615"}],"collection":[{"href":"https:\/\/sitechecker.pro\/pt\/wp-json\/wp\/v2\/pages"}],"about":[{"href":"https:\/\/sitechecker.pro\/pt\/wp-json\/wp\/v2\/types\/page"}],"author":[{"embeddable":true,"href":"https:\/\/sitechecker.pro\/pt\/wp-json\/wp\/v2\/users\/10409641"}],"replies":[{"embeddable":true,"href":"https:\/\/sitechecker.pro\/pt\/wp-json\/wp\/v2\/comments?post=29615"}],"version-history":[{"count":24,"href":"https:\/\/sitechecker.pro\/pt\/wp-json\/wp\/v2\/pages\/29615\/revisions"}],"predecessor-version":[{"id":39236,"href":"https:\/\/sitechecker.pro\/pt\/wp-json\/wp\/v2\/pages\/29615\/revisions\/39236"}],"wp:attachment":[{"href":"https:\/\/sitechecker.pro\/pt\/wp-json\/wp\/v2\/media?parent=29615"}],"wp:term":[{"taxonomy":"category","embeddable":true,"href":"https:\/\/sitechecker.pro\/pt\/wp-json\/wp\/v2\/categories?post=29615"},{"taxonomy":"post_tag","embeddable":true,"href":"https:\/\/sitechecker.pro\/pt\/wp-json\/wp\/v2\/tags?post=29615"}],"curies":[{"name":"wp","href":"https:\/\/api.w.org\/{rel}","templated":true}]}}