{"id":26178,"date":"2023-09-08T14:41:23","date_gmt":"2023-09-08T14:41:23","guid":{"rendered":"https:\/\/sitechecker.pro\/?page_id=26178"},"modified":"2025-04-22T13:10:32","modified_gmt":"2025-04-22T13:10:32","slug":"http-status-code-101-switching-protocols","status":"publish","type":"page","link":"https:\/\/sitechecker.pro\/pt\/what-is-101-status-code\/","title":{"rendered":"O que \u00e9 o c\u00f3digo de estado HTTP 101 \u201cSwitching Protocols\u201d?"},"content":{"rendered":"<p><\/p>\n<h2 id=\"par1\">O que \u00e9 um c\u00f3digo de status 101?<\/h2>\n<p>Um c\u00f3digo de status 101 no HTTP \u00e9 definido como Switching Protocols (Mudan\u00e7a de Protocolos). \u00c9 uma resposta informativa que indica que o servidor compreende e est\u00e1 disposto a atender ao pedido do cliente, feito atrav\u00e9s do cabe\u00e7alho Upgrade, para mudar para outro protocolo.<\/p>\n<p>Por exemplo, esse c\u00f3digo de status \u00e9 comumente usado durante o handshake dos WebSockets. Quando um cliente deseja iniciar uma conex\u00e3o WebSocket, ele envia uma requisi\u00e7\u00e3o HTTP com o cabe\u00e7alho upgrade: websocket. Se o servidor suporta WebSockets e aceita a atualiza\u00e7\u00e3o da conex\u00e3o, ele responde com um c\u00f3digo de status 101 Switching Protocols. Ap\u00f3s essa troca, a conex\u00e3o deixa de ser HTTP padr\u00e3o e passa a ser uma conex\u00e3o WebSocket.<\/p>\n<p>Veja um exemplo b\u00e1sico do fluxo:<\/p>\n<h3>Requisi\u00e7\u00e3o do cliente:<\/h3>\n<div class=\"code\"><code><br \/>\nGET \/socket-endpoint HTTP\/1.1<br \/>\nHost: example.com<br \/>\nUpgrade: websocket<br \/>\nConnection: Upgrade<br \/>\n...<br \/>\n<\/code><\/div>\n<h3>Resposta do servidor:<\/h3>\n<div class=\"code\"><code><br \/>\nHTTP\/1.1 101 Switching Protocols<br \/>\nUpgrade: websocket<br \/>\nConnection: Upgrade<br \/>\n...<br \/>\n<\/code><\/div>\n<h3>Casos de uso t\u00edpicos para a resposta 101<\/h3>\n<p>O c\u00f3digo de status 101 em HTTP \u00e9 definido como Switching Protocols. \u00c9 uma resposta informativa que indica que o servidor compreende e concorda em mudar para outro protocolo, conforme solicitado pelo cliente atrav\u00e9s do cabe\u00e7alho Upgrade.<\/p>\n<p>Casos de uso t\u00edpicos para a resposta 101 Switching Protocols incluem:<\/p>\n<ol>\n<li>\n\t\t<strong>WebSockets<\/strong>. Este \u00e9 provavelmente o uso mais comum do c\u00f3digo 101. Ao estabelecer uma conex\u00e3o WebSocket, o cliente envia uma requisi\u00e7\u00e3o HTTP com cabe\u00e7alhos pedindo ao servidor que atualize a conex\u00e3o de HTTP para <a href=\"https:\/\/developer.mozilla.org\/en-US\/docs\/Web\/API\/WebSockets_API\" target=\"_blank\" rel=\"nofollow noopener noreferrer\">WebSocket<\/a>. Se o servidor concordar, ele responde com o c\u00f3digo 101 Switching Protocols e a conex\u00e3o passa a ser WebSocket.\n\t<\/li>\n<li>\n\t\t<strong>Atualiza\u00e7\u00e3o para uma vers\u00e3o HTTP mais recente<\/strong>. Por exemplo, quando o HTTP\/2 foi lan\u00e7ado, um cliente podia iniciar uma conex\u00e3o HTTP\/2 com um servidor HTTP\/1.1 que o suportasse, enviando uma requisi\u00e7\u00e3o com pedido de upgrade. Se o servidor concordasse, ele responderia com um 101 Switching Protocols e prosseguiria com a vers\u00e3o mais recente.\n\t<\/li>\n<li>\n\t\t<strong>Outras mudan\u00e7as de protocolo<\/strong>. Embora menos comuns, mudan\u00e7as para outros protocolos al\u00e9m de HTTP tamb\u00e9m podem usar esse mecanismo.\n\t<\/li>\n<\/ol>\n<p>No entanto, vale destacar que o uso do c\u00f3digo 101 fora de WebSockets \u00e9 relativamente raro. A maioria das transi\u00e7\u00f5es de protocolo (como de <a href=\"https:\/\/datatracker.ietf.org\/doc\/html\/rfc2616\" target=\"_blank\" rel=\"nofollow noopener noreferrer\">HTTP\/1.1<\/a> para <a href=\"https:\/\/web.dev\/performance-http2\/\" target=\"_blank\" rel=\"nofollow noopener noreferrer\">HTTP\/2<\/a> ou <a href=\"https:\/\/www.cloudflare.com\/learning\/performance\/what-is-http3\/\" target=\"_blank\" rel=\"nofollow noopener noreferrer\">HTTP\/3<\/a>) acontece de forma transparente com outros mecanismos, como <a href=\"https:\/\/www.keycdn.com\/support\/alpn\" target=\"_blank\" rel=\"nofollow noopener noreferrer\">ALPN<\/a>, durante o <a href=\"https:\/\/www.cloudflare.com\/learning\/ssl\/what-happens-in-a-tls-handshake\/\" target=\"_blank\" rel=\"nofollow noopener noreferrer\">handshake TLS<\/a>.<\/p>\n<h2 id=\"par2\">Implica\u00e7\u00f5es de SEO do c\u00f3digo de status 101<\/h2>\n<p>O c\u00f3digo de status 101 Switching Protocols, por si s\u00f3, n\u00e3o tem impacto direto no SEO, pois trata principalmente da transi\u00e7\u00e3o entre protocolos, como ao iniciar uma conex\u00e3o WebSocket. No entanto, \u00e9 importante entender suas implica\u00e7\u00f5es em situa\u00e7\u00f5es que possam afetar indiretamente o SEO. A seguir, algumas considera\u00e7\u00f5es:<\/p>\n<table class=\"table-classic\">\n<tbody>\n<tr>\n<td><strong>Experi\u00eancia do usu\u00e1rio (UX)<\/strong><\/td>\n<td style=\"text-align: left\">Embora o c\u00f3digo 101 n\u00e3o esteja diretamente relacionado ao conte\u00fado da p\u00e1gina, se uma a\u00e7\u00e3o do usu\u00e1rio exigir uma mudan\u00e7a de protocolo (como iniciar um chat em tempo real) e falhar, isso pode afetar negativamente a experi\u00eancia.<br \/>\n\t\t\tUma m\u00e1 experi\u00eancia do usu\u00e1rio pode impactar indiretamente o SEO, j\u00e1 que os motores de busca consideram sinais de intera\u00e7\u00e3o dos usu\u00e1rios.<\/td>\n<\/tr>\n<tr>\n<td><strong>Velocidade da p\u00e1gina<\/strong><\/td>\n<td style=\"text-align: left\">Se houver atraso ou falha na troca de protocolo, isso pode aumentar o tempo de carregamento, especialmente se o conte\u00fado ou funcionalidade da p\u00e1gina depender da troca.<br \/>\n\t\t\tOs motores de busca consideram a velocidade de carregamento um fator de ranqueamento, portanto, atrasos podem afetar o SEO.<\/td>\n<\/tr>\n<tr>\n<td><strong>Problemas de conte\u00fado misto<\/strong><\/td>\n<td style=\"text-align: left\">Se o seu site usa HTTPS e tenta estabelecer uma conex\u00e3o WebSocket n\u00e3o segura (WS em vez de <a href=\"https:\/\/portswigger.net\/web-security\/websockets\/what-are-websockets\" target=\"_blank\" rel=\"nofollow noopener noreferrer\">WSS<\/a>), os navegadores podem sinalizar isso como conte\u00fado misto.<br \/>\n\t\t\tIsso pode prejudicar a confian\u00e7a do usu\u00e1rio e at\u00e9 bloquear conte\u00fados, afetando o SEO de forma indireta.<\/td>\n<\/tr>\n<tr>\n<td><strong>Comportamento de bots<\/strong><\/td>\n<td style=\"text-align: left\">Bots de rastreamento como o <a href=\"https:\/\/sitechecker.pro\/google-bot\/\" target=\"_blank\" rel=\"noopener noreferrer\">Googlebot<\/a> se concentram em buscar conte\u00fado HTTP\/HTTPS.<br \/>\n\t\t\tSe o conte\u00fado principal do seu site depender de outro protocolo ap\u00f3s a mudan\u00e7a, \u00e9 fundamental oferecer uma alternativa em HTTP\/HTTPS acess\u00edvel aos bots.<\/td>\n<\/tr>\n<tr>\n<td><strong>Carga e disponibilidade do servidor<\/strong><\/td>\n<td style=\"text-align: left\">Um servidor que muda frequentemente de protocolo ou gerencia muitas conex\u00f5es WebSocket pode sofrer aumento de carga.<br \/>\n\t\t\tSe isso afetar o tempo de resposta ou a disponibilidade, poder\u00e1 haver impacto no SEO, pois os motores avaliam a performance do servidor.<\/td>\n<\/tr>\n<tr>\n<td><strong>Monitoramento e relat\u00f3rios<\/strong><\/td>\n<td style=\"text-align: left\">Ferramentas de SEO e an\u00e1lises de logs nem sempre monitoram adequadamente os problemas relacionados \u00e0 troca de protocolo.<br \/>\n\t\t\tSe sua aplica\u00e7\u00e3o usa intensamente o c\u00f3digo 101, \u00e9 recomend\u00e1vel implementar ferramentas de monitoramento espec\u00edficas.<\/td>\n<\/tr>\n<\/tbody>\n<\/table>\n<p>Em resumo, embora o c\u00f3digo de status 101 Switching Protocols n\u00e3o tenha impacto direto no SEO, a forma como seu site gerencia a troca de protocolo e as funcionalidades associadas pode ter efeitos indiretos.<\/p>\n<p>\u00c9 fundamental garantir uma boa experi\u00eancia de usu\u00e1rio e assegurar que os motores de busca possam acessar e indexar todo conte\u00fado relevante.<\/p>\n<h2 id=\"par3\">Problemas comuns com o c\u00f3digo 101 e como resolv\u00ea-los<\/h2>\n<p>No universo das comunica\u00e7\u00f5es web, v\u00e1rios c\u00f3digos HTTP t\u00eam papel essencial para manter a intera\u00e7\u00e3o entre clientes e servidores. O c\u00f3digo 101 Switching Protocols \u00e9 um bom exemplo, pois sinaliza que o servidor est\u00e1 trocando de protocolo conforme solicitado pelo cliente.<\/p>\n<p>No entanto, como em muitos processos tecnol\u00f3gicos, podem ocorrer falhas.<\/p>\n<p>Veja a seguir alguns problemas comuns relacionados ao c\u00f3digo 101 e como corrigi-los:<\/p>\n<h3>Falhas na conex\u00e3o WebSocket<\/h3>\n<p>Problemas na conex\u00e3o WebSocket podem impedir a troca do c\u00f3digo 101, interrompendo a comunica\u00e7\u00e3o em tempo real entre cliente e servidor.<\/p>\n<div class=\"highlight-block\">Certifique-se de que tanto o cliente quanto o servidor suportam WebSockets e est\u00e3o corretamente configurados. Verifique a presen\u00e7a de proxies, firewalls ou intermedi\u00e1rios que possam estar bloqueando ou alterando o tr\u00e1fego WebSocket. Ferramentas como <a href=\"http:\/\/www.websocket.org\/\" target=\"_blank\" rel=\"noopener noreferrer\">WebSocket.org<\/a> ajudam a testar a funcionalidade.<\/div>\n<h3>Protocolos n\u00e3o suportados<\/h3>\n<p>Se o cliente solicitar a troca para um protocolo que o servidor n\u00e3o suporta, o c\u00f3digo 101 pode n\u00e3o ser retornado, gerando erros.<\/p>\n<div class=\"highlight-block\">Verifique se o protocolo desejado \u00e9 suportado por ambas as partes. Consulte os logs do servidor para identificar requisi\u00e7\u00f5es n\u00e3o suportadas. Atualize configura\u00e7\u00f5es ou software conforme necess\u00e1rio.<\/div>\n<h3>Vers\u00f5es incompat\u00edveis de protocolo<\/h3>\n<p>\u00c0s vezes, o cliente pode solicitar uma vers\u00e3o de protocolo que o servidor n\u00e3o aceita \u2014 ou vice-versa.<\/p>\n<div class=\"highlight-block\">Mantenha tanto o software do lado do cliente quanto do servidor atualizados para garantir compatibilidade com as vers\u00f5es mais recentes. Verifique a documenta\u00e7\u00e3o de ambos.<\/div>\n<h3>Interrup\u00e7\u00f5es na rede<\/h3>\n<p>Se ocorrer um problema de rede ap\u00f3s o envio do c\u00f3digo 101, mas antes da conclus\u00e3o da troca, a conex\u00e3o pode ser perdida.<\/p>\n<div class=\"highlight-block\">Monitore a estabilidade e lat\u00eancia da rede com ferramentas como ping, traceroute ou solu\u00e7\u00f5es mais avan\u00e7adas. Caso esteja usando proxy, VPN ou balanceador de carga, verifique se est\u00e3o configurados para lidar com protocolos atualizados.<\/div>\n<h3>Erros de configura\u00e7\u00e3o<\/h3>\n<p>Configura\u00e7\u00f5es incorretas no servidor ou proxies podem prejudicar o processo de troca de protocolo.<\/p>\n<div class=\"highlight-block\">Revise as configura\u00e7\u00f5es do servidor e de intermedi\u00e1rios para garantir que permitam upgrades de protocolo. Certifique-se de que os cabe\u00e7alhos Upgrade e Connection n\u00e3o estejam sendo bloqueados. Consulte a documenta\u00e7\u00e3o de provedores de hospedagem.<\/div>\n<h3>Cabe\u00e7alhos inv\u00e1lidos<\/h3>\n<p>Cabe\u00e7alhos incorretos ou incompletos na solicita\u00e7\u00e3o do cliente podem impedir que o c\u00f3digo 101 seja retornado corretamente.<\/p>\n<div class=\"highlight-block\">Analise os cabe\u00e7alhos da requisi\u00e7\u00e3o do cliente para verificar erros. O campo Upgrade deve estar corretamente definido. Utilize ferramentas ou o console do navegador para inspecionar e testar os cabe\u00e7alhos HTTP.<\/div>\n<h2 id=\"par4\">Ferramenta para verificar o c\u00f3digo HTTP 101<\/h2>\n<div class=\"content__img-wrap\"><img src=\"https:\/\/sitechecker.pro\/wp-content\/uploads\/2023\/09\/HTTP-Status-Code-Checker-Tool-for-identifying-HTTP-101-status-code.png\" alt=\"HTTP Status Code Checker Tool for identifying HTTP 101 status code\" class=\"description-img description-img-zoom\" loading=\"lazy\" ><\/div>\n<p>O SiteChecker.pro \u00e9 uma ferramenta online completa que fornece insights sobre os <a href=\"https:\/\/sitechecker.pro\/http-status-codes\/\" target=\"_blank\" rel=\"noopener noreferrer\">c\u00f3digos de status HTTP<\/a> retornados por sites. Com uma interface intuitiva, os usu\u00e1rios podem inserir uma URL e rapidamente ver o c\u00f3digo de status correspondente. Para identificar especificamente o c\u00f3digo 101 Switching Protocols, a ferramenta \u00e9 extremamente \u00fatil.<\/p>\n<p>Al\u00e9m de mostrar o c\u00f3digo, o SiteChecker.pro fornece uma explica\u00e7\u00e3o clara de seu significado. Mesmo que voc\u00ea n\u00e3o entenda todos os detalhes do HTTP 101, a plataforma oferece um resumo \u00fatil e direto, explicando poss\u00edveis a\u00e7\u00f5es a serem tomadas.<\/p>\n<p>A ferramenta n\u00e3o se limita a URLs individuais. Se seu site possui v\u00e1rias p\u00e1ginas ou voc\u00ea gerencia m\u00faltiplos dom\u00ednios, a an\u00e1lise abrangente do SiteChecker.pro \u00e9 um diferencial. Ele rastreia rapidamente os dom\u00ednios e garante que nenhum c\u00f3digo 101 (ou outros) passe despercebido, permitindo interven\u00e7\u00f5es r\u00e1pidas.<\/p>\n<h2 id=\"par5\">Conclus\u00e3o<\/h2>\n<p>O c\u00f3digo HTTP 101 &#8220;Switching Protocols&#8221; desempenha um papel importante nas comunica\u00e7\u00f5es web modernas, especialmente em funcionalidades como WebSockets. Esse c\u00f3digo, como resposta informativa, indica que o servidor est\u00e1 disposto a trocar de protocolo conforme a solicita\u00e7\u00e3o do cliente. Embora n\u00e3o afete diretamente o SEO, suas implica\u00e7\u00f5es indiretas, como a experi\u00eancia do usu\u00e1rio e a carga do servidor, podem influenciar m\u00e9tricas importantes. Problemas como falhas na conex\u00e3o ou protocolos n\u00e3o suportados podem surgir, mas ferramentas como o SiteChecker.pro ajudam a monitorar e resolver rapidamente. Al\u00e9m de detectar o c\u00f3digo 101, a plataforma orienta sobre como lidar com ele de forma eficiente.<\/p>\n<div id=\"par6\"><\/div>\n<p><div class=\"front__faq-block\"><div class=\"faq__block-title\">FAQ<\/div><div class=\"panel-group\" id=\"faq-accordion\" itemscope itemtype=\"https:\/\/schema.org\/FAQPage\" role=\"tablist\" aria-multiselectable=\"true\"><div class=\"panel\" itemscope itemtype=\"https:\/\/schema.org\/Question\" itemprop=\"mainEntity\">\n                            <div class=\"panel-heading\" id=\"headingFaq-1\">\n                                <div class=\"panel-title\" data-toggle=\"collapse\" aria-expanded=\"false\" href=\"#collapseFaq-1\">\n                                    <h3 itemprop=\"name\">Como \u00e9 que o c\u00f3digo de estado 101 afecta a velocidade de carregamento da p\u00e1gina?<\/h3>\n                                <\/div>\n                            <\/div>\n                            <div id=\"collapseFaq-1\" class=\"panel-collapse collapse\" itemprop=\"acceptedAnswer\" itemscope itemtype=\"http:\/\/schema.org\/Answer\">\n                                <div class=\"panel-body\" itemprop=\"text\">Atrasos ou falhas na troca de protocolo podem aumentar o tempo de carregamento da p\u00e1gina se a funcionalidade web depender da troca bem-sucedida, influenciando indiretamente o SEO.<\/div>\n                            <\/div>\n                        <\/div><div class=\"panel\" itemscope itemtype=\"https:\/\/schema.org\/Question\" itemprop=\"mainEntity\">\n                            <div class=\"panel-heading\" id=\"headingFaq-2\">\n                                <div class=\"panel-title\" data-toggle=\"collapse\" aria-expanded=\"false\" href=\"#collapseFaq-2\">\n                                    <h3 itemprop=\"name\">Que problemas podem surgir com o c\u00f3digo de estado 101 durante as comunica\u00e7\u00f5es WebSocket?<\/h3>\n                                <\/div>\n                            <\/div>\n                            <div id=\"collapseFaq-2\" class=\"panel-collapse collapse\" itemprop=\"acceptedAnswer\" itemscope itemtype=\"http:\/\/schema.org\/Answer\">\n                                <div class=\"panel-body\" itemprop=\"text\">Os problemas comuns incluem falhas de liga\u00e7\u00e3o devido a erros de configura\u00e7\u00e3o, atualiza\u00e7\u00f5es de protocolo n\u00e3o suportadas, interrup\u00e7\u00f5es de rede ou cabe\u00e7alhos inv\u00e1lidos no pedido do cliente.<\/div>\n                            <\/div>\n                        <\/div><div class=\"panel\" itemscope itemtype=\"https:\/\/schema.org\/Question\" itemprop=\"mainEntity\">\n                            <div class=\"panel-heading\" id=\"headingFaq-3\">\n                                <div class=\"panel-title\" data-toggle=\"collapse\" aria-expanded=\"false\" href=\"#collapseFaq-3\">\n                                    <h3 itemprop=\"name\">Como \u00e9 que o c\u00f3digo de estado 101 se relaciona com problemas de conte\u00fado misto?<\/h3>\n                                <\/div>\n                            <\/div>\n                            <div id=\"collapseFaq-3\" class=\"panel-collapse collapse\" itemprop=\"acceptedAnswer\" itemscope itemtype=\"http:\/\/schema.org\/Answer\">\n                                <div class=\"panel-body\" itemprop=\"text\">Se um site em HTTPS tentar estabelecer uma liga\u00e7\u00e3o WebSocket n\u00e3o segura (WS em vez de WSS), os browsers podem identific\u00e1-lo como conte\u00fado misto, degradando potencialmente a confian\u00e7a do utilizador e o SEO.<\/div>\n                            <\/div>\n                        <\/div><\/div><\/div><\/p>","protected":false},"excerpt":{"rendered":"O que \u00e9 um c\u00f3digo de status 101? Um c\u00f3digo de status 101 no HTTP \u00e9 definido como Switching Protocols (Mudan\u00e7a de Protocolos). \u00c9 uma resposta informativa que indica que o servidor compreende e est\u00e1 disposto a atender ao pedido do cliente, feito atrav\u00e9s do cabe\u00e7alho Upgrade, para mudar para outro protocolo. Por exemplo, esse&#8230;","protected":false},"author":10409641,"featured_media":26179,"parent":0,"menu_order":0,"comment_status":"closed","ping_status":"closed","template":"pages-templates\/pages-v2.php","meta":[],"categories":[27],"tags":[],"_links":{"self":[{"href":"https:\/\/sitechecker.pro\/pt\/wp-json\/wp\/v2\/pages\/26178"}],"collection":[{"href":"https:\/\/sitechecker.pro\/pt\/wp-json\/wp\/v2\/pages"}],"about":[{"href":"https:\/\/sitechecker.pro\/pt\/wp-json\/wp\/v2\/types\/page"}],"author":[{"embeddable":true,"href":"https:\/\/sitechecker.pro\/pt\/wp-json\/wp\/v2\/users\/10409641"}],"replies":[{"embeddable":true,"href":"https:\/\/sitechecker.pro\/pt\/wp-json\/wp\/v2\/comments?post=26178"}],"version-history":[{"count":2,"href":"https:\/\/sitechecker.pro\/pt\/wp-json\/wp\/v2\/pages\/26178\/revisions"}],"predecessor-version":[{"id":36732,"href":"https:\/\/sitechecker.pro\/pt\/wp-json\/wp\/v2\/pages\/26178\/revisions\/36732"}],"wp:featuredmedia":[{"embeddable":true,"href":"https:\/\/sitechecker.pro\/pt\/wp-json\/wp\/v2\/media\/26179"}],"wp:attachment":[{"href":"https:\/\/sitechecker.pro\/pt\/wp-json\/wp\/v2\/media?parent=26178"}],"wp:term":[{"taxonomy":"category","embeddable":true,"href":"https:\/\/sitechecker.pro\/pt\/wp-json\/wp\/v2\/categories?post=26178"},{"taxonomy":"post_tag","embeddable":true,"href":"https:\/\/sitechecker.pro\/pt\/wp-json\/wp\/v2\/tags?post=26178"}],"curies":[{"name":"wp","href":"https:\/\/api.w.org\/{rel}","templated":true}]}}