{"id":2517,"date":"2018-04-17T12:41:56","date_gmt":"2018-04-17T12:41:56","guid":{"rendered":"https:\/\/sitechecker.pro\/?page_id=2517"},"modified":"2025-04-15T19:26:15","modified_gmt":"2025-04-15T19:26:15","slug":"page-rank","status":"publish","type":"page","link":"https:\/\/sitechecker.pro\/pt\/page-rank\/","title":{"rendered":"Verifica o Pagerank  Interno | Alternativa ao Google PR"},"content":{"rendered":"<p><\/p>\n<h2 id=\"par1\">O que \u00e9 o Page Rank Checker?<\/h2>\n<p>Um verificador de classifica\u00e7\u00e3o de p\u00e1ginas web \u00e9 uma ferramenta abrangente que avalia a classifica\u00e7\u00e3o ou a autoridade de uma p\u00e1gina web. Esta m\u00e9trica analisa <a href=\"https:\/\/sitechecker.pro\/what-is-internal-link\/\" target=\"_blank\" rel=\"noopener noreferrer\">links internos<\/a>, oferecendo insights sobre a efici\u00eancia dos links internos e identificando quais as p\u00e1ginas que t\u00eam maior import\u00e2ncia.<\/p>\n<p>Veja como calculamos a import\u00e2ncia da p\u00e1gina do site:<\/p>\n<p><strong>soma(0,25 \/ n\u00famero de links da p\u00e1gina) * 0,85<\/strong><\/p>\n<p>\u00c9 uma m\u00e9trica interna do <a href=\"https:\/\/sitechecker.pro\/\" target=\"_blank\" rel=\"noopener noreferrer\">Sitechecker<\/a>. Embora o testador do Internal PageRank ofere\u00e7a perspetivas valiosas, \u00e9 de salientar que estas s\u00e3o estimativas e podem n\u00e3o captar os algoritmos precisos empregues pelos motores de busca.<\/p>\n<h3>O verificador interno de Page Rank do Sitechecker pode ajud\u00e1-lo de v\u00e1rias formas<\/h3>\n<ol>\n<li><strong>An\u00e1lise criteriosa dos links internos:<\/strong>A ferramenta examina meticulosamente os links internos, oferecendo informa\u00e7\u00f5es sobre a efic\u00e1cia da sua estrat\u00e9gia de links internos. Isto pode orient\u00e1-lo para refinar a <a href=\"https:\/\/sitechecker.pro\/link-juice\/\" target=\"_blank\" rel=\"noopener noreferrer\">distribui\u00e7\u00e3o de link juice<\/a> do seu website. Pode ser utilizado como alternativa de liga\u00e7\u00e3o interna para <a href=\"https:\/\/sitechecker.pro\/what-is-google-page-rank-metric\/\" target=\"_blank\" rel=\"noopener noreferrer\">Google PageRank<\/a>.<\/li>\n<li><strong>Destacando p\u00e1ginas Web importantes:<\/strong> Identifique p\u00e1ginas que devem possuir maior import\u00e2ncia na classifica\u00e7\u00e3o interna e concentre os seus esfor\u00e7os na <a href=\"https:\/\/sitechecker.pro\/what-is-link-equity\/\" target=\"_blank\" rel=\"noopener noreferrer\">equidade de links<\/a> de outros URLs nelas.<\/li>\n<li><strong>Auditoria t\u00e9cnica:<\/strong>A ferramenta n\u00e3o avalia apenas a import\u00e2ncia do URL; tamb\u00e9m identifica obst\u00e1culos t\u00e9cnicos que impactam a classifica\u00e7\u00e3o, como tempos de carregamento prolongados, problemas com a otimiza\u00e7\u00e3o para dispositivos m\u00f3veis, liga\u00e7\u00f5es quebradas, etc.<\/li>\n<\/ol>\n<p>Na sua ess\u00eancia, o Internal Page Rank Checker \u00e9 uma ferramenta indispens\u00e1vel para fortalecer a estrutura interna do seu website, otimizar a equidade dos links e priorizar p\u00e1ginas valiosas. A combina\u00e7\u00e3o desta ferramenta com um <a href=\"https:\/\/sitechecker.pro\/seo-website-grader\/\">SEO Grader<\/a> permite-lhe ter uma vis\u00e3o abrangente dos fatores internos e externos que afetam o seu SEO, garantindo que todos os aspetos do seu website s\u00e3o totalmente otimizados para melhores classifica\u00e7\u00f5es.<\/p>\n<h3>Principais caracter\u00edsticas do verificador de classifica\u00e7\u00e3o de URL da Web<\/h3>\n<ul>\n<li><strong>Painel unificado. <\/strong>A gest\u00e3o eficiente de um website come\u00e7a com um hub central. O painel unificado do Rating Checker agrega dados cr\u00edticos, oferecendo insights sobre reendere\u00e7os, relat\u00f3rios de erros e at\u00e9 visualiza\u00e7\u00f5es de dados.<\/li>\n<li><strong>Interface amig\u00e1vel. <\/strong>Reconhecendo que os utilizadores variam em conhecimento t\u00e9cnico, a ferramenta foi concebida para ser acess\u00edvel a todos. Com uma navega\u00e7\u00e3o intuitiva, recursos bem identificados e dicas de ferramentas \u00fateis, at\u00e9 os novatos podem navegar pelas suas funcionalidades com facilidade.<\/li>\n<li><strong>An\u00e1lise criteriosa de links internos. <\/strong>O Page Rank Checker avalia a import\u00e2ncia das p\u00e1ginas web, analisa a efici\u00eancia dos links internos e identifica os principais endere\u00e7os web com maior import\u00e2ncia. O seu m\u00e9todo de c\u00e1lculo transparente oferece insights, ao mesmo tempo que enfatiza que os resultados s\u00e3o estimativas alinhadas de perto com a estrat\u00e9gia de liga\u00e7\u00e3o interna.<\/li>\n<li><strong>Conjunto completo de ferramentas de SEO. <\/strong>Para al\u00e9m da verifica\u00e7\u00e3o interna da classifica\u00e7\u00e3o das p\u00e1ginas web, o arsenal da ferramenta abrange um kit de ferramentas de SEO diversificado. Desde a pesquisa de palavras-chave e an\u00e1lise de backlinks at\u00e9 \u00e0 <a href=\"https:\/\/sitechecker.pro\/on-page-seo-checker\/\" target=\"_blank\" rel=\"noopener noreferrer\">an\u00e1lise de SEO on-page<\/a>, rastreio de classifica\u00e7\u00e3o e auditorias abrangentes de websites, est\u00e1 equipado para refor\u00e7ar a estrat\u00e9gia de SEO de um website.<\/li>\n<\/ul>\n<h2 id=\"par2\">Como utilizar o verificador de classifica\u00e7\u00e3o de p\u00e1ginas<\/h2>\n<div class=\"content__img-wrap\"><img src=\"https:\/\/sitechecker.pro\/wp-content\/uploads\/2024\/07\/1-selector-min_66a0a47c5b5e7.png\" alt=\"Verificador de Page Rank do seletor\" class=\"description-img description-img-zoom\" loading=\"lazy\" ><\/div>\n<p>O verificador de classifica\u00e7\u00e3o de p\u00e1ginas oferece a capacidade de avaliar a autoridade e a classifica\u00e7\u00e3o de um endere\u00e7o web espec\u00edfico com base em todos os links internos.<\/p>\n<p>O processo \u00e9 r\u00e1pido e termina em poucos minutos. Ap\u00f3s a conclus\u00e3o, receber\u00e1 insights detalhados sobre a classifica\u00e7\u00e3o e o valor percebido da sua estrutura de links no contexto de todas as p\u00e1ginas HTML do seu website, garantindo uma compreens\u00e3o hol\u00edstica das classifica\u00e7\u00f5es de p\u00e1ginas web individuais.<\/p>\n<h2 id=\"par3\">Verifica\u00e7\u00e3o de dom\u00ednio<\/h2>\n<h3>Passo 1: Introduza o seu dom\u00ednio na barra de pesquisa<\/h3>\n<p>Para examinar um dom\u00ednio online, clique na op\u00e7\u00e3o &#8220;Verificar dom\u00ednio&#8221;, introduza o nome de dom\u00ednio e, em seguida, clique no bot\u00e3o &#8220;Verificar pagerank&#8221;.<br \/>\n<div class=\"content__img-wrap\"><img src=\"https:\/\/sitechecker.pro\/wp-content\/uploads\/2024\/07\/2-selector-min.png\" alt=\"Verificador de classifica\u00e7\u00e3o da p\u00e1gina do site\" class=\"description-img description-img-zoom\" loading=\"lazy\" ><\/div><\/p>\n<div class=\"important-block\">Para receber resultados e acesso \u00e0s funcionalidades do Sitechecker durante 14 dias, inicie o seu teste GRATUITO. A inscri\u00e7\u00e3o \u00e9 f\u00e1cil com o seu e-mail, Google ou conta do Facebook. N\u00e3o \u00e9 necess\u00e1rio cart\u00e3o de cr\u00e9dito.<\/div>\n<h3>Passo 2: Interpretar os resultados da classifica\u00e7\u00e3o de p\u00e1ginas do dom\u00ednio<\/h3>\n<p>Na categoria \u201cTodas as p\u00e1ginas HTML\u201d, pode encontrar e classificar dados sobre o seu endere\u00e7o web. Quanto maior a classifica\u00e7\u00e3o, mais links apontam para o dom\u00ednio e mais autoridade t\u00eam (em compara\u00e7\u00e3o com outros sites). Verifique e melhore a pontua\u00e7\u00e3o de todos os URLs do seu dom\u00ednio.<\/p>\n<p>[url da imagem=&#8221;https:\/\/sitechecker.pro\/wp-content\/uploads\/2023\/08\/page-weight.png&#8221; alt=&#8221;Peso da p\u00e1gina&#8221;]<\/p>\n<p>Se pretender localizar um URL de classifica\u00e7\u00e3o espec\u00edfico para verificar o seu assunto, pode utilizar o filtro:<\/p>\n<div class=\"content__img-wrap\"><img src=\"https:\/\/sitechecker.pro\/wp-content\/uploads\/2023\/08\/specific-rating-url.png\" alt=\"URL de classifica\u00e7\u00e3o espec\u00edfica\" class=\"description-img description-img-zoom\" loading=\"lazy\" ><\/div>\n<p>Para al\u00e9m da taxa de p\u00e1ginas na tabela, pode personalizar as colunas e adicionar os pontos de dados que lhe interessam:<\/p>\n<div class=\"content__img-wrap\"><img src=\"https:\/\/sitechecker.pro\/wp-content\/uploads\/2023\/08\/manage-columns.png\" alt=\"Gerir colunas\" class=\"description-img description-img-zoom\" loading=\"lazy\" ><\/div>\n<h2 id=\"par4\">Outras funcionalidades do Page Rating Tester<\/h2>\n<p>O testador de classifica\u00e7\u00e3o de p\u00e1ginas fornecer\u00e1 uma auditoria e avalia\u00e7\u00e3o abrangente do website, concebida para o ajudar a identificar e resolver quaisquer problemas.<\/p>\n<p>Cada relat\u00f3rio de auditoria vem com recomenda\u00e7\u00f5es sobre como corrigir os problemas identificados, al\u00e9m de permitir classificar facilmente os problemas por tipo: Cr\u00edtico, Avisos, Oportunidades, Notifica\u00e7\u00f5es.<\/p>\n<div class=\"content__img-wrap\"><img src=\"https:\/\/sitechecker.pro\/wp-content\/uploads\/2023\/08\/issues-type.png\" alt=\"Tipo de problemas\" class=\"description-img description-img-zoom\" loading=\"lazy\" ><\/div>\n<p>Ao alternar o filtro &#8220;Por categoria&#8221;, pode rever informa\u00e7\u00f5es relacionadas com links, indexabilidade, relev\u00e2ncia do conte\u00fado, velocidade do URL, seguran\u00e7a e muito mais:<\/p>\n<div class=\"content__img-wrap\"><img src=\"https:\/\/sitechecker.pro\/wp-content\/uploads\/2023\/08\/by-category-filter.png\" alt=\"Por filtro de categoria\" class=\"description-img description-img-zoom\" loading=\"lazy\" ><\/div>\n<p>Para aprofundar o desempenho do site, pode integrar o Google Analytics e o Google Search Console:<\/p>\n<p>[url da imagem=&#8221;https:\/\/sitechecker.pro\/wp-content\/uploads\/2023\/08\/ga-gsc-setup.png&#8221; alt=&#8221;Configura\u00e7\u00e3o do GA GSC&#8221;]<\/p>\n<p>Os dados dos Servi\u00e7os Google podem ser acedidos nos filtros &#8220;Gerir colunas&#8221;:<\/p>\n<div class=\"content__img-wrap\"><img src=\"https:\/\/sitechecker.pro\/wp-content\/uploads\/2023\/08\/google-services-data.png\" alt=\"Dados dos servi\u00e7os Google\" class=\"description-img description-img-zoom\" loading=\"lazy\" ><\/div>\n<p>Para uma an\u00e1lise mais aprofundada dos dados recolhidos, existe uma op\u00e7\u00e3o para exportar para o Google Sheets, guardar como PDF ou simplesmente copiar a informa\u00e7\u00e3o:<\/p>\n<div class=\"content__img-wrap\"><img src=\"https:\/\/sitechecker.pro\/wp-content\/uploads\/2023\/08\/export-data-pdf.png\" alt=\"Exportar dados em PDF\" class=\"description-img description-img-zoom\" loading=\"lazy\" ><\/div>\n<h2 id=\"par5\">Verificar classifica\u00e7\u00e3o da p\u00e1gina<\/h2>\n<h3>Passo 1: Introduza o seu URL<\/h3>\n<p>Com apenas um clique, pode fazer uma verifica\u00e7\u00e3o de classifica\u00e7\u00e3o de p\u00e1gina do endere\u00e7o web que pretende analisar.<\/p>\n<div class=\"content__img-wrap\"><img src=\"https:\/\/sitechecker.pro\/wp-content\/uploads\/2024\/07\/3-selector-min.png\" alt=\"Verificador de classifica\u00e7\u00e3o de p\u00e1ginas Verificar p\u00e1gina\" class=\"description-img description-img-zoom\" loading=\"lazy\" ><\/div>\n<h3>Passo 2: Verifica\u00e7\u00e3o dos resultados<\/h3>\n<p>Ao utilizar a nossa ferramenta avan\u00e7ada, podemos rapidamente <a href=\"https:\/\/sitechecker.pro\/seo-website-grader\/\" target=\"_blank\" rel=\"noopener noreferrer\">classificar sites<\/a> e analisar os dados associados \u00e0 import\u00e2ncia de um URL espec\u00edfico. Aqui pode ver a import\u00e2ncia do seu URL. Quanto maior for o Page Rank (peso da p\u00e1gina), mais links apontam para o site e mais autoridade tem (em compara\u00e7\u00e3o com outros sites). Verifique e melhore a pontua\u00e7\u00e3o do link analisado.<\/p>\n<div class=\"content__img-wrap\"><img src=\"https:\/\/sitechecker.pro\/wp-content\/uploads\/2024\/06\/results-of-page-check-inspection.png\" alt=\"Detalhes da p\u00e1gina Peso da p\u00e1gina\" class=\"description-img description-img-zoom\" loading=\"lazy\" ><\/div>\n<p>Al\u00e9m disso, pode visualizar informa\u00e7\u00f5es sobre os links internos do link selecionado aqui:<\/p>\n<div class=\"content__img-wrap\"><img src=\"https:\/\/sitechecker.pro\/wp-content\/uploads\/2024\/06\/6-internal-links-status-codes-filter.png\" alt=\"Links internos de detalhes da p\u00e1gina\" class=\"description-img description-img-zoom\" loading=\"lazy\" ><\/div>\n<p>Esta lista de URLs ilustra como o endere\u00e7o web selecionado influencia as consequ\u00eancias de outras p\u00e1ginas web.<\/p>\n<h2 id=\"par6\">Caracter\u00edsticas adicionais do verificador de classifica\u00e7\u00e3o de p\u00e1ginas gratuito<\/h2>\n<p>As informa\u00e7\u00f5es destacam problemas que afetam diretamente a sua m\u00e9trica de URL:<\/p>\n<div class=\"content__img-wrap\"><img src=\"https:\/\/sitechecker.pro\/wp-content\/uploads\/2024\/06\/5-issues.png\" alt=\"Problemas com os detalhes da p\u00e1gina\" class=\"description-img description-img-zoom\" loading=\"lazy\" ><\/div>\n<p>Para manter um valor de URL elevado, \u00e9 crucial monitorizar os c\u00f3digos de estado de resposta de forma consistente:<\/p>\n<div class=\"content__img-wrap\"><img src=\"https:\/\/sitechecker.pro\/wp-content\/uploads\/2024\/06\/6-internal-links-status-codes-filter.png\" alt=\"C\u00f3digo de estado dos detalhes da p\u00e1gina\" class=\"description-img description-img-zoom\" loading=\"lazy\" ><\/div>\n<p>Embora a classifica\u00e7\u00e3o de p\u00e1ginas seja uma m\u00e9trica valiosa, os webmasters tamb\u00e9m devem concentrar-se na monitoriza\u00e7\u00e3o do desempenho do website em termos de palavras-chave e posi\u00e7\u00f5es SERP para fins pr\u00e1ticos do dia-a-dia.<\/p>\n<p>Para verificar a classifica\u00e7\u00e3o do seu site nos motores de busca, utilize o nosso <a href=\"https:\/\/sitechecker.pro\/rank-tracker\/\" target=\"_blank\" rel=\"noopener noreferrer\">Verificador de classifica\u00e7\u00e3o de sites<\/a>.<\/p>\n<p>Esta ferramenta permite monitorizar as altera\u00e7\u00f5es nas posses de palavras-chave das suas frases-chave:<\/p>\n<p>[imagem url=&#8221;https:\/\/sitechecker.pro\/wp-content\/uploads\/2023\/08\/rank-tracker.png&#8221; alt=&#8221;Rastreador de classifica\u00e7\u00e3o&#8221;]<\/p>\n<p>O Keyword Rank Tracker permite monitorizar as altera\u00e7\u00f5es na posi\u00e7\u00e3o de uma palavra-chave ao longo do tempo, avaliar o volume de pesquisa da frase, visualizar o URL associado e muito mais.<\/p>\n<h2 id=\"par7\">Observa\u00e7\u00f5es finais<\/h2>\n<p>O WebPage Rank Checker da Sitechecker \u00e9 uma ferramenta especializada concebida para avaliar a autoridade de uma p\u00e1gina web atrav\u00e9s de links internos. Ao examinar os links internos, identifica p\u00e1ginas de maior import\u00e2ncia e calcula a sua import\u00e2ncia digital utilizando uma f\u00f3rmula \u00fanica.<\/p>\n<p>A interface de f\u00e1cil utiliza\u00e7\u00e3o apresenta um painel unificado, fornecendo insights cruciais que simplificam a gest\u00e3o do website. Al\u00e9m de classificar p\u00e1ginas, a ferramenta funciona perfeitamente com a funcionalidade <a href=\"https:\/\/sitechecker.pro\/page-counter\/\"> Contador de p\u00e1ginas<\/a>, permitindo-lhe acompanhar o n\u00famero total de p\u00e1ginas do seu website e garantir que a sua estrat\u00e9gia de links internos cobre todas as p\u00e1ginas principais. Al\u00e9m de apenas classificar p\u00e1ginas web, a ferramenta oferece um kit de ferramentas de SEO abrangente, atendendo a tarefas como pesquisa de palavras-chave, an\u00e1lise de backlinks e muito mais. A integra\u00e7\u00e3o com plataformas como o Google Analytics e o Google Search Console alarga ainda mais as suas capacidades.<\/p>\n<p>Complementando as caracter\u00edsticas principais, o Sitechecker disponibiliza ainda ferramentas adicionais como o <a href=\"https:\/\/sitechecker.pro\/rank-checker\/\" target=\"_blank\" rel=\"noopener noreferrer\">Verificador de classifica\u00e7\u00e3o de sites<\/a> e o <a href=\"https:\/\/sitechecker.pro\/rank-tracker\/\" target=\"_blank\" rel=\"noopener noreferrer\">Rastreador de classifica\u00e7\u00e3o de palavras-chave<\/a>. Estas ferramentas, utilizadas em conjunto com o Page Rank Checker, oferecem uma vis\u00e3o abrangente da posi\u00e7\u00e3o de SEO de um website, o que as torna inestim\u00e1veis \u200b\u200bpara aqueles que desejam melhorar a presen\u00e7a online do seu website.<\/p>\n<div id=\"par8\"><\/div>\n<p><div class=\"front__faq-block\"><div class=\"faq__block-title\">FAQ<\/div><div class=\"panel-group\" id=\"faq-accordion\" itemscope itemtype=\"https:\/\/schema.org\/FAQPage\" role=\"tablist\" aria-multiselectable=\"true\"><div class=\"panel\" itemscope itemtype=\"https:\/\/schema.org\/Question\" itemprop=\"mainEntity\">\n                            <div class=\"panel-heading\" id=\"headingFaq-1\">\n                                <div class=\"panel-title\" data-toggle=\"collapse\" aria-expanded=\"false\" href=\"#collapseFaq-1\">\n                                    <h3 itemprop=\"name\">Qual \u00e9 a diferen\u00e7a entre o Google PR e o PR do Sitechecker?<\/h3>\n                                <\/div>\n                            <\/div>\n                            <div id=\"collapseFaq-1\" class=\"panel-collapse collapse\" itemprop=\"acceptedAnswer\" itemscope itemtype=\"http:\/\/schema.org\/Answer\">\n                                <div class=\"panel-body\" itemprop=\"text\">A diferen\u00e7a entre o Google PR e o Sitechecker\u2019s PR \u00e9 que o Google PR era um sistema desenvolvido pela Google para classificar p\u00e1ginas web com base na sua autoridade e relev\u00e2ncia, mas j\u00e1 n\u00e3o est\u00e1 dispon\u00edvel publicamente. Por outro lado, o Sitechecker\u2019s PR \u00e9 uma m\u00e9trica interna desenvolvida pelo Sitechecker para avaliar a signific\u00e2ncia e efici\u00eancia das p\u00e1ginas web, observando especificamente os links internos. Esta m\u00e9trica fornece informa\u00e7\u00f5es sobre a estrutura interna do website.<\/div>\n                            <\/div>\n                        <\/div><div class=\"panel\" itemscope itemtype=\"https:\/\/schema.org\/Question\" itemprop=\"mainEntity\">\n                            <div class=\"panel-heading\" id=\"headingFaq-2\">\n                                <div class=\"panel-title\" data-toggle=\"collapse\" aria-expanded=\"false\" href=\"#collapseFaq-2\">\n                                    <h3 itemprop=\"name\">Como posso verificar a classifica\u00e7\u00e3o da minha p\u00e1gina?<\/h3>\n                                <\/div>\n                            <\/div>\n                            <div id=\"collapseFaq-2\" class=\"panel-collapse collapse\" itemprop=\"acceptedAnswer\" itemscope itemtype=\"http:\/\/schema.org\/Answer\">\n                                <div class=\"panel-body\" itemprop=\"text\">Utilize o verificador de classifica\u00e7\u00e3o de p\u00e1ginas do Sitechecker, introduzindo o seu dom\u00ednio ou URL espec\u00edfico.<\/div>\n                            <\/div>\n                        <\/div><div class=\"panel\" itemscope itemtype=\"https:\/\/schema.org\/Question\" itemprop=\"mainEntity\">\n                            <div class=\"panel-heading\" id=\"headingFaq-3\">\n                                <div class=\"panel-title\" data-toggle=\"collapse\" aria-expanded=\"false\" href=\"#collapseFaq-3\">\n                                    <h3 itemprop=\"name\">Quais s\u00e3o os benef\u00edcios de compreender a classifica\u00e7\u00e3o das p\u00e1ginas web utilizando esta ferramenta?<\/h3>\n                                <\/div>\n                            <\/div>\n                            <div id=\"collapseFaq-3\" class=\"panel-collapse collapse\" itemprop=\"acceptedAnswer\" itemscope itemtype=\"http:\/\/schema.org\/Answer\">\n                                <div class=\"panel-body\" itemprop=\"text\">Compreender e otimizar a classifica\u00e7\u00e3o pode ajudar a otimizar a equidade do link, priorizar p\u00e1ginas com o conte\u00fado mais valioso e trabalhar em p\u00e1ginas com baixa classifica\u00e7\u00e3o.<\/div>\n                            <\/div>\n                        <\/div><div class=\"panel\" itemscope itemtype=\"https:\/\/schema.org\/Question\" itemprop=\"mainEntity\">\n                            <div class=\"panel-heading\" id=\"headingFaq-4\">\n                                <div class=\"panel-title\" data-toggle=\"collapse\" aria-expanded=\"false\" href=\"#collapseFaq-4\">\n                                    <h3 itemprop=\"name\">O que \u00e9 um bom PageRank?<\/h3>\n                                <\/div>\n                            <\/div>\n                            <div id=\"collapseFaq-4\" class=\"panel-collapse collapse\" itemprop=\"acceptedAnswer\" itemscope itemtype=\"http:\/\/schema.org\/Answer\">\n                                <div class=\"panel-body\" itemprop=\"text\">De acordo com os padr\u00f5es do Sitechecker, um bom PageRank reflete links internos eficientes. Pontua\u00e7\u00f5es mais elevadas indicam maior autoridade.<\/div>\n                            <\/div>\n                        <\/div><\/div><\/div><\/p>","protected":false},"excerpt":{"rendered":"O que \u00e9 o Page Rank Checker? Um verificador de classifica\u00e7\u00e3o de p\u00e1ginas web \u00e9 uma ferramenta abrangente que avalia a classifica\u00e7\u00e3o ou a autoridade de uma p\u00e1gina web. Esta m\u00e9trica analisa links internos, oferecendo insights sobre a efici\u00eancia dos links internos e identificando quais as p\u00e1ginas que t\u00eam maior import\u00e2ncia. Veja como calculamos a&#8230;","protected":false},"author":10409641,"featured_media":3830,"parent":0,"menu_order":0,"comment_status":"closed","ping_status":"closed","template":"pages-templates\/pages-minitools-3.php","meta":[],"categories":[72],"tags":[],"_links":{"self":[{"href":"https:\/\/sitechecker.pro\/pt\/wp-json\/wp\/v2\/pages\/2517"}],"collection":[{"href":"https:\/\/sitechecker.pro\/pt\/wp-json\/wp\/v2\/pages"}],"about":[{"href":"https:\/\/sitechecker.pro\/pt\/wp-json\/wp\/v2\/types\/page"}],"author":[{"embeddable":true,"href":"https:\/\/sitechecker.pro\/pt\/wp-json\/wp\/v2\/users\/10409641"}],"replies":[{"embeddable":true,"href":"https:\/\/sitechecker.pro\/pt\/wp-json\/wp\/v2\/comments?post=2517"}],"version-history":[{"count":116,"href":"https:\/\/sitechecker.pro\/pt\/wp-json\/wp\/v2\/pages\/2517\/revisions"}],"predecessor-version":[{"id":36625,"href":"https:\/\/sitechecker.pro\/pt\/wp-json\/wp\/v2\/pages\/2517\/revisions\/36625"}],"wp:featuredmedia":[{"embeddable":true,"href":"https:\/\/sitechecker.pro\/pt\/wp-json\/wp\/v2\/media\/3830"}],"wp:attachment":[{"href":"https:\/\/sitechecker.pro\/pt\/wp-json\/wp\/v2\/media?parent=2517"}],"wp:term":[{"taxonomy":"category","embeddable":true,"href":"https:\/\/sitechecker.pro\/pt\/wp-json\/wp\/v2\/categories?post=2517"},{"taxonomy":"post_tag","embeddable":true,"href":"https:\/\/sitechecker.pro\/pt\/wp-json\/wp\/v2\/tags?post=2517"}],"curies":[{"name":"wp","href":"https:\/\/api.w.org\/{rel}","templated":true}]}}