{"id":2509,"date":"2023-12-07T11:22:03","date_gmt":"2023-12-07T11:22:03","guid":{"rendered":"https:\/\/sitechecker.pro\/?page_id=2509"},"modified":"2024-10-08T15:46:16","modified_gmt":"2024-10-08T15:46:16","slug":"meta-keywords","status":"publish","type":"page","link":"https:\/\/sitechecker.pro\/pt\/meta-keywords\/","title":{"rendered":"Qual Papel Possuem as Meta Palavras-chave \u201cNos Bastidores\u201d"},"content":{"rendered":"<p>O que voc\u00ea pensa ao considerar a frase \u201cmeta palavras-chave\u201d? A defini\u00e7\u00e3o de metas palavra-chave \u00e9 a seguinte: \u201cs\u00e3o as tags do artigo de texto. S\u00e3o palavras, que desempenham um papel significativo e que se repetem no texto com maior frequ\u00eancia\u201c. O exemplo \u00e9 o seguinte:<\/p>\n<p>&nbsp;<\/p>\n<div class=\"code\"><code>&lt;meta name=\"keywords\" content=\"wedding bouquets, floral decorations, flower shows\" \/&gt;<\/code><\/div>\n<p>&nbsp;<\/p>\n<p>Alguns otimizadores pararam de usar essa meta tag tendo d\u00favidas de que ainda \u00e9 relevante. De onde vem esses pensamentos? A raz\u00e3o \u00e9 que alguns especialistas t\u00eam certeza de que as meta palavras-chave n\u00e3o s\u00e3o mais usadas pelos <a href=\"https:\/\/sitechecker.pro\/pt\/search-engines\/\">mecanismos de busca<\/a> populares (Google, Yandex) e n\u00e3o melhoram a otimiza\u00e7\u00e3o SEO do site. Deve-se notar que, se voc\u00ea verificar o c\u00f3digo de alguns sites, \u00e9 improv\u00e1vel que voc\u00ea veja tags l\u00e1.<\/p>\n<p>Outros, pelo contr\u00e1rio, comprovam sua efic\u00e1cia. Ent\u00e3o, onde est\u00e1 a verdade? A melhor solu\u00e7\u00e3o poss\u00edvel \u00e9 us\u00e1-las para se sentir mais seguro. Em qualquer caso, meta palavras n\u00e3o v\u00e3o fazer nada. Por um lado, se voc\u00ea especificar algumas palavras, n\u00e3o ser\u00e1 algo negativo. Eles podem desempenhar algum papel ao determinar se existe uma correspond\u00eancia entre uma p\u00e1gina e consultas de pesquisa.<\/p>\n<p>&nbsp;<\/p>\n<h2>\u00c9 uma Boa ideia incluir palavras-chave?<\/h2>\n<p>&nbsp;<\/p>\n<p>Vamos nos aprofundar na hist\u00f3ria da palavra para esclarecer o que \u00e9 uma meta palavra-chave e seu papel hoje em dia. O aparecimento de palavras tag remontam o ano de 1995. Sua tarefa original era simplificar o trabalho dos mecanismos de pesquisa ao indexar p\u00e1ginas. As metatags das palavras que refletem a ideia principal do texto eram inicialmente usadas pelo webmaster. O rob\u00f4 levava em considera\u00e7\u00e3o o conte\u00fado das palavras e o restante do texto.<\/p>\n<p>Ao avaliar a relev\u00e2ncia das p\u00e1ginas, as posi\u00e7\u00f5es mais altas foram dadas a pagina\u00e7\u00e3o com palavras Tag. Infelizmente, a situa\u00e7\u00e3o foi alterada por causa de alguns otimizadores duvidosos que enviaram mensagens de spam: as mesmas palavras foram especificadas v\u00e1rias vezes, foram feitas solicita\u00e7\u00f5es que n\u00e3o correspondiam ao assunto da p\u00e1gina. Tudo isso levou \u00e0s consequ\u00eancias indesejadas que temos agora: o Google anunciou que palavras tag do site n\u00e3o eram mais importantes para classifica\u00e7\u00e3o das p\u00e1ginas. A rea\u00e7\u00e3o dos outros mecanismos de busca tamb\u00e9m era esperada. Eles n\u00e3o disseram abertamente que pararam de considerar a tag, mas deixaram claro que sua relev\u00e2ncia diminuiu substancialmente.<\/p>\n<p>Apesar disso, ningu\u00e9m pode saber por 100% que as palavras n\u00e3o s\u00e3o mais usadas pelos rob\u00f4s de busca. E se for apenas um truque com objetivo de fazer o sistema funcionar melhor sem dar chances a inser\u00e7\u00f5es de palavras inapropriadas? \u00c9 por isso que o uso inteligente de Tags de palavras-chave tem a chance de fazer voc\u00ea ganhar ou pelo n\u00e3o perder.<\/p>\n<p>&nbsp;<\/p>\n<h2>Como escrever palavras-chave Meta Tag de maneira correta?<\/h2>\n<p>&nbsp;<\/p>\n<p>Siga as instru\u00e7\u00f5es:<\/p>\n<ul>\n<li>A tag de palavras deve ser colocada no bloco HEAD no c\u00f3digo HTML de modo que n\u00e3o seja maior que 100-150 caracteres.<\/li>\n<li>\u00c9 obrigat\u00f3rio incluir apenas palavras relacionadas ao topo do site em geral.<\/li>\n<li>As palavras devem ser listadas com espa\u00e7o. Lembre-se de que cada p\u00e1gina deve ter sua lista de palavras-chave exclusivas.<\/li>\n<li>N\u00e3o \u00e9 recomendado colocar v\u00edrgulas entre as palavras, portanto os <a href=\"https:\/\/sitechecker.pro\/pt\/google-bot\/\">bots de buscas<\/a> podem compor frases adicionais \u00e0s palavras especificadas.<\/li>\n<li>N\u00e3o use adv\u00e9rbios, preposi\u00e7\u00f5es, conjun\u00e7\u00f5es e interjei\u00e7\u00f5es.<\/li>\n<li>Cada palavra pode ser inclu\u00edda n\u00e3o mais de tr\u00eas vezes. Pense nas palavras mais importantes e frequentemente repetidas.<\/li>\n<li>As solicita\u00e7\u00f5es s\u00e3o feitas na frequ\u00eancia decrescente (evite palavras chave de alta frequ\u00eancia).<\/li>\n<li>N\u00e3o escreva letra mai\u00fascula, exceto ao escrever abrevia\u00e7\u00f5es\/nomes pr\u00f3prios. Use plural somente se tal forma levar a uma mudan\u00e7a na origem da palavra.<\/li>\n<\/ul>\n<p>Use estas recomenda\u00e7\u00f5es para criar uma Tag espec\u00edfica de palavras. \u00c9 melhor ter uma meta palavra-chave do que ignor\u00e1-la! Al\u00e9m disso, os algoritmos de classifica\u00e7\u00e3o do mecanismo de busca nunca s\u00e3o totalmente divulgados, sendo alterados com frequ\u00eancia. Portanto, \u00e9 praticamente imposs\u00edvel estimar o valor absoluto da influ\u00eancia deste ou daquele fator.<\/p>\n<h2>O que lembrar ao escolher as palavras-chave Meta?<\/h2>\n<p>&nbsp;<\/p>\n<p>Al\u00e9m das diretrizes j\u00e1 mencionadas, as melhores pr\u00e1ticas de <a href=\"https:\/\/sitechecker.pro\/pt\/meta-tags\/\">metatag<\/a> de sucesso exigem conhecimentos de certos princ\u00edpios b\u00e1sicos. Voc\u00ea mesmo pode criar uma lista de palavras, se tiver todas as habilidades necess\u00e1rias para poder usar nossa ferramenta profissional de <a href=\"https:\/\/kparser.com\/pt\/\">planejador de palavras chaves<\/a>. N\u00e3o importa usar uma ferramenta especial. Certifique-se de ter inclu\u00eddo as chamadas palavras-chave com cauda longa. O que s\u00e3o elas? Por exemplo, em vez de escrever apenas \u201cbolsa\u201c, \u00e9 melhor usar uma palavra de cauda longa \u201ccasual, grande e barata\u201d. Existem dois princ\u00edpios pelos quais eles n\u00e3o s\u00e3o evitados. Eles s\u00e3o realmente \u00fateis para a cria\u00e7\u00e3o buscas espec\u00edficas e detalhadas. Al\u00e9m disso, fa\u00e7a uma pesquisa usando habilidades anal\u00edticas. Dedique algum tempo para ver as palavras-chave as quais os seus concorrentes d\u00e3o prefer\u00eancia. Desenvolvendo uma lista, fa\u00e7a um brainstorm em torno de todas as varia\u00e7\u00f5es poss\u00edveis de solicita\u00e7\u00f5es usadas no site, preste aten\u00e7\u00e3o tamb\u00e9m aos erros de ortografia.<\/p>","protected":false},"excerpt":{"rendered":"O que voc\u00ea pensa ao considerar a frase \u201cmeta palavras-chave\u201d? A defini\u00e7\u00e3o de metas palavra-chave \u00e9 a seguinte: \u201cs\u00e3o as tags do artigo de texto. S\u00e3o palavras, que desempenham um papel significativo e que se repetem no texto com maior frequ\u00eancia\u201c. O exemplo \u00e9 o seguinte: &nbsp; &lt;meta name=&#8221;keywords&#8221; content=&#8221;wedding bouquets, floral decorations, flower shows&#8221;&#8230;","protected":false},"author":11474150,"featured_media":3429,"parent":0,"menu_order":0,"comment_status":"closed","ping_status":"closed","template":"pages-templates\/pages-v2.php","meta":[],"categories":[28],"tags":[],"_links":{"self":[{"href":"https:\/\/sitechecker.pro\/pt\/wp-json\/wp\/v2\/pages\/2509"}],"collection":[{"href":"https:\/\/sitechecker.pro\/pt\/wp-json\/wp\/v2\/pages"}],"about":[{"href":"https:\/\/sitechecker.pro\/pt\/wp-json\/wp\/v2\/types\/page"}],"author":[{"embeddable":true,"href":"https:\/\/sitechecker.pro\/pt\/wp-json\/wp\/v2\/users\/11474150"}],"replies":[{"embeddable":true,"href":"https:\/\/sitechecker.pro\/pt\/wp-json\/wp\/v2\/comments?post=2509"}],"version-history":[{"count":59,"href":"https:\/\/sitechecker.pro\/pt\/wp-json\/wp\/v2\/pages\/2509\/revisions"}],"predecessor-version":[{"id":33751,"href":"https:\/\/sitechecker.pro\/pt\/wp-json\/wp\/v2\/pages\/2509\/revisions\/33751"}],"wp:featuredmedia":[{"embeddable":true,"href":"https:\/\/sitechecker.pro\/pt\/wp-json\/wp\/v2\/media\/3429"}],"wp:attachment":[{"href":"https:\/\/sitechecker.pro\/pt\/wp-json\/wp\/v2\/media?parent=2509"}],"wp:term":[{"taxonomy":"category","embeddable":true,"href":"https:\/\/sitechecker.pro\/pt\/wp-json\/wp\/v2\/categories?post=2509"},{"taxonomy":"post_tag","embeddable":true,"href":"https:\/\/sitechecker.pro\/pt\/wp-json\/wp\/v2\/tags?post=2509"}],"curies":[{"name":"wp","href":"https:\/\/api.w.org\/{rel}","templated":true}]}}