{"id":25058,"date":"2023-07-24T12:51:49","date_gmt":"2023-07-24T12:51:49","guid":{"rendered":"https:\/\/sitechecker.pro\/?page_id=25058"},"modified":"2025-02-17T11:37:24","modified_gmt":"2025-02-17T11:37:24","slug":"negative-keyword-list-generator-google-bing-yahoo-ads-%e1%90%88","status":"publish","type":"page","link":"https:\/\/sitechecker.pro\/pt\/negative-keywords\/","title":{"rendered":"Gerador de listas de palavras-chave negativas | Google, Bing, Yahoo Ads \u1408"},"content":{"rendered":"<p><\/p>\n<h2 id=\"par1\">O que \u00e9 a Ferramenta de Palavras-chave Negativas?<\/h2>\n<p>A ferramenta gratuita de palavras-chave negativas do <a href=\"https:\/\/sitechecker.pro\/\" target=\"_blank\" rel=\"noopener noreferrer\">Sitechecker<\/a> ajuda os anunciantes a identificar e excluir termos de pesquisa irrelevantes das suas campanhas de pagamento por clique (PPC). Ao inserir um termo abrangente relacionado com o seu neg\u00f3cio, a ferramenta gera uma lista de sugest\u00f5es de palavras-chave. Pode ent\u00e3o identificar termos que n\u00e3o est\u00e3o alinhados com as suas ofertas e adicion\u00e1-los como palavras-chave negativas. Este processo garante que os seus an\u00fancios n\u00e3o aparecem em pesquisas n\u00e3o relacionadas, reduzindo o desperd\u00edcio de gastos com an\u00fancios e melhorando a relev\u00e2ncia geral das suas campanhas.<\/p>\n<h3>Como \u00e9 que a ferramenta o pode ajudar<\/h3>\n<p><strong>Segmenta\u00e7\u00e3o por idioma e regi\u00e3o:<\/strong> permite que os anunciantes se concentrem em termos de pesquisa espec\u00edficos para o seu idioma e regi\u00e3o geogr\u00e1fica preferidos, ajudando a excluir termos irrelevantes que podem atrair p\u00fablicos indesejados.<\/p>\n<p><strong>Otimiza\u00e7\u00e3o de custos:<\/strong> eliminar cliques irrelevantes evita que os seus gastos com an\u00fancios sejam desperdi\u00e7ados em utilizadores com pouca probabilidade de convers\u00e3o, ajudando-o a tirar o m\u00e1ximo partido do seu or\u00e7amento publicit\u00e1rio.<\/p>\n<h2 id=\"par2\">Como utilizar o gerador de palavras-chave negativas<\/h2>\n<h3>Passo 1: Introduza uma ou v\u00e1rias consultas iniciais, configure as defini\u00e7\u00f5es e clique no bot\u00e3o \u201cGerar sugest\u00f5es de palavras-chave\u201d<\/h3>\n<div class=\"content__img-wrap\"><img src=\"https:\/\/sitechecker.pro\/wp-content\/uploads\/2024\/12\/negative-keyword-list-generator.png\" alt=\"Gerador de listas de palavras-chave negativas\" class=\"description-img description-img-zoom\" loading=\"lazy\" ><\/div>\n<h3>Passo 2: Recupere os seus resultados<\/h3>\n<p>Selecione consultas que incluam o seu termo de pesquisa principal, mas que n\u00e3o estejam alinhadas com a sua proposta de neg\u00f3cio. Copie estas consultas e adicione-as como frases-chave negativas no Google Ads.<\/p>\n<div class=\"content__img-wrap\"><img src=\"https:\/\/sitechecker.pro\/wp-content\/uploads\/2024\/12\/copy-selected-keywords.png\" alt=\"Copiar palavras-chave selecionadas\" class=\"description-img description-img-zoom\" loading=\"lazy\" ><\/div>\n<p>Inicie um teste gratuito para analisar qualquer consulta com mais detalhe, incluindo o seu volume de pesquisa, gr\u00e1fico de tend\u00eancias e n\u00edvel de concorr\u00eancia.<\/p>\n<div class=\"content__img-wrap\"><img src=\"https:\/\/sitechecker.pro\/wp-content\/uploads\/2024\/12\/keywords-info.png\" alt=\"Informa\u00e7\u00f5es sobre palavras-chave\" class=\"description-img description-img-zoom\" loading=\"lazy\" ><\/div>\n<div class=\"important-block\">Para receber resultados e acesso \u00e0s funcionalidades do Sitechecker durante 14 dias, inicie o seu teste GRATUITO. \u00c9 f\u00e1cil registar-se com o seu e-mail, conta Google ou Facebook. N\u00e3o \u00e9 necess\u00e1rio cart\u00e3o de cr\u00e9dito.<\/div>\n<h2 id=\"par3\">Ideia final<\/h2>\n<p>O Negative Keywords Finder \u00e9 uma ferramenta gratuita desenvolvida para Google Ads, Bing Ads e Yahoo Ads para melhorar as campanhas PPC. Ajuda os anunciantes a excluir termos de pesquisa irrelevantes, gerando sugest\u00f5es de palavras-chave com base em consultas amplas. Ao segmentar idiomas e regi\u00f5es espec\u00edficos, otimiza os gastos com an\u00fancios, reduz os cliques irrelevantes e melhora o desempenho da campanha. F\u00e1cil de utilizar, a ferramenta permite aos utilizadores analisar os termos de pesquisa quanto ao volume de pesquisa, tend\u00eancias e concorr\u00eancia.<\/p>","protected":false},"excerpt":{"rendered":"O que \u00e9 a Ferramenta de Palavras-chave Negativas? A ferramenta gratuita de palavras-chave negativas do Sitechecker ajuda os anunciantes a identificar e excluir termos de pesquisa irrelevantes das suas campanhas de pagamento por clique (PPC). Ao inserir um termo abrangente relacionado com o seu neg\u00f3cio, a ferramenta gera uma lista de sugest\u00f5es de palavras-chave. Pode&#8230;","protected":false},"author":10409641,"featured_media":0,"parent":0,"menu_order":0,"comment_status":"closed","ping_status":"closed","template":"pages-templates\/pages-minitools.php","meta":[],"categories":[71],"tags":[],"_links":{"self":[{"href":"https:\/\/sitechecker.pro\/pt\/wp-json\/wp\/v2\/pages\/25058"}],"collection":[{"href":"https:\/\/sitechecker.pro\/pt\/wp-json\/wp\/v2\/pages"}],"about":[{"href":"https:\/\/sitechecker.pro\/pt\/wp-json\/wp\/v2\/types\/page"}],"author":[{"embeddable":true,"href":"https:\/\/sitechecker.pro\/pt\/wp-json\/wp\/v2\/users\/10409641"}],"replies":[{"embeddable":true,"href":"https:\/\/sitechecker.pro\/pt\/wp-json\/wp\/v2\/comments?post=25058"}],"version-history":[{"count":18,"href":"https:\/\/sitechecker.pro\/pt\/wp-json\/wp\/v2\/pages\/25058\/revisions"}],"predecessor-version":[{"id":35548,"href":"https:\/\/sitechecker.pro\/pt\/wp-json\/wp\/v2\/pages\/25058\/revisions\/35548"}],"wp:attachment":[{"href":"https:\/\/sitechecker.pro\/pt\/wp-json\/wp\/v2\/media?parent=25058"}],"wp:term":[{"taxonomy":"category","embeddable":true,"href":"https:\/\/sitechecker.pro\/pt\/wp-json\/wp\/v2\/categories?post=25058"},{"taxonomy":"post_tag","embeddable":true,"href":"https:\/\/sitechecker.pro\/pt\/wp-json\/wp\/v2\/tags?post=25058"}],"curies":[{"name":"wp","href":"https:\/\/api.w.org\/{rel}","templated":true}]}}