{"id":25050,"date":"2023-07-24T12:46:13","date_gmt":"2023-07-24T12:46:13","guid":{"rendered":"https:\/\/sitechecker.pro\/?page_id=25050"},"modified":"2026-03-04T18:08:36","modified_gmt":"2026-03-04T18:08:36","slug":"free-seo-keyword-generator-get-thousands-relevant-keywords","status":"publish","type":"page","link":"https:\/\/sitechecker.pro\/pt\/keyword-generator-tool\/","title":{"rendered":"Gerador de palavras-chave GRATUITO (199+ ideias de conte\u00fado para SEO)"},"content":{"rendered":"<p><\/p>\n<h2 id=\"par1\">O que \u00e9 um gerador de palavras-chave de foco?<\/h2>\n<p>O Focus Keyword Generator do <a href=\"https:\/\/sitechecker.pro\/\" target=\"_blank\" rel=\"noopener noreferrer\">Sitechecker<\/a> \u00e9 uma ferramenta gratuita que ajuda a gerar sugest\u00f5es de palavras-chave para campanhas de SEO e PPC, obtendo ideias de plataformas como o Google, YouTube, Amazon, Bing e eBay. Fornece sugest\u00f5es de palavras-chave de cauda longa utilizando dados de sugest\u00f5es autom\u00e1ticas, ajuda a identificar palavras-chave de alto valor com volumes de pesquisa significativos e suporta a cria\u00e7\u00e3o de conte\u00fados, a otimiza\u00e7\u00e3o de websites e a pesquisa de mercado.<\/p>\n<h3>Como \u00e9 que a ferramenta o pode ajudar<\/h3>\n<p><strong>Sugest\u00f5es de palavras-chave multiplataforma:<\/strong> gera ideias de frases-chave de diversas plataformas, como Google, YouTube, Amazon, Bing e eBay, para maximizar o alcance e a relev\u00e2ncia.<\/p>\n<p><strong>Descoberta de palavras-chave de cauda longa:<\/strong> aproveita os dados de sugest\u00e3o autom\u00e1tica para fornecer palavras-chave de cauda longa valiosas com volumes de pesquisa substanciais, ideais para segmenta\u00e7\u00e3o de nicho e otimiza\u00e7\u00e3o de conte\u00fado.<\/p>\n<p><strong>Integra\u00e7\u00e3o de campanhas SEO:<\/strong> funciona perfeitamente com ferramentas de SEO mais amplas, incluindo o rastreio de classifica\u00e7\u00f5es e a monitoriza\u00e7\u00e3o do desempenho do website, para melhorar as estrat\u00e9gias gerais de otimiza\u00e7\u00e3o.<\/p>\n<h3>Principais caracter\u00edsticas da ferramenta<\/h3>\n<p><strong>Painel unificado:<\/strong> uma plataforma centralizada para monitorizar o desempenho do website, m\u00e9tricas de SEO, classifica\u00e7\u00f5es de frases-chave e auditorias de websites, fornecendo uma vis\u00e3o geral abrangente num \u00fanico local.<\/p>\n<p><strong>Interface amig\u00e1vel:<\/strong> o design intuitivo facilita a navega\u00e7\u00e3o e o acesso a insights \u00fateis para utilizadores de todos os n\u00edveis de experi\u00eancia.<\/p>\n<p><strong>Conjunto completo de ferramentas de SEO:<\/strong> oferece uma solu\u00e7\u00e3o completa com ferramentas para monitoriza\u00e7\u00e3o de websites, rastreio de classifica\u00e7\u00e3o, an\u00e1lise de backlinks, pesquisa de palavras-chave e auditorias detalhadas de SEO on-page e t\u00e9cnicas.<\/p>\n<h2 id=\"par2\">Como utilizar a ferramenta<\/h2>\n<h3>Passo 1: Introduza uma palavra-chave ou frase na caixa de entrada e clique no bot\u00e3o \u201cObter sugest\u00f5es\u201d<\/h3>\n<p>Selecione entre v\u00e1rias plataformas de pesquisa, incluindo Google, YouTube, Bing e outras, para definir as fontes para gerar ideias de conte\u00fado.<\/p>\n<div class=\"content__img-wrap\"><img src=\"https:\/\/sitechecker.pro\/wp-content\/uploads\/2024\/12\/seo-focus-keyphrase-generator.png\" alt=\"Gerador de frases-chave de foco em SEO\" class=\"description-img description-img-zoom\" loading=\"lazy\" ><\/div>\n<h3>Passo 2: Visualizar os resultados<\/h3>\n<p>A ferramenta gera uma lista de palavras-chave relacionadas, juntamente com m\u00e9tricas detalhadas, como o volume de pesquisa, tend\u00eancias, CPC e n\u00edvel de concorr\u00eancia. Utilize estes dados para ajustar a sua estrat\u00e9gia de conte\u00fado, segmentar t\u00f3picos de elevada procura e otimizar para uma melhor visibilidade e desempenho.<\/p>\n<div class=\"content__img-wrap\"><img src=\"https:\/\/sitechecker.pro\/wp-content\/uploads\/2024\/12\/search-suggestions.png\" alt=\"Sugest\u00f5es de pesquisa\" class=\"description-img description-img-zoom\" loading=\"lazy\" ><\/div>\n<h3>Passo 3: Escolha e copie palavras-chave relevantes<\/h3>\n<p>Navegue pela lista gerada de ideias de frases-chave, categorizadas por frequ\u00eancia e apoiadas por m\u00e9tricas como o volume de pesquisa e as tend\u00eancias. Selecione as palavras-chave mais relevantes, organize-as conforme necess\u00e1rio e copie-as para melhorar a sua estrat\u00e9gia de conte\u00fado.<\/p>\n<div class=\"content__img-wrap\"><img src=\"https:\/\/sitechecker.pro\/wp-content\/uploads\/2024\/12\/select-copy-topics.png\" alt=\"Seleccionar, Copiar T\u00f3picos\" class=\"description-img description-img-zoom\" loading=\"lazy\" ><\/div>\n<p>No painel esquerdo, explore grupos de sugest\u00f5es de palavras-chave agrupadas pela consulta principal, permitindo que a ferramenta funcione como um agrupador de palavras-chave.<\/p>\n<p>Cada palavra-chave exibe m\u00e9tricas detalhadas, como o volume de pesquisa, tend\u00eancias, CPC e concorr\u00eancia de an\u00fancios. Pode selecionar palavras-chave relevantes e adicion\u00e1-las ao Rank Tracker para monitoriza\u00e7\u00e3o detalhada e otimiza\u00e7\u00e3o de estrat\u00e9gias. Aceda a estes dados iniciando um teste gratuito.<\/p>\n<div class=\"content__img-wrap\"><img src=\"https:\/\/sitechecker.pro\/wp-content\/uploads\/2024\/12\/keyword-stats.png\" alt=\"Estat\u00edsticas de palavras-chave\" class=\"description-img description-img-zoom\" loading=\"lazy\" ><\/div>\n<div class=\"important-block\">Para receber resultados e acesso \u00e0s funcionalidades do Sitechecker durante 14 dias, inicie o seu teste GRATUITO. \u00c9 f\u00e1cil registar-se com o seu e-mail, conta Google ou Facebook. N\u00e3o \u00e9 necess\u00e1rio cart\u00e3o de cr\u00e9dito.<\/div>\n<h2 id=\"par3\">Comece a monitorizar as palavras-chave de foco<\/h2>\n<p>Clique no bot\u00e3o para acompanhar as frases-chave de interesse, selecionando-as e adicionando-as ao Rastreador de Classifica\u00e7\u00e3o para an\u00e1lise cont\u00ednua de desempenho.<\/p>\n<div class=\"content__img-wrap\"><img src=\"https:\/\/sitechecker.pro\/wp-content\/uploads\/2024\/12\/add-to-rank-tracker.png\" alt=\"Adicionar ao Rastreador de Classifica\u00e7\u00e3o\" class=\"description-img description-img-zoom\" loading=\"lazy\" ><\/div>\n<p>Pode agrupar t\u00f3picos e adicion\u00e1-los ao Rank Tracker para monitoriza\u00e7\u00e3o e an\u00e1lise abrangentes.<\/p>\n<div class=\"content__img-wrap\"><img src=\"https:\/\/sitechecker.pro\/wp-content\/uploads\/2024\/12\/add-to-rank-tracker-settings.png\" alt=\"Adicionar \u00e0s defini\u00e7\u00f5es do rastreador de classifica\u00e7\u00e3o\" class=\"description-img description-img-zoom\" loading=\"lazy\" ><\/div>\n<p>Selecione o seu motor de busca, dispositivo, pa\u00eds e regi\u00e3o preferidos nesta sec\u00e7\u00e3o.<\/p>\n<p>Ap\u00f3s configurar as suas defini\u00e7\u00f5es, clique em \u2018Adicionar ao Rastreador de Classifica\u00e7\u00e3o\u2019 para iniciar o rastreio.<\/p>\n<p>Utilize a funcionalidade \u2018Gerir palavras-chave\u2019 para organizar as frases-chave em categorias e lig\u00e1-las a p\u00e1ginas espec\u00edficas, simplificando a sua estrat\u00e9gia promocional.<\/p>\n<div class=\"content__img-wrap\"><img src=\"https:\/\/sitechecker.pro\/wp-content\/uploads\/2024\/12\/manage-keywords.png\" alt=\"Gerir palavras-chave\" class=\"description-img description-img-zoom\" loading=\"lazy\" ><\/div>\n<p>A ferramenta fornece um rastreio personalizado de t\u00f3picos com base no dispositivo e na localiza\u00e7\u00e3o, oferecendo informa\u00e7\u00f5es valiosas sobre as classifica\u00e7\u00f5es e a concorr\u00eancia. Caracter\u00edsticas como pontua\u00e7\u00f5es de visibilidade, rastreio de indexa\u00e7\u00e3o e gr\u00e1ficos de tend\u00eancias de SEO melhoram a otimiza\u00e7\u00e3o da estrat\u00e9gia, enquanto os relat\u00f3rios flex\u00edveis se adaptam aos cronogramas da campanha.<\/p>\n<div class=\"content__img-wrap\"><img src=\"https:\/\/sitechecker.pro\/wp-content\/uploads\/2024\/12\/rank-tracker-dashboard.png\" alt=\"Painel do Rastreador de Classifica\u00e7\u00e3o\" class=\"description-img description-img-zoom\" loading=\"lazy\" ><\/div>\n<h2 id=\"par4\">Ideia Final<\/h2>\n<p>O Keyword Maker \u00e9 uma ferramenta gratuita e f\u00e1cil de utilizar para gerar sugest\u00f5es de palavras-chave em plataformas como o Google, YouTube e Amazon. Oferece m\u00e9tricas detalhadas, descoberta de frases-chave de cauda longa e suporta estrat\u00e9gias de SEO e PPC com caracter\u00edsticas como o rastreio de classifica\u00e7\u00f5es, pontua\u00e7\u00f5es de visibilidade e gr\u00e1ficos de tend\u00eancias de SEO. Os utilizadores podem organizar palavras-chave, monitorizar o desempenho por local e dispositivo e otimizar os esfor\u00e7os promocionais utilizando a interface intuitiva da ferramenta e o conjunto abrangente de ferramentas de SEO.<\/p>","protected":false},"excerpt":{"rendered":"O que \u00e9 um gerador de palavras-chave de foco? O Focus Keyword Generator do Sitechecker \u00e9 uma ferramenta gratuita que ajuda a gerar sugest\u00f5es de palavras-chave para campanhas de SEO e PPC, obtendo ideias de plataformas como o Google, YouTube, Amazon, Bing e eBay. Fornece sugest\u00f5es de palavras-chave de cauda longa utilizando dados de sugest\u00f5es&#8230;","protected":false},"author":10409641,"featured_media":0,"parent":0,"menu_order":0,"comment_status":"closed","ping_status":"closed","template":"pages-templates\/pages-minitools.php","meta":[],"categories":[71],"tags":[],"_links":{"self":[{"href":"https:\/\/sitechecker.pro\/pt\/wp-json\/wp\/v2\/pages\/25050"}],"collection":[{"href":"https:\/\/sitechecker.pro\/pt\/wp-json\/wp\/v2\/pages"}],"about":[{"href":"https:\/\/sitechecker.pro\/pt\/wp-json\/wp\/v2\/types\/page"}],"author":[{"embeddable":true,"href":"https:\/\/sitechecker.pro\/pt\/wp-json\/wp\/v2\/users\/10409641"}],"replies":[{"embeddable":true,"href":"https:\/\/sitechecker.pro\/pt\/wp-json\/wp\/v2\/comments?post=25050"}],"version-history":[{"count":44,"href":"https:\/\/sitechecker.pro\/pt\/wp-json\/wp\/v2\/pages\/25050\/revisions"}],"predecessor-version":[{"id":39554,"href":"https:\/\/sitechecker.pro\/pt\/wp-json\/wp\/v2\/pages\/25050\/revisions\/39554"}],"wp:attachment":[{"href":"https:\/\/sitechecker.pro\/pt\/wp-json\/wp\/v2\/media?parent=25050"}],"wp:term":[{"taxonomy":"category","embeddable":true,"href":"https:\/\/sitechecker.pro\/pt\/wp-json\/wp\/v2\/categories?post=25050"},{"taxonomy":"post_tag","embeddable":true,"href":"https:\/\/sitechecker.pro\/pt\/wp-json\/wp\/v2\/tags?post=25050"}],"curies":[{"name":"wp","href":"https:\/\/api.w.org\/{rel}","templated":true}]}}