{"id":25043,"date":"2023-07-24T12:49:46","date_gmt":"2023-07-24T12:49:46","guid":{"rendered":"https:\/\/sitechecker.pro\/?page_id=25043"},"modified":"2025-02-17T16:32:20","modified_gmt":"2025-02-17T16:32:20","slug":"professional-content-idea-generator-sitechecker-%e1%90%88","status":"publish","type":"page","link":"https:\/\/sitechecker.pro\/pt\/content-idea-generator\/","title":{"rendered":"Gerador de ideias de conte\u00fado: T\u00f3picos, publica\u00e7\u00f5es, t\u00edtulos \u1408"},"content":{"rendered":"<p><\/p>\n<h2 id=\"par1\">O que \u00e9 um gerador de ideias de conte\u00fado gratuito?<\/h2>\n<p>Um gerador de ideias de conte\u00fado do <a href=\"https:\/\/sitechecker.pro\/\" target=\"_blank\" rel=\"noopener noreferrer\">Sitechecker<\/a> \u00e9 uma ferramenta concebida para simplificar o processo de brainstorming e fornecer um fluxo constante de ideias de conte\u00fado exclusivas e relevantes, adaptadas ao seu nicho. Ao analisar palavras-chave e tend\u00eancias, fornece rapidamente sugest\u00f5es para publica\u00e7\u00f5es de blogues, atualiza\u00e7\u00f5es de redes sociais, v\u00eddeos, podcasts e muito mais.<\/p>\n<h3>O gerador de ideias de artigos pode ajud\u00e1-lo em<\/h3>\n<p><strong>Ideias de conte\u00fado personalizado:<\/strong> obtenha sugest\u00f5es de conte\u00fado adaptadas \u00e0s suas palavras-chave e nicho para blogs, redes sociais e muito mais.<\/p>\n<p><strong>Inspira\u00e7\u00e3o ilimitada:<\/strong> gere ideias infinitas instantaneamente para manter o seu calend\u00e1rio de conte\u00fados completo e envolvente.<\/p>\n<p><strong>Sugest\u00f5es baseadas em SEO:<\/strong> crie conte\u00fado que tenha repercuss\u00f5es no seu p\u00fablico e que tenha uma classifica\u00e7\u00e3o elevada nos motores de busca.<\/p>\n<h3>Principais funcionalidades do Gerador de Ideias para Blog<\/h3>\n<p><strong>Painel unificado:<\/strong> acompanhe o desempenho, as classifica\u00e7\u00f5es e os problemas num \u00fanico hub central.<\/p>\n<p><strong>Interface de f\u00e1cil utiliza\u00e7\u00e3o:<\/strong> um design simplificado para uma f\u00e1cil navega\u00e7\u00e3o, ideal para todos os n\u00edveis de habilidade.<\/p>\n<p><strong>Conjunto completo de ferramentas de SEO:<\/strong> ferramentas abrangentes para auditorias, palavras-chave, monitoriza\u00e7\u00f5es e an\u00e1lises.<\/p>\n<h2 id=\"par2\">Como utilizar o Gerador de Sugest\u00f5es de Conte\u00fado?<\/h2>\n<h3>Passo 1: Introduza uma palavra-chave ou frase e clique no bot\u00e3o \u201cObter sugest\u00f5es\u201d<\/h3>\n<p>Caixa de entrada, escolha entre v\u00e1rias plataformas de pesquisa, como o Google, YouTube, Bing e outras.<\/p>\n<p>Estas fontes determinar\u00e3o de onde s\u00e3o derivadas as ideias de conte\u00fado.<\/p>\n<div class=\"content__img-wrap\"><img src=\"https:\/\/sitechecker.pro\/wp-content\/uploads\/2024\/12\/professional-content-idea-generator.png\" alt=\"Gerador de ideias de conte\u00fado profissional\" class=\"description-img description-img-zoom\" loading=\"lazy\" ><\/div>\n<h3>Passo 2: Recuperar os resultados<\/h3>\n<p>As sugest\u00f5es de palavras-chave fornecem uma lista de termos relacionados com m\u00e9tricas detalhadas, incluindo o volume de pesquisa, tend\u00eancias, CPC e n\u00edvel de concorr\u00eancia. Estes dados ajudam a refinar a sua estrat\u00e9gia de conte\u00fado, a identificar t\u00f3picos com elevada procura e a otimizar o conte\u00fado para uma melhor visibilidade e desempenho.<\/p>\n<div class=\"content__img-wrap\"><img src=\"https:\/\/sitechecker.pro\/wp-content\/uploads\/2024\/12\/search-suggestions.png\" alt=\"Sugest\u00f5es de pesquisa\" class=\"description-img description-img-zoom\" loading=\"lazy\" ><\/div>\n<h3>Passo 3: Selecionar e copiar t\u00f3picos relevantes<\/h3>\n<p>A ferramenta gera uma lista de ideias relevantes, categorizadas por frequ\u00eancia, e inclui m\u00e9tricas como o volume de pesquisa e as tend\u00eancias. Pode selecionar, organizar e copiar palavras-chave para otimizar as suas estrat\u00e9gias de conte\u00fado.<\/p>\n<div class=\"content__img-wrap\"><img src=\"https:\/\/sitechecker.pro\/wp-content\/uploads\/2024\/12\/select-copy-topics.png\" alt=\"Seleccionar, Copiar T\u00f3picos\" class=\"description-img description-img-zoom\" loading=\"lazy\" ><\/div>\n<p>No painel esquerdo, descubra grupos de sugest\u00f5es categorizadas com base na consulta principal da lista geral. Desta forma, utilize a ferramenta como agrupador de palavras-chave.<\/p>\n<p>Exibe tamb\u00e9m volume de pesquisa, tend\u00eancias, CPC e concorr\u00eancia de an\u00fancios. Pode selecionar palavras-chave e adicion\u00e1-las ao Rank Tracker para monitoriza\u00e7\u00e3o detalhada e otimiza\u00e7\u00e3o de estrat\u00e9gias. Para aceder a estes dados, inicie um teste gratuito.<\/p>\n<div class=\"content__img-wrap\"><img src=\"https:\/\/sitechecker.pro\/wp-content\/uploads\/2024\/12\/keyword-stats.png\" alt=\"Estat\u00edsticas de palavras-chave\" class=\"description-img description-img-zoom\" loading=\"lazy\" ><\/div>\n<div class=\"important-block\">Para receber resultados e acesso \u00e0s funcionalidades do Sitechecker durante 14 dias, inicie o seu teste GRATUITO. \u00c9 f\u00e1cil registar-se com o seu e-mail, conta Google ou Facebook. N\u00e3o \u00e9 necess\u00e1rio cart\u00e3o de cr\u00e9dito.<\/div>\n<h2 id=\"par3\">Comece a acompanhar os t\u00f3picos de conte\u00fado relevantes<\/h2>\n<p>Prima o bot\u00e3o para come\u00e7ar a acompanhar os t\u00f3picos de conte\u00fado relevantes, selecionando aqueles que lhe interessam e adicionando-os ao <a href=\"https:\/\/sitechecker.pro\/rank-tracker\/\" target=\"_blank\" rel=\"noopener noreferrer\">Rastreador de Classifica\u00e7\u00e3o<\/a>.<\/p>\n<div class=\"content__img-wrap\"><img src=\"https:\/\/sitechecker.pro\/wp-content\/uploads\/2024\/12\/add-to-rank-tracker.png\" alt=\"Adicionar ao Rastreador de Classifica\u00e7\u00e3o\" class=\"description-img description-img-zoom\" loading=\"lazy\" ><\/div>\n<p>Os t\u00f3picos podem ser agrupados e adicionados ao Rank Tracker para monitoriza\u00e7\u00e3o e an\u00e1lise detalhadas.<\/p>\n<div class=\"content__img-wrap\"><img src=\"https:\/\/sitechecker.pro\/wp-content\/uploads\/2024\/12\/add-to-rank-tracker-settings.png\" alt=\"Adicionar \u00e0s defini\u00e7\u00f5es do rastreador de classifica\u00e7\u00e3o\" class=\"description-img description-img-zoom\" loading=\"lazy\" ><\/div>\n<p>Pode escolher aqui o motor de busca, dispositivo, pa\u00eds e regi\u00e3o desejados.<\/p>\n<p>Depois de tudo configurado, clique em \u2018Adicionar ao Rank Tracker\u2019.<\/p>\n<p>A op\u00e7\u00e3o \u2018Gerir palavras-chave\u2019 permite-lhe agrupar palavras-chave em categorias e alinh\u00e1-las com p\u00e1ginas espec\u00edficas para otimizar a sua estrat\u00e9gia promocional.<\/p>\n<div class=\"content__img-wrap\"><img src=\"https:\/\/sitechecker.pro\/wp-content\/uploads\/2024\/12\/manage-keywords.png\" alt=\"Gerir palavras-chave\" class=\"description-img description-img-zoom\" loading=\"lazy\" ><\/div>\n<p>A ferramenta oferece um rastreio personalizado de ideias de t\u00f3picos por dispositivo e localiza\u00e7\u00e3o, oferecendo insights sobre classifica\u00e7\u00f5es e concorr\u00eancia. Caracter\u00edsticas como pontua\u00e7\u00f5es de visibilidade, rastreio de indexa\u00e7\u00e3o e gr\u00e1ficos de tend\u00eancias de SEO ajudam a otimizar as estrat\u00e9gias, enquanto os relat\u00f3rios flex\u00edveis se alinham com os cronogramas da campanha.<\/p>\n<div class=\"content__img-wrap\"><img src=\"https:\/\/sitechecker.pro\/wp-content\/uploads\/2024\/12\/rank-tracker-dashboard.png\" alt=\"Painel do Rastreador de Classifica\u00e7\u00e3o\" class=\"description-img description-img-zoom\" loading=\"lazy\" ><\/div>\n<h2 id=\"par4\">Ideia Final<\/h2>\n<p>O Gerador de Ideias de Conte\u00fado Profissional simplifica o planeamento de conte\u00fados, fornecendo ideias personalizadas para blogs, redes sociais e muito mais. Fornece sugest\u00f5es baseadas em palavras-chave com m\u00e9tricas como o volume de pesquisa, tend\u00eancias, CPC e concorr\u00eancia, ajudando a otimizar as estrat\u00e9gias de conte\u00fado. As principais caracter\u00edsticas incluem uma interface amig\u00e1vel, insights focados em SEO e ferramentas para agrupar e rastrear palavras-chave. O painel unificado e os relat\u00f3rios flex\u00edveis melhoram a monitoriza\u00e7\u00e3o do desempenho, enquanto as defini\u00e7\u00f5es personaliz\u00e1veis \u200b\u200brefinam os resultados. Utilize-o para fazer brainstorming de conte\u00fado exclusivo, monitorizar classifica\u00e7\u00f5es e melhorar a visibilidade com estrat\u00e9gias orientadas por SEO. Inicie um teste gratuito para explorar todas as funcionalidades sem precisar de um cart\u00e3o de cr\u00e9dito.<\/p>","protected":false},"excerpt":{"rendered":"O que \u00e9 um gerador de ideias de conte\u00fado gratuito? Um gerador de ideias de conte\u00fado do Sitechecker \u00e9 uma ferramenta concebida para simplificar o processo de brainstorming e fornecer um fluxo constante de ideias de conte\u00fado exclusivas e relevantes, adaptadas ao seu nicho. Ao analisar palavras-chave e tend\u00eancias, fornece rapidamente sugest\u00f5es para publica\u00e7\u00f5es de&#8230;","protected":false},"author":10409641,"featured_media":0,"parent":0,"menu_order":0,"comment_status":"closed","ping_status":"closed","template":"pages-templates\/pages-minitools.php","meta":[],"categories":[70],"tags":[],"_links":{"self":[{"href":"https:\/\/sitechecker.pro\/pt\/wp-json\/wp\/v2\/pages\/25043"}],"collection":[{"href":"https:\/\/sitechecker.pro\/pt\/wp-json\/wp\/v2\/pages"}],"about":[{"href":"https:\/\/sitechecker.pro\/pt\/wp-json\/wp\/v2\/types\/page"}],"author":[{"embeddable":true,"href":"https:\/\/sitechecker.pro\/pt\/wp-json\/wp\/v2\/users\/10409641"}],"replies":[{"embeddable":true,"href":"https:\/\/sitechecker.pro\/pt\/wp-json\/wp\/v2\/comments?post=25043"}],"version-history":[{"count":9,"href":"https:\/\/sitechecker.pro\/pt\/wp-json\/wp\/v2\/pages\/25043\/revisions"}],"predecessor-version":[{"id":35572,"href":"https:\/\/sitechecker.pro\/pt\/wp-json\/wp\/v2\/pages\/25043\/revisions\/35572"}],"wp:attachment":[{"href":"https:\/\/sitechecker.pro\/pt\/wp-json\/wp\/v2\/media?parent=25043"}],"wp:term":[{"taxonomy":"category","embeddable":true,"href":"https:\/\/sitechecker.pro\/pt\/wp-json\/wp\/v2\/categories?post=25043"},{"taxonomy":"post_tag","embeddable":true,"href":"https:\/\/sitechecker.pro\/pt\/wp-json\/wp\/v2\/tags?post=25043"}],"curies":[{"name":"wp","href":"https:\/\/api.w.org\/{rel}","templated":true}]}}