{"id":25028,"date":"2023-07-24T12:41:47","date_gmt":"2023-07-24T12:41:47","guid":{"rendered":"https:\/\/sitechecker.pro\/?page_id=25028"},"modified":"2025-08-29T11:46:23","modified_gmt":"2025-08-29T11:46:23","slug":"email-name-generator-professional-email-address-generator-%e1%90%88","status":"publish","type":"page","link":"https:\/\/sitechecker.pro\/pt\/email-name-generator\/","title":{"rendered":"Gerador de nomes de e-mail profissionais [GR\u00c1TIS 99+] Ideias para nomes de e-mail"},"content":{"rendered":"<p><\/p>\n<h2 id=\"par1\">O que \u00e9 o Gerador de Nomes de E-mail Profissional?<\/h2>\n<p>O Gerador de Nomes de E-mail Profissional do <a href=\"https:\/\/sitechecker.pro\/\" target=\"_blank\" rel=\"noopener noreferrer\">Sitechecker<\/a> \u00e9 uma ferramenta que cria rapidamente sugest\u00f5es de nomes de e-mail profissionais e \u00fanicos, adaptadas \u00e0s necessidades pessoais ou empresariais. Oferece op\u00e7\u00f5es personaliz\u00e1veis \u200b\u200bbaseadas em palavras-chave, suporta a cria\u00e7\u00e3o de e-mail de dom\u00ednio e segue conven\u00e7\u00f5es de nome de utilizador, ao mesmo tempo que aproveita as defini\u00e7\u00f5es de pesquisa avan\u00e7adas para relev\u00e2ncia espec\u00edfica de regi\u00e3o, idioma e plataforma.<\/p>\n<h3>Como \u00e9 que o gerador de nomes do Gmail o pode ajudar<\/h3>\n<p><strong>Gerador de nomes de e-mail:<\/strong> fornece rapidamente in\u00fameras sugest\u00f5es de nomes utilizando a fun\u00e7\u00e3o de pesquisa. Confira as sugest\u00f5es dispon\u00edveis para encontrar a ideal para as suas necessidades.<\/p>\n<p><strong>Propostas de palavras-chave multiplataforma:<\/strong> permite descobrir poss\u00edveis palavras-chave de v\u00e1rios motores de busca e plataformas, incluindo (mas n\u00e3o limitado a) Google, Bing, Amazon, eBay e YouTube.<\/p>\n<h2 id=\"par2\">Como utilizar a ferramenta<\/h2>\n<h3>Passo 1: Introduza uma frase-chave ou n\u00famero para gerar milhares de ideias de ID de conta<\/h3>\n<div class=\"content__img-wrap\"><img src=\"https:\/\/sitechecker.pro\/wp-content\/uploads\/2024\/12\/email-name-generator.png\" alt=\"Gerador de nomes de e-mail\" class=\"description-img description-img-zoom\" loading=\"lazy\" ><\/div>\n<h3>Passo 2: Explore os resultados<\/h3>\n<p>Come\u00e7ando com uma \u00fanica frase-chave, pode gerar ideias de e-mail j\u00e1 prontas ou extrair palavras individuais para criar o seu nome \u00fanico.<\/p>\n<div class=\"content__img-wrap\"><img src=\"https:\/\/sitechecker.pro\/wp-content\/uploads\/2024\/12\/generate-email-ideas.png\" alt=\"Gerar ideias de e-mail\" class=\"description-img description-img-zoom\" loading=\"lazy\" ><\/div>\n<p>Depois de iniciar o teste gratuito, pode analisar a popularidade das palavras-chave selecionadas e avaliar as suas tend\u00eancias de pesquisa.<\/p>\n<p>No painel esquerdo, explore grupos de sugest\u00f5es categorizadas pela consulta principal da lista geral, utilizando efetivamente a ferramenta como um agrupador de ideias de identificadores de perfil. Aproveite a op\u00e7\u00e3o de copiar as palavras que mais lhe interessam.<\/p>\n<div class=\"content__img-wrap\"><img src=\"https:\/\/sitechecker.pro\/wp-content\/uploads\/2024\/12\/keywords-key-metrics.png\" alt=\"Palavras-chave M\u00e9tricas\" class=\"description-img description-img-zoom\" loading=\"lazy\" ><\/div>\n<p>A ferramenta tamb\u00e9m exibe m\u00e9tricas importantes, como o volume de pesquisa, tend\u00eancias, CPC e concorr\u00eancia de an\u00fancios.<\/p>\n<h2 id=\"par3\">Ideia Final<\/h2>\n<p>O Gerador de nomes de e-mail aleat\u00f3rios ajuda-o a criar ideias de identificadores de perfil exclusivos e personalizados para uso pessoal ou comercial. Com sugest\u00f5es personaliz\u00e1veis \u200b\u200bbaseadas em palavras-chave, capacidades de pesquisa multiplataforma e filtros avan\u00e7ados, a ferramenta simplifica a pesquisa pelo identificador de perfil perfeito. Analise as tend\u00eancias de palavras-chave, volumes de pesquisa e concorr\u00eancia para refinar as suas escolhas. Comece por inserir uma frase-chave, explore sugest\u00f5es categorizadas e crie um identificador de perfil de destaque rapidamente.<\/p>\n<div id=\"par4\"><\/div>\n<p><div class=\"front__faq-block\"><div class=\"faq__block-title\">FAQ<\/div><div class=\"panel-group\" id=\"faq-accordion\" itemscope itemtype=\"https:\/\/schema.org\/FAQPage\" role=\"tablist\" aria-multiselectable=\"true\"><div class=\"panel\" itemscope itemtype=\"https:\/\/schema.org\/Question\" itemprop=\"mainEntity\">\n                            <div class=\"panel-heading\" id=\"headingFaq-1\">\n                                <div class=\"panel-title\" data-toggle=\"collapse\" aria-expanded=\"false\" href=\"#collapseFaq-1\">\n                                    <h3 itemprop=\"name\">Como utilizar o Gerador de Endere\u00e7os de E-mail Profissional?<\/h3>\n                                <\/div>\n                            <\/div>\n                            <div id=\"collapseFaq-1\" class=\"panel-collapse collapse\" itemprop=\"acceptedAnswer\" itemscope itemtype=\"http:\/\/schema.org\/Answer\">\n                                <div class=\"panel-body\" itemprop=\"text\">Primeiro, cole a palavra ou n\u00famero que pretende incluir e adicione um elemento criativo. Configure o sistema de pesquisa, selecione os seus par\u00e2metros geogr\u00e1ficos e de idioma e clique no bot\u00e3o \u201cObter sugest\u00f5es de palavras-chave\u201d. Examine os resultados e selecione o nome de e-mail mais adequado para si.<\/div>\n                            <\/div>\n                        <\/div><div class=\"panel\" itemscope itemtype=\"https:\/\/schema.org\/Question\" itemprop=\"mainEntity\">\n                            <div class=\"panel-heading\" id=\"headingFaq-2\">\n                                <div class=\"panel-title\" data-toggle=\"collapse\" aria-expanded=\"false\" href=\"#collapseFaq-2\">\n                                    <h3 itemprop=\"name\">Posso utilizar esta ferramenta para servi\u00e7os de e-mail espec\u00edficos?<\/h3>\n                                <\/div>\n                            <\/div>\n                            <div id=\"collapseFaq-2\" class=\"panel-collapse collapse\" itemprop=\"acceptedAnswer\" itemscope itemtype=\"http:\/\/schema.org\/Answer\">\n                                <div class=\"panel-body\" itemprop=\"text\">Sim, pode utilizar esta ferramenta como gerador de nomes de utilizador para o Gmail ou qualquer outro servi\u00e7o de e-mail. A sua funcionalidade n\u00e3o se limita a um servi\u00e7o de e-mail espec\u00edfico.<\/div>\n                            <\/div>\n                        <\/div><div class=\"panel\" itemscope itemtype=\"https:\/\/schema.org\/Question\" itemprop=\"mainEntity\">\n                            <div class=\"panel-heading\" id=\"headingFaq-3\">\n                                <div class=\"panel-title\" data-toggle=\"collapse\" aria-expanded=\"false\" href=\"#collapseFaq-3\">\n                                    <h3 itemprop=\"name\">Como \u00e9 que o criador de nomes de e-mail contribui para a minha estrat\u00e9gia de comunica\u00e7\u00e3o digital?<\/h3>\n                                <\/div>\n                            <\/div>\n                            <div id=\"collapseFaq-3\" class=\"panel-collapse collapse\" itemprop=\"acceptedAnswer\" itemscope itemtype=\"http:\/\/schema.org\/Answer\">\n                                <div class=\"panel-body\" itemprop=\"text\">Ao gerar nomes de utilizador de e-mail \u00fanicos e eficazes, a ferramenta melhora a sua imagem profissional, atrai clientes e melhora a sua estrat\u00e9gia global de comunica\u00e7\u00e3o digital.<\/div>\n                            <\/div>\n                        <\/div><div class=\"panel\" itemscope itemtype=\"https:\/\/schema.org\/Question\" itemprop=\"mainEntity\">\n                            <div class=\"panel-heading\" id=\"headingFaq-4\">\n                                <div class=\"panel-title\" data-toggle=\"collapse\" aria-expanded=\"false\" href=\"#collapseFaq-4\">\n                                    <h3 itemprop=\"name\">Quais s\u00e3o bons nomes de e-mail?<\/h3>\n                                <\/div>\n                            <\/div>\n                            <div id=\"collapseFaq-4\" class=\"panel-collapse collapse\" itemprop=\"acceptedAnswer\" itemscope itemtype=\"http:\/\/schema.org\/Answer\">\n                                <div class=\"panel-body\" itemprop=\"text\">Os bons nomes de e-mail s\u00e3o \u00fanicos, relevantes e combinam bem com o indiv\u00edduo ou empresa que representam. Podem incluir nomes completos, apenas primeiros ou \u00faltimos nomes, ou combina\u00e7\u00f5es de nomes e iniciais. Um identificador de perfil eficaz atrai clientes, causa uma forte impress\u00e3o e melhora a imagem profissional e a reputa\u00e7\u00e3o da marca.<\/div>\n                            <\/div>\n                        <\/div><\/div><\/div><\/p>","protected":false},"excerpt":{"rendered":"O que \u00e9 o Gerador de Nomes de E-mail Profissional? O Gerador de Nomes de E-mail Profissional do Sitechecker \u00e9 uma ferramenta que cria rapidamente sugest\u00f5es de nomes de e-mail profissionais e \u00fanicos, adaptadas \u00e0s necessidades pessoais ou empresariais. Oferece op\u00e7\u00f5es personaliz\u00e1veis \u200b\u200bbaseadas em palavras-chave, suporta a cria\u00e7\u00e3o de e-mail de dom\u00ednio e segue conven\u00e7\u00f5es&#8230;","protected":false},"author":10409641,"featured_media":0,"parent":0,"menu_order":0,"comment_status":"closed","ping_status":"closed","template":"pages-templates\/pages-minitools.php","meta":[],"categories":[71],"tags":[],"_links":{"self":[{"href":"https:\/\/sitechecker.pro\/pt\/wp-json\/wp\/v2\/pages\/25028"}],"collection":[{"href":"https:\/\/sitechecker.pro\/pt\/wp-json\/wp\/v2\/pages"}],"about":[{"href":"https:\/\/sitechecker.pro\/pt\/wp-json\/wp\/v2\/types\/page"}],"author":[{"embeddable":true,"href":"https:\/\/sitechecker.pro\/pt\/wp-json\/wp\/v2\/users\/10409641"}],"replies":[{"embeddable":true,"href":"https:\/\/sitechecker.pro\/pt\/wp-json\/wp\/v2\/comments?post=25028"}],"version-history":[{"count":15,"href":"https:\/\/sitechecker.pro\/pt\/wp-json\/wp\/v2\/pages\/25028\/revisions"}],"predecessor-version":[{"id":38308,"href":"https:\/\/sitechecker.pro\/pt\/wp-json\/wp\/v2\/pages\/25028\/revisions\/38308"}],"wp:attachment":[{"href":"https:\/\/sitechecker.pro\/pt\/wp-json\/wp\/v2\/media?parent=25028"}],"wp:term":[{"taxonomy":"category","embeddable":true,"href":"https:\/\/sitechecker.pro\/pt\/wp-json\/wp\/v2\/categories?post=25028"},{"taxonomy":"post_tag","embeddable":true,"href":"https:\/\/sitechecker.pro\/pt\/wp-json\/wp\/v2\/tags?post=25028"}],"curies":[{"name":"wp","href":"https:\/\/api.w.org\/{rel}","templated":true}]}}