{"id":25004,"date":"2023-07-24T13:21:56","date_gmt":"2023-07-24T13:21:56","guid":{"rendered":"https:\/\/sitechecker.pro\/?page_id=25004"},"modified":"2025-02-12T10:04:40","modified_gmt":"2025-02-12T10:04:40","slug":"get-youtube-channel-keywords-list-keys-suggestions-tool-%e1%90%88-2","status":"publish","type":"page","link":"https:\/\/sitechecker.pro\/pt\/youtube-name-generator\/","title":{"rendered":"YouTube Name Generator gratuito"},"content":{"rendered":"<p><\/p>\n<h2 id=\"par1\">O que \u00e9 um gerador de nomes do YouTube?<\/h2>\n<p>O Gerador de nomes do YouTube do <a href=\"https:\/\/sitechecker.pro\/\" target=\"_blank\" rel=\"noopener noreferrer\">Sitechecker<\/a> \u00e9 uma ferramenta concebida para ajudar os criadores de conte\u00fados a desenvolver nomes \u00fanicos e memor\u00e1veis \u200b\u200bpara os seus canais do YouTube. Ao analisar as pesquisas no YouTube e as classifica\u00e7\u00f5es de palavras-chave, oferece uma variedade de sugest\u00f5es de nomes adaptadas ao nicho e ao p\u00fablico-alvo do seu canal.<\/p>\n<h3>O Gerador de Nomes do YouTube auxilia na cria\u00e7\u00e3o de um t\u00edtulo de canal eficaz<\/h3>\n<p><strong>Sugest\u00f5es baseadas em palavras-chave:<\/strong> fornece ideias de t\u00edtulos com base em pesquisas do YouTube e classifica\u00e7\u00f5es de palavras-chave, ajudando-o a escolher um t\u00edtulo com um elevado volume de pesquisas e relev\u00e2ncia para o seu conte\u00fado.<\/p>\n<p><strong>Recomenda\u00e7\u00f5es de palavras-chave entre plataformas:<\/strong> para al\u00e9m do YouTube, oferece sugest\u00f5es de palavras-chave de v\u00e1rias plataformas, como Google, Bing, Amazon e eBay, alargando a sua perspetiva sobre poss\u00edveis t\u00edtulos de canais.<\/p>\n<h3>Principais caracter\u00edsticas da ferramenta<\/h3>\n<p><strong>Painel unificado:<\/strong> gerencie todas as suas tarefas de SEO num \u00fanico local com um painel centralizado que fornece uma vis\u00e3o geral clara do desempenho, problemas e progresso do seu website.<\/p>\n<p><strong>Interface de f\u00e1cil utiliza\u00e7\u00e3o:<\/strong>concebida com a simplicidade em mente, a interface intuitiva torna f\u00e1cil para principiantes e especialistas navegar e utilizar as suas poderosas ferramentas de forma eficaz.<\/p>\n<p><strong>Conjunto completo de ferramentas de SEO:<\/strong> aceda a uma gama abrangente de recursos de SEO, incluindo auditorias de websites, rastreio de classifica\u00e7\u00f5es e recomenda\u00e7\u00f5es de SEO on-page, para otimizar a visibilidade e o desempenho do seu website.<\/p>\n<h2 id=\"par2\">Como utilizar a ferramenta<\/h2>\n<h3>Passo 1: introduza uma palavra-chave ou frase para gerar ideias de nomes para o YouTube com base nas mesmas<\/h3>\n<div class=\"content__img-wrap\"><img src=\"https:\/\/sitechecker.pro\/wp-content\/uploads\/2024\/12\/youtube-channel-name-generator.png\" alt=\"Gerador de nomes de canais do YouTube\" class=\"description-img description-img-zoom\" loading=\"lazy\" ><\/div>\n<h3>Passo 2: Obtenha os resultados com as Ideias de Nomes de Canais do Youtube<\/h3>\n<p>A ferramenta Sugest\u00f5es de nomes do YouTube gera ideias de t\u00edtulos de canais relevantes e em alta, aproveitando palavras-chave populares para m\u00e1xima visibilidade. Fornece sugest\u00f5es personalizadas para branding espec\u00edfico de nicho, apoiadas por insights baseados em dados para aumentar a capacidade de descoberta.<\/p>\n<div class=\"content__img-wrap\"><img src=\"https:\/\/sitechecker.pro\/wp-content\/uploads\/2024\/12\/youtube-channel-name-ideas.png\" alt=\"Ideias de nomes para canais do YouTube\" class=\"description-img description-img-zoom\" loading=\"lazy\" ><\/div>\n<p>Comece um teste gratuito para descobrir o qu\u00e3o populares s\u00e3o as ideias espec\u00edficas de t\u00edtulos para canais do YouTube nos motores de busca.<\/p>\n<p>O gr\u00e1fico de popularidade permite acompanhar as tend\u00eancias para cada ideia de t\u00edtulo de canal e avaliar a competitividade do CPC.<\/p>\n<div class=\"content__img-wrap\"><img src=\"https:\/\/sitechecker.pro\/wp-content\/uploads\/2024\/12\/suggestions-info.png\" alt=\"Informa\u00e7\u00f5es sobre sugest\u00f5es\" class=\"description-img description-img-zoom\" loading=\"lazy\" ><\/div>\n<div class=\"important-block\">Para receber resultados e acesso \u00e0s funcionalidades do Sitechecker durante 14 dias, inicie o seu teste GRATUITO. \u00c9 f\u00e1cil registar-se com o seu e-mail, conta Google ou Facebook. N\u00e3o \u00e9 necess\u00e1rio cart\u00e3o de cr\u00e9dito.<\/div>\n<h2 id=\"par3\">Ideia Final<\/h2>\n<p>Concluindo, o Gerador de Nomes do YouTube \u00e9 uma ferramenta poderosa e f\u00e1cil de utilizar, concebida para ajudar os criadores de conte\u00fados a criar nomes de canais do YouTube \u00fanicos, memor\u00e1veis \u200b\u200be altamente eficazes. Ao aproveitar sugest\u00f5es baseadas em palavras-chave, insights multiplataforma e tend\u00eancias baseadas em dados, garante que o t\u00edtulo do seu canal est\u00e1 alinhado com o seu nicho e se repercute no seu p\u00fablico-alvo.<\/p>\n<div id=\"par4\"><\/div>\n<p><div class=\"front__faq-block\"><div class=\"faq__block-title\">FAQ<\/div><div class=\"panel-group\" id=\"faq-accordion\" itemscope itemtype=\"https:\/\/schema.org\/FAQPage\" role=\"tablist\" aria-multiselectable=\"true\"><div class=\"panel\" itemscope itemtype=\"https:\/\/schema.org\/Question\" itemprop=\"mainEntity\">\n                            <div class=\"panel-heading\" id=\"headingFaq-1\">\n                                <div class=\"panel-title\" data-toggle=\"collapse\" aria-expanded=\"false\" href=\"#collapseFaq-1\">\n                                    <h3 itemprop=\"name\">Como funciona o Gerador de Nomes para Vloggers?<\/h3>\n                                <\/div>\n                            <\/div>\n                            <div id=\"collapseFaq-1\" class=\"panel-collapse collapse\" itemprop=\"acceptedAnswer\" itemscope itemtype=\"http:\/\/schema.org\/Answer\">\n                                <div class=\"panel-body\" itemprop=\"text\">A ferramenta analisa as pesquisas do YouTube, as classifica\u00e7\u00f5es de palavras-chave e os dados entre plataformas para fornecer sugest\u00f5es de t\u00edtulos personalizados com base no nicho e no p\u00fablico-alvo do seu canal.<\/div>\n                            <\/div>\n                        <\/div><div class=\"panel\" itemscope itemtype=\"https:\/\/schema.org\/Question\" itemprop=\"mainEntity\">\n                            <div class=\"panel-heading\" id=\"headingFaq-2\">\n                                <div class=\"panel-title\" data-toggle=\"collapse\" aria-expanded=\"false\" href=\"#collapseFaq-2\">\n                                    <h3 itemprop=\"name\">A ferramenta suporta a pesquisa de palavras-chave para al\u00e9m do YouTube?<\/h3>\n                                <\/div>\n                            <\/div>\n                            <div id=\"collapseFaq-2\" class=\"panel-collapse collapse\" itemprop=\"acceptedAnswer\" itemscope itemtype=\"http:\/\/schema.org\/Answer\">\n                                <div class=\"panel-body\" itemprop=\"text\">Sim, tamb\u00e9m oferece sugest\u00f5es de palavras-chave de plataformas como o Google, Bing, Amazon e eBay para insights mais amplos.<\/div>\n                            <\/div>\n                        <\/div><div class=\"panel\" itemscope itemtype=\"https:\/\/schema.org\/Question\" itemprop=\"mainEntity\">\n                            <div class=\"panel-heading\" id=\"headingFaq-3\">\n                                <div class=\"panel-title\" data-toggle=\"collapse\" aria-expanded=\"false\" href=\"#collapseFaq-3\">\n                                    <h3 itemprop=\"name\">Que funcionalidades adicionais oferece o Name Generator for YouTube?<\/h3>\n                                <\/div>\n                            <\/div>\n                            <div id=\"collapseFaq-3\" class=\"panel-collapse collapse\" itemprop=\"acceptedAnswer\" itemscope itemtype=\"http:\/\/schema.org\/Answer\">\n                                <div class=\"panel-body\" itemprop=\"text\">A ferramenta inclui um painel unificado, ferramentas de SEO como o rastreio de classifica\u00e7\u00f5es, an\u00e1lise de backlinks e recomenda\u00e7\u00f5es na p\u00e1gina para otimizar o desempenho do seu website.<\/div>\n                            <\/div>\n                        <\/div><div class=\"panel\" itemscope itemtype=\"https:\/\/schema.org\/Question\" itemprop=\"mainEntity\">\n                            <div class=\"panel-heading\" id=\"headingFaq-4\">\n                                <div class=\"panel-title\" data-toggle=\"collapse\" aria-expanded=\"false\" href=\"#collapseFaq-4\">\n                                    <h3 itemprop=\"name\">Posso acompanhar a popularidade de um t\u00edtulo de canal?<\/h3>\n                                <\/div>\n                            <\/div>\n                            <div id=\"collapseFaq-4\" class=\"panel-collapse collapse\" itemprop=\"acceptedAnswer\" itemscope itemtype=\"http:\/\/schema.org\/Answer\">\n                                <div class=\"panel-body\" itemprop=\"text\">Sim, o gr\u00e1fico de popularidade permite acompanhar as tend\u00eancias e avaliar a competitividade do CPC para cada ideia de t\u00edtulo.<\/div>\n                            <\/div>\n                        <\/div><\/div><\/div><\/p>","protected":false},"excerpt":{"rendered":"O que \u00e9 um gerador de nomes do YouTube? O Gerador de nomes do YouTube do Sitechecker \u00e9 uma ferramenta concebida para ajudar os criadores de conte\u00fados a desenvolver nomes \u00fanicos e memor\u00e1veis \u200b\u200bpara os seus canais do YouTube. Ao analisar as pesquisas no YouTube e as classifica\u00e7\u00f5es de palavras-chave, oferece uma variedade de sugest\u00f5es&#8230;","protected":false},"author":10409641,"featured_media":0,"parent":0,"menu_order":0,"comment_status":"closed","ping_status":"closed","template":"pages-templates\/pages-minitools.php","meta":[],"categories":[71],"tags":[],"_links":{"self":[{"href":"https:\/\/sitechecker.pro\/pt\/wp-json\/wp\/v2\/pages\/25004"}],"collection":[{"href":"https:\/\/sitechecker.pro\/pt\/wp-json\/wp\/v2\/pages"}],"about":[{"href":"https:\/\/sitechecker.pro\/pt\/wp-json\/wp\/v2\/types\/page"}],"author":[{"embeddable":true,"href":"https:\/\/sitechecker.pro\/pt\/wp-json\/wp\/v2\/users\/10409641"}],"replies":[{"embeddable":true,"href":"https:\/\/sitechecker.pro\/pt\/wp-json\/wp\/v2\/comments?post=25004"}],"version-history":[{"count":24,"href":"https:\/\/sitechecker.pro\/pt\/wp-json\/wp\/v2\/pages\/25004\/revisions"}],"predecessor-version":[{"id":35425,"href":"https:\/\/sitechecker.pro\/pt\/wp-json\/wp\/v2\/pages\/25004\/revisions\/35425"}],"wp:attachment":[{"href":"https:\/\/sitechecker.pro\/pt\/wp-json\/wp\/v2\/media?parent=25004"}],"wp:term":[{"taxonomy":"category","embeddable":true,"href":"https:\/\/sitechecker.pro\/pt\/wp-json\/wp\/v2\/categories?post=25004"},{"taxonomy":"post_tag","embeddable":true,"href":"https:\/\/sitechecker.pro\/pt\/wp-json\/wp\/v2\/tags?post=25004"}],"curies":[{"name":"wp","href":"https:\/\/api.w.org\/{rel}","templated":true}]}}