{"id":2500,"date":"2023-10-20T09:49:16","date_gmt":"2023-10-20T09:49:16","guid":{"rendered":"https:\/\/sitechecker.pro\/?page_id=2500"},"modified":"2025-05-29T13:26:52","modified_gmt":"2025-05-29T13:26:52","slug":"what-is-seo","status":"publish","type":"page","link":"https:\/\/sitechecker.pro\/pt\/what-is-seo\/","title":{"rendered":"SEO (Search Engine Optimization): guia completo para voc\u00ea conquistar o topo do Google"},"content":{"rendered":"<p><\/p>\n<h2>O Que \u00e9 SEO e Quais as Suas Principais Fun\u00e7\u00f5es<\/h2>\n<p>&nbsp;<\/p>\n<p>A abrevia\u00e7\u00e3o SEO \u00e9 tida como a otimiza\u00e7\u00e3o dos mecanismos de busca. Em outras palavras, esse tipo de otimiza\u00e7\u00e3o traz um feedback decisivo para as fontes online. Isso ir\u00e1 organizar o trabalho adequado de neg\u00f3cios direcionados a conquistar uma boa carga de tr\u00e1fego enquanto se pesquisa v\u00e1rias p\u00e1ginas. O SEO \u00e9 direcionado para moldar o seu site da maneira mais vantajosa para torn\u00e1-lo mais atraente e interessante para os usu\u00e1rios. Cria mais chances de obter um p\u00fablico-alvo. Ele exibe sites mais bem posicionados. Sem d\u00favida, voc\u00ea deve possuir habilidades e conhecimentos avan\u00e7ados para operar com todas as op\u00e7\u00f5es complicadas importantes oferecidas pelo SEO. No entanto, o b\u00e1sico n\u00e3o \u00e9 complexo de compreender. Simultaneamente, os resultados da pesquisa ser\u00e3o razo\u00e1veis e relevantes para sua principal esfera de atividade.<\/p>\n<p>Os <a href=\"https:\/\/sitechecker.pro\/pt\/search-engines\/\">mecanismos de pesquisa<\/a> navegam na internet e encontram v\u00e1rios recursos associadas a sua atividade. Sob essa condi\u00e7\u00e3o, seu site receber\u00e1 resultados confi\u00e1veis e direcionados com rela\u00e7\u00e3o aos usu\u00e1rios que est\u00e3o procurando seu servi\u00e7os e\/ou produtos. A pesquisa \u00e9 realizada com base em palavras-chave e t\u00f3picos definidos. O mecanismo de pesquisa encontrar\u00e1 as maneiras mais r\u00e1pidas e convenientes de promover o seu neg\u00f3cio.<\/p>\n<p>O SEO faz todas as a\u00e7\u00f5es potencialmente bem-sucedidas para manter a sua classifica\u00e7\u00e3o. Depende da busca por palavras e\/ou frases especificadas e procuradas. Por exemplo, podemos escolher qualquer assunto. Vamos fingir que voc\u00ea est\u00e1 vendendo m\u00f3veis vintage e antigos. Assim, seus clientes em potencial poderiam procur\u00e1-lo usando tags como \u201ccomprar m\u00f3veis antigos\u201d ou \u201conde comprar m\u00f3veis antigos?\u201d.<\/p>\n<p>A implementa\u00e7\u00e3o do SEO traz m\u00faltiplos benef\u00edcios. Isso ajuda a promover sua esfera de interesses e a torn\u00e1-lo atraente para os usu\u00e1rios on-line. A cria\u00e7\u00e3o de SEO focada em um conte\u00fado ir\u00e1 manter a sua chance de ganhar mais e a ter mais clientes.<\/p>\n<p>&nbsp;<\/p>\n<h2>Influenciadores para SEO<\/h2>\n<p>&nbsp;<\/p>\n<p>Depois de identificar os principais objetivos do SEO e as maneiras que ele pode vir a calhar, devemos aprender quais os fatores que afetam a sua efic\u00e1cia. Esses mecanismos de pesquisa, como Google, n\u00e3o compartilham informa\u00e7\u00f5es precisas sobre como eles comp\u00f5em os rankings. No entanto, nossos especialistas s\u00e3o espertos o suficiente para avaliar todos os poss\u00edveis fatores que desencadeiam esse processo. Portanto, teremos uma pesquisa especial sobre os principais influenciadores de ranking de SEO. Vamos descrever os e analis\u00e1-lo logo abaixo. Vamos come\u00e7ar!<\/p>\n<p>&nbsp;<\/p>\n<h2>Marketing de Conte\u00fado<\/h2>\n<p>&nbsp;<\/p>\n<p>O conte\u00fado \u00e9 realmente significativo para a promo\u00e7\u00e3o de qualquer neg\u00f3cio on-line. As coisas que voc\u00ea oferece, como voc\u00ea exibe e organiza na sua fonte atrai ou det\u00e9m poss\u00edveis clientes. Consequentemente, voc\u00ea deve dar aten\u00e7\u00e3o especial a qualidade do seu <a href=\"https:\/\/blog.lahar.com.br\/marketing-de-conteudo\/estrategia-marketing-para-atrair-clientes\/\">conte\u00fado de marketing<\/a>. Na ocasi\u00e3o, se for alta, a classifica\u00e7\u00e3o tamb\u00e9m ser\u00e1 alta. Para obter o conte\u00fado de alta qualidade, voc\u00eas devem pegar ferramentas e metodologias modernas e eficazes para atrair um uma grande quantidade de clientes. Voc\u00ea n\u00e3o perder\u00e1 gastando com os fundos no aperfei\u00e7oamento de seu conte\u00fado. Voc\u00ea vai ganhar!<\/p>\n<p>Nesse sentido, \u00e9 necess\u00e1rio atualizar os mecanismos de pesquisa em uma combina\u00e7\u00e3o com os visitantes do site. Sua combina\u00e7\u00e3o ir\u00e1 sustentar o seu recurso por longo tempo. D\u00ea mais aten\u00e7\u00e3o a maneira como as informa\u00e7\u00f5es sobre a sua empresa s\u00e3o escritas. Existem certos tipos de conte\u00fado nos quais voc\u00ea deve se concentrar. Eles s\u00e3o definitivamente \u00fateis. Fa\u00e7a concess\u00f5es para o seguintes pontos-chave:<\/p>\n<ul>\n<li>\u00a0artigos e postagens feitas em blog;<\/li>\n<li>conte\u00fado de m\u00eddia social;<\/li>\n<li>E-books e white papers;<\/li>\n<li>guias, manuais e tutoriais diferentes;<\/li>\n<li>v\u00eddeos e \u00e1udios;<\/li>\n<li>Infogr\u00e1fico ou conte\u00fado visual semelhante.<\/li>\n<\/ul>\n<p>Um ponto extra a ser explorado \u00e9 a cria\u00e7\u00e3o de palavras-chave e frases especificamente orientadas para o seu avan\u00e7ado. Esses elementos de pesquisa n\u00e3o podem ser escritos da maneira que voc\u00ea desejar. Eles devem ser espec\u00edficos. Eles devem refletir totalmente seus principais conceitos e trazer visitantes direcionados a sua fonte. Palavras-chaves e frases s\u00e3o criadas com rela\u00e7\u00e3o os pedidos mais procurados de usu\u00e1rios online.<\/p>\n<p>Conte\u00fados recentes tamb\u00e9m desempenham um papel importante. Quando usamos a palavra \u201cnovo\u201d, queremos dizer novas atualiza\u00e7\u00f5es e os novos coment\u00e1rio de postagens na sua fonte. Consequentemente, voc\u00ea deve prestar aten\u00e7\u00e3o ao uso de todas essas coisas. Alguns empreendedores inteligentes fazem uma escrita simples do seu conte\u00fado. Isso n\u00e3o envolve muito dinheiro ou esfor\u00e7o. No entanto, informa\u00e7\u00f5es realmente novata ainda seria necess\u00e1ria. \u00c9 \u00f3bvio que voc\u00ea ter\u00e1 que ter paci\u00eancia como com seu SEO e a cria\u00e7\u00e3o de conte\u00fado de alta qualidade. Voc\u00ea ir\u00e1 gastar algum dinheiro e ter\u00e1 que dedicar a sua energia e tempo a cria\u00e7\u00e3o das informa\u00e7\u00f5es que seriam relevantes para o seus clientes. Ainda assim, voc\u00ea deve lembrar que dentro de um determinado per\u00edodo de tempo voc\u00ea ganhar\u00e1 mais. Portanto, esse esfor\u00e7o \u00e9 realmente razo\u00e1vel e importante. Comece com desenvolvimentos menores. Publique algumas postagens no blog e promova-as atrav\u00e9s da m\u00eddia social. Comece deste ponto. Depois de atrair quantidades maiores de seguidores, voc\u00ea pode variar seu conte\u00fado e se concentra em outros t\u00f3picos.<\/p>\n<p>&nbsp;<\/p>\n<h2>SEO On-Page<\/h2>\n<p>&nbsp;<\/p>\n<p>H\u00e1 SEO on page que \u00a0ocorre no site. Estas s\u00e3o v\u00e1rias coisas que j\u00e1 foram lan\u00e7adas no seu conte\u00fado, voc\u00ea pode cuidar delas. Voc\u00ea pode alterar, ajustar o exclu\u00ed-los. Esse trabalho inclui o seu conte\u00fado e html do seu site.<\/p>\n<p>Existem alguns a contribuidores do SEO n\u00e3o na p\u00e1gina que tem potencial para sustentar sua classifica\u00e7\u00e3o de pesquisa:<\/p>\n<ul>\n<li><a href=\"https:\/\/sitechecker.pro\/pt\/meta-title\/\"><strong>Title Tag<\/strong><\/a>: diz a todos o que \u00e9 exatamente a sua p\u00e1gina. Geralmente \u00e9 muito breve e n\u00e3o excede o n\u00famero do 70 caracteres. Inclui as principais chaves que refletem suas ideias principais.<\/li>\n<li><a href=\"https:\/\/sitechecker.pro\/pt\/meta-tag-description\/\"><strong>Meta Description<\/strong><\/a>: isso \u00e9 semelhante ao t\u00edtulo. Ele tamb\u00e9m cont\u00e9m as principais chaves que informam os visitantes sobre as principais metas da p\u00e1gina. No entanto, \u00e9 mais longo e mais espec\u00edfico. Ele amplia as ideias, geralmente cont\u00e9m \u201capelo \u00e0 a\u00e7\u00e3o\u201d.<\/li>\n<li><strong>Sub-headings:<\/strong> colocando subt\u00edtulos ao longo do texto, voc\u00ea o torna mais leg\u00edvel e agrad\u00e1vel para os olhos. Al\u00e9m disso, eles dividir um texto em partes l\u00f3gicas para comunicar informa\u00e7\u00f5es espec\u00edficas.<\/li>\n<li><a href=\"https:\/\/sitechecker.pro\/pt\/internal-links\/\"><strong>Internal Link<\/strong><\/a>: estes links (tamb\u00e9m chamado de hiperlinks) est\u00e3o relacionados ao seu site e levam exatamente a ele. Assim, o mecanismo de pesquisa aprendem mais sobre a fonte. Espera-se que eles conduzam a uma p\u00e1gina separada dedicada a um determinado problema<\/li>\n<li><strong>Nome da imagem e Tags ALT:<\/strong> em casos onde voc\u00ea implementa imagens em seu recurso e conte\u00fado, seria s\u00e1bio marc\u00e1-las com palavras e frases espec\u00edficas. Este \u00e9 um m\u00e9todo adicional de como encontrar seu servi\u00e7o e\/ou produtos.<br \/>\nSe voc\u00ea escolher a estrat\u00e9gia correta de colocar a palavra-chave e frases de SEO em sua fontes, em seu conte\u00fado de texto, voc\u00ea atra\u00edra muitos clientes no entanto, voc\u00ea deve ser extremamente cuidadoso. N\u00e3o exagere! Se voc\u00ea colocar muitos deles, poder\u00e1 ser penalizado pelos mecanismos de busca. Saiba que existem limites definidos que voc\u00ea n\u00e3o pode ultrapassar.<\/li>\n<\/ul>\n<p>Enquanto isso, voc\u00ea precisa ter certeza de que seu conte\u00fado reflete totalmente seus objetivos principais e \u00e9 direcionado ao que voc\u00ea deseja. Assim, sua publicidade ser\u00e1 exclusiva e importante. N\u00e3o use muitas palavras-chave. Elas podem influenciar negativamente como os leitores ver\u00e3o o seu neg\u00f3cio. Certifique-se de que seu conte\u00fado \u00e9 focado, tem uma extens\u00e3o razo\u00e1vel e n\u00e3o cont\u00e9m informa\u00e7\u00f5es insignificantes.<\/p>\n<p>Salve a qualidade do seu conte\u00fado e publicidade, voc\u00ea deve levar em considera\u00e7\u00e3o a apar\u00eancia do seu site. D\u00ea aten\u00e7\u00e3o especial a constru\u00e7\u00e3o. O Design do site tamb\u00e9m desempenha um papel importante. Ele ir\u00e1 atrair e entreter seus visitantes ou os far\u00e1 sair de sua p\u00e1gina. Portanto, \u00e9 realmente necess\u00e1rio descobrir como exibir seu servi\u00e7os e\/ou produtos da melhor maneira. O visual pode ajudar muito. O problema adicional que voc\u00ea deve considerar \u00e9 a possibilidade de acessar seu recurso a partir de um telefone celular. Hoje em dia, milh\u00f5es de pessoas preferem usar dispositivos m\u00f3veis para pesquisar as informa\u00e7\u00f5es necess\u00e1rias. Assim, \u00e9 melhor tornar seu website otimizado para celular. Seus clientes devem ter acesso conveniente a sua fonte. Deve ser f\u00e1cil navegar e ver todo conte\u00fado que voc\u00ea tem.<\/p>\n<p>&nbsp;<\/p>\n<h2>SEO Off-Page<\/h2>\n<p>&nbsp;<\/p>\n<p>Voc\u00ea deve estar ciente de alguns benef\u00edcios externos que tamb\u00e9m afetam sua fonte e sua classifica\u00e7\u00e3o. Voc\u00ea n\u00e3o pode control\u00e1-los diretamente. N\u00e3o obstante, realizar certas a\u00e7\u00f5es pode fazer servir ao seu prop\u00f3sito ou estragar a sua campanha. \u00c9 por isso que voc\u00ea tamb\u00e9m deve cuidar da assist\u00eancia de SEO fora da p\u00e1gina.<\/p>\n<p>Existe algumas contribui\u00e7\u00f5es de SEO fora das p\u00e1ginas que tem potencial para sustentar sua classifica\u00e7\u00e3o de pesquisa:<\/p>\n<p><strong>Confian\u00e7a:<\/strong> sua campanha deve usar estrat\u00e9gias inteligentes direcionadas ao aumento da a confian\u00e7a dos clientes. Por exemplo, voc\u00ea pode usar backlinks que levem a fontes de confian\u00e7a que podem verificar a sua reputa\u00e7\u00e3o.<\/p>\n<p><strong>Links:<\/strong> A implementa\u00e7\u00e3o de backlinks \u00e9 crucial. Desta forma, voc\u00ea vai levar os seus visitantes as p\u00e1ginas de seu interesse. Certifique-se de que interliga\u00e7\u00e3o \u00e9 segura e que n\u00e3o orientam os visitantes para algumas p\u00e1ginas de spam. Forne\u00e7a links para seu servi\u00e7os e para seus poss\u00edveis parceiros.<\/p>\n<p><strong>Social:<\/strong> like e compartilhamentos s\u00e3o sinais sociais t\u00edpicos. Eles s\u00e3o bastante populares. Portanto, eles aparecem quando anunciamos e aprimoramos seu SEO. Este \u00e9 um poderoso influenciador que voc\u00ea n\u00e3o pode perder.<\/p>\n<p>Portanto, planeje sua campanha com base nos m\u00e9todos que aumentam a quantidade de curtidas e compartilhamentos entre usu\u00e1rios e recursos on-line.<br \/>\nComo voc\u00ea pode ver, n\u00e3o h\u00e1 necessidade de controlar totalmente todos os desenvolvimentos fora do seu neg\u00f3cio. H\u00e1 coisas que acontecem fora e ainda contribuem para sua promo\u00e7\u00e3o. Voc\u00ea s\u00f3 deve escolher as ferramentas corretas para fazer com que os fatores externos funcionem para voc\u00ea. Memorize essas diretrizes e transforme-as em sua m\u00e1xima vantagem. Use-os de forma razo\u00e1vel e eficaz. Este \u00e9 o caminho certo para estabilidade financeira e sucesso.<\/p>\n<p>&nbsp;<\/p>\n<h2>Black Hat vs. White Hat SEO<\/h2>\n<p>&nbsp;<\/p>\n<p>Para o apoio de SEO devemos escolher entre duas op\u00e7\u00f5es que s\u00e3o SEO Black Hat e White. Empresas definitivamente demonstram grande interesse aumentar suas tarefas o mais r\u00e1pido poss\u00edvel e ganhar dinheiro nos prazos mais curtos poss\u00edveis. Assim, eles usam ativamente o black Heart c\u00e9u. Destina-se a melhorar o conte\u00fado para os motores de busca. Portanto, os empres\u00e1rios eliminam os visitantes humanos de suas fontes em sua lista de objetivos. A gest\u00e3o de neg\u00f3cios rejeitar\u00e1 essa op\u00e7\u00e3o. A prefer\u00eancia ser\u00e1 dada exclusivamente para o aumento da classifica\u00e7\u00e3o de neg\u00f3cios. O potencial dessa abordagem \u00e9 claro. No entanto, voc\u00ea deve perceber alguns inconvenientes tamb\u00e9m. O conte\u00fado \u00e9 mais dif\u00edcil de ler porque n\u00e3o foi criado para pessoas. Ser\u00e1 mais semelhante ao spam. Isso induz a outros tipos de problemas. Mesmo que sua classifica\u00e7\u00e3o seja bem-sucedida \u00e9 realmente muito rapidamente, sua empresa estar\u00e1 sob grande amea\u00e7a de ser banida o penalizada. No final, esse recurso pode falhar sem a chance de usar os benef\u00edcios.<\/p>\n<p>A segunda abordagem \u00e9 mais eficazes e mostra um n\u00edvel mais alto de confiabilidade estabilidade. \u00a0Ele une duas vertentes &#8211; visitantes humanos e aprimoramento dos mecanismos de pesquisa. Assim, seu conte\u00fado ser\u00e1 leg\u00edvel. Seus clientes se orientar\u00e3o em seu site com mais facilidade, porque o conte\u00fado ser\u00e1 escrito para visitantes reais. Claro, voc\u00ea deve perceber que a sua classifica\u00e7\u00e3o n\u00e3o ser\u00e1 promovida muito r\u00e1pido.<\/p>\n<p>O primeiro m\u00e9todo acelera consideravelmente o processo de alcan\u00e7ar uma classifica\u00e7\u00e3o mais alta. No entanto, existe um enorme probabilidade de que o conte\u00fado de baixa qualidade seja detectado e que seu site seja penalizado. Os pagamentos pelas viola\u00e7\u00f5es depender\u00e3o da sua gravidade. Sem d\u00favida, SEO White Hat parece ser a melhor op\u00e7\u00e3o. Ele otimiza seu conte\u00fado e n\u00e3o viola as regras oficiais. Claro, isso exigir\u00e1 mais tempo. No entanto, voc\u00ea proteger\u00e1 seus recursos financeiros de custos os indesej\u00e1veis.<\/p>\n<h2><\/h2>\n<h2>Explica\u00e7\u00e3o das Informa\u00e7\u00f5es<\/h2>\n<p>&nbsp;<\/p>\n<p>Agora que voc\u00ea passou por um curso breve, por\u00e9m informativo, sobre principais pontos do SEO e o seu emprego, voc\u00ea pode facilmente come\u00e7ar a usar sua desenvoltura para obter uma classifica\u00e7\u00e3o mais alta. Mantenha em sua mem\u00f3ria todos os elementos que afetam o SEO e a maneira como isso ajudar\u00e1 o site. Ajuste de acordo com suas necessidades.<\/p>\n<p>Voc\u00ea deve lembrar que n\u00e3o deve ser apressado. SEO n\u00e3o trar\u00e1 os resultados esperados em um piscar de olhos. Precisa de algum tempo para criar os dividendos iniciais. \u00c0s vezes, voc\u00ea ter\u00e1 que esperar por v\u00e1rios meses. No entanto, voc\u00ea pode depositar livremente suas esperan\u00e7as em sua desenvoltura. Vale a pena tentar e esperar. Tenha paci\u00eancia e o sucesso definitivamente vir\u00e1. N\u00e3o desperdice essa tremenda oportunidade.<\/p>","protected":false},"excerpt":{"rendered":"O Que \u00e9 SEO e Quais as Suas Principais Fun\u00e7\u00f5es &nbsp; A abrevia\u00e7\u00e3o SEO \u00e9 tida como a otimiza\u00e7\u00e3o dos mecanismos de busca. Em outras palavras, esse tipo de otimiza\u00e7\u00e3o traz um feedback decisivo para as fontes online. Isso ir\u00e1 organizar o trabalho adequado de neg\u00f3cios direcionados a conquistar uma boa carga de tr\u00e1fego enquanto&#8230;","protected":false},"author":11474150,"featured_media":3760,"parent":0,"menu_order":0,"comment_status":"closed","ping_status":"closed","template":"pages-templates\/pages-v2.php","meta":[],"categories":[27],"tags":[],"_links":{"self":[{"href":"https:\/\/sitechecker.pro\/pt\/wp-json\/wp\/v2\/pages\/2500"}],"collection":[{"href":"https:\/\/sitechecker.pro\/pt\/wp-json\/wp\/v2\/pages"}],"about":[{"href":"https:\/\/sitechecker.pro\/pt\/wp-json\/wp\/v2\/types\/page"}],"author":[{"embeddable":true,"href":"https:\/\/sitechecker.pro\/pt\/wp-json\/wp\/v2\/users\/11474150"}],"replies":[{"embeddable":true,"href":"https:\/\/sitechecker.pro\/pt\/wp-json\/wp\/v2\/comments?post=2500"}],"version-history":[{"count":65,"href":"https:\/\/sitechecker.pro\/pt\/wp-json\/wp\/v2\/pages\/2500\/revisions"}],"predecessor-version":[{"id":37199,"href":"https:\/\/sitechecker.pro\/pt\/wp-json\/wp\/v2\/pages\/2500\/revisions\/37199"}],"wp:featuredmedia":[{"embeddable":true,"href":"https:\/\/sitechecker.pro\/pt\/wp-json\/wp\/v2\/media\/3760"}],"wp:attachment":[{"href":"https:\/\/sitechecker.pro\/pt\/wp-json\/wp\/v2\/media?parent=2500"}],"wp:term":[{"taxonomy":"category","embeddable":true,"href":"https:\/\/sitechecker.pro\/pt\/wp-json\/wp\/v2\/categories?post=2500"},{"taxonomy":"post_tag","embeddable":true,"href":"https:\/\/sitechecker.pro\/pt\/wp-json\/wp\/v2\/tags?post=2500"}],"curies":[{"name":"wp","href":"https:\/\/api.w.org\/{rel}","templated":true}]}}