{"id":24960,"date":"2023-07-11T14:20:47","date_gmt":"2023-07-11T14:20:47","guid":{"rendered":"https:\/\/sitechecker.pro\/?page_id=24960"},"modified":"2025-04-07T13:26:29","modified_gmt":"2025-04-07T13:26:29","slug":"422-error-unprocessable-entity-%f0%9f%93%96-fix","status":"publish","type":"page","link":"https:\/\/sitechecker.pro\/pt\/what-is-422-status-code\/","title":{"rendered":"O que \u00e9 o erro 422 do c\u00f3digo de status \u201cEntidade n\u00e3o process\u00e1vel\u201d \ud83d\udcd6 Como corrigi-lo?"},"content":{"rendered":"<p class=\"qtranxs-available-languages-message qtranxs-available-languages-message-pt\">Desculpe, este conte\u00fado s\u00f3 est\u00e1 dispon\u00edvel em <a href=\"https:\/\/sitechecker.pro\/en\/wp-json\/wp\/v2\/pages\/24960\" class=\"qtranxs-available-language-link qtranxs-available-language-link-en\" title=\"English\">English<\/a>, <a href=\"https:\/\/sitechecker.pro\/de\/wp-json\/wp\/v2\/pages\/24960\" class=\"qtranxs-available-language-link qtranxs-available-language-link-de\" title=\"Deutsch\">Deutsch<\/a>, <a href=\"https:\/\/sitechecker.pro\/fr\/wp-json\/wp\/v2\/pages\/24960\" class=\"qtranxs-available-language-link qtranxs-available-language-link-fr\" title=\"Fran\u00e7ais\">Fran\u00e7ais<\/a> e <a href=\"https:\/\/sitechecker.pro\/es\/wp-json\/wp\/v2\/pages\/24960\" class=\"qtranxs-available-language-link qtranxs-available-language-link-es\" title=\"Espa\u00f1ol\">Espa\u00f1ol<\/a>.<\/p>","protected":false},"excerpt":{"rendered":"Desculpe, este conte\u00fado s\u00f3 est\u00e1 dispon\u00edvel em English, Deutsch, Fran\u00e7ais e Espa\u00f1ol.","protected":false},"author":10409641,"featured_media":24962,"parent":0,"menu_order":0,"comment_status":"closed","ping_status":"closed","template":"pages-templates\/pages-v2.php","meta":[],"categories":[27],"tags":[],"_links":{"self":[{"href":"https:\/\/sitechecker.pro\/pt\/wp-json\/wp\/v2\/pages\/24960"}],"collection":[{"href":"https:\/\/sitechecker.pro\/pt\/wp-json\/wp\/v2\/pages"}],"about":[{"href":"https:\/\/sitechecker.pro\/pt\/wp-json\/wp\/v2\/types\/page"}],"author":[{"embeddable":true,"href":"https:\/\/sitechecker.pro\/pt\/wp-json\/wp\/v2\/users\/10409641"}],"replies":[{"embeddable":true,"href":"https:\/\/sitechecker.pro\/pt\/wp-json\/wp\/v2\/comments?post=24960"}],"version-history":[{"count":2,"href":"https:\/\/sitechecker.pro\/pt\/wp-json\/wp\/v2\/pages\/24960\/revisions"}],"predecessor-version":[{"id":36464,"href":"https:\/\/sitechecker.pro\/pt\/wp-json\/wp\/v2\/pages\/24960\/revisions\/36464"}],"wp:featuredmedia":[{"embeddable":true,"href":"https:\/\/sitechecker.pro\/pt\/wp-json\/wp\/v2\/media\/24962"}],"wp:attachment":[{"href":"https:\/\/sitechecker.pro\/pt\/wp-json\/wp\/v2\/media?parent=24960"}],"wp:term":[{"taxonomy":"category","embeddable":true,"href":"https:\/\/sitechecker.pro\/pt\/wp-json\/wp\/v2\/categories?post=24960"},{"taxonomy":"post_tag","embeddable":true,"href":"https:\/\/sitechecker.pro\/pt\/wp-json\/wp\/v2\/tags?post=24960"}],"curies":[{"name":"wp","href":"https:\/\/api.w.org\/{rel}","templated":true}]}}