{"id":24950,"date":"2023-07-24T12:54:03","date_gmt":"2023-07-24T12:54:03","guid":{"rendered":"https:\/\/sitechecker.pro\/?page_id=24950"},"modified":"2025-02-27T10:59:43","modified_gmt":"2025-02-27T10:59:43","slug":"keyword-suggestion-tool-research-content-ideas-sitechecker-%e1%90%88","status":"publish","type":"page","link":"https:\/\/sitechecker.pro\/pt\/keyword-suggestion-tool\/","title":{"rendered":"Ferramenta de sugest\u00e3o de palavras-chave para pesquisar ideias de conte\u00fado \u2611"},"content":{"rendered":"<p><\/p>\n<h2 id=\"par1\">O que \u00e9 uma ferramenta profissional de sugest\u00e3o de palavras-chave?<\/h2>\n<p>A ferramenta de sugest\u00e3o de palavras-chave do <a href=\"https:\/\/sitechecker.pro\/\" target=\"_blank\" rel=\"noopener noreferrer\">Sitechecker<\/a> \u00e9 um recurso online gratuito que gera ideias de palavras-chave relevantes aproveitando dados de plataformas como o Google, Bing, Google Images, News, Shopping, Yahoo, Wikipedia, YouTube, Amazon, eBay e Fiverr. Ajuda os utilizadores a descobrir frases-chave de cauda longa, a otimizar o conte\u00fado e a melhorar a visibilidade e o tr\u00e1fego de sites, v\u00eddeos e listagens de produtos.<\/p>\n<p>Ao analisar dados de motores de busca, incluindo o Google Autocomplete, a ferramenta suporta estrat\u00e9gias de SEO, cria\u00e7\u00e3o de conte\u00fado e marketing, permitindo aos utilizadores melhorar as classifica\u00e7\u00f5es de pesquisa, segmentar o seu p\u00fablico de forma eficaz e aumentar o desempenho em diversas plataformas.<\/p>\n<h3>A Ferramenta de Sugest\u00e3o de Palavras-chave auxilia-o<\/h3>\n<p><strong>Otimiza\u00e7\u00e3o de conte\u00fado:<\/strong> fornece palavras-chave de cauda longa para melhorar a classifica\u00e7\u00e3o nos motores de busca e enriquecer o conte\u00fado do website ou do v\u00eddeo.<\/p>\n<p><strong>Desempenho de com\u00e9rcio eletr\u00f3nico e PPC:<\/strong> palavras-chave sugeridas para listagens de produtos na Amazon e no eBay e frases segmentadas para campanhas de an\u00fancios pagos eficazes.<\/p>\n<p><strong>Insights multiplataforma:<\/strong> sugest\u00f5es personalizadas do Google, Bing, YouTube e outros, monitorizando as tend\u00eancias para se manter competitivo.<\/p>\n<h3>Principais caracter\u00edsticas da ferramenta<\/h3>\n<p><strong>Painel unificado:<\/strong> consolida todas as m\u00e9tricas e insights de SEO numa interface \u00fanica e f\u00e1cil de navegar para uma monitoriza\u00e7\u00e3o e gest\u00e3o eficientes.<\/p>\n<p><strong>Interface de f\u00e1cil utiliza\u00e7\u00e3o:<\/strong> O design intuitivo garante facilidade de utiliza\u00e7\u00e3o tanto para principiantes como para profissionais, simplificando tarefas complexas de SEO.<\/p>\n<p><strong>Conjunto completo de ferramentas de SEO:<\/strong> oferece uma gama abrangente de ferramentas, incluindo pesquisa de frases-chave, auditorias de websites, rastreio de backlinks e an\u00e1lise de desempenho, para melhorar a sua presen\u00e7a online de forma eficaz.<\/p>\n<h2 id=\"par2\">Como utilizar a ferramenta<\/h2>\n<h3>Passo 1: Introduza uma palavra-chave ou frase-chave, escolha uma plataforma&#8230;<\/h3>\n<p>Introduza uma palavra-chave ou frase-chave, escolha uma plataforma (Google, Google Not\u00edcias, Google Shopping, YouTube, Google Imagens, Yahoo, Bing, Wikipedia ou Fiverr), selecione o pa\u00eds e o idioma e clique no bot\u00e3o &#8220;Obter sugest\u00f5es&#8221;.<\/p>\n<div class=\"content__img-wrap\"><img src=\"https:\/\/sitechecker.pro\/wp-content\/uploads\/2025\/02\/keyword-suggestion-tool-seo-ppc.png\" alt=\"Ferramenta de sugest\u00e3o de palavras-chave para SEO PPC\" class=\"description-img description-img-zoom\" loading=\"lazy\" ><\/div>\n<h3>Passo 2: Obtenha os resultados<\/h3>\n<p>A ferramenta fornece uma lista de frases-chave relevantes juntamente com m\u00e9tricas como o volume de pesquisa, tend\u00eancias, CPC e concorr\u00eancia de an\u00fancios, permitindo decis\u00f5es de marketing e SEO baseadas em dados.<\/p>\n<div class=\"content__img-wrap\"><img src=\"https:\/\/sitechecker.pro\/wp-content\/uploads\/2025\/02\/suggestions-results.png\" alt=\"Resultados das sugest\u00f5es\" class=\"description-img description-img-zoom\" loading=\"lazy\" ><\/div>\n<p>O painel esquerdo organiza as sugest\u00f5es de palavras-chave em grupos, agrupando-as por liga\u00e7\u00e3o \u00e0 consulta principal, o que o torna uma poderosa ferramenta de agrupamento de palavras-chave.<\/p>\n<p>A ferramenta tamb\u00e9m fornece m\u00e9tricas importantes, como o volume de pesquisa, tend\u00eancias, CPC e concorr\u00eancia de an\u00fancios. Pode selecionar frases-chave espec\u00edficas e adicion\u00e1-las ao <a href=\"https:\/\/sitechecker.pro\/rank-tracker\/\" target=\"_blank\" rel=\"noopener noreferrer\">Rastreador de Classifica\u00e7\u00e3o<\/a> para monitoriza\u00e7\u00e3o detalhada e planeamento estrat\u00e9gico. \u00c9 necess\u00e1rio um teste gratuito para desbloquear o acesso a estes dados.<\/p>\n<div class=\"content__img-wrap\"><img src=\"https:\/\/sitechecker.pro\/wp-content\/uploads\/2025\/02\/suggestions-metrics.png\" alt=\"M\u00e9tricas de sugest\u00f5es\" class=\"description-img description-img-zoom\" loading=\"lazy\" ><\/div>\n<div class=\"important-block\">Para receber resultados e acesso \u00e0s funcionalidades do Sitechecker durante 14 dias, inicie o seu teste GRATUITO. \u00c9 f\u00e1cil registar-se com o seu e-mail, conta Google ou Facebook. N\u00e3o \u00e9 necess\u00e1rio cart\u00e3o de cr\u00e9dito.<\/div>\n<h2 id=\"par3\">Comece a rastrear palavras-chave relevantes<\/h2>\n<p>Comece a monitorizar t\u00f3picos de conte\u00fado relevantes, selecionando aqueles do seu interesse e adicionando-os ao Rank Tracker com apenas um clique.<\/p>\n<div class=\"content__img-wrap\"><img src=\"https:\/\/sitechecker.pro\/wp-content\/uploads\/2025\/02\/add-to-rank-tracker.png\" alt=\"Adicionar ao Rastreador de Classifica\u00e7\u00e3o\" class=\"description-img description-img-zoom\" loading=\"lazy\" ><\/div>\n<p>Pode agrupar frases-chave e adicion\u00e1-las ao Rank Tracker para uma monitoriza\u00e7\u00e3o e an\u00e1lise abrangentes.<\/p>\n<div class=\"content__img-wrap\"><img src=\"https:\/\/sitechecker.pro\/wp-content\/uploads\/2025\/02\/add-to-rank-tracker-settings.png\" alt=\"Adicionar \u00e0s defini\u00e7\u00f5es do rastreador de classifica\u00e7\u00e3o\" class=\"description-img description-img-zoom\" loading=\"lazy\" ><\/div>\n<p>Aqui, pode selecionar o seu motor de busca, dispositivo, pa\u00eds e regi\u00e3o preferidos.<\/p>\n<p>Ap\u00f3s concluir a configura\u00e7\u00e3o, clique em &#8220;Adicionar ao Rastreador de Classifica\u00e7\u00e3o&#8221;.<\/p>\n<p>Utilize a funcionalidade &#8216;Gerir palavras-chave&#8217; para organizar as palavras-chave em categorias e associ\u00e1-las a p\u00e1ginas espec\u00edficas, simplificando a sua estrat\u00e9gia promocional.<\/p>\n<div class=\"content__img-wrap\"><img src=\"https:\/\/sitechecker.pro\/wp-content\/uploads\/2025\/02\/manage-keywords.png\" alt=\"Gerir palavras-chave\" class=\"description-img description-img-zoom\" loading=\"lazy\" ><\/div>\n<p>O Keyword Finder fornece um rastreio personalizado de ideias de t\u00f3picos com base no dispositivo e na localiza\u00e7\u00e3o, oferecendo informa\u00e7\u00f5es valiosas sobre as classifica\u00e7\u00f5es e o desempenho dos concorrentes. Com caracter\u00edsticas como pontua\u00e7\u00f5es de visibilidade, monitoriza\u00e7\u00e3o de indexa\u00e7\u00e3o e an\u00e1lise de tend\u00eancias de SEO, suporta a otimiza\u00e7\u00e3o de estrat\u00e9gias. Al\u00e9m disso, as suas capacidades de relat\u00f3rios adapt\u00e1veis \u200b\u200balinham-se perfeitamente com os hor\u00e1rios de campanha.<\/p>\n<div class=\"content__img-wrap\"><img src=\"https:\/\/sitechecker.pro\/wp-content\/uploads\/2025\/02\/rank-tracker-dashboard.png\" alt=\"Painel do Rastreador de Classifica\u00e7\u00e3o\" class=\"description-img description-img-zoom\" loading=\"lazy\" ><\/div>\n<h2 id=\"par4\">Ideia Final<\/h2>\n<p>A Ferramenta de Sugest\u00e3o de Palavras-chave gera ideias de palavras-chave relevantes para SEO, PPC e com\u00e9rcio eletr\u00f3nico, utilizando dados de plataformas como o Google, Bing e Amazon. Oferece agrupamento de palavras-chave, monitoriza\u00e7\u00e3o de desempenho e relat\u00f3rios personaliz\u00e1veis, ajudando os utilizadores a melhorar as classifica\u00e7\u00f5es, otimizar o conte\u00fado e impulsionar o sucesso online.<\/p>","protected":false},"excerpt":{"rendered":"O que \u00e9 uma ferramenta profissional de sugest\u00e3o de palavras-chave? A ferramenta de sugest\u00e3o de palavras-chave do Sitechecker \u00e9 um recurso online gratuito que gera ideias de palavras-chave relevantes aproveitando dados de plataformas como o Google, Bing, Google Images, News, Shopping, Yahoo, Wikipedia, YouTube, Amazon, eBay e Fiverr. Ajuda os utilizadores a descobrir frases-chave de&#8230;","protected":false},"author":10409641,"featured_media":0,"parent":0,"menu_order":0,"comment_status":"closed","ping_status":"closed","template":"pages-templates\/pages-minitools.php","meta":[],"categories":[71],"tags":[],"_links":{"self":[{"href":"https:\/\/sitechecker.pro\/pt\/wp-json\/wp\/v2\/pages\/24950"}],"collection":[{"href":"https:\/\/sitechecker.pro\/pt\/wp-json\/wp\/v2\/pages"}],"about":[{"href":"https:\/\/sitechecker.pro\/pt\/wp-json\/wp\/v2\/types\/page"}],"author":[{"embeddable":true,"href":"https:\/\/sitechecker.pro\/pt\/wp-json\/wp\/v2\/users\/10409641"}],"replies":[{"embeddable":true,"href":"https:\/\/sitechecker.pro\/pt\/wp-json\/wp\/v2\/comments?post=24950"}],"version-history":[{"count":85,"href":"https:\/\/sitechecker.pro\/pt\/wp-json\/wp\/v2\/pages\/24950\/revisions"}],"predecessor-version":[{"id":35749,"href":"https:\/\/sitechecker.pro\/pt\/wp-json\/wp\/v2\/pages\/24950\/revisions\/35749"}],"wp:attachment":[{"href":"https:\/\/sitechecker.pro\/pt\/wp-json\/wp\/v2\/media?parent=24950"}],"wp:term":[{"taxonomy":"category","embeddable":true,"href":"https:\/\/sitechecker.pro\/pt\/wp-json\/wp\/v2\/categories?post=24950"},{"taxonomy":"post_tag","embeddable":true,"href":"https:\/\/sitechecker.pro\/pt\/wp-json\/wp\/v2\/tags?post=24950"}],"curies":[{"name":"wp","href":"https:\/\/api.w.org\/{rel}","templated":true}]}}