{"id":24925,"date":"2023-07-07T15:25:10","date_gmt":"2023-07-07T15:25:10","guid":{"rendered":"https:\/\/sitechecker.pro\/?page_id=24925"},"modified":"2026-02-19T14:42:20","modified_gmt":"2026-02-19T14:42:20","slug":"419-error-page-expired-%f0%9f%93%96-fix","status":"publish","type":"page","link":"https:\/\/sitechecker.pro\/pt\/what-is-419-status-code\/","title":{"rendered":"O que \u00e9 o erro de c\u00f3digo de status 419 \u201cP\u00e1gina expirada\u201d \ud83d\udcd6 Como corrigi-lo?"},"content":{"rendered":"<p><\/p>\n<h2 id=\"par1\">O que \u00e9 o c\u00f3digo de estado HTTP 419?<\/h2>\n<p>O c\u00f3digo de estado 419 \u00e9 um c\u00f3digo de erro do cliente que indica que o pedido falhou porque a <strong>sess\u00e3o expirou<\/strong>. Isto pode acontecer se o utilizador estiver inativo durante muito tempo ou se a sua sess\u00e3o tiver sido terminada no servidor. O c\u00f3digo de estado 419 tamb\u00e9m pode ser causado por um erro de publica\u00e7\u00e3o relacionado com o ficheiro api.php e a autoriza\u00e7\u00e3o do token.<\/p>\n<p>O c\u00f3digo de estado HTTP 419 n\u00e3o est\u00e1 oficialmente definido nas normas HTTP pela <a href=\"https:\/\/www.ietf.org\/\" target=\"_blank\" rel=\"nofollow noopener noreferrer\">Internet Engineering Task Force (IETF) <\/a>. Os c\u00f3digos no intervalo <a href=\"https:\/\/sitechecker.pro\/what-are-4xx-status-codes\/\" target=\"_blank\" rel=\"noopener noreferrer\">4xx<\/a> representam geralmente erros do cliente em que o pedido n\u00e3o pode ser atendido devido a algum problema com o pedido do cliente.<\/p>\n<p>No entanto, algumas aplica\u00e7\u00f5es web, principalmente a estrutura web Laravel, utilizam o c\u00f3digo de estado HTTP 419 para indicar \u201cP\u00e1gina expirada\u201d ou \u201cIncompatibilidade de token CSRF\u201d. Neste contexto, \u00e9 normalmente utilizado para significar que o CSRF(<a href=\"https:\/\/owasp.org\/www-community\/attacks\/csrf\" target=\"_blank\" rel=\"nofollow noopener noreferrer\">Cross-Site Request Forgery<\/a>) associado a um envio de dados POST expirou ou \u00e9 inv\u00e1lido. Isto pode ocorrer porque o utilizador demorou muito tempo a preencher um formul\u00e1rio, uma p\u00e1gina foi atualizada antes do envio ou um problema com a sess\u00e3o do servidor.<\/p>\n<p>Note que a utiliza\u00e7\u00e3o do c\u00f3digo de estado HTTP 419 pode variar dependendo do servidor ou da aplica\u00e7\u00e3o web, uma vez que n\u00e3o \u00e9 um c\u00f3digo de estado HTTP oficialmente reconhecido. Consulte sempre a documenta\u00e7\u00e3o espec\u00edfica do seu servidor ou aplica\u00e7\u00e3o para obter defini\u00e7\u00f5es exatas. Veja o nosso guia de v\u00eddeo conciso para uma compreens\u00e3o clara.<\/p>\n<p><iframe width=\"700\" height=\"350\" src=\"https:\/\/www.youtube.com\/embed\/umLTP8d8HaI?si=H4TfpxUu7Kvw0HMW\" title=\"YouTube video player\" frameborder=\"0\" allow=\"accelerometer; autoplay; clipboard-write; encrypted-media; gyroscope; picture-in-picture; web-share\" allowfullscreen><\/iframe><\/p>\n<h2 id=\"par2\">419 Impacto do c\u00f3digo de estado no SEO<\/h2>\n<p>Quando se trata do c\u00f3digo de estado HTTP 419 e do seu impacto no SEO, \u00e9 importante lembrar que \u00e9 um c\u00f3digo de estado n\u00e3o oficial e geralmente refere-se a problemas relacionados com a sess\u00e3o ou com o token.<\/p>\n<p>Portanto, a forma como isto afeta o SEO pode n\u00e3o ser t\u00e3o simples como acontece com outros c\u00f3digos de estado oficialmente reconhecidos. No entanto, podemos fazer algumas suposi\u00e7\u00f5es fundamentadas com base na sua utiliza\u00e7\u00e3o.<\/p>\n<table class=\"table-classic\">\n <corpo><\/p>\n<tr>\n<td><strong>Rastreio e Indexabilidade<\/strong><\/td>\n<td style=\"text-align: left;\">Os motores de pesquisa como o Google utilizam rastreadores da web, tamb\u00e9m conhecidos como bots ou spiders, para descobrir e indexar p\u00e1ginas da web. Se um rastreador encontrar um c\u00f3digo de estado 419, poder\u00e1 interpret\u00e1-lo como um problema de acessibilidade da p\u00e1gina.<br \/>\n Se isto ocorrer com frequ\u00eancia, a p\u00e1gina poder\u00e1 ser desindexada, o que significa que n\u00e3o aparecer\u00e1 nos resultados da pesquisa.<\/td>\n<\/tr>\n<tr>\n<td><strong>Experi\u00eancia do utilizador<\/strong><\/td>\n<td style=\"text-align: left;\">O SEO n\u00e3o se trata apenas de bots; tamb\u00e9m se trata de utilizadores. Se os utilizadores humanos encontrarem frequentemente c\u00f3digos de estado 419 (&#8220;P\u00e1gina expirada&#8221;), isso poder\u00e1 levar a uma m\u00e1 experi\u00eancia do utilizador. Os utilizadores podem sair do seu site frustrados, aumentando as taxas de rejei\u00e7\u00e3o.<br \/>\n Os motores de pesquisa t\u00eam em conta os sinais de comportamento do utilizador, pelo que uma m\u00e1 experi\u00eancia do utilizador pode afetar indiretamente o SEO do seu website.<\/td>\n<\/tr>\n<tr>\n<td><strong>Qualidade do site<\/strong><\/td>\n<td style=\"text-align: left;\">Os erros 419 frequentes podem ser vistos como um sinal de baixa qualidade ou de manuten\u00e7\u00e3o do website.<br \/>\n Se o seu website tiver muitas p\u00e1ginas com erros 419, isso poder\u00e1 prejudicar a reputa\u00e7\u00e3o geral do seu website aos olhos dos motores de busca, afetando negativamente o seu SEO.<\/td>\n<\/tr>\n<tr>\n<td><strong><a href=\"https:\/\/sitechecker.pro\/what-is-link-equity\/\" target=\"_blank\" rel=\"noopener noreferrer\">Link Equity<\/a><\/strong> <\/td>\n<td style=\"text-align: left;\">O SEO tamb\u00e9m depende muito do conceito de valor do link (o valor passado de <a href=\"https:\/\/sitechecker.pro\/link-juice\/\" target=\"_blank \" rel=\"noopener noreferrer\">uma p\u00e1gina para outra atrav\u00e9s de links<\/a>).<br \/>\n Se os links do seu website levarem a p\u00e1ginas que devolvem o estado 419, isso poder\u00e1 perturbar o fluxo de valor do link, diminuindo potencialmente o valor da p\u00e1gina ligada aos olhos dos motores de pesquisa.<\/td>\n<\/tr>\n<tr>\n<td><strong>Conte\u00fado baseado em sess\u00f5es<\/strong><\/td>\n<td style=\"text-align: left;\">Uma vez que o c\u00f3digo de estado 419 est\u00e1 geralmente relacionado com expira\u00e7\u00f5es de sess\u00f5es ou <a href=\"https:\/\/www.synopsys.com\/glossary\/what-is-csrf. html\" target=\"_blank\" rel=\"nofollow noopener noreferrer\">problemas de CSRF<\/a>, pode ser conte\u00fado que depende muito de sess\u00f5es e pode n\u00e3o ser facilmente acess\u00edvel ou index\u00e1vel pelos bots dos motores de busca.<br \/>\n Isto ocorre porque os bots dos motores de pesquisa n\u00e3o mant\u00eam sess\u00f5es como um utilizador t\u00edpico que navega num navegador da Web.<\/td>\n<\/tr>\n<\/tbody>\n<p><\/tabela><\/p>\n<p>Lembre-se de que o impacto real pode variar muito com base na forma como os motores de pesquisa tratam este c\u00f3digo de estado fora do padr\u00e3o, bem como na forma como o seu website espec\u00edfico est\u00e1 configurado. \u00c9 sempre uma boa pr\u00e1tica minimizar poss\u00edveis erros, incluindo o 419, para garantir que o seu website permanece facilmente rastre\u00e1vel e proporciona uma boa experi\u00eancia ao utilizador.<\/p>\n<h2 id=\"par3\">Detetar problemas do c\u00f3digo de estado 419<\/h2>\n<p>A dete\u00e7\u00e3o de problemas do c\u00f3digo de estado HTTP 419 \u00e9 um processo que envolve m\u00faltiplas estrat\u00e9gias, incluindo a an\u00e1lise de registos do servidor, a utiliza\u00e7\u00e3o de ferramentas de SEO e, em alguns casos, testes manuais.<\/p>\n<p>Comece por examinar os logs do seu servidor. Estes registos s\u00e3o normalmente uma mina de ouro de informa\u00e7\u00e3o, incluindo os c\u00f3digos de estado HTTP que o seu servidor envia em resposta aos pedidos. O acesso a estes registos pode exigir o contacto com o seu host web ou administrador do servidor, se n\u00e3o tiver acesso direto.<\/p>\n<p>Outra abordagem \u00fatil \u00e9 o rastreio de sites. V\u00e1rias ferramentas, como o <a href=\"https:\/\/sitechecker.pro\/http-status-codes\/\" target=\"_blank\" rel=\"noopener noreferrer\">HTTP Status Code Checker<\/a> para rastrear o seu site em de forma semelhante aos bots de motores de pesquisa. Estas ferramentas podem ser configuradas para rastrear o seu website e reportar quaisquer p\u00e1ginas que tenham devolvido c\u00f3digos de estado 4xx.<\/p>\n<p>O Google Search Console \u00e9 outra ferramenta inestim\u00e1vel no seu arsenal. \u00c9 um servi\u00e7o gratuito fornecido pela Google que pode mostrar como o motor de busca interage com o seu website. O seu relat\u00f3rio de cobertura inclui informa\u00e7\u00f5es sobre p\u00e1ginas do seu website que o Google teve problemas em aceder, incluindo aquelas que devolvem c\u00f3digos de estado 4xx.<\/p>\n<p>Para sites que utilizam sess\u00f5es ou tokens CSRF extensivamente, podem ser necess\u00e1rios testes manuais. Um exemplo disto pode ser deixar uma p\u00e1gina de formul\u00e1rio aberta durante um longo per\u00edodo antes do envio para ver se consegue replicar um problema 419.<\/p>\n<p>Dependendo da arquitetura do seu website, os verificadores de seguran\u00e7a de aplica\u00e7\u00f5es web como <a href=\"https:\/\/owasp.org\/www-project-zap\/\" target=\"_blank\" rel=\"nofollow noopener noreferrer\">OWASP ZAP <\/a> ou <a href=\"https:\/\/www.acunetix.com\/\" target=\"_blank\" rel=\"nofollow noopener noreferrer\">Acunetix<\/a> tamb\u00e9m pode ser ben\u00e9fico. Al\u00e9m disso, as ferramentas de programador de navegadores fornecidas com os navegadores modernos podem ser utilizadas para inspecionar a atividade da rede, o que permite ver os c\u00f3digos de estado devolvidos do servidor em resposta aos pedidos.<\/p>\n<p>Monitorizar regularmente o seu website em busca de erros, incluindo 419 c\u00f3digos de estado, \u00e9 crucial. Podem ter um impacto negativo na experi\u00eancia do utilizador e no SEO. Abordar prontamente estes problemas \u00e0 medida que surgem ajuda a manter a sa\u00fade geral do seu website e o seu desempenho nos resultados dos motores de busca.<\/p>\n<h2 id=\"par4\">419 Problemas comuns do c\u00f3digo de estado e como corrigi-los<\/h2>\n<p>O c\u00f3digo de estado HTTP 419, embora n\u00e3o seja oficialmente reconhecido, \u00e9 normalmente utilizado para indicar problemas relacionados com tempos limite de sess\u00e3o ou incompatibilidades de tokens Cross-Site Request Forgery (CSRF). Este c\u00f3digo de estado pode ter um impacto negativo na experi\u00eancia do utilizador e no desempenho de SEO de um website.<\/p>\n<p>Compreender os motivos comuns por detr\u00e1s de um erro 419 e como corrigi-los \u00e9, portanto, crucial para manter uma presen\u00e7a eficaz na web. Vamos aprofundar alguns dos problemas mais comuns que levam a este erro e como pode resolv\u00ea-los.<\/p>\n<h3>Tempo limite da sess\u00e3o<\/h3>\n<p>Um dos motivos comuns por detr\u00e1s de um c\u00f3digo de erro 419 \u00e9 o tempo limite da sess\u00e3o, que pode ocorrer quando um utilizador est\u00e1 inativo durante um longo per\u00edodo de tempo ou quando um token de sess\u00e3o expira.<\/p>\n<div class=\"highlight-block\">Certifique-se de que as defini\u00e7\u00f5es de dura\u00e7\u00e3o da sess\u00e3o no seu servidor est\u00e3o configuradas para corresponder ao comportamento esperado do utilizador no seu website. Por exemplo, se o seu website tiver formul\u00e1rios longos, pode prolongar o tempo limite da sess\u00e3o. Al\u00e9m disso, considere implementar mecanismos para renovar automaticamente a sess\u00e3o ou avisar o utilizador antes de ocorrer o tempo limite da sess\u00e3o.<\/div>\n<h3>Incompatibilidade de tokens CSRF<\/h3>\n<p>Em aplica\u00e7\u00f5es como o Laravel, um c\u00f3digo de estado 419 significa geralmente uma incompatibilidade de token Cross-Site Request Forgery (CSRF). Isto pode ocorrer devido ao tempo limite da sess\u00e3o ou se o token n\u00e3o estiver inclu\u00eddo corretamente no envio do formul\u00e1rio.<\/p>\n<div class=\"highlight-block\">Em primeiro lugar, verifique se a sua aplica\u00e7\u00e3o est\u00e1 a gerar e a incluir corretamente tokens CSRF em cada envio de formul\u00e1rio. Se o problema for com o tempo limite da sess\u00e3o a fazer com que o token CSRF expire, considere prolongar a dura\u00e7\u00e3o do tempo limite da sess\u00e3o ou implementar um mecanismo para atualizar o token sem exigir um recarregamento de p\u00e1gina inteira.<\/div>\n<h3>Erros de configura\u00e7\u00e3o de balanceamento de carga<\/h3>\n<p>Se a sua aplica\u00e7\u00e3o for implementada em v\u00e1rios servidores utilizando um balanceador de carga, \u00e9 poss\u00edvel que a sess\u00e3o do utilizador se torne inv\u00e1lida se os pedidos subsequentes forem encaminhados para servidores diferentes.<\/p>\n<div class=\"highlight-block\">Implemente sess\u00f5es fixas no seu balanceador de carga, garantindo que, uma vez atribu\u00eddo um utilizador a um servidor, todos os pedidos subsequentes desse utilizador s\u00e3o enviados para o mesmo servidor. Em alternativa, considere uma solu\u00e7\u00e3o de armazenamento de sess\u00e3o partilhada em que os dados da sess\u00e3o s\u00e3o acess\u00edveis a todos os servidores.<\/div>\n<h3>C\u00f3digo Ineficiente<\/h3>\n<p>Por vezes, um c\u00f3digo mal otimizado pode levar a erros 419 inesperados. Se a sua aplica\u00e7\u00e3o estiver a processar os pedidos mais lentamente do que o limite de tempo limite da sess\u00e3o, isso poder\u00e1 levar a erros no website.<\/p>\n<div class=\"highlight-block\">Reveja o c\u00f3digo da sua aplica\u00e7\u00e3o em busca de estrangulamentos ou inefici\u00eancias e otimize quando necess\u00e1rio. Tamb\u00e9m pode considerar aumentar o tempo limite da sess\u00e3o, embora esta n\u00e3o deva ser uma solu\u00e7\u00e3o a longo prazo para c\u00f3digo ineficiente.<\/div>\n<p style=\"margin-top: 3%;\">Para evitar erros 419, \u00e9 essencial monitorizar regularmente os registos do servidor e a integridade do site, mantendo-se atento ao <a href=\"https:\/\/sitechecker.pro\/ pages -per-session-metric\/\" target=\"_blank\" rel=\"noopener noreferrer\">gest\u00e3o de sess\u00f5es<\/a> e garantir que as defini\u00e7\u00f5es do servidor correspondem \u00e0s necessidades do seu website e ao comportamento do utilizador.<\/p >\n<h2 id=\"par5\">Detetar 419 problemas de c\u00f3digo de estado HTTP com o verificador de c\u00f3digo de estado HTTP<\/h2>\n<div class=\"content__img-wrap\"><img src=\"https:\/\/sitechecker.pro\/wp-content\/uploads\/2023\/06\/http-status-code-checker.png\" alt=\"Verificador de c\u00f3digo de estado HTTP\" class=\"description-img description-img-zoom\" loading=\"lazy\" ><\/div>\n<p><a href=\"https:\/\/sitechecker.pro\/http-status-codes\/\" target=\"_blank\" rel=\"noopener noreferrer\">HTTP Status Codes Checker<\/a> \u00e9 um servi\u00e7o de SEO que disponibiliza diversas ferramentas de monitoriza\u00e7\u00e3o e melhorando o desempenho do seu site. Uma das suas caracter\u00edsticas inclui um verificador de c\u00f3digos de estado HTTP que pode ajudar na dete\u00e7\u00e3o de problemas como erros 419 no seu site.<\/p>\n<p>Quando executa uma an\u00e1lise de website utilizando o Sitechecker.pro, este rastreia o seu website da mesma forma que um bot de motor de busca faria. Envia pedidos para cada URL e regista os c\u00f3digos de estado HTTP devolvidos pelo seu servidor. Se for devolvido algum c\u00f3digo de estado 419, pode identific\u00e1-lo usando esta ferramenta.<\/p>\n<p>Utilizar o Sitechecker.pro regularmente para auditorias do seu website pode ajudar a detetar erros 419 e tamb\u00e9m a monitorizar a sua resolu\u00e7\u00e3o. Ao identificar estes erros antecipadamente e solucion\u00e1-los prontamente, pode melhorar a experi\u00eancia do utilizador no seu website e o seu desempenho nas classifica\u00e7\u00f5es dos motores de pesquisa.<\/p>\n<h2 id=\"par6\">Conclus\u00e3o<\/h2>\n<p>O c\u00f3digo de estado HTTP 419, embora n\u00e3o oficial, \u00e9 normalmente utilizado em casos de tempos limite de sess\u00e3o ou incompatibilidades de tokens CSRF. A sua ocorr\u00eancia pode impactar significativamente o desempenho SEO de um website, afetando a rastreabilidade, a experi\u00eancia do utilizador, a qualidade do website e o valor do link. Ferramentas como o Sitechecker.pro s\u00e3o ben\u00e9ficas na dete\u00e7\u00e3o e resolu\u00e7\u00e3o destes erros, melhorando a experi\u00eancia do utilizador e o desempenho do motor de busca do website.<\/p>\n<p>As causas comuns de erros 419, como tempos limite de sess\u00e3o, incompatibilidades de tokens CSRF, erros de configura\u00e7\u00e3o de balanceamento de carga e c\u00f3digo ineficiente, podem ser resolvidas com a ado\u00e7\u00e3o de medidas adequadas. A monitoriza\u00e7\u00e3o regular, a utiliza\u00e7\u00e3o de ferramentas de SEO fi\u00e1veis \u200b\u200be a garantia da otimiza\u00e7\u00e3o adequada do c\u00f3digo podem melhorar significativamente o desempenho do seu website e manter uma presen\u00e7a online eficaz.<\/p>\n<div id=\"par7\"><\/div>\n<p><div class=\"front__faq-block\"><div class=\"faq__block-title\">FAQ<\/div><div class=\"panel-group\" id=\"faq-accordion\" itemscope itemtype=\"https:\/\/schema.org\/FAQPage\" role=\"tablist\" aria-multiselectable=\"true\"><div class=\"panel\" itemscope itemtype=\"https:\/\/schema.org\/Question\" itemprop=\"mainEntity\">\n                            <div class=\"panel-heading\" id=\"headingFaq-1\">\n                                <div class=\"panel-title\" data-toggle=\"collapse\" aria-expanded=\"false\" href=\"#collapseFaq-1\">\n                                    <h3 itemprop=\"name\">Como corrigir o erro 419?<\/h3>\n                                <\/div>\n                            <\/div>\n                            <div id=\"collapseFaq-1\" class=\"panel-collapse collapse\" itemprop=\"acceptedAnswer\" itemscope itemtype=\"http:\/\/schema.org\/Answer\">\n                                <div class=\"panel-body\" itemprop=\"text\">Para corrigir um erro 419, verifique o tempo limite da sess\u00e3o e ajuste as defini\u00e7\u00f5es de dura\u00e7\u00e3o da sess\u00e3o, se necess\u00e1rio. Certifique-se de que os tokens CSRF s\u00e3o gerados corretamente e inclu\u00eddos nos envios de formul\u00e1rios. Se o seu site utilizar um balanceador de carga, configure-o para utilizar sess\u00f5es fixas ou implemente armazenamento de sess\u00f5es partilhadas. Al\u00e9m disso, otimize o seu c\u00f3digo para evitar respostas lentas do servidor.<\/div>\n                            <\/div>\n                        <\/div><div class=\"panel\" itemscope itemtype=\"https:\/\/schema.org\/Question\" itemprop=\"mainEntity\">\n                            <div class=\"panel-heading\" id=\"headingFaq-2\">\n                                <div class=\"panel-title\" data-toggle=\"collapse\" aria-expanded=\"false\" href=\"#collapseFaq-2\">\n                                    <h3 itemprop=\"name\">O que \u00e9 o erro 419 no token CSRF?<\/h3>\n                                <\/div>\n                            <\/div>\n                            <div id=\"collapseFaq-2\" class=\"panel-collapse collapse\" itemprop=\"acceptedAnswer\" itemscope itemtype=\"http:\/\/schema.org\/Answer\">\n                                <div class=\"panel-body\" itemprop=\"text\">O erro 419 num token CSRF significa normalmente que existe uma incompatibilidade entre o token que a sua aplica\u00e7\u00e3o web espera e o token recebido. Isto pode acontecer se o token tiver expirado (geralmente devido ao tempo limite da sess\u00e3o) ou se o token n\u00e3o tiver sido inclu\u00eddo corretamente no envio do formul\u00e1rio.<\/div>\n                            <\/div>\n                        <\/div><div class=\"panel\" itemscope itemtype=\"https:\/\/schema.org\/Question\" itemprop=\"mainEntity\">\n                            <div class=\"panel-heading\" id=\"headingFaq-3\">\n                                <div class=\"panel-title\" data-toggle=\"collapse\" aria-expanded=\"false\" href=\"#collapseFaq-3\">\n                                    <h3 itemprop=\"name\">Como evitar o erro 419 no Laravel?<\/h3>\n                                <\/div>\n                            <\/div>\n                            <div id=\"collapseFaq-3\" class=\"panel-collapse collapse\" itemprop=\"acceptedAnswer\" itemscope itemtype=\"http:\/\/schema.org\/Answer\">\n                                <div class=\"panel-body\" itemprop=\"text\">Prevenir um erro 419 no Laravel implica garantir que os tokens CSRF s\u00e3o gerados corretamente e inclu\u00eddos em todos os formul\u00e1rios. Certifique-se de que o tempo de vida da sua sess\u00e3o no ficheiro de configura\u00e7\u00e3o da sess\u00e3o do Laravel est\u00e1 definido adequadamente. Se a sua aplica\u00e7\u00e3o utilizar um balanceador de carga, implemente sess\u00f5es fixas ou uma solu\u00e7\u00e3o de armazenamento de sess\u00e3o partilhada. Al\u00e9m disso, otimize regularmente o c\u00f3digo da sua aplica\u00e7\u00e3o para melhorar o desempenho.<\/div>\n                            <\/div>\n                        <\/div><\/div><\/div><\/p>","protected":false},"excerpt":{"rendered":"O que \u00e9 o c\u00f3digo de estado HTTP 419? O c\u00f3digo de estado 419 \u00e9 um c\u00f3digo de erro do cliente que indica que o pedido falhou porque a sess\u00e3o expirou. Isto pode acontecer se o utilizador estiver inativo durante muito tempo ou se a sua sess\u00e3o tiver sido terminada no servidor. O c\u00f3digo de&#8230;","protected":false},"author":10409641,"featured_media":24926,"parent":0,"menu_order":0,"comment_status":"closed","ping_status":"closed","template":"pages-templates\/pages-v2.php","meta":[],"categories":[27],"tags":[],"_links":{"self":[{"href":"https:\/\/sitechecker.pro\/pt\/wp-json\/wp\/v2\/pages\/24925"}],"collection":[{"href":"https:\/\/sitechecker.pro\/pt\/wp-json\/wp\/v2\/pages"}],"about":[{"href":"https:\/\/sitechecker.pro\/pt\/wp-json\/wp\/v2\/types\/page"}],"author":[{"embeddable":true,"href":"https:\/\/sitechecker.pro\/pt\/wp-json\/wp\/v2\/users\/10409641"}],"replies":[{"embeddable":true,"href":"https:\/\/sitechecker.pro\/pt\/wp-json\/wp\/v2\/comments?post=24925"}],"version-history":[{"count":5,"href":"https:\/\/sitechecker.pro\/pt\/wp-json\/wp\/v2\/pages\/24925\/revisions"}],"predecessor-version":[{"id":39357,"href":"https:\/\/sitechecker.pro\/pt\/wp-json\/wp\/v2\/pages\/24925\/revisions\/39357"}],"wp:featuredmedia":[{"embeddable":true,"href":"https:\/\/sitechecker.pro\/pt\/wp-json\/wp\/v2\/media\/24926"}],"wp:attachment":[{"href":"https:\/\/sitechecker.pro\/pt\/wp-json\/wp\/v2\/media?parent=24925"}],"wp:term":[{"taxonomy":"category","embeddable":true,"href":"https:\/\/sitechecker.pro\/pt\/wp-json\/wp\/v2\/categories?post=24925"},{"taxonomy":"post_tag","embeddable":true,"href":"https:\/\/sitechecker.pro\/pt\/wp-json\/wp\/v2\/tags?post=24925"}],"curies":[{"name":"wp","href":"https:\/\/api.w.org\/{rel}","templated":true}]}}