{"id":24914,"date":"2023-07-07T11:53:55","date_gmt":"2023-07-07T11:53:55","guid":{"rendered":"https:\/\/sitechecker.pro\/?page_id=24914"},"modified":"2025-04-07T14:28:12","modified_gmt":"2025-04-07T14:28:12","slug":"418-error-im-teapot%f0%9f%93%96-fix","status":"publish","type":"page","link":"https:\/\/sitechecker.pro\/pt\/what-is-418-status-code\/","title":{"rendered":"O que \u00e9 o erro de c\u00f3digo de status 418 \u201cEu sou um bule de ch\u00e1\u201d \ud83d\udcd6 Como corrigi-lo?"},"content":{"rendered":"<p><\/p>\n<div id=\"par1\"><\/div>\n<p>O c\u00f3digo de status HTTP 418, tamb\u00e9m conhecido como &#8220;Sou um bule de ch\u00e1&#8221;, \u00e9 um status da Internet que faz parte do padr\u00e3o HTTP\/1.1. Ele foi originalmente definido como uma piada do Dia da Mentira em 1998 como parte do Hyper Text Coffee Pot Control Protocol (HTCPCP), uma extens\u00e3o sat\u00edrica do HTTP criada para controlar bules de caf\u00e9.<\/p>\n<p>O 418 est\u00e1 dentro da classe de c\u00f3digos de status de resposta HTTP na faixa 4xx, o que indica que o cliente parece ter cometido um erro. No entanto, o 418, conhecido como &#8220;Sou um bule de ch\u00e1&#8221;, \u00e9 um pouco \u00fanico nesse grupo porque n\u00e3o pretende indicar um erro real. Em vez disso, ele foi criado como parte de um protocolo de brincadeira, o <a href=\"https:\/\/datatracker.ietf.org\/doc\/html\/rfc2324\" target=\"_blank\" rel=\"nofollow noopener noreferrer\">Hyper Text Coffee Pot Control Protocol<\/a> (HTCPCP), e n\u00e3o se destina ao uso em comunica\u00e7\u00f5es HTTP reais.<\/p>\n<p>Em 2015, <a href=\"https:\/\/twitter.com\/masinter\" rel=\"noopener noreferrer\" target=\"_blank\">Masinter<\/a>, atualmente atuando como cientista principal no IETF, participou de uma discuss\u00e3o no Twitter para reiterar que o c\u00f3digo de status foi de fato criado como uma s\u00e1tira.<\/p>\n<div class=\"content__img-wrap\"><img src=\"https:\/\/sitechecker.pro\/wp-content\/uploads\/2024\/03\/http-418-twitt.png\" alt=\"HTTP 418 Twitt\" class=\"description-img description-img-zoom\" loading=\"lazy\" ><\/div>\n<p>Quando um servidor retorna o 418, geralmente \u00e9 um sinal de que um desenvolvedor ou operador de servidor decidiu inclu\u00ed-lo como uma forma humor\u00edstica ou n\u00e3o convencional de sinalizar um problema que n\u00e3o se encaixa em outros c\u00f3digos de status HTTP. Isso ajuda a evitar c\u00f3digos de status confusos, j\u00e1 que organiza\u00e7\u00f5es como a Autoridade de N\u00fameros Atribu\u00eddos da Internet (IANA) rotulam o 418 como (N\u00e3o utilizado).<\/p>\n<p>Por exemplo, alguns desenvolvedores usaram o 418 para indicar que um cliente tentou executar uma opera\u00e7\u00e3o que o servidor n\u00e3o foi projetado para lidar.<\/p>\n<p>At\u00e9 o Google implementou sua pr\u00f3pria vers\u00e3o desse erro, que pode ser encontrada em <a href=\"https:\/\/www.google.com\/teapot\" target=\"_blank\" rel=\"nofollow noopener noreferrer\">Google.com\/teapot<\/a>.<\/p>\n<div class=\"content__img-wrap\"><img src=\"https:\/\/sitechecker.pro\/wp-content\/uploads\/2023\/07\/418-error-page.png\" alt=\"418 Error Page\" class=\"description-img description-img-zoom\" loading=\"lazy\" ><\/div>\n<p>A resposta do servidor com um 418 se pareceria com isso no cabe\u00e7alho de resposta HTTP:<\/p>\n<div class=\"code\"><code>HTTP\/1.1 418 I'm a Teapot<br \/>\n  Date: Sun, 3 Jul 2023 23:59:59 GMT<br \/>\n  Content-Type: text\/html<br \/>\n  Content-Length: 123<br \/>\n<\/code><\/div>\n<p>O corpo HTML que acompanharia essa resposta poderia se parecer com isto:<\/p>\n<div class=\"code\"><code>&lt;!DOCTYPE html&gt;<br \/>\n  &lt;html&gt;<br \/>\n  &lt;head&gt;<br \/>\n  &lt;title&gt;I'm a teapot&lt;\/title&gt;<br \/>\n  &lt;\/head&gt;<br \/>\n  &lt;body&gt;<br \/>\n  &lt;h1&gt;418: I'm a teapot&lt;\/h1&gt;<br \/>\n  &lt;p&gt;The requested entity body is short and stout. Tip me over and pour me out.&lt;\/p&gt;<br \/>\n  &lt;\/body&gt;<br \/>\n  &lt;\/html&gt;<br \/>\n<\/code><\/div>\n<p>Observe que o conte\u00fado HTML real depender\u00e1 da configura\u00e7\u00e3o do servidor e pode ser muito mais elaborado e detalhado. Al\u00e9m disso, lembre-se de que o 418 n\u00e3o se destina a ser usado em comunica\u00e7\u00f5es normais na web, ent\u00e3o \u00e9 improv\u00e1vel que voc\u00ea o veja em circunst\u00e2ncias normais.<\/p>\n<p>O 418 realmente est\u00e1 dentro da faixa de c\u00f3digos de status HTTP 4xx, que geralmente s\u00e3o usados para indicar erros do lado do cliente. Estes s\u00e3o alguns c\u00f3digos 4xx comumente usados:<\/p>\n<table class=\"table-classic\">\n<tbody>\n<tr>\n<td><strong>400 Bad Request<\/strong><\/td>\n<td style=\"text-align: left;\">O servidor n\u00e3o conseguiu entender a solicita\u00e7\u00e3o devido \u00e0 sintaxe inv\u00e1lida.<\/td>\n<\/tr>\n<tr>\n<td><strong>401 Unauthorized<\/strong><\/td>\n<td style=\"text-align: left;\">A solicita\u00e7\u00e3o requer autentica\u00e7\u00e3o do usu\u00e1rio.<\/td>\n<\/tr>\n<tr>\n<td><strong>403 Forbidden<\/strong><\/td>\n<td style=\"text-align: left;\">O servidor entendeu a solicita\u00e7\u00e3o, mas se recusa a atend\u00ea-la.<\/td>\n<\/tr>\n<tr>\n<td><strong>404 Not Found<\/strong><\/td>\n<td style=\"text-align: left;\">O servidor n\u00e3o encontrou nada correspondente ao URI solicitado.<\/td>\n<\/tr>\n<tr>\n<td><strong>429 Too Many Requests<\/strong><\/td>\n<td style=\"text-align: left;\">O usu\u00e1rio enviou muitas solicita\u00e7\u00f5es em um determinado per\u00edodo de tempo.<\/td>\n<\/tr>\n<\/tbody>\n<\/table>\n<p>Mais uma vez, vale ressaltar que, embora esses c\u00f3digos estejam na mesma faixa, nenhum deles \u00e9 realmente &#8220;semelhante&#8221; ao 418 em uso ou significado pretendido, considerando a origem \u00fanica e humor\u00edstica do 418.<\/p>\n<p>O tipo de solicita\u00e7\u00e3o que aciona um 418 pode variar amplamente, j\u00e1 que cabe aos operadores de servidor ou desenvolvedores individuais decidir como desejam us\u00e1-lo. Pode ser acionado por um tipo espec\u00edfico de solicita\u00e7\u00e3o, por uma solicita\u00e7\u00e3o vinda de um endere\u00e7o IP espec\u00edfico, por uma solicita\u00e7\u00e3o que inclua certos cabe\u00e7alhos ou por qualquer outro crit\u00e9rio, dependendo de como o servidor est\u00e1 configurado.<\/p>\n<p>Para resumir, embora o 418 tenha come\u00e7ado como uma piada e n\u00e3o deva ser usado em comunica\u00e7\u00f5es HTTP regulares, ele conquistou um lugar na cultura da Internet como uma pe\u00e7a humor\u00edstica de conhecimento entre desenvolvedores web.<\/p>\n<h2 id=\"par2\">Problemas Comuns e Como Corrigir um Erro de Status 418<\/h2>\n<p>Embora o c\u00f3digo de status HTTP 418, tamb\u00e9m conhecido como &#8220;Sou um bule de ch\u00e1&#8221;, tenha sido originalmente criado como uma piada, seu aparecimento inesperado \u00e0s vezes pode indicar comportamento incomum do servidor ou outros cen\u00e1rios n\u00e3o convencionais. Embora esse c\u00f3digo de status normalmente n\u00e3o represente um problema real, entender os poss\u00edveis motivos por tr\u00e1s de sua ocorr\u00eancia pode ajudar a identificar e resolver problemas subjacentes.<\/p>\n<p>Abaixo est\u00e3o alguns cen\u00e1rios comuns em que voc\u00ea pode encontrar um 418 e sugest\u00f5es para solucion\u00e1-los.<\/p>\n<h3>Comportamento Inesperado do Servidor<\/h3>\n<p>Encontrar um 418 pode indicar que o servidor est\u00e1 se comportando de forma inesperada, possivelmente devido a uma configura\u00e7\u00e3o incomum.<\/p>\n<div class=\"highlight-block\">Se voc\u00ea \u00e9 o administrador do servidor, verifique as configura\u00e7\u00f5es do servidor e os scripts que podem estar acionando essa resposta incomum. Tamb\u00e9m \u00e9 poss\u00edvel que um desenvolvedor com senso de humor tenha intencionalmente configurado o servidor para retornar esse c\u00f3digo. Revise os logs do servidor e o c\u00f3digo para entender por que o 418 est\u00e1 sendo usado.<\/div>\n<h3>Bibliotecas ou Middleware de Terceiros<\/h3>\n<p>Algumas bibliotecas ou middleware podem usar o c\u00f3digo de status 418 para casos espec\u00edficos, como bloqueio de rastreadores da web ou como uma resposta \u00fanica para determinadas condi\u00e7\u00f5es.<\/p>\n<div class=\"highlight-block\">Revise a documenta\u00e7\u00e3o e o c\u00f3digo de qualquer biblioteca ou middleware de terceiros usados pela sua aplica\u00e7\u00e3o. Se forem respons\u00e1veis por retornar o c\u00f3digo de status 418, considere se esse comportamento \u00e9 desejado ou se \u00e9 necess\u00e1rio modificar o uso da biblioteca ou escolher outra ferramenta.<\/div>\n<h3>Problemas de Comunica\u00e7\u00e3o com API<\/h3>\n<p>Se voc\u00ea estiver interagindo com uma API que retorna o c\u00f3digo de status 418, isso pode indicar algum tipo de m\u00e1 comunica\u00e7\u00e3o ou uso incorreto da API.<\/p>\n<div class=\"highlight-block\">Verifique a documenta\u00e7\u00e3o da API e certifique-se de que voc\u00ea est\u00e1 formulando corretamente suas solicita\u00e7\u00f5es. A API pode estar usando o c\u00f3digo de status 418 para sinalizar certos tipos de solicita\u00e7\u00f5es incorretas.<\/div>\n<h3>Problemas no Navegador<\/h3>\n<p>Embora menos prov\u00e1vel, problemas no navegador podem causar a exibi\u00e7\u00e3o inesperada do status 418.<\/p>\n<div class=\"highlight-block\">Tente limpar o cache e os cookies do navegador. Teste o site ou aplicativo em diferentes navegadores para ver se o problema persiste.<\/div>\n<p style=\"margin-top: 3%;\">Lembre-se, o c\u00f3digo de status 418 \u00e9 uma piada e normalmente \u00e9 usado de maneiras n\u00e3o padronizadas. Seu aparecimento costuma ser um sinal do senso de humor de um desenvolvedor ou operador de servidor, e n\u00e3o um problema que precisa de solu\u00e7\u00e3o.<\/p>\n<h2 id=\"par3\">Detecte Problemas com o C\u00f3digo de Status 418 com o Verificador de C\u00f3digos de Status HTTP<\/h2>\n<div class=\"content__img-wrap\"><img src=\"https:\/\/sitechecker.pro\/wp-content\/uploads\/2023\/06\/http-status-code-checker.png\" alt=\"Http Status Code Checker\" class=\"description-img description-img-zoom\" loading=\"lazy\" ><\/div>\n<p><a href=\"https:\/\/sitechecker.pro\/http-status-codes\/\" target=\"_blank\" rel=\"noopener noreferrer\">Verificador de C\u00f3digos de Status HTTP<\/a> oferece uma ampla gama de servi\u00e7os de auditoria e an\u00e1lise de SEO de sites, incluindo a capacidade de identificar c\u00f3digos de status HTTP. Com suas poderosas capacidades de rastreamento, o Sitechecker.pro pode escanear seu site e identificar os c\u00f3digos de status retornados por cada p\u00e1gina.<\/p>\n<p>Ao aproveitar os dados do Sitechecker.pro, webmasters e especialistas em SEO podem obter uma vis\u00e3o detalhada da sa\u00fade do seu site do ponto de vista do SEO. Isso inclui entender as respostas do servidor, o que \u00e9 crucial para garantir acessibilidade e desempenho ideais do site. Qualquer p\u00e1gina que retorne um c\u00f3digo de status 418 pode ser analisada para entender o motivo e resolver poss\u00edveis problemas.<\/p>\n<p>Al\u00e9m disso, o Sitechecker.pro n\u00e3o se limita a identificar o problema. Ele tamb\u00e9m oferece solu\u00e7\u00f5es e recomenda\u00e7\u00f5es sobre como corrigir problemas detectados, incluindo o uso inadequado de c\u00f3digos de status HTTP. Ao aproveitar esses recursos, voc\u00ea pode garantir que seu site esteja seguindo as melhores pr\u00e1ticas de SEO e oferecendo a melhor experi\u00eancia poss\u00edvel para usu\u00e1rios e mecanismos de busca.<\/p>\n<h2 id=\"par4\">Conclus\u00e3o<\/h2>\n<p>O c\u00f3digo de status HTTP 418, &#8220;Sou um bule de ch\u00e1&#8221;, \u00e9 em grande parte uma piada entre desenvolvedores web, mas seu aparecimento inesperado pode sinalizar uma situa\u00e7\u00e3o n\u00e3o convencional que merece aten\u00e7\u00e3o. Embora geralmente inofensivo, sua detec\u00e7\u00e3o pode levar os desenvolvedores a revisar seu c\u00f3digo, configura\u00e7\u00f5es e intera\u00e7\u00f5es com APIs.<\/p>\n<p>Ferramentas como o Sitechecker.pro podem ser extremamente \u00fateis nesses casos, detectando o c\u00f3digo de status 418, diagnosticando suas origens e at\u00e9 oferecendo solu\u00e7\u00f5es para poss\u00edveis problemas. Apesar de sua natureza peculiar, o c\u00f3digo 418 destaca a import\u00e2ncia de entender as respostas do servidor, aplicar boas pr\u00e1ticas e usar as ferramentas certas para manter o desempenho ideal do site.<\/p>\n<div id=\"par5\"><\/div>\n<p><div class=\"front__faq-block\"><div class=\"faq__block-title\">FAQ<\/div><div class=\"panel-group\" id=\"faq-accordion\" itemscope itemtype=\"https:\/\/schema.org\/FAQPage\" role=\"tablist\" aria-multiselectable=\"true\"><div class=\"panel\" itemscope itemtype=\"https:\/\/schema.org\/Question\" itemprop=\"mainEntity\">\n                            <div class=\"panel-heading\" id=\"headingFaq-1\">\n                                <div class=\"panel-title\" data-toggle=\"collapse\" aria-expanded=\"false\" href=\"#collapseFaq-1\">\n                                    <h3 itemprop=\"name\">O que significa se voc\u00ea recebeu o c\u00f3digo de status HTTP 418 do servidor?<\/h3>\n                                <\/div>\n                            <\/div>\n                            <div id=\"collapseFaq-1\" class=\"panel-collapse collapse\" itemprop=\"acceptedAnswer\" itemscope itemtype=\"http:\/\/schema.org\/Answer\">\n                                <div class=\"panel-body\" itemprop=\"text\">Significa que o servidor est\u00e1 retornando uma resposta humor\u00edstica ou n\u00e3o padronizada, geralmente devido a uma configura\u00e7\u00e3o espec\u00edfica do servidor ou escolha do desenvolvedor. O 418, \"Sou um bule de ch\u00e1\", normalmente n\u00e3o indica um problema real.<\/div>\n                            <\/div>\n                        <\/div><div class=\"panel\" itemscope itemtype=\"https:\/\/schema.org\/Question\" itemprop=\"mainEntity\">\n                            <div class=\"panel-heading\" id=\"headingFaq-2\">\n                                <div class=\"panel-title\" data-toggle=\"collapse\" aria-expanded=\"false\" href=\"#collapseFaq-2\">\n                                    <h3 itemprop=\"name\">Como verificar um c\u00f3digo de status HTTP 418?<\/h3>\n                                <\/div>\n                            <\/div>\n                            <div id=\"collapseFaq-2\" class=\"panel-collapse collapse\" itemprop=\"acceptedAnswer\" itemscope itemtype=\"http:\/\/schema.org\/Answer\">\n                                <div class=\"panel-body\" itemprop=\"text\">Voc\u00ea pode usar ferramentas como o <a href=\"https:\/\/sitechecker.pro\/http-status-codes\/\" target=\"_blank\" rel=\"noopener noreferrer\">Verificador de C\u00f3digos de Status HTTP<\/a> para escanear seu site em busca de c\u00f3digos de status, incluindo o c\u00f3digo 418. Alternativamente, ferramentas de desenvolvedor do navegador, verificadores de status HTTP online ou ferramentas de linha de comando como curl ou httpie podem ser usadas para verifica\u00e7\u00f5es manuais. Note, no entanto, que o 418 \u00e9 frequentemente usado de forma humor\u00edstica e pode n\u00e3o aparecer com frequ\u00eancia em opera\u00e7\u00f5es regulares.<\/div>\n                            <\/div>\n                        <\/div><div class=\"panel\" itemscope itemtype=\"https:\/\/schema.org\/Question\" itemprop=\"mainEntity\">\n                            <div class=\"panel-heading\" id=\"headingFaq-3\">\n                                <div class=\"panel-title\" data-toggle=\"collapse\" aria-expanded=\"false\" href=\"#collapseFaq-3\">\n                                    <h3 itemprop=\"name\">O que significa a mensagem \"request failed with status code 418\"?<\/h3>\n                                <\/div>\n                            <\/div>\n                            <div id=\"collapseFaq-3\" class=\"panel-collapse collapse\" itemprop=\"acceptedAnswer\" itemscope itemtype=\"http:\/\/schema.org\/Answer\">\n                                <div class=\"panel-body\" itemprop=\"text\">Essa mensagem indica que o servidor respondeu \u00e0 sua solicita\u00e7\u00e3o com o c\u00f3digo de status 418. Esse status geralmente indica um comportamento humor\u00edstico ou incomum do servidor, em vez de um erro real.<\/div>\n                            <\/div>\n                        <\/div><div class=\"panel\" itemscope itemtype=\"https:\/\/schema.org\/Question\" itemprop=\"mainEntity\">\n                            <div class=\"panel-heading\" id=\"headingFaq-4\">\n                                <div class=\"panel-title\" data-toggle=\"collapse\" aria-expanded=\"false\" href=\"#collapseFaq-4\">\n                                    <h3 itemprop=\"name\">O que significa um c\u00f3digo de status JSP 418?<\/h3>\n                                <\/div>\n                            <\/div>\n                            <div id=\"collapseFaq-4\" class=\"panel-collapse collapse\" itemprop=\"acceptedAnswer\" itemscope itemtype=\"http:\/\/schema.org\/Answer\">\n                                <div class=\"panel-body\" itemprop=\"text\">No contexto de JavaServer Pages (JSP), um c\u00f3digo de status 418 geralmente significa que o c\u00f3digo Java no lado do servidor est\u00e1 configurado para retornar essa resposta n\u00e3o padronizada para certas solicita\u00e7\u00f5es.<\/div>\n                            <\/div>\n                        <\/div><div class=\"panel\" itemscope itemtype=\"https:\/\/schema.org\/Question\" itemprop=\"mainEntity\">\n                            <div class=\"panel-heading\" id=\"headingFaq-5\">\n                                <div class=\"panel-title\" data-toggle=\"collapse\" aria-expanded=\"false\" href=\"#collapseFaq-5\">\n                                    <h3 itemprop=\"name\">O que significa um c\u00f3digo de status 418 no Google?<\/h3>\n                                <\/div>\n                            <\/div>\n                            <div id=\"collapseFaq-5\" class=\"panel-collapse collapse\" itemprop=\"acceptedAnswer\" itemscope itemtype=\"http:\/\/schema.org\/Answer\">\n                                <div class=\"panel-body\" itemprop=\"text\">Se os servi\u00e7os do Google retornarem um status 418, provavelmente \u00e9 devido a uma situa\u00e7\u00e3o incomum ou uma implementa\u00e7\u00e3o divertida feita por um desenvolvedor. O c\u00f3digo de status 418 normalmente n\u00e3o \u00e9 usado em comunica\u00e7\u00f5es HTTP padr\u00e3o.<\/div>\n                            <\/div>\n                        <\/div><\/div><\/div><\/p>","protected":false},"excerpt":{"rendered":"O c\u00f3digo de status HTTP 418, tamb\u00e9m conhecido como &#8220;Sou um bule de ch\u00e1&#8221;, \u00e9 um status da Internet que faz parte do padr\u00e3o HTTP\/1.1. Ele foi originalmente definido como uma piada do Dia da Mentira em 1998 como parte do Hyper Text Coffee Pot Control Protocol (HTCPCP), uma extens\u00e3o sat\u00edrica do HTTP criada para&#8230;","protected":false},"author":10409641,"featured_media":24916,"parent":0,"menu_order":0,"comment_status":"closed","ping_status":"closed","template":"pages-templates\/pages-v2.php","meta":[],"categories":[27],"tags":[],"_links":{"self":[{"href":"https:\/\/sitechecker.pro\/pt\/wp-json\/wp\/v2\/pages\/24914"}],"collection":[{"href":"https:\/\/sitechecker.pro\/pt\/wp-json\/wp\/v2\/pages"}],"about":[{"href":"https:\/\/sitechecker.pro\/pt\/wp-json\/wp\/v2\/types\/page"}],"author":[{"embeddable":true,"href":"https:\/\/sitechecker.pro\/pt\/wp-json\/wp\/v2\/users\/10409641"}],"replies":[{"embeddable":true,"href":"https:\/\/sitechecker.pro\/pt\/wp-json\/wp\/v2\/comments?post=24914"}],"version-history":[{"count":10,"href":"https:\/\/sitechecker.pro\/pt\/wp-json\/wp\/v2\/pages\/24914\/revisions"}],"predecessor-version":[{"id":37723,"href":"https:\/\/sitechecker.pro\/pt\/wp-json\/wp\/v2\/pages\/24914\/revisions\/37723"}],"wp:featuredmedia":[{"embeddable":true,"href":"https:\/\/sitechecker.pro\/pt\/wp-json\/wp\/v2\/media\/24916"}],"wp:attachment":[{"href":"https:\/\/sitechecker.pro\/pt\/wp-json\/wp\/v2\/media?parent=24914"}],"wp:term":[{"taxonomy":"category","embeddable":true,"href":"https:\/\/sitechecker.pro\/pt\/wp-json\/wp\/v2\/categories?post=24914"},{"taxonomy":"post_tag","embeddable":true,"href":"https:\/\/sitechecker.pro\/pt\/wp-json\/wp\/v2\/tags?post=24914"}],"curies":[{"name":"wp","href":"https:\/\/api.w.org\/{rel}","templated":true}]}}