{"id":2487,"date":"2023-05-04T14:21:04","date_gmt":"2023-05-04T14:21:04","guid":{"rendered":"https:\/\/sitechecker.pro\/?page_id=2487"},"modified":"2024-11-26T19:24:24","modified_gmt":"2024-11-26T19:24:24","slug":"nofollow-links","status":"publish","type":"page","link":"https:\/\/sitechecker.pro\/pt\/nofollow-links\/","title":{"rendered":"Follow Links vs NoFollow Links: Voc\u00ea Precisa Prestar Aten\u00e7\u00e3o a Isso?"},"content":{"rendered":"<p><\/p>\n<h2>O que \u00e9 um Follow Link?<\/h2>\n<p>&nbsp;<\/p>\n<p>Para realmente entender essa novidades com o t\u00f3pico follow versus nofollow links, temos que oferecer mais informa\u00e7\u00f5es b\u00e1sicas sobre como a maioria das conex\u00f5es funciona no dom\u00ednio do SEO. Pense em um link como ponto, e quanto mais conex\u00f5es voc\u00ea tiver, mais pontos existir\u00e3o.<\/p>\n<p>O Google observa esses pontos, prestando aten\u00e7\u00e3o ao n\u00famero de backlinks que uma p\u00e1gina possui e de quais s\u00e3o os destinos exatos. O Google descobre que, se muitas pessoas est\u00e3o se conectando a uma p\u00e1gina espec\u00edfica, ela deve ser \u00f3tima! Se dermos uma refer\u00eancia em nossas ferramentas de busca na web \u00e0quela p\u00e1gina em detrimento de outras com tema compar\u00e1vel, podemos, sem d\u00favida, transmitir p\u00e1ginas absolutamente perfeitas e confi\u00e1veis aos nossos clientes de busca na web.<\/p>\n<p>Google produziu uma m\u00e9trica chamada PageRank para descobrir os focos de link. V\u00e1rias pessoas de SEO aludem a vincula\u00e7\u00e3o de focos como \u201clink juice\u201d (suco de link). Isso se move atrav\u00e9s de sites de destino e em alguns novos locais por meio de hiperlinks. Quanto mais confi\u00e1vel for o site, maior ser\u00e1 o aumento do link juice que os sites conectados receber\u00e3o. Ter uma conex\u00e3o do New York Times, por exemplo, ou com a BBC \u00e9 maravilhoso!<\/p>\n<p>Por enquanto, podemos caracterizar um follow link &#8211; Esses s\u00e3o links que s\u00e3o considerados pontos, empurrando o juice da interface de SEO e o aumento da classifica\u00e7\u00e3o de sites vinculados, ajudando-os a subir mais nas <a href=\"https:\/\/sitechecker.pro\/pt\/serp\/\">SERPs<\/a>.<\/p>\n<p>&nbsp;<\/p>\n<h2>O que \u00e9 um Misterioso NoFollow Link?<\/h2>\n<p>&nbsp;<\/p>\n<p>Nofollow link \u00e9 uma conex\u00e3o que n\u00e3o inclui um ponto no suporte da p\u00e1gina, n\u00e3o suporta o PageRank e definitivamente n\u00e3o ajuda na posi\u00e7\u00e3o de uma p\u00e1gina na SERPs.<\/p>\n<p>Sem links a vida, de alguma forma, \u00e9 tr\u00e1gica e solit\u00e1ria.<\/p>\n<p>Uma conex\u00e3o nofollow \u00e9 feita com a Tag HTML nofollow, muito parecida com essa:<\/p>\n<div class=\"code\"><code>&lt;a href=\"http:\/\/www.website.com\/\" rel=\"nofollow\"&gt;Link Text&lt;\/a&gt;<br \/>\n<\/code><\/div>\n<p>A tag nofollow \u00e9 fundamentalmente um sinal de aviso para as ferramentas de pesquisa da web dizendo \u201cn\u00e3o verificar isso\u201c. Isso n\u00e3o \u00e9 simplesmente horr\u00edvel? Por que raz\u00e3o algu\u00e9m faria uma coisa dessas? Existe um prop\u00f3sito por tr\u00e1s do atributo \u201cnofollow\u201c e \u00e9 explic\u00e1vel!<\/p>\n<p>&nbsp;<\/p>\n<h2>Uma Suposi\u00e7\u00e3o de que o Mundo sem NoFollow \u00e9 na Verdade um Spamalot<\/h2>\n<p>&nbsp;<\/p>\n<p>Como examinamos anteriormente, um tipo comum de conex\u00f5es \u00e9 utilizado pelo Google para quantificar o <a href=\"https:\/\/sitechecker.pro\/pt\/page-rank\/\">PageRank<\/a>. Mais links implicam em mais link juice, o que traz p\u00e1ginas de sites com posicionamentos mais altos. Em seu estado inalterado, o PageRank existe para perceber quais p\u00e1ginas s\u00e3o as mais conhecidas (e, nesse sentido, provavelmente as p\u00e1ginas de maior qualidade) e transmitir as melhores p\u00e1ginas para quem est\u00e1 pesquisando.<\/p>\n<p>Todas as coisas s\u00e3o consideradas, o nosso mundo \u00e9 falho e, como voc\u00ea deve ter ouvido, alguns autodeclarados especialistas em SEO planejam interceptar os \u00edndices da web e explodir seus rankings usando t\u00e9cnicas negativas, n\u00e3o confi\u00e1veis e anti\u00e9ticas, e antes da introdu\u00e7\u00e3o de refer\u00eancia nofollow, terceiros utilizavam um m\u00e9todo simples para apoiar falsos rankings das p\u00e1ginas.<\/p>\n<p>Quando o PageRank foi encontrado pelo black hat SEO tudo ficou complicado!<\/p>\n<p>De repente, tudo era sobre as conex\u00f5es de SEO. Mas conex\u00f5es de entrada implicavam em melhor PageRank e SEOs resolveram obter o mesmo n\u00famero de conex\u00f5es poss\u00edveis, independentemente de implicar em spam para todos na web. As observa\u00e7\u00f5es dos blogs eram uma piada, carregadas de lixo e de conex\u00f5es confusas.<\/p>\n<p>A Wikip\u00e9dia tamb\u00e9m ficou ca\u00f3tica, pois os indiv\u00edduos se esfor\u00e7avam para incluir seus pr\u00f3prios sites como refer\u00eancias em v\u00e1rias p\u00e1ginas da Wikip\u00e9dia, tudo em prol do cobi\u00e7ado link juice.<\/p>\n<p>O grupo dos blogs estava estressado &#8211; esses spammers estavam arruinando qualquer possibilidade de encorajar um discurso genu\u00edno e cred\u00edvel em peri\u00f3dicos online. Em 2005, o Google, e a chamada pol\u00edcia da web, se aventurou e Matt Cutts e Jason Shellen, do Google apresentaram o atributo \u201cnofollow\u201d.<\/p>\n<p>&nbsp;<\/p>\n<h2>NoFollow Pode se Tornar uma Tag Interessante e Necess\u00e1ria para Internet<\/h2>\n<p>&nbsp;<\/p>\n<p>A Necessidade do r\u00f3tulo nofollow apresenta uma atitude tendenciosa e com spams normalmente, conectada ao SEO, mas n\u00e3o h\u00e1 como negar que n\u00e3o conseguimos passar sem isso. A tag de conex\u00e3o no juice fez uma medida consider\u00e1vel de coisas \u00fateis para o mundo on-line &#8211; a maioria dos spammers de SEO n\u00e3o tentar\u00e1 apresentar links sem import\u00e2ncia em sites ou em postagens de discuss\u00e3o caso ele saiba que n\u00e3o ter\u00e1 uma oportunidade de publicar a conex\u00e3o.<\/p>\n<p>O WordPress, consequentemente, atribui o link \u201cnofollow\u201c a todas as conex\u00f5es enviadas pelo usu\u00e1rio, e a Wikip\u00e9dia faz o mesmo para sua \u00e1rea de refer\u00eancia.<\/p>\n<p>Embora o spam de coment\u00e1rios no blog ainda aconte\u00e7a, o nofollow n\u00e3o o abala. Conex\u00f5es nofollow podem ser usadas em:<\/p>\n<ul>\n<li>Conex\u00f5es pagas (n\u00e3o seria razo\u00e1vel comprar link juice)<\/li>\n<li>Observa\u00e7\u00f5es<\/li>\n<li>F\u00f3runs de discuss\u00e3o<\/li>\n<li>Qualquer coisa que o Google chame de \u201cconte\u00fado n\u00e3o confi\u00e1vel\u201c.<\/li>\n<\/ul>\n<p>Alguns webmasters podem realmente desabilitar o atributo b\u00e1sico nofollow como recompensa para analistas de blog que est\u00e3o adicionando ao grupo de blogs ou a discuss\u00f5es on-line, mas isso depende de cada indiv\u00edduo.<\/p>\n<p>&nbsp;<\/p>\n<h2>Devo Apenas Ignorar o Hype dos Links NoFollow?<\/h2>\n<p>&nbsp;<\/p>\n<p>De forma alguma! Porque eles n\u00e3o d\u00e3o valor de links SEO, n\u00e3o significa que essas conex\u00f5es sejam in\u00fateis. Al\u00e9m disso, eles ainda d\u00e3o uma atividade de refer\u00eancia significativa.<\/p>\n<p>Um simples coment\u00e1rio do blog um post de m\u00eddia social com ou sem um link nofollow pode enviar uma medida gigantesca de atividades para o seu site, que nesse momento pode canalizar leads e convers\u00f5es!<\/p>\n<p>Al\u00e9m disso, os <a href=\"https:\/\/sitechecker.pro\/pt\/search-engines\/\">mecanismos de busca<\/a> hoje est\u00e3o dando uma olhada em muitas vari\u00e1veis fora o link juice e o PageRank. M\u00eddia sociais como Twitter e Facebook s\u00e3o progressivamente lucrativos, independentemente de n\u00e3o serem seguidos. A chave \u00e9 fabricar sua imagem. N\u00e3o pense em quais links s\u00e3o \u00fateis para o SEO, mas pense em quais links s\u00e3o \u00fateis para sua empresa, sua marca e quais conex\u00f5es podem ajudar a configurar voc\u00ea como uma autoridade do setor. Tenha em mente que as conex\u00f5es criam confian\u00e7a.<\/p>\n<p>Al\u00e9m disso, vale a pena apertar os links da Wikip\u00e9dia \u00e0s vezes. A Wikip\u00e9dia \u00e9 excepcionalmente meticulosa sobre suas refer\u00eancias, portanto voc\u00ea precisar\u00e1 fornecer dados extremamente especiais e extraordin\u00e1rios, e no caso de conseguir uma conex\u00e3o, ela poder\u00e1 obter alguns resultados realmente interessantes &#8211; incluindo outras conex\u00f5es que sigam o mesmo. Os links da Wikip\u00e9dia, apesar de n\u00e3o serem seguidos, podem at\u00e9 mesmo impulsionar o movimento e ganhar conex\u00f5es platinum.<\/p>\n<h2>Instru\u00e7\u00f5es para Ver quais Links s\u00e3o NoFollow<\/h2>\n<p>&nbsp;<\/p>\n<p>Para os g\u00eanios de SEO que precisam manter-se cautelosos e simplesmente estrear os links a seguir, existem in\u00fameras extens\u00f5es acess\u00edveis para download nos dois navegadores que naturalmente apresentam os dois tipos de conex\u00f5es nas p\u00e1ginas que voc\u00ea visita.<\/p>\n<p>Para Firefox s\u00e3o:<\/p>\n<ul>\n<li>Quake SEO<\/li>\n<li>Nodofollow<\/li>\n<li>SearchStatus<\/li>\n<\/ul>\n<p>Para o Chrome:<\/p>\n<ul>\n<li>NoFollow Simple<\/li>\n<\/ul>\n<h2>Instru\u00e7\u00f5es Para Obter Follow Links<\/h2>\n<p>&nbsp;<\/p>\n<p>J\u00e1 discutimos por que os links s\u00e3o imperativos, prestando pouca aten\u00e7\u00e3o ao status de nofollow\/follow, e voc\u00ea ainda pode precisar de algumas informa\u00e7\u00f5es.<\/p>\n<p>A abordagem ideal para obter conex\u00f5es de follow links de uma maneira genu\u00edna e decente: criar conte\u00fado exclusivo e muito bom que seja compartilhado e conectado normalmente. Diferentes metodologias s\u00e3o incorporadas em blogs, particularmente em p\u00e1ginas da web significativas e semelhantes \u00e0 sua com o objetivo de conseguir uma circula\u00e7\u00e3o de refer\u00eancia, n\u00e3o obstante obter suporte de SEO.\u00a0Al\u00e9m disso, voc\u00ea pode experimentar o nosso <a href=\"https:\/\/sitechecker.pro\/pt\/backlinks-generator\/\">gerador de links<\/a> gratuito e criar backlinks de qualidade para o seu site.<\/p>\n<p>&nbsp;<\/p>\n<h2>Follow ou NoFollow: Um Link com Perfil Equilibrado \u00e9 o Melhor<\/h2>\n<p>&nbsp;<\/p>\n<p>Tenha em mente, finalmente, que voc\u00ea precisa de um bom ajuste para links follow e backlinks nofollow para um perfil ideal. Os primeiros podem ajudar o SEO, mas ambos podem suscitar suas estrat\u00e9gias marketing na web.<\/p>","protected":false},"excerpt":{"rendered":"O que \u00e9 um Follow Link? &nbsp; Para realmente entender essa novidades com o t\u00f3pico follow versus nofollow links, temos que oferecer mais informa\u00e7\u00f5es b\u00e1sicas sobre como a maioria das conex\u00f5es funciona no dom\u00ednio do SEO. Pense em um link como ponto, e quanto mais conex\u00f5es voc\u00ea tiver, mais pontos existir\u00e3o. O Google observa esses&#8230;","protected":false},"author":10718706,"featured_media":3434,"parent":0,"menu_order":0,"comment_status":"closed","ping_status":"closed","template":"pages-templates\/pages-v2.php","meta":[],"categories":[27],"tags":[],"_links":{"self":[{"href":"https:\/\/sitechecker.pro\/pt\/wp-json\/wp\/v2\/pages\/2487"}],"collection":[{"href":"https:\/\/sitechecker.pro\/pt\/wp-json\/wp\/v2\/pages"}],"about":[{"href":"https:\/\/sitechecker.pro\/pt\/wp-json\/wp\/v2\/types\/page"}],"author":[{"embeddable":true,"href":"https:\/\/sitechecker.pro\/pt\/wp-json\/wp\/v2\/users\/10718706"}],"replies":[{"embeddable":true,"href":"https:\/\/sitechecker.pro\/pt\/wp-json\/wp\/v2\/comments?post=2487"}],"version-history":[{"count":59,"href":"https:\/\/sitechecker.pro\/pt\/wp-json\/wp\/v2\/pages\/2487\/revisions"}],"predecessor-version":[{"id":34313,"href":"https:\/\/sitechecker.pro\/pt\/wp-json\/wp\/v2\/pages\/2487\/revisions\/34313"}],"wp:featuredmedia":[{"embeddable":true,"href":"https:\/\/sitechecker.pro\/pt\/wp-json\/wp\/v2\/media\/3434"}],"wp:attachment":[{"href":"https:\/\/sitechecker.pro\/pt\/wp-json\/wp\/v2\/media?parent=2487"}],"wp:term":[{"taxonomy":"category","embeddable":true,"href":"https:\/\/sitechecker.pro\/pt\/wp-json\/wp\/v2\/categories?post=2487"},{"taxonomy":"post_tag","embeddable":true,"href":"https:\/\/sitechecker.pro\/pt\/wp-json\/wp\/v2\/tags?post=2487"}],"curies":[{"name":"wp","href":"https:\/\/api.w.org\/{rel}","templated":true}]}}