{"id":24853,"date":"2023-07-05T15:14:11","date_gmt":"2023-07-05T15:14:11","guid":{"rendered":"https:\/\/sitechecker.pro\/?page_id=24853"},"modified":"2025-04-07T12:46:39","modified_gmt":"2025-04-07T12:46:39","slug":"415-status-code-unsupported-media-type-%f0%9f%93%96-fix","status":"publish","type":"page","link":"https:\/\/sitechecker.pro\/pt\/what-is-415-status-code\/","title":{"rendered":"O que \u00e9 o c\u00f3digo de status 415 &#8220;Tipo de m\u00eddia n\u00e3o suportado&#8221; \ud83d\udcd6 Como corrigi-lo"},"content":{"rendered":"<p><\/p>\n<div id=\"par1\"><\/div>\n<p>C\u00f3digo de Status HTTP 415, tamb\u00e9m conhecido como &#8220;Tipo de M\u00eddia N\u00e3o Suportado&#8221;, \u00e9 um c\u00f3digo de resposta de erro do cliente que indica que o servidor est\u00e1 se recusando a atender \u00e0 solicita\u00e7\u00e3o porque o payload (os dados enviados no corpo da solicita\u00e7\u00e3o) est\u00e1 em um formato que n\u00e3o \u00e9 suportado.<\/p>\n<p>Isso pode ocorrer quando o cliente envia uma solicita\u00e7\u00e3o ao servidor com um cabe\u00e7alho &#8216;Content-Type&#8217; que o servidor n\u00e3o suporta, ou os dados do payload n\u00e3o est\u00e3o no formato declarado por esse cabe\u00e7alho &#8216;Content-Type&#8217;. O cabe\u00e7alho &#8216;Content-Type&#8217; \u00e9 usado para especificar o tipo de m\u00eddia do recurso ou dos dados enviados.<\/p>\n<p>Por exemplo, suponha que um cliente tente fazer um POST de dados para um servidor em formato JSON, mas o servidor est\u00e1 configurado apenas para aceitar XML. Nesse caso, o servidor retornaria um c\u00f3digo de status 415 porque o tipo de m\u00eddia do payload (JSON) n\u00e3o \u00e9 suportado pelo servidor (que espera XML).<\/p>\n<p>\u00c9 importante observar que o c\u00f3digo de status 415 \u00e9 frequentemente espec\u00edfico do recurso acessado. Portanto, \u00e9 poss\u00edvel que um servidor retorne um erro 415 ao tentar fazer POST para um recurso, mas n\u00e3o para outro, se o outro recurso suportar o tipo de m\u00eddia enviado pelo cliente.<\/p>\n<p>O c\u00f3digo de status 415 faz parte do <a href=\"https:\/\/www.rfc-editor.org\/rfc\/rfc7231\" target=\"_blank\" rel=\"nofollow noopener noreferrer\">padr\u00e3o HTTP\/1.1<\/a>, e a rea\u00e7\u00e3o apropriada ao receber esse c\u00f3digo geralmente \u00e9 corrigir o cabe\u00e7alho &#8216;Content-Type&#8217; ou alterar o payload para um formato que o servidor possa entender.<\/p>\n<h2 id=\"par2\">Impacto do C\u00f3digo de Status 415 (Tipo de M\u00eddia N\u00e3o Suportado) no SEO<\/h2>\n<p>Embora os c\u00f3digos de status HTTP 415 (Tipo de M\u00eddia N\u00e3o Suportado) n\u00e3o impactem diretamente o SEO, eles podem afetar indiretamente o desempenho de SEO do seu site por meio da experi\u00eancia do usu\u00e1rio e desempenho t\u00e9cnico.<\/p>\n<table class=\"table-classic\">\n<tbody>\n<tr>\n<td><strong>Experi\u00eancia do Usu\u00e1rio (UX)<\/strong><\/td>\n<td style=\"text-align: left;\">Um dos fatores cr\u00edticos no SEO \u00e9 proporcionar uma boa experi\u00eancia ao usu\u00e1rio. Quando um usu\u00e1rio encontra um erro 415 em seu site, isso gera uma experi\u00eancia ruim, levando \u00e0 insatisfa\u00e7\u00e3o.<br \/>\n      \u00c9 prov\u00e1vel que o usu\u00e1rio abandone seu site (bounce) ao encontrar esse erro, aumentando a taxa de rejei\u00e7\u00e3o. Altas taxas de rejei\u00e7\u00e3o podem sinalizar aos mecanismos de busca que seu site pode n\u00e3o fornecer conte\u00fado valioso ou uma boa experi\u00eancia ao usu\u00e1rio, o que pode impactar negativamente seus rankings.<\/td>\n<\/tr>\n<tr>\n<td><strong>Perda de Link Equity<\/strong><\/td>\n<td style=\"text-align: left;\">Se outros sites estiverem vinculando a uma p\u00e1gina do seu site que retorna um erro 415, isso pode levar \u00e0 perda de <a href=\"https:\/\/sitechecker.pro\/what-is-link-equity\/\" target=\"_blank\" rel=\"noopener noreferrer\">link equity<\/a>. <a href=\"https:\/\/sitechecker.pro\/what-are-inbound-links\/\" target=\"_blank\" rel=\"noopener noreferrer\">Links de entrada<\/a> (tamb\u00e9m conhecidos como backlinks) s\u00e3o um fator importante em como os mecanismos de busca classificam seu site.<br \/>\n      Quando uma p\u00e1gina com backlinks retorna um erro, o link equity (o valor de SEO de um hiperlink) que poderia ser transmitido ao seu site \u00e9 perdido, afetando potencialmente a autoridade e os rankings do seu site.<\/td>\n<\/tr>\n<tr>\n<td><strong>Erros de Rastreamento<\/strong><\/td>\n<td style=\"text-align: left;\">Mecanismos de busca como <a href=\"https:\/\/sitechecker.pro\/googlebot-simulator\/\"  data-wpil-monitor-id=\"200\">o Google usam bots<\/a> (tamb\u00e9m chamados de spiders ou crawlers) para indexar a web. Se esses bots encontrarem um erro 415 ao tentar rastrear seu site, eles n\u00e3o poder\u00e3o indexar o conte\u00fado dessa p\u00e1gina.<br \/>\n      P\u00e1ginas n\u00e3o indexadas n\u00e3o aparecer\u00e3o nos resultados de pesquisa, reduzindo a visibilidade.<\/td>\n<\/tr>\n<tr>\n<td><strong>Qualidade do Site<\/strong><\/td>\n<td style=\"text-align: left;\">Um n\u00famero elevado de erros HTTP, incluindo c\u00f3digos de status 415, pode sinalizar um site de baixa qualidade aos mecanismos de busca.<br \/>\n      Essa percep\u00e7\u00e3o pode prejudicar seu SEO geral, pois os mecanismos podem considerar seu site menos confi\u00e1vel ou amig\u00e1vel, afetando seus rankings.<\/td>\n<\/tr>\n<\/tbody>\n<\/table>\n<p>Embora esses fatores n\u00e3o estejam diretamente ligados ao c\u00f3digo 415 em si, s\u00e3o consequ\u00eancias potenciais de ter p\u00e1ginas que retornam esse erro em seu site. Portanto, \u00e9 essencial identificar e corrigir esses problemas prontamente para evitar poss\u00edveis implica\u00e7\u00f5es de SEO.<\/p>\n<h2 id=\"par3\">Problemas Comuns que Podem Levar ao Status 415<\/h2>\n<p>Lidar com erros de status HTTP, como o erro 415 &#8216;Tipo de M\u00eddia N\u00e3o Suportado&#8217;, faz parte da gest\u00e3o de sites e SEO. Esse erro aponta para uma incompatibilidade no formato dos dados durante a comunica\u00e7\u00e3o cliente-servidor. Erros e suas solu\u00e7\u00f5es podem incluir:<\/p>\n<h3>Headers Content-Type Incorretos<\/h3>\n<p>O servidor pode retornar um c\u00f3digo 415 se o cabe\u00e7alho &#8216;Content-Type&#8217; da solicita\u00e7\u00e3o n\u00e3o corresponder ao conte\u00fado real enviado no corpo da solicita\u00e7\u00e3o.<\/p>\n<div class=\"highlight-block\">O cliente deve garantir que o cabe\u00e7alho &apos;Content-Type&apos; identifique corretamente o tipo de m\u00eddia do recurso enviado. Isso pode envolver modificar o aplicativo ou script para incluir o cabe\u00e7alho &apos;Content-Type&apos; correto. Por exemplo, se estiver enviando dados JSON, o cabe\u00e7alho &apos;Content-Type&apos; deve ser &apos;application\/json&apos;.<\/div>\n<h3>Tipo de M\u00eddia N\u00e3o Suportado<\/h3>\n<p>Um servidor pode retornar um c\u00f3digo 415 se n\u00e3o conseguir processar o payload enviado pelo cliente devido \u00e0 incapacidade de lidar com esse tipo de m\u00eddia espec\u00edfico.<\/p>\n<div class=\"highlight-block\">O cliente deve confirmar qual tipo de m\u00eddia o servidor pode aceitar e processar. Uma vez identificado, o cliente deve converter o payload para o formato suportado antes de enviar a solicita\u00e7\u00e3o. Tamb\u00e9m pode ser necess\u00e1rio configurar o servidor para suportar mais tipos de m\u00eddia.<\/div>\n<h3>Codifica\u00e7\u00e3o de Payload Inadequada<\/h3>\n<p>Se o cliente enviar um payload com uma codifica\u00e7\u00e3o que o servidor n\u00e3o pode processar, o servidor poder\u00e1 retornar um erro 415.<\/p>\n<div class=\"highlight-block\">O cliente precisa garantir que o servidor suporte a codifica\u00e7\u00e3o do payload utilizada. Caso contr\u00e1rio, o cliente deve alterar a codifica\u00e7\u00e3o para um tipo que o servidor aceite.<\/div>\n<p style=\"margin-top: 3%;\">Uma vez que esses erros sejam identificados, as solu\u00e7\u00f5es acima podem ser aplicadas para resolver o problema e evitar a apari\u00e7\u00e3o do c\u00f3digo 415.<\/p>\n<h2 id=\"par4\">Como Corrigir o C\u00f3digo de Erro HTTP 415<\/h2>\n<p>Corrigir o erro HTTP 415 &#8216;Tipo de M\u00eddia N\u00e3o Suportado&#8217; envolve identificar a origem do problema e fazer as corre\u00e7\u00f5es apropriadas. Aqui est\u00e1 um processo geral que voc\u00ea pode seguir:<\/p>\n<h3>Etapa 1: Confirmar o Erro<\/h3>\n<p>A primeira etapa \u00e9 confirmar que o erro 415 \u00e9 realmente o problema. Use um <a href=\"https:\/\/sitechecker.pro\/http-status-codes\/\" target=\"_blank\" rel=\"noopener noreferrer\">verificador de c\u00f3digo de status HTTP<\/a> para verificar o c\u00f3digo de status.<\/p>\n<div class=\"content__img-wrap\"><img src=\"https:\/\/sitechecker.pro\/wp-content\/uploads\/2023\/06\/http-status-code-checker.png\" alt=\"Http Status Code Checker\" class=\"description-img description-img-zoom\" loading=\"lazy\" ><\/div>\n<p>O Sitechecker.pro \u00e9 uma ferramenta eficaz para detectar erros HTTP 415 &#8216;Tipo de M\u00eddia N\u00e3o Suportado&#8217;. Seu rastreador escaneia todo o seu site, identificando URLs que retornam esse c\u00f3digo de status. Ap\u00f3s a varredura, ele fornece um relat\u00f3rio detalhado indicando onde esses problemas est\u00e3o, facilitando sua corre\u00e7\u00e3o.<\/p>\n<h3>Etapa 2: Identificar a Origem do Erro<\/h3>\n<p>Verifique os detalhes da solicita\u00e7\u00e3o que resultou no erro. Se poss\u00edvel, examine os logs do servidor ou use ferramentas de desenvolvedor no navegador para verificar o cabe\u00e7alho &#8216;Content-Type&#8217; e o payload da solicita\u00e7\u00e3o com falha.<\/p>\n<h3>Etapa 3: Ajustar o Cabe\u00e7alho &#8216;Content-Type&#8217; ou o Payload<\/h3>\n<p>Se o cabe\u00e7alho &#8216;Content-Type&#8217; n\u00e3o corresponder ao payload real enviado, voc\u00ea deve alterar um ou outro para que estejam consistentes. Por exemplo, se estiver enviando dados JSON, certifique-se de que o cabe\u00e7alho &#8216;Content-Type&#8217; seja &#8216;application\/json&#8217;.<\/p>\n<h3>Etapa 4: Verificar Problemas de Codifica\u00e7\u00e3o<\/h3>\n<p>Se o servidor n\u00e3o puder processar a codifica\u00e7\u00e3o do payload, voc\u00ea precisar\u00e1 ajustar a codifica\u00e7\u00e3o para um tipo que o servidor suporte. Verifique o cabe\u00e7alho &#8216;Content-Encoding&#8217; e a codifica\u00e7\u00e3o real dos dados enviados na solicita\u00e7\u00e3o.<\/p>\n<h3>Etapa 5: Testar Suas Altera\u00e7\u00f5es<\/h3>\n<p>Ap\u00f3s fazer as altera\u00e7\u00f5es, voc\u00ea precisa testar a solicita\u00e7\u00e3o novamente. Se as altera\u00e7\u00f5es forem bem-sucedidas, o erro 415 n\u00e3o dever\u00e1 mais ocorrer. Se o erro persistir, talvez seja necess\u00e1rio consultar o provedor de hospedagem do servidor ou procurar ajuda de um desenvolvedor web.<\/p>\n<p>Lembre-se: a chave para corrigir um erro 415 \u00e9 garantir que o servidor suporte o tipo de m\u00eddia e a codifica\u00e7\u00e3o dos dados enviados na solicita\u00e7\u00e3o. O cliente deve enviar dados apenas em um formato e codifica\u00e7\u00e3o que o servidor consiga processar.<\/p>\n<h2 id=\"par5\">Conclus\u00e3o<\/h2>\n<p>O C\u00f3digo de Status HTTP 415, ou &#8216;Tipo de M\u00eddia N\u00e3o Suportado&#8217;, ocorre devido a cabe\u00e7alhos &#8216;Content-Type&#8217; incompat\u00edveis ou codifica\u00e7\u00f5es de payload n\u00e3o suportadas. Embora n\u00e3o afete diretamente o SEO, seu impacto na experi\u00eancia do usu\u00e1rio e no desempenho t\u00e9cnico pode afetar indiretamente seu posicionamento. Altas taxas de rejei\u00e7\u00e3o, perda de link equity, erros de rastreamento e qualidade geral do site podem ser prejudicados.<\/p>\n<p>Ferramentas como o <a href=\"https:\/\/sitechecker.pro\/http-status-codes\/\" target=\"_blank\" rel=\"noopener noreferrer\">Verificador de C\u00f3digo de Status HTTP<\/a> podem ajudar a identificar e resolver esses problemas. No geral, garantir que o servidor possa processar o formato e a codifica\u00e7\u00e3o dos dados enviados \u00e9 fundamental para evitar erros HTTP 415 e otimizar o desempenho do seu site.<\/p>\n<div id=\"par6\"><\/div>\n<p><div class=\"front__faq-block\"><div class=\"faq__block-title\">FAQ<\/div><div class=\"panel-group\" id=\"faq-accordion\" itemscope itemtype=\"https:\/\/schema.org\/FAQPage\" role=\"tablist\" aria-multiselectable=\"true\"><div class=\"panel\" itemscope itemtype=\"https:\/\/schema.org\/Question\" itemprop=\"mainEntity\">\n                            <div class=\"panel-heading\" id=\"headingFaq-1\">\n                                <div class=\"panel-title\" data-toggle=\"collapse\" aria-expanded=\"false\" href=\"#collapseFaq-1\">\n                                    <h3 itemprop=\"name\">O que \u00e9 o c\u00f3digo de erro REST 415?<\/h3>\n                                <\/div>\n                            <\/div>\n                            <div id=\"collapseFaq-1\" class=\"panel-collapse collapse\" itemprop=\"acceptedAnswer\" itemscope itemtype=\"http:\/\/schema.org\/Answer\">\n                                <div class=\"panel-body\" itemprop=\"text\">O c\u00f3digo de erro 415 em REST indica &apos;Tipo de M\u00eddia N\u00e3o Suportado&apos;. Ele \u00e9 retornado quando o servidor n\u00e3o consegue processar o tipo de m\u00eddia do payload da solicita\u00e7\u00e3o.<\/div>\n                            <\/div>\n                        <\/div><div class=\"panel\" itemscope itemtype=\"https:\/\/schema.org\/Question\" itemprop=\"mainEntity\">\n                            <div class=\"panel-heading\" id=\"headingFaq-2\">\n                                <div class=\"panel-title\" data-toggle=\"collapse\" aria-expanded=\"false\" href=\"#collapseFaq-2\">\n                                    <h3 itemprop=\"name\">O que \u00e9 o c\u00f3digo de status 415 no Axios?<\/h3>\n                                <\/div>\n                            <\/div>\n                            <div id=\"collapseFaq-2\" class=\"panel-collapse collapse\" itemprop=\"acceptedAnswer\" itemscope itemtype=\"http:\/\/schema.org\/Answer\">\n                                <div class=\"panel-body\" itemprop=\"text\">Um c\u00f3digo de status 415 no Axios, um cliente HTTP baseado em promessas para JavaScript, significa que o servidor n\u00e3o conseguiu processar a solicita\u00e7\u00e3o porque o &apos;Content-Type&apos; dos dados enviados n\u00e3o \u00e9 suportado.<\/div>\n                            <\/div>\n                        <\/div><div class=\"panel\" itemscope itemtype=\"https:\/\/schema.org\/Question\" itemprop=\"mainEntity\">\n                            <div class=\"panel-heading\" id=\"headingFaq-3\">\n                                <div class=\"panel-title\" data-toggle=\"collapse\" aria-expanded=\"false\" href=\"#collapseFaq-3\">\n                                    <h3 itemprop=\"name\">O que \u00e9 o erro 415 no Rails?<\/h3>\n                                <\/div>\n                            <\/div>\n                            <div id=\"collapseFaq-3\" class=\"panel-collapse collapse\" itemprop=\"acceptedAnswer\" itemscope itemtype=\"http:\/\/schema.org\/Answer\">\n                                <div class=\"panel-body\" itemprop=\"text\">O erro 415 no Rails, um framework de aplica\u00e7\u00e3o web escrito em Ruby, indica que uma solicita\u00e7\u00e3o feita ao servidor cont\u00e9m um payload em um formato que o servidor n\u00e3o consegue processar ou entender.<\/div>\n                            <\/div>\n                        <\/div><div class=\"panel\" itemscope itemtype=\"https:\/\/schema.org\/Question\" itemprop=\"mainEntity\">\n                            <div class=\"panel-heading\" id=\"headingFaq-4\">\n                                <div class=\"panel-title\" data-toggle=\"collapse\" aria-expanded=\"false\" href=\"#collapseFaq-4\">\n                                    <h3 itemprop=\"name\">O que \u00e9 o erro 415 no LoadRunner?<\/h3>\n                                <\/div>\n                            <\/div>\n                            <div id=\"collapseFaq-4\" class=\"panel-collapse collapse\" itemprop=\"acceptedAnswer\" itemscope itemtype=\"http:\/\/schema.org\/Answer\">\n                                <div class=\"panel-body\" itemprop=\"text\">O erro 415 no LoadRunner, uma ferramenta de testes de performance, indica uma situa\u00e7\u00e3o onde o script de teste envia dados para o servidor em um formato n\u00e3o suportado.<\/div>\n                            <\/div>\n                        <\/div><div class=\"panel\" itemscope itemtype=\"https:\/\/schema.org\/Question\" itemprop=\"mainEntity\">\n                            <div class=\"panel-heading\" id=\"headingFaq-5\">\n                                <div class=\"panel-title\" data-toggle=\"collapse\" aria-expanded=\"false\" href=\"#collapseFaq-5\">\n                                    <h3 itemprop=\"name\">Como corrigir o erro 415?<\/h3>\n                                <\/div>\n                            <\/div>\n                            <div id=\"collapseFaq-5\" class=\"panel-collapse collapse\" itemprop=\"acceptedAnswer\" itemscope itemtype=\"http:\/\/schema.org\/Answer\">\n                                <div class=\"panel-body\" itemprop=\"text\">Corrigir o erro 415 requer garantir que o cabe\u00e7alho &apos;Content-Type&apos; corresponda corretamente ao formato do payload enviado, e que o servidor suporte esse formato. Use uma ferramenta como o Sitechecker.pro para identificar e resolver esses problemas.<\/div>\n                            <\/div>\n                        <\/div><div class=\"panel\" itemscope itemtype=\"https:\/\/schema.org\/Question\" itemprop=\"mainEntity\">\n                            <div class=\"panel-heading\" id=\"headingFaq-6\">\n                                <div class=\"panel-title\" data-toggle=\"collapse\" aria-expanded=\"false\" href=\"#collapseFaq-6\">\n                                    <h3 itemprop=\"name\">Qual a diferen\u00e7a entre o erro 400 e o 415?<\/h3>\n                                <\/div>\n                            <\/div>\n                            <div id=\"collapseFaq-6\" class=\"panel-collapse collapse\" itemprop=\"acceptedAnswer\" itemscope itemtype=\"http:\/\/schema.org\/Answer\">\n                                <div class=\"panel-body\" itemprop=\"text\">Erro 400 \u00e9 &apos;Bad Request&apos; (Solicita\u00e7\u00e3o Inv\u00e1lida), o que significa que o servidor n\u00e3o conseguiu entender a solicita\u00e7\u00e3o devido \u00e0 sintaxe inv\u00e1lida. J\u00e1 o erro 415 \u00e9 &apos;Tipo de M\u00eddia N\u00e3o Suportado&apos;, indicando que o servidor n\u00e3o pode processar o payload da solicita\u00e7\u00e3o por causa do seu formato.<\/div>\n                            <\/div>\n                        <\/div><div class=\"panel\" itemscope itemtype=\"https:\/\/schema.org\/Question\" itemprop=\"mainEntity\">\n                            <div class=\"panel-heading\" id=\"headingFaq-7\">\n                                <div class=\"panel-title\" data-toggle=\"collapse\" aria-expanded=\"false\" href=\"#collapseFaq-7\">\n                                    <h3 itemprop=\"name\">Qual a diferen\u00e7a entre o c\u00f3digo de erro 406 e 415?<\/h3>\n                                <\/div>\n                            <\/div>\n                            <div id=\"collapseFaq-7\" class=\"panel-collapse collapse\" itemprop=\"acceptedAnswer\" itemscope itemtype=\"http:\/\/schema.org\/Answer\">\n                                <div class=\"panel-body\" itemprop=\"text\">Erro 406 \u00e9 &apos;Not Acceptable&apos;, o que significa que o servidor n\u00e3o pode produzir uma resposta que corresponda aos valores aceit\u00e1veis definidos nos cabe\u00e7alhos da solicita\u00e7\u00e3o. O erro 415 &apos;Tipo de M\u00eddia N\u00e3o Suportado&apos; ocorre quando o servidor n\u00e3o consegue processar o payload da solicita\u00e7\u00e3o devido ao seu tipo de m\u00eddia.<\/div>\n                            <\/div>\n                        <\/div><\/div><\/div><br \/>\n<\/p>","protected":false},"excerpt":{"rendered":"C\u00f3digo de Status HTTP 415, tamb\u00e9m conhecido como &#8220;Tipo de M\u00eddia N\u00e3o Suportado&#8221;, \u00e9 um c\u00f3digo de resposta de erro do cliente que indica que o servidor est\u00e1 se recusando a atender \u00e0 solicita\u00e7\u00e3o porque o payload (os dados enviados no corpo da solicita\u00e7\u00e3o) est\u00e1 em um formato que n\u00e3o \u00e9 suportado. Isso pode ocorrer&#8230;","protected":false},"author":10409641,"featured_media":24854,"parent":0,"menu_order":0,"comment_status":"closed","ping_status":"closed","template":"pages-templates\/pages-v2.php","meta":[],"categories":[27],"tags":[],"_links":{"self":[{"href":"https:\/\/sitechecker.pro\/pt\/wp-json\/wp\/v2\/pages\/24853"}],"collection":[{"href":"https:\/\/sitechecker.pro\/pt\/wp-json\/wp\/v2\/pages"}],"about":[{"href":"https:\/\/sitechecker.pro\/pt\/wp-json\/wp\/v2\/types\/page"}],"author":[{"embeddable":true,"href":"https:\/\/sitechecker.pro\/pt\/wp-json\/wp\/v2\/users\/10409641"}],"replies":[{"embeddable":true,"href":"https:\/\/sitechecker.pro\/pt\/wp-json\/wp\/v2\/comments?post=24853"}],"version-history":[{"count":2,"href":"https:\/\/sitechecker.pro\/pt\/wp-json\/wp\/v2\/pages\/24853\/revisions"}],"predecessor-version":[{"id":36459,"href":"https:\/\/sitechecker.pro\/pt\/wp-json\/wp\/v2\/pages\/24853\/revisions\/36459"}],"wp:featuredmedia":[{"embeddable":true,"href":"https:\/\/sitechecker.pro\/pt\/wp-json\/wp\/v2\/media\/24854"}],"wp:attachment":[{"href":"https:\/\/sitechecker.pro\/pt\/wp-json\/wp\/v2\/media?parent=24853"}],"wp:term":[{"taxonomy":"category","embeddable":true,"href":"https:\/\/sitechecker.pro\/pt\/wp-json\/wp\/v2\/categories?post=24853"},{"taxonomy":"post_tag","embeddable":true,"href":"https:\/\/sitechecker.pro\/pt\/wp-json\/wp\/v2\/tags?post=24853"}],"curies":[{"name":"wp","href":"https:\/\/api.w.org\/{rel}","templated":true}]}}