{"id":20598,"date":"2023-12-14T10:39:03","date_gmt":"2023-12-14T10:39:03","guid":{"rendered":"https:\/\/sitechecker.pro\/?page_id=20598"},"modified":"2025-03-20T10:04:34","modified_gmt":"2025-03-20T10:04:34","slug":"google-tag-manager-checker","status":"publish","type":"page","link":"https:\/\/sitechecker.pro\/pt\/google-tag-manager-checker\/","title":{"rendered":"Verificador GTM para testar se o Gerenciador de tags do Google est\u00e1 instalado corretamente \u1408"},"content":{"rendered":"<p><\/p>\n<h2 id=\"par1\">O que \u00e9 o Verificador do Gerenciador de tags do Google?<\/h2>\n<p>O Verificador do Gerenciador de tags do Google do <a href=\"http:\/\/Sitechecker.pro\" target=\"_blank\" rel=\"noopener noreferrer\">Sitechecker<\/a> verifica se a p\u00e1gina da web do seu site tem um <a href=\"https:\/\/sitechecker.pro\/what-is-google-tag-manager\/\" target=\"_blank\" rel=\"noopener noreferrer\">c\u00f3digo GTM<\/a> e identifica quaisquer problemas com ele. Ele fornece uma lista de problemas em todo o site e relat\u00f3rios em tempo real.<\/p>\n<h3>Como esta ferramenta pode ajudar voc\u00ea?<\/h3>\n<ul>\n<li>Verifique a <strong>presen\u00e7a do Gerenciador de tags do Google<\/strong> nas p\u00e1ginas designadas do site e verifique se o Gerenciador de tags est\u00e1 funcionando corretamente.<\/li>\n<li><strong>Realize auditorias do site<\/strong>, categorizando erros t\u00e9cnicos por gravidade para resolu\u00e7\u00e3o imediata, oferecendo orienta\u00e7\u00e3o corretiva e melhorando o desempenho do site.<\/li>\n<li>Integre <strong>dados detalhados do Google Analytics e do Google Search Console<\/strong> em um \u00fanico painel, simplificando o gerenciamento de an\u00e1lises.<\/li>\n<\/ul>\n<h3>Principais recursos do verificador do Assistente de tags do Google<\/h3>\n<p><strong>Painel de controle unificado: <\/strong>A ferramenta oferece um painel central onde todas as informa\u00e7\u00f5es sobre a integridade do site, incluindo o c\u00f3digo de status, quaisquer problemas e an\u00e1lises, s\u00e3o exibidas em um s\u00f3 lugar.<\/p>\n<p><strong>Interface amig\u00e1vel: <\/strong>A interface \u00e9 intuitiva e f\u00e1cil de navegar, tornando-a acess\u00edvel mesmo para usu\u00e1rios n\u00e3o avan\u00e7ados tecnicamente.<\/p>\n<p><strong>Conjunto completo de ferramentas de SEO: <\/strong>a ferramenta inclui uma variedade de ferramentas e recursos relacionados a SEO. Isso pode envolver a an\u00e1lise do desempenho geral do site, a identifica\u00e7\u00e3o de problemas de SEO e a oferta de estrat\u00e9gias de otimiza\u00e7\u00e3o de mecanismos de pesquisa para melhorar a visibilidade online.<\/p>\n<h2 id=\"par2\">Como usar nosso detector do Gerenciador de tags do Google?<\/h2>\n<p>Nossa ferramenta \u00e9 bastante simples de usar. Em apenas alguns instantes, voc\u00ea obt\u00e9m uma auditoria completa do site que mostrar\u00e1 todos os bugs e problemas de c\u00f3digo de rastreamento. Vamos ver como funciona a ferramenta de teste do Gerenciador de tags do Google.<\/p>\n<h3>Etapa 1. Adicione seu dom\u00ednio<\/h3>\n<p>Insira o URL do seu site na caixa da p\u00e1gina de destino. Clique em &#8220;Verificar GTM&#8221; imediatamente.<\/p>\n<div class=\"content__img-wrap\"><img src=\"https:\/\/sitechecker.pro\/wp-content\/uploads\/2023\/12\/google-tag-manager-checker.png\" alt=\"Verificador do Gerenciador de tags do Google\" class=\"description-img description-img-zoom\" loading=\"lazy\" ><\/div>\n<div class=\"important-block\">Para receber resultados e acesso aos recursos do Sitechecker por 14 dias, inicie seu teste GRATUITO. A inscri\u00e7\u00e3o \u00e9 f\u00e1cil com seu e-mail, conta do Google ou Facebook. N\u00e3o \u00e9 necess\u00e1rio cart\u00e3o de cr\u00e9dito.<\/div>\n<h3>Etapa 2. Obtenha resultados<\/h3>\n<p>A verifica\u00e7\u00e3o de um dom\u00ednio cria uma auditoria do site para esse dom\u00ednio, revelando os problemas t\u00e9cnicos do site. A auditoria incluir\u00e1 a emiss\u00e3o do c\u00f3digo GTM, caso seja real, ou a caixa de sele\u00e7\u00e3o conclu\u00eddo caso o c\u00f3digo seja adicionado e executado corretamente.<\/p>\n<div class=\"content__img-wrap\"><img src=\"https:\/\/sitechecker.pro\/wp-content\/uploads\/2023\/12\/more-than-one-gtm-code.png\" alt=\"Mais de um c\u00f3digo GTM\" class=\"description-img description-img-zoom\" loading=\"lazy\" ><\/div>\n<p>Al\u00e9m da verifica\u00e7\u00e3o do c\u00f3digo GTM, por exemplo, o Sitechecker exibe fun\u00e7\u00f5es principais:<\/p>\n<p><strong>Cr\u00edticos, Avisos, Oportunidades, Avisos: <\/strong>M\u00e9tricas que mostram os problemas de integridade e desempenho de um site.<\/p>\n<p><strong>Pontua\u00e7\u00e3o do site: <\/strong>uma representa\u00e7\u00e3o visual da pontua\u00e7\u00e3o geral do site com base nos dados da auditoria.<\/p>\n<p><strong>P\u00e1ginas rastreadas e index\u00e1veis: <\/strong>contagens de p\u00e1ginas que a ferramenta analisou e aquelas consideradas index\u00e1veis pelos mecanismos de pesquisa.<\/p>\n<p><strong>Lista de problemas: <\/strong>uma enumera\u00e7\u00e3o detalhada dos problemas do site categorizados por tipo, como internos, links e indexabilidade.<\/p>\n<p><strong>P\u00e1ginas afetadas por categoria: <\/strong>um detalhamento percentual de quantas p\u00e1ginas s\u00e3o afetadas por cada tipo de problema, fornecendo informa\u00e7\u00f5es sobre as \u00e1reas que precisam de mais aten\u00e7\u00e3o.<\/p>\n<div class=\"content__img-wrap\"><img src=\"https:\/\/sitechecker.pro\/wp-content\/uploads\/2023\/12\/site-audit-results.png\" alt=\"Resultados da auditoria do site\" class=\"description-img description-img-zoom\" loading=\"lazy\" ><\/div>\n<p>Esta apresenta\u00e7\u00e3o ilustra a capacidade da ferramenta de fornecer uma <a href=\"https:\/\/sitechecker.pro\/on-page-seo-checker\/\" rel=\"noopener noreferrer\" target=\"_blank\">auditoria de SEO<\/a> abrangente , fornecendo insights acion\u00e1veis para otimiza\u00e7\u00e3o de sites.<\/p>\n<h2 id=\"par3\">Recursos adicionais do GTM Container Code Finder<\/h2>\n<p>Portanto, para se aprofundar na an\u00e1lise do site e na revis\u00e3o do c\u00f3digo p\u00f3s-GTM, vincule suas contas do Google Analytics e do Google Search Console:<\/p>\n<div class=\"content__img-wrap\"><img src=\"https:\/\/sitechecker.pro\/wp-content\/uploads\/2023\/12\/add-google-account.png\" alt=\"Adicionar conta do Google\" class=\"description-img description-img-zoom\" loading=\"lazy\" ><\/div>\n<p>O painel da nova guia apresenta as principais m\u00e9tricas de SEO: tr\u00e1fego total e org\u00e2nico, visibilidade de pesquisa, p\u00e1ginas indexadas, impress\u00f5es, taxas de cliques, posi\u00e7\u00e3o m\u00e9dia de pesquisa, pontua\u00e7\u00e3o do site e palavras-chave classificadas, cada uma com dados de tend\u00eancia e altera\u00e7\u00e3o percentual.<\/p>\n<div class=\"content__img-wrap\"><img src=\"https:\/\/sitechecker.pro\/wp-content\/uploads\/2023\/12\/sitechecker-dashboard.png\" alt=\"Painel do Sitechecker\" class=\"description-img description-img-zoom\" loading=\"lazy\" ><\/div>\n<p>O painel mostra an\u00e1lises da web com gr\u00e1ficos de tend\u00eancias para o tr\u00e1fego do site do Google Analytics e m\u00e9tricas de desempenho de pesquisa do Search Console durante um per\u00edodo selecionado.<\/p>\n<div class=\"content__img-wrap\"><img src=\"https:\/\/sitechecker.pro\/wp-content\/uploads\/2023\/12\/ga-gsc-data.png\" alt=\"Dados GA GSC\" class=\"description-img description-img-zoom\" loading=\"lazy\" ><\/div>\n<h2 id=\"par4\">Ideia Final<\/h2>\n<p>O Google Tag Manager Container garante que o c\u00f3digo GTM esteja funcionando corretamente no c\u00f3digo-fonte do seu site, oferecendo uma auditoria completa e categorizando erros t\u00e9cnicos para uma resolu\u00e7\u00e3o r\u00e1pida. Possui uma interface amig\u00e1vel e um painel unificado para uma vis\u00e3o abrangente da integridade do site. A ferramenta tamb\u00e9m fornece um kit de ferramentas de SEO completo para an\u00e1lise e otimiza\u00e7\u00e3o de desempenho. F\u00e1cil de usar, requer apenas o seu dom\u00ednio para iniciar e integra dados do Google Analytics e Search Console, fornecendo insights acion\u00e1veis para melhorar a presen\u00e7a online do seu site.<\/p>\n<div id=\"par5\"><\/div>\n<p><div class=\"front__faq-block\"><div class=\"faq__block-title\">FAQ<\/div><div class=\"panel-group\" id=\"faq-accordion\" itemscope itemtype=\"https:\/\/schema.org\/FAQPage\" role=\"tablist\" aria-multiselectable=\"true\"><div class=\"panel\" itemscope itemtype=\"https:\/\/schema.org\/Question\" itemprop=\"mainEntity\">\n                            <div class=\"panel-heading\" id=\"headingFaq-1\">\n                                <div class=\"panel-title\" data-toggle=\"collapse\" aria-expanded=\"false\" href=\"#collapseFaq-1\">\n                                    <h3 itemprop=\"name\">\u00c9 necess\u00e1rio conhecimento t\u00e9cnico para usar o Verificador de tags do Google?<\/h3>\n                                <\/div>\n                            <\/div>\n                            <div id=\"collapseFaq-1\" class=\"panel-collapse collapse\" itemprop=\"acceptedAnswer\" itemscope itemtype=\"http:\/\/schema.org\/Answer\">\n                                <div class=\"panel-body\" itemprop=\"text\">N\u00e3o, ele foi projetado com uma interface amig\u00e1vel que permite que indiv\u00edduos sem conhecimento t\u00e9cnico o utilizem de forma eficaz.<\/div>\n                            <\/div>\n                        <\/div><div class=\"panel\" itemscope itemtype=\"https:\/\/schema.org\/Question\" itemprop=\"mainEntity\">\n                            <div class=\"panel-heading\" id=\"headingFaq-2\">\n                                <div class=\"panel-title\" data-toggle=\"collapse\" aria-expanded=\"false\" href=\"#collapseFaq-2\">\n                                    <h3 itemprop=\"name\">O GTM Code Checker pode ajudar com SEO?<\/h3>\n                                <\/div>\n                            <\/div>\n                            <div id=\"collapseFaq-2\" class=\"panel-collapse collapse\" itemprop=\"acceptedAnswer\" itemscope itemtype=\"http:\/\/schema.org\/Answer\">\n                                <div class=\"panel-body\" itemprop=\"text\">Sim, inclui ferramentas para uma an\u00e1lise completa de SEO e otimiza\u00e7\u00e3o do desempenho do site para motores de busca.<\/div>\n                            <\/div>\n                        <\/div><div class=\"panel\" itemscope itemtype=\"https:\/\/schema.org\/Question\" itemprop=\"mainEntity\">\n                            <div class=\"panel-heading\" id=\"headingFaq-3\">\n                                <div class=\"panel-title\" data-toggle=\"collapse\" aria-expanded=\"false\" href=\"#collapseFaq-3\">\n                                    <h3 itemprop=\"name\">Com que rapidez a ferramenta Finder do Gerenciador de tags do Google fornece resultados?<\/h3>\n                                <\/div>\n                            <\/div>\n                            <div id=\"collapseFaq-3\" class=\"panel-collapse collapse\" itemprop=\"acceptedAnswer\" itemscope itemtype=\"http:\/\/schema.org\/Answer\">\n                                <div class=\"panel-body\" itemprop=\"text\">A ferramenta fornece uma auditoria abrangente e resultados detalhados logo ap\u00f3s entrar no seu dom\u00ednio e iniciar a verifica\u00e7\u00e3o.<\/div>\n                            <\/div>\n                        <\/div><div class=\"panel\" itemscope itemtype=\"https:\/\/schema.org\/Question\" itemprop=\"mainEntity\">\n                            <div class=\"panel-heading\" id=\"headingFaq-4\">\n                                <div class=\"panel-title\" data-toggle=\"collapse\" aria-expanded=\"false\" href=\"#collapseFaq-4\">\n                                    <h3 itemprop=\"name\">Preciso instalar algum software para usar o Verificador do Gerenciador de tags do Google?<\/h3>\n                                <\/div>\n                            <\/div>\n                            <div id=\"collapseFaq-4\" class=\"panel-collapse collapse\" itemprop=\"acceptedAnswer\" itemscope itemtype=\"http:\/\/schema.org\/Answer\">\n                                <div class=\"panel-body\" itemprop=\"text\">N\u00e3o \u00e9 necess\u00e1ria instala\u00e7\u00e3o; \u00e9 uma ferramenta baseada na web que opera diretamente no seu navegador.<\/div>\n                            <\/div>\n                        <\/div><div class=\"panel\" itemscope itemtype=\"https:\/\/schema.org\/Question\" itemprop=\"mainEntity\">\n                            <div class=\"panel-heading\" id=\"headingFaq-5\">\n                                <div class=\"panel-title\" data-toggle=\"collapse\" aria-expanded=\"false\" href=\"#collapseFaq-5\">\n                                    <h3 itemprop=\"name\">Que tipo de problemas o Validador do Gerenciador de tags do Google pode identificar nas tags do Google no meu site?<\/h3>\n                                <\/div>\n                            <\/div>\n                            <div id=\"collapseFaq-5\" class=\"panel-collapse collapse\" itemprop=\"acceptedAnswer\" itemscope itemtype=\"http:\/\/schema.org\/Answer\">\n                                <div class=\"panel-body\" itemprop=\"text\">Ele pode identificar problemas relacionados \u00e0 instala\u00e7\u00e3o do c\u00f3digo do Google Tag Assistant, problemas t\u00e9cnicos de SEO e problemas gerais de integridade do site.<\/div>\n                            <\/div>\n                        <\/div><\/div><\/div><\/p>","protected":false},"excerpt":{"rendered":"O que \u00e9 o Verificador do Gerenciador de tags do Google? O Verificador do Gerenciador de tags do Google do Sitechecker verifica se a p\u00e1gina da web do seu site tem um c\u00f3digo GTM e identifica quaisquer problemas com ele. Ele fornece uma lista de problemas em todo o site e relat\u00f3rios em tempo real&#8230;.","protected":false},"author":10718706,"featured_media":21911,"parent":0,"menu_order":0,"comment_status":"closed","ping_status":"closed","template":"pages-templates\/pages-minitools.php","meta":[],"categories":[73],"tags":[],"_links":{"self":[{"href":"https:\/\/sitechecker.pro\/pt\/wp-json\/wp\/v2\/pages\/20598"}],"collection":[{"href":"https:\/\/sitechecker.pro\/pt\/wp-json\/wp\/v2\/pages"}],"about":[{"href":"https:\/\/sitechecker.pro\/pt\/wp-json\/wp\/v2\/types\/page"}],"author":[{"embeddable":true,"href":"https:\/\/sitechecker.pro\/pt\/wp-json\/wp\/v2\/users\/10718706"}],"replies":[{"embeddable":true,"href":"https:\/\/sitechecker.pro\/pt\/wp-json\/wp\/v2\/comments?post=20598"}],"version-history":[{"count":8,"href":"https:\/\/sitechecker.pro\/pt\/wp-json\/wp\/v2\/pages\/20598\/revisions"}],"predecessor-version":[{"id":36080,"href":"https:\/\/sitechecker.pro\/pt\/wp-json\/wp\/v2\/pages\/20598\/revisions\/36080"}],"wp:featuredmedia":[{"embeddable":true,"href":"https:\/\/sitechecker.pro\/pt\/wp-json\/wp\/v2\/media\/21911"}],"wp:attachment":[{"href":"https:\/\/sitechecker.pro\/pt\/wp-json\/wp\/v2\/media?parent=20598"}],"wp:term":[{"taxonomy":"category","embeddable":true,"href":"https:\/\/sitechecker.pro\/pt\/wp-json\/wp\/v2\/categories?post=20598"},{"taxonomy":"post_tag","embeddable":true,"href":"https:\/\/sitechecker.pro\/pt\/wp-json\/wp\/v2\/tags?post=20598"}],"curies":[{"name":"wp","href":"https:\/\/api.w.org\/{rel}","templated":true}]}}